{"id":97,"date":"2013-07-04T09:53:01","date_gmt":"2013-07-04T09:53:01","guid":{"rendered":"http:\/\/10.40.11.10\/wordpress\/?page_id=97"},"modified":"2025-08-02T14:08:14","modified_gmt":"2025-08-02T12:08:14","slug":"schuler-helfen-schulern","status":"publish","type":"page","link":"https:\/\/wp2.nige.de\/wordpress\/sample-page\/schuler-helfen-schulern\/","title":{"rendered":"Sch\u00fcler helfen Sch\u00fclern"},"content":{"rendered":"<h5><em><span style=\"color: #888888;\">PDF-Formulare zum Download:<\/span><\/em><\/h5>\n<h3 style=\"text-align: center;\"><a href=\"http:\/\/wp2.nige.de\/wordpress\/wp-content\/uploads\/2013\/07\/SHS209.jpg\"><img loading=\"lazy\" decoding=\"async\" class=\"size-thumbnail wp-image-791 alignright\" src=\"http:\/\/wp2.nige.de\/wordpress\/wp-content\/uploads\/2013\/07\/SHS209-150x150.jpg\" alt=\"SHS209\" width=\"150\" height=\"150\"><\/a><\/h3>\n<h3 style=\"text-align: center;\"><a href=\"http:\/\/wp2.nige.de\/wordpress\/wp-content\/uploads\/2013\/07\/200_haus_eng1.jpg\"><img loading=\"lazy\" decoding=\"async\" class=\"size-thumbnail wp-image-790 alignright\" src=\"http:\/\/wp2.nige.de\/wordpress\/wp-content\/uploads\/2013\/07\/200_haus_eng1-150x150.jpg\" alt=\"200_haus_eng\" width=\"150\" height=\"150\"><\/a><\/h3>\n<p><a href=\"https:\/\/wp2.nige.de\/wordpress\/wp-content\/uploads\/2025\/08\/Schueleranmeldebogen-2025-26.pdf\"><strong>Sch\u00fcleranmeldebogen<\/strong><\/a><\/p>\n<p><a href=\"https:\/\/wp2.nige.de\/wordpress\/wp-content\/uploads\/2025\/08\/SHS-Termine-2025-26-.pdf\">Termine SHS 2025\/26<\/a><\/p>\n<p><strong><a href=\"https:\/\/wp2.nige.de\/wordpress\/wp-content\/uploads\/2021\/09\/TutorensucheHomepage.pdf\">Ich m\u00f6chte Tutor werden<\/a><\/strong><\/p>\n<p>&nbsp;<\/p>\n<p><span style=\"color: #ff0000;\"><strong>Was ist SHS?<\/strong><\/span><\/p>\n<p>Sch\u00fclerinnen und Sch\u00fcler des 9.-12. Jg. helfen und unterst\u00fctzen Sch\u00fclerinnen und Sch\u00fcler des 5.-8. Jahrgangs in den Langzeitf\u00e4chern, in denen sie Schwierigkeiten haben. Ziel ist die Hilfe zur Selbsthilfe, d.h. es besteht der ideelle Ansatz, dass die Nachhilfe nicht auf Dauer ausgelegt ist. Im Rahmen unseres F\u00f6rderkonzepts und damit unseres Schulprogramms stellt SHS eine Alternative zur herk\u00f6mmlichen Nachhilfe dar, weil ausschlie\u00dflich Sch\u00fcler Sch\u00fcler betreuen. Wir entsprechen damit unserem Schulprogramm gleich in mehrfacher Hinsicht: Wir f\u00f6rdern (n\u00e4mlich die schwachen Sch\u00fcler), wir fordern (denn die guten Sch\u00fcler k\u00f6nnen ihre F\u00e4higkeiten somit unter Beweis stellen) und wir f\u00f6rdern das Miteinander an unserer Schule!<\/p>\n<p><span style=\"color: #00ff00;\"><strong>SHS am NIGE:<\/strong><\/span><\/p>\n<p>Es gelten die oben auf der Homepage angegebenen An- und Abmeldetermine! Unser Angebot bezieht sich auf die F\u00e4cher Englisch, Mathematik, Latein, Franz\u00f6sisch, Spanisch und Deutsch). Permanent l\u00e4uft die Tutorensuche f\u00fcr diese F\u00e4cher. Bitte auf Aush\u00e4nge (Monitor), Ansagen und Homepagebeitr\u00e4ge achten! Anmeldeformulare sowohl f\u00fcr Tutoren wie auch f\u00fcr Sch\u00fcler, die SHS-Unterricht nutzen m\u00f6chten, gibt es hier auf der Homepage (s.o.) oder bei Frau Bessert und Frau Schneider. Au\u00dferdem liegen in den jeweiligen Lehrerzimmern einige Formulare!<\/p>\n<p>Achtung: Ab sofort wird der zu zahlende Betrag per Lastschriftverfahren eingezogen (nach Start des Unterrichts), um den Verwaltungsaufwand so gering wie m\u00f6glich zu halten! Wird die Teilnahme am Projekt im jeweils folgenden Quartal nicht mehr gew\u00fcnscht, muss sie formlos bei uns gek\u00fcndigt werden! Ansonsten gehen wir von anhaltendem Bedarf aus und richten entsprechende Gruppen ein.<\/p>\n<p><span style=\"color: #800080;\"><strong>Was sind Tutoren?<\/strong><\/span><\/p>\n<p>In dem Projekt SHS werden unsere SHS-Lehrer\/-innen als Tutoren bezeichnet. Sie haben in den F\u00e4chern, in denen sie j\u00fcngere Sch\u00fcler\/-innen unterst\u00fctzen, gute bis sehr gute Noten und wurden von ihren Fachlehrern als f\u00fcr die Aufgaben eines SHS-Lehrers besonders geeignet eingestuft. Unsere Tutoren arbeiten mit einer sehr hohen Verantwortlichkeit und haben vielf\u00e4ltige Aufgaben: Sie erkennen die fachlichen Probleme ihrer Sch\u00fcler\/-innen und entwickeln geeignete L\u00f6sungsstrategien. Sie unterst\u00fctzen ihre Sch\u00fcler\/-innen bei der Selbsthilfe und betreiben nicht einfach HA-Hilfe. Sie sind verl\u00e4sslich und nehmen regelm\u00e4\u00dfig Kontakt mit den Eltern der Sch\u00fcler\/-innen auf. Zur besonderen Vorbereitung auf diese Aufgaben erhalten sie eine Tutorenschulung und werden angehalten, regelm\u00e4\u00dfig einen Dokumentationsbogen als Nachweis der geleisteten Stunden zu f\u00fchren.<\/p>\n<p><span style=\"color: #000000;\"><strong>Was kostet die Teilnahme am Projekt? <\/strong><\/span><\/p>\n<p>F\u00fcr die vielf\u00e4ltigen Aufgaben, die die Tutoren \u00fcbernehmen, erhalten sie pro erteilter Unterrichtsstunde (60 Minuten) 10,- \u20ac. Die Sch\u00fcler\/-innen, die die Hilfe der Tutoren in Anspruch nehmen, bezahlen jeweils 5,-\u20ac pro Unterrichtsstunde.<\/p>\n<p><span style=\"color: #0000ff;\"><strong>Welche Aufgaben hat die Schule?<\/strong><\/span><\/p>\n<p>Das NIGE sieht sich als Vermittler, d.h. es organisiert das Angebot, regelt die Anwahl, f\u00fchrt die Gruppen zusammen, bildet die Tutoren aus, weist R\u00e4umlichkeiten zu, verwaltet das Geld, bietet Materialien an und hilft bei Problemen. Wir stellen also den organisatorischen Rahmen. Die Fachlehrerinnen und -lehrer helfen den Tutoren mit Materialien und Informationen \u00fcber die Unterrichtsthemen. Bislang stellen wir bei allen Beteiligten eine gro\u00dfe Motivation zur Zusammenarbeit fest und freuen uns \u00fcber die Verl\u00e4sslichkeit der teilnehmenden Sch\u00fcler\/-innen. Die regelm\u00e4\u00dfige Auswertung der Umfrageb\u00f6gen ergab eine gr\u00f6\u00dftenteils positive Einsch\u00e4tzung des &#8222;etwas anderen Unterrichts&#8220; seitens der Sch\u00fclerinnen und Sch\u00fcler und auch der Eltern. Wir danken allen Beteiligten und auch den SHS-Lehrern, die ihre Bereitschaft zur Teilnahme bekundet haben, aber mangels Nachfrage noch nicht an dem Projekt teilnehmen k\u00f6nnen, herzlich f\u00fcr ihre Mitarbeit.<\/p>\n<p>&nbsp;<\/p>\n<p>Das SHS-Team<\/p>\n<p>E. Bessert und E. Schneider<\/p>\n<p>&nbsp;<\/p>\n","protected":false},"excerpt":{"rendered":"<p>PDF-Formulare zum Download: Sch\u00fcleranmeldebogen Termine SHS 2025\/26 Ich m\u00f6chte Tutor werden &nbsp; Was ist SHS? Sch\u00fclerinnen und Sch\u00fcler des 9.-12. Jg. helfen und unterst\u00fctzen Sch\u00fclerinnen und Sch\u00fcler des 5.-8. Jahrgangs in den Langzeitf\u00e4chern, in denen sie Schwierigkeiten haben. Ziel ist die Hilfe zur Selbsthilfe, d.h. es&#46;&#46;&#46;<\/p>\n","protected":false},"author":28,"featured_media":0,"parent":2,"menu_order":3,"comment_status":"open","ping_status":"open","template":"","meta":{"ngg_post_thumbnail":0,"footnotes":""},"class_list":["post-97","page","type-page","status-publish","hentry"],"yoast_head":"<!-- This site is optimized with the Yoast SEO plugin v27.5 - https:\/\/yoast.com\/product\/yoast-seo-wordpress\/ -->\n<title>Sch\u00fcler helfen Sch\u00fclern - NIGE<\/title>\n<meta name=\"robots\" content=\"index, follow, max-snippet:-1, max-image-preview:large, max-video-preview:-1\" \/>\n<link rel=\"canonical\" href=\"https:\/\/wp2.nige.de\/wordpress\/sample-page\/schuler-helfen-schulern\/\" \/>\n<meta property=\"og:locale\" content=\"de_DE\" \/>\n<meta property=\"og:type\" content=\"article\" \/>\n<meta property=\"og:title\" content=\"Sch\u00fcler helfen Sch\u00fclern - NIGE\" \/>\n<meta property=\"og:description\" content=\"PDF-Formulare zum Download: Sch\u00fcleranmeldebogen Termine SHS 2025\/26 Ich m\u00f6chte Tutor werden &nbsp; Was ist SHS? Sch\u00fclerinnen und Sch\u00fcler des 9.-12. Jg. helfen und unterst\u00fctzen Sch\u00fclerinnen und Sch\u00fcler des 5.-8. Jahrgangs in den Langzeitf\u00e4chern, in denen sie Schwierigkeiten haben. Ziel ist die Hilfe zur Selbsthilfe, d.h. es&#046;&#046;&#046;\" \/>\n<meta property=\"og:url\" content=\"https:\/\/wp2.nige.de\/wordpress\/sample-page\/schuler-helfen-schulern\/\" \/>\n<meta property=\"og:site_name\" content=\"NIGE\" \/>\n<meta property=\"article:publisher\" content=\"https:\/\/www.facebook.com\/NIGEsens\/\" \/>\n<meta property=\"article:modified_time\" content=\"2025-08-02T12:08:14+00:00\" \/>\n<meta property=\"og:image\" content=\"https:\/\/wp2.nige.de\/wordpress\/wp-content\/uploads\/2013\/07\/SHS209.jpg\" \/>\n\t<meta property=\"og:image:width\" content=\"768\" \/>\n\t<meta property=\"og:image:height\" content=\"576\" \/>\n\t<meta property=\"og:image:type\" content=\"image\/jpeg\" \/>\n<meta name=\"twitter:card\" content=\"summary_large_image\" \/>\n<meta name=\"twitter:label1\" content=\"Gesch\u00e4tzte Lesezeit\" \/>\n\t<meta name=\"twitter:data1\" content=\"4\u00a0Minuten\" \/>\n<script type=\"application\/ld+json\" class=\"yoast-schema-graph\">{\"@context\":\"https:\\\/\\\/schema.org\",\"@graph\":[{\"@type\":\"WebPage\",\"@id\":\"https:\\\/\\\/wp2.nige.de\\\/wordpress\\\/sample-page\\\/schuler-helfen-schulern\\\/\",\"url\":\"https:\\\/\\\/wp2.nige.de\\\/wordpress\\\/sample-page\\\/schuler-helfen-schulern\\\/\",\"name\":\"Sch\u00fcler helfen Sch\u00fclern - NIGE\",\"isPartOf\":{\"@id\":\"https:\\\/\\\/wp2.nige.de\\\/wordpress\\\/#website\"},\"primaryImageOfPage\":{\"@id\":\"https:\\\/\\\/wp2.nige.de\\\/wordpress\\\/sample-page\\\/schuler-helfen-schulern\\\/#primaryimage\"},\"image\":{\"@id\":\"https:\\\/\\\/wp2.nige.de\\\/wordpress\\\/sample-page\\\/schuler-helfen-schulern\\\/#primaryimage\"},\"thumbnailUrl\":\"http:\\\/\\\/wp2.nige.de\\\/wordpress\\\/wp-content\\\/uploads\\\/2013\\\/07\\\/SHS209-150x150.jpg\",\"datePublished\":\"2013-07-04T09:53:01+00:00\",\"dateModified\":\"2025-08-02T12:08:14+00:00\",\"breadcrumb\":{\"@id\":\"https:\\\/\\\/wp2.nige.de\\\/wordpress\\\/sample-page\\\/schuler-helfen-schulern\\\/#breadcrumb\"},\"inLanguage\":\"de\",\"potentialAction\":[{\"@type\":\"ReadAction\",\"target\":[\"https:\\\/\\\/wp2.nige.de\\\/wordpress\\\/sample-page\\\/schuler-helfen-schulern\\\/\"]}]},{\"@type\":\"ImageObject\",\"inLanguage\":\"de\",\"@id\":\"https:\\\/\\\/wp2.nige.de\\\/wordpress\\\/sample-page\\\/schuler-helfen-schulern\\\/#primaryimage\",\"url\":\"https:\\\/\\\/wp2.nige.de\\\/wordpress\\\/wp-content\\\/uploads\\\/2013\\\/07\\\/SHS209.jpg\",\"contentUrl\":\"https:\\\/\\\/wp2.nige.de\\\/wordpress\\\/wp-content\\\/uploads\\\/2013\\\/07\\\/SHS209.jpg\",\"width\":768,\"height\":576},{\"@type\":\"BreadcrumbList\",\"@id\":\"https:\\\/\\\/wp2.nige.de\\\/wordpress\\\/sample-page\\\/schuler-helfen-schulern\\\/#breadcrumb\",\"itemListElement\":[{\"@type\":\"ListItem\",\"position\":1,\"name\":\"Startseite\",\"item\":\"https:\\\/\\\/wp2.nige.de\\\/wordpress\\\/\"},{\"@type\":\"ListItem\",\"position\":2,\"name\":\"NIGE\",\"item\":\"https:\\\/\\\/wp2.nige.de\\\/wordpress\\\/sample-page\\\/\"},{\"@type\":\"ListItem\",\"position\":3,\"name\":\"Sch\u00fcler helfen Sch\u00fclern\"}]},{\"@type\":\"WebSite\",\"@id\":\"https:\\\/\\\/wp2.nige.de\\\/wordpress\\\/#website\",\"url\":\"https:\\\/\\\/wp2.nige.de\\\/wordpress\\\/\",\"name\":\"Nieders\u00e4chsisches Internatsgymnasium Esens | NIGE\",\"description\":\"Nieders\u00e4chsisches Internatsgymnasium Esens\",\"publisher\":{\"@id\":\"https:\\\/\\\/wp2.nige.de\\\/wordpress\\\/#organization\"},\"potentialAction\":[{\"@type\":\"SearchAction\",\"target\":{\"@type\":\"EntryPoint\",\"urlTemplate\":\"https:\\\/\\\/wp2.nige.de\\\/wordpress\\\/?s={search_term_string}\"},\"query-input\":{\"@type\":\"PropertyValueSpecification\",\"valueRequired\":true,\"valueName\":\"search_term_string\"}}],\"inLanguage\":\"de\"},{\"@type\":\"Organization\",\"@id\":\"https:\\\/\\\/wp2.nige.de\\\/wordpress\\\/#organization\",\"name\":\"Nieders\u00e4chsisches Internatsgymnasium Esens\",\"url\":\"https:\\\/\\\/wp2.nige.de\\\/wordpress\\\/\",\"logo\":{\"@type\":\"ImageObject\",\"inLanguage\":\"de\",\"@id\":\"https:\\\/\\\/wp2.nige.de\\\/wordpress\\\/#\\\/schema\\\/logo\\\/image\\\/\",\"url\":\"https:\\\/\\\/wp2.nige.de\\\/wordpress\\\/wp-content\\\/uploads\\\/2018\\\/08\\\/logo_nige.jpg\",\"contentUrl\":\"https:\\\/\\\/wp2.nige.de\\\/wordpress\\\/wp-content\\\/uploads\\\/2018\\\/08\\\/logo_nige.jpg\",\"width\":1984,\"height\":1239,\"caption\":\"Nieders\u00e4chsisches Internatsgymnasium Esens\"},\"image\":{\"@id\":\"https:\\\/\\\/wp2.nige.de\\\/wordpress\\\/#\\\/schema\\\/logo\\\/image\\\/\"},\"sameAs\":[\"https:\\\/\\\/www.facebook.com\\\/NIGEsens\\\/\"]}]}<\/script>\n<!-- \/ Yoast SEO plugin. -->","yoast_head_json":{"title":"Sch\u00fcler helfen Sch\u00fclern - NIGE","robots":{"index":"index","follow":"follow","max-snippet":"max-snippet:-1","max-image-preview":"max-image-preview:large","max-video-preview":"max-video-preview:-1"},"canonical":"https:\/\/wp2.nige.de\/wordpress\/sample-page\/schuler-helfen-schulern\/","og_locale":"de_DE","og_type":"article","og_title":"Sch\u00fcler helfen Sch\u00fclern - NIGE","og_description":"PDF-Formulare zum Download: Sch\u00fcleranmeldebogen Termine SHS 2025\/26 Ich m\u00f6chte Tutor werden &nbsp; Was ist SHS? Sch\u00fclerinnen und Sch\u00fcler des 9.-12. Jg. helfen und unterst\u00fctzen Sch\u00fclerinnen und Sch\u00fcler des 5.-8. Jahrgangs in den Langzeitf\u00e4chern, in denen sie Schwierigkeiten haben. Ziel ist die Hilfe zur Selbsthilfe, d.h. es&#46;&#46;&#46;","og_url":"https:\/\/wp2.nige.de\/wordpress\/sample-page\/schuler-helfen-schulern\/","og_site_name":"NIGE","article_publisher":"https:\/\/www.facebook.com\/NIGEsens\/","article_modified_time":"2025-08-02T12:08:14+00:00","og_image":[{"width":768,"height":576,"url":"https:\/\/wp2.nige.de\/wordpress\/wp-content\/uploads\/2013\/07\/SHS209.jpg","type":"image\/jpeg"}],"twitter_card":"summary_large_image","twitter_misc":{"Gesch\u00e4tzte Lesezeit":"4\u00a0Minuten"},"schema":{"@context":"https:\/\/schema.org","@graph":[{"@type":"WebPage","@id":"https:\/\/wp2.nige.de\/wordpress\/sample-page\/schuler-helfen-schulern\/","url":"https:\/\/wp2.nige.de\/wordpress\/sample-page\/schuler-helfen-schulern\/","name":"Sch\u00fcler helfen Sch\u00fclern - NIGE","isPartOf":{"@id":"https:\/\/wp2.nige.de\/wordpress\/#website"},"primaryImageOfPage":{"@id":"https:\/\/wp2.nige.de\/wordpress\/sample-page\/schuler-helfen-schulern\/#primaryimage"},"image":{"@id":"https:\/\/wp2.nige.de\/wordpress\/sample-page\/schuler-helfen-schulern\/#primaryimage"},"thumbnailUrl":"http:\/\/wp2.nige.de\/wordpress\/wp-content\/uploads\/2013\/07\/SHS209-150x150.jpg","datePublished":"2013-07-04T09:53:01+00:00","dateModified":"2025-08-02T12:08:14+00:00","breadcrumb":{"@id":"https:\/\/wp2.nige.de\/wordpress\/sample-page\/schuler-helfen-schulern\/#breadcrumb"},"inLanguage":"de","potentialAction":[{"@type":"ReadAction","target":["https:\/\/wp2.nige.de\/wordpress\/sample-page\/schuler-helfen-schulern\/"]}]},{"@type":"ImageObject","inLanguage":"de","@id":"https:\/\/wp2.nige.de\/wordpress\/sample-page\/schuler-helfen-schulern\/#primaryimage","url":"https:\/\/wp2.nige.de\/wordpress\/wp-content\/uploads\/2013\/07\/SHS209.jpg","contentUrl":"https:\/\/wp2.nige.de\/wordpress\/wp-content\/uploads\/2013\/07\/SHS209.jpg","width":768,"height":576},{"@type":"BreadcrumbList","@id":"https:\/\/wp2.nige.de\/wordpress\/sample-page\/schuler-helfen-schulern\/#breadcrumb","itemListElement":[{"@type":"ListItem","position":1,"name":"Startseite","item":"https:\/\/wp2.nige.de\/wordpress\/"},{"@type":"ListItem","position":2,"name":"NIGE","item":"https:\/\/wp2.nige.de\/wordpress\/sample-page\/"},{"@type":"ListItem","position":3,"name":"Sch\u00fcler helfen Sch\u00fclern"}]},{"@type":"WebSite","@id":"https:\/\/wp2.nige.de\/wordpress\/#website","url":"https:\/\/wp2.nige.de\/wordpress\/","name":"Nieders\u00e4chsisches Internatsgymnasium Esens | NIGE","description":"Nieders\u00e4chsisches Internatsgymnasium Esens","publisher":{"@id":"https:\/\/wp2.nige.de\/wordpress\/#organization"},"potentialAction":[{"@type":"SearchAction","target":{"@type":"EntryPoint","urlTemplate":"https:\/\/wp2.nige.de\/wordpress\/?s={search_term_string}"},"query-input":{"@type":"PropertyValueSpecification","valueRequired":true,"valueName":"search_term_string"}}],"inLanguage":"de"},{"@type":"Organization","@id":"https:\/\/wp2.nige.de\/wordpress\/#organization","name":"Nieders\u00e4chsisches Internatsgymnasium Esens","url":"https:\/\/wp2.nige.de\/wordpress\/","logo":{"@type":"ImageObject","inLanguage":"de","@id":"https:\/\/wp2.nige.de\/wordpress\/#\/schema\/logo\/image\/","url":"https:\/\/wp2.nige.de\/wordpress\/wp-content\/uploads\/2018\/08\/logo_nige.jpg","contentUrl":"https:\/\/wp2.nige.de\/wordpress\/wp-content\/uploads\/2018\/08\/logo_nige.jpg","width":1984,"height":1239,"caption":"Nieders\u00e4chsisches Internatsgymnasium Esens"},"image":{"@id":"https:\/\/wp2.nige.de\/wordpress\/#\/schema\/logo\/image\/"},"sameAs":["https:\/\/www.facebook.com\/NIGEsens\/"]}]}},"_links":{"self":[{"href":"https:\/\/wp2.nige.de\/wordpress\/wp-json\/wp\/v2\/pages\/97","targetHints":{"allow":["GET"]}}],"collection":[{"href":"https:\/\/wp2.nige.de\/wordpress\/wp-json\/wp\/v2\/pages"}],"about":[{"href":"https:\/\/wp2.nige.de\/wordpress\/wp-json\/wp\/v2\/types\/page"}],"author":[{"embeddable":true,"href":"https:\/\/wp2.nige.de\/wordpress\/wp-json\/wp\/v2\/users\/28"}],"replies":[{"embeddable":true,"href":"https:\/\/wp2.nige.de\/wordpress\/wp-json\/wp\/v2\/comments?post=97"}],"version-history":[{"count":49,"href":"https:\/\/wp2.nige.de\/wordpress\/wp-json\/wp\/v2\/pages\/97\/revisions"}],"predecessor-version":[{"id":17254,"href":"https:\/\/wp2.nige.de\/wordpress\/wp-json\/wp\/v2\/pages\/97\/revisions\/17254"}],"up":[{"embeddable":true,"href":"https:\/\/wp2.nige.de\/wordpress\/wp-json\/wp\/v2\/pages\/2"}],"wp:attachment":[{"href":"https:\/\/wp2.nige.de\/wordpress\/wp-json\/wp\/v2\/media?parent=97"}],"curies":[{"name":"wp","href":"https:\/\/api.w.org\/{rel}","templated":true}]}}