{"id":9179,"date":"2018-10-23T08:50:11","date_gmt":"2018-10-23T06:50:11","guid":{"rendered":"http:\/\/wp2.nige.de\/wordpress\/?page_id=9179"},"modified":"2023-10-13T08:32:08","modified_gmt":"2023-10-13T06:32:08","slug":"elternrat-2","status":"publish","type":"page","link":"https:\/\/wp2.nige.de\/wordpress\/sample-page\/elternrat-2\/","title":{"rendered":"Elternrat"},"content":{"rendered":"<h2><strong><span style=\"color: #000080;\">Der Schulelternrat des NIGE<\/span><\/strong><\/h2>\n<p>Der <b>Schulelternrat<\/b> des NIGE besteht aus je zwei Elternvertreter\/innen jeder Klasse der Jahrg\u00e4nge 5 &#8211; 11 und &nbsp;im Jahrgang 12 aus Vertretern der Stufe.<\/p>\n<p>Den gew\u00e4hlten <b>Vorstand<\/b> bilden:<\/p>\n<pre class=\"moz-quote-pre\"><span style=\"font-family: arial, helvetica, sans-serif;\">Vorsitz Jens Gottwald <a class=\"moz-txt-link-abbreviated\" href=\"mailto:j.gottwald@nige.de\">j.gottwald@nige.de<\/a>\r\nStellv. Melanie Rocker-Galts <a class=\"moz-txt-link-abbreviated\" href=\"mailto:m.rocker-galts@nige.de\">m.rocker-galts@nige.de<\/a>\r\nBeisitzer Janine Aden <a class=\"moz-txt-link-abbreviated\" href=\"mailto:j.aden@nige.de\">j.aden@nige.de<\/a>\r\nBeisitzer Jan Gr\u00f6hlich <a class=\"moz-txt-link-abbreviated\" href=\"mailto:j.groehlich@nige.de\">j.groehlich@nige.de<\/a>\r\nSchriftf\u00fchrerin Michaela Honscha <\/span><a class=\"moz-txt-link-abbreviated\" href=\"mailto:m.honscha@nige.de\"><span style=\"font-family: arial, helvetica, sans-serif;\">m.honscha@nige.de<\/span><\/a><\/pre>\n<p>Allgemein ist der Schulelternrat unter folgender E-Mail Adresse zu erreichen: schulelternratsvorstand@nige.de<\/p>\n<p style=\"text-align: justify;\">Der Schulelternrat tagt mehrfach im Schuljahr. Erster Programmpunkt ist dabei in der Regel der Bericht der Schulleitung \u00fcber aktuelle Entwicklungen in der Schule. Danach tauschen sich die Mitglieder des Schulelternrates zu Themen des Schulalltages aus und planen ihr Engagement an der Schule. Der Schulelternrat w\u00e4hlt die Elternvertreterinnen und -vertreter im Schulvorstand und in den Fachkonferenzen und der Gesamtkonferenz.<\/p>\n<h4>Aufgaben der Elternvertreter\/innen<\/h4>\n<ul>\n<li>Die <b>Elternvertreter\/innen<\/b> setzen sich f\u00fcr die Interessen der Klassen, einzelner Sch\u00fcler und der Elternschaft in der Schule bei den Lehrern, der Schulleitung und evtl. bei den Schulbeh\u00f6rden ein.<\/li>\n<li>Sie wirken dabei mit, eine gute Verst\u00e4ndigung und Kommunikation innerhalb der Gremien und untereinander aufrechtzuerhalten.<\/li>\n<li>Sie berufen die Elternabende der Klassen ein und leiten sie.<\/li>\n<li>Sie nehmen an den Schulelternratssitzungen teil und gestalten gemeinsam die Elternmitwirkung am NIGE.<\/li>\n<li>Sie beteiligen sich an der Organisation von Projekten und Festen.<\/li>\n<li>Eltern (nicht nur gew\u00e4hlte Elternvertreter) nehmen mit Stimmrecht an Sitzungen der Fachkonferenzen und Gesamtkonferenz teil und gestalten das Schulleben durch eigene Initiativen oder Beitr\u00e4ge zu schulischen Entwicklungen.<\/li>\n<\/ul>\n<h4>Informationen finden<\/h4>\n<p style=\"text-align: justify;\">Informationen zu den Aufgaben, Rechten und Pflichten der Elternvertretungen, sowie Neuigkeiten aus der (nieders\u00e4chsischen) Bildungslandschaft finden Sie beim <a href=\"https:\/\/ker-wtm.de\/\">Kreiselternrat Wittmund<\/a>. Dort gibt es auch <a href=\"https:\/\/ker-wtm.de\/eltern-arbeit\/haeufige-fragen\/\">Alltags-Informationen<\/a> f\u00fcr das Schulleben (Umfang der Hausaufgaben, Anzahl der Arbeiten etc.).<br \/>\nRegelm\u00e4\u00dfig informiert auch der Landeselternrat mit seinem <a href=\"http:\/\/www.ler-nds.de\/Presse\/Newsletter-15-LER\/\">Newsletter<\/a> \u00fcber relevante Themen des Schulalltags.<\/p>\n<p style=\"text-align: justify;\">Weitere Informationen zu aktuellen Projekten, sowie Angaben zu den einzelnen Vertretern in den Konferenzen und anderen schulischen Gremien finden Sie im Bereich &#8222;Dateien&#8220; bei iServ.<\/p>\n<h4>Haben Sie Themen f\u00fcr den Schulelternrat?<\/h4>\n<p>Bitte melden Sie sich mit Ihren Fragen und Anregungen beim Vorstand des Schulelternrates (s.o.)<\/p>\n<p style=\"text-align: justify;\">Alle Eltern sind herzlich eingeladen, sich einzubringen und engagiert mitzuhelfen. Zu einigen Themen bestehen schon aktive Arbeitskreise, \u00fcber welche der Vorstand gern Auskunft gibt.<\/p>\n<div style=\"border-top: solid 1px #ccc; font: 0.8em; color: #666; text-align: right;\">Verantwortlich f\u00fcr die Inhalte dieser Seite: Schulelternrat des NIGE<\/div>\n","protected":false},"excerpt":{"rendered":"<p>Der Schulelternrat des NIGE Der Schulelternrat des NIGE besteht aus je zwei Elternvertreter\/innen jeder Klasse der Jahrg\u00e4nge 5 &#8211; 11 und &nbsp;im Jahrgang 12 aus Vertretern der Stufe. Den gew\u00e4hlten Vorstand bilden: Vorsitz Jens Gottwald j.gottwald@nige.de Stellv. Melanie Rocker-Galts m.rocker-galts@nige.de Beisitzer Janine Aden j.aden@nige.de Beisitzer Jan&#46;&#46;&#46;<\/p>\n","protected":false},"author":28,"featured_media":0,"parent":2,"menu_order":0,"comment_status":"closed","ping_status":"closed","template":"","meta":{"ngg_post_thumbnail":0,"footnotes":""},"class_list":["post-9179","page","type-page","status-publish","hentry"],"yoast_head":"<!-- This site is optimized with the Yoast SEO plugin v27.5 - https:\/\/yoast.com\/product\/yoast-seo-wordpress\/ -->\n<title>Elternrat - NIGE<\/title>\n<meta name=\"robots\" content=\"index, follow, max-snippet:-1, max-image-preview:large, max-video-preview:-1\" \/>\n<link rel=\"canonical\" href=\"https:\/\/wp2.nige.de\/wordpress\/sample-page\/elternrat-2\/\" \/>\n<meta property=\"og:locale\" content=\"de_DE\" \/>\n<meta property=\"og:type\" content=\"article\" \/>\n<meta property=\"og:title\" content=\"Elternrat - NIGE\" \/>\n<meta property=\"og:description\" content=\"Der Schulelternrat des NIGE Der Schulelternrat des NIGE besteht aus je zwei Elternvertreter\/innen jeder Klasse der Jahrg\u00e4nge 5 &#8211; 11 und &nbsp;im Jahrgang 12 aus Vertretern der Stufe. Den gew\u00e4hlten Vorstand bilden: Vorsitz Jens Gottwald j.gottwald@nige.de Stellv. Melanie Rocker-Galts m.rocker-galts@nige.de Beisitzer Janine Aden j.aden@nige.de Beisitzer Jan&#046;&#046;&#046;\" \/>\n<meta property=\"og:url\" content=\"https:\/\/wp2.nige.de\/wordpress\/sample-page\/elternrat-2\/\" \/>\n<meta property=\"og:site_name\" content=\"NIGE\" \/>\n<meta property=\"article:publisher\" content=\"https:\/\/www.facebook.com\/NIGEsens\/\" \/>\n<meta property=\"article:modified_time\" content=\"2023-10-13T06:32:08+00:00\" \/>\n<meta name=\"twitter:card\" content=\"summary_large_image\" \/>\n<meta name=\"twitter:label1\" content=\"Gesch\u00e4tzte Lesezeit\" \/>\n\t<meta name=\"twitter:data1\" content=\"2\u00a0Minuten\" \/>\n<script type=\"application\/ld+json\" class=\"yoast-schema-graph\">{\"@context\":\"https:\\\/\\\/schema.org\",\"@graph\":[{\"@type\":\"WebPage\",\"@id\":\"https:\\\/\\\/wp2.nige.de\\\/wordpress\\\/sample-page\\\/elternrat-2\\\/\",\"url\":\"https:\\\/\\\/wp2.nige.de\\\/wordpress\\\/sample-page\\\/elternrat-2\\\/\",\"name\":\"Elternrat - NIGE\",\"isPartOf\":{\"@id\":\"https:\\\/\\\/wp2.nige.de\\\/wordpress\\\/#website\"},\"datePublished\":\"2018-10-23T06:50:11+00:00\",\"dateModified\":\"2023-10-13T06:32:08+00:00\",\"breadcrumb\":{\"@id\":\"https:\\\/\\\/wp2.nige.de\\\/wordpress\\\/sample-page\\\/elternrat-2\\\/#breadcrumb\"},\"inLanguage\":\"de\",\"potentialAction\":[{\"@type\":\"ReadAction\",\"target\":[\"https:\\\/\\\/wp2.nige.de\\\/wordpress\\\/sample-page\\\/elternrat-2\\\/\"]}]},{\"@type\":\"BreadcrumbList\",\"@id\":\"https:\\\/\\\/wp2.nige.de\\\/wordpress\\\/sample-page\\\/elternrat-2\\\/#breadcrumb\",\"itemListElement\":[{\"@type\":\"ListItem\",\"position\":1,\"name\":\"Startseite\",\"item\":\"https:\\\/\\\/wp2.nige.de\\\/wordpress\\\/\"},{\"@type\":\"ListItem\",\"position\":2,\"name\":\"NIGE\",\"item\":\"https:\\\/\\\/wp2.nige.de\\\/wordpress\\\/sample-page\\\/\"},{\"@type\":\"ListItem\",\"position\":3,\"name\":\"Elternrat\"}]},{\"@type\":\"WebSite\",\"@id\":\"https:\\\/\\\/wp2.nige.de\\\/wordpress\\\/#website\",\"url\":\"https:\\\/\\\/wp2.nige.de\\\/wordpress\\\/\",\"name\":\"Nieders\u00e4chsisches Internatsgymnasium Esens | NIGE\",\"description\":\"Nieders\u00e4chsisches Internatsgymnasium Esens\",\"publisher\":{\"@id\":\"https:\\\/\\\/wp2.nige.de\\\/wordpress\\\/#organization\"},\"potentialAction\":[{\"@type\":\"SearchAction\",\"target\":{\"@type\":\"EntryPoint\",\"urlTemplate\":\"https:\\\/\\\/wp2.nige.de\\\/wordpress\\\/?s={search_term_string}\"},\"query-input\":{\"@type\":\"PropertyValueSpecification\",\"valueRequired\":true,\"valueName\":\"search_term_string\"}}],\"inLanguage\":\"de\"},{\"@type\":\"Organization\",\"@id\":\"https:\\\/\\\/wp2.nige.de\\\/wordpress\\\/#organization\",\"name\":\"Nieders\u00e4chsisches Internatsgymnasium Esens\",\"url\":\"https:\\\/\\\/wp2.nige.de\\\/wordpress\\\/\",\"logo\":{\"@type\":\"ImageObject\",\"inLanguage\":\"de\",\"@id\":\"https:\\\/\\\/wp2.nige.de\\\/wordpress\\\/#\\\/schema\\\/logo\\\/image\\\/\",\"url\":\"https:\\\/\\\/wp2.nige.de\\\/wordpress\\\/wp-content\\\/uploads\\\/2018\\\/08\\\/logo_nige.jpg\",\"contentUrl\":\"https:\\\/\\\/wp2.nige.de\\\/wordpress\\\/wp-content\\\/uploads\\\/2018\\\/08\\\/logo_nige.jpg\",\"width\":1984,\"height\":1239,\"caption\":\"Nieders\u00e4chsisches Internatsgymnasium Esens\"},\"image\":{\"@id\":\"https:\\\/\\\/wp2.nige.de\\\/wordpress\\\/#\\\/schema\\\/logo\\\/image\\\/\"},\"sameAs\":[\"https:\\\/\\\/www.facebook.com\\\/NIGEsens\\\/\"]}]}<\/script>\n<!-- \/ Yoast SEO plugin. -->","yoast_head_json":{"title":"Elternrat - NIGE","robots":{"index":"index","follow":"follow","max-snippet":"max-snippet:-1","max-image-preview":"max-image-preview:large","max-video-preview":"max-video-preview:-1"},"canonical":"https:\/\/wp2.nige.de\/wordpress\/sample-page\/elternrat-2\/","og_locale":"de_DE","og_type":"article","og_title":"Elternrat - NIGE","og_description":"Der Schulelternrat des NIGE Der Schulelternrat des NIGE besteht aus je zwei Elternvertreter\/innen jeder Klasse der Jahrg\u00e4nge 5 &#8211; 11 und &nbsp;im Jahrgang 12 aus Vertretern der Stufe. Den gew\u00e4hlten Vorstand bilden: Vorsitz Jens Gottwald j.gottwald@nige.de Stellv. Melanie Rocker-Galts m.rocker-galts@nige.de Beisitzer Janine Aden j.aden@nige.de Beisitzer Jan&#46;&#46;&#46;","og_url":"https:\/\/wp2.nige.de\/wordpress\/sample-page\/elternrat-2\/","og_site_name":"NIGE","article_publisher":"https:\/\/www.facebook.com\/NIGEsens\/","article_modified_time":"2023-10-13T06:32:08+00:00","twitter_card":"summary_large_image","twitter_misc":{"Gesch\u00e4tzte Lesezeit":"2\u00a0Minuten"},"schema":{"@context":"https:\/\/schema.org","@graph":[{"@type":"WebPage","@id":"https:\/\/wp2.nige.de\/wordpress\/sample-page\/elternrat-2\/","url":"https:\/\/wp2.nige.de\/wordpress\/sample-page\/elternrat-2\/","name":"Elternrat - NIGE","isPartOf":{"@id":"https:\/\/wp2.nige.de\/wordpress\/#website"},"datePublished":"2018-10-23T06:50:11+00:00","dateModified":"2023-10-13T06:32:08+00:00","breadcrumb":{"@id":"https:\/\/wp2.nige.de\/wordpress\/sample-page\/elternrat-2\/#breadcrumb"},"inLanguage":"de","potentialAction":[{"@type":"ReadAction","target":["https:\/\/wp2.nige.de\/wordpress\/sample-page\/elternrat-2\/"]}]},{"@type":"BreadcrumbList","@id":"https:\/\/wp2.nige.de\/wordpress\/sample-page\/elternrat-2\/#breadcrumb","itemListElement":[{"@type":"ListItem","position":1,"name":"Startseite","item":"https:\/\/wp2.nige.de\/wordpress\/"},{"@type":"ListItem","position":2,"name":"NIGE","item":"https:\/\/wp2.nige.de\/wordpress\/sample-page\/"},{"@type":"ListItem","position":3,"name":"Elternrat"}]},{"@type":"WebSite","@id":"https:\/\/wp2.nige.de\/wordpress\/#website","url":"https:\/\/wp2.nige.de\/wordpress\/","name":"Nieders\u00e4chsisches Internatsgymnasium Esens | NIGE","description":"Nieders\u00e4chsisches Internatsgymnasium Esens","publisher":{"@id":"https:\/\/wp2.nige.de\/wordpress\/#organization"},"potentialAction":[{"@type":"SearchAction","target":{"@type":"EntryPoint","urlTemplate":"https:\/\/wp2.nige.de\/wordpress\/?s={search_term_string}"},"query-input":{"@type":"PropertyValueSpecification","valueRequired":true,"valueName":"search_term_string"}}],"inLanguage":"de"},{"@type":"Organization","@id":"https:\/\/wp2.nige.de\/wordpress\/#organization","name":"Nieders\u00e4chsisches Internatsgymnasium Esens","url":"https:\/\/wp2.nige.de\/wordpress\/","logo":{"@type":"ImageObject","inLanguage":"de","@id":"https:\/\/wp2.nige.de\/wordpress\/#\/schema\/logo\/image\/","url":"https:\/\/wp2.nige.de\/wordpress\/wp-content\/uploads\/2018\/08\/logo_nige.jpg","contentUrl":"https:\/\/wp2.nige.de\/wordpress\/wp-content\/uploads\/2018\/08\/logo_nige.jpg","width":1984,"height":1239,"caption":"Nieders\u00e4chsisches Internatsgymnasium Esens"},"image":{"@id":"https:\/\/wp2.nige.de\/wordpress\/#\/schema\/logo\/image\/"},"sameAs":["https:\/\/www.facebook.com\/NIGEsens\/"]}]}},"_links":{"self":[{"href":"https:\/\/wp2.nige.de\/wordpress\/wp-json\/wp\/v2\/pages\/9179","targetHints":{"allow":["GET"]}}],"collection":[{"href":"https:\/\/wp2.nige.de\/wordpress\/wp-json\/wp\/v2\/pages"}],"about":[{"href":"https:\/\/wp2.nige.de\/wordpress\/wp-json\/wp\/v2\/types\/page"}],"author":[{"embeddable":true,"href":"https:\/\/wp2.nige.de\/wordpress\/wp-json\/wp\/v2\/users\/28"}],"replies":[{"embeddable":true,"href":"https:\/\/wp2.nige.de\/wordpress\/wp-json\/wp\/v2\/comments?post=9179"}],"version-history":[{"count":22,"href":"https:\/\/wp2.nige.de\/wordpress\/wp-json\/wp\/v2\/pages\/9179\/revisions"}],"predecessor-version":[{"id":10683,"href":"https:\/\/wp2.nige.de\/wordpress\/wp-json\/wp\/v2\/pages\/9179\/revisions\/10683"}],"up":[{"embeddable":true,"href":"https:\/\/wp2.nige.de\/wordpress\/wp-json\/wp\/v2\/pages\/2"}],"wp:attachment":[{"href":"https:\/\/wp2.nige.de\/wordpress\/wp-json\/wp\/v2\/media?parent=9179"}],"curies":[{"name":"wp","href":"https:\/\/api.w.org\/{rel}","templated":true}]}}