{"id":9027,"date":"2018-10-15T18:18:19","date_gmt":"2018-10-15T16:18:19","guid":{"rendered":"http:\/\/wp2.nige.de\/wordpress\/?page_id=9027"},"modified":"2024-06-10T08:25:44","modified_gmt":"2024-06-10T06:25:44","slug":"faecher","status":"publish","type":"page","link":"https:\/\/wp2.nige.de\/wordpress\/sample-page\/faecher\/","title":{"rendered":"F\u00e4cher"},"content":{"rendered":"<p><strong>Fachbereiche: <\/strong><\/p>\n<table>\n<tbody>\n<tr>\n<td colspan=\"5\">\n<h2 style=\"text-align: justify;\"><a href=\"http:\/\/wp2.nige.de\/wordpress\/?page_id=156\">Sprachen<\/a><\/h2>\n<p style=\"text-align: justify;\">Am NIGE werden die Fremdsprachen <em>Englisch, Franz\u00f6sisch, Latein<\/em> und <em>Spanisch<\/em> angeboten.<\/p>\n<p style=\"text-align: justify;\">Englisch ist dabei die erste Fremdsprache, die ab Jahrgang 5 erteilt wird. Zus\u00e4tzlich m\u00fcssen SchuelerInnen ab Jahrgang 6 entweder am Franz\u00f6sisch- , Latein-&nbsp; oder Spanischunterricht teilnehmen. Ab Jahrgang 11 kann Spanisch als 3. Fremdsprache gew\u00e4hlt werden.<\/p>\n<\/td>\n<\/tr>\n<tr>\n<td><a href=\"http:\/\/wp2.nige.de\/wordpress\/?page_id=1556\">Deutsch<\/a><\/td>\n<td><a href=\"http:\/\/wp2.nige.de\/wordpress\/?page_id=1559\">Englisch<\/a><\/td>\n<td><a href=\"http:\/\/wp2.nige.de\/wordpress\/?page_id=10486\">Latein<\/a><\/td>\n<td><a href=\"http:\/\/wp2.nige.de\/wordpress\/?page_id=1561\">Franz\u00f6sisch<\/a><\/td>\n<td><a href=\"http:\/\/wp2.nige.de\/wordpress\/?page_id=1564\">Spanisch<\/a><\/td>\n<\/tr>\n<\/tbody>\n<\/table>\n<p>&nbsp;<\/p>\n<table>\n<tbody>\n<tr>\n<td colspan=\"5\">\n<h2><a href=\"http:\/\/wp2.nige.de\/wordpress\/?page_id=158\">Sozialwissenschaften<\/a><\/h2>\n<header>\n<blockquote><p><i>&#8222;Wir sind nicht nur f\u00fcr das verantwortlich, was wir tun,&nbsp;<\/i><\/p>\n<p><i>sondern auch f\u00fcr das, was wir widerspruchslos hinnehmen.&#8220;<\/i><\/p>\n<div><strong><em>&#8211; Arthur Schopenhauer &#8211;<\/em><\/strong><\/div>\n<div>&nbsp;<\/div>\n<\/blockquote>\n<\/header>\n<\/td>\n<\/tr>\n<tr>\n<td><a href=\"http:\/\/wp2.nige.de\/wordpress\/?page_id=1490\">Werte &amp; Normen<\/a><\/td>\n<td><a href=\"http:\/\/wp2.nige.de\/wordpress\/?page_id=1487\">Religion<\/a><\/td>\n<td><a href=\"http:\/\/wp2.nige.de\/wordpress\/?page_id=1459\">Erdkunde<\/a><\/td>\n<td><a href=\"http:\/\/wp2.nige.de\/wordpress\/?page_id=1398\">Geschichte<\/a><\/td>\n<td><a href=\"http:\/\/wp2.nige.de\/wordpress\/?page_id=1382\">Politik-Wirtschaft<\/a><\/td>\n<\/tr>\n<\/tbody>\n<\/table>\n<p>&nbsp;<\/p>\n<table>\n<tbody>\n<tr>\n<td colspan=\"5\">\n<h2><a href=\"http:\/\/wp2.nige.de\/wordpress\/?page_id=160\">MINT-F\u00e4cher<\/a><\/h2>\n<blockquote><p><strong>MINT-F\u00e4cher<\/strong> ist eine zusammenfassende Bezeichnung von Unterrichts- und Studienf\u00e4chern aus den Bereichen Mathematik, Informatik, Naturwissenschaft und Technik. Der Begriff MINT ist dabei ein Initialwort, das aus den betreffenden Fachbereichen gebildet wurde.<\/p>\n<p><em><strong>&#8211;&nbsp;de.wikipedia.org\/wiki\/MINT-F\u00e4cher<\/strong><\/em><\/p><\/blockquote>\n<\/td>\n<\/tr>\n<tr>\n<td><a href=\"http:\/\/wp2.nige.de\/wordpress\/?page_id=1592\">Biologie<\/a><\/td>\n<td><a href=\"http:\/\/wp2.nige.de\/wordpress\/?page_id=1582\">Chemie<\/a><\/td>\n<td><a href=\"http:\/\/wp2.nige.de\/wordpress\/?page_id=1587\">Informatik<\/a><\/td>\n<td><a href=\"http:\/\/wp2.nige.de\/wordpress\/?page_id=1574\">Mathematik<\/a><\/td>\n<td><a href=\"http:\/\/wp2.nige.de\/wordpress\/?page_id=1578\">Physik<\/a><\/td>\n<\/tr>\n<\/tbody>\n<\/table>\n<p>&nbsp;<\/p>\n<table>\n<tbody>\n<tr>\n<td>\n<h2><a href=\"http:\/\/wp2.nige.de\/wordpress\/?page_id=162\"><i class=\"fa-solid fa-music\"><\/i>Musik<i class=\"fa-solid fa-music\"><\/i><\/a><\/h2>\n<\/td>\n<td>\n<h2><a href=\"http:\/\/wp2.nige.de\/wordpress\/?page_id=166\"><i class=\"fa-solid fa-palette\"><\/i>Kunst<i class=\"fa-solid fa-palette\"><\/i><\/a><\/h2>\n<\/td>\n<td>\n<h2><a href=\"http:\/\/wp2.nige.de\/wordpress\/?page_id=168\"><i class=\"fa-solid fa-person-running\"><\/i>Sport<i class=\"fa-solid fa-person-running\"><\/i><\/a><\/h2>\n<\/td>\n<\/tr>\n<\/tbody>\n<\/table>\n<p>&nbsp;<\/p>\n","protected":false},"excerpt":{"rendered":"<p>Fachbereiche: Sprachen Am NIGE werden die Fremdsprachen Englisch, Franz\u00f6sisch, Latein und Spanisch angeboten. Englisch ist dabei die erste Fremdsprache, die ab Jahrgang 5 erteilt wird. Zus\u00e4tzlich m\u00fcssen SchuelerInnen ab Jahrgang 6 entweder am Franz\u00f6sisch- , Latein-&nbsp; oder Spanischunterricht teilnehmen. Ab Jahrgang 11 kann Spanisch als 3.&#46;&#46;&#46;<\/p>\n","protected":false},"author":28,"featured_media":0,"parent":2,"menu_order":0,"comment_status":"closed","ping_status":"closed","template":"","meta":{"ngg_post_thumbnail":0,"footnotes":""},"class_list":["post-9027","page","type-page","status-publish","hentry"],"yoast_head":"<!-- This site is optimized with the Yoast SEO plugin v27.5 - https:\/\/yoast.com\/product\/yoast-seo-wordpress\/ -->\n<title>F\u00e4cher - NIGE<\/title>\n<meta name=\"robots\" content=\"index, follow, max-snippet:-1, max-image-preview:large, max-video-preview:-1\" \/>\n<link rel=\"canonical\" href=\"https:\/\/wp2.nige.de\/wordpress\/sample-page\/faecher\/\" \/>\n<meta property=\"og:locale\" content=\"de_DE\" \/>\n<meta property=\"og:type\" content=\"article\" \/>\n<meta property=\"og:title\" content=\"F\u00e4cher - NIGE\" \/>\n<meta property=\"og:description\" content=\"Fachbereiche: Sprachen Am NIGE werden die Fremdsprachen Englisch, Franz\u00f6sisch, Latein und Spanisch angeboten. Englisch ist dabei die erste Fremdsprache, die ab Jahrgang 5 erteilt wird. Zus\u00e4tzlich m\u00fcssen SchuelerInnen ab Jahrgang 6 entweder am Franz\u00f6sisch- , Latein-&nbsp; oder Spanischunterricht teilnehmen. Ab Jahrgang 11 kann Spanisch als 3.&#046;&#046;&#046;\" \/>\n<meta property=\"og:url\" content=\"https:\/\/wp2.nige.de\/wordpress\/sample-page\/faecher\/\" \/>\n<meta property=\"og:site_name\" content=\"NIGE\" \/>\n<meta property=\"article:publisher\" content=\"https:\/\/www.facebook.com\/NIGEsens\/\" \/>\n<meta property=\"article:modified_time\" content=\"2024-06-10T06:25:44+00:00\" \/>\n<meta name=\"twitter:card\" content=\"summary_large_image\" \/>\n<meta name=\"twitter:label1\" content=\"Gesch\u00e4tzte Lesezeit\" \/>\n\t<meta name=\"twitter:data1\" content=\"1\u00a0Minute\" \/>\n<script type=\"application\/ld+json\" class=\"yoast-schema-graph\">{\"@context\":\"https:\\\/\\\/schema.org\",\"@graph\":[{\"@type\":\"WebPage\",\"@id\":\"https:\\\/\\\/wp2.nige.de\\\/wordpress\\\/sample-page\\\/faecher\\\/\",\"url\":\"https:\\\/\\\/wp2.nige.de\\\/wordpress\\\/sample-page\\\/faecher\\\/\",\"name\":\"F\u00e4cher - NIGE\",\"isPartOf\":{\"@id\":\"https:\\\/\\\/wp2.nige.de\\\/wordpress\\\/#website\"},\"datePublished\":\"2018-10-15T16:18:19+00:00\",\"dateModified\":\"2024-06-10T06:25:44+00:00\",\"breadcrumb\":{\"@id\":\"https:\\\/\\\/wp2.nige.de\\\/wordpress\\\/sample-page\\\/faecher\\\/#breadcrumb\"},\"inLanguage\":\"de\",\"potentialAction\":[{\"@type\":\"ReadAction\",\"target\":[\"https:\\\/\\\/wp2.nige.de\\\/wordpress\\\/sample-page\\\/faecher\\\/\"]}]},{\"@type\":\"BreadcrumbList\",\"@id\":\"https:\\\/\\\/wp2.nige.de\\\/wordpress\\\/sample-page\\\/faecher\\\/#breadcrumb\",\"itemListElement\":[{\"@type\":\"ListItem\",\"position\":1,\"name\":\"Startseite\",\"item\":\"https:\\\/\\\/wp2.nige.de\\\/wordpress\\\/\"},{\"@type\":\"ListItem\",\"position\":2,\"name\":\"NIGE\",\"item\":\"https:\\\/\\\/wp2.nige.de\\\/wordpress\\\/sample-page\\\/\"},{\"@type\":\"ListItem\",\"position\":3,\"name\":\"F\u00e4cher\"}]},{\"@type\":\"WebSite\",\"@id\":\"https:\\\/\\\/wp2.nige.de\\\/wordpress\\\/#website\",\"url\":\"https:\\\/\\\/wp2.nige.de\\\/wordpress\\\/\",\"name\":\"Nieders\u00e4chsisches Internatsgymnasium Esens | NIGE\",\"description\":\"Nieders\u00e4chsisches Internatsgymnasium Esens\",\"publisher\":{\"@id\":\"https:\\\/\\\/wp2.nige.de\\\/wordpress\\\/#organization\"},\"potentialAction\":[{\"@type\":\"SearchAction\",\"target\":{\"@type\":\"EntryPoint\",\"urlTemplate\":\"https:\\\/\\\/wp2.nige.de\\\/wordpress\\\/?s={search_term_string}\"},\"query-input\":{\"@type\":\"PropertyValueSpecification\",\"valueRequired\":true,\"valueName\":\"search_term_string\"}}],\"inLanguage\":\"de\"},{\"@type\":\"Organization\",\"@id\":\"https:\\\/\\\/wp2.nige.de\\\/wordpress\\\/#organization\",\"name\":\"Nieders\u00e4chsisches Internatsgymnasium Esens\",\"url\":\"https:\\\/\\\/wp2.nige.de\\\/wordpress\\\/\",\"logo\":{\"@type\":\"ImageObject\",\"inLanguage\":\"de\",\"@id\":\"https:\\\/\\\/wp2.nige.de\\\/wordpress\\\/#\\\/schema\\\/logo\\\/image\\\/\",\"url\":\"https:\\\/\\\/wp2.nige.de\\\/wordpress\\\/wp-content\\\/uploads\\\/2018\\\/08\\\/logo_nige.jpg\",\"contentUrl\":\"https:\\\/\\\/wp2.nige.de\\\/wordpress\\\/wp-content\\\/uploads\\\/2018\\\/08\\\/logo_nige.jpg\",\"width\":1984,\"height\":1239,\"caption\":\"Nieders\u00e4chsisches Internatsgymnasium Esens\"},\"image\":{\"@id\":\"https:\\\/\\\/wp2.nige.de\\\/wordpress\\\/#\\\/schema\\\/logo\\\/image\\\/\"},\"sameAs\":[\"https:\\\/\\\/www.facebook.com\\\/NIGEsens\\\/\"]}]}<\/script>\n<!-- \/ Yoast SEO plugin. -->","yoast_head_json":{"title":"F\u00e4cher - NIGE","robots":{"index":"index","follow":"follow","max-snippet":"max-snippet:-1","max-image-preview":"max-image-preview:large","max-video-preview":"max-video-preview:-1"},"canonical":"https:\/\/wp2.nige.de\/wordpress\/sample-page\/faecher\/","og_locale":"de_DE","og_type":"article","og_title":"F\u00e4cher - NIGE","og_description":"Fachbereiche: Sprachen Am NIGE werden die Fremdsprachen Englisch, Franz\u00f6sisch, Latein und Spanisch angeboten. Englisch ist dabei die erste Fremdsprache, die ab Jahrgang 5 erteilt wird. Zus\u00e4tzlich m\u00fcssen SchuelerInnen ab Jahrgang 6 entweder am Franz\u00f6sisch- , Latein-&nbsp; oder Spanischunterricht teilnehmen. Ab Jahrgang 11 kann Spanisch als 3.&#46;&#46;&#46;","og_url":"https:\/\/wp2.nige.de\/wordpress\/sample-page\/faecher\/","og_site_name":"NIGE","article_publisher":"https:\/\/www.facebook.com\/NIGEsens\/","article_modified_time":"2024-06-10T06:25:44+00:00","twitter_card":"summary_large_image","twitter_misc":{"Gesch\u00e4tzte Lesezeit":"1\u00a0Minute"},"schema":{"@context":"https:\/\/schema.org","@graph":[{"@type":"WebPage","@id":"https:\/\/wp2.nige.de\/wordpress\/sample-page\/faecher\/","url":"https:\/\/wp2.nige.de\/wordpress\/sample-page\/faecher\/","name":"F\u00e4cher - NIGE","isPartOf":{"@id":"https:\/\/wp2.nige.de\/wordpress\/#website"},"datePublished":"2018-10-15T16:18:19+00:00","dateModified":"2024-06-10T06:25:44+00:00","breadcrumb":{"@id":"https:\/\/wp2.nige.de\/wordpress\/sample-page\/faecher\/#breadcrumb"},"inLanguage":"de","potentialAction":[{"@type":"ReadAction","target":["https:\/\/wp2.nige.de\/wordpress\/sample-page\/faecher\/"]}]},{"@type":"BreadcrumbList","@id":"https:\/\/wp2.nige.de\/wordpress\/sample-page\/faecher\/#breadcrumb","itemListElement":[{"@type":"ListItem","position":1,"name":"Startseite","item":"https:\/\/wp2.nige.de\/wordpress\/"},{"@type":"ListItem","position":2,"name":"NIGE","item":"https:\/\/wp2.nige.de\/wordpress\/sample-page\/"},{"@type":"ListItem","position":3,"name":"F\u00e4cher"}]},{"@type":"WebSite","@id":"https:\/\/wp2.nige.de\/wordpress\/#website","url":"https:\/\/wp2.nige.de\/wordpress\/","name":"Nieders\u00e4chsisches Internatsgymnasium Esens | NIGE","description":"Nieders\u00e4chsisches Internatsgymnasium Esens","publisher":{"@id":"https:\/\/wp2.nige.de\/wordpress\/#organization"},"potentialAction":[{"@type":"SearchAction","target":{"@type":"EntryPoint","urlTemplate":"https:\/\/wp2.nige.de\/wordpress\/?s={search_term_string}"},"query-input":{"@type":"PropertyValueSpecification","valueRequired":true,"valueName":"search_term_string"}}],"inLanguage":"de"},{"@type":"Organization","@id":"https:\/\/wp2.nige.de\/wordpress\/#organization","name":"Nieders\u00e4chsisches Internatsgymnasium Esens","url":"https:\/\/wp2.nige.de\/wordpress\/","logo":{"@type":"ImageObject","inLanguage":"de","@id":"https:\/\/wp2.nige.de\/wordpress\/#\/schema\/logo\/image\/","url":"https:\/\/wp2.nige.de\/wordpress\/wp-content\/uploads\/2018\/08\/logo_nige.jpg","contentUrl":"https:\/\/wp2.nige.de\/wordpress\/wp-content\/uploads\/2018\/08\/logo_nige.jpg","width":1984,"height":1239,"caption":"Nieders\u00e4chsisches Internatsgymnasium Esens"},"image":{"@id":"https:\/\/wp2.nige.de\/wordpress\/#\/schema\/logo\/image\/"},"sameAs":["https:\/\/www.facebook.com\/NIGEsens\/"]}]}},"_links":{"self":[{"href":"https:\/\/wp2.nige.de\/wordpress\/wp-json\/wp\/v2\/pages\/9027","targetHints":{"allow":["GET"]}}],"collection":[{"href":"https:\/\/wp2.nige.de\/wordpress\/wp-json\/wp\/v2\/pages"}],"about":[{"href":"https:\/\/wp2.nige.de\/wordpress\/wp-json\/wp\/v2\/types\/page"}],"author":[{"embeddable":true,"href":"https:\/\/wp2.nige.de\/wordpress\/wp-json\/wp\/v2\/users\/28"}],"replies":[{"embeddable":true,"href":"https:\/\/wp2.nige.de\/wordpress\/wp-json\/wp\/v2\/comments?post=9027"}],"version-history":[{"count":9,"href":"https:\/\/wp2.nige.de\/wordpress\/wp-json\/wp\/v2\/pages\/9027\/revisions"}],"predecessor-version":[{"id":15337,"href":"https:\/\/wp2.nige.de\/wordpress\/wp-json\/wp\/v2\/pages\/9027\/revisions\/15337"}],"up":[{"embeddable":true,"href":"https:\/\/wp2.nige.de\/wordpress\/wp-json\/wp\/v2\/pages\/2"}],"wp:attachment":[{"href":"https:\/\/wp2.nige.de\/wordpress\/wp-json\/wp\/v2\/media?parent=9027"}],"curies":[{"name":"wp","href":"https:\/\/api.w.org\/{rel}","templated":true}]}}