{"id":878,"date":"2013-07-27T14:15:48","date_gmt":"2013-07-27T12:15:48","guid":{"rendered":"http:\/\/wordpress.nige.de\/wordpress\/?page_id=878"},"modified":"2023-12-19T19:20:49","modified_gmt":"2023-12-19T18:20:49","slug":"schulerrat","status":"publish","type":"page","link":"https:\/\/wp2.nige.de\/wordpress\/sample-page\/schulerrat\/","title":{"rendered":"Sch\u00fclervertretung (SV)"},"content":{"rendered":"<h4><strong><span style=\"text-decoration: underline;\">Der Sch\u00fclerrat hat in seiner konstituierenden Sitzung im September die Sch\u00fclervertretung f\u00fcr das Schuljahr 2021\/22 gew\u00e4hlt:<\/span><\/strong><\/h4>\n<h4><b>Mitglieder der SV sind geworden:<\/b><\/h4>\n<ol>\n<li class=\"moz-quote-pre\">Hilko Krey<\/li>\n<li>Tomma Siebels<\/li>\n<li>Lukas Thedinga<\/li>\n<li>Ha Vy Le<\/li>\n<li>Anneke Ritter<\/li>\n<li>Rieke Heyken<\/li>\n<li>Kai Wettstein<\/li>\n<li>Malte Palutke<\/li>\n<li>Luca Mi\u00dfmahl<\/li>\n<\/ol>\n<div>&nbsp;<\/div>\n<h4><span style=\"color: #000080;\">Wissenswertes \u00fcber die SV-Arbeit<\/span><\/h4>\n<ul>\n<li>Teilnahme an s\u00e4mtlichen Fach- und Gesamtkonferenzen der Schule um die Position der Sch\u00fclerschaft zu vertreten.<\/li>\n<li>Zahlreiche SV Sitzungen um die Terminierung sowie den Ablauf der SV-Aktionen zu planen.<\/li>\n<li>Einbringung neuer Ideen bei der Schulleitung zur Verbesserung des Schulalltages.<\/li>\n<li>Die Sch\u00fclervertreter nehmen die Interessen der Sch\u00fcler in der Schule, gegen\u00fcber den Schulbeh\u00f6rden und in der \u00d6ffentlichkeit wahr und \u00fcben die Beteiligungsrechte der Sch\u00fcler aus.<\/li>\n<li>Sie k\u00f6nnen im Rahmen des Erziehungs- und Bildungsauftrags der Schule selbstgestellte Aufgaben in eigener Verantwortung durchf\u00fchren.<\/li>\n<\/ul>\n<p>Ein Problem, das immer h\u00e4ufiger auftritt, ist die Tatsache, dass die Sch\u00fcler keine Zeit und Arbeit in die Vertretung von Sch\u00fclerinteressen investieren wollen. Die Sch\u00fclerschaft findet schwer Sch\u00fcler\/innen, die sich f\u00fcr dieses Amt zur Verf\u00fcgung stellen.<\/p>\n<h4><span style=\"color: #000080;\">Wie viele Mitglieder?<\/span><\/h4>\n<p>Es gibt 9 Sch\u00fclervertreter auf unserer Schule.<\/p>\n<h4><span style=\"color: #000080;\">Was machen sie?<\/span><\/h4>\n<p>Sie tauschen Informationen zwischen der Schulleitung, den Sch\u00fclern und den Lehrern aus. Wenn die Sch\u00fcler einen Wunsch oder eine Beschwerde haben, k\u00f6nnen sie es dem Klassensprecher sagen. Die Klassensprecher geben es an die Sch\u00fclervertreter weiter und die besprechen den Wunsch oder die Beschwerde mit dem Schulleiter.<\/p>\n<h4><span style=\"color: #000080;\">Termine<\/span><\/h4>\n<p>Alle 3 bis 4 Wochen treffen sich die Sch\u00fclervertreter mit den Klassensprechern. Auf dieser Konferenz werden Neuigkeiten oder Beschwerden weiter an die Klassensprecher gegeben.<\/p>\n<h4><span style=\"color: #000080;\">Was noch gemacht wird<\/span><\/h4>\n<p>Unsere Mailadresse lautet schuelervertretung@nige.de, an die k\u00f6nnt ihr (Sch\u00fcler) uns eure Probleme schreiben k\u00f6nnt, die wir dann bearbeiten werden.<\/p>\n<p>Ihr k\u00f6nnt auch das pers\u00f6nliche Gespr\u00e4ch mit uns suchen. Dazu kommt einfach jeden dienstags und donnerstags in der ersten Pause in den SV-Raum.<\/p>\n<h4><span style=\"color: #000080;\">Vor- und Nachteile der SV<\/span><\/h4>\n<p>Wenn man Sch\u00fclervertreter ist, muss man viel Zeit opfern. Man ist verpflichtet an allen Treffen teilzunehmen und sich um die Mitsch\u00fcler zu k\u00fcmmern, wenn sie Beschwerden oder W\u00fcnsche haben. Als Sch\u00fclervertreter ist man immer auf dem neuesten Stand. Man kann an wichtigen Entscheidungen teilnehmen. Man kann seine Meinung sagen oder andere Meinungen vertreten.<\/p>\n","protected":false},"excerpt":{"rendered":"<p>Der Sch\u00fclerrat hat in seiner konstituierenden Sitzung im September die Sch\u00fclervertretung f\u00fcr das Schuljahr 2021\/22 gew\u00e4hlt: Mitglieder der SV sind geworden: Hilko Krey Tomma Siebels Lukas Thedinga Ha Vy Le Anneke Ritter Rieke Heyken Kai Wettstein Malte Palutke Luca Mi\u00dfmahl &nbsp; Wissenswertes \u00fcber die SV-Arbeit Teilnahme&#46;&#46;&#46;<\/p>\n","protected":false},"author":28,"featured_media":0,"parent":2,"menu_order":0,"comment_status":"open","ping_status":"open","template":"","meta":{"ngg_post_thumbnail":0,"footnotes":""},"class_list":["post-878","page","type-page","status-publish","hentry"],"yoast_head":"<!-- This site is optimized with the Yoast SEO plugin v27.5 - https:\/\/yoast.com\/product\/yoast-seo-wordpress\/ -->\n<title>Sch\u00fclervertretung (SV) - NIGE<\/title>\n<meta name=\"robots\" content=\"index, follow, max-snippet:-1, max-image-preview:large, max-video-preview:-1\" \/>\n<link rel=\"canonical\" href=\"https:\/\/wp2.nige.de\/wordpress\/sample-page\/schulerrat\/\" \/>\n<meta property=\"og:locale\" content=\"de_DE\" \/>\n<meta property=\"og:type\" content=\"article\" \/>\n<meta property=\"og:title\" content=\"Sch\u00fclervertretung (SV) - NIGE\" \/>\n<meta property=\"og:description\" content=\"Der Sch\u00fclerrat hat in seiner konstituierenden Sitzung im September die Sch\u00fclervertretung f\u00fcr das Schuljahr 2021\/22 gew\u00e4hlt: Mitglieder der SV sind geworden: Hilko Krey Tomma Siebels Lukas Thedinga Ha Vy Le Anneke Ritter Rieke Heyken Kai Wettstein Malte Palutke Luca Mi\u00dfmahl &nbsp; Wissenswertes \u00fcber die SV-Arbeit Teilnahme&#046;&#046;&#046;\" \/>\n<meta property=\"og:url\" content=\"https:\/\/wp2.nige.de\/wordpress\/sample-page\/schulerrat\/\" \/>\n<meta property=\"og:site_name\" content=\"NIGE\" \/>\n<meta property=\"article:publisher\" content=\"https:\/\/www.facebook.com\/NIGEsens\/\" \/>\n<meta property=\"article:modified_time\" content=\"2023-12-19T18:20:49+00:00\" \/>\n<meta name=\"twitter:card\" content=\"summary_large_image\" \/>\n<meta name=\"twitter:label1\" content=\"Gesch\u00e4tzte Lesezeit\" \/>\n\t<meta name=\"twitter:data1\" content=\"2\u00a0Minuten\" \/>\n<script type=\"application\/ld+json\" class=\"yoast-schema-graph\">{\"@context\":\"https:\\\/\\\/schema.org\",\"@graph\":[{\"@type\":\"WebPage\",\"@id\":\"https:\\\/\\\/wp2.nige.de\\\/wordpress\\\/sample-page\\\/schulerrat\\\/\",\"url\":\"https:\\\/\\\/wp2.nige.de\\\/wordpress\\\/sample-page\\\/schulerrat\\\/\",\"name\":\"Sch\u00fclervertretung (SV) - NIGE\",\"isPartOf\":{\"@id\":\"https:\\\/\\\/wp2.nige.de\\\/wordpress\\\/#website\"},\"datePublished\":\"2013-07-27T12:15:48+00:00\",\"dateModified\":\"2023-12-19T18:20:49+00:00\",\"breadcrumb\":{\"@id\":\"https:\\\/\\\/wp2.nige.de\\\/wordpress\\\/sample-page\\\/schulerrat\\\/#breadcrumb\"},\"inLanguage\":\"de\",\"potentialAction\":[{\"@type\":\"ReadAction\",\"target\":[\"https:\\\/\\\/wp2.nige.de\\\/wordpress\\\/sample-page\\\/schulerrat\\\/\"]}]},{\"@type\":\"BreadcrumbList\",\"@id\":\"https:\\\/\\\/wp2.nige.de\\\/wordpress\\\/sample-page\\\/schulerrat\\\/#breadcrumb\",\"itemListElement\":[{\"@type\":\"ListItem\",\"position\":1,\"name\":\"Startseite\",\"item\":\"https:\\\/\\\/wp2.nige.de\\\/wordpress\\\/\"},{\"@type\":\"ListItem\",\"position\":2,\"name\":\"NIGE\",\"item\":\"https:\\\/\\\/wp2.nige.de\\\/wordpress\\\/sample-page\\\/\"},{\"@type\":\"ListItem\",\"position\":3,\"name\":\"Sch\u00fclervertretung (SV)\"}]},{\"@type\":\"WebSite\",\"@id\":\"https:\\\/\\\/wp2.nige.de\\\/wordpress\\\/#website\",\"url\":\"https:\\\/\\\/wp2.nige.de\\\/wordpress\\\/\",\"name\":\"Nieders\u00e4chsisches Internatsgymnasium Esens | NIGE\",\"description\":\"Nieders\u00e4chsisches Internatsgymnasium Esens\",\"publisher\":{\"@id\":\"https:\\\/\\\/wp2.nige.de\\\/wordpress\\\/#organization\"},\"potentialAction\":[{\"@type\":\"SearchAction\",\"target\":{\"@type\":\"EntryPoint\",\"urlTemplate\":\"https:\\\/\\\/wp2.nige.de\\\/wordpress\\\/?s={search_term_string}\"},\"query-input\":{\"@type\":\"PropertyValueSpecification\",\"valueRequired\":true,\"valueName\":\"search_term_string\"}}],\"inLanguage\":\"de\"},{\"@type\":\"Organization\",\"@id\":\"https:\\\/\\\/wp2.nige.de\\\/wordpress\\\/#organization\",\"name\":\"Nieders\u00e4chsisches Internatsgymnasium Esens\",\"url\":\"https:\\\/\\\/wp2.nige.de\\\/wordpress\\\/\",\"logo\":{\"@type\":\"ImageObject\",\"inLanguage\":\"de\",\"@id\":\"https:\\\/\\\/wp2.nige.de\\\/wordpress\\\/#\\\/schema\\\/logo\\\/image\\\/\",\"url\":\"https:\\\/\\\/wp2.nige.de\\\/wordpress\\\/wp-content\\\/uploads\\\/2018\\\/08\\\/logo_nige.jpg\",\"contentUrl\":\"https:\\\/\\\/wp2.nige.de\\\/wordpress\\\/wp-content\\\/uploads\\\/2018\\\/08\\\/logo_nige.jpg\",\"width\":1984,\"height\":1239,\"caption\":\"Nieders\u00e4chsisches Internatsgymnasium Esens\"},\"image\":{\"@id\":\"https:\\\/\\\/wp2.nige.de\\\/wordpress\\\/#\\\/schema\\\/logo\\\/image\\\/\"},\"sameAs\":[\"https:\\\/\\\/www.facebook.com\\\/NIGEsens\\\/\"]}]}<\/script>\n<!-- \/ Yoast SEO plugin. -->","yoast_head_json":{"title":"Sch\u00fclervertretung (SV) - NIGE","robots":{"index":"index","follow":"follow","max-snippet":"max-snippet:-1","max-image-preview":"max-image-preview:large","max-video-preview":"max-video-preview:-1"},"canonical":"https:\/\/wp2.nige.de\/wordpress\/sample-page\/schulerrat\/","og_locale":"de_DE","og_type":"article","og_title":"Sch\u00fclervertretung (SV) - NIGE","og_description":"Der Sch\u00fclerrat hat in seiner konstituierenden Sitzung im September die Sch\u00fclervertretung f\u00fcr das Schuljahr 2021\/22 gew\u00e4hlt: Mitglieder der SV sind geworden: Hilko Krey Tomma Siebels Lukas Thedinga Ha Vy Le Anneke Ritter Rieke Heyken Kai Wettstein Malte Palutke Luca Mi\u00dfmahl &nbsp; Wissenswertes \u00fcber die SV-Arbeit Teilnahme&#46;&#46;&#46;","og_url":"https:\/\/wp2.nige.de\/wordpress\/sample-page\/schulerrat\/","og_site_name":"NIGE","article_publisher":"https:\/\/www.facebook.com\/NIGEsens\/","article_modified_time":"2023-12-19T18:20:49+00:00","twitter_card":"summary_large_image","twitter_misc":{"Gesch\u00e4tzte Lesezeit":"2\u00a0Minuten"},"schema":{"@context":"https:\/\/schema.org","@graph":[{"@type":"WebPage","@id":"https:\/\/wp2.nige.de\/wordpress\/sample-page\/schulerrat\/","url":"https:\/\/wp2.nige.de\/wordpress\/sample-page\/schulerrat\/","name":"Sch\u00fclervertretung (SV) - NIGE","isPartOf":{"@id":"https:\/\/wp2.nige.de\/wordpress\/#website"},"datePublished":"2013-07-27T12:15:48+00:00","dateModified":"2023-12-19T18:20:49+00:00","breadcrumb":{"@id":"https:\/\/wp2.nige.de\/wordpress\/sample-page\/schulerrat\/#breadcrumb"},"inLanguage":"de","potentialAction":[{"@type":"ReadAction","target":["https:\/\/wp2.nige.de\/wordpress\/sample-page\/schulerrat\/"]}]},{"@type":"BreadcrumbList","@id":"https:\/\/wp2.nige.de\/wordpress\/sample-page\/schulerrat\/#breadcrumb","itemListElement":[{"@type":"ListItem","position":1,"name":"Startseite","item":"https:\/\/wp2.nige.de\/wordpress\/"},{"@type":"ListItem","position":2,"name":"NIGE","item":"https:\/\/wp2.nige.de\/wordpress\/sample-page\/"},{"@type":"ListItem","position":3,"name":"Sch\u00fclervertretung (SV)"}]},{"@type":"WebSite","@id":"https:\/\/wp2.nige.de\/wordpress\/#website","url":"https:\/\/wp2.nige.de\/wordpress\/","name":"Nieders\u00e4chsisches Internatsgymnasium Esens | NIGE","description":"Nieders\u00e4chsisches Internatsgymnasium Esens","publisher":{"@id":"https:\/\/wp2.nige.de\/wordpress\/#organization"},"potentialAction":[{"@type":"SearchAction","target":{"@type":"EntryPoint","urlTemplate":"https:\/\/wp2.nige.de\/wordpress\/?s={search_term_string}"},"query-input":{"@type":"PropertyValueSpecification","valueRequired":true,"valueName":"search_term_string"}}],"inLanguage":"de"},{"@type":"Organization","@id":"https:\/\/wp2.nige.de\/wordpress\/#organization","name":"Nieders\u00e4chsisches Internatsgymnasium Esens","url":"https:\/\/wp2.nige.de\/wordpress\/","logo":{"@type":"ImageObject","inLanguage":"de","@id":"https:\/\/wp2.nige.de\/wordpress\/#\/schema\/logo\/image\/","url":"https:\/\/wp2.nige.de\/wordpress\/wp-content\/uploads\/2018\/08\/logo_nige.jpg","contentUrl":"https:\/\/wp2.nige.de\/wordpress\/wp-content\/uploads\/2018\/08\/logo_nige.jpg","width":1984,"height":1239,"caption":"Nieders\u00e4chsisches Internatsgymnasium Esens"},"image":{"@id":"https:\/\/wp2.nige.de\/wordpress\/#\/schema\/logo\/image\/"},"sameAs":["https:\/\/www.facebook.com\/NIGEsens\/"]}]}},"_links":{"self":[{"href":"https:\/\/wp2.nige.de\/wordpress\/wp-json\/wp\/v2\/pages\/878","targetHints":{"allow":["GET"]}}],"collection":[{"href":"https:\/\/wp2.nige.de\/wordpress\/wp-json\/wp\/v2\/pages"}],"about":[{"href":"https:\/\/wp2.nige.de\/wordpress\/wp-json\/wp\/v2\/types\/page"}],"author":[{"embeddable":true,"href":"https:\/\/wp2.nige.de\/wordpress\/wp-json\/wp\/v2\/users\/28"}],"replies":[{"embeddable":true,"href":"https:\/\/wp2.nige.de\/wordpress\/wp-json\/wp\/v2\/comments?post=878"}],"version-history":[{"count":29,"href":"https:\/\/wp2.nige.de\/wordpress\/wp-json\/wp\/v2\/pages\/878\/revisions"}],"predecessor-version":[{"id":14882,"href":"https:\/\/wp2.nige.de\/wordpress\/wp-json\/wp\/v2\/pages\/878\/revisions\/14882"}],"up":[{"embeddable":true,"href":"https:\/\/wp2.nige.de\/wordpress\/wp-json\/wp\/v2\/pages\/2"}],"wp:attachment":[{"href":"https:\/\/wp2.nige.de\/wordpress\/wp-json\/wp\/v2\/media?parent=878"}],"curies":[{"name":"wp","href":"https:\/\/api.w.org\/{rel}","templated":true}]}}