{"id":874,"date":"2013-07-27T14:14:44","date_gmt":"2013-07-27T12:14:44","guid":{"rendered":"http:\/\/wordpress.nige.de\/wordpress\/?page_id=874"},"modified":"2026-04-16T10:07:57","modified_gmt":"2026-04-16T08:07:57","slug":"forderverein","status":"publish","type":"page","link":"https:\/\/wp2.nige.de\/wordpress\/sample-page\/forderverein\/","title":{"rendered":"F\u00f6rderverein"},"content":{"rendered":"<p><strong>Der F\u00f6rderverein des NIGE e.V. stellt sich vor<\/strong><\/p>\n<p>Wir vom Verein der Ehemaligen, Freunde und F\u00f6rderer des Nieders\u00e4chsischen Internatsgymnasium Esens (NIGE) wollen unsere Schule mit entwickeln und f\u00f6rdern. Ehemalige, Eltern, Sch\u00fclerinnen und Sch\u00fcler, Bedienstete und alle am Schulleben Interessierte k\u00f6nnen uns unterst\u00fctzen oder aktiv mitarbeiten. Wir unterst\u00fctzen Initiativen\/Projekte der Sch\u00fclerschaft, Aktivit\u00e4ten der Schule und des Internats.<\/p>\n<p>Der F\u00f6rderverein verfolgt ausschlie\u00dflich gemeinn\u00fctzige Zwecke und ist berechtigt, Spendenbescheinigungen auszustellen.<\/p>\n<p>Die Vorstandsmitglieder stehen f\u00fcr weitere Informationen unter <a href=\"mailto:foerderverein@nige.de\">foerderverein@nige.de<\/a>\u00a0 gerne zur Verf\u00fcgung.<\/p>\n<p>Wir w\u00fcrden uns freuen, Sie \/ Dich als Mitglied im F\u00f6rderverein des NIGE begr\u00fc\u00dfen zu d\u00fcrfen. Die Beitrittserkl\u00e4rung kann unter <a href=\"mailto:foerderverein@nige.de\">foerderverein@nige.de<\/a> angefordert werden.<\/p>\n<p>Projekte:<\/p>\n<p>&nbsp;<\/p>\n<p>&nbsp;<\/p>\n<p><img loading=\"lazy\" decoding=\"async\" class=\"aligncenter size-medium wp-image-18463\" src=\"https:\/\/wp2.nige.de\/wordpress\/wp-content\/uploads\/2026\/04\/Bild1-300x225.jpg\" alt=\"\" width=\"300\" height=\"225\" srcset=\"https:\/\/wp2.nige.de\/wordpress\/wp-content\/uploads\/2026\/04\/Bild1-300x225.jpg 300w, https:\/\/wp2.nige.de\/wordpress\/wp-content\/uploads\/2026\/04\/Bild1-1024x768.jpg 1024w, https:\/\/wp2.nige.de\/wordpress\/wp-content\/uploads\/2026\/04\/Bild1-1536x1152.jpg 1536w, https:\/\/wp2.nige.de\/wordpress\/wp-content\/uploads\/2026\/04\/Bild1-2048x1536.jpg 2048w\" sizes=\"auto, (max-width: 300px) 100vw, 300px\" \/><\/p>\n<p style=\"text-align: center;\"><a href=\"https:\/\/wp2.nige.de\/wordpress\/neue-spielgeraete-fuer-die-pausen-am-nige-eingeweiht\/\">Neue Spielger\u00e4te f\u00fcr das NIGE<\/a><\/p>\n<p>&nbsp;<\/p>\n<p><img loading=\"lazy\" decoding=\"async\" class=\"aligncenter size-medium wp-image-17571\" src=\"https:\/\/wp2.nige.de\/wordpress\/wp-content\/uploads\/2025\/11\/7_20251010_132144_hG-300x225.jpg\" alt=\"\" width=\"300\" height=\"225\" srcset=\"https:\/\/wp2.nige.de\/wordpress\/wp-content\/uploads\/2025\/11\/7_20251010_132144_hG-300x225.jpg 300w, https:\/\/wp2.nige.de\/wordpress\/wp-content\/uploads\/2025\/11\/7_20251010_132144_hG-1024x768.jpg 1024w, https:\/\/wp2.nige.de\/wordpress\/wp-content\/uploads\/2025\/11\/7_20251010_132144_hG-1536x1152.jpg 1536w, https:\/\/wp2.nige.de\/wordpress\/wp-content\/uploads\/2025\/11\/7_20251010_132144_hG-2048x1536.jpg 2048w\" sizes=\"auto, (max-width: 300px) 100vw, 300px\" \/><\/p>\n<p style=\"text-align: center;\"><a href=\"https:\/\/wp2.nige.de\/wordpress\/nige-schachturnier-2025\/\">Unterst\u00fctzung des Schachwettbewerbes 2025<\/a><\/p>\n<p>&nbsp;<\/p>\n<p style=\"text-align: center;\"><a href=\"http:\/\/wp2.nige.de\/wordpress\/wp-content\/uploads\/2013\/07\/Nigebulli-16.jpg\" rel=\"attachment wp-att-5246\"><img loading=\"lazy\" decoding=\"async\" class=\"size-medium wp-image-5246 aligncenter\" src=\"http:\/\/wp2.nige.de\/wordpress\/wp-content\/uploads\/2013\/07\/Nigebulli-16-300x223.jpg\" alt=\"Nigebulli 16\" width=\"300\" height=\"223\" srcset=\"https:\/\/wp2.nige.de\/wordpress\/wp-content\/uploads\/2013\/07\/Nigebulli-16-300x223.jpg 300w, https:\/\/wp2.nige.de\/wordpress\/wp-content\/uploads\/2013\/07\/Nigebulli-16.jpg 337w\" sizes=\"auto, (max-width: 300px) 100vw, 300px\" \/><\/a><u><a href=\"https:\/\/wp2.nige.de\/wordpress\/10060\/\">NIGE-Mobil<\/a><\/u><\/p>\n<p>&nbsp;<\/p>\n<p style=\"text-align: center;\">\n<p><strong>Vorstandsmitglieder<\/strong><\/p>\n<p style=\"text-align: center;\"><em style=\"text-align: center;\">1. Vorsitzende<\/em><\/p>\n<p style=\"text-align: center;\"><span style=\"text-align: center;\">Mary L\u00fchring<\/span><\/p>\n<p style=\"text-align: center;\">Sterburer Weg 46<\/p>\n<p style=\"text-align: center;\">26427 Esens<\/p>\n<p>&nbsp;<\/p>\n<p style=\"text-align: center;\"><em>2. Vorsitzender<\/em><\/p>\n<p style=\"text-align: center;\">Peter Bekaan<\/p>\n<p style=\"text-align: center;\">Vor dem Moor 15a<\/p>\n<p style=\"text-align: center;\">26160 Bad Zwischenahn<\/p>\n<p>&nbsp;<\/p>\n<p style=\"text-align: center;\"><em>Schriftf\u00fchrerin<\/em><\/p>\n<p style=\"text-align: center;\">Heike Claassen<\/p>\n<p style=\"text-align: center;\">Osterhusen 2<\/p>\n<p style=\"text-align: center;\">26409 Wittmund\/ Funnix<\/p>\n<p>&nbsp;<\/p>\n<p style=\"text-align: center;\"><em>Kassenwart<\/em><\/p>\n<p style=\"text-align: center;\">Jan-Siefke Dirks<\/p>\n<p style=\"text-align: center;\">J\u00fccher Flage 3<\/p>\n<p style=\"text-align: center;\">26427 Esens<\/p>\n<p>&nbsp;<\/p>\n<p style=\"text-align: center;\"><em>\u00a0\u00a0\u00a0\u00a0\u00a0\u00a0\u00a0 Vertreter Elternrat\u00a0\u00a0\u00a0\u00a0\u00a0\u00a0\u00a0\u00a0\u00a0 <\/em><\/p>\n<p style=\"text-align: center;\">Manuela Schmidt-Franzen<\/p>\n<p>&nbsp;<\/p>\n<p style=\"text-align: center;\"><em>Schulleitung<\/em><\/p>\n<p style=\"text-align: center;\">OStD` Anja Renken-Abken<\/p>\n<p>&nbsp;<\/p>\n<p style=\"text-align: center;\"><em>Beisitzer<\/em><\/p>\n<p style=\"text-align: center;\">Tjark-Fokken Emken<\/p>\n<p style=\"text-align: center;\">Erich Braams<\/p>\n<p>&nbsp;<\/p>\n<p><strong>Vorschau<\/strong><\/p>\n<p>&nbsp;<\/p>\n<p>&nbsp;<\/p>\n<p>&nbsp;<\/p>\n<p>&nbsp;<\/p>\n","protected":false},"excerpt":{"rendered":"<p>Der F\u00f6rderverein des NIGE e.V. stellt sich vor Wir vom Verein der Ehemaligen, Freunde und F\u00f6rderer des Nieders\u00e4chsischen Internatsgymnasium Esens (NIGE) wollen unsere Schule mit entwickeln und f\u00f6rdern. Ehemalige, Eltern, Sch\u00fclerinnen und Sch\u00fcler, Bedienstete und alle am Schulleben Interessierte k\u00f6nnen uns unterst\u00fctzen oder aktiv mitarbeiten. Wir&#46;&#46;&#46;<\/p>\n","protected":false},"author":28,"featured_media":0,"parent":2,"menu_order":0,"comment_status":"open","ping_status":"open","template":"","meta":{"ngg_post_thumbnail":0,"footnotes":""},"class_list":["post-874","page","type-page","status-publish","hentry"],"yoast_head":"<!-- This site is optimized with the Yoast SEO plugin v27.5 - https:\/\/yoast.com\/product\/yoast-seo-wordpress\/ -->\n<title>F\u00f6rderverein - NIGE<\/title>\n<meta name=\"robots\" content=\"index, follow, max-snippet:-1, max-image-preview:large, max-video-preview:-1\" \/>\n<link rel=\"canonical\" href=\"https:\/\/wp2.nige.de\/wordpress\/sample-page\/forderverein\/\" \/>\n<meta property=\"og:locale\" content=\"de_DE\" \/>\n<meta property=\"og:type\" content=\"article\" \/>\n<meta property=\"og:title\" content=\"F\u00f6rderverein - NIGE\" \/>\n<meta property=\"og:description\" content=\"Der F\u00f6rderverein des NIGE e.V. stellt sich vor Wir vom Verein der Ehemaligen, Freunde und F\u00f6rderer des Nieders\u00e4chsischen Internatsgymnasium Esens (NIGE) wollen unsere Schule mit entwickeln und f\u00f6rdern. Ehemalige, Eltern, Sch\u00fclerinnen und Sch\u00fcler, Bedienstete und alle am Schulleben Interessierte k\u00f6nnen uns unterst\u00fctzen oder aktiv mitarbeiten. Wir&#046;&#046;&#046;\" \/>\n<meta property=\"og:url\" content=\"https:\/\/wp2.nige.de\/wordpress\/sample-page\/forderverein\/\" \/>\n<meta property=\"og:site_name\" content=\"NIGE\" \/>\n<meta property=\"article:publisher\" content=\"https:\/\/www.facebook.com\/NIGEsens\/\" \/>\n<meta property=\"article:modified_time\" content=\"2026-04-16T08:07:57+00:00\" \/>\n<meta property=\"og:image\" content=\"https:\/\/wp2.nige.de\/wordpress\/wp-content\/uploads\/2026\/04\/Bild1.jpg\" \/>\n\t<meta property=\"og:image:width\" content=\"2078\" \/>\n\t<meta property=\"og:image:height\" content=\"1558\" \/>\n\t<meta property=\"og:image:type\" content=\"image\/jpeg\" \/>\n<meta name=\"twitter:card\" content=\"summary_large_image\" \/>\n<meta name=\"twitter:label1\" content=\"Gesch\u00e4tzte Lesezeit\" \/>\n\t<meta name=\"twitter:data1\" content=\"2\u00a0Minuten\" \/>\n<script type=\"application\/ld+json\" class=\"yoast-schema-graph\">{\"@context\":\"https:\\\/\\\/schema.org\",\"@graph\":[{\"@type\":\"WebPage\",\"@id\":\"https:\\\/\\\/wp2.nige.de\\\/wordpress\\\/sample-page\\\/forderverein\\\/\",\"url\":\"https:\\\/\\\/wp2.nige.de\\\/wordpress\\\/sample-page\\\/forderverein\\\/\",\"name\":\"F\u00f6rderverein - NIGE\",\"isPartOf\":{\"@id\":\"https:\\\/\\\/wp2.nige.de\\\/wordpress\\\/#website\"},\"primaryImageOfPage\":{\"@id\":\"https:\\\/\\\/wp2.nige.de\\\/wordpress\\\/sample-page\\\/forderverein\\\/#primaryimage\"},\"image\":{\"@id\":\"https:\\\/\\\/wp2.nige.de\\\/wordpress\\\/sample-page\\\/forderverein\\\/#primaryimage\"},\"thumbnailUrl\":\"https:\\\/\\\/wp2.nige.de\\\/wordpress\\\/wp-content\\\/uploads\\\/2026\\\/04\\\/Bild1-300x225.jpg\",\"datePublished\":\"2013-07-27T12:14:44+00:00\",\"dateModified\":\"2026-04-16T08:07:57+00:00\",\"breadcrumb\":{\"@id\":\"https:\\\/\\\/wp2.nige.de\\\/wordpress\\\/sample-page\\\/forderverein\\\/#breadcrumb\"},\"inLanguage\":\"de\",\"potentialAction\":[{\"@type\":\"ReadAction\",\"target\":[\"https:\\\/\\\/wp2.nige.de\\\/wordpress\\\/sample-page\\\/forderverein\\\/\"]}]},{\"@type\":\"ImageObject\",\"inLanguage\":\"de\",\"@id\":\"https:\\\/\\\/wp2.nige.de\\\/wordpress\\\/sample-page\\\/forderverein\\\/#primaryimage\",\"url\":\"https:\\\/\\\/wp2.nige.de\\\/wordpress\\\/wp-content\\\/uploads\\\/2026\\\/04\\\/Bild1.jpg\",\"contentUrl\":\"https:\\\/\\\/wp2.nige.de\\\/wordpress\\\/wp-content\\\/uploads\\\/2026\\\/04\\\/Bild1.jpg\",\"width\":2078,\"height\":1558},{\"@type\":\"BreadcrumbList\",\"@id\":\"https:\\\/\\\/wp2.nige.de\\\/wordpress\\\/sample-page\\\/forderverein\\\/#breadcrumb\",\"itemListElement\":[{\"@type\":\"ListItem\",\"position\":1,\"name\":\"Startseite\",\"item\":\"https:\\\/\\\/wp2.nige.de\\\/wordpress\\\/\"},{\"@type\":\"ListItem\",\"position\":2,\"name\":\"NIGE\",\"item\":\"https:\\\/\\\/wp2.nige.de\\\/wordpress\\\/sample-page\\\/\"},{\"@type\":\"ListItem\",\"position\":3,\"name\":\"F\u00f6rderverein\"}]},{\"@type\":\"WebSite\",\"@id\":\"https:\\\/\\\/wp2.nige.de\\\/wordpress\\\/#website\",\"url\":\"https:\\\/\\\/wp2.nige.de\\\/wordpress\\\/\",\"name\":\"Nieders\u00e4chsisches Internatsgymnasium Esens | NIGE\",\"description\":\"Nieders\u00e4chsisches Internatsgymnasium Esens\",\"publisher\":{\"@id\":\"https:\\\/\\\/wp2.nige.de\\\/wordpress\\\/#organization\"},\"potentialAction\":[{\"@type\":\"SearchAction\",\"target\":{\"@type\":\"EntryPoint\",\"urlTemplate\":\"https:\\\/\\\/wp2.nige.de\\\/wordpress\\\/?s={search_term_string}\"},\"query-input\":{\"@type\":\"PropertyValueSpecification\",\"valueRequired\":true,\"valueName\":\"search_term_string\"}}],\"inLanguage\":\"de\"},{\"@type\":\"Organization\",\"@id\":\"https:\\\/\\\/wp2.nige.de\\\/wordpress\\\/#organization\",\"name\":\"Nieders\u00e4chsisches Internatsgymnasium Esens\",\"url\":\"https:\\\/\\\/wp2.nige.de\\\/wordpress\\\/\",\"logo\":{\"@type\":\"ImageObject\",\"inLanguage\":\"de\",\"@id\":\"https:\\\/\\\/wp2.nige.de\\\/wordpress\\\/#\\\/schema\\\/logo\\\/image\\\/\",\"url\":\"https:\\\/\\\/wp2.nige.de\\\/wordpress\\\/wp-content\\\/uploads\\\/2018\\\/08\\\/logo_nige.jpg\",\"contentUrl\":\"https:\\\/\\\/wp2.nige.de\\\/wordpress\\\/wp-content\\\/uploads\\\/2018\\\/08\\\/logo_nige.jpg\",\"width\":1984,\"height\":1239,\"caption\":\"Nieders\u00e4chsisches Internatsgymnasium Esens\"},\"image\":{\"@id\":\"https:\\\/\\\/wp2.nige.de\\\/wordpress\\\/#\\\/schema\\\/logo\\\/image\\\/\"},\"sameAs\":[\"https:\\\/\\\/www.facebook.com\\\/NIGEsens\\\/\"]}]}<\/script>\n<!-- \/ Yoast SEO plugin. -->","yoast_head_json":{"title":"F\u00f6rderverein - NIGE","robots":{"index":"index","follow":"follow","max-snippet":"max-snippet:-1","max-image-preview":"max-image-preview:large","max-video-preview":"max-video-preview:-1"},"canonical":"https:\/\/wp2.nige.de\/wordpress\/sample-page\/forderverein\/","og_locale":"de_DE","og_type":"article","og_title":"F\u00f6rderverein - NIGE","og_description":"Der F\u00f6rderverein des NIGE e.V. stellt sich vor Wir vom Verein der Ehemaligen, Freunde und F\u00f6rderer des Nieders\u00e4chsischen Internatsgymnasium Esens (NIGE) wollen unsere Schule mit entwickeln und f\u00f6rdern. Ehemalige, Eltern, Sch\u00fclerinnen und Sch\u00fcler, Bedienstete und alle am Schulleben Interessierte k\u00f6nnen uns unterst\u00fctzen oder aktiv mitarbeiten. Wir&#46;&#46;&#46;","og_url":"https:\/\/wp2.nige.de\/wordpress\/sample-page\/forderverein\/","og_site_name":"NIGE","article_publisher":"https:\/\/www.facebook.com\/NIGEsens\/","article_modified_time":"2026-04-16T08:07:57+00:00","og_image":[{"width":2078,"height":1558,"url":"https:\/\/wp2.nige.de\/wordpress\/wp-content\/uploads\/2026\/04\/Bild1.jpg","type":"image\/jpeg"}],"twitter_card":"summary_large_image","twitter_misc":{"Gesch\u00e4tzte Lesezeit":"2\u00a0Minuten"},"schema":{"@context":"https:\/\/schema.org","@graph":[{"@type":"WebPage","@id":"https:\/\/wp2.nige.de\/wordpress\/sample-page\/forderverein\/","url":"https:\/\/wp2.nige.de\/wordpress\/sample-page\/forderverein\/","name":"F\u00f6rderverein - NIGE","isPartOf":{"@id":"https:\/\/wp2.nige.de\/wordpress\/#website"},"primaryImageOfPage":{"@id":"https:\/\/wp2.nige.de\/wordpress\/sample-page\/forderverein\/#primaryimage"},"image":{"@id":"https:\/\/wp2.nige.de\/wordpress\/sample-page\/forderverein\/#primaryimage"},"thumbnailUrl":"https:\/\/wp2.nige.de\/wordpress\/wp-content\/uploads\/2026\/04\/Bild1-300x225.jpg","datePublished":"2013-07-27T12:14:44+00:00","dateModified":"2026-04-16T08:07:57+00:00","breadcrumb":{"@id":"https:\/\/wp2.nige.de\/wordpress\/sample-page\/forderverein\/#breadcrumb"},"inLanguage":"de","potentialAction":[{"@type":"ReadAction","target":["https:\/\/wp2.nige.de\/wordpress\/sample-page\/forderverein\/"]}]},{"@type":"ImageObject","inLanguage":"de","@id":"https:\/\/wp2.nige.de\/wordpress\/sample-page\/forderverein\/#primaryimage","url":"https:\/\/wp2.nige.de\/wordpress\/wp-content\/uploads\/2026\/04\/Bild1.jpg","contentUrl":"https:\/\/wp2.nige.de\/wordpress\/wp-content\/uploads\/2026\/04\/Bild1.jpg","width":2078,"height":1558},{"@type":"BreadcrumbList","@id":"https:\/\/wp2.nige.de\/wordpress\/sample-page\/forderverein\/#breadcrumb","itemListElement":[{"@type":"ListItem","position":1,"name":"Startseite","item":"https:\/\/wp2.nige.de\/wordpress\/"},{"@type":"ListItem","position":2,"name":"NIGE","item":"https:\/\/wp2.nige.de\/wordpress\/sample-page\/"},{"@type":"ListItem","position":3,"name":"F\u00f6rderverein"}]},{"@type":"WebSite","@id":"https:\/\/wp2.nige.de\/wordpress\/#website","url":"https:\/\/wp2.nige.de\/wordpress\/","name":"Nieders\u00e4chsisches Internatsgymnasium Esens | NIGE","description":"Nieders\u00e4chsisches Internatsgymnasium Esens","publisher":{"@id":"https:\/\/wp2.nige.de\/wordpress\/#organization"},"potentialAction":[{"@type":"SearchAction","target":{"@type":"EntryPoint","urlTemplate":"https:\/\/wp2.nige.de\/wordpress\/?s={search_term_string}"},"query-input":{"@type":"PropertyValueSpecification","valueRequired":true,"valueName":"search_term_string"}}],"inLanguage":"de"},{"@type":"Organization","@id":"https:\/\/wp2.nige.de\/wordpress\/#organization","name":"Nieders\u00e4chsisches Internatsgymnasium Esens","url":"https:\/\/wp2.nige.de\/wordpress\/","logo":{"@type":"ImageObject","inLanguage":"de","@id":"https:\/\/wp2.nige.de\/wordpress\/#\/schema\/logo\/image\/","url":"https:\/\/wp2.nige.de\/wordpress\/wp-content\/uploads\/2018\/08\/logo_nige.jpg","contentUrl":"https:\/\/wp2.nige.de\/wordpress\/wp-content\/uploads\/2018\/08\/logo_nige.jpg","width":1984,"height":1239,"caption":"Nieders\u00e4chsisches Internatsgymnasium Esens"},"image":{"@id":"https:\/\/wp2.nige.de\/wordpress\/#\/schema\/logo\/image\/"},"sameAs":["https:\/\/www.facebook.com\/NIGEsens\/"]}]}},"_links":{"self":[{"href":"https:\/\/wp2.nige.de\/wordpress\/wp-json\/wp\/v2\/pages\/874","targetHints":{"allow":["GET"]}}],"collection":[{"href":"https:\/\/wp2.nige.de\/wordpress\/wp-json\/wp\/v2\/pages"}],"about":[{"href":"https:\/\/wp2.nige.de\/wordpress\/wp-json\/wp\/v2\/types\/page"}],"author":[{"embeddable":true,"href":"https:\/\/wp2.nige.de\/wordpress\/wp-json\/wp\/v2\/users\/28"}],"replies":[{"embeddable":true,"href":"https:\/\/wp2.nige.de\/wordpress\/wp-json\/wp\/v2\/comments?post=874"}],"version-history":[{"count":39,"href":"https:\/\/wp2.nige.de\/wordpress\/wp-json\/wp\/v2\/pages\/874\/revisions"}],"predecessor-version":[{"id":18490,"href":"https:\/\/wp2.nige.de\/wordpress\/wp-json\/wp\/v2\/pages\/874\/revisions\/18490"}],"up":[{"embeddable":true,"href":"https:\/\/wp2.nige.de\/wordpress\/wp-json\/wp\/v2\/pages\/2"}],"wp:attachment":[{"href":"https:\/\/wp2.nige.de\/wordpress\/wp-json\/wp\/v2\/media?parent=874"}],"curies":[{"name":"wp","href":"https:\/\/api.w.org\/{rel}","templated":true}]}}