{"id":846,"date":"2013-07-26T13:00:20","date_gmt":"2013-07-26T11:00:20","guid":{"rendered":"http:\/\/wordpress.nige.de\/wordpress\/?page_id=846"},"modified":"2016-10-30T21:58:51","modified_gmt":"2016-10-30T20:58:51","slug":"tag-der-talente","status":"publish","type":"page","link":"https:\/\/wp2.nige.de\/wordpress\/sample-page\/hochbegabtenforderung\/tag-der-talente\/","title":{"rendered":"Tag der Talente"},"content":{"rendered":"<h1><strong><span style=\"color: #ff0000;\">Tag der Talente<\/span><\/strong><\/h1>\n<p>In regelm\u00e4\u00dfigen Abst\u00e4nden finden am NIGE die sogenannten \u201eTage der Talente\u201c statt. Sie dienen zur Begabtenf\u00f6rderung und bieten eine Plattform f\u00fcr Talente und Talentsucher.<\/p>\n<p>&nbsp;<\/p>\n<p>Es handelt sich um ein Projekt des Kooperationsverbundes Wittmund f\u00fcr die Hochbegabtenf\u00f6rderung. Das Angebot f\u00fcr den \u201ekleinen Kreis Esens\u201c (GS Blomberg-Neuschoo, GS Dornum, GS Westerholt, GS Utarp-Ochtersum) k\u00f6nnen alle Grundschulen und die Inselschulen nutzen, auch wenn sie dem Verbund nicht angeh\u00f6ren.<\/p>\n<p>Die Tage der Talente erfreuen sich gro\u00dfer Beliebtheit und verzeichnen steigende Teilnehmerzahlen.<\/p>\n<p>Ein \u201eTag der Talente\u201c umfasst die Stunden 1-6 (8:00 Uhr bis 13:25 Uhr), die Sch\u00fcler k\u00f6nnen die Schulbusse nutzen und werden von den jeweiligen Workshopleitern den Vormittag \u00fcber betreut.<\/p>\n<p>Die Anmeldung erfolgt bei Interesse nach Zustimmung des Klassenlehrers und dem Rektorat\u00a0 durch den Eintrag in die vorbereiteten Listen, die an die Schulen versendet werden.<\/p>\n<p>Die aktuellen Informationen zum Workshopangebot erscheinen jeweils zeitnah auf der aktuellen Homepage-Seite.<\/p>\n<p>&nbsp;<\/p>\n<p>&nbsp;<\/p>\n<p>&nbsp;<\/p>\n<p>&nbsp;<\/p>\n","protected":false},"excerpt":{"rendered":"<p>Tag der Talente In regelm\u00e4\u00dfigen Abst\u00e4nden finden am NIGE die sogenannten \u201eTage der Talente\u201c statt. Sie dienen zur Begabtenf\u00f6rderung und bieten eine Plattform f\u00fcr Talente und Talentsucher. &nbsp; Es handelt sich um ein Projekt des Kooperationsverbundes Wittmund f\u00fcr die Hochbegabtenf\u00f6rderung. Das Angebot f\u00fcr den \u201ekleinen Kreis&#46;&#46;&#46;<\/p>\n","protected":false},"author":28,"featured_media":0,"parent":99,"menu_order":0,"comment_status":"open","ping_status":"open","template":"","meta":{"ngg_post_thumbnail":0,"footnotes":""},"class_list":["post-846","page","type-page","status-publish","hentry"],"yoast_head":"<!-- This site is optimized with the Yoast SEO plugin v27.5 - https:\/\/yoast.com\/product\/yoast-seo-wordpress\/ -->\n<title>Tag der Talente - NIGE<\/title>\n<meta name=\"robots\" content=\"index, follow, max-snippet:-1, max-image-preview:large, max-video-preview:-1\" \/>\n<link rel=\"canonical\" href=\"https:\/\/wp2.nige.de\/wordpress\/sample-page\/hochbegabtenforderung\/tag-der-talente\/\" \/>\n<meta property=\"og:locale\" content=\"de_DE\" \/>\n<meta property=\"og:type\" content=\"article\" \/>\n<meta property=\"og:title\" content=\"Tag der Talente - NIGE\" \/>\n<meta property=\"og:description\" content=\"Tag der Talente In regelm\u00e4\u00dfigen Abst\u00e4nden finden am NIGE die sogenannten \u201eTage der Talente\u201c statt. Sie dienen zur Begabtenf\u00f6rderung und bieten eine Plattform f\u00fcr Talente und Talentsucher. &nbsp; Es handelt sich um ein Projekt des Kooperationsverbundes Wittmund f\u00fcr die Hochbegabtenf\u00f6rderung. Das Angebot f\u00fcr den \u201ekleinen Kreis&#046;&#046;&#046;\" \/>\n<meta property=\"og:url\" content=\"https:\/\/wp2.nige.de\/wordpress\/sample-page\/hochbegabtenforderung\/tag-der-talente\/\" \/>\n<meta property=\"og:site_name\" content=\"NIGE\" \/>\n<meta property=\"article:publisher\" content=\"https:\/\/www.facebook.com\/NIGEsens\/\" \/>\n<meta property=\"article:modified_time\" content=\"2016-10-30T20:58:51+00:00\" \/>\n<meta name=\"twitter:card\" content=\"summary_large_image\" \/>\n<meta name=\"twitter:label1\" content=\"Gesch\u00e4tzte Lesezeit\" \/>\n\t<meta name=\"twitter:data1\" content=\"1\u00a0Minute\" \/>\n<script type=\"application\/ld+json\" class=\"yoast-schema-graph\">{\"@context\":\"https:\\\/\\\/schema.org\",\"@graph\":[{\"@type\":\"WebPage\",\"@id\":\"https:\\\/\\\/wp2.nige.de\\\/wordpress\\\/sample-page\\\/hochbegabtenforderung\\\/tag-der-talente\\\/\",\"url\":\"https:\\\/\\\/wp2.nige.de\\\/wordpress\\\/sample-page\\\/hochbegabtenforderung\\\/tag-der-talente\\\/\",\"name\":\"Tag der Talente - NIGE\",\"isPartOf\":{\"@id\":\"https:\\\/\\\/wp2.nige.de\\\/wordpress\\\/#website\"},\"datePublished\":\"2013-07-26T11:00:20+00:00\",\"dateModified\":\"2016-10-30T20:58:51+00:00\",\"breadcrumb\":{\"@id\":\"https:\\\/\\\/wp2.nige.de\\\/wordpress\\\/sample-page\\\/hochbegabtenforderung\\\/tag-der-talente\\\/#breadcrumb\"},\"inLanguage\":\"de\",\"potentialAction\":[{\"@type\":\"ReadAction\",\"target\":[\"https:\\\/\\\/wp2.nige.de\\\/wordpress\\\/sample-page\\\/hochbegabtenforderung\\\/tag-der-talente\\\/\"]}]},{\"@type\":\"BreadcrumbList\",\"@id\":\"https:\\\/\\\/wp2.nige.de\\\/wordpress\\\/sample-page\\\/hochbegabtenforderung\\\/tag-der-talente\\\/#breadcrumb\",\"itemListElement\":[{\"@type\":\"ListItem\",\"position\":1,\"name\":\"Startseite\",\"item\":\"https:\\\/\\\/wp2.nige.de\\\/wordpress\\\/\"},{\"@type\":\"ListItem\",\"position\":2,\"name\":\"NIGE\",\"item\":\"https:\\\/\\\/wp2.nige.de\\\/wordpress\\\/sample-page\\\/\"},{\"@type\":\"ListItem\",\"position\":3,\"name\":\"Begabtenf\u00f6rderung\",\"item\":\"https:\\\/\\\/wp2.nige.de\\\/wordpress\\\/sample-page\\\/hochbegabtenforderung\\\/\"},{\"@type\":\"ListItem\",\"position\":4,\"name\":\"Tag der Talente\"}]},{\"@type\":\"WebSite\",\"@id\":\"https:\\\/\\\/wp2.nige.de\\\/wordpress\\\/#website\",\"url\":\"https:\\\/\\\/wp2.nige.de\\\/wordpress\\\/\",\"name\":\"Nieders\u00e4chsisches Internatsgymnasium Esens | NIGE\",\"description\":\"Nieders\u00e4chsisches Internatsgymnasium Esens\",\"publisher\":{\"@id\":\"https:\\\/\\\/wp2.nige.de\\\/wordpress\\\/#organization\"},\"potentialAction\":[{\"@type\":\"SearchAction\",\"target\":{\"@type\":\"EntryPoint\",\"urlTemplate\":\"https:\\\/\\\/wp2.nige.de\\\/wordpress\\\/?s={search_term_string}\"},\"query-input\":{\"@type\":\"PropertyValueSpecification\",\"valueRequired\":true,\"valueName\":\"search_term_string\"}}],\"inLanguage\":\"de\"},{\"@type\":\"Organization\",\"@id\":\"https:\\\/\\\/wp2.nige.de\\\/wordpress\\\/#organization\",\"name\":\"Nieders\u00e4chsisches Internatsgymnasium Esens\",\"url\":\"https:\\\/\\\/wp2.nige.de\\\/wordpress\\\/\",\"logo\":{\"@type\":\"ImageObject\",\"inLanguage\":\"de\",\"@id\":\"https:\\\/\\\/wp2.nige.de\\\/wordpress\\\/#\\\/schema\\\/logo\\\/image\\\/\",\"url\":\"https:\\\/\\\/wp2.nige.de\\\/wordpress\\\/wp-content\\\/uploads\\\/2018\\\/08\\\/logo_nige.jpg\",\"contentUrl\":\"https:\\\/\\\/wp2.nige.de\\\/wordpress\\\/wp-content\\\/uploads\\\/2018\\\/08\\\/logo_nige.jpg\",\"width\":1984,\"height\":1239,\"caption\":\"Nieders\u00e4chsisches Internatsgymnasium Esens\"},\"image\":{\"@id\":\"https:\\\/\\\/wp2.nige.de\\\/wordpress\\\/#\\\/schema\\\/logo\\\/image\\\/\"},\"sameAs\":[\"https:\\\/\\\/www.facebook.com\\\/NIGEsens\\\/\"]}]}<\/script>\n<!-- \/ Yoast SEO plugin. -->","yoast_head_json":{"title":"Tag der Talente - NIGE","robots":{"index":"index","follow":"follow","max-snippet":"max-snippet:-1","max-image-preview":"max-image-preview:large","max-video-preview":"max-video-preview:-1"},"canonical":"https:\/\/wp2.nige.de\/wordpress\/sample-page\/hochbegabtenforderung\/tag-der-talente\/","og_locale":"de_DE","og_type":"article","og_title":"Tag der Talente - NIGE","og_description":"Tag der Talente In regelm\u00e4\u00dfigen Abst\u00e4nden finden am NIGE die sogenannten \u201eTage der Talente\u201c statt. Sie dienen zur Begabtenf\u00f6rderung und bieten eine Plattform f\u00fcr Talente und Talentsucher. &nbsp; Es handelt sich um ein Projekt des Kooperationsverbundes Wittmund f\u00fcr die Hochbegabtenf\u00f6rderung. Das Angebot f\u00fcr den \u201ekleinen Kreis&#46;&#46;&#46;","og_url":"https:\/\/wp2.nige.de\/wordpress\/sample-page\/hochbegabtenforderung\/tag-der-talente\/","og_site_name":"NIGE","article_publisher":"https:\/\/www.facebook.com\/NIGEsens\/","article_modified_time":"2016-10-30T20:58:51+00:00","twitter_card":"summary_large_image","twitter_misc":{"Gesch\u00e4tzte Lesezeit":"1\u00a0Minute"},"schema":{"@context":"https:\/\/schema.org","@graph":[{"@type":"WebPage","@id":"https:\/\/wp2.nige.de\/wordpress\/sample-page\/hochbegabtenforderung\/tag-der-talente\/","url":"https:\/\/wp2.nige.de\/wordpress\/sample-page\/hochbegabtenforderung\/tag-der-talente\/","name":"Tag der Talente - NIGE","isPartOf":{"@id":"https:\/\/wp2.nige.de\/wordpress\/#website"},"datePublished":"2013-07-26T11:00:20+00:00","dateModified":"2016-10-30T20:58:51+00:00","breadcrumb":{"@id":"https:\/\/wp2.nige.de\/wordpress\/sample-page\/hochbegabtenforderung\/tag-der-talente\/#breadcrumb"},"inLanguage":"de","potentialAction":[{"@type":"ReadAction","target":["https:\/\/wp2.nige.de\/wordpress\/sample-page\/hochbegabtenforderung\/tag-der-talente\/"]}]},{"@type":"BreadcrumbList","@id":"https:\/\/wp2.nige.de\/wordpress\/sample-page\/hochbegabtenforderung\/tag-der-talente\/#breadcrumb","itemListElement":[{"@type":"ListItem","position":1,"name":"Startseite","item":"https:\/\/wp2.nige.de\/wordpress\/"},{"@type":"ListItem","position":2,"name":"NIGE","item":"https:\/\/wp2.nige.de\/wordpress\/sample-page\/"},{"@type":"ListItem","position":3,"name":"Begabtenf\u00f6rderung","item":"https:\/\/wp2.nige.de\/wordpress\/sample-page\/hochbegabtenforderung\/"},{"@type":"ListItem","position":4,"name":"Tag der Talente"}]},{"@type":"WebSite","@id":"https:\/\/wp2.nige.de\/wordpress\/#website","url":"https:\/\/wp2.nige.de\/wordpress\/","name":"Nieders\u00e4chsisches Internatsgymnasium Esens | NIGE","description":"Nieders\u00e4chsisches Internatsgymnasium Esens","publisher":{"@id":"https:\/\/wp2.nige.de\/wordpress\/#organization"},"potentialAction":[{"@type":"SearchAction","target":{"@type":"EntryPoint","urlTemplate":"https:\/\/wp2.nige.de\/wordpress\/?s={search_term_string}"},"query-input":{"@type":"PropertyValueSpecification","valueRequired":true,"valueName":"search_term_string"}}],"inLanguage":"de"},{"@type":"Organization","@id":"https:\/\/wp2.nige.de\/wordpress\/#organization","name":"Nieders\u00e4chsisches Internatsgymnasium Esens","url":"https:\/\/wp2.nige.de\/wordpress\/","logo":{"@type":"ImageObject","inLanguage":"de","@id":"https:\/\/wp2.nige.de\/wordpress\/#\/schema\/logo\/image\/","url":"https:\/\/wp2.nige.de\/wordpress\/wp-content\/uploads\/2018\/08\/logo_nige.jpg","contentUrl":"https:\/\/wp2.nige.de\/wordpress\/wp-content\/uploads\/2018\/08\/logo_nige.jpg","width":1984,"height":1239,"caption":"Nieders\u00e4chsisches Internatsgymnasium Esens"},"image":{"@id":"https:\/\/wp2.nige.de\/wordpress\/#\/schema\/logo\/image\/"},"sameAs":["https:\/\/www.facebook.com\/NIGEsens\/"]}]}},"_links":{"self":[{"href":"https:\/\/wp2.nige.de\/wordpress\/wp-json\/wp\/v2\/pages\/846","targetHints":{"allow":["GET"]}}],"collection":[{"href":"https:\/\/wp2.nige.de\/wordpress\/wp-json\/wp\/v2\/pages"}],"about":[{"href":"https:\/\/wp2.nige.de\/wordpress\/wp-json\/wp\/v2\/types\/page"}],"author":[{"embeddable":true,"href":"https:\/\/wp2.nige.de\/wordpress\/wp-json\/wp\/v2\/users\/28"}],"replies":[{"embeddable":true,"href":"https:\/\/wp2.nige.de\/wordpress\/wp-json\/wp\/v2\/comments?post=846"}],"version-history":[{"count":15,"href":"https:\/\/wp2.nige.de\/wordpress\/wp-json\/wp\/v2\/pages\/846\/revisions"}],"predecessor-version":[{"id":6593,"href":"https:\/\/wp2.nige.de\/wordpress\/wp-json\/wp\/v2\/pages\/846\/revisions\/6593"}],"up":[{"embeddable":true,"href":"https:\/\/wp2.nige.de\/wordpress\/wp-json\/wp\/v2\/pages\/99"}],"wp:attachment":[{"href":"https:\/\/wp2.nige.de\/wordpress\/wp-json\/wp\/v2\/media?parent=846"}],"curies":[{"name":"wp","href":"https:\/\/api.w.org\/{rel}","templated":true}]}}