{"id":6102,"date":"2016-08-03T13:25:53","date_gmt":"2016-08-03T11:25:53","guid":{"rendered":"http:\/\/wp2.nige.de\/wordpress\/?page_id=6102"},"modified":"2025-08-04T09:08:02","modified_gmt":"2025-08-04T07:08:02","slug":"erasmus","status":"publish","type":"page","link":"https:\/\/wp2.nige.de\/wordpress\/sample-page\/erasmus\/","title":{"rendered":"Erasmus"},"content":{"rendered":"<p style=\"text-align: center;\"><span style=\"color: #000000;\"><span style=\"font-family: Tahoma,sans-serif;\"><span style=\"font-size: xx-large;\"><u><b>Be-well@school.eu<\/b><\/u><\/span><\/span><\/span><\/p>\n<p style=\"text-align: center;\"><img loading=\"lazy\" decoding=\"async\" class=\"size-medium wp-image-6793 aligncenter\" src=\"http:\/\/wp2.nige.de\/wordpress\/wp-content\/uploads\/2016\/08\/Logo-2-300x300.jpg\" alt=\"Logo 2\" width=\"300\" height=\"300\" srcset=\"https:\/\/wp2.nige.de\/wordpress\/wp-content\/uploads\/2016\/08\/Logo-2-300x300.jpg 300w, https:\/\/wp2.nige.de\/wordpress\/wp-content\/uploads\/2016\/08\/Logo-2-1024x1024.jpg 1024w\" sizes=\"auto, (max-width: 300px) 100vw, 300px\" \/><\/p>\n<p>&nbsp;<\/p>\n<p style=\"text-align: center;\">Offizieller Link des Erasmusprojektes<\/p>\n<p style=\"text-align: center;\"><a href=\"http:\/\/www.bewellatschool.sp16przemysl.pl\">http:\/\/www.bewellatschool.sp16przemysl.pl<\/a><\/p>\n<p style=\"text-align: center;\"><a href=\"http:\/\/wp2.nige.de\/wordpress\/wp-content\/uploads\/2016\/08\/Projektbeschreibung-19.pdf\">Projektbeschreibung<\/a><\/p>\n<p style=\"text-align: center;\"><a href=\"http:\/\/wp2.nige.de\/wordpress\/?p=6669&amp;preview=true\">Vorbereitungstreffen<\/a><\/p>\n<p style=\"text-align: center;\"><strong><span style=\"font-family: Tahoma,sans-serif;\"><u>L\u00e4nder\u00fcbergreifendes Projekttreffen<\/u><\/span><\/strong><\/p>\n<p style=\"text-align: center;\"><a href=\"http:\/\/wp2.nige.de\/wordpress\/?p=6663&amp;preview=true\">Italien (November 2016)<\/a><\/p>\n<p style=\"text-align: center;\"><a href=\"http:\/\/wp2.nige.de\/wordpress\/?p=7049\"><span style=\"font-family: Tahoma,sans-serif;\">Litauen (M\u00e4rz 2017)<\/span><\/a><\/p>\n<p style=\"text-align: center;\"><a href=\"http:\/\/wp2.nige.de\/wordpress\/?p=8228\"><span style=\"font-family: Tahoma,sans-serif;\">Deutschland (Dezember 2017)<\/span><\/a><\/p>\n<p style=\"text-align: center;\"><strong><span style=\"font-family: Tahoma,sans-serif;\"><u>Ausbildungs-, Unterrichts- und Lernaktivit\u00e4ten<\/u><\/span><\/strong><\/p>\n<p style=\"text-align: center;\"><a href=\"http:\/\/wp2.nige.de\/wordpress\/?p=6867\"><span style=\"font-family: Tahoma,sans-serif;\">Polen (Februar 2017)<\/span><\/a><\/p>\n<p style=\"text-align: center;\"><a href=\"http:\/\/wp2.nige.de\/wordpress\/?p=7173\"><span style=\"font-family: Tahoma,sans-serif;\">Deutschland (Mai 2017)<\/span><\/a><\/p>\n<p style=\"text-align: center;\"><a href=\"http:\/\/wp2.nige.de\/wordpress\/?page_id=8136\"><span style=\"font-family: Tahoma,sans-serif;\">Italien (Oktober 2017)<\/span><\/a><\/p>\n<p style=\"text-align: center;\"><a href=\"http:\/\/wp2.nige.de\/wordpress\/?p=8148\"><span style=\"font-family: Tahoma,sans-serif;\">Litauen (Februar 2018)<\/span><\/a><\/p>\n<p style=\"text-align: center;\"><a href=\"http:\/\/wp2.nige.de\/wordpress\/?p=6964&amp;preview=true\"><span style=\"font-family: Tahoma,sans-serif;\"><u>Projektergebnisse<\/u><\/span><\/a><\/p>\n<p style=\"text-align: center;\">Das Erasmus &#8211; Projekt &#8222;Bewell@school.eu&#8220; (2016 -2018) wurde vom P\u00e4dagogischen Austauschdienst (PAD) in Hinblick auf quantitative und qualitative Ergebnisse als <strong>sehr gut bis exzellent<\/strong> eingesch\u00e4tzt und deshalb mit dem &#8222;Erasmus+ Qualit\u00e4tssiegel 2018&#8220; ausgezeichnet.&nbsp;<\/p>\n<p style=\"text-align: center;\"><a href=\"https:\/\/wp2.nige.de\/wordpress\/wp-content\/uploads\/2025\/08\/KA1_weiss_2024_600x375.jpg\"><img loading=\"lazy\" decoding=\"async\" class=\"aligncenter wp-image-17258 size-full\" src=\"https:\/\/wp2.nige.de\/wordpress\/wp-content\/uploads\/2025\/08\/KA1_weiss_2024_600x375.jpg\" alt=\"\" width=\"600\" height=\"375\" srcset=\"https:\/\/wp2.nige.de\/wordpress\/wp-content\/uploads\/2025\/08\/KA1_weiss_2024_600x375.jpg 600w, https:\/\/wp2.nige.de\/wordpress\/wp-content\/uploads\/2025\/08\/KA1_weiss_2024_600x375-300x188.jpg 300w\" sizes=\"auto, (max-width: 600px) 100vw, 600px\" \/><\/a><\/p>\n<p style=\"text-align: center;\"><a href=\"https:\/\/wp2.nige.de\/wordpress\/wp-content\/uploads\/2023\/06\/Erasmus_with_baseline-left_pos_RGB_EN.png\"><img loading=\"lazy\" decoding=\"async\" class=\"aligncenter wp-image-14235 size-medium\" src=\"https:\/\/wp2.nige.de\/wordpress\/wp-content\/uploads\/2023\/06\/Erasmus_with_baseline-left_pos_RGB_EN-300x103.png\" alt=\"\" width=\"300\" height=\"103\" srcset=\"https:\/\/wp2.nige.de\/wordpress\/wp-content\/uploads\/2023\/06\/Erasmus_with_baseline-left_pos_RGB_EN-300x103.png 300w, https:\/\/wp2.nige.de\/wordpress\/wp-content\/uploads\/2023\/06\/Erasmus_with_baseline-left_pos_RGB_EN-1024x351.png 1024w, https:\/\/wp2.nige.de\/wordpress\/wp-content\/uploads\/2023\/06\/Erasmus_with_baseline-left_pos_RGB_EN-1536x526.png 1536w, https:\/\/wp2.nige.de\/wordpress\/wp-content\/uploads\/2023\/06\/Erasmus_with_baseline-left_pos_RGB_EN-2048x702.png 2048w\" sizes=\"auto, (max-width: 300px) 100vw, 300px\" \/><\/a><\/p>\n<p style=\"text-align: center;\"><em><span style=\"font-size: 10pt;\">Von der Europ\u00e4ischen Union finanziert. Die ge\u00e4u\u00dferten Ansichten und Meinungen entsprechen jedoch ausschlie\u00dflich denen des Autors bzw. der Autoren und spiegeln nicht zwingend die der Europ\u00e4ischen Union oder der Europ\u00e4ischen Exekutivagentur f\u00fcr Bildung und Kultur (EACEA) wider. Weder die Europ\u00e4ische Union noch die EACEA k\u00f6nnen daf\u00fcr verantwortlich gemacht werden.<\/span><\/em><\/p>\n<p>&nbsp;<\/p>\n<p>&nbsp;<\/p>\n<p>&nbsp;<\/p>\n<p>&nbsp;<\/p>\n","protected":false},"excerpt":{"rendered":"<p>Be-well@school.eu &nbsp; Offizieller Link des Erasmusprojektes http:\/\/www.bewellatschool.sp16przemysl.pl Projektbeschreibung Vorbereitungstreffen L\u00e4nder\u00fcbergreifendes Projekttreffen Italien (November 2016) Litauen (M\u00e4rz 2017) Deutschland (Dezember 2017) Ausbildungs-, Unterrichts- und Lernaktivit\u00e4ten Polen (Februar 2017) Deutschland (Mai 2017) Italien (Oktober 2017) Litauen (Februar 2018) Projektergebnisse Das Erasmus &#8211; Projekt &#8222;Bewell@school.eu&#8220; (2016 -2018) wurde vom&#46;&#46;&#46;<\/p>\n","protected":false},"author":28,"featured_media":0,"parent":2,"menu_order":0,"comment_status":"closed","ping_status":"closed","template":"","meta":{"ngg_post_thumbnail":0,"footnotes":""},"class_list":["post-6102","page","type-page","status-publish","hentry"],"yoast_head":"<!-- This site is optimized with the Yoast SEO plugin v27.5 - https:\/\/yoast.com\/product\/yoast-seo-wordpress\/ -->\n<title>Erasmus - NIGE<\/title>\n<meta name=\"robots\" content=\"index, follow, max-snippet:-1, max-image-preview:large, max-video-preview:-1\" \/>\n<link rel=\"canonical\" href=\"https:\/\/wp2.nige.de\/wordpress\/sample-page\/erasmus\/\" \/>\n<meta property=\"og:locale\" content=\"de_DE\" \/>\n<meta property=\"og:type\" content=\"article\" \/>\n<meta property=\"og:title\" content=\"Erasmus - NIGE\" \/>\n<meta property=\"og:description\" content=\"Be-well@school.eu &nbsp; Offizieller Link des Erasmusprojektes http:\/\/www.bewellatschool.sp16przemysl.pl Projektbeschreibung Vorbereitungstreffen L\u00e4nder\u00fcbergreifendes Projekttreffen Italien (November 2016) Litauen (M\u00e4rz 2017) Deutschland (Dezember 2017) Ausbildungs-, Unterrichts- und Lernaktivit\u00e4ten Polen (Februar 2017) Deutschland (Mai 2017) Italien (Oktober 2017) Litauen (Februar 2018) Projektergebnisse Das Erasmus &#8211; Projekt &#8222;Bewell@school.eu&#8220; (2016 -2018) wurde vom&#046;&#046;&#046;\" \/>\n<meta property=\"og:url\" content=\"https:\/\/wp2.nige.de\/wordpress\/sample-page\/erasmus\/\" \/>\n<meta property=\"og:site_name\" content=\"NIGE\" \/>\n<meta property=\"article:publisher\" content=\"https:\/\/www.facebook.com\/NIGEsens\/\" \/>\n<meta property=\"article:modified_time\" content=\"2025-08-04T07:08:02+00:00\" \/>\n<meta property=\"og:image\" content=\"https:\/\/wp2.nige.de\/wordpress\/wp-content\/uploads\/2016\/08\/Logo-2.jpg\" \/>\n\t<meta property=\"og:image:width\" content=\"3000\" \/>\n\t<meta property=\"og:image:height\" content=\"3000\" \/>\n\t<meta property=\"og:image:type\" content=\"image\/jpeg\" \/>\n<meta name=\"twitter:card\" content=\"summary_large_image\" \/>\n<meta name=\"twitter:label1\" content=\"Gesch\u00e4tzte Lesezeit\" \/>\n\t<meta name=\"twitter:data1\" content=\"2\u00a0Minuten\" \/>\n<script type=\"application\/ld+json\" class=\"yoast-schema-graph\">{\"@context\":\"https:\\\/\\\/schema.org\",\"@graph\":[{\"@type\":\"WebPage\",\"@id\":\"https:\\\/\\\/wp2.nige.de\\\/wordpress\\\/sample-page\\\/erasmus\\\/\",\"url\":\"https:\\\/\\\/wp2.nige.de\\\/wordpress\\\/sample-page\\\/erasmus\\\/\",\"name\":\"Erasmus - NIGE\",\"isPartOf\":{\"@id\":\"https:\\\/\\\/wp2.nige.de\\\/wordpress\\\/#website\"},\"primaryImageOfPage\":{\"@id\":\"https:\\\/\\\/wp2.nige.de\\\/wordpress\\\/sample-page\\\/erasmus\\\/#primaryimage\"},\"image\":{\"@id\":\"https:\\\/\\\/wp2.nige.de\\\/wordpress\\\/sample-page\\\/erasmus\\\/#primaryimage\"},\"thumbnailUrl\":\"http:\\\/\\\/wp2.nige.de\\\/wordpress\\\/wp-content\\\/uploads\\\/2016\\\/08\\\/Logo-2-300x300.jpg\",\"datePublished\":\"2016-08-03T11:25:53+00:00\",\"dateModified\":\"2025-08-04T07:08:02+00:00\",\"breadcrumb\":{\"@id\":\"https:\\\/\\\/wp2.nige.de\\\/wordpress\\\/sample-page\\\/erasmus\\\/#breadcrumb\"},\"inLanguage\":\"de\",\"potentialAction\":[{\"@type\":\"ReadAction\",\"target\":[\"https:\\\/\\\/wp2.nige.de\\\/wordpress\\\/sample-page\\\/erasmus\\\/\"]}]},{\"@type\":\"ImageObject\",\"inLanguage\":\"de\",\"@id\":\"https:\\\/\\\/wp2.nige.de\\\/wordpress\\\/sample-page\\\/erasmus\\\/#primaryimage\",\"url\":\"https:\\\/\\\/wp2.nige.de\\\/wordpress\\\/wp-content\\\/uploads\\\/2016\\\/08\\\/Logo-2.jpg\",\"contentUrl\":\"https:\\\/\\\/wp2.nige.de\\\/wordpress\\\/wp-content\\\/uploads\\\/2016\\\/08\\\/Logo-2.jpg\",\"width\":3000,\"height\":3000},{\"@type\":\"BreadcrumbList\",\"@id\":\"https:\\\/\\\/wp2.nige.de\\\/wordpress\\\/sample-page\\\/erasmus\\\/#breadcrumb\",\"itemListElement\":[{\"@type\":\"ListItem\",\"position\":1,\"name\":\"Startseite\",\"item\":\"https:\\\/\\\/wp2.nige.de\\\/wordpress\\\/\"},{\"@type\":\"ListItem\",\"position\":2,\"name\":\"NIGE\",\"item\":\"https:\\\/\\\/wp2.nige.de\\\/wordpress\\\/sample-page\\\/\"},{\"@type\":\"ListItem\",\"position\":3,\"name\":\"Erasmus\"}]},{\"@type\":\"WebSite\",\"@id\":\"https:\\\/\\\/wp2.nige.de\\\/wordpress\\\/#website\",\"url\":\"https:\\\/\\\/wp2.nige.de\\\/wordpress\\\/\",\"name\":\"Nieders\u00e4chsisches Internatsgymnasium Esens | NIGE\",\"description\":\"Nieders\u00e4chsisches Internatsgymnasium Esens\",\"publisher\":{\"@id\":\"https:\\\/\\\/wp2.nige.de\\\/wordpress\\\/#organization\"},\"potentialAction\":[{\"@type\":\"SearchAction\",\"target\":{\"@type\":\"EntryPoint\",\"urlTemplate\":\"https:\\\/\\\/wp2.nige.de\\\/wordpress\\\/?s={search_term_string}\"},\"query-input\":{\"@type\":\"PropertyValueSpecification\",\"valueRequired\":true,\"valueName\":\"search_term_string\"}}],\"inLanguage\":\"de\"},{\"@type\":\"Organization\",\"@id\":\"https:\\\/\\\/wp2.nige.de\\\/wordpress\\\/#organization\",\"name\":\"Nieders\u00e4chsisches Internatsgymnasium Esens\",\"url\":\"https:\\\/\\\/wp2.nige.de\\\/wordpress\\\/\",\"logo\":{\"@type\":\"ImageObject\",\"inLanguage\":\"de\",\"@id\":\"https:\\\/\\\/wp2.nige.de\\\/wordpress\\\/#\\\/schema\\\/logo\\\/image\\\/\",\"url\":\"https:\\\/\\\/wp2.nige.de\\\/wordpress\\\/wp-content\\\/uploads\\\/2018\\\/08\\\/logo_nige.jpg\",\"contentUrl\":\"https:\\\/\\\/wp2.nige.de\\\/wordpress\\\/wp-content\\\/uploads\\\/2018\\\/08\\\/logo_nige.jpg\",\"width\":1984,\"height\":1239,\"caption\":\"Nieders\u00e4chsisches Internatsgymnasium Esens\"},\"image\":{\"@id\":\"https:\\\/\\\/wp2.nige.de\\\/wordpress\\\/#\\\/schema\\\/logo\\\/image\\\/\"},\"sameAs\":[\"https:\\\/\\\/www.facebook.com\\\/NIGEsens\\\/\"]}]}<\/script>\n<!-- \/ Yoast SEO plugin. -->","yoast_head_json":{"title":"Erasmus - NIGE","robots":{"index":"index","follow":"follow","max-snippet":"max-snippet:-1","max-image-preview":"max-image-preview:large","max-video-preview":"max-video-preview:-1"},"canonical":"https:\/\/wp2.nige.de\/wordpress\/sample-page\/erasmus\/","og_locale":"de_DE","og_type":"article","og_title":"Erasmus - NIGE","og_description":"Be-well@school.eu &nbsp; Offizieller Link des Erasmusprojektes http:\/\/www.bewellatschool.sp16przemysl.pl Projektbeschreibung Vorbereitungstreffen L\u00e4nder\u00fcbergreifendes Projekttreffen Italien (November 2016) Litauen (M\u00e4rz 2017) Deutschland (Dezember 2017) Ausbildungs-, Unterrichts- und Lernaktivit\u00e4ten Polen (Februar 2017) Deutschland (Mai 2017) Italien (Oktober 2017) Litauen (Februar 2018) Projektergebnisse Das Erasmus &#8211; Projekt &#8222;Bewell@school.eu&#8220; (2016 -2018) wurde vom&#46;&#46;&#46;","og_url":"https:\/\/wp2.nige.de\/wordpress\/sample-page\/erasmus\/","og_site_name":"NIGE","article_publisher":"https:\/\/www.facebook.com\/NIGEsens\/","article_modified_time":"2025-08-04T07:08:02+00:00","og_image":[{"width":3000,"height":3000,"url":"https:\/\/wp2.nige.de\/wordpress\/wp-content\/uploads\/2016\/08\/Logo-2.jpg","type":"image\/jpeg"}],"twitter_card":"summary_large_image","twitter_misc":{"Gesch\u00e4tzte Lesezeit":"2\u00a0Minuten"},"schema":{"@context":"https:\/\/schema.org","@graph":[{"@type":"WebPage","@id":"https:\/\/wp2.nige.de\/wordpress\/sample-page\/erasmus\/","url":"https:\/\/wp2.nige.de\/wordpress\/sample-page\/erasmus\/","name":"Erasmus - NIGE","isPartOf":{"@id":"https:\/\/wp2.nige.de\/wordpress\/#website"},"primaryImageOfPage":{"@id":"https:\/\/wp2.nige.de\/wordpress\/sample-page\/erasmus\/#primaryimage"},"image":{"@id":"https:\/\/wp2.nige.de\/wordpress\/sample-page\/erasmus\/#primaryimage"},"thumbnailUrl":"http:\/\/wp2.nige.de\/wordpress\/wp-content\/uploads\/2016\/08\/Logo-2-300x300.jpg","datePublished":"2016-08-03T11:25:53+00:00","dateModified":"2025-08-04T07:08:02+00:00","breadcrumb":{"@id":"https:\/\/wp2.nige.de\/wordpress\/sample-page\/erasmus\/#breadcrumb"},"inLanguage":"de","potentialAction":[{"@type":"ReadAction","target":["https:\/\/wp2.nige.de\/wordpress\/sample-page\/erasmus\/"]}]},{"@type":"ImageObject","inLanguage":"de","@id":"https:\/\/wp2.nige.de\/wordpress\/sample-page\/erasmus\/#primaryimage","url":"https:\/\/wp2.nige.de\/wordpress\/wp-content\/uploads\/2016\/08\/Logo-2.jpg","contentUrl":"https:\/\/wp2.nige.de\/wordpress\/wp-content\/uploads\/2016\/08\/Logo-2.jpg","width":3000,"height":3000},{"@type":"BreadcrumbList","@id":"https:\/\/wp2.nige.de\/wordpress\/sample-page\/erasmus\/#breadcrumb","itemListElement":[{"@type":"ListItem","position":1,"name":"Startseite","item":"https:\/\/wp2.nige.de\/wordpress\/"},{"@type":"ListItem","position":2,"name":"NIGE","item":"https:\/\/wp2.nige.de\/wordpress\/sample-page\/"},{"@type":"ListItem","position":3,"name":"Erasmus"}]},{"@type":"WebSite","@id":"https:\/\/wp2.nige.de\/wordpress\/#website","url":"https:\/\/wp2.nige.de\/wordpress\/","name":"Nieders\u00e4chsisches Internatsgymnasium Esens | NIGE","description":"Nieders\u00e4chsisches Internatsgymnasium Esens","publisher":{"@id":"https:\/\/wp2.nige.de\/wordpress\/#organization"},"potentialAction":[{"@type":"SearchAction","target":{"@type":"EntryPoint","urlTemplate":"https:\/\/wp2.nige.de\/wordpress\/?s={search_term_string}"},"query-input":{"@type":"PropertyValueSpecification","valueRequired":true,"valueName":"search_term_string"}}],"inLanguage":"de"},{"@type":"Organization","@id":"https:\/\/wp2.nige.de\/wordpress\/#organization","name":"Nieders\u00e4chsisches Internatsgymnasium Esens","url":"https:\/\/wp2.nige.de\/wordpress\/","logo":{"@type":"ImageObject","inLanguage":"de","@id":"https:\/\/wp2.nige.de\/wordpress\/#\/schema\/logo\/image\/","url":"https:\/\/wp2.nige.de\/wordpress\/wp-content\/uploads\/2018\/08\/logo_nige.jpg","contentUrl":"https:\/\/wp2.nige.de\/wordpress\/wp-content\/uploads\/2018\/08\/logo_nige.jpg","width":1984,"height":1239,"caption":"Nieders\u00e4chsisches Internatsgymnasium Esens"},"image":{"@id":"https:\/\/wp2.nige.de\/wordpress\/#\/schema\/logo\/image\/"},"sameAs":["https:\/\/www.facebook.com\/NIGEsens\/"]}]}},"_links":{"self":[{"href":"https:\/\/wp2.nige.de\/wordpress\/wp-json\/wp\/v2\/pages\/6102","targetHints":{"allow":["GET"]}}],"collection":[{"href":"https:\/\/wp2.nige.de\/wordpress\/wp-json\/wp\/v2\/pages"}],"about":[{"href":"https:\/\/wp2.nige.de\/wordpress\/wp-json\/wp\/v2\/types\/page"}],"author":[{"embeddable":true,"href":"https:\/\/wp2.nige.de\/wordpress\/wp-json\/wp\/v2\/users\/28"}],"replies":[{"embeddable":true,"href":"https:\/\/wp2.nige.de\/wordpress\/wp-json\/wp\/v2\/comments?post=6102"}],"version-history":[{"count":35,"href":"https:\/\/wp2.nige.de\/wordpress\/wp-json\/wp\/v2\/pages\/6102\/revisions"}],"predecessor-version":[{"id":17259,"href":"https:\/\/wp2.nige.de\/wordpress\/wp-json\/wp\/v2\/pages\/6102\/revisions\/17259"}],"up":[{"embeddable":true,"href":"https:\/\/wp2.nige.de\/wordpress\/wp-json\/wp\/v2\/pages\/2"}],"wp:attachment":[{"href":"https:\/\/wp2.nige.de\/wordpress\/wp-json\/wp\/v2\/media?parent=6102"}],"curies":[{"name":"wp","href":"https:\/\/api.w.org\/{rel}","templated":true}]}}