{"id":54,"date":"2013-07-04T09:34:32","date_gmt":"2013-07-04T09:34:32","guid":{"rendered":"http:\/\/10.40.11.10\/wordpress\/?page_id=54"},"modified":"2023-10-13T08:44:00","modified_gmt":"2023-10-13T06:44:00","slug":"bibliothek","status":"publish","type":"page","link":"https:\/\/wp2.nige.de\/wordpress\/sample-page\/schulleben\/bibliothek\/","title":{"rendered":"Bibliothek"},"content":{"rendered":"<p><a href=\"http:\/\/wp2.nige.de\/wordpress\/wp-content\/uploads\/2013\/07\/BiBi.013.jpg\"><img loading=\"lazy\" decoding=\"async\" class=\"alignleft size-medium wp-image-1669\" src=\"http:\/\/wp2.nige.de\/wordpress\/wp-content\/uploads\/2013\/07\/BiBi.013-300x225.jpg\" alt=\"BiBi.013\" width=\"300\" height=\"225\" srcset=\"https:\/\/wp2.nige.de\/wordpress\/wp-content\/uploads\/2013\/07\/BiBi.013-300x225.jpg 300w, https:\/\/wp2.nige.de\/wordpress\/wp-content\/uploads\/2013\/07\/BiBi.013.jpg 600w\" sizes=\"auto, (max-width: 300px) 100vw, 300px\" \/><\/a>ER<strong>L<\/strong><b>ESEN<\/b>ES AM NIGE<br \/>\nHerzlich Willkommen in der Schulbibliothek und Mediathek<\/p>\n<p>Seit der Fertigstellung des Ganztagsschulgeb\u00e4udes 2008 pr\u00e4sentiert sich unsere Schulbibliothek in ihren neuen, lichtdurchfluteten R\u00e4umen. Den Sch\u00fclern und Lehrern steht hier ein Medienbestand von mittlerweile 15.000 Einheiten zur Verf\u00fcgung, darunter ein umfangreiches Angebot an Nachschlagewerken, z.B. die Britannica, der Brockhaus und einzelne Sprachlexika mit Trainingsprogrammen auf CD-Rom. Neben einer gro\u00dfen Auswahl an Jugendb\u00fcchern, die sich besonders bei den unteren Jahrg\u00e4ngen wachsender Beliebtheit erfreut, halten wir ein breites Sortiment an Sach- und Fachb\u00fcchern aus allen Wissensgebieten und verschiedene Zeitschriften bereit,die laufend aktualisiert und erg\u00e4nzt werden. Dar\u00fcber hinaus k\u00f6nnen 16 Laptops mit Internetzugang zur Nutzung innerhalb der Bibliotheksr\u00e4ume entliehen werden, an denen auch Zugriff auf unseren EDV-Katalog auf Iserv besteht, der eine vielf\u00e4ltige Schlagwort- und Titelsuche erm\u00f6glicht. Folglich stellt sich unsere Schulbibliothek als hervorragend ausgestattetes Medienzentrum dar, welches sowohl einzelnen Sch\u00fclern und Sch\u00fclerinnen als auch Sch\u00fclergruppen einen Ort zum Lesen und Lernen sowie zur Informationsbeschaffung und -verarbeitung bietet. Die Schulbibliothek ist allen Sch\u00fclerInnen und MitarbeiterInnen zug\u00e4nglich w\u00e4hrend der<\/p>\n<p>Sie wird betreut durch den Bibliotheksleiter Frau Klemm und ihr Team<\/p>\n<p>Wechselnde Ausstellungen zur Pr\u00e4sentation unseres Buchbestandes finden statt, um auf aktuelle Themen oder auf&nbsp; im Regal sonst vereinsamende B\u00fccher aufmerksam zu machen. Die laufende Ausstellungen laufen zu den Themen:<\/p>\n<p>1. Neue Kinder- und Jugendliteratur<\/p>\n<p>2. Die wichtigsten Werke der Weltliteratur des 20. Jahrhunderts<\/p>\n<p>&nbsp;<\/p>\n<p>&nbsp;<\/p>\n<p>&nbsp;<\/p>\n","protected":false},"excerpt":{"rendered":"<p>ERLESENES AM NIGE Herzlich Willkommen in der Schulbibliothek und Mediathek Seit der Fertigstellung des Ganztagsschulgeb\u00e4udes 2008 pr\u00e4sentiert sich unsere Schulbibliothek in ihren neuen, lichtdurchfluteten R\u00e4umen. Den Sch\u00fclern und Lehrern steht hier ein Medienbestand von mittlerweile 15.000 Einheiten zur Verf\u00fcgung, darunter ein umfangreiches Angebot an Nachschlagewerken, z.B.&#46;&#46;&#46;<\/p>\n","protected":false},"author":28,"featured_media":0,"parent":11,"menu_order":4,"comment_status":"open","ping_status":"open","template":"","meta":{"ngg_post_thumbnail":0,"footnotes":""},"class_list":["post-54","page","type-page","status-publish","hentry"],"yoast_head":"<!-- This site is optimized with the Yoast SEO plugin v27.5 - https:\/\/yoast.com\/product\/yoast-seo-wordpress\/ -->\n<title>Bibliothek - NIGE<\/title>\n<meta name=\"robots\" content=\"index, follow, max-snippet:-1, max-image-preview:large, max-video-preview:-1\" \/>\n<link rel=\"canonical\" href=\"https:\/\/wp2.nige.de\/wordpress\/sample-page\/schulleben\/bibliothek\/\" \/>\n<meta property=\"og:locale\" content=\"de_DE\" \/>\n<meta property=\"og:type\" content=\"article\" \/>\n<meta property=\"og:title\" content=\"Bibliothek - NIGE\" \/>\n<meta property=\"og:description\" content=\"ERLESENES AM NIGE Herzlich Willkommen in der Schulbibliothek und Mediathek Seit der Fertigstellung des Ganztagsschulgeb\u00e4udes 2008 pr\u00e4sentiert sich unsere Schulbibliothek in ihren neuen, lichtdurchfluteten R\u00e4umen. Den Sch\u00fclern und Lehrern steht hier ein Medienbestand von mittlerweile 15.000 Einheiten zur Verf\u00fcgung, darunter ein umfangreiches Angebot an Nachschlagewerken, z.B.&#046;&#046;&#046;\" \/>\n<meta property=\"og:url\" content=\"https:\/\/wp2.nige.de\/wordpress\/sample-page\/schulleben\/bibliothek\/\" \/>\n<meta property=\"og:site_name\" content=\"NIGE\" \/>\n<meta property=\"article:publisher\" content=\"https:\/\/www.facebook.com\/NIGEsens\/\" \/>\n<meta property=\"article:modified_time\" content=\"2023-10-13T06:44:00+00:00\" \/>\n<meta property=\"og:image\" content=\"http:\/\/wp2.nige.de\/wordpress\/wp-content\/uploads\/2013\/07\/BiBi.013-300x225.jpg\" \/>\n<meta name=\"twitter:card\" content=\"summary_large_image\" \/>\n<meta name=\"twitter:label1\" content=\"Gesch\u00e4tzte Lesezeit\" \/>\n\t<meta name=\"twitter:data1\" content=\"2\u00a0Minuten\" \/>\n<script type=\"application\/ld+json\" class=\"yoast-schema-graph\">{\"@context\":\"https:\\\/\\\/schema.org\",\"@graph\":[{\"@type\":\"WebPage\",\"@id\":\"https:\\\/\\\/wp2.nige.de\\\/wordpress\\\/sample-page\\\/schulleben\\\/bibliothek\\\/\",\"url\":\"https:\\\/\\\/wp2.nige.de\\\/wordpress\\\/sample-page\\\/schulleben\\\/bibliothek\\\/\",\"name\":\"Bibliothek - NIGE\",\"isPartOf\":{\"@id\":\"https:\\\/\\\/wp2.nige.de\\\/wordpress\\\/#website\"},\"primaryImageOfPage\":{\"@id\":\"https:\\\/\\\/wp2.nige.de\\\/wordpress\\\/sample-page\\\/schulleben\\\/bibliothek\\\/#primaryimage\"},\"image\":{\"@id\":\"https:\\\/\\\/wp2.nige.de\\\/wordpress\\\/sample-page\\\/schulleben\\\/bibliothek\\\/#primaryimage\"},\"thumbnailUrl\":\"http:\\\/\\\/wp2.nige.de\\\/wordpress\\\/wp-content\\\/uploads\\\/2013\\\/07\\\/BiBi.013-300x225.jpg\",\"datePublished\":\"2013-07-04T09:34:32+00:00\",\"dateModified\":\"2023-10-13T06:44:00+00:00\",\"breadcrumb\":{\"@id\":\"https:\\\/\\\/wp2.nige.de\\\/wordpress\\\/sample-page\\\/schulleben\\\/bibliothek\\\/#breadcrumb\"},\"inLanguage\":\"de\",\"potentialAction\":[{\"@type\":\"ReadAction\",\"target\":[\"https:\\\/\\\/wp2.nige.de\\\/wordpress\\\/sample-page\\\/schulleben\\\/bibliothek\\\/\"]}]},{\"@type\":\"ImageObject\",\"inLanguage\":\"de\",\"@id\":\"https:\\\/\\\/wp2.nige.de\\\/wordpress\\\/sample-page\\\/schulleben\\\/bibliothek\\\/#primaryimage\",\"url\":\"https:\\\/\\\/wp2.nige.de\\\/wordpress\\\/wp-content\\\/uploads\\\/2013\\\/07\\\/BiBi.013.jpg\",\"contentUrl\":\"https:\\\/\\\/wp2.nige.de\\\/wordpress\\\/wp-content\\\/uploads\\\/2013\\\/07\\\/BiBi.013.jpg\",\"width\":600,\"height\":450},{\"@type\":\"BreadcrumbList\",\"@id\":\"https:\\\/\\\/wp2.nige.de\\\/wordpress\\\/sample-page\\\/schulleben\\\/bibliothek\\\/#breadcrumb\",\"itemListElement\":[{\"@type\":\"ListItem\",\"position\":1,\"name\":\"Startseite\",\"item\":\"https:\\\/\\\/wp2.nige.de\\\/wordpress\\\/\"},{\"@type\":\"ListItem\",\"position\":2,\"name\":\"NIGE\",\"item\":\"https:\\\/\\\/wp2.nige.de\\\/wordpress\\\/sample-page\\\/\"},{\"@type\":\"ListItem\",\"position\":3,\"name\":\"Schulleben\",\"item\":\"https:\\\/\\\/wp2.nige.de\\\/wordpress\\\/sample-page\\\/schulleben\\\/\"},{\"@type\":\"ListItem\",\"position\":4,\"name\":\"Bibliothek\"}]},{\"@type\":\"WebSite\",\"@id\":\"https:\\\/\\\/wp2.nige.de\\\/wordpress\\\/#website\",\"url\":\"https:\\\/\\\/wp2.nige.de\\\/wordpress\\\/\",\"name\":\"Nieders\u00e4chsisches Internatsgymnasium Esens | NIGE\",\"description\":\"Nieders\u00e4chsisches Internatsgymnasium Esens\",\"publisher\":{\"@id\":\"https:\\\/\\\/wp2.nige.de\\\/wordpress\\\/#organization\"},\"potentialAction\":[{\"@type\":\"SearchAction\",\"target\":{\"@type\":\"EntryPoint\",\"urlTemplate\":\"https:\\\/\\\/wp2.nige.de\\\/wordpress\\\/?s={search_term_string}\"},\"query-input\":{\"@type\":\"PropertyValueSpecification\",\"valueRequired\":true,\"valueName\":\"search_term_string\"}}],\"inLanguage\":\"de\"},{\"@type\":\"Organization\",\"@id\":\"https:\\\/\\\/wp2.nige.de\\\/wordpress\\\/#organization\",\"name\":\"Nieders\u00e4chsisches Internatsgymnasium Esens\",\"url\":\"https:\\\/\\\/wp2.nige.de\\\/wordpress\\\/\",\"logo\":{\"@type\":\"ImageObject\",\"inLanguage\":\"de\",\"@id\":\"https:\\\/\\\/wp2.nige.de\\\/wordpress\\\/#\\\/schema\\\/logo\\\/image\\\/\",\"url\":\"https:\\\/\\\/wp2.nige.de\\\/wordpress\\\/wp-content\\\/uploads\\\/2018\\\/08\\\/logo_nige.jpg\",\"contentUrl\":\"https:\\\/\\\/wp2.nige.de\\\/wordpress\\\/wp-content\\\/uploads\\\/2018\\\/08\\\/logo_nige.jpg\",\"width\":1984,\"height\":1239,\"caption\":\"Nieders\u00e4chsisches Internatsgymnasium Esens\"},\"image\":{\"@id\":\"https:\\\/\\\/wp2.nige.de\\\/wordpress\\\/#\\\/schema\\\/logo\\\/image\\\/\"},\"sameAs\":[\"https:\\\/\\\/www.facebook.com\\\/NIGEsens\\\/\"]}]}<\/script>\n<!-- \/ Yoast SEO plugin. -->","yoast_head_json":{"title":"Bibliothek - NIGE","robots":{"index":"index","follow":"follow","max-snippet":"max-snippet:-1","max-image-preview":"max-image-preview:large","max-video-preview":"max-video-preview:-1"},"canonical":"https:\/\/wp2.nige.de\/wordpress\/sample-page\/schulleben\/bibliothek\/","og_locale":"de_DE","og_type":"article","og_title":"Bibliothek - NIGE","og_description":"ERLESENES AM NIGE Herzlich Willkommen in der Schulbibliothek und Mediathek Seit der Fertigstellung des Ganztagsschulgeb\u00e4udes 2008 pr\u00e4sentiert sich unsere Schulbibliothek in ihren neuen, lichtdurchfluteten R\u00e4umen. Den Sch\u00fclern und Lehrern steht hier ein Medienbestand von mittlerweile 15.000 Einheiten zur Verf\u00fcgung, darunter ein umfangreiches Angebot an Nachschlagewerken, z.B.&#46;&#46;&#46;","og_url":"https:\/\/wp2.nige.de\/wordpress\/sample-page\/schulleben\/bibliothek\/","og_site_name":"NIGE","article_publisher":"https:\/\/www.facebook.com\/NIGEsens\/","article_modified_time":"2023-10-13T06:44:00+00:00","og_image":[{"url":"http:\/\/wp2.nige.de\/wordpress\/wp-content\/uploads\/2013\/07\/BiBi.013-300x225.jpg","type":"","width":"","height":""}],"twitter_card":"summary_large_image","twitter_misc":{"Gesch\u00e4tzte Lesezeit":"2\u00a0Minuten"},"schema":{"@context":"https:\/\/schema.org","@graph":[{"@type":"WebPage","@id":"https:\/\/wp2.nige.de\/wordpress\/sample-page\/schulleben\/bibliothek\/","url":"https:\/\/wp2.nige.de\/wordpress\/sample-page\/schulleben\/bibliothek\/","name":"Bibliothek - NIGE","isPartOf":{"@id":"https:\/\/wp2.nige.de\/wordpress\/#website"},"primaryImageOfPage":{"@id":"https:\/\/wp2.nige.de\/wordpress\/sample-page\/schulleben\/bibliothek\/#primaryimage"},"image":{"@id":"https:\/\/wp2.nige.de\/wordpress\/sample-page\/schulleben\/bibliothek\/#primaryimage"},"thumbnailUrl":"http:\/\/wp2.nige.de\/wordpress\/wp-content\/uploads\/2013\/07\/BiBi.013-300x225.jpg","datePublished":"2013-07-04T09:34:32+00:00","dateModified":"2023-10-13T06:44:00+00:00","breadcrumb":{"@id":"https:\/\/wp2.nige.de\/wordpress\/sample-page\/schulleben\/bibliothek\/#breadcrumb"},"inLanguage":"de","potentialAction":[{"@type":"ReadAction","target":["https:\/\/wp2.nige.de\/wordpress\/sample-page\/schulleben\/bibliothek\/"]}]},{"@type":"ImageObject","inLanguage":"de","@id":"https:\/\/wp2.nige.de\/wordpress\/sample-page\/schulleben\/bibliothek\/#primaryimage","url":"https:\/\/wp2.nige.de\/wordpress\/wp-content\/uploads\/2013\/07\/BiBi.013.jpg","contentUrl":"https:\/\/wp2.nige.de\/wordpress\/wp-content\/uploads\/2013\/07\/BiBi.013.jpg","width":600,"height":450},{"@type":"BreadcrumbList","@id":"https:\/\/wp2.nige.de\/wordpress\/sample-page\/schulleben\/bibliothek\/#breadcrumb","itemListElement":[{"@type":"ListItem","position":1,"name":"Startseite","item":"https:\/\/wp2.nige.de\/wordpress\/"},{"@type":"ListItem","position":2,"name":"NIGE","item":"https:\/\/wp2.nige.de\/wordpress\/sample-page\/"},{"@type":"ListItem","position":3,"name":"Schulleben","item":"https:\/\/wp2.nige.de\/wordpress\/sample-page\/schulleben\/"},{"@type":"ListItem","position":4,"name":"Bibliothek"}]},{"@type":"WebSite","@id":"https:\/\/wp2.nige.de\/wordpress\/#website","url":"https:\/\/wp2.nige.de\/wordpress\/","name":"Nieders\u00e4chsisches Internatsgymnasium Esens | NIGE","description":"Nieders\u00e4chsisches Internatsgymnasium Esens","publisher":{"@id":"https:\/\/wp2.nige.de\/wordpress\/#organization"},"potentialAction":[{"@type":"SearchAction","target":{"@type":"EntryPoint","urlTemplate":"https:\/\/wp2.nige.de\/wordpress\/?s={search_term_string}"},"query-input":{"@type":"PropertyValueSpecification","valueRequired":true,"valueName":"search_term_string"}}],"inLanguage":"de"},{"@type":"Organization","@id":"https:\/\/wp2.nige.de\/wordpress\/#organization","name":"Nieders\u00e4chsisches Internatsgymnasium Esens","url":"https:\/\/wp2.nige.de\/wordpress\/","logo":{"@type":"ImageObject","inLanguage":"de","@id":"https:\/\/wp2.nige.de\/wordpress\/#\/schema\/logo\/image\/","url":"https:\/\/wp2.nige.de\/wordpress\/wp-content\/uploads\/2018\/08\/logo_nige.jpg","contentUrl":"https:\/\/wp2.nige.de\/wordpress\/wp-content\/uploads\/2018\/08\/logo_nige.jpg","width":1984,"height":1239,"caption":"Nieders\u00e4chsisches Internatsgymnasium Esens"},"image":{"@id":"https:\/\/wp2.nige.de\/wordpress\/#\/schema\/logo\/image\/"},"sameAs":["https:\/\/www.facebook.com\/NIGEsens\/"]}]}},"_links":{"self":[{"href":"https:\/\/wp2.nige.de\/wordpress\/wp-json\/wp\/v2\/pages\/54","targetHints":{"allow":["GET"]}}],"collection":[{"href":"https:\/\/wp2.nige.de\/wordpress\/wp-json\/wp\/v2\/pages"}],"about":[{"href":"https:\/\/wp2.nige.de\/wordpress\/wp-json\/wp\/v2\/types\/page"}],"author":[{"embeddable":true,"href":"https:\/\/wp2.nige.de\/wordpress\/wp-json\/wp\/v2\/users\/28"}],"replies":[{"embeddable":true,"href":"https:\/\/wp2.nige.de\/wordpress\/wp-json\/wp\/v2\/comments?post=54"}],"version-history":[{"count":22,"href":"https:\/\/wp2.nige.de\/wordpress\/wp-json\/wp\/v2\/pages\/54\/revisions"}],"predecessor-version":[{"id":14645,"href":"https:\/\/wp2.nige.de\/wordpress\/wp-json\/wp\/v2\/pages\/54\/revisions\/14645"}],"up":[{"embeddable":true,"href":"https:\/\/wp2.nige.de\/wordpress\/wp-json\/wp\/v2\/pages\/11"}],"wp:attachment":[{"href":"https:\/\/wp2.nige.de\/wordpress\/wp-json\/wp\/v2\/media?parent=54"}],"curies":[{"name":"wp","href":"https:\/\/api.w.org\/{rel}","templated":true}]}}