{"id":49,"date":"2013-07-04T09:33:14","date_gmt":"2013-07-04T09:33:14","guid":{"rendered":"http:\/\/10.40.11.10\/wordpress\/?page_id=49"},"modified":"2016-09-05T08:45:03","modified_gmt":"2016-09-05T06:45:03","slug":"hallenbad","status":"publish","type":"page","link":"https:\/\/wp2.nige.de\/wordpress\/sample-page\/schulleben\/hallenbad\/","title":{"rendered":"Hallenbad"},"content":{"rendered":"<div><b><a href=\"http:\/\/wp2.nige.de\/wordpress\/wp-content\/uploads\/2013\/07\/Schwimmbadbild.jpg\"><img loading=\"lazy\" decoding=\"async\" class=\"alignleft size-medium wp-image-2310\" src=\"http:\/\/wp2.nige.de\/wordpress\/wp-content\/uploads\/2013\/07\/Schwimmbadbild-300x225.jpg\" alt=\"Schwimmbadbild\" width=\"300\" height=\"225\" srcset=\"https:\/\/wp2.nige.de\/wordpress\/wp-content\/uploads\/2013\/07\/Schwimmbadbild-300x225.jpg 300w, https:\/\/wp2.nige.de\/wordpress\/wp-content\/uploads\/2013\/07\/Schwimmbadbild.jpg 640w\" sizes=\"auto, (max-width: 300px) 100vw, 300px\" \/><\/a><\/b>Das Edelstahlbecken ist 16,67m lang und 8m breit.<\/div>\n<div>Wir haben einen beweglichen Schwimmbeckenboden (Hubboden). Dadurch haben wir die M\u00f6glichkeit verschiedene Wassertiefen einzustellen.<\/div>\n<div><strong>M\u00f6gliche Wassertiefen sind:<\/strong><\/div>\n<p align=\"center\">0,6 \/ 0,9 \/ 1,2 \/ 2,0 oder 3,0 Meter.<\/p>\n<div>Wassertemperatur 28 &#8211; 30\u00b0 Celsius.<\/div>\n<p>Wir haben auch ein Sprungbrett (H\u00f6he 1,0 Meter) und eine\u00a0Sprungplattform (H\u00f6he 3,0 Meter). Neun Schulen besuchen unser Bad. Darunter die Grundschulen Esens- Nord und S\u00fcd, Dornum, Holtriem, Hauptschule Esens, Realschule Esens, F\u00f6rderschule Esens, das NIGE und die Kreisvolkshochschule.<\/p>\n<div>Sieben Vereine unterrichten hier ihre Schwimm- und Tauchanf\u00e4nger.<\/div>\n<div><\/div>\n<div>SC Dunum; SV Fulkum; SV Blomberg\/Neuschoo; Behinderten Sport Gemeinschaft; Deutsche Lebens-Rettungs-Gesellschaft; Langstrecken Schwimmer Schafhauser Wald; Tauch Club Neptun.<\/div>\n<p>Die Internatssch\u00fcler des NIGE haben am Montag und Dienstag ab 20:00 Uhr ihren Spa\u00df im Schwimmbad.<\/p>\n<div>\n<p><strong>Kontakt<\/strong><\/p>\n<\/div>\n<div>NIGE Hallenbad<\/div>\n<div>Auricher Stra\u00dfe 58<\/div>\n<div>26427 Esens<\/div>\n<div>Telefon\/Fax: 04971 913-122 \/ 144 \u2013 Email: <a href=\"mailto:ralf.hippen@nige.de\">ralf.hippen@nige.de<\/a><\/div>\n<div><\/div>\n<p><a href=\"http:\/\/www.hippens.de\/NigeHB\/index.html\">Weitere Informationen<\/a><\/p>\n","protected":false},"excerpt":{"rendered":"<p>Das Edelstahlbecken ist 16,67m lang und 8m breit. Wir haben einen beweglichen Schwimmbeckenboden (Hubboden). Dadurch haben wir die M\u00f6glichkeit verschiedene Wassertiefen einzustellen. M\u00f6gliche Wassertiefen sind: 0,6 \/ 0,9 \/ 1,2 \/ 2,0 oder 3,0 Meter. Wassertemperatur 28 &#8211; 30\u00b0 Celsius. Wir haben auch ein Sprungbrett (H\u00f6he&#46;&#46;&#46;<\/p>\n","protected":false},"author":28,"featured_media":0,"parent":11,"menu_order":2,"comment_status":"open","ping_status":"open","template":"page-template-bookmarks.php","meta":{"ngg_post_thumbnail":0,"footnotes":""},"class_list":["post-49","page","type-page","status-publish","hentry"],"yoast_head":"<!-- This site is optimized with the Yoast SEO plugin v27.5 - https:\/\/yoast.com\/product\/yoast-seo-wordpress\/ -->\n<title>Hallenbad - NIGE<\/title>\n<meta name=\"robots\" content=\"index, follow, max-snippet:-1, max-image-preview:large, max-video-preview:-1\" \/>\n<link rel=\"canonical\" href=\"https:\/\/wp2.nige.de\/wordpress\/sample-page\/schulleben\/hallenbad\/\" \/>\n<meta property=\"og:locale\" content=\"de_DE\" \/>\n<meta property=\"og:type\" content=\"article\" \/>\n<meta property=\"og:title\" content=\"Hallenbad - NIGE\" \/>\n<meta property=\"og:description\" content=\"Das Edelstahlbecken ist 16,67m lang und 8m breit. Wir haben einen beweglichen Schwimmbeckenboden (Hubboden). Dadurch haben wir die M\u00f6glichkeit verschiedene Wassertiefen einzustellen. M\u00f6gliche Wassertiefen sind: 0,6 \/ 0,9 \/ 1,2 \/ 2,0 oder 3,0 Meter. Wassertemperatur 28 &#8211; 30\u00b0 Celsius. Wir haben auch ein Sprungbrett (H\u00f6he&#046;&#046;&#046;\" \/>\n<meta property=\"og:url\" content=\"https:\/\/wp2.nige.de\/wordpress\/sample-page\/schulleben\/hallenbad\/\" \/>\n<meta property=\"og:site_name\" content=\"NIGE\" \/>\n<meta property=\"article:publisher\" content=\"https:\/\/www.facebook.com\/NIGEsens\/\" \/>\n<meta property=\"article:modified_time\" content=\"2016-09-05T06:45:03+00:00\" \/>\n<meta property=\"og:image\" content=\"http:\/\/wp2.nige.de\/wordpress\/wp-content\/uploads\/2013\/07\/Schwimmbadbild-300x225.jpg\" \/>\n<meta name=\"twitter:card\" content=\"summary_large_image\" \/>\n<meta name=\"twitter:label1\" content=\"Gesch\u00e4tzte Lesezeit\" \/>\n\t<meta name=\"twitter:data1\" content=\"1\u00a0Minute\" \/>\n<script type=\"application\/ld+json\" class=\"yoast-schema-graph\">{\"@context\":\"https:\\\/\\\/schema.org\",\"@graph\":[{\"@type\":\"WebPage\",\"@id\":\"https:\\\/\\\/wp2.nige.de\\\/wordpress\\\/sample-page\\\/schulleben\\\/hallenbad\\\/\",\"url\":\"https:\\\/\\\/wp2.nige.de\\\/wordpress\\\/sample-page\\\/schulleben\\\/hallenbad\\\/\",\"name\":\"Hallenbad - NIGE\",\"isPartOf\":{\"@id\":\"https:\\\/\\\/wp2.nige.de\\\/wordpress\\\/#website\"},\"primaryImageOfPage\":{\"@id\":\"https:\\\/\\\/wp2.nige.de\\\/wordpress\\\/sample-page\\\/schulleben\\\/hallenbad\\\/#primaryimage\"},\"image\":{\"@id\":\"https:\\\/\\\/wp2.nige.de\\\/wordpress\\\/sample-page\\\/schulleben\\\/hallenbad\\\/#primaryimage\"},\"thumbnailUrl\":\"http:\\\/\\\/wp2.nige.de\\\/wordpress\\\/wp-content\\\/uploads\\\/2013\\\/07\\\/Schwimmbadbild-300x225.jpg\",\"datePublished\":\"2013-07-04T09:33:14+00:00\",\"dateModified\":\"2016-09-05T06:45:03+00:00\",\"breadcrumb\":{\"@id\":\"https:\\\/\\\/wp2.nige.de\\\/wordpress\\\/sample-page\\\/schulleben\\\/hallenbad\\\/#breadcrumb\"},\"inLanguage\":\"de\",\"potentialAction\":[{\"@type\":\"ReadAction\",\"target\":[\"https:\\\/\\\/wp2.nige.de\\\/wordpress\\\/sample-page\\\/schulleben\\\/hallenbad\\\/\"]}]},{\"@type\":\"ImageObject\",\"inLanguage\":\"de\",\"@id\":\"https:\\\/\\\/wp2.nige.de\\\/wordpress\\\/sample-page\\\/schulleben\\\/hallenbad\\\/#primaryimage\",\"url\":\"https:\\\/\\\/wp2.nige.de\\\/wordpress\\\/wp-content\\\/uploads\\\/2013\\\/07\\\/Schwimmbadbild.jpg\",\"contentUrl\":\"https:\\\/\\\/wp2.nige.de\\\/wordpress\\\/wp-content\\\/uploads\\\/2013\\\/07\\\/Schwimmbadbild.jpg\",\"width\":640,\"height\":480},{\"@type\":\"BreadcrumbList\",\"@id\":\"https:\\\/\\\/wp2.nige.de\\\/wordpress\\\/sample-page\\\/schulleben\\\/hallenbad\\\/#breadcrumb\",\"itemListElement\":[{\"@type\":\"ListItem\",\"position\":1,\"name\":\"Startseite\",\"item\":\"https:\\\/\\\/wp2.nige.de\\\/wordpress\\\/\"},{\"@type\":\"ListItem\",\"position\":2,\"name\":\"NIGE\",\"item\":\"https:\\\/\\\/wp2.nige.de\\\/wordpress\\\/sample-page\\\/\"},{\"@type\":\"ListItem\",\"position\":3,\"name\":\"Schulleben\",\"item\":\"https:\\\/\\\/wp2.nige.de\\\/wordpress\\\/sample-page\\\/schulleben\\\/\"},{\"@type\":\"ListItem\",\"position\":4,\"name\":\"Hallenbad\"}]},{\"@type\":\"WebSite\",\"@id\":\"https:\\\/\\\/wp2.nige.de\\\/wordpress\\\/#website\",\"url\":\"https:\\\/\\\/wp2.nige.de\\\/wordpress\\\/\",\"name\":\"Nieders\u00e4chsisches Internatsgymnasium Esens | NIGE\",\"description\":\"Nieders\u00e4chsisches Internatsgymnasium Esens\",\"publisher\":{\"@id\":\"https:\\\/\\\/wp2.nige.de\\\/wordpress\\\/#organization\"},\"potentialAction\":[{\"@type\":\"SearchAction\",\"target\":{\"@type\":\"EntryPoint\",\"urlTemplate\":\"https:\\\/\\\/wp2.nige.de\\\/wordpress\\\/?s={search_term_string}\"},\"query-input\":{\"@type\":\"PropertyValueSpecification\",\"valueRequired\":true,\"valueName\":\"search_term_string\"}}],\"inLanguage\":\"de\"},{\"@type\":\"Organization\",\"@id\":\"https:\\\/\\\/wp2.nige.de\\\/wordpress\\\/#organization\",\"name\":\"Nieders\u00e4chsisches Internatsgymnasium Esens\",\"url\":\"https:\\\/\\\/wp2.nige.de\\\/wordpress\\\/\",\"logo\":{\"@type\":\"ImageObject\",\"inLanguage\":\"de\",\"@id\":\"https:\\\/\\\/wp2.nige.de\\\/wordpress\\\/#\\\/schema\\\/logo\\\/image\\\/\",\"url\":\"https:\\\/\\\/wp2.nige.de\\\/wordpress\\\/wp-content\\\/uploads\\\/2018\\\/08\\\/logo_nige.jpg\",\"contentUrl\":\"https:\\\/\\\/wp2.nige.de\\\/wordpress\\\/wp-content\\\/uploads\\\/2018\\\/08\\\/logo_nige.jpg\",\"width\":1984,\"height\":1239,\"caption\":\"Nieders\u00e4chsisches Internatsgymnasium Esens\"},\"image\":{\"@id\":\"https:\\\/\\\/wp2.nige.de\\\/wordpress\\\/#\\\/schema\\\/logo\\\/image\\\/\"},\"sameAs\":[\"https:\\\/\\\/www.facebook.com\\\/NIGEsens\\\/\"]}]}<\/script>\n<!-- \/ Yoast SEO plugin. -->","yoast_head_json":{"title":"Hallenbad - NIGE","robots":{"index":"index","follow":"follow","max-snippet":"max-snippet:-1","max-image-preview":"max-image-preview:large","max-video-preview":"max-video-preview:-1"},"canonical":"https:\/\/wp2.nige.de\/wordpress\/sample-page\/schulleben\/hallenbad\/","og_locale":"de_DE","og_type":"article","og_title":"Hallenbad - NIGE","og_description":"Das Edelstahlbecken ist 16,67m lang und 8m breit. Wir haben einen beweglichen Schwimmbeckenboden (Hubboden). Dadurch haben wir die M\u00f6glichkeit verschiedene Wassertiefen einzustellen. M\u00f6gliche Wassertiefen sind: 0,6 \/ 0,9 \/ 1,2 \/ 2,0 oder 3,0 Meter. Wassertemperatur 28 &#8211; 30\u00b0 Celsius. Wir haben auch ein Sprungbrett (H\u00f6he&#46;&#46;&#46;","og_url":"https:\/\/wp2.nige.de\/wordpress\/sample-page\/schulleben\/hallenbad\/","og_site_name":"NIGE","article_publisher":"https:\/\/www.facebook.com\/NIGEsens\/","article_modified_time":"2016-09-05T06:45:03+00:00","og_image":[{"url":"http:\/\/wp2.nige.de\/wordpress\/wp-content\/uploads\/2013\/07\/Schwimmbadbild-300x225.jpg","type":"","width":"","height":""}],"twitter_card":"summary_large_image","twitter_misc":{"Gesch\u00e4tzte Lesezeit":"1\u00a0Minute"},"schema":{"@context":"https:\/\/schema.org","@graph":[{"@type":"WebPage","@id":"https:\/\/wp2.nige.de\/wordpress\/sample-page\/schulleben\/hallenbad\/","url":"https:\/\/wp2.nige.de\/wordpress\/sample-page\/schulleben\/hallenbad\/","name":"Hallenbad - NIGE","isPartOf":{"@id":"https:\/\/wp2.nige.de\/wordpress\/#website"},"primaryImageOfPage":{"@id":"https:\/\/wp2.nige.de\/wordpress\/sample-page\/schulleben\/hallenbad\/#primaryimage"},"image":{"@id":"https:\/\/wp2.nige.de\/wordpress\/sample-page\/schulleben\/hallenbad\/#primaryimage"},"thumbnailUrl":"http:\/\/wp2.nige.de\/wordpress\/wp-content\/uploads\/2013\/07\/Schwimmbadbild-300x225.jpg","datePublished":"2013-07-04T09:33:14+00:00","dateModified":"2016-09-05T06:45:03+00:00","breadcrumb":{"@id":"https:\/\/wp2.nige.de\/wordpress\/sample-page\/schulleben\/hallenbad\/#breadcrumb"},"inLanguage":"de","potentialAction":[{"@type":"ReadAction","target":["https:\/\/wp2.nige.de\/wordpress\/sample-page\/schulleben\/hallenbad\/"]}]},{"@type":"ImageObject","inLanguage":"de","@id":"https:\/\/wp2.nige.de\/wordpress\/sample-page\/schulleben\/hallenbad\/#primaryimage","url":"https:\/\/wp2.nige.de\/wordpress\/wp-content\/uploads\/2013\/07\/Schwimmbadbild.jpg","contentUrl":"https:\/\/wp2.nige.de\/wordpress\/wp-content\/uploads\/2013\/07\/Schwimmbadbild.jpg","width":640,"height":480},{"@type":"BreadcrumbList","@id":"https:\/\/wp2.nige.de\/wordpress\/sample-page\/schulleben\/hallenbad\/#breadcrumb","itemListElement":[{"@type":"ListItem","position":1,"name":"Startseite","item":"https:\/\/wp2.nige.de\/wordpress\/"},{"@type":"ListItem","position":2,"name":"NIGE","item":"https:\/\/wp2.nige.de\/wordpress\/sample-page\/"},{"@type":"ListItem","position":3,"name":"Schulleben","item":"https:\/\/wp2.nige.de\/wordpress\/sample-page\/schulleben\/"},{"@type":"ListItem","position":4,"name":"Hallenbad"}]},{"@type":"WebSite","@id":"https:\/\/wp2.nige.de\/wordpress\/#website","url":"https:\/\/wp2.nige.de\/wordpress\/","name":"Nieders\u00e4chsisches Internatsgymnasium Esens | NIGE","description":"Nieders\u00e4chsisches Internatsgymnasium Esens","publisher":{"@id":"https:\/\/wp2.nige.de\/wordpress\/#organization"},"potentialAction":[{"@type":"SearchAction","target":{"@type":"EntryPoint","urlTemplate":"https:\/\/wp2.nige.de\/wordpress\/?s={search_term_string}"},"query-input":{"@type":"PropertyValueSpecification","valueRequired":true,"valueName":"search_term_string"}}],"inLanguage":"de"},{"@type":"Organization","@id":"https:\/\/wp2.nige.de\/wordpress\/#organization","name":"Nieders\u00e4chsisches Internatsgymnasium Esens","url":"https:\/\/wp2.nige.de\/wordpress\/","logo":{"@type":"ImageObject","inLanguage":"de","@id":"https:\/\/wp2.nige.de\/wordpress\/#\/schema\/logo\/image\/","url":"https:\/\/wp2.nige.de\/wordpress\/wp-content\/uploads\/2018\/08\/logo_nige.jpg","contentUrl":"https:\/\/wp2.nige.de\/wordpress\/wp-content\/uploads\/2018\/08\/logo_nige.jpg","width":1984,"height":1239,"caption":"Nieders\u00e4chsisches Internatsgymnasium Esens"},"image":{"@id":"https:\/\/wp2.nige.de\/wordpress\/#\/schema\/logo\/image\/"},"sameAs":["https:\/\/www.facebook.com\/NIGEsens\/"]}]}},"_links":{"self":[{"href":"https:\/\/wp2.nige.de\/wordpress\/wp-json\/wp\/v2\/pages\/49","targetHints":{"allow":["GET"]}}],"collection":[{"href":"https:\/\/wp2.nige.de\/wordpress\/wp-json\/wp\/v2\/pages"}],"about":[{"href":"https:\/\/wp2.nige.de\/wordpress\/wp-json\/wp\/v2\/types\/page"}],"author":[{"embeddable":true,"href":"https:\/\/wp2.nige.de\/wordpress\/wp-json\/wp\/v2\/users\/28"}],"replies":[{"embeddable":true,"href":"https:\/\/wp2.nige.de\/wordpress\/wp-json\/wp\/v2\/comments?post=49"}],"version-history":[{"count":8,"href":"https:\/\/wp2.nige.de\/wordpress\/wp-json\/wp\/v2\/pages\/49\/revisions"}],"predecessor-version":[{"id":6417,"href":"https:\/\/wp2.nige.de\/wordpress\/wp-json\/wp\/v2\/pages\/49\/revisions\/6417"}],"up":[{"embeddable":true,"href":"https:\/\/wp2.nige.de\/wordpress\/wp-json\/wp\/v2\/pages\/11"}],"wp:attachment":[{"href":"https:\/\/wp2.nige.de\/wordpress\/wp-json\/wp\/v2\/media?parent=49"}],"curies":[{"name":"wp","href":"https:\/\/api.w.org\/{rel}","templated":true}]}}