{"id":3896,"date":"2014-09-27T18:43:53","date_gmt":"2014-09-27T16:43:53","guid":{"rendered":"http:\/\/wp2.nige.de\/wordpress\/?page_id=3896"},"modified":"2023-10-05T20:09:40","modified_gmt":"2023-10-05T18:09:40","slug":"nie-gekannte-sachen","status":"publish","type":"page","link":"https:\/\/wp2.nige.de\/wordpress\/sample-page\/nie-gekannte-sachen\/","title":{"rendered":"Der NIGE-Shop"},"content":{"rendered":"<p><a href=\"https:\/\/wp2.nige.de\/wordpress\/wp-content\/uploads\/2023\/04\/SCHUSHI-SCHOOL-Flyer-774-1-verschoben.pdf\" class=\"pdfemb-viewer\" style=\"\" data-width=\"max\" data-height=\"max\" data-toolbar=\"bottom\" data-toolbar-fixed=\"off\">SCHUSHI-SCHOOL-Flyer-774 1 (verschoben)<\/a> <a href=\"https:\/\/wp2.nige.de\/wordpress\/wp-content\/uploads\/2023\/04\/SCHUSHI-SCHOOL-Flyer-774-1-verschoben-4-pdf.io_.pdf\" class=\"pdfemb-viewer\" style=\"\" data-width=\"max\" data-height=\"max\" data-toolbar=\"bottom\" data-toolbar-fixed=\"off\">SCHUSHI-SCHOOL-Flyer-774 1 (verschoben) 4 (pdf.io)<\/a><\/p>\n<p>Sie k\u00f6nnen mittlerweile <strong>jederzeit<\/strong> etwas aus dem NIGE-Shop bestellen. Die Bestellungen laufen inzwischen ausschlie\u00dflich online &#8211; jeder bestellt f\u00fcr sich!<\/p>\n<p>Sie finden den Shop auf folgender Internetseite:<\/p>\n<p><a href=\"https:\/\/www.schushi.de\/\"><strong>https:\/\/www.schushi.de\/<\/strong><\/a><\/p>\n<p>In dem <span class=\"text-underline\">Eingabefeld f\u00fcr Schulname\/Stadt<\/span> geben Sie einfach<span class=\"text-underline\"> &#8222;Esens&#8220;<\/span> ein und klicken dann auf <span class=\"text-underline\">unser Logo<\/span>. Anschlie\u00dfend gelangen Sie zur Auswahlseite und k\u00f6nnen dort die Bestellung aufgeben.<\/p>\n<p>Bei Fragen melden Sie sich gerne bei Verena Bruns<\/p>\n","protected":false},"excerpt":{"rendered":"<p>Sie k\u00f6nnen mittlerweile jederzeit etwas aus dem NIGE-Shop bestellen. Die Bestellungen laufen inzwischen ausschlie\u00dflich online &#8211; jeder bestellt f\u00fcr sich! Sie finden den Shop auf folgender Internetseite: https:\/\/www.schushi.de\/ In dem Eingabefeld f\u00fcr Schulname\/Stadt geben Sie einfach &#8222;Esens&#8220; ein und klicken dann auf unser Logo. Anschlie\u00dfend gelangen&#46;&#46;&#46;<\/p>\n","protected":false},"author":28,"featured_media":0,"parent":2,"menu_order":0,"comment_status":"open","ping_status":"open","template":"","meta":{"ngg_post_thumbnail":0,"footnotes":""},"class_list":["post-3896","page","type-page","status-publish","hentry"],"yoast_head":"<!-- This site is optimized with the Yoast SEO plugin v27.5 - https:\/\/yoast.com\/product\/yoast-seo-wordpress\/ -->\n<title>Der NIGE-Shop - NIGE<\/title>\n<meta name=\"robots\" content=\"index, follow, max-snippet:-1, max-image-preview:large, max-video-preview:-1\" \/>\n<link rel=\"canonical\" href=\"https:\/\/wp2.nige.de\/wordpress\/sample-page\/nie-gekannte-sachen\/\" \/>\n<meta property=\"og:locale\" content=\"de_DE\" \/>\n<meta property=\"og:type\" content=\"article\" \/>\n<meta property=\"og:title\" content=\"Der NIGE-Shop - NIGE\" \/>\n<meta property=\"og:description\" content=\"Sie k\u00f6nnen mittlerweile jederzeit etwas aus dem NIGE-Shop bestellen. Die Bestellungen laufen inzwischen ausschlie\u00dflich online &#8211; jeder bestellt f\u00fcr sich! Sie finden den Shop auf folgender Internetseite: https:\/\/www.schushi.de\/ In dem Eingabefeld f\u00fcr Schulname\/Stadt geben Sie einfach &#8222;Esens&#8220; ein und klicken dann auf unser Logo. Anschlie\u00dfend gelangen&#046;&#046;&#046;\" \/>\n<meta property=\"og:url\" content=\"https:\/\/wp2.nige.de\/wordpress\/sample-page\/nie-gekannte-sachen\/\" \/>\n<meta property=\"og:site_name\" content=\"NIGE\" \/>\n<meta property=\"article:publisher\" content=\"https:\/\/www.facebook.com\/NIGEsens\/\" \/>\n<meta property=\"article:modified_time\" content=\"2023-10-05T18:09:40+00:00\" \/>\n<meta name=\"twitter:card\" content=\"summary_large_image\" \/>\n<meta name=\"twitter:label1\" content=\"Gesch\u00e4tzte Lesezeit\" \/>\n\t<meta name=\"twitter:data1\" content=\"1\u00a0Minute\" \/>\n<script type=\"application\/ld+json\" class=\"yoast-schema-graph\">{\"@context\":\"https:\\\/\\\/schema.org\",\"@graph\":[{\"@type\":\"WebPage\",\"@id\":\"https:\\\/\\\/wp2.nige.de\\\/wordpress\\\/sample-page\\\/nie-gekannte-sachen\\\/\",\"url\":\"https:\\\/\\\/wp2.nige.de\\\/wordpress\\\/sample-page\\\/nie-gekannte-sachen\\\/\",\"name\":\"Der NIGE-Shop - NIGE\",\"isPartOf\":{\"@id\":\"https:\\\/\\\/wp2.nige.de\\\/wordpress\\\/#website\"},\"datePublished\":\"2014-09-27T16:43:53+00:00\",\"dateModified\":\"2023-10-05T18:09:40+00:00\",\"breadcrumb\":{\"@id\":\"https:\\\/\\\/wp2.nige.de\\\/wordpress\\\/sample-page\\\/nie-gekannte-sachen\\\/#breadcrumb\"},\"inLanguage\":\"de\",\"potentialAction\":[{\"@type\":\"ReadAction\",\"target\":[\"https:\\\/\\\/wp2.nige.de\\\/wordpress\\\/sample-page\\\/nie-gekannte-sachen\\\/\"]}]},{\"@type\":\"BreadcrumbList\",\"@id\":\"https:\\\/\\\/wp2.nige.de\\\/wordpress\\\/sample-page\\\/nie-gekannte-sachen\\\/#breadcrumb\",\"itemListElement\":[{\"@type\":\"ListItem\",\"position\":1,\"name\":\"Startseite\",\"item\":\"https:\\\/\\\/wp2.nige.de\\\/wordpress\\\/\"},{\"@type\":\"ListItem\",\"position\":2,\"name\":\"NIGE\",\"item\":\"https:\\\/\\\/wp2.nige.de\\\/wordpress\\\/sample-page\\\/\"},{\"@type\":\"ListItem\",\"position\":3,\"name\":\"Der NIGE-Shop\"}]},{\"@type\":\"WebSite\",\"@id\":\"https:\\\/\\\/wp2.nige.de\\\/wordpress\\\/#website\",\"url\":\"https:\\\/\\\/wp2.nige.de\\\/wordpress\\\/\",\"name\":\"Nieders\u00e4chsisches Internatsgymnasium Esens | NIGE\",\"description\":\"Nieders\u00e4chsisches Internatsgymnasium Esens\",\"publisher\":{\"@id\":\"https:\\\/\\\/wp2.nige.de\\\/wordpress\\\/#organization\"},\"potentialAction\":[{\"@type\":\"SearchAction\",\"target\":{\"@type\":\"EntryPoint\",\"urlTemplate\":\"https:\\\/\\\/wp2.nige.de\\\/wordpress\\\/?s={search_term_string}\"},\"query-input\":{\"@type\":\"PropertyValueSpecification\",\"valueRequired\":true,\"valueName\":\"search_term_string\"}}],\"inLanguage\":\"de\"},{\"@type\":\"Organization\",\"@id\":\"https:\\\/\\\/wp2.nige.de\\\/wordpress\\\/#organization\",\"name\":\"Nieders\u00e4chsisches Internatsgymnasium Esens\",\"url\":\"https:\\\/\\\/wp2.nige.de\\\/wordpress\\\/\",\"logo\":{\"@type\":\"ImageObject\",\"inLanguage\":\"de\",\"@id\":\"https:\\\/\\\/wp2.nige.de\\\/wordpress\\\/#\\\/schema\\\/logo\\\/image\\\/\",\"url\":\"https:\\\/\\\/wp2.nige.de\\\/wordpress\\\/wp-content\\\/uploads\\\/2018\\\/08\\\/logo_nige.jpg\",\"contentUrl\":\"https:\\\/\\\/wp2.nige.de\\\/wordpress\\\/wp-content\\\/uploads\\\/2018\\\/08\\\/logo_nige.jpg\",\"width\":1984,\"height\":1239,\"caption\":\"Nieders\u00e4chsisches Internatsgymnasium Esens\"},\"image\":{\"@id\":\"https:\\\/\\\/wp2.nige.de\\\/wordpress\\\/#\\\/schema\\\/logo\\\/image\\\/\"},\"sameAs\":[\"https:\\\/\\\/www.facebook.com\\\/NIGEsens\\\/\"]}]}<\/script>\n<!-- \/ Yoast SEO plugin. -->","yoast_head_json":{"title":"Der NIGE-Shop - NIGE","robots":{"index":"index","follow":"follow","max-snippet":"max-snippet:-1","max-image-preview":"max-image-preview:large","max-video-preview":"max-video-preview:-1"},"canonical":"https:\/\/wp2.nige.de\/wordpress\/sample-page\/nie-gekannte-sachen\/","og_locale":"de_DE","og_type":"article","og_title":"Der NIGE-Shop - NIGE","og_description":"Sie k\u00f6nnen mittlerweile jederzeit etwas aus dem NIGE-Shop bestellen. Die Bestellungen laufen inzwischen ausschlie\u00dflich online &#8211; jeder bestellt f\u00fcr sich! Sie finden den Shop auf folgender Internetseite: https:\/\/www.schushi.de\/ In dem Eingabefeld f\u00fcr Schulname\/Stadt geben Sie einfach &#8222;Esens&#8220; ein und klicken dann auf unser Logo. Anschlie\u00dfend gelangen&#46;&#46;&#46;","og_url":"https:\/\/wp2.nige.de\/wordpress\/sample-page\/nie-gekannte-sachen\/","og_site_name":"NIGE","article_publisher":"https:\/\/www.facebook.com\/NIGEsens\/","article_modified_time":"2023-10-05T18:09:40+00:00","twitter_card":"summary_large_image","twitter_misc":{"Gesch\u00e4tzte Lesezeit":"1\u00a0Minute"},"schema":{"@context":"https:\/\/schema.org","@graph":[{"@type":"WebPage","@id":"https:\/\/wp2.nige.de\/wordpress\/sample-page\/nie-gekannte-sachen\/","url":"https:\/\/wp2.nige.de\/wordpress\/sample-page\/nie-gekannte-sachen\/","name":"Der NIGE-Shop - NIGE","isPartOf":{"@id":"https:\/\/wp2.nige.de\/wordpress\/#website"},"datePublished":"2014-09-27T16:43:53+00:00","dateModified":"2023-10-05T18:09:40+00:00","breadcrumb":{"@id":"https:\/\/wp2.nige.de\/wordpress\/sample-page\/nie-gekannte-sachen\/#breadcrumb"},"inLanguage":"de","potentialAction":[{"@type":"ReadAction","target":["https:\/\/wp2.nige.de\/wordpress\/sample-page\/nie-gekannte-sachen\/"]}]},{"@type":"BreadcrumbList","@id":"https:\/\/wp2.nige.de\/wordpress\/sample-page\/nie-gekannte-sachen\/#breadcrumb","itemListElement":[{"@type":"ListItem","position":1,"name":"Startseite","item":"https:\/\/wp2.nige.de\/wordpress\/"},{"@type":"ListItem","position":2,"name":"NIGE","item":"https:\/\/wp2.nige.de\/wordpress\/sample-page\/"},{"@type":"ListItem","position":3,"name":"Der NIGE-Shop"}]},{"@type":"WebSite","@id":"https:\/\/wp2.nige.de\/wordpress\/#website","url":"https:\/\/wp2.nige.de\/wordpress\/","name":"Nieders\u00e4chsisches Internatsgymnasium Esens | NIGE","description":"Nieders\u00e4chsisches Internatsgymnasium Esens","publisher":{"@id":"https:\/\/wp2.nige.de\/wordpress\/#organization"},"potentialAction":[{"@type":"SearchAction","target":{"@type":"EntryPoint","urlTemplate":"https:\/\/wp2.nige.de\/wordpress\/?s={search_term_string}"},"query-input":{"@type":"PropertyValueSpecification","valueRequired":true,"valueName":"search_term_string"}}],"inLanguage":"de"},{"@type":"Organization","@id":"https:\/\/wp2.nige.de\/wordpress\/#organization","name":"Nieders\u00e4chsisches Internatsgymnasium Esens","url":"https:\/\/wp2.nige.de\/wordpress\/","logo":{"@type":"ImageObject","inLanguage":"de","@id":"https:\/\/wp2.nige.de\/wordpress\/#\/schema\/logo\/image\/","url":"https:\/\/wp2.nige.de\/wordpress\/wp-content\/uploads\/2018\/08\/logo_nige.jpg","contentUrl":"https:\/\/wp2.nige.de\/wordpress\/wp-content\/uploads\/2018\/08\/logo_nige.jpg","width":1984,"height":1239,"caption":"Nieders\u00e4chsisches Internatsgymnasium Esens"},"image":{"@id":"https:\/\/wp2.nige.de\/wordpress\/#\/schema\/logo\/image\/"},"sameAs":["https:\/\/www.facebook.com\/NIGEsens\/"]}]}},"_links":{"self":[{"href":"https:\/\/wp2.nige.de\/wordpress\/wp-json\/wp\/v2\/pages\/3896","targetHints":{"allow":["GET"]}}],"collection":[{"href":"https:\/\/wp2.nige.de\/wordpress\/wp-json\/wp\/v2\/pages"}],"about":[{"href":"https:\/\/wp2.nige.de\/wordpress\/wp-json\/wp\/v2\/types\/page"}],"author":[{"embeddable":true,"href":"https:\/\/wp2.nige.de\/wordpress\/wp-json\/wp\/v2\/users\/28"}],"replies":[{"embeddable":true,"href":"https:\/\/wp2.nige.de\/wordpress\/wp-json\/wp\/v2\/comments?post=3896"}],"version-history":[{"count":81,"href":"https:\/\/wp2.nige.de\/wordpress\/wp-json\/wp\/v2\/pages\/3896\/revisions"}],"predecessor-version":[{"id":14610,"href":"https:\/\/wp2.nige.de\/wordpress\/wp-json\/wp\/v2\/pages\/3896\/revisions\/14610"}],"up":[{"embeddable":true,"href":"https:\/\/wp2.nige.de\/wordpress\/wp-json\/wp\/v2\/pages\/2"}],"wp:attachment":[{"href":"https:\/\/wp2.nige.de\/wordpress\/wp-json\/wp\/v2\/media?parent=3896"}],"curies":[{"name":"wp","href":"https:\/\/api.w.org\/{rel}","templated":true}]}}