{"id":2577,"date":"2014-01-13T17:33:28","date_gmt":"2014-01-13T16:33:28","guid":{"rendered":"http:\/\/wordpress.nige.de\/wordpress\/?page_id=2577"},"modified":"2014-01-13T17:34:57","modified_gmt":"2014-01-13T16:34:57","slug":"delf","status":"publish","type":"page","link":"https:\/\/wp2.nige.de\/wordpress\/sample-page\/hochbegabtenforderung\/forderangebote\/delf\/","title":{"rendered":"DELF"},"content":{"rendered":"<h4><strong><\/strong><b>Was ist DELF?<\/b><\/h4>\n<div>\n<div>DELF scolaire-Zertifikate sind staatliche Sprachdiplome, die vom franz\u00f6sischen Erziehungsministerium vergeben werden. Sie sind standardisiert und werden in der ganzen Welt anerkannt. Je nach Lernstand k\u00f6nnen Zertifikate verschiedener Leistungsniveaus von A1 bis B2 unabh\u00e4ngig voneinander erworben werden.<\/div>\n<div>Die Pr\u00fcfung, die meist im Juni abgenommen wird, testet die vier kommunikativen Kompetenzen: H\u00f6rverstehen, Leseverst\u00e4ndnis, m\u00fcndlicher und schriftlicher Ausdruck.<\/div>\n<div><b>Wer kann teilnehmen?<\/b><\/div>\n<div>Die zweist\u00fcndige AG wendet sich an alle Sch\u00fclerinnen und Sch\u00fcler, die Spa\u00df daran haben, sich auf Franz\u00f6sisch mitzuteilen, die gerne franz\u00f6sisch sprechen, h\u00f6ren, lesen und schreiben und dabei die Verst\u00e4ndigung in grundlegenden Kommunikationssituationen \u00fcben wollen. Eine regelm\u00e4\u00dfige Teilnahme wird erwartet, aber die Schulnote ist nicht wichtig, weil DELF die F\u00e4higkeit sich zu verst\u00e4ndigen in den Vordergrund stellt und Grammatik- und Rechtschreibf\u00e4higkeiten nicht direkt \u00fcberpr\u00fcft werden. Gute Kenntnisse sind aber kein Hindernis J.<\/div>\n<div>Da es sich bei der DELF scolaire \u2013 Pr\u00fcfung um eine au\u00dferschulische Pr\u00fcfung handelt, werden hierf\u00fcr jedem Teilnehmer je nach Niveau Kosten in H\u00f6he von 30 \u20ac bis 75 \u20ac f\u00fcr die Anmeldung entstehen.<\/div>\n<div>Bereits nach anderthalb Jahren Franz\u00f6sischunterricht haben alle Sch\u00fclerinnen und Schuler das Niveau A 1 erreicht. Je nach F\u00e4higkeit und Motivation kann die A 2 \u2013Pr\u00fcfung bereits in der achten Klasse angestrebt werden. Das Niveau B1 kann in der neunten Klasse, B 2 in der Oberstufe erreicht werden. Besonders engagierte Sch\u00fclerinnen und Sch\u00fcler, die eventuell bereits f\u00fcr einige Zeit in Frankreich gelebt haben, k\u00f6nnen auch das Niveau C 1 oder C 2 erreichen und eine erfolgreiche DELF- Pr\u00fcfung ablegen.<\/div>\n<div><b>Welche Vorteile bietet das DELF scolaire?<br \/>\n<\/b><\/div>\n<div>Die Sch\u00fclerinnen und Sch\u00fcler erwerben ein international anerkanntes Zertifikat, das ihnen \u2013 als Erg\u00e4nzung zu den deutschen staatlichen Pr\u00fcfungen \u2013 sehr von Nutzen sein kann. Es hilft in vielen Situationen, in denen Franz\u00f6sischkenntnisse nachzuweisen sind: Studium, Praktikumssuche und Beruf.<\/div>\n<div>Auch au\u00dferhalb Esens und Deutschlands k\u00f6nnen sprachliche Kompetenzen nachgewiesen werden, die klar definiert und weltweit anerkannt sind.<\/div>\n<div><strong>On y va \u2013 Auf geht\u2019s!!!!<\/strong><\/div>\n<\/div>\n","protected":false},"excerpt":{"rendered":"<p>Was ist DELF? DELF scolaire-Zertifikate sind staatliche Sprachdiplome, die vom franz\u00f6sischen Erziehungsministerium vergeben werden. Sie sind standardisiert und werden in der ganzen Welt anerkannt. Je nach Lernstand k\u00f6nnen Zertifikate verschiedener Leistungsniveaus von A1 bis B2 unabh\u00e4ngig voneinander erworben werden. Die Pr\u00fcfung, die meist im Juni abgenommen&#46;&#46;&#46;<\/p>\n","protected":false},"author":28,"featured_media":0,"parent":840,"menu_order":0,"comment_status":"open","ping_status":"open","template":"page-template-fullwidth.php","meta":{"ngg_post_thumbnail":0,"footnotes":""},"class_list":["post-2577","page","type-page","status-publish","hentry"],"yoast_head":"<!-- This site is optimized with the Yoast SEO plugin v27.5 - https:\/\/yoast.com\/product\/yoast-seo-wordpress\/ -->\n<title>DELF - NIGE<\/title>\n<meta name=\"robots\" content=\"index, follow, max-snippet:-1, max-image-preview:large, max-video-preview:-1\" \/>\n<link rel=\"canonical\" href=\"https:\/\/wp2.nige.de\/wordpress\/sample-page\/hochbegabtenforderung\/forderangebote\/delf\/\" \/>\n<meta property=\"og:locale\" content=\"de_DE\" \/>\n<meta property=\"og:type\" content=\"article\" \/>\n<meta property=\"og:title\" content=\"DELF - NIGE\" \/>\n<meta property=\"og:description\" content=\"Was ist DELF? DELF scolaire-Zertifikate sind staatliche Sprachdiplome, die vom franz\u00f6sischen Erziehungsministerium vergeben werden. Sie sind standardisiert und werden in der ganzen Welt anerkannt. Je nach Lernstand k\u00f6nnen Zertifikate verschiedener Leistungsniveaus von A1 bis B2 unabh\u00e4ngig voneinander erworben werden. Die Pr\u00fcfung, die meist im Juni abgenommen&#046;&#046;&#046;\" \/>\n<meta property=\"og:url\" content=\"https:\/\/wp2.nige.de\/wordpress\/sample-page\/hochbegabtenforderung\/forderangebote\/delf\/\" \/>\n<meta property=\"og:site_name\" content=\"NIGE\" \/>\n<meta property=\"article:publisher\" content=\"https:\/\/www.facebook.com\/NIGEsens\/\" \/>\n<meta property=\"article:modified_time\" content=\"2014-01-13T16:34:57+00:00\" \/>\n<meta name=\"twitter:card\" content=\"summary_large_image\" \/>\n<meta name=\"twitter:label1\" content=\"Gesch\u00e4tzte Lesezeit\" \/>\n\t<meta name=\"twitter:data1\" content=\"2\u00a0Minuten\" \/>\n<script type=\"application\/ld+json\" class=\"yoast-schema-graph\">{\"@context\":\"https:\\\/\\\/schema.org\",\"@graph\":[{\"@type\":\"WebPage\",\"@id\":\"https:\\\/\\\/wp2.nige.de\\\/wordpress\\\/sample-page\\\/hochbegabtenforderung\\\/forderangebote\\\/delf\\\/\",\"url\":\"https:\\\/\\\/wp2.nige.de\\\/wordpress\\\/sample-page\\\/hochbegabtenforderung\\\/forderangebote\\\/delf\\\/\",\"name\":\"DELF - NIGE\",\"isPartOf\":{\"@id\":\"https:\\\/\\\/wp2.nige.de\\\/wordpress\\\/#website\"},\"datePublished\":\"2014-01-13T16:33:28+00:00\",\"dateModified\":\"2014-01-13T16:34:57+00:00\",\"breadcrumb\":{\"@id\":\"https:\\\/\\\/wp2.nige.de\\\/wordpress\\\/sample-page\\\/hochbegabtenforderung\\\/forderangebote\\\/delf\\\/#breadcrumb\"},\"inLanguage\":\"de\",\"potentialAction\":[{\"@type\":\"ReadAction\",\"target\":[\"https:\\\/\\\/wp2.nige.de\\\/wordpress\\\/sample-page\\\/hochbegabtenforderung\\\/forderangebote\\\/delf\\\/\"]}]},{\"@type\":\"BreadcrumbList\",\"@id\":\"https:\\\/\\\/wp2.nige.de\\\/wordpress\\\/sample-page\\\/hochbegabtenforderung\\\/forderangebote\\\/delf\\\/#breadcrumb\",\"itemListElement\":[{\"@type\":\"ListItem\",\"position\":1,\"name\":\"Startseite\",\"item\":\"https:\\\/\\\/wp2.nige.de\\\/wordpress\\\/\"},{\"@type\":\"ListItem\",\"position\":2,\"name\":\"NIGE\",\"item\":\"https:\\\/\\\/wp2.nige.de\\\/wordpress\\\/sample-page\\\/\"},{\"@type\":\"ListItem\",\"position\":3,\"name\":\"Begabtenf\u00f6rderung\",\"item\":\"https:\\\/\\\/wp2.nige.de\\\/wordpress\\\/sample-page\\\/hochbegabtenforderung\\\/\"},{\"@type\":\"ListItem\",\"position\":4,\"name\":\"Forderangebote\",\"item\":\"https:\\\/\\\/wp2.nige.de\\\/wordpress\\\/sample-page\\\/hochbegabtenforderung\\\/forderangebote\\\/\"},{\"@type\":\"ListItem\",\"position\":5,\"name\":\"DELF\"}]},{\"@type\":\"WebSite\",\"@id\":\"https:\\\/\\\/wp2.nige.de\\\/wordpress\\\/#website\",\"url\":\"https:\\\/\\\/wp2.nige.de\\\/wordpress\\\/\",\"name\":\"Nieders\u00e4chsisches Internatsgymnasium Esens | NIGE\",\"description\":\"Nieders\u00e4chsisches Internatsgymnasium Esens\",\"publisher\":{\"@id\":\"https:\\\/\\\/wp2.nige.de\\\/wordpress\\\/#organization\"},\"potentialAction\":[{\"@type\":\"SearchAction\",\"target\":{\"@type\":\"EntryPoint\",\"urlTemplate\":\"https:\\\/\\\/wp2.nige.de\\\/wordpress\\\/?s={search_term_string}\"},\"query-input\":{\"@type\":\"PropertyValueSpecification\",\"valueRequired\":true,\"valueName\":\"search_term_string\"}}],\"inLanguage\":\"de\"},{\"@type\":\"Organization\",\"@id\":\"https:\\\/\\\/wp2.nige.de\\\/wordpress\\\/#organization\",\"name\":\"Nieders\u00e4chsisches Internatsgymnasium Esens\",\"url\":\"https:\\\/\\\/wp2.nige.de\\\/wordpress\\\/\",\"logo\":{\"@type\":\"ImageObject\",\"inLanguage\":\"de\",\"@id\":\"https:\\\/\\\/wp2.nige.de\\\/wordpress\\\/#\\\/schema\\\/logo\\\/image\\\/\",\"url\":\"https:\\\/\\\/wp2.nige.de\\\/wordpress\\\/wp-content\\\/uploads\\\/2018\\\/08\\\/logo_nige.jpg\",\"contentUrl\":\"https:\\\/\\\/wp2.nige.de\\\/wordpress\\\/wp-content\\\/uploads\\\/2018\\\/08\\\/logo_nige.jpg\",\"width\":1984,\"height\":1239,\"caption\":\"Nieders\u00e4chsisches Internatsgymnasium Esens\"},\"image\":{\"@id\":\"https:\\\/\\\/wp2.nige.de\\\/wordpress\\\/#\\\/schema\\\/logo\\\/image\\\/\"},\"sameAs\":[\"https:\\\/\\\/www.facebook.com\\\/NIGEsens\\\/\"]}]}<\/script>\n<!-- \/ Yoast SEO plugin. -->","yoast_head_json":{"title":"DELF - NIGE","robots":{"index":"index","follow":"follow","max-snippet":"max-snippet:-1","max-image-preview":"max-image-preview:large","max-video-preview":"max-video-preview:-1"},"canonical":"https:\/\/wp2.nige.de\/wordpress\/sample-page\/hochbegabtenforderung\/forderangebote\/delf\/","og_locale":"de_DE","og_type":"article","og_title":"DELF - NIGE","og_description":"Was ist DELF? DELF scolaire-Zertifikate sind staatliche Sprachdiplome, die vom franz\u00f6sischen Erziehungsministerium vergeben werden. Sie sind standardisiert und werden in der ganzen Welt anerkannt. Je nach Lernstand k\u00f6nnen Zertifikate verschiedener Leistungsniveaus von A1 bis B2 unabh\u00e4ngig voneinander erworben werden. Die Pr\u00fcfung, die meist im Juni abgenommen&#46;&#46;&#46;","og_url":"https:\/\/wp2.nige.de\/wordpress\/sample-page\/hochbegabtenforderung\/forderangebote\/delf\/","og_site_name":"NIGE","article_publisher":"https:\/\/www.facebook.com\/NIGEsens\/","article_modified_time":"2014-01-13T16:34:57+00:00","twitter_card":"summary_large_image","twitter_misc":{"Gesch\u00e4tzte Lesezeit":"2\u00a0Minuten"},"schema":{"@context":"https:\/\/schema.org","@graph":[{"@type":"WebPage","@id":"https:\/\/wp2.nige.de\/wordpress\/sample-page\/hochbegabtenforderung\/forderangebote\/delf\/","url":"https:\/\/wp2.nige.de\/wordpress\/sample-page\/hochbegabtenforderung\/forderangebote\/delf\/","name":"DELF - NIGE","isPartOf":{"@id":"https:\/\/wp2.nige.de\/wordpress\/#website"},"datePublished":"2014-01-13T16:33:28+00:00","dateModified":"2014-01-13T16:34:57+00:00","breadcrumb":{"@id":"https:\/\/wp2.nige.de\/wordpress\/sample-page\/hochbegabtenforderung\/forderangebote\/delf\/#breadcrumb"},"inLanguage":"de","potentialAction":[{"@type":"ReadAction","target":["https:\/\/wp2.nige.de\/wordpress\/sample-page\/hochbegabtenforderung\/forderangebote\/delf\/"]}]},{"@type":"BreadcrumbList","@id":"https:\/\/wp2.nige.de\/wordpress\/sample-page\/hochbegabtenforderung\/forderangebote\/delf\/#breadcrumb","itemListElement":[{"@type":"ListItem","position":1,"name":"Startseite","item":"https:\/\/wp2.nige.de\/wordpress\/"},{"@type":"ListItem","position":2,"name":"NIGE","item":"https:\/\/wp2.nige.de\/wordpress\/sample-page\/"},{"@type":"ListItem","position":3,"name":"Begabtenf\u00f6rderung","item":"https:\/\/wp2.nige.de\/wordpress\/sample-page\/hochbegabtenforderung\/"},{"@type":"ListItem","position":4,"name":"Forderangebote","item":"https:\/\/wp2.nige.de\/wordpress\/sample-page\/hochbegabtenforderung\/forderangebote\/"},{"@type":"ListItem","position":5,"name":"DELF"}]},{"@type":"WebSite","@id":"https:\/\/wp2.nige.de\/wordpress\/#website","url":"https:\/\/wp2.nige.de\/wordpress\/","name":"Nieders\u00e4chsisches Internatsgymnasium Esens | NIGE","description":"Nieders\u00e4chsisches Internatsgymnasium Esens","publisher":{"@id":"https:\/\/wp2.nige.de\/wordpress\/#organization"},"potentialAction":[{"@type":"SearchAction","target":{"@type":"EntryPoint","urlTemplate":"https:\/\/wp2.nige.de\/wordpress\/?s={search_term_string}"},"query-input":{"@type":"PropertyValueSpecification","valueRequired":true,"valueName":"search_term_string"}}],"inLanguage":"de"},{"@type":"Organization","@id":"https:\/\/wp2.nige.de\/wordpress\/#organization","name":"Nieders\u00e4chsisches Internatsgymnasium Esens","url":"https:\/\/wp2.nige.de\/wordpress\/","logo":{"@type":"ImageObject","inLanguage":"de","@id":"https:\/\/wp2.nige.de\/wordpress\/#\/schema\/logo\/image\/","url":"https:\/\/wp2.nige.de\/wordpress\/wp-content\/uploads\/2018\/08\/logo_nige.jpg","contentUrl":"https:\/\/wp2.nige.de\/wordpress\/wp-content\/uploads\/2018\/08\/logo_nige.jpg","width":1984,"height":1239,"caption":"Nieders\u00e4chsisches Internatsgymnasium Esens"},"image":{"@id":"https:\/\/wp2.nige.de\/wordpress\/#\/schema\/logo\/image\/"},"sameAs":["https:\/\/www.facebook.com\/NIGEsens\/"]}]}},"_links":{"self":[{"href":"https:\/\/wp2.nige.de\/wordpress\/wp-json\/wp\/v2\/pages\/2577","targetHints":{"allow":["GET"]}}],"collection":[{"href":"https:\/\/wp2.nige.de\/wordpress\/wp-json\/wp\/v2\/pages"}],"about":[{"href":"https:\/\/wp2.nige.de\/wordpress\/wp-json\/wp\/v2\/types\/page"}],"author":[{"embeddable":true,"href":"https:\/\/wp2.nige.de\/wordpress\/wp-json\/wp\/v2\/users\/28"}],"replies":[{"embeddable":true,"href":"https:\/\/wp2.nige.de\/wordpress\/wp-json\/wp\/v2\/comments?post=2577"}],"version-history":[{"count":1,"href":"https:\/\/wp2.nige.de\/wordpress\/wp-json\/wp\/v2\/pages\/2577\/revisions"}],"predecessor-version":[{"id":2578,"href":"https:\/\/wp2.nige.de\/wordpress\/wp-json\/wp\/v2\/pages\/2577\/revisions\/2578"}],"up":[{"embeddable":true,"href":"https:\/\/wp2.nige.de\/wordpress\/wp-json\/wp\/v2\/pages\/840"}],"wp:attachment":[{"href":"https:\/\/wp2.nige.de\/wordpress\/wp-json\/wp\/v2\/media?parent=2577"}],"curies":[{"name":"wp","href":"https:\/\/api.w.org\/{rel}","templated":true}]}}