{"id":216,"date":"2013-07-04T09:32:39","date_gmt":"2013-07-04T09:32:39","guid":{"rendered":"http:\/\/10.40.11.10\/wordpress\/?page_id=47"},"modified":"2025-09-23T12:32:40","modified_gmt":"2025-09-23T10:32:40","slug":"internat","status":"publish","type":"page","link":"https:\/\/wp2.nige.de\/wordpress\/sample-page\/schulleben\/internat\/","title":{"rendered":"Internat"},"content":{"rendered":"<div>\n<p style=\"text-align: justify;\"><strong>Das Internat stellt sich vor&#8230;<br \/>\n<\/strong><\/p>\n<p><a href=\"https:\/\/wp2.nige.de\/wordpress\/wp-content\/uploads\/2020\/12\/Luftbild-NIGE-fu\u0308r-Homepage.jpg\"><img loading=\"lazy\" decoding=\"async\" class=\"aligncenter size-large wp-image-11676\" src=\"https:\/\/wp2.nige.de\/wordpress\/wp-content\/uploads\/2020\/12\/Luftbild-NIGE-fu\u0308r-Homepage-1024x539.jpg\" alt=\"\" width=\"1024\" height=\"539\" srcset=\"https:\/\/wp2.nige.de\/wordpress\/wp-content\/uploads\/2020\/12\/Luftbild-NIGE-fu\u0308r-Homepage-1024x539.jpg 1024w, https:\/\/wp2.nige.de\/wordpress\/wp-content\/uploads\/2020\/12\/Luftbild-NIGE-fu\u0308r-Homepage-300x158.jpg 300w, https:\/\/wp2.nige.de\/wordpress\/wp-content\/uploads\/2020\/12\/Luftbild-NIGE-fu\u0308r-Homepage-1536x809.jpg 1536w, https:\/\/wp2.nige.de\/wordpress\/wp-content\/uploads\/2020\/12\/Luftbild-NIGE-fu\u0308r-Homepage-2048x1079.jpg 2048w\" sizes=\"auto, (max-width: 1024px) 100vw, 1024px\" \/><\/a><\/p>\n<p style=\"text-align: justify;\">Das nieders\u00e4chsische Internatsgymnasium in Esens wird vom Land Niedersachsen f\u00fcr Sch\u00fcler und Sch\u00fclerinnen unterhalten, die aus wirtschaftlichen, famili\u00e4ren, verkehrstechnischen oder schulfachlichen Gr\u00fcnden ein Gymnasium anderer Art nur unter erschwerten Bedingungen besuchen k\u00f6nnen.<\/p>\n<p style=\"text-align: justify;\">Das Schulgel\u00e4nde liegt in einem Wald am Stadtrand von Esens an der Nordsee. Neben den Schulgeb\u00e4uden befinden sich die Internatsh\u00e4user (H\u00e4user I, II, III, &#8222;Maysel&#8220; und &#8222;Br\u00f6sel&#8220;) sowie das Wirtschaftsgeb\u00e4ude mit der K\u00fcche auf dem ca. 9,5 ha gro\u00dfen Schulgel\u00e4nde.<\/p>\n<p style=\"text-align: justify;\">Freizeitaktivit\u00e4ten unterst\u00fctzt durch das NIGE-Mobil, Hausaufgabenbetreuung und gegebenenfalls individuelle F\u00f6rderungsma\u00dfnahmen sind Beitr\u00e4ge, wodurch den Sch\u00fclern und Sch\u00fclerinnen zu schulischem Erfolg verholfen und das Internatsleben erleichtert werden sollen. Die p\u00e4dagogische Betreuung der ca. 120 Sch\u00fcler und Sch\u00fclerinnen im Internat wird von Sozialp\u00e4dagogen, Lehrerinnen und Lehrern wahrgenommen.<\/p>\n<p style=\"text-align: justify;\">Die Sch\u00fcler und Sch\u00fclerinnen sind in Einzel- und Doppelzimmern untergebracht, welche z.T. allergikergerecht ausgestattet sind.<br \/>\nF\u00fcnf Tage in der Woche besuchen die Sch\u00fcler und Sch\u00fclerinnen die Schule. An den Wochenenden geht es je nach M\u00f6glichkeit nach Hause, ansonsten findet auch am Wochenende eine Betreuung statt. Die schuleigenen Sportanlagen (2 Sporthallen, Schwimmbad und Sportplatz mit Leichtathletikanlage, Basketballfeld, Beachvolleyballplatz und Soccer-Court ) k\u00f6nnen zur sportlichen F\u00f6rderung genutzt werden.<\/p>\n<p>&nbsp;<\/p>\n<p><a href=\"https:\/\/wp2.nige.de\/wordpress\/wp-content\/uploads\/2025\/09\/E64A8477-scaled.jpg\"><img loading=\"lazy\" decoding=\"async\" class=\"aligncenter wp-image-17364\" src=\"https:\/\/wp2.nige.de\/wordpress\/wp-content\/uploads\/2025\/09\/E64A8477-1024x768.jpg\" alt=\"\" width=\"550\" height=\"413\" srcset=\"https:\/\/wp2.nige.de\/wordpress\/wp-content\/uploads\/2025\/09\/E64A8477-1024x768.jpg 1024w, https:\/\/wp2.nige.de\/wordpress\/wp-content\/uploads\/2025\/09\/E64A8477-300x225.jpg 300w, https:\/\/wp2.nige.de\/wordpress\/wp-content\/uploads\/2025\/09\/E64A8477-1536x1152.jpg 1536w, https:\/\/wp2.nige.de\/wordpress\/wp-content\/uploads\/2025\/09\/E64A8477-2048x1536.jpg 2048w\" sizes=\"auto, (max-width: 550px) 100vw, 550px\" \/><\/a><\/p>\n<p><span style=\"font-size: 10pt; font-family: arial, helvetica, sans-serif;\">(v.l.n.r.) Internatsleiter Fabian Bruns, Sozialp\u00e4dagoge Aaron Warnke, Sozialp\u00e4dagogin Diana Unger, Internatskoordinator Andreas Stekker, Sozialp\u00e4dagogin Andrea Schulte, Erzieher Rene Wildemann, stellv. Internatsleiter Ole Deuter.\u00a0 \u00a0 \u00a0 \u00a0 \u00a0 \u00a0 \u00a0 (Es fehlt Sozialp\u00e4dagogin Ines Krause)<\/span><\/p>\n<p>&nbsp;<\/p>\n<p>&nbsp;<\/p>\n<\/div>\n<p>&nbsp;<\/p>\n<p>&nbsp;<\/p>\n<p><iframe loading=\"lazy\" src=\"https:\/\/wp2.nige.de\/wordpress\/upload\/output%202\/index.html?embedded\" width=\"100%\" height=\"500\" frameborder=\"0\"><span data-mce-type=\"bookmark\" style=\"display: inline-block; width: 0px; overflow: hidden; line-height: 0;\" class=\"mce_SELRES_start\">\ufeff<\/span><\/iframe><\/p>\n<p>&nbsp;<\/p>\n<div class=\"padlet-embed\" style=\"border: 1px solid rgba(0,0,0,0.1); border-radius: 2px; box-sizing: border-box; overflow: hidden; position: relative; width: 100%; background: #F4F4F4;\">\n<p style=\"padding: 0; margin: 0;\"><iframe style=\"width: 100%; height: 608px; display: block; padding: 0; margin: 0;\" src=\"https:\/\/padlet.com\/embed\/aslmgs30gpca733f\" frameborder=\"0\"><\/iframe><\/p>\n<div style=\"padding: 8px; text-align: right; margin: 0;\"><a style=\"padding: 0; margin: 0; border: none; display: block; line-height: 1; height: 16px;\" href=\"https:\/\/padlet.com?ref=embed\" target=\"_blank\" rel=\"noopener\"><img loading=\"lazy\" decoding=\"async\" style=\"padding: 0; margin: 0; background: none; border: none; display: inline; box-shadow: none;\" src=\"https:\/\/padlet.net\/embeds\/made_with_padlet.png\" alt=\"Mit Padlet erstellt\" width=\"86\" height=\"16\" \/><\/a><\/div>\n<\/div>\n<p>&nbsp;<\/p>\n","protected":false},"excerpt":{"rendered":"<p>Das Internat stellt sich vor&#8230; Das nieders\u00e4chsische Internatsgymnasium in Esens wird vom Land Niedersachsen f\u00fcr Sch\u00fcler und Sch\u00fclerinnen unterhalten, die aus wirtschaftlichen, famili\u00e4ren, verkehrstechnischen oder schulfachlichen Gr\u00fcnden ein Gymnasium anderer Art nur unter erschwerten Bedingungen besuchen k\u00f6nnen. Das Schulgel\u00e4nde liegt in einem Wald am Stadtrand von&#46;&#46;&#46;<\/p>\n","protected":false},"author":28,"featured_media":0,"parent":11,"menu_order":1,"comment_status":"open","ping_status":"open","template":"","meta":{"ngg_post_thumbnail":0,"footnotes":""},"class_list":["post-216","page","type-page","status-publish","hentry"],"yoast_head":"<!-- This site is optimized with the Yoast SEO plugin v27.5 - https:\/\/yoast.com\/product\/yoast-seo-wordpress\/ -->\n<title>Internat - NIGE<\/title>\n<meta name=\"robots\" content=\"index, follow, max-snippet:-1, max-image-preview:large, max-video-preview:-1\" \/>\n<link rel=\"canonical\" href=\"https:\/\/wp2.nige.de\/wordpress\/sample-page\/schulleben\/internat\/\" \/>\n<meta property=\"og:locale\" content=\"de_DE\" \/>\n<meta property=\"og:type\" content=\"article\" \/>\n<meta property=\"og:title\" content=\"Internat - NIGE\" \/>\n<meta property=\"og:description\" content=\"Das Internat stellt sich vor&#8230; Das nieders\u00e4chsische Internatsgymnasium in Esens wird vom Land Niedersachsen f\u00fcr Sch\u00fcler und Sch\u00fclerinnen unterhalten, die aus wirtschaftlichen, famili\u00e4ren, verkehrstechnischen oder schulfachlichen Gr\u00fcnden ein Gymnasium anderer Art nur unter erschwerten Bedingungen besuchen k\u00f6nnen. Das Schulgel\u00e4nde liegt in einem Wald am Stadtrand von&#046;&#046;&#046;\" \/>\n<meta property=\"og:url\" content=\"https:\/\/wp2.nige.de\/wordpress\/sample-page\/schulleben\/internat\/\" \/>\n<meta property=\"og:site_name\" content=\"NIGE\" \/>\n<meta property=\"article:publisher\" content=\"https:\/\/www.facebook.com\/NIGEsens\/\" \/>\n<meta property=\"article:modified_time\" content=\"2025-09-23T10:32:40+00:00\" \/>\n<meta property=\"og:image\" content=\"https:\/\/wp2.nige.de\/wordpress\/wp-content\/uploads\/2025\/09\/E64A8477-1024x768.jpg\" \/>\n<meta name=\"twitter:card\" content=\"summary_large_image\" \/>\n<meta name=\"twitter:label1\" content=\"Gesch\u00e4tzte Lesezeit\" \/>\n\t<meta name=\"twitter:data1\" content=\"2\u00a0Minuten\" \/>\n<script type=\"application\/ld+json\" class=\"yoast-schema-graph\">{\"@context\":\"https:\\\/\\\/schema.org\",\"@graph\":[{\"@type\":\"WebPage\",\"@id\":\"https:\\\/\\\/wp2.nige.de\\\/wordpress\\\/sample-page\\\/schulleben\\\/internat\\\/\",\"url\":\"https:\\\/\\\/wp2.nige.de\\\/wordpress\\\/sample-page\\\/schulleben\\\/internat\\\/\",\"name\":\"Internat - NIGE\",\"isPartOf\":{\"@id\":\"https:\\\/\\\/wp2.nige.de\\\/wordpress\\\/#website\"},\"primaryImageOfPage\":{\"@id\":\"https:\\\/\\\/wp2.nige.de\\\/wordpress\\\/sample-page\\\/schulleben\\\/internat\\\/#primaryimage\"},\"image\":{\"@id\":\"https:\\\/\\\/wp2.nige.de\\\/wordpress\\\/sample-page\\\/schulleben\\\/internat\\\/#primaryimage\"},\"thumbnailUrl\":\"https:\\\/\\\/wp2.nige.de\\\/wordpress\\\/wp-content\\\/uploads\\\/2025\\\/09\\\/E64A8477-1024x768.jpg\",\"datePublished\":\"2013-07-04T09:32:39+00:00\",\"dateModified\":\"2025-09-23T10:32:40+00:00\",\"breadcrumb\":{\"@id\":\"https:\\\/\\\/wp2.nige.de\\\/wordpress\\\/sample-page\\\/schulleben\\\/internat\\\/#breadcrumb\"},\"inLanguage\":\"de\",\"potentialAction\":[{\"@type\":\"ReadAction\",\"target\":[\"https:\\\/\\\/wp2.nige.de\\\/wordpress\\\/sample-page\\\/schulleben\\\/internat\\\/\"]}]},{\"@type\":\"ImageObject\",\"inLanguage\":\"de\",\"@id\":\"https:\\\/\\\/wp2.nige.de\\\/wordpress\\\/sample-page\\\/schulleben\\\/internat\\\/#primaryimage\",\"url\":\"https:\\\/\\\/wp2.nige.de\\\/wordpress\\\/wp-content\\\/uploads\\\/2025\\\/09\\\/E64A8477-scaled.jpg\",\"contentUrl\":\"https:\\\/\\\/wp2.nige.de\\\/wordpress\\\/wp-content\\\/uploads\\\/2025\\\/09\\\/E64A8477-scaled.jpg\",\"width\":2560,\"height\":1920},{\"@type\":\"BreadcrumbList\",\"@id\":\"https:\\\/\\\/wp2.nige.de\\\/wordpress\\\/sample-page\\\/schulleben\\\/internat\\\/#breadcrumb\",\"itemListElement\":[{\"@type\":\"ListItem\",\"position\":1,\"name\":\"Startseite\",\"item\":\"https:\\\/\\\/wp2.nige.de\\\/wordpress\\\/\"},{\"@type\":\"ListItem\",\"position\":2,\"name\":\"NIGE\",\"item\":\"https:\\\/\\\/wp2.nige.de\\\/wordpress\\\/sample-page\\\/\"},{\"@type\":\"ListItem\",\"position\":3,\"name\":\"Schulleben\",\"item\":\"https:\\\/\\\/wp2.nige.de\\\/wordpress\\\/sample-page\\\/schulleben\\\/\"},{\"@type\":\"ListItem\",\"position\":4,\"name\":\"Internat\"}]},{\"@type\":\"WebSite\",\"@id\":\"https:\\\/\\\/wp2.nige.de\\\/wordpress\\\/#website\",\"url\":\"https:\\\/\\\/wp2.nige.de\\\/wordpress\\\/\",\"name\":\"Nieders\u00e4chsisches Internatsgymnasium Esens | NIGE\",\"description\":\"Nieders\u00e4chsisches Internatsgymnasium Esens\",\"publisher\":{\"@id\":\"https:\\\/\\\/wp2.nige.de\\\/wordpress\\\/#organization\"},\"potentialAction\":[{\"@type\":\"SearchAction\",\"target\":{\"@type\":\"EntryPoint\",\"urlTemplate\":\"https:\\\/\\\/wp2.nige.de\\\/wordpress\\\/?s={search_term_string}\"},\"query-input\":{\"@type\":\"PropertyValueSpecification\",\"valueRequired\":true,\"valueName\":\"search_term_string\"}}],\"inLanguage\":\"de\"},{\"@type\":\"Organization\",\"@id\":\"https:\\\/\\\/wp2.nige.de\\\/wordpress\\\/#organization\",\"name\":\"Nieders\u00e4chsisches Internatsgymnasium Esens\",\"url\":\"https:\\\/\\\/wp2.nige.de\\\/wordpress\\\/\",\"logo\":{\"@type\":\"ImageObject\",\"inLanguage\":\"de\",\"@id\":\"https:\\\/\\\/wp2.nige.de\\\/wordpress\\\/#\\\/schema\\\/logo\\\/image\\\/\",\"url\":\"https:\\\/\\\/wp2.nige.de\\\/wordpress\\\/wp-content\\\/uploads\\\/2018\\\/08\\\/logo_nige.jpg\",\"contentUrl\":\"https:\\\/\\\/wp2.nige.de\\\/wordpress\\\/wp-content\\\/uploads\\\/2018\\\/08\\\/logo_nige.jpg\",\"width\":1984,\"height\":1239,\"caption\":\"Nieders\u00e4chsisches Internatsgymnasium Esens\"},\"image\":{\"@id\":\"https:\\\/\\\/wp2.nige.de\\\/wordpress\\\/#\\\/schema\\\/logo\\\/image\\\/\"},\"sameAs\":[\"https:\\\/\\\/www.facebook.com\\\/NIGEsens\\\/\"]}]}<\/script>\n<!-- \/ Yoast SEO plugin. -->","yoast_head_json":{"title":"Internat - NIGE","robots":{"index":"index","follow":"follow","max-snippet":"max-snippet:-1","max-image-preview":"max-image-preview:large","max-video-preview":"max-video-preview:-1"},"canonical":"https:\/\/wp2.nige.de\/wordpress\/sample-page\/schulleben\/internat\/","og_locale":"de_DE","og_type":"article","og_title":"Internat - NIGE","og_description":"Das Internat stellt sich vor&#8230; Das nieders\u00e4chsische Internatsgymnasium in Esens wird vom Land Niedersachsen f\u00fcr Sch\u00fcler und Sch\u00fclerinnen unterhalten, die aus wirtschaftlichen, famili\u00e4ren, verkehrstechnischen oder schulfachlichen Gr\u00fcnden ein Gymnasium anderer Art nur unter erschwerten Bedingungen besuchen k\u00f6nnen. Das Schulgel\u00e4nde liegt in einem Wald am Stadtrand von&#46;&#46;&#46;","og_url":"https:\/\/wp2.nige.de\/wordpress\/sample-page\/schulleben\/internat\/","og_site_name":"NIGE","article_publisher":"https:\/\/www.facebook.com\/NIGEsens\/","article_modified_time":"2025-09-23T10:32:40+00:00","og_image":[{"url":"https:\/\/wp2.nige.de\/wordpress\/wp-content\/uploads\/2025\/09\/E64A8477-1024x768.jpg","type":"","width":"","height":""}],"twitter_card":"summary_large_image","twitter_misc":{"Gesch\u00e4tzte Lesezeit":"2\u00a0Minuten"},"schema":{"@context":"https:\/\/schema.org","@graph":[{"@type":"WebPage","@id":"https:\/\/wp2.nige.de\/wordpress\/sample-page\/schulleben\/internat\/","url":"https:\/\/wp2.nige.de\/wordpress\/sample-page\/schulleben\/internat\/","name":"Internat - NIGE","isPartOf":{"@id":"https:\/\/wp2.nige.de\/wordpress\/#website"},"primaryImageOfPage":{"@id":"https:\/\/wp2.nige.de\/wordpress\/sample-page\/schulleben\/internat\/#primaryimage"},"image":{"@id":"https:\/\/wp2.nige.de\/wordpress\/sample-page\/schulleben\/internat\/#primaryimage"},"thumbnailUrl":"https:\/\/wp2.nige.de\/wordpress\/wp-content\/uploads\/2025\/09\/E64A8477-1024x768.jpg","datePublished":"2013-07-04T09:32:39+00:00","dateModified":"2025-09-23T10:32:40+00:00","breadcrumb":{"@id":"https:\/\/wp2.nige.de\/wordpress\/sample-page\/schulleben\/internat\/#breadcrumb"},"inLanguage":"de","potentialAction":[{"@type":"ReadAction","target":["https:\/\/wp2.nige.de\/wordpress\/sample-page\/schulleben\/internat\/"]}]},{"@type":"ImageObject","inLanguage":"de","@id":"https:\/\/wp2.nige.de\/wordpress\/sample-page\/schulleben\/internat\/#primaryimage","url":"https:\/\/wp2.nige.de\/wordpress\/wp-content\/uploads\/2025\/09\/E64A8477-scaled.jpg","contentUrl":"https:\/\/wp2.nige.de\/wordpress\/wp-content\/uploads\/2025\/09\/E64A8477-scaled.jpg","width":2560,"height":1920},{"@type":"BreadcrumbList","@id":"https:\/\/wp2.nige.de\/wordpress\/sample-page\/schulleben\/internat\/#breadcrumb","itemListElement":[{"@type":"ListItem","position":1,"name":"Startseite","item":"https:\/\/wp2.nige.de\/wordpress\/"},{"@type":"ListItem","position":2,"name":"NIGE","item":"https:\/\/wp2.nige.de\/wordpress\/sample-page\/"},{"@type":"ListItem","position":3,"name":"Schulleben","item":"https:\/\/wp2.nige.de\/wordpress\/sample-page\/schulleben\/"},{"@type":"ListItem","position":4,"name":"Internat"}]},{"@type":"WebSite","@id":"https:\/\/wp2.nige.de\/wordpress\/#website","url":"https:\/\/wp2.nige.de\/wordpress\/","name":"Nieders\u00e4chsisches Internatsgymnasium Esens | NIGE","description":"Nieders\u00e4chsisches Internatsgymnasium Esens","publisher":{"@id":"https:\/\/wp2.nige.de\/wordpress\/#organization"},"potentialAction":[{"@type":"SearchAction","target":{"@type":"EntryPoint","urlTemplate":"https:\/\/wp2.nige.de\/wordpress\/?s={search_term_string}"},"query-input":{"@type":"PropertyValueSpecification","valueRequired":true,"valueName":"search_term_string"}}],"inLanguage":"de"},{"@type":"Organization","@id":"https:\/\/wp2.nige.de\/wordpress\/#organization","name":"Nieders\u00e4chsisches Internatsgymnasium Esens","url":"https:\/\/wp2.nige.de\/wordpress\/","logo":{"@type":"ImageObject","inLanguage":"de","@id":"https:\/\/wp2.nige.de\/wordpress\/#\/schema\/logo\/image\/","url":"https:\/\/wp2.nige.de\/wordpress\/wp-content\/uploads\/2018\/08\/logo_nige.jpg","contentUrl":"https:\/\/wp2.nige.de\/wordpress\/wp-content\/uploads\/2018\/08\/logo_nige.jpg","width":1984,"height":1239,"caption":"Nieders\u00e4chsisches Internatsgymnasium Esens"},"image":{"@id":"https:\/\/wp2.nige.de\/wordpress\/#\/schema\/logo\/image\/"},"sameAs":["https:\/\/www.facebook.com\/NIGEsens\/"]}]}},"_links":{"self":[{"href":"https:\/\/wp2.nige.de\/wordpress\/wp-json\/wp\/v2\/pages\/216","targetHints":{"allow":["GET"]}}],"collection":[{"href":"https:\/\/wp2.nige.de\/wordpress\/wp-json\/wp\/v2\/pages"}],"about":[{"href":"https:\/\/wp2.nige.de\/wordpress\/wp-json\/wp\/v2\/types\/page"}],"author":[{"embeddable":true,"href":"https:\/\/wp2.nige.de\/wordpress\/wp-json\/wp\/v2\/users\/28"}],"replies":[{"embeddable":true,"href":"https:\/\/wp2.nige.de\/wordpress\/wp-json\/wp\/v2\/comments?post=216"}],"version-history":[{"count":33,"href":"https:\/\/wp2.nige.de\/wordpress\/wp-json\/wp\/v2\/pages\/216\/revisions"}],"predecessor-version":[{"id":17366,"href":"https:\/\/wp2.nige.de\/wordpress\/wp-json\/wp\/v2\/pages\/216\/revisions\/17366"}],"up":[{"embeddable":true,"href":"https:\/\/wp2.nige.de\/wordpress\/wp-json\/wp\/v2\/pages\/11"}],"wp:attachment":[{"href":"https:\/\/wp2.nige.de\/wordpress\/wp-json\/wp\/v2\/media?parent=216"}],"curies":[{"name":"wp","href":"https:\/\/api.w.org\/{rel}","templated":true}]}}