{"id":168,"date":"2013-07-04T10:09:51","date_gmt":"2013-07-04T10:09:51","guid":{"rendered":"http:\/\/10.40.11.10\/wordpress\/?page_id=168"},"modified":"2025-07-17T10:32:10","modified_gmt":"2025-07-17T08:32:10","slug":"sport","status":"publish","type":"page","link":"https:\/\/wp2.nige.de\/wordpress\/sample-page\/sport\/","title":{"rendered":"Sport"},"content":{"rendered":"<h1><strong><span style=\"color: #000080;\">Fachkollegium <\/span><\/strong><\/h1>\n<p><a href=\"https:\/\/wp2.nige.de\/wordpress\/wp-content\/uploads\/2023\/10\/Fachschaftsfoto_oktober_23-scaled.jpg\"><img loading=\"lazy\" decoding=\"async\" class=\"alignleft size-large wp-image-14666\" src=\"https:\/\/wp2.nige.de\/wordpress\/wp-content\/uploads\/2023\/10\/Fachschaftsfoto_oktober_23-1024x461.jpg\" alt=\"\" width=\"1024\" height=\"461\" srcset=\"https:\/\/wp2.nige.de\/wordpress\/wp-content\/uploads\/2023\/10\/Fachschaftsfoto_oktober_23-1024x461.jpg 1024w, https:\/\/wp2.nige.de\/wordpress\/wp-content\/uploads\/2023\/10\/Fachschaftsfoto_oktober_23-300x135.jpg 300w, https:\/\/wp2.nige.de\/wordpress\/wp-content\/uploads\/2023\/10\/Fachschaftsfoto_oktober_23-1536x691.jpg 1536w, https:\/\/wp2.nige.de\/wordpress\/wp-content\/uploads\/2023\/10\/Fachschaftsfoto_oktober_23-2048x922.jpg 2048w\" sizes=\"auto, (max-width: 1024px) 100vw, 1024px\" \/><\/a><\/p>\n<h4><strong style=\"color: #000080;\">Fachkollegium<\/strong><\/h4>\n<p>David G\u00fcttner<br \/>\nBarbara Glittenberg<br \/>\nBoris K\u00f6nig<br \/>\nGerd Amberg<br \/>\nLea Graalfs<br \/>\nFabian Bruns<br \/>\nDirk Voges<\/p>\n<p>Nicht anwesend<br \/>\nD\u00f6rte Kessler<br \/>\nKarsten Litty<br \/>\nNora Junkmann<br \/>\nIngo Tusche<br \/>\nHagen Tomczak<br \/>\nChristine Wollmann<\/p>\n<h4><strong style=\"color: #000080;\">Curricula<\/strong><\/h4>\n<p><a href=\"http:\/\/wp2.nige.de\/wordpress\/wp-content\/uploads\/2013\/07\/kc_sek1_sport.pdf\">Kerncurriculum (Sek 1)<\/a><\/p>\n<p><span style=\"color: #000080;\"><strong>Schulcurriculum<\/strong><\/span><br \/>\n<a href=\"http:\/\/wp2.nige.de\/wordpress\/wp-content\/uploads\/2013\/07\/Gesamt-Lehrplan-Sport-.pdf\">Gesamtlehrplan Sport<\/a><br \/>\n<a href=\"http:\/\/wp2.nige.de\/wordpress\/wp-content\/uploads\/2013\/07\/Leichtathletik.pdf\">LP Leichtathletik<\/a><br \/>\n<a href=\"http:\/\/wp2.nige.de\/wordpress\/wp-content\/uploads\/2013\/07\/LP-Gymnastik.pdf\">LP Gymnastik<\/a><br \/>\n<a href=\"http:\/\/wp2.nige.de\/wordpress\/wp-content\/uploads\/2013\/07\/LP-Kaempfen.pdf\">LP K\u00e4mpfen<\/a><br \/>\n<a href=\"http:\/\/wp2.nige.de\/wordpress\/wp-content\/uploads\/2013\/07\/LP-Rollen.pdf\">LP Rollen<\/a><br \/>\n<a href=\"http:\/\/wp2.nige.de\/wordpress\/wp-content\/uploads\/2013\/07\/LP-Schwimmen.pdf\">LP Schwimmen<\/a><br \/>\n<a href=\"http:\/\/wp2.nige.de\/wordpress\/wp-content\/uploads\/2013\/07\/LP-Spielen.pdf\">LP Spielen<\/a><br \/>\n<a href=\"http:\/\/wp2.nige.de\/wordpress\/wp-content\/uploads\/2013\/07\/LP-Turnen.pdf\">LP Turnen<\/a><\/p>\n<h4><span style=\"color: #000080;\"><strong><a href=\"https:\/\/wp2.nige.de\/wordpress\/wp-content\/uploads\/2023\/10\/epa_eb_sport_2019.pdf\"><span style=\"color: #000080;\">Abiturpr\u00fcfung (PDF)<\/span><\/a><\/strong><strong><br \/>\n<\/strong><\/span><\/h4>\n<h4><span style=\"color: #000080;\"><strong><a href=\"http:\/\/wp2.nige.de\/wordpress\/wp-content\/uploads\/2013\/07\/Fitte_Schule.pdf\"><span style=\"color: #000080;\">Projekte &amp; Events (PDF)<\/span><\/a><\/strong><strong><br \/>\n<\/strong><\/span><\/h4>\n","protected":false},"excerpt":{"rendered":"<p>Fachkollegium Fachkollegium David G\u00fcttner Barbara Glittenberg Boris K\u00f6nig Gerd Amberg Lea Graalfs Fabian Bruns Dirk Voges Nicht anwesend D\u00f6rte Kessler Karsten Litty Nora Junkmann Ingo Tusche Hagen Tomczak Christine Wollmann Curricula Kerncurriculum (Sek 1) Schulcurriculum Gesamtlehrplan Sport LP Leichtathletik LP Gymnastik LP K\u00e4mpfen LP Rollen LP&#46;&#46;&#46;<\/p>\n","protected":false},"author":28,"featured_media":0,"parent":2,"menu_order":6,"comment_status":"open","ping_status":"open","template":"","meta":{"ngg_post_thumbnail":0,"footnotes":""},"class_list":["post-168","page","type-page","status-publish","hentry"],"yoast_head":"<!-- This site is optimized with the Yoast SEO plugin v27.5 - https:\/\/yoast.com\/product\/yoast-seo-wordpress\/ -->\n<title>Sport - NIGE<\/title>\n<meta name=\"robots\" content=\"index, follow, max-snippet:-1, max-image-preview:large, max-video-preview:-1\" \/>\n<link rel=\"canonical\" href=\"https:\/\/wp2.nige.de\/wordpress\/sample-page\/sport\/\" \/>\n<meta property=\"og:locale\" content=\"de_DE\" \/>\n<meta property=\"og:type\" content=\"article\" \/>\n<meta property=\"og:title\" content=\"Sport - NIGE\" \/>\n<meta property=\"og:description\" content=\"Fachkollegium Fachkollegium David G\u00fcttner Barbara Glittenberg Boris K\u00f6nig Gerd Amberg Lea Graalfs Fabian Bruns Dirk Voges Nicht anwesend D\u00f6rte Kessler Karsten Litty Nora Junkmann Ingo Tusche Hagen Tomczak Christine Wollmann Curricula Kerncurriculum (Sek 1) Schulcurriculum Gesamtlehrplan Sport LP Leichtathletik LP Gymnastik LP K\u00e4mpfen LP Rollen LP&#046;&#046;&#046;\" \/>\n<meta property=\"og:url\" content=\"https:\/\/wp2.nige.de\/wordpress\/sample-page\/sport\/\" \/>\n<meta property=\"og:site_name\" content=\"NIGE\" \/>\n<meta property=\"article:publisher\" content=\"https:\/\/www.facebook.com\/NIGEsens\/\" \/>\n<meta property=\"article:modified_time\" content=\"2025-07-17T08:32:10+00:00\" \/>\n<meta property=\"og:image\" content=\"https:\/\/wp2.nige.de\/wordpress\/wp-content\/uploads\/2023\/10\/Fachschaftsfoto_oktober_23-scaled.jpg\" \/>\n\t<meta property=\"og:image:width\" content=\"2560\" \/>\n\t<meta property=\"og:image:height\" content=\"1152\" \/>\n\t<meta property=\"og:image:type\" content=\"image\/jpeg\" \/>\n<meta name=\"twitter:card\" content=\"summary_large_image\" \/>\n<meta name=\"twitter:label1\" content=\"Gesch\u00e4tzte Lesezeit\" \/>\n\t<meta name=\"twitter:data1\" content=\"1\u00a0Minute\" \/>\n<script type=\"application\/ld+json\" class=\"yoast-schema-graph\">{\"@context\":\"https:\\\/\\\/schema.org\",\"@graph\":[{\"@type\":\"WebPage\",\"@id\":\"https:\\\/\\\/wp2.nige.de\\\/wordpress\\\/sample-page\\\/sport\\\/\",\"url\":\"https:\\\/\\\/wp2.nige.de\\\/wordpress\\\/sample-page\\\/sport\\\/\",\"name\":\"Sport - NIGE\",\"isPartOf\":{\"@id\":\"https:\\\/\\\/wp2.nige.de\\\/wordpress\\\/#website\"},\"primaryImageOfPage\":{\"@id\":\"https:\\\/\\\/wp2.nige.de\\\/wordpress\\\/sample-page\\\/sport\\\/#primaryimage\"},\"image\":{\"@id\":\"https:\\\/\\\/wp2.nige.de\\\/wordpress\\\/sample-page\\\/sport\\\/#primaryimage\"},\"thumbnailUrl\":\"https:\\\/\\\/wp2.nige.de\\\/wordpress\\\/wp-content\\\/uploads\\\/2023\\\/10\\\/Fachschaftsfoto_oktober_23-1024x461.jpg\",\"datePublished\":\"2013-07-04T10:09:51+00:00\",\"dateModified\":\"2025-07-17T08:32:10+00:00\",\"breadcrumb\":{\"@id\":\"https:\\\/\\\/wp2.nige.de\\\/wordpress\\\/sample-page\\\/sport\\\/#breadcrumb\"},\"inLanguage\":\"de\",\"potentialAction\":[{\"@type\":\"ReadAction\",\"target\":[\"https:\\\/\\\/wp2.nige.de\\\/wordpress\\\/sample-page\\\/sport\\\/\"]}]},{\"@type\":\"ImageObject\",\"inLanguage\":\"de\",\"@id\":\"https:\\\/\\\/wp2.nige.de\\\/wordpress\\\/sample-page\\\/sport\\\/#primaryimage\",\"url\":\"https:\\\/\\\/wp2.nige.de\\\/wordpress\\\/wp-content\\\/uploads\\\/2023\\\/10\\\/Fachschaftsfoto_oktober_23-scaled.jpg\",\"contentUrl\":\"https:\\\/\\\/wp2.nige.de\\\/wordpress\\\/wp-content\\\/uploads\\\/2023\\\/10\\\/Fachschaftsfoto_oktober_23-scaled.jpg\",\"width\":2560,\"height\":1152},{\"@type\":\"BreadcrumbList\",\"@id\":\"https:\\\/\\\/wp2.nige.de\\\/wordpress\\\/sample-page\\\/sport\\\/#breadcrumb\",\"itemListElement\":[{\"@type\":\"ListItem\",\"position\":1,\"name\":\"Startseite\",\"item\":\"https:\\\/\\\/wp2.nige.de\\\/wordpress\\\/\"},{\"@type\":\"ListItem\",\"position\":2,\"name\":\"NIGE\",\"item\":\"https:\\\/\\\/wp2.nige.de\\\/wordpress\\\/sample-page\\\/\"},{\"@type\":\"ListItem\",\"position\":3,\"name\":\"Sport\"}]},{\"@type\":\"WebSite\",\"@id\":\"https:\\\/\\\/wp2.nige.de\\\/wordpress\\\/#website\",\"url\":\"https:\\\/\\\/wp2.nige.de\\\/wordpress\\\/\",\"name\":\"Nieders\u00e4chsisches Internatsgymnasium Esens | NIGE\",\"description\":\"Nieders\u00e4chsisches Internatsgymnasium Esens\",\"publisher\":{\"@id\":\"https:\\\/\\\/wp2.nige.de\\\/wordpress\\\/#organization\"},\"potentialAction\":[{\"@type\":\"SearchAction\",\"target\":{\"@type\":\"EntryPoint\",\"urlTemplate\":\"https:\\\/\\\/wp2.nige.de\\\/wordpress\\\/?s={search_term_string}\"},\"query-input\":{\"@type\":\"PropertyValueSpecification\",\"valueRequired\":true,\"valueName\":\"search_term_string\"}}],\"inLanguage\":\"de\"},{\"@type\":\"Organization\",\"@id\":\"https:\\\/\\\/wp2.nige.de\\\/wordpress\\\/#organization\",\"name\":\"Nieders\u00e4chsisches Internatsgymnasium Esens\",\"url\":\"https:\\\/\\\/wp2.nige.de\\\/wordpress\\\/\",\"logo\":{\"@type\":\"ImageObject\",\"inLanguage\":\"de\",\"@id\":\"https:\\\/\\\/wp2.nige.de\\\/wordpress\\\/#\\\/schema\\\/logo\\\/image\\\/\",\"url\":\"https:\\\/\\\/wp2.nige.de\\\/wordpress\\\/wp-content\\\/uploads\\\/2018\\\/08\\\/logo_nige.jpg\",\"contentUrl\":\"https:\\\/\\\/wp2.nige.de\\\/wordpress\\\/wp-content\\\/uploads\\\/2018\\\/08\\\/logo_nige.jpg\",\"width\":1984,\"height\":1239,\"caption\":\"Nieders\u00e4chsisches Internatsgymnasium Esens\"},\"image\":{\"@id\":\"https:\\\/\\\/wp2.nige.de\\\/wordpress\\\/#\\\/schema\\\/logo\\\/image\\\/\"},\"sameAs\":[\"https:\\\/\\\/www.facebook.com\\\/NIGEsens\\\/\"]}]}<\/script>\n<!-- \/ Yoast SEO plugin. -->","yoast_head_json":{"title":"Sport - NIGE","robots":{"index":"index","follow":"follow","max-snippet":"max-snippet:-1","max-image-preview":"max-image-preview:large","max-video-preview":"max-video-preview:-1"},"canonical":"https:\/\/wp2.nige.de\/wordpress\/sample-page\/sport\/","og_locale":"de_DE","og_type":"article","og_title":"Sport - NIGE","og_description":"Fachkollegium Fachkollegium David G\u00fcttner Barbara Glittenberg Boris K\u00f6nig Gerd Amberg Lea Graalfs Fabian Bruns Dirk Voges Nicht anwesend D\u00f6rte Kessler Karsten Litty Nora Junkmann Ingo Tusche Hagen Tomczak Christine Wollmann Curricula Kerncurriculum (Sek 1) Schulcurriculum Gesamtlehrplan Sport LP Leichtathletik LP Gymnastik LP K\u00e4mpfen LP Rollen LP&#46;&#46;&#46;","og_url":"https:\/\/wp2.nige.de\/wordpress\/sample-page\/sport\/","og_site_name":"NIGE","article_publisher":"https:\/\/www.facebook.com\/NIGEsens\/","article_modified_time":"2025-07-17T08:32:10+00:00","og_image":[{"width":2560,"height":1152,"url":"https:\/\/wp2.nige.de\/wordpress\/wp-content\/uploads\/2023\/10\/Fachschaftsfoto_oktober_23-scaled.jpg","type":"image\/jpeg"}],"twitter_card":"summary_large_image","twitter_misc":{"Gesch\u00e4tzte Lesezeit":"1\u00a0Minute"},"schema":{"@context":"https:\/\/schema.org","@graph":[{"@type":"WebPage","@id":"https:\/\/wp2.nige.de\/wordpress\/sample-page\/sport\/","url":"https:\/\/wp2.nige.de\/wordpress\/sample-page\/sport\/","name":"Sport - NIGE","isPartOf":{"@id":"https:\/\/wp2.nige.de\/wordpress\/#website"},"primaryImageOfPage":{"@id":"https:\/\/wp2.nige.de\/wordpress\/sample-page\/sport\/#primaryimage"},"image":{"@id":"https:\/\/wp2.nige.de\/wordpress\/sample-page\/sport\/#primaryimage"},"thumbnailUrl":"https:\/\/wp2.nige.de\/wordpress\/wp-content\/uploads\/2023\/10\/Fachschaftsfoto_oktober_23-1024x461.jpg","datePublished":"2013-07-04T10:09:51+00:00","dateModified":"2025-07-17T08:32:10+00:00","breadcrumb":{"@id":"https:\/\/wp2.nige.de\/wordpress\/sample-page\/sport\/#breadcrumb"},"inLanguage":"de","potentialAction":[{"@type":"ReadAction","target":["https:\/\/wp2.nige.de\/wordpress\/sample-page\/sport\/"]}]},{"@type":"ImageObject","inLanguage":"de","@id":"https:\/\/wp2.nige.de\/wordpress\/sample-page\/sport\/#primaryimage","url":"https:\/\/wp2.nige.de\/wordpress\/wp-content\/uploads\/2023\/10\/Fachschaftsfoto_oktober_23-scaled.jpg","contentUrl":"https:\/\/wp2.nige.de\/wordpress\/wp-content\/uploads\/2023\/10\/Fachschaftsfoto_oktober_23-scaled.jpg","width":2560,"height":1152},{"@type":"BreadcrumbList","@id":"https:\/\/wp2.nige.de\/wordpress\/sample-page\/sport\/#breadcrumb","itemListElement":[{"@type":"ListItem","position":1,"name":"Startseite","item":"https:\/\/wp2.nige.de\/wordpress\/"},{"@type":"ListItem","position":2,"name":"NIGE","item":"https:\/\/wp2.nige.de\/wordpress\/sample-page\/"},{"@type":"ListItem","position":3,"name":"Sport"}]},{"@type":"WebSite","@id":"https:\/\/wp2.nige.de\/wordpress\/#website","url":"https:\/\/wp2.nige.de\/wordpress\/","name":"Nieders\u00e4chsisches Internatsgymnasium Esens | NIGE","description":"Nieders\u00e4chsisches Internatsgymnasium Esens","publisher":{"@id":"https:\/\/wp2.nige.de\/wordpress\/#organization"},"potentialAction":[{"@type":"SearchAction","target":{"@type":"EntryPoint","urlTemplate":"https:\/\/wp2.nige.de\/wordpress\/?s={search_term_string}"},"query-input":{"@type":"PropertyValueSpecification","valueRequired":true,"valueName":"search_term_string"}}],"inLanguage":"de"},{"@type":"Organization","@id":"https:\/\/wp2.nige.de\/wordpress\/#organization","name":"Nieders\u00e4chsisches Internatsgymnasium Esens","url":"https:\/\/wp2.nige.de\/wordpress\/","logo":{"@type":"ImageObject","inLanguage":"de","@id":"https:\/\/wp2.nige.de\/wordpress\/#\/schema\/logo\/image\/","url":"https:\/\/wp2.nige.de\/wordpress\/wp-content\/uploads\/2018\/08\/logo_nige.jpg","contentUrl":"https:\/\/wp2.nige.de\/wordpress\/wp-content\/uploads\/2018\/08\/logo_nige.jpg","width":1984,"height":1239,"caption":"Nieders\u00e4chsisches Internatsgymnasium Esens"},"image":{"@id":"https:\/\/wp2.nige.de\/wordpress\/#\/schema\/logo\/image\/"},"sameAs":["https:\/\/www.facebook.com\/NIGEsens\/"]}]}},"_links":{"self":[{"href":"https:\/\/wp2.nige.de\/wordpress\/wp-json\/wp\/v2\/pages\/168","targetHints":{"allow":["GET"]}}],"collection":[{"href":"https:\/\/wp2.nige.de\/wordpress\/wp-json\/wp\/v2\/pages"}],"about":[{"href":"https:\/\/wp2.nige.de\/wordpress\/wp-json\/wp\/v2\/types\/page"}],"author":[{"embeddable":true,"href":"https:\/\/wp2.nige.de\/wordpress\/wp-json\/wp\/v2\/users\/28"}],"replies":[{"embeddable":true,"href":"https:\/\/wp2.nige.de\/wordpress\/wp-json\/wp\/v2\/comments?post=168"}],"version-history":[{"count":49,"href":"https:\/\/wp2.nige.de\/wordpress\/wp-json\/wp\/v2\/pages\/168\/revisions"}],"predecessor-version":[{"id":17247,"href":"https:\/\/wp2.nige.de\/wordpress\/wp-json\/wp\/v2\/pages\/168\/revisions\/17247"}],"up":[{"embeddable":true,"href":"https:\/\/wp2.nige.de\/wordpress\/wp-json\/wp\/v2\/pages\/2"}],"wp:attachment":[{"href":"https:\/\/wp2.nige.de\/wordpress\/wp-json\/wp\/v2\/media?parent=168"}],"curies":[{"name":"wp","href":"https:\/\/api.w.org\/{rel}","templated":true}]}}