{"id":166,"date":"2013-07-04T10:09:27","date_gmt":"2013-07-04T10:09:27","guid":{"rendered":"http:\/\/10.40.11.10\/wordpress\/?page_id=166"},"modified":"2025-07-17T10:30:53","modified_gmt":"2025-07-17T08:30:53","slug":"kunst","status":"publish","type":"page","link":"https:\/\/wp2.nige.de\/wordpress\/sample-page\/kunst\/","title":{"rendered":"Kunst"},"content":{"rendered":"<h4><strong><span style=\"color: #000080;\">Selbstverst\u00e4ndnis<\/span><\/strong><\/h4>\n<div><b>Bildung braucht Bilder<\/b><\/div>\n<div>&nbsp;<\/div>\n<p>Kunstp\u00e4dagogik ist ein unverzichtbarer Bestandteil allgemeiner Bildung gerade in der Zeit der Mediengesellschaft mit der anwachsenden Bilderflut. Kunst ist das einzige Fach, das sich explizit mit der Herstellung und Wirkung von Bildern befasst und zu einer besonderen Bildkompetenz qualifizieren kann \u2013 einer Auspr\u00e4gung anschaulich-\u00e4sthetischen Denkens, die wissenschaftsprop\u00e4deutische Lernprozesse mit einschlie\u00dft.<\/p>\n<div><a href=\"http:\/\/wp2.nige.de\/wordpress\/wp-content\/uploads\/2013\/07\/kompetenzen_kunst.jpg\"><img loading=\"lazy\" decoding=\"async\" class=\"alignleft size-medium wp-image-2012\" src=\"http:\/\/wp2.nige.de\/wordpress\/wp-content\/uploads\/2013\/07\/kompetenzen_kunst-300x290.jpg\" alt=\"kompetenzen_kunst\" width=\"300\" height=\"290\" srcset=\"https:\/\/wp2.nige.de\/wordpress\/wp-content\/uploads\/2013\/07\/kompetenzen_kunst-300x290.jpg 300w, https:\/\/wp2.nige.de\/wordpress\/wp-content\/uploads\/2013\/07\/kompetenzen_kunst.jpg 600w\" sizes=\"auto, (max-width: 300px) 100vw, 300px\" \/><\/a>Bilder und damit m\u00f6gliche Unterrichtsgegenst\u00e4nde sind alle zwei- und dreidimensionalen Objekte, Prozesse und Situationen aus den Bereichen der Bildenden Kunst, aus Fotografie, Film, neuen Medien, Design, Architektur, Landschafts- und Stadtplanung sowie verwandten Disziplinen.<\/div>\n<p>Durch die produktive und rezeptive Auseinandersetzung mit Kunstwerken und \u00e4sthetischen Alltagsph\u00e4nomenen erm\u00f6glicht die Kunstp\u00e4dagogik den Erwerb von Kenntnissen \u00fcber Herkunft und Funktion der Bilder und vermittelt dadurch kulturelle Schl\u00fcsselkompetenzen.<\/p>\n<div>&nbsp;<\/div>\n<div>Kunstp\u00e4dagogik bef\u00e4higt Jugendliche Kunst und Kultur kennen und sch\u00e4tzen zu lernen, selbst mit zu gestalten sowie am kulturellen Leben teilzuhaben. Der Kunstunterricht leistet damit elementare Beitr\u00e4ge zur Pers\u00f6nlichkeitsentwicklung und Integrationsf\u00e4higkeit.<\/div>\n<p>Das NIGE bietet f\u00fcr die Kurswahl in der Oberstufe u.a. den musisch-k\u00fcnstlerischen Schwerpunkt an. Das Fach Kunst ist dann das erste von insgesamt f\u00fcnf Pr\u00fcfungsf\u00e4chern.<\/p>\n<h4><strong><span style=\"color: #000080;\">Fachkollegium<\/span><\/strong><\/h4>\n<div>Frau Irina Dirks<br \/>\nFrau Anneke Fortuin (Referendarin)<\/div>\n<div>Frau Mareike Frey<\/div>\n<div>Frau Andrea Janssen<br \/>\nHerr Andreas Kneip (Fachkonferenzleiter)<\/div>\n<div>Frau Ingrid Menz<\/div>\n<div>Frau Elaine Schneider<br \/>\nHerr Hagen Tomczak (Referendar)<\/div>\n<div>&nbsp;<\/div>\n<h4><span style=\"color: #000080;\"><a href=\"http:\/\/wp2.nige.de\/wordpress\/wp-content\/uploads\/2020\/03\/Kerncurriculum-Kunst-Nige-2020.pdf\"><span style=\"color: #000080;\"><strong>Schulcurriculum<\/strong><\/span><\/a><\/span><\/h4>\n<h4><a href=\"http:\/\/wp2.nige.de\/wordpress\/wp-content\/uploads\/2013\/07\/07Kunst2013.pdf\"><strong><span style=\"color: #000080;\">Zentralabitur<\/span><\/strong><\/a><\/h4>\n<h4><a href=\"http:\/\/wp2.nige.de\/wordpress\/wp-content\/uploads\/2020\/03\/Medienprogramm-Kunst-2020.pdf\"><strong><span style=\"color: #000080;\">Medienprogramm<\/span><\/strong><\/a><\/h4>\n<p>&nbsp;<\/p>\n<h4><strong><span style=\"color: #000080;\">Projekte<\/span><\/strong><\/h4>\n<div><strong>Vom Designobjekt zum Kunstobjekt<\/strong><\/div>\n<div><strong>&#8211; Ver\u00e4nderung einer vorhandenen Produktl\u00f6sung &#8211;<\/strong><\/div>\n<div><b>&nbsp;<\/b><\/div>\n<p>Der Schwerpunktkurs Kunst des 11. Jahrgangs erstellte im Dezember 2010 zum Thema &#8220; Design&#8220; unterschiedliche St\u00fchle.<\/p>\n<div>&nbsp;<\/div>\n<div>Hierbei war freigestellt am Ausgangsobjekt nur vergleichsweise geringe Ver\u00e4nderungen vorzunehmen oder es sehr stark umzugestalten bzw. mit anderen Gegenst\u00e4nden oder Materialien zu kombinieren. Entscheidendes Kriterium war, dass die Umgestaltung dem Gegenstand inhaltlich neue Aspekte hinzuf\u00fcgen sollte \u2013 es reichte also nicht, den Gegenstand z.B. nur gebrauchsunt\u00fcchtig zu machen. Man konnte das Objekt in einem neuen\/untypischen Zusammenhang pr\u00e4sentieren, ihm eine humoristische Note verleihen, ihn grotesk, absurd oder irritierend wirken lassen. Unterschiedliche Ideen von unterschiedlichen Objekten wurden anhand von Skizzen entwickelt und anschlie\u00dfend an einem langen Wochenende individuell oder in kleinen Gruppen realisiert.<\/div>\n<div>&nbsp;<\/div>\n<address>Harald Ellinghaus<\/address>\n<address>&nbsp;<\/address>\n<address>\n\t\t<style>\n\t\t\t#gallery-1 {\n\t\t\t\tmargin: auto;\n\t\t\t}\n\t\t\t#gallery-1 .gallery-item {\n\t\t\t\tfloat: left;\n\t\t\t\tmargin-top: 10px;\n\t\t\t\ttext-align: center;\n\t\t\t\twidth: 33%;\n\t\t\t}\n\t\t\t#gallery-1 img {\n\t\t\t\tborder: 2px solid #cfcfcf;\n\t\t\t}\n\t\t\t#gallery-1 .gallery-caption {\n\t\t\t\tmargin-left: 0;\n\t\t\t}\n\t\t\t\/* see gallery_shortcode() in wp-includes\/media.php *\/\n\t\t<\/style>\n\t\t<div id='gallery-1' class='gallery galleryid-166 gallery-columns-3 gallery-size-thumbnail'><dl class='gallery-item'>\n\t\t\t<dt class='gallery-icon portrait'>\n\t\t\t\t<a href='https:\/\/wp2.nige.de\/wordpress\/wp-content\/uploads\/2013\/07\/Stuhl01.jpg'><img loading=\"lazy\" decoding=\"async\" width=\"150\" height=\"150\" src=\"https:\/\/wp2.nige.de\/wordpress\/wp-content\/uploads\/2013\/07\/Stuhl01-150x150.jpg\" class=\"attachment-thumbnail size-thumbnail\" alt=\"\" aria-describedby=\"gallery-1-2035\" \/><\/a>\n\t\t\t<\/dt>\n\t\t\t\t<dd class='wp-caption-text gallery-caption' id='gallery-1-2035'>\n\t\t\t\t&#8222;A lesson before dying&#8220;  von Carina und Svenja\n\t\t\t\t<\/dd><\/dl><dl class='gallery-item'>\n\t\t\t<dt class='gallery-icon portrait'>\n\t\t\t\t<a href='https:\/\/wp2.nige.de\/wordpress\/wp-content\/uploads\/2013\/07\/Stuhl2.jpg'><img loading=\"lazy\" decoding=\"async\" width=\"150\" height=\"150\" src=\"https:\/\/wp2.nige.de\/wordpress\/wp-content\/uploads\/2013\/07\/Stuhl2-150x150.jpg\" class=\"attachment-thumbnail size-thumbnail\" alt=\"\" aria-describedby=\"gallery-1-2036\" \/><\/a>\n\t\t\t<\/dt>\n\t\t\t\t<dd class='wp-caption-text gallery-caption' id='gallery-1-2036'>\n\t\t\t\t&#8222;Chartbreaker&#8220;  von Lea M.,  Marcel, Sarah\n\t\t\t\t<\/dd><\/dl><dl class='gallery-item'>\n\t\t\t<dt class='gallery-icon portrait'>\n\t\t\t\t<a href='https:\/\/wp2.nige.de\/wordpress\/wp-content\/uploads\/2013\/07\/Stuhl03.jpg'><img loading=\"lazy\" decoding=\"async\" width=\"150\" height=\"150\" src=\"https:\/\/wp2.nige.de\/wordpress\/wp-content\/uploads\/2013\/07\/Stuhl03-150x150.jpg\" class=\"attachment-thumbnail size-thumbnail\" alt=\"\" aria-describedby=\"gallery-1-2037\" \/><\/a>\n\t\t\t<\/dt>\n\t\t\t\t<dd class='wp-caption-text gallery-caption' id='gallery-1-2037'>\n\t\t\t\t&#8222;Schmelzen&#8220; von Sarah\n\t\t\t\t<\/dd><\/dl><br style=\"clear: both\" \/><dl class='gallery-item'>\n\t\t\t<dt class='gallery-icon portrait'>\n\t\t\t\t<a href='https:\/\/wp2.nige.de\/wordpress\/wp-content\/uploads\/2013\/07\/Stuhl3.jpg'><img loading=\"lazy\" decoding=\"async\" width=\"150\" height=\"150\" src=\"https:\/\/wp2.nige.de\/wordpress\/wp-content\/uploads\/2013\/07\/Stuhl3-150x150.jpg\" class=\"attachment-thumbnail size-thumbnail\" alt=\"\" aria-describedby=\"gallery-1-2038\" \/><\/a>\n\t\t\t<\/dt>\n\t\t\t\t<dd class='wp-caption-text gallery-caption' id='gallery-1-2038'>\n\t\t\t\t&#8222;Der Weg ins Leben&#8220; von Ilona und Sonja\n\t\t\t\t<\/dd><\/dl><dl class='gallery-item'>\n\t\t\t<dt class='gallery-icon portrait'>\n\t\t\t\t<a href='https:\/\/wp2.nige.de\/wordpress\/wp-content\/uploads\/2013\/07\/Stuhl4.jpg'><img loading=\"lazy\" decoding=\"async\" width=\"150\" height=\"150\" src=\"https:\/\/wp2.nige.de\/wordpress\/wp-content\/uploads\/2013\/07\/Stuhl4-150x150.jpg\" class=\"attachment-thumbnail size-thumbnail\" alt=\"\" aria-describedby=\"gallery-1-2039\" \/><\/a>\n\t\t\t<\/dt>\n\t\t\t\t<dd class='wp-caption-text gallery-caption' id='gallery-1-2039'>\n\t\t\t\t&#8222;Ein Gang durch die Jahreszeiten&#8220; von Lena und Mareike\n\t\t\t\t<\/dd><\/dl><dl class='gallery-item'>\n\t\t\t<dt class='gallery-icon portrait'>\n\t\t\t\t<a href='https:\/\/wp2.nige.de\/wordpress\/wp-content\/uploads\/2013\/07\/Stuhl5.jpg'><img loading=\"lazy\" decoding=\"async\" width=\"150\" height=\"150\" src=\"https:\/\/wp2.nige.de\/wordpress\/wp-content\/uploads\/2013\/07\/Stuhl5-150x150.jpg\" class=\"attachment-thumbnail size-thumbnail\" alt=\"\" aria-describedby=\"gallery-1-2040\" \/><\/a>\n\t\t\t<\/dt>\n\t\t\t\t<dd class='wp-caption-text gallery-caption' id='gallery-1-2040'>\n\t\t\t\t&#8222;Gegens\u00e4tze ziehen sich an&#8220; von Janna und Rieke\n\t\t\t\t<\/dd><\/dl><br style=\"clear: both\" \/><dl class='gallery-item'>\n\t\t\t<dt class='gallery-icon portrait'>\n\t\t\t\t<a href='https:\/\/wp2.nige.de\/wordpress\/wp-content\/uploads\/2013\/07\/Stuhl8.jpg'><img loading=\"lazy\" decoding=\"async\" width=\"150\" height=\"150\" src=\"https:\/\/wp2.nige.de\/wordpress\/wp-content\/uploads\/2013\/07\/Stuhl8-150x150.jpg\" class=\"attachment-thumbnail size-thumbnail\" alt=\"\" aria-describedby=\"gallery-1-2044\" \/><\/a>\n\t\t\t<\/dt>\n\t\t\t\t<dd class='wp-caption-text gallery-caption' id='gallery-1-2044'>\n\t\t\t\t&#8222;Scherbenmeer&#8220;      von Diana, Janine, Julia\n\t\t\t\t<\/dd><\/dl><dl class='gallery-item'>\n\t\t\t<dt class='gallery-icon portrait'>\n\t\t\t\t<a href='https:\/\/wp2.nige.de\/wordpress\/wp-content\/uploads\/2013\/07\/Stuhl6.jpg'><img loading=\"lazy\" decoding=\"async\" width=\"150\" height=\"150\" src=\"https:\/\/wp2.nige.de\/wordpress\/wp-content\/uploads\/2013\/07\/Stuhl6-150x150.jpg\" class=\"attachment-thumbnail size-thumbnail\" alt=\"\" aria-describedby=\"gallery-1-2041\" \/><\/a>\n\t\t\t<\/dt>\n\t\t\t\t<dd class='wp-caption-text gallery-caption' id='gallery-1-2041'>\n\t\t\t\t&#8222;Metamorphose&#8220; von Jan\n\t\t\t\t<\/dd><\/dl><dl class='gallery-item'>\n\t\t\t<dt class='gallery-icon portrait'>\n\t\t\t\t<a href='https:\/\/wp2.nige.de\/wordpress\/wp-content\/uploads\/2013\/07\/Stuhl7.jpg'><img loading=\"lazy\" decoding=\"async\" width=\"150\" height=\"150\" src=\"https:\/\/wp2.nige.de\/wordpress\/wp-content\/uploads\/2013\/07\/Stuhl7-150x150.jpg\" class=\"attachment-thumbnail size-thumbnail\" alt=\"\" aria-describedby=\"gallery-1-2042\" \/><\/a>\n\t\t\t<\/dt>\n\t\t\t\t<dd class='wp-caption-text gallery-caption' id='gallery-1-2042'>\n\t\t\t\t&#8222;Miss Piggy&#8220; von Sharon\n\t\t\t\t<\/dd><\/dl><br style=\"clear: both\" \/><dl class='gallery-item'>\n\t\t\t<dt class='gallery-icon portrait'>\n\t\t\t\t<a href='https:\/\/wp2.nige.de\/wordpress\/wp-content\/uploads\/2013\/07\/Stuhl08.jpg'><img loading=\"lazy\" decoding=\"async\" width=\"150\" height=\"150\" src=\"https:\/\/wp2.nige.de\/wordpress\/wp-content\/uploads\/2013\/07\/Stuhl08-150x150.jpg\" class=\"attachment-thumbnail size-thumbnail\" alt=\"\" aria-describedby=\"gallery-1-2043\" \/><\/a>\n\t\t\t<\/dt>\n\t\t\t\t<dd class='wp-caption-text gallery-caption' id='gallery-1-2043'>\n\t\t\t\t&#8222;Back to nature&#8220; von Lea S. und Sina\n\t\t\t\t<\/dd><\/dl><dl class='gallery-item'>\n\t\t\t<dt class='gallery-icon portrait'>\n\t\t\t\t<a href='https:\/\/wp2.nige.de\/wordpress\/wp-content\/uploads\/2013\/07\/Stuhl10.jpg'><img loading=\"lazy\" decoding=\"async\" width=\"150\" height=\"150\" src=\"https:\/\/wp2.nige.de\/wordpress\/wp-content\/uploads\/2013\/07\/Stuhl10-150x150.jpg\" class=\"attachment-thumbnail size-thumbnail\" alt=\"\" aria-describedby=\"gallery-1-2045\" \/><\/a>\n\t\t\t<\/dt>\n\t\t\t\t<dd class='wp-caption-text gallery-caption' id='gallery-1-2045'>\n\t\t\t\t&#8222;Stuhl&#8220; von Carlotte und Tanja\n\t\t\t\t<\/dd><\/dl>\n\t\t\t<br style='clear: both' \/>\n\t\t<\/div>\n<\/p>\n<\/address>\n","protected":false},"excerpt":{"rendered":"<p>Selbstverst\u00e4ndnis Bildung braucht Bilder &nbsp; Kunstp\u00e4dagogik ist ein unverzichtbarer Bestandteil allgemeiner Bildung gerade in der Zeit der Mediengesellschaft mit der anwachsenden Bilderflut. Kunst ist das einzige Fach, das sich explizit mit der Herstellung und Wirkung von Bildern befasst und zu einer besonderen Bildkompetenz qualifizieren kann \u2013&#46;&#46;&#46;<\/p>\n","protected":false},"author":28,"featured_media":0,"parent":2,"menu_order":5,"comment_status":"open","ping_status":"open","template":"","meta":{"ngg_post_thumbnail":0,"footnotes":""},"class_list":["post-166","page","type-page","status-publish","hentry"],"yoast_head":"<!-- This site is optimized with the Yoast SEO plugin v27.5 - https:\/\/yoast.com\/product\/yoast-seo-wordpress\/ -->\n<title>Kunst - NIGE<\/title>\n<meta name=\"robots\" content=\"index, follow, max-snippet:-1, max-image-preview:large, max-video-preview:-1\" \/>\n<link rel=\"canonical\" href=\"https:\/\/wp2.nige.de\/wordpress\/sample-page\/kunst\/\" \/>\n<meta property=\"og:locale\" content=\"de_DE\" \/>\n<meta property=\"og:type\" content=\"article\" \/>\n<meta property=\"og:title\" content=\"Kunst - NIGE\" \/>\n<meta property=\"og:description\" content=\"Selbstverst\u00e4ndnis Bildung braucht Bilder &nbsp; Kunstp\u00e4dagogik ist ein unverzichtbarer Bestandteil allgemeiner Bildung gerade in der Zeit der Mediengesellschaft mit der anwachsenden Bilderflut. Kunst ist das einzige Fach, das sich explizit mit der Herstellung und Wirkung von Bildern befasst und zu einer besonderen Bildkompetenz qualifizieren kann \u2013&#046;&#046;&#046;\" \/>\n<meta property=\"og:url\" content=\"https:\/\/wp2.nige.de\/wordpress\/sample-page\/kunst\/\" \/>\n<meta property=\"og:site_name\" content=\"NIGE\" \/>\n<meta property=\"article:publisher\" content=\"https:\/\/www.facebook.com\/NIGEsens\/\" \/>\n<meta property=\"article:modified_time\" content=\"2025-07-17T08:30:53+00:00\" \/>\n<meta property=\"og:image\" content=\"https:\/\/wp2.nige.de\/wordpress\/wp-content\/uploads\/2013\/07\/Stuhl01-150x150.jpg\" \/>\n<meta name=\"twitter:card\" content=\"summary_large_image\" \/>\n<meta name=\"twitter:label1\" content=\"Gesch\u00e4tzte Lesezeit\" \/>\n\t<meta name=\"twitter:data1\" content=\"2\u00a0Minuten\" \/>\n<script type=\"application\/ld+json\" class=\"yoast-schema-graph\">{\"@context\":\"https:\\\/\\\/schema.org\",\"@graph\":[{\"@type\":\"WebPage\",\"@id\":\"https:\\\/\\\/wp2.nige.de\\\/wordpress\\\/sample-page\\\/kunst\\\/\",\"url\":\"https:\\\/\\\/wp2.nige.de\\\/wordpress\\\/sample-page\\\/kunst\\\/\",\"name\":\"Kunst - NIGE\",\"isPartOf\":{\"@id\":\"https:\\\/\\\/wp2.nige.de\\\/wordpress\\\/#website\"},\"primaryImageOfPage\":{\"@id\":\"https:\\\/\\\/wp2.nige.de\\\/wordpress\\\/sample-page\\\/kunst\\\/#primaryimage\"},\"image\":{\"@id\":\"https:\\\/\\\/wp2.nige.de\\\/wordpress\\\/sample-page\\\/kunst\\\/#primaryimage\"},\"thumbnailUrl\":\"http:\\\/\\\/wp2.nige.de\\\/wordpress\\\/wp-content\\\/uploads\\\/2013\\\/07\\\/kompetenzen_kunst-300x290.jpg\",\"datePublished\":\"2013-07-04T10:09:27+00:00\",\"dateModified\":\"2025-07-17T08:30:53+00:00\",\"breadcrumb\":{\"@id\":\"https:\\\/\\\/wp2.nige.de\\\/wordpress\\\/sample-page\\\/kunst\\\/#breadcrumb\"},\"inLanguage\":\"de\",\"potentialAction\":[{\"@type\":\"ReadAction\",\"target\":[\"https:\\\/\\\/wp2.nige.de\\\/wordpress\\\/sample-page\\\/kunst\\\/\"]}]},{\"@type\":\"ImageObject\",\"inLanguage\":\"de\",\"@id\":\"https:\\\/\\\/wp2.nige.de\\\/wordpress\\\/sample-page\\\/kunst\\\/#primaryimage\",\"url\":\"https:\\\/\\\/wp2.nige.de\\\/wordpress\\\/wp-content\\\/uploads\\\/2013\\\/07\\\/kompetenzen_kunst.jpg\",\"contentUrl\":\"https:\\\/\\\/wp2.nige.de\\\/wordpress\\\/wp-content\\\/uploads\\\/2013\\\/07\\\/kompetenzen_kunst.jpg\",\"width\":600,\"height\":580},{\"@type\":\"BreadcrumbList\",\"@id\":\"https:\\\/\\\/wp2.nige.de\\\/wordpress\\\/sample-page\\\/kunst\\\/#breadcrumb\",\"itemListElement\":[{\"@type\":\"ListItem\",\"position\":1,\"name\":\"Startseite\",\"item\":\"https:\\\/\\\/wp2.nige.de\\\/wordpress\\\/\"},{\"@type\":\"ListItem\",\"position\":2,\"name\":\"NIGE\",\"item\":\"https:\\\/\\\/wp2.nige.de\\\/wordpress\\\/sample-page\\\/\"},{\"@type\":\"ListItem\",\"position\":3,\"name\":\"Kunst\"}]},{\"@type\":\"WebSite\",\"@id\":\"https:\\\/\\\/wp2.nige.de\\\/wordpress\\\/#website\",\"url\":\"https:\\\/\\\/wp2.nige.de\\\/wordpress\\\/\",\"name\":\"Nieders\u00e4chsisches Internatsgymnasium Esens | NIGE\",\"description\":\"Nieders\u00e4chsisches Internatsgymnasium Esens\",\"publisher\":{\"@id\":\"https:\\\/\\\/wp2.nige.de\\\/wordpress\\\/#organization\"},\"potentialAction\":[{\"@type\":\"SearchAction\",\"target\":{\"@type\":\"EntryPoint\",\"urlTemplate\":\"https:\\\/\\\/wp2.nige.de\\\/wordpress\\\/?s={search_term_string}\"},\"query-input\":{\"@type\":\"PropertyValueSpecification\",\"valueRequired\":true,\"valueName\":\"search_term_string\"}}],\"inLanguage\":\"de\"},{\"@type\":\"Organization\",\"@id\":\"https:\\\/\\\/wp2.nige.de\\\/wordpress\\\/#organization\",\"name\":\"Nieders\u00e4chsisches Internatsgymnasium Esens\",\"url\":\"https:\\\/\\\/wp2.nige.de\\\/wordpress\\\/\",\"logo\":{\"@type\":\"ImageObject\",\"inLanguage\":\"de\",\"@id\":\"https:\\\/\\\/wp2.nige.de\\\/wordpress\\\/#\\\/schema\\\/logo\\\/image\\\/\",\"url\":\"https:\\\/\\\/wp2.nige.de\\\/wordpress\\\/wp-content\\\/uploads\\\/2018\\\/08\\\/logo_nige.jpg\",\"contentUrl\":\"https:\\\/\\\/wp2.nige.de\\\/wordpress\\\/wp-content\\\/uploads\\\/2018\\\/08\\\/logo_nige.jpg\",\"width\":1984,\"height\":1239,\"caption\":\"Nieders\u00e4chsisches Internatsgymnasium Esens\"},\"image\":{\"@id\":\"https:\\\/\\\/wp2.nige.de\\\/wordpress\\\/#\\\/schema\\\/logo\\\/image\\\/\"},\"sameAs\":[\"https:\\\/\\\/www.facebook.com\\\/NIGEsens\\\/\"]}]}<\/script>\n<!-- \/ Yoast SEO plugin. -->","yoast_head_json":{"title":"Kunst - NIGE","robots":{"index":"index","follow":"follow","max-snippet":"max-snippet:-1","max-image-preview":"max-image-preview:large","max-video-preview":"max-video-preview:-1"},"canonical":"https:\/\/wp2.nige.de\/wordpress\/sample-page\/kunst\/","og_locale":"de_DE","og_type":"article","og_title":"Kunst - NIGE","og_description":"Selbstverst\u00e4ndnis Bildung braucht Bilder &nbsp; Kunstp\u00e4dagogik ist ein unverzichtbarer Bestandteil allgemeiner Bildung gerade in der Zeit der Mediengesellschaft mit der anwachsenden Bilderflut. Kunst ist das einzige Fach, das sich explizit mit der Herstellung und Wirkung von Bildern befasst und zu einer besonderen Bildkompetenz qualifizieren kann \u2013&#46;&#46;&#46;","og_url":"https:\/\/wp2.nige.de\/wordpress\/sample-page\/kunst\/","og_site_name":"NIGE","article_publisher":"https:\/\/www.facebook.com\/NIGEsens\/","article_modified_time":"2025-07-17T08:30:53+00:00","og_image":[{"url":"https:\/\/wp2.nige.de\/wordpress\/wp-content\/uploads\/2013\/07\/Stuhl01-150x150.jpg","type":"","width":"","height":""}],"twitter_card":"summary_large_image","twitter_misc":{"Gesch\u00e4tzte Lesezeit":"2\u00a0Minuten"},"schema":{"@context":"https:\/\/schema.org","@graph":[{"@type":"WebPage","@id":"https:\/\/wp2.nige.de\/wordpress\/sample-page\/kunst\/","url":"https:\/\/wp2.nige.de\/wordpress\/sample-page\/kunst\/","name":"Kunst - NIGE","isPartOf":{"@id":"https:\/\/wp2.nige.de\/wordpress\/#website"},"primaryImageOfPage":{"@id":"https:\/\/wp2.nige.de\/wordpress\/sample-page\/kunst\/#primaryimage"},"image":{"@id":"https:\/\/wp2.nige.de\/wordpress\/sample-page\/kunst\/#primaryimage"},"thumbnailUrl":"http:\/\/wp2.nige.de\/wordpress\/wp-content\/uploads\/2013\/07\/kompetenzen_kunst-300x290.jpg","datePublished":"2013-07-04T10:09:27+00:00","dateModified":"2025-07-17T08:30:53+00:00","breadcrumb":{"@id":"https:\/\/wp2.nige.de\/wordpress\/sample-page\/kunst\/#breadcrumb"},"inLanguage":"de","potentialAction":[{"@type":"ReadAction","target":["https:\/\/wp2.nige.de\/wordpress\/sample-page\/kunst\/"]}]},{"@type":"ImageObject","inLanguage":"de","@id":"https:\/\/wp2.nige.de\/wordpress\/sample-page\/kunst\/#primaryimage","url":"https:\/\/wp2.nige.de\/wordpress\/wp-content\/uploads\/2013\/07\/kompetenzen_kunst.jpg","contentUrl":"https:\/\/wp2.nige.de\/wordpress\/wp-content\/uploads\/2013\/07\/kompetenzen_kunst.jpg","width":600,"height":580},{"@type":"BreadcrumbList","@id":"https:\/\/wp2.nige.de\/wordpress\/sample-page\/kunst\/#breadcrumb","itemListElement":[{"@type":"ListItem","position":1,"name":"Startseite","item":"https:\/\/wp2.nige.de\/wordpress\/"},{"@type":"ListItem","position":2,"name":"NIGE","item":"https:\/\/wp2.nige.de\/wordpress\/sample-page\/"},{"@type":"ListItem","position":3,"name":"Kunst"}]},{"@type":"WebSite","@id":"https:\/\/wp2.nige.de\/wordpress\/#website","url":"https:\/\/wp2.nige.de\/wordpress\/","name":"Nieders\u00e4chsisches Internatsgymnasium Esens | NIGE","description":"Nieders\u00e4chsisches Internatsgymnasium Esens","publisher":{"@id":"https:\/\/wp2.nige.de\/wordpress\/#organization"},"potentialAction":[{"@type":"SearchAction","target":{"@type":"EntryPoint","urlTemplate":"https:\/\/wp2.nige.de\/wordpress\/?s={search_term_string}"},"query-input":{"@type":"PropertyValueSpecification","valueRequired":true,"valueName":"search_term_string"}}],"inLanguage":"de"},{"@type":"Organization","@id":"https:\/\/wp2.nige.de\/wordpress\/#organization","name":"Nieders\u00e4chsisches Internatsgymnasium Esens","url":"https:\/\/wp2.nige.de\/wordpress\/","logo":{"@type":"ImageObject","inLanguage":"de","@id":"https:\/\/wp2.nige.de\/wordpress\/#\/schema\/logo\/image\/","url":"https:\/\/wp2.nige.de\/wordpress\/wp-content\/uploads\/2018\/08\/logo_nige.jpg","contentUrl":"https:\/\/wp2.nige.de\/wordpress\/wp-content\/uploads\/2018\/08\/logo_nige.jpg","width":1984,"height":1239,"caption":"Nieders\u00e4chsisches Internatsgymnasium Esens"},"image":{"@id":"https:\/\/wp2.nige.de\/wordpress\/#\/schema\/logo\/image\/"},"sameAs":["https:\/\/www.facebook.com\/NIGEsens\/"]}]}},"_links":{"self":[{"href":"https:\/\/wp2.nige.de\/wordpress\/wp-json\/wp\/v2\/pages\/166","targetHints":{"allow":["GET"]}}],"collection":[{"href":"https:\/\/wp2.nige.de\/wordpress\/wp-json\/wp\/v2\/pages"}],"about":[{"href":"https:\/\/wp2.nige.de\/wordpress\/wp-json\/wp\/v2\/types\/page"}],"author":[{"embeddable":true,"href":"https:\/\/wp2.nige.de\/wordpress\/wp-json\/wp\/v2\/users\/28"}],"replies":[{"embeddable":true,"href":"https:\/\/wp2.nige.de\/wordpress\/wp-json\/wp\/v2\/comments?post=166"}],"version-history":[{"count":43,"href":"https:\/\/wp2.nige.de\/wordpress\/wp-json\/wp\/v2\/pages\/166\/revisions"}],"predecessor-version":[{"id":17246,"href":"https:\/\/wp2.nige.de\/wordpress\/wp-json\/wp\/v2\/pages\/166\/revisions\/17246"}],"up":[{"embeddable":true,"href":"https:\/\/wp2.nige.de\/wordpress\/wp-json\/wp\/v2\/pages\/2"}],"wp:attachment":[{"href":"https:\/\/wp2.nige.de\/wordpress\/wp-json\/wp\/v2\/media?parent=166"}],"curies":[{"name":"wp","href":"https:\/\/api.w.org\/{rel}","templated":true}]}}