{"id":1592,"date":"2013-10-09T16:34:19","date_gmt":"2013-10-09T14:34:19","guid":{"rendered":"http:\/\/wordpress.nige.de\/wordpress\/?page_id=1592"},"modified":"2026-03-09T11:10:00","modified_gmt":"2026-03-09T10:10:00","slug":"biologie","status":"publish","type":"page","link":"https:\/\/wp2.nige.de\/wordpress\/sample-page\/mint-facher\/biologie\/","title":{"rendered":"Biologie"},"content":{"rendered":"<p><strong>Fachkollegium<\/strong><\/p>\n<p>Herr Gerd Amberg<br \/>\nFrau Melina Devriel (Referendarin)<br \/>\nHerr Henning Harfst<br \/>\nFrau Edda Kappert<br \/>\nFrau Nele Jonokat<br \/>\nFrau Sonja Janssen<br \/>\nHerr Dave M\u00fcnster (Fachkonferenzleiter)<br \/>\nFrau Hiske Post (Referendarin)<br \/>\nFrau Anja Renken-Abken<br \/>\nHerr Oliver Stockmann<\/p>\n<hr>\n<h3><strong>Lehrpl\u00e4ne Sekundarstufe I<\/strong><\/h3>\n<p><a href=\"https:\/\/wp2.nige.de\/wordpress\/wp-content\/uploads\/2025\/02\/NIGE-SC-Biologie-Jg.-5-2015-2023_07.pdf\"><strong>Schulcurriculum 5<\/strong><\/a><\/p>\n<p><strong>Klasse 5:<\/strong><br \/>\nVom Wolf zum Hund<br \/>\nTiere im Winter<br \/>\nDer Mensch \u2013 auch ein Wirbeltier<br \/>\nAuch Pflanzen sind Lebewesen<\/p>\n<p><a href=\"https:\/\/wp2.nige.de\/wordpress\/wp-content\/uploads\/2025\/02\/NIGE-SC-Biologie-Jg.-5-2015-2023_07.pdf\"><strong>Schulcurriculum 6<\/strong><\/a><\/p>\n<p><strong>Klasse 6 <\/strong>(epochal):<br \/>\nAnlegen eines Herbariums<br \/>\nSexualit\u00e4t des Menschen<\/p>\n<p><a href=\"https:\/\/wp2.nige.de\/wordpress\/wp-content\/uploads\/2025\/02\/NIGE-SC-Biologie-Jg.-8-2015-2023_07.pdf\"><strong>Schulcurriculum 8<\/strong><\/a><\/p>\n<p><strong>Klasse 8:<\/strong><br \/>\nZellen und Fotosynthese<br \/>\nZusammenh\u00e4nge zwischen Fotosynthese und Zellatmung<br \/>\nZusammenh\u00e4nge Ern\u00e4hrung und Verdauung<br \/>\nAtmungsorgane und Blutkreislaufsystem<br \/>\nUntersuchung eines \u00d6kosystems: Der Wald<\/p>\n<p><a href=\"http:\/\/wp2.nige.de\/wordpress\/wp-content\/uploads\/2018\/11\/Schulcurriculum-Bio-9-10_2018.pdf\"><strong>Schulcurriculum 9-10<\/strong><\/a><\/p>\n<p><strong>Klasse 9 (epochal): <\/strong><br \/>\nSinneswahrnehmungen<br \/>\nSexualit\u00e4t<\/p>\n<p><strong>Klasse 10:<\/strong><br \/>\nGrundlagen der Vererbung<br \/>\nImmunsystem<\/p>\n<hr>\n<h3><strong>Lehrpl\u00e4ne Sekundarstufe II (Oberstufe)<\/strong><\/h3>\n<p><strong>Einf\u00fchrungsphase (11)<\/strong><\/p>\n<p><a href=\"https:\/\/wp2.nige.de\/wordpress\/wp-content\/uploads\/2025\/02\/EP-NIGE-BIO-Jg-11-2022_07.pdf\"><strong>Schulcurriculum 11<\/strong><\/a><br \/>\nZellbiologie<br \/>\nEnzymatik<br \/>\nImmunbiologie<\/p>\n<p><strong>Qualifikationsphase (12\/13)<\/strong><br \/>\nSchulcurriculum 12-1<br \/>\n<a href=\"https:\/\/wp2.nige.de\/wordpress\/wp-content\/uploads\/2025\/02\/QP-NIGE-BIO-Semester-1-Molekulagenetik-und-Stoffwechsel-2023_07.pdf\">Schulcurriculum Jg 12 Kursthema Molekulargenetik und Stoffwechsel<\/a>&nbsp;(PDF)<\/p>\n<p>Schulcurriculum 12-2<br \/>\n<a href=\"https:\/\/wp2.nige.de\/wordpress\/wp-content\/uploads\/2025\/02\/QP-NIGE-BIO-Semester-2-Fotosynthese-und-Oekologie-2023_07.pdf\">Schulcurriculum Jg 12 Kursthema Fotosynthese und \u00d6kologie<\/a>&nbsp;(PDF)<\/p>\n<p>Schulcurriculum 13-1<br \/>\n<a href=\"https:\/\/wp2.nige.de\/wordpress\/wp-content\/uploads\/2025\/02\/QP-NIGE-BIO-Semester-3-Evolution-2023_07.pdf\">Schulcurriculum Jg 13 Kursthema Evolution<\/a> (PDF)<\/p>\n<p>Schulcurriculum 13-2<br \/>\n<a href=\"https:\/\/wp2.nige.de\/wordpress\/wp-content\/uploads\/2025\/02\/QP-NIGE-BIO-Semester-4-Neurobiologie-2023_07.pdf\">Schulcurriculum Jg 13 Kursthema Neurobiologie<\/a> (PDF)<\/p>\n<hr>\n<h3><strong>Lehrb\u00fccher<\/strong><\/h3>\n<p>Die eingef\u00fchrten Lehrb\u00fccher sind in den aktuellen Buchlisten des NIGE zu finden.<\/p>\n<hr>\n<h3><strong>\u00dcberlegungen zur Wahl eines Pr\u00fcfungskurses Biologie<\/strong><\/h3>\n<p style=\"text-align: justify;\">Im Fach Biologie werden verschiedene Fragestellungen mit naturwissenschaftlichem aber auch gesellschaftlichen Problemstellungen bearbeitet. Neben den bisher erzielten Leistungen sollten daher auch Interesse und Motivation bei der Fachwahl eine Rolle spielen.<\/p>\n<p style=\"text-align: justify;\">Wie in jeder Naturwissenschaft steht auch in der Biologie die wissenschaftsprop\u00e4deutische Vorgehensweise im Mittelpunkt. Genaues Beobachten, die Bildung und \u00dcberpr\u00fcfung von Hypothesen, selbst\u00e4ndiges Auswerten der Ergebnisse, das Planen weiterer Experimente usw. sind wesentlicher Bestandteil des Unterrichtsgeschehens. Aufgrund der Komplexit\u00e4t der Sachverhalte k\u00f6nnen Experimente zum Teil nur theoretisch anhand von Datenmaterial nachvollzogen werden.<\/p>\n<p style=\"text-align: justify;\">Eine enge Verbundenheit zu den anderen Naturwissenschaften, insbesondere mit dem Fach Chemie ist gegeben. Aus den angef\u00fchrten Gr\u00fcnden ist die Biologie nicht als \u201cleichteste\u201c Naturwissenschaft zu verstehen. Ein solides Faktenwissen erfordert Lerndisziplin. Dar\u00fcber hinaus ist die Komplexit\u00e4t und Abstraktion der Fachinhalte nicht zu untersch\u00e4tzen. Dies sollte bei der Fachwahl ber\u00fccksichtigt werden.<\/p>\n","protected":false},"excerpt":{"rendered":"<p>Fachkollegium Herr Gerd Amberg Frau Melina Devriel (Referendarin) Herr Henning Harfst Frau Edda Kappert Frau Nele Jonokat Frau Sonja Janssen Herr Dave M\u00fcnster (Fachkonferenzleiter) Frau Hiske Post (Referendarin) Frau Anja Renken-Abken Herr Oliver Stockmann Lehrpl\u00e4ne Sekundarstufe I Schulcurriculum 5 Klasse 5: Vom Wolf zum Hund Tiere&#46;&#46;&#46;<\/p>\n","protected":false},"author":28,"featured_media":0,"parent":160,"menu_order":0,"comment_status":"open","ping_status":"open","template":"","meta":{"ngg_post_thumbnail":0,"footnotes":""},"class_list":["post-1592","page","type-page","status-publish","hentry"],"yoast_head":"<!-- This site is optimized with the Yoast SEO plugin v27.5 - https:\/\/yoast.com\/product\/yoast-seo-wordpress\/ -->\n<title>Biologie - NIGE<\/title>\n<meta name=\"robots\" content=\"index, follow, max-snippet:-1, max-image-preview:large, max-video-preview:-1\" \/>\n<link rel=\"canonical\" href=\"https:\/\/wp2.nige.de\/wordpress\/sample-page\/mint-facher\/biologie\/\" \/>\n<meta property=\"og:locale\" content=\"de_DE\" \/>\n<meta property=\"og:type\" content=\"article\" \/>\n<meta property=\"og:title\" content=\"Biologie - NIGE\" \/>\n<meta property=\"og:description\" content=\"Fachkollegium Herr Gerd Amberg Frau Melina Devriel (Referendarin) Herr Henning Harfst Frau Edda Kappert Frau Nele Jonokat Frau Sonja Janssen Herr Dave M\u00fcnster (Fachkonferenzleiter) Frau Hiske Post (Referendarin) Frau Anja Renken-Abken Herr Oliver Stockmann Lehrpl\u00e4ne Sekundarstufe I Schulcurriculum 5 Klasse 5: Vom Wolf zum Hund Tiere&#046;&#046;&#046;\" \/>\n<meta property=\"og:url\" content=\"https:\/\/wp2.nige.de\/wordpress\/sample-page\/mint-facher\/biologie\/\" \/>\n<meta property=\"og:site_name\" content=\"NIGE\" \/>\n<meta property=\"article:publisher\" content=\"https:\/\/www.facebook.com\/NIGEsens\/\" \/>\n<meta property=\"article:modified_time\" content=\"2026-03-09T10:10:00+00:00\" \/>\n<meta name=\"twitter:card\" content=\"summary_large_image\" \/>\n<meta name=\"twitter:label1\" content=\"Gesch\u00e4tzte Lesezeit\" \/>\n\t<meta name=\"twitter:data1\" content=\"2\u00a0Minuten\" \/>\n<script type=\"application\/ld+json\" class=\"yoast-schema-graph\">{\"@context\":\"https:\\\/\\\/schema.org\",\"@graph\":[{\"@type\":\"WebPage\",\"@id\":\"https:\\\/\\\/wp2.nige.de\\\/wordpress\\\/sample-page\\\/mint-facher\\\/biologie\\\/\",\"url\":\"https:\\\/\\\/wp2.nige.de\\\/wordpress\\\/sample-page\\\/mint-facher\\\/biologie\\\/\",\"name\":\"Biologie - NIGE\",\"isPartOf\":{\"@id\":\"https:\\\/\\\/wp2.nige.de\\\/wordpress\\\/#website\"},\"datePublished\":\"2013-10-09T14:34:19+00:00\",\"dateModified\":\"2026-03-09T10:10:00+00:00\",\"breadcrumb\":{\"@id\":\"https:\\\/\\\/wp2.nige.de\\\/wordpress\\\/sample-page\\\/mint-facher\\\/biologie\\\/#breadcrumb\"},\"inLanguage\":\"de\",\"potentialAction\":[{\"@type\":\"ReadAction\",\"target\":[\"https:\\\/\\\/wp2.nige.de\\\/wordpress\\\/sample-page\\\/mint-facher\\\/biologie\\\/\"]}]},{\"@type\":\"BreadcrumbList\",\"@id\":\"https:\\\/\\\/wp2.nige.de\\\/wordpress\\\/sample-page\\\/mint-facher\\\/biologie\\\/#breadcrumb\",\"itemListElement\":[{\"@type\":\"ListItem\",\"position\":1,\"name\":\"Startseite\",\"item\":\"https:\\\/\\\/wp2.nige.de\\\/wordpress\\\/\"},{\"@type\":\"ListItem\",\"position\":2,\"name\":\"NIGE\",\"item\":\"https:\\\/\\\/wp2.nige.de\\\/wordpress\\\/sample-page\\\/\"},{\"@type\":\"ListItem\",\"position\":3,\"name\":\"MINT-F\u00e4cher\",\"item\":\"https:\\\/\\\/wp2.nige.de\\\/wordpress\\\/sample-page\\\/mint-facher\\\/\"},{\"@type\":\"ListItem\",\"position\":4,\"name\":\"Biologie\"}]},{\"@type\":\"WebSite\",\"@id\":\"https:\\\/\\\/wp2.nige.de\\\/wordpress\\\/#website\",\"url\":\"https:\\\/\\\/wp2.nige.de\\\/wordpress\\\/\",\"name\":\"Nieders\u00e4chsisches Internatsgymnasium Esens | NIGE\",\"description\":\"Nieders\u00e4chsisches Internatsgymnasium Esens\",\"publisher\":{\"@id\":\"https:\\\/\\\/wp2.nige.de\\\/wordpress\\\/#organization\"},\"potentialAction\":[{\"@type\":\"SearchAction\",\"target\":{\"@type\":\"EntryPoint\",\"urlTemplate\":\"https:\\\/\\\/wp2.nige.de\\\/wordpress\\\/?s={search_term_string}\"},\"query-input\":{\"@type\":\"PropertyValueSpecification\",\"valueRequired\":true,\"valueName\":\"search_term_string\"}}],\"inLanguage\":\"de\"},{\"@type\":\"Organization\",\"@id\":\"https:\\\/\\\/wp2.nige.de\\\/wordpress\\\/#organization\",\"name\":\"Nieders\u00e4chsisches Internatsgymnasium Esens\",\"url\":\"https:\\\/\\\/wp2.nige.de\\\/wordpress\\\/\",\"logo\":{\"@type\":\"ImageObject\",\"inLanguage\":\"de\",\"@id\":\"https:\\\/\\\/wp2.nige.de\\\/wordpress\\\/#\\\/schema\\\/logo\\\/image\\\/\",\"url\":\"https:\\\/\\\/wp2.nige.de\\\/wordpress\\\/wp-content\\\/uploads\\\/2018\\\/08\\\/logo_nige.jpg\",\"contentUrl\":\"https:\\\/\\\/wp2.nige.de\\\/wordpress\\\/wp-content\\\/uploads\\\/2018\\\/08\\\/logo_nige.jpg\",\"width\":1984,\"height\":1239,\"caption\":\"Nieders\u00e4chsisches Internatsgymnasium Esens\"},\"image\":{\"@id\":\"https:\\\/\\\/wp2.nige.de\\\/wordpress\\\/#\\\/schema\\\/logo\\\/image\\\/\"},\"sameAs\":[\"https:\\\/\\\/www.facebook.com\\\/NIGEsens\\\/\"]}]}<\/script>\n<!-- \/ Yoast SEO plugin. -->","yoast_head_json":{"title":"Biologie - NIGE","robots":{"index":"index","follow":"follow","max-snippet":"max-snippet:-1","max-image-preview":"max-image-preview:large","max-video-preview":"max-video-preview:-1"},"canonical":"https:\/\/wp2.nige.de\/wordpress\/sample-page\/mint-facher\/biologie\/","og_locale":"de_DE","og_type":"article","og_title":"Biologie - NIGE","og_description":"Fachkollegium Herr Gerd Amberg Frau Melina Devriel (Referendarin) Herr Henning Harfst Frau Edda Kappert Frau Nele Jonokat Frau Sonja Janssen Herr Dave M\u00fcnster (Fachkonferenzleiter) Frau Hiske Post (Referendarin) Frau Anja Renken-Abken Herr Oliver Stockmann Lehrpl\u00e4ne Sekundarstufe I Schulcurriculum 5 Klasse 5: Vom Wolf zum Hund Tiere&#46;&#46;&#46;","og_url":"https:\/\/wp2.nige.de\/wordpress\/sample-page\/mint-facher\/biologie\/","og_site_name":"NIGE","article_publisher":"https:\/\/www.facebook.com\/NIGEsens\/","article_modified_time":"2026-03-09T10:10:00+00:00","twitter_card":"summary_large_image","twitter_misc":{"Gesch\u00e4tzte Lesezeit":"2\u00a0Minuten"},"schema":{"@context":"https:\/\/schema.org","@graph":[{"@type":"WebPage","@id":"https:\/\/wp2.nige.de\/wordpress\/sample-page\/mint-facher\/biologie\/","url":"https:\/\/wp2.nige.de\/wordpress\/sample-page\/mint-facher\/biologie\/","name":"Biologie - NIGE","isPartOf":{"@id":"https:\/\/wp2.nige.de\/wordpress\/#website"},"datePublished":"2013-10-09T14:34:19+00:00","dateModified":"2026-03-09T10:10:00+00:00","breadcrumb":{"@id":"https:\/\/wp2.nige.de\/wordpress\/sample-page\/mint-facher\/biologie\/#breadcrumb"},"inLanguage":"de","potentialAction":[{"@type":"ReadAction","target":["https:\/\/wp2.nige.de\/wordpress\/sample-page\/mint-facher\/biologie\/"]}]},{"@type":"BreadcrumbList","@id":"https:\/\/wp2.nige.de\/wordpress\/sample-page\/mint-facher\/biologie\/#breadcrumb","itemListElement":[{"@type":"ListItem","position":1,"name":"Startseite","item":"https:\/\/wp2.nige.de\/wordpress\/"},{"@type":"ListItem","position":2,"name":"NIGE","item":"https:\/\/wp2.nige.de\/wordpress\/sample-page\/"},{"@type":"ListItem","position":3,"name":"MINT-F\u00e4cher","item":"https:\/\/wp2.nige.de\/wordpress\/sample-page\/mint-facher\/"},{"@type":"ListItem","position":4,"name":"Biologie"}]},{"@type":"WebSite","@id":"https:\/\/wp2.nige.de\/wordpress\/#website","url":"https:\/\/wp2.nige.de\/wordpress\/","name":"Nieders\u00e4chsisches Internatsgymnasium Esens | NIGE","description":"Nieders\u00e4chsisches Internatsgymnasium Esens","publisher":{"@id":"https:\/\/wp2.nige.de\/wordpress\/#organization"},"potentialAction":[{"@type":"SearchAction","target":{"@type":"EntryPoint","urlTemplate":"https:\/\/wp2.nige.de\/wordpress\/?s={search_term_string}"},"query-input":{"@type":"PropertyValueSpecification","valueRequired":true,"valueName":"search_term_string"}}],"inLanguage":"de"},{"@type":"Organization","@id":"https:\/\/wp2.nige.de\/wordpress\/#organization","name":"Nieders\u00e4chsisches Internatsgymnasium Esens","url":"https:\/\/wp2.nige.de\/wordpress\/","logo":{"@type":"ImageObject","inLanguage":"de","@id":"https:\/\/wp2.nige.de\/wordpress\/#\/schema\/logo\/image\/","url":"https:\/\/wp2.nige.de\/wordpress\/wp-content\/uploads\/2018\/08\/logo_nige.jpg","contentUrl":"https:\/\/wp2.nige.de\/wordpress\/wp-content\/uploads\/2018\/08\/logo_nige.jpg","width":1984,"height":1239,"caption":"Nieders\u00e4chsisches Internatsgymnasium Esens"},"image":{"@id":"https:\/\/wp2.nige.de\/wordpress\/#\/schema\/logo\/image\/"},"sameAs":["https:\/\/www.facebook.com\/NIGEsens\/"]}]}},"_links":{"self":[{"href":"https:\/\/wp2.nige.de\/wordpress\/wp-json\/wp\/v2\/pages\/1592","targetHints":{"allow":["GET"]}}],"collection":[{"href":"https:\/\/wp2.nige.de\/wordpress\/wp-json\/wp\/v2\/pages"}],"about":[{"href":"https:\/\/wp2.nige.de\/wordpress\/wp-json\/wp\/v2\/types\/page"}],"author":[{"embeddable":true,"href":"https:\/\/wp2.nige.de\/wordpress\/wp-json\/wp\/v2\/users\/28"}],"replies":[{"embeddable":true,"href":"https:\/\/wp2.nige.de\/wordpress\/wp-json\/wp\/v2\/comments?post=1592"}],"version-history":[{"count":73,"href":"https:\/\/wp2.nige.de\/wordpress\/wp-json\/wp\/v2\/pages\/1592\/revisions"}],"predecessor-version":[{"id":18303,"href":"https:\/\/wp2.nige.de\/wordpress\/wp-json\/wp\/v2\/pages\/1592\/revisions\/18303"}],"up":[{"embeddable":true,"href":"https:\/\/wp2.nige.de\/wordpress\/wp-json\/wp\/v2\/pages\/160"}],"wp:attachment":[{"href":"https:\/\/wp2.nige.de\/wordpress\/wp-json\/wp\/v2\/media?parent=1592"}],"curies":[{"name":"wp","href":"https:\/\/api.w.org\/{rel}","templated":true}]}}