{"id":1582,"date":"2013-10-09T16:30:40","date_gmt":"2013-10-09T14:30:40","guid":{"rendered":"http:\/\/wordpress.nige.de\/wordpress\/?page_id=1582"},"modified":"2025-07-17T10:28:50","modified_gmt":"2025-07-17T08:28:50","slug":"chemie","status":"publish","type":"page","link":"https:\/\/wp2.nige.de\/wordpress\/sample-page\/mint-facher\/chemie\/","title":{"rendered":"Chemie"},"content":{"rendered":"<h4><span style=\"color: #000080;\"><strong>Fachkollegium<\/strong><\/span><\/h4>\n<p>Frau Wiebke Habben<br \/>\nHerr Henning Harfst<br \/>\nFrau Edda Kappert<br \/>\nHerr Jan Klaassen (Referendar)<br \/>\nHerr Stefan Kiritz<br \/>\nHerr Dave M\u00fcnster (Fachkonferenzleiter)<br \/>\nFrau Anja Renken-Abken<br \/>\nFrau Dr. Eva Rinne<br \/>\nHerr Oliver Stockmann<br \/>\nHerr L\u00fcbbert Tosch<\/p>\n<p><strong><span style=\"color: #000080;\">Eingef\u00fchrte Lehrwerke<br \/>\n<\/span><\/strong><\/p>\n<p><a href=\"https:\/\/wp2.nige.de\/wordpress\/wp-content\/uploads\/2022\/09\/Eingefu\u0308hrte-Lehrwerke-Chemie-2022_08.pdf\">\u00dcbersicht<\/a> (.pdf)<\/p>\n<h4><strong><span style=\"color: #000080;\">Lehrpl\u00e4ne<\/span><\/strong><\/h4>\n<p><a href=\"http:\/\/wp2.nige.de\/wordpress\/?page_id=3279\">Lehrpl\u00e4ne Chemie<\/a><br \/>\n<a href=\"https:\/\/wp2.nige.de\/wordpress\/wp-content\/uploads\/2025\/02\/NIGE-Chemie-SEK-II-Schulcurriculum-G9-2024-2.0.pdf\">Schulcurriculum Sek II (Semester I bis IV)<\/a> (.pdf)<\/p>\n<h4><span style=\"color: #000080;\"><strong>Wettbewerbe und Talentf\u00f6rderung<\/strong><\/span><\/h4>\n<p><a href=\"http:\/\/wp2.nige.de\/wordpress\/wp-content\/uploads\/2013\/10\/Chemie_Camp.13.pdf\">Chemiecamp I<\/a><br \/>\n<a href=\"http:\/\/wp2.nige.de\/wordpress\/wp-content\/uploads\/2013\/10\/Bericht_Herbstcamp2012k.pdf\">Chemiecamp II<\/a><br \/>\n<a href=\"http:\/\/wp2.nige.de\/wordpress\/?p=9770\">Fraunhofer IFAM 2018<\/a><br \/>\n<a href=\"https:\/\/www.sfz-nw.de\/aktuelles\/43.htm\">Experimentalwettbewerb &#8222;Chemie in Aktion&#8220;<\/a><\/p>\n","protected":false},"excerpt":{"rendered":"<p>Fachkollegium Frau Wiebke Habben Herr Henning Harfst Frau Edda Kappert Herr Jan Klaassen (Referendar) Herr Stefan Kiritz Herr Dave M\u00fcnster (Fachkonferenzleiter) Frau Anja Renken-Abken Frau Dr. Eva Rinne Herr Oliver Stockmann Herr L\u00fcbbert Tosch Eingef\u00fchrte Lehrwerke \u00dcbersicht (.pdf) Lehrpl\u00e4ne Lehrpl\u00e4ne Chemie Schulcurriculum Sek II (Semester I&#46;&#46;&#46;<\/p>\n","protected":false},"author":28,"featured_media":0,"parent":160,"menu_order":0,"comment_status":"open","ping_status":"open","template":"","meta":{"ngg_post_thumbnail":0,"footnotes":""},"class_list":["post-1582","page","type-page","status-publish","hentry"],"yoast_head":"<!-- This site is optimized with the Yoast SEO plugin v27.5 - https:\/\/yoast.com\/product\/yoast-seo-wordpress\/ -->\n<title>Chemie - NIGE<\/title>\n<meta name=\"robots\" content=\"index, follow, max-snippet:-1, max-image-preview:large, max-video-preview:-1\" \/>\n<link rel=\"canonical\" href=\"https:\/\/wp2.nige.de\/wordpress\/sample-page\/mint-facher\/chemie\/\" \/>\n<meta property=\"og:locale\" content=\"de_DE\" \/>\n<meta property=\"og:type\" content=\"article\" \/>\n<meta property=\"og:title\" content=\"Chemie - NIGE\" \/>\n<meta property=\"og:description\" content=\"Fachkollegium Frau Wiebke Habben Herr Henning Harfst Frau Edda Kappert Herr Jan Klaassen (Referendar) Herr Stefan Kiritz Herr Dave M\u00fcnster (Fachkonferenzleiter) Frau Anja Renken-Abken Frau Dr. Eva Rinne Herr Oliver Stockmann Herr L\u00fcbbert Tosch Eingef\u00fchrte Lehrwerke \u00dcbersicht (.pdf) Lehrpl\u00e4ne Lehrpl\u00e4ne Chemie Schulcurriculum Sek II (Semester I&#046;&#046;&#046;\" \/>\n<meta property=\"og:url\" content=\"https:\/\/wp2.nige.de\/wordpress\/sample-page\/mint-facher\/chemie\/\" \/>\n<meta property=\"og:site_name\" content=\"NIGE\" \/>\n<meta property=\"article:publisher\" content=\"https:\/\/www.facebook.com\/NIGEsens\/\" \/>\n<meta property=\"article:modified_time\" content=\"2025-07-17T08:28:50+00:00\" \/>\n<meta name=\"twitter:card\" content=\"summary_large_image\" \/>\n<meta name=\"twitter:label1\" content=\"Gesch\u00e4tzte Lesezeit\" \/>\n\t<meta name=\"twitter:data1\" content=\"1\u00a0Minute\" \/>\n<script type=\"application\/ld+json\" class=\"yoast-schema-graph\">{\"@context\":\"https:\\\/\\\/schema.org\",\"@graph\":[{\"@type\":\"WebPage\",\"@id\":\"https:\\\/\\\/wp2.nige.de\\\/wordpress\\\/sample-page\\\/mint-facher\\\/chemie\\\/\",\"url\":\"https:\\\/\\\/wp2.nige.de\\\/wordpress\\\/sample-page\\\/mint-facher\\\/chemie\\\/\",\"name\":\"Chemie - NIGE\",\"isPartOf\":{\"@id\":\"https:\\\/\\\/wp2.nige.de\\\/wordpress\\\/#website\"},\"datePublished\":\"2013-10-09T14:30:40+00:00\",\"dateModified\":\"2025-07-17T08:28:50+00:00\",\"breadcrumb\":{\"@id\":\"https:\\\/\\\/wp2.nige.de\\\/wordpress\\\/sample-page\\\/mint-facher\\\/chemie\\\/#breadcrumb\"},\"inLanguage\":\"de\",\"potentialAction\":[{\"@type\":\"ReadAction\",\"target\":[\"https:\\\/\\\/wp2.nige.de\\\/wordpress\\\/sample-page\\\/mint-facher\\\/chemie\\\/\"]}]},{\"@type\":\"BreadcrumbList\",\"@id\":\"https:\\\/\\\/wp2.nige.de\\\/wordpress\\\/sample-page\\\/mint-facher\\\/chemie\\\/#breadcrumb\",\"itemListElement\":[{\"@type\":\"ListItem\",\"position\":1,\"name\":\"Startseite\",\"item\":\"https:\\\/\\\/wp2.nige.de\\\/wordpress\\\/\"},{\"@type\":\"ListItem\",\"position\":2,\"name\":\"NIGE\",\"item\":\"https:\\\/\\\/wp2.nige.de\\\/wordpress\\\/sample-page\\\/\"},{\"@type\":\"ListItem\",\"position\":3,\"name\":\"MINT-F\u00e4cher\",\"item\":\"https:\\\/\\\/wp2.nige.de\\\/wordpress\\\/sample-page\\\/mint-facher\\\/\"},{\"@type\":\"ListItem\",\"position\":4,\"name\":\"Chemie\"}]},{\"@type\":\"WebSite\",\"@id\":\"https:\\\/\\\/wp2.nige.de\\\/wordpress\\\/#website\",\"url\":\"https:\\\/\\\/wp2.nige.de\\\/wordpress\\\/\",\"name\":\"Nieders\u00e4chsisches Internatsgymnasium Esens | NIGE\",\"description\":\"Nieders\u00e4chsisches Internatsgymnasium Esens\",\"publisher\":{\"@id\":\"https:\\\/\\\/wp2.nige.de\\\/wordpress\\\/#organization\"},\"potentialAction\":[{\"@type\":\"SearchAction\",\"target\":{\"@type\":\"EntryPoint\",\"urlTemplate\":\"https:\\\/\\\/wp2.nige.de\\\/wordpress\\\/?s={search_term_string}\"},\"query-input\":{\"@type\":\"PropertyValueSpecification\",\"valueRequired\":true,\"valueName\":\"search_term_string\"}}],\"inLanguage\":\"de\"},{\"@type\":\"Organization\",\"@id\":\"https:\\\/\\\/wp2.nige.de\\\/wordpress\\\/#organization\",\"name\":\"Nieders\u00e4chsisches Internatsgymnasium Esens\",\"url\":\"https:\\\/\\\/wp2.nige.de\\\/wordpress\\\/\",\"logo\":{\"@type\":\"ImageObject\",\"inLanguage\":\"de\",\"@id\":\"https:\\\/\\\/wp2.nige.de\\\/wordpress\\\/#\\\/schema\\\/logo\\\/image\\\/\",\"url\":\"https:\\\/\\\/wp2.nige.de\\\/wordpress\\\/wp-content\\\/uploads\\\/2018\\\/08\\\/logo_nige.jpg\",\"contentUrl\":\"https:\\\/\\\/wp2.nige.de\\\/wordpress\\\/wp-content\\\/uploads\\\/2018\\\/08\\\/logo_nige.jpg\",\"width\":1984,\"height\":1239,\"caption\":\"Nieders\u00e4chsisches Internatsgymnasium Esens\"},\"image\":{\"@id\":\"https:\\\/\\\/wp2.nige.de\\\/wordpress\\\/#\\\/schema\\\/logo\\\/image\\\/\"},\"sameAs\":[\"https:\\\/\\\/www.facebook.com\\\/NIGEsens\\\/\"]}]}<\/script>\n<!-- \/ Yoast SEO plugin. -->","yoast_head_json":{"title":"Chemie - NIGE","robots":{"index":"index","follow":"follow","max-snippet":"max-snippet:-1","max-image-preview":"max-image-preview:large","max-video-preview":"max-video-preview:-1"},"canonical":"https:\/\/wp2.nige.de\/wordpress\/sample-page\/mint-facher\/chemie\/","og_locale":"de_DE","og_type":"article","og_title":"Chemie - NIGE","og_description":"Fachkollegium Frau Wiebke Habben Herr Henning Harfst Frau Edda Kappert Herr Jan Klaassen (Referendar) Herr Stefan Kiritz Herr Dave M\u00fcnster (Fachkonferenzleiter) Frau Anja Renken-Abken Frau Dr. Eva Rinne Herr Oliver Stockmann Herr L\u00fcbbert Tosch Eingef\u00fchrte Lehrwerke \u00dcbersicht (.pdf) Lehrpl\u00e4ne Lehrpl\u00e4ne Chemie Schulcurriculum Sek II (Semester I&#46;&#46;&#46;","og_url":"https:\/\/wp2.nige.de\/wordpress\/sample-page\/mint-facher\/chemie\/","og_site_name":"NIGE","article_publisher":"https:\/\/www.facebook.com\/NIGEsens\/","article_modified_time":"2025-07-17T08:28:50+00:00","twitter_card":"summary_large_image","twitter_misc":{"Gesch\u00e4tzte Lesezeit":"1\u00a0Minute"},"schema":{"@context":"https:\/\/schema.org","@graph":[{"@type":"WebPage","@id":"https:\/\/wp2.nige.de\/wordpress\/sample-page\/mint-facher\/chemie\/","url":"https:\/\/wp2.nige.de\/wordpress\/sample-page\/mint-facher\/chemie\/","name":"Chemie - NIGE","isPartOf":{"@id":"https:\/\/wp2.nige.de\/wordpress\/#website"},"datePublished":"2013-10-09T14:30:40+00:00","dateModified":"2025-07-17T08:28:50+00:00","breadcrumb":{"@id":"https:\/\/wp2.nige.de\/wordpress\/sample-page\/mint-facher\/chemie\/#breadcrumb"},"inLanguage":"de","potentialAction":[{"@type":"ReadAction","target":["https:\/\/wp2.nige.de\/wordpress\/sample-page\/mint-facher\/chemie\/"]}]},{"@type":"BreadcrumbList","@id":"https:\/\/wp2.nige.de\/wordpress\/sample-page\/mint-facher\/chemie\/#breadcrumb","itemListElement":[{"@type":"ListItem","position":1,"name":"Startseite","item":"https:\/\/wp2.nige.de\/wordpress\/"},{"@type":"ListItem","position":2,"name":"NIGE","item":"https:\/\/wp2.nige.de\/wordpress\/sample-page\/"},{"@type":"ListItem","position":3,"name":"MINT-F\u00e4cher","item":"https:\/\/wp2.nige.de\/wordpress\/sample-page\/mint-facher\/"},{"@type":"ListItem","position":4,"name":"Chemie"}]},{"@type":"WebSite","@id":"https:\/\/wp2.nige.de\/wordpress\/#website","url":"https:\/\/wp2.nige.de\/wordpress\/","name":"Nieders\u00e4chsisches Internatsgymnasium Esens | NIGE","description":"Nieders\u00e4chsisches Internatsgymnasium Esens","publisher":{"@id":"https:\/\/wp2.nige.de\/wordpress\/#organization"},"potentialAction":[{"@type":"SearchAction","target":{"@type":"EntryPoint","urlTemplate":"https:\/\/wp2.nige.de\/wordpress\/?s={search_term_string}"},"query-input":{"@type":"PropertyValueSpecification","valueRequired":true,"valueName":"search_term_string"}}],"inLanguage":"de"},{"@type":"Organization","@id":"https:\/\/wp2.nige.de\/wordpress\/#organization","name":"Nieders\u00e4chsisches Internatsgymnasium Esens","url":"https:\/\/wp2.nige.de\/wordpress\/","logo":{"@type":"ImageObject","inLanguage":"de","@id":"https:\/\/wp2.nige.de\/wordpress\/#\/schema\/logo\/image\/","url":"https:\/\/wp2.nige.de\/wordpress\/wp-content\/uploads\/2018\/08\/logo_nige.jpg","contentUrl":"https:\/\/wp2.nige.de\/wordpress\/wp-content\/uploads\/2018\/08\/logo_nige.jpg","width":1984,"height":1239,"caption":"Nieders\u00e4chsisches Internatsgymnasium Esens"},"image":{"@id":"https:\/\/wp2.nige.de\/wordpress\/#\/schema\/logo\/image\/"},"sameAs":["https:\/\/www.facebook.com\/NIGEsens\/"]}]}},"_links":{"self":[{"href":"https:\/\/wp2.nige.de\/wordpress\/wp-json\/wp\/v2\/pages\/1582","targetHints":{"allow":["GET"]}}],"collection":[{"href":"https:\/\/wp2.nige.de\/wordpress\/wp-json\/wp\/v2\/pages"}],"about":[{"href":"https:\/\/wp2.nige.de\/wordpress\/wp-json\/wp\/v2\/types\/page"}],"author":[{"embeddable":true,"href":"https:\/\/wp2.nige.de\/wordpress\/wp-json\/wp\/v2\/users\/28"}],"replies":[{"embeddable":true,"href":"https:\/\/wp2.nige.de\/wordpress\/wp-json\/wp\/v2\/comments?post=1582"}],"version-history":[{"count":28,"href":"https:\/\/wp2.nige.de\/wordpress\/wp-json\/wp\/v2\/pages\/1582\/revisions"}],"predecessor-version":[{"id":17243,"href":"https:\/\/wp2.nige.de\/wordpress\/wp-json\/wp\/v2\/pages\/1582\/revisions\/17243"}],"up":[{"embeddable":true,"href":"https:\/\/wp2.nige.de\/wordpress\/wp-json\/wp\/v2\/pages\/160"}],"wp:attachment":[{"href":"https:\/\/wp2.nige.de\/wordpress\/wp-json\/wp\/v2\/media?parent=1582"}],"curies":[{"name":"wp","href":"https:\/\/api.w.org\/{rel}","templated":true}]}}