{"id":1564,"date":"2013-10-09T14:21:22","date_gmt":"2013-10-09T12:21:22","guid":{"rendered":"http:\/\/wordpress.nige.de\/wordpress\/?page_id=1564"},"modified":"2026-04-14T19:34:44","modified_gmt":"2026-04-14T17:34:44","slug":"spanisch-2","status":"publish","type":"page","link":"https:\/\/wp2.nige.de\/wordpress\/sample-page\/sprachen\/spanisch-2\/","title":{"rendered":"Spanisch"},"content":{"rendered":"<div class=\"image\" style=\"position: relative; width: 100%;\">\n<p><img loading=\"lazy\" decoding=\"async\" class=\"\" src=\"http:\/\/wp2.nige.de\/wordpress\/wp-content\/uploads\/2018\/11\/spain-379535_960_720-e1543389972546.jpg\" alt=\"\" width=\"551\" height=\"354\"><\/p>\n<h2 style=\"position: absolute; top: -5px; left: 30; width: 100%; color: white; font-size: 3em;\">Spanisch<\/h2>\n<\/div>\n<h4><span style=\"color: #000080;\"><strong>Fachkollegium<\/strong><\/span><\/h4>\n<p>Herr Ulrich Apke (Fachkonferenzleiter)<br \/>\nHerr Nick Berghem<br \/>\nFrau Astrid Canterino<br \/>\nFrau Tanja Harms<br \/>\nHerr Radij Mun<br \/>\nFrau Antje Peters<br \/>\nFrau Claudia Weissig<\/p>\n<h4><span style=\"color: #000080;\"><strong>Lehrwerke<\/strong><\/span><\/h4>\n<p><a href=\"https:\/\/wp2.nige.de\/wordpress\/wp-content\/uploads\/2024\/06\/Lehrwerke-Spanisch-.pdf\">\u00dcbersicht der Lehrwerke<\/a> (PDF)<\/p>\n<h4><strong><span style=\"color: #000080;\">Unterrichtsinhalte<br \/>\n<\/span><\/strong><\/h4>\n<p>F\u00fcr die Schuljahrg\u00e4nge <strong>6 bis 10<\/strong> gilt seit 01. August 2024 das neue Kerncurriculum Spanisch f\u00fcr die Sek I.<br \/>\nDetails sind abrufbar unter.<br \/>\n<a href=\"https:\/\/cuvo.nibis.de\/cuvo.php?p=search&amp;f0=spanisch&amp;\">nibis.de<\/a><\/p>\n<p>F\u00fcr die <strong>gymnasiale Oberstufe<\/strong> gilt seit 2018 das neue Kerncurriculum Spanisch f\u00fcr das Gymnasium.<br \/>\nDetails sind abrufbar unter:<br \/>\n<a href=\"https:\/\/cuvo.nibis.de\/index.php?p=detail_view&amp;docid=1265&amp;k0_0=Fach&amp;v0_0=Spanisch\">nibis.de<\/a><\/p>\n<h4><span style=\"color: #000080;\"><strong>Fachcurriculum<\/strong><\/span><\/h4>\n<p>Sek I<\/p>\n<ul>\n<li><a href=\"https:\/\/wp2.nige.de\/wordpress\/wp-content\/uploads\/2025\/07\/Schulinternes-Curriculum-des-NIGE_Jahrgang-6.pdf\">Jahrgang 6<\/a>&nbsp;(PDF)<\/li>\n<li><a href=\"https:\/\/wp2.nige.de\/wordpress\/wp-content\/uploads\/2025\/07\/Schulinternes-Curriculum-des-NIGE_Jahrgang-7.pdf\">Jahrgang 7<\/a>&nbsp;(PDF)<\/li>\n<li><a href=\"https:\/\/wp2.nige.de\/wordpress\/wp-content\/uploads\/2025\/07\/Schulinternes-Curriculum-des-NIGE_Jahrgang-8.pdf\">Jahrgang 8<\/a>&nbsp;(PDF)<\/li>\n<li><a href=\"https:\/\/wp2.nige.de\/wordpress\/wp-content\/uploads\/2025\/07\/Schulinternes-Curriculum-des-NIGE_Jahrgang-9.pdf\">Jahrgang 9<\/a>&nbsp;(PDF)<\/li>\n<li><a href=\"https:\/\/wp2.nige.de\/wordpress\/wp-content\/uploads\/2025\/07\/Schulinternes-Curriculum-des-NIGE_Jahrgang-10.pdf\">Jahrgang 10<\/a>&nbsp;(PDF)<\/li>\n<\/ul>\n<p>Sek II<\/p>\n<ul>\n<li><a href=\"https:\/\/wp2.nige.de\/wordpress\/wp-content\/uploads\/2024\/06\/Fachcurriculum-fuer-das-Fach-Spanisch-als-fortgefuehrte-Fremdsprache-Einfuehrungsphase-und-Qualifikationsphase-5.pdf\">Fachcurriculum Spanisch als fortgef\u00fchrte Fremdsprache in der Qualifikationsphase (Jahrgang 12 \/ 13)<\/a> (PDF)<\/li>\n<li><a href=\"https:\/\/wp2.nige.de\/wordpress\/wp-content\/uploads\/2024\/06\/Fachcurriculum-Spanisch-fuer-die-neu-beginnende-zweite-oder-dritte-Fremdsprache-ab-der-Jg-11-Neufassung-.pdf\">Fachcurriculum Spanisch als neu beginnende zweite oder dritte Fremdsprache ab der Jahrgangsstufe 11<\/a> (PDF)<\/li>\n<\/ul>\n<h4><span style=\"color: #000080;\"><strong>Abitur<\/strong><\/span><\/h4>\n<ul>\n<li><a href=\"http:\/\/wp2.nige.de\/wordpress\/wp-content\/uploads\/2013\/10\/20140715_Kombinierte-Aufgabe_FS-2.pdf\">Kombinierte Aufgaben ab der Abiturpr\u00fcfung 2017<\/a>&nbsp;(PDF)<\/li>\n<li><a href=\"https:\/\/wp2.nige.de\/wordpress\/wp-content\/uploads\/2024\/06\/04_SpanischHinweise2026_202404.pdf\">Thematische Schwerpunkte Abitur 2026<\/a>&nbsp;(PDF)<\/li>\n<li><a href=\"https:\/\/wp2.nige.de\/wordpress\/wp-content\/uploads\/2025\/01\/04_Spanisch_Hinweise_2027.pdf\">Thematische Schwerpunkte Abitur 2027<\/a> (PDF)<\/li>\n<li><a href=\"https:\/\/wp2.nige.de\/wordpress\/wp-content\/uploads\/2026\/04\/04_Spanisch_Hinweise_2028.pdf\">Thematische Schwerpunkte Abitur 2028<\/a>&nbsp;(PDF)<\/li>\n<li>Einheitliche <strong>Pr\u00fcfungsanforderungen<\/strong> in der Abiturpr\u00fcfung Spanisch: <a href=\"https:\/\/cuvo.nibis.de\/cuvo.php?skey_lev0_0=Fach&amp;svalue_lev0_0=Spanisch&amp;skey_lev0_1=Schulbereich&amp;svalue_lev0_1=Sek+II&amp;skey_lev0_2=Dokumentenart&amp;svalue_lev0_2=Bildungsstandards&amp;fulltextsearch_lev0_ov=&amp;skey_lev0_2_ov=Dokumentenart&amp;svalue_lev0_2_ov=EPA&amp;skey_lev0_1_ov=Schulbereich&amp;svalue_lev0_1_ov=Sek+II&amp;skey_lev0_1002_ov=Schulform&amp;svalue_lev0_1002_ov=&amp;skey_lev0_0_ov=Fach&amp;svalue_lev0_0_ov=Spanisch&amp;p=search\">nibis.de<\/a><\/li>\n<\/ul>\n<h4><span style=\"color: #000080;\"><strong>Bewertung<br \/>\n<\/strong><\/span><\/h4>\n<div><span style=\"text-decoration: underline;\">Sekundarstufe I:<\/span><\/div>\n<div style=\"text-align: justify;\">In den Klassenarbeiten der Sekundarstufe I werden die Kompetenzen ESCUCHAR (H\u00f6rverstehen), LEER (Leseverstehen), ESCRIBIR (Schreiben) und MEDIACI\u00d3N (Sprachmittlung) \u00fcberpr\u00fcft.<\/div>\n<div style=\"text-align: justify;\">Zu den m\u00fcndlichen Leistungen z\u00e4hlen u.a.:<\/div>\n<ul>\n<li>Beitr\u00e4ge zum Unterrichtgespr\u00e4ch<\/li>\n<li>m\u00fcndliche \u00dcberpr\u00fcfungen<\/li>\n<li>(digitale) Pr\u00e4sentationen<\/li>\n<li>Vokabeltests \/ Unterrichtsdokumentationen<\/li>\n<li>Ergebnisse von Partner- und Gruppenarbeiten<\/li>\n<\/ul>\n<div>Die Note setzt sich bei zwei Klassenarbeiten pro Halbjahr aus 60% m\u00fcndlicher Leistung und 40% schriftlicher Leistung zusammen (Jahrgangsstufe 6 &#8211; 10).<\/div>\n<div>&nbsp;<\/div>\n<div><span style=\"text-decoration: underline;\">Sekundarstufe II<\/span><\/div>\n<div style=\"text-align: justify;\">In der Sekundarstufe II ist die Gewichtung abh\u00e4ngig von der Anzahl der geschriebenen Klausuren: bei einer Klausur im Semester ist die Gewichtung 65% m\u00fcndlich und 35% schriftlich, bei zwei Klausuren im Semester 50% m\u00fcndlich und 50% schriftlich.<\/div>\n<div style=\"text-align: justify;\">Zu den m\u00fcndlichen Leistungen z\u00e4hlen u.a.:<\/div>\n<ul>\n<li>Teilnahme am Unterrichtsgespr\u00e4ch<\/li>\n<li>Informationen sichten, gliedern und bewerten \/ z.B. Internetrecherchen<\/li>\n<li>Ergebnisse von Partner- und Gruppenarbeiten<\/li>\n<li>Unterrichtsdokumentation<\/li>\n<li>(digitale) Pr\u00e4sentationen<\/li>\n<li>m\u00fcndliche \u00dcberpr\u00fcfungen \/ kurze schriftliche Lernkontrollen<\/li>\n<li>h\u00e4usliche Vor- und Nachbereitung<\/li>\n<\/ul>\n<h4><span style=\"color: #000080;\"><strong>Beschl\u00fcsse der Fachkonferenz zur Bewertung \u2013 Gewichtung &#8211; Leistungs\u00fcberpr\u00fcfung<\/strong><\/span><\/h4>\n<p><a href=\"https:\/\/wp2.nige.de\/wordpress\/wp-content\/uploads\/2026\/04\/Stand-April-26-Bewertung-Gewichtung-Beschluesse-der-FK.pdf\">\u00dcbersicht<\/a> (PDF)<\/p>\n<h4><span style=\"color: #000080;\"><strong>Sprechpr\u00fcfung<\/strong><\/span><\/h4>\n<div style=\"text-align: justify;\">Am NIGE finden die Sprechpr\u00fcfungen Spanisch im 7.\/8. (Niveau A1\/A1+), im 9. (Niveau A2) und 10. Jahrgang (Niveau A2, in Teilen B1) statt. Sie ersetzten die dritte oder vierte Klassenarbeit im zweiten Halbjahr. Die Sprechpr\u00fcfung umfasst die drei Bereiche:<\/div>\n<ul>\n<li>Interview<\/li>\n<li>Monologisches Sprechen<\/li>\n<li>Dialog<\/li>\n<\/ul>\n<div>Weiterf\u00fchrende Informationen zu den Sprechpr\u00fcfungen:<\/div>\n<div><a href=\"https:\/\/bildungsportal-niedersachsen.de\/allgemeinbildung\/unterrichtsfaecher\/die-sprechpruefung-im-fremdsprachenunterricht\">https:\/\/bildungsportal-niedersachsen.de\/<\/a><\/div>\n<p><a href=\"http:\/\/wp2.nige.de\/wordpress\/wp-content\/uploads\/2013\/10\/Erlass-162-6.pdf\">Sprechpr\u00fcfung<\/a>&nbsp;(PDF)<\/p>\n<h4><span style=\"color: #000080;\"><strong>Operatoren<\/strong><\/span><\/h4>\n<ul>\n<li><a href=\"https:\/\/wp2.nige.de\/wordpress\/wp-content\/uploads\/2018\/10\/Operatoren-Sek-1.pdf\">Operatoren f\u00fcr die Sek I<\/a>&nbsp;(PDF)<\/li>\n<li><a href=\"https:\/\/bildungsportal-niedersachsen.de\/index.php?eID=dumpFile&amp;t=f&amp;f=12922&amp;token=5da3ab2feca8e5cbc1b80bc23ad03a7638fcd5e7\">Operatoren f\u00fcr die gymnasiale Oberstufe<\/a>&nbsp;(PDF)<\/li>\n<\/ul>\n<h4><span style=\"color: #000080;\"><strong>DELE<\/strong><\/span><\/h4>\n<ul>\n<li><a href=\"https:\/\/wp2.nige.de\/wordpress\/wp-content\/uploads\/2023\/01\/Was-ist-DELE.pdf\">Was ist DELE?<\/a> (PDF)<\/li>\n<li><a href=\"http:\/\/bremen.cervantes.es\/de\/sprachdiplome_dele\/default.htm\">http:\/\/bremen.cervantes.es\/de\/sprachdiplome_dele\/default.htm<\/a><\/li>\n<li><a href=\"http:\/\/www.dele.org\/deutsch\/\">http:\/\/www.dele.org\/deutsch\/<\/a><\/li>\n<\/ul>\n<p><strong>(Diplomas de Espa\u00f1ol como Lengua Extranjera , offizielle Zertifikate zum Nachweis spanischer Sprachkenntnisse)<\/strong><\/p>\n<p>&nbsp;<\/p>\n<h4><span style=\"color: #000080;\"><strong>Weiterf\u00fchrende Informationen zum Fach Spanisch in Niedersachsen<\/strong><\/span><\/h4>\n<ul>\n<li><a href=\"https:\/\/bildungsportal-niedersachsen.de\/allgemeinbildung\/unterrichtsfaecher\/spanisch-sek-i\">Informationen auf dem Bildungsportal Niedersachsen<\/a><\/li>\n<\/ul>\n<p><strong><span style=\"color: #000080;\">Weiterf\u00fchrende Links<\/span><\/strong><br \/>\nBundeswettbewerb Fremdsprachen:<br \/>\n<a href=\"https:\/\/www.bundeswettbewerb-fremdsprachen.de\/\">https:\/\/www.bundeswettbewerb-fremdsprachen.de\/<\/a><br \/>\nDeutscher Spanischlehrerverband:<br \/>\n<a href=\"https:\/\/hispanorama.de\">http:\/\/www.hispanorama.de<\/a><\/p>\n<table>\n<tbody>\n<tr>\n<td>\n<h4><img loading=\"lazy\" decoding=\"async\" class=\"alignnone wp-image-9370\" src=\"http:\/\/wp2.nige.de\/wordpress\/wp-content\/uploads\/2018\/11\/espana-la-bella-2800964_960_720.jpg\" alt=\"\" width=\"333\" height=\"222\" srcset=\"https:\/\/wp2.nige.de\/wordpress\/wp-content\/uploads\/2018\/11\/espana-la-bella-2800964_960_720.jpg 960w, https:\/\/wp2.nige.de\/wordpress\/wp-content\/uploads\/2018\/11\/espana-la-bella-2800964_960_720-300x200.jpg 300w\" sizes=\"auto, (max-width: 333px) 100vw, 333px\" \/><\/h4>\n<\/td>\n<td>\n<h4><em><img loading=\"lazy\" decoding=\"async\" class=\"alignnone wp-image-9371\" src=\"http:\/\/wp2.nige.de\/wordpress\/wp-content\/uploads\/2018\/11\/DSC_0360-1024x576.jpg\" alt=\"\" width=\"395\" height=\"222\"><\/em><\/h4>\n<\/td>\n<\/tr>\n<\/tbody>\n<\/table>\n","protected":false},"excerpt":{"rendered":"<p>Spanisch Fachkollegium Herr Ulrich Apke (Fachkonferenzleiter) Herr Nick Berghem Frau Astrid Canterino Frau Tanja Harms Herr Radij Mun Frau Antje Peters Frau Claudia Weissig Lehrwerke \u00dcbersicht der Lehrwerke (PDF) Unterrichtsinhalte F\u00fcr die Schuljahrg\u00e4nge 6 bis 10 gilt seit 01. August 2024 das neue Kerncurriculum Spanisch f\u00fcr&#46;&#46;&#46;<\/p>\n","protected":false},"author":28,"featured_media":0,"parent":156,"menu_order":0,"comment_status":"open","ping_status":"open","template":"","meta":{"ngg_post_thumbnail":0,"footnotes":""},"class_list":["post-1564","page","type-page","status-publish","hentry"],"yoast_head":"<!-- This site is optimized with the Yoast SEO plugin v27.5 - https:\/\/yoast.com\/product\/yoast-seo-wordpress\/ -->\n<title>Spanisch - NIGE<\/title>\n<meta name=\"robots\" content=\"index, follow, max-snippet:-1, max-image-preview:large, max-video-preview:-1\" \/>\n<link rel=\"canonical\" href=\"https:\/\/wp2.nige.de\/wordpress\/sample-page\/sprachen\/spanisch-2\/\" \/>\n<meta property=\"og:locale\" content=\"de_DE\" \/>\n<meta property=\"og:type\" content=\"article\" \/>\n<meta property=\"og:title\" content=\"Spanisch - NIGE\" \/>\n<meta property=\"og:description\" content=\"Spanisch Fachkollegium Herr Ulrich Apke (Fachkonferenzleiter) Herr Nick Berghem Frau Astrid Canterino Frau Tanja Harms Herr Radij Mun Frau Antje Peters Frau Claudia Weissig Lehrwerke \u00dcbersicht der Lehrwerke (PDF) Unterrichtsinhalte F\u00fcr die Schuljahrg\u00e4nge 6 bis 10 gilt seit 01. August 2024 das neue Kerncurriculum Spanisch f\u00fcr&#046;&#046;&#046;\" \/>\n<meta property=\"og:url\" content=\"https:\/\/wp2.nige.de\/wordpress\/sample-page\/sprachen\/spanisch-2\/\" \/>\n<meta property=\"og:site_name\" content=\"NIGE\" \/>\n<meta property=\"article:publisher\" content=\"https:\/\/www.facebook.com\/NIGEsens\/\" \/>\n<meta property=\"article:modified_time\" content=\"2026-04-14T17:34:44+00:00\" \/>\n<meta property=\"og:image\" content=\"http:\/\/wp2.nige.de\/wordpress\/wp-content\/uploads\/2018\/11\/spain-379535_960_720-e1543389972546.jpg\" \/>\n<meta name=\"twitter:card\" content=\"summary_large_image\" \/>\n<meta name=\"twitter:label1\" content=\"Gesch\u00e4tzte Lesezeit\" \/>\n\t<meta name=\"twitter:data1\" content=\"3\u00a0Minuten\" \/>\n<script type=\"application\/ld+json\" class=\"yoast-schema-graph\">{\"@context\":\"https:\\\/\\\/schema.org\",\"@graph\":[{\"@type\":\"WebPage\",\"@id\":\"https:\\\/\\\/wp2.nige.de\\\/wordpress\\\/sample-page\\\/sprachen\\\/spanisch-2\\\/\",\"url\":\"https:\\\/\\\/wp2.nige.de\\\/wordpress\\\/sample-page\\\/sprachen\\\/spanisch-2\\\/\",\"name\":\"Spanisch - NIGE\",\"isPartOf\":{\"@id\":\"https:\\\/\\\/wp2.nige.de\\\/wordpress\\\/#website\"},\"primaryImageOfPage\":{\"@id\":\"https:\\\/\\\/wp2.nige.de\\\/wordpress\\\/sample-page\\\/sprachen\\\/spanisch-2\\\/#primaryimage\"},\"image\":{\"@id\":\"https:\\\/\\\/wp2.nige.de\\\/wordpress\\\/sample-page\\\/sprachen\\\/spanisch-2\\\/#primaryimage\"},\"thumbnailUrl\":\"http:\\\/\\\/wp2.nige.de\\\/wordpress\\\/wp-content\\\/uploads\\\/2018\\\/11\\\/spain-379535_960_720-e1543389972546.jpg\",\"datePublished\":\"2013-10-09T12:21:22+00:00\",\"dateModified\":\"2026-04-14T17:34:44+00:00\",\"breadcrumb\":{\"@id\":\"https:\\\/\\\/wp2.nige.de\\\/wordpress\\\/sample-page\\\/sprachen\\\/spanisch-2\\\/#breadcrumb\"},\"inLanguage\":\"de\",\"potentialAction\":[{\"@type\":\"ReadAction\",\"target\":[\"https:\\\/\\\/wp2.nige.de\\\/wordpress\\\/sample-page\\\/sprachen\\\/spanisch-2\\\/\"]}]},{\"@type\":\"ImageObject\",\"inLanguage\":\"de\",\"@id\":\"https:\\\/\\\/wp2.nige.de\\\/wordpress\\\/sample-page\\\/sprachen\\\/spanisch-2\\\/#primaryimage\",\"url\":\"https:\\\/\\\/wp2.nige.de\\\/wordpress\\\/wp-content\\\/uploads\\\/2018\\\/11\\\/spain-379535_960_720-e1543389972546.jpg\",\"contentUrl\":\"https:\\\/\\\/wp2.nige.de\\\/wordpress\\\/wp-content\\\/uploads\\\/2018\\\/11\\\/spain-379535_960_720-e1543389972546.jpg\",\"width\":816,\"height\":525},{\"@type\":\"BreadcrumbList\",\"@id\":\"https:\\\/\\\/wp2.nige.de\\\/wordpress\\\/sample-page\\\/sprachen\\\/spanisch-2\\\/#breadcrumb\",\"itemListElement\":[{\"@type\":\"ListItem\",\"position\":1,\"name\":\"Startseite\",\"item\":\"https:\\\/\\\/wp2.nige.de\\\/wordpress\\\/\"},{\"@type\":\"ListItem\",\"position\":2,\"name\":\"NIGE\",\"item\":\"https:\\\/\\\/wp2.nige.de\\\/wordpress\\\/sample-page\\\/\"},{\"@type\":\"ListItem\",\"position\":3,\"name\":\"Sprachen\",\"item\":\"https:\\\/\\\/wp2.nige.de\\\/wordpress\\\/sample-page\\\/sprachen\\\/\"},{\"@type\":\"ListItem\",\"position\":4,\"name\":\"Spanisch\"}]},{\"@type\":\"WebSite\",\"@id\":\"https:\\\/\\\/wp2.nige.de\\\/wordpress\\\/#website\",\"url\":\"https:\\\/\\\/wp2.nige.de\\\/wordpress\\\/\",\"name\":\"Nieders\u00e4chsisches Internatsgymnasium Esens | NIGE\",\"description\":\"Nieders\u00e4chsisches Internatsgymnasium Esens\",\"publisher\":{\"@id\":\"https:\\\/\\\/wp2.nige.de\\\/wordpress\\\/#organization\"},\"potentialAction\":[{\"@type\":\"SearchAction\",\"target\":{\"@type\":\"EntryPoint\",\"urlTemplate\":\"https:\\\/\\\/wp2.nige.de\\\/wordpress\\\/?s={search_term_string}\"},\"query-input\":{\"@type\":\"PropertyValueSpecification\",\"valueRequired\":true,\"valueName\":\"search_term_string\"}}],\"inLanguage\":\"de\"},{\"@type\":\"Organization\",\"@id\":\"https:\\\/\\\/wp2.nige.de\\\/wordpress\\\/#organization\",\"name\":\"Nieders\u00e4chsisches Internatsgymnasium Esens\",\"url\":\"https:\\\/\\\/wp2.nige.de\\\/wordpress\\\/\",\"logo\":{\"@type\":\"ImageObject\",\"inLanguage\":\"de\",\"@id\":\"https:\\\/\\\/wp2.nige.de\\\/wordpress\\\/#\\\/schema\\\/logo\\\/image\\\/\",\"url\":\"https:\\\/\\\/wp2.nige.de\\\/wordpress\\\/wp-content\\\/uploads\\\/2018\\\/08\\\/logo_nige.jpg\",\"contentUrl\":\"https:\\\/\\\/wp2.nige.de\\\/wordpress\\\/wp-content\\\/uploads\\\/2018\\\/08\\\/logo_nige.jpg\",\"width\":1984,\"height\":1239,\"caption\":\"Nieders\u00e4chsisches Internatsgymnasium Esens\"},\"image\":{\"@id\":\"https:\\\/\\\/wp2.nige.de\\\/wordpress\\\/#\\\/schema\\\/logo\\\/image\\\/\"},\"sameAs\":[\"https:\\\/\\\/www.facebook.com\\\/NIGEsens\\\/\"]}]}<\/script>\n<!-- \/ Yoast SEO plugin. -->","yoast_head_json":{"title":"Spanisch - NIGE","robots":{"index":"index","follow":"follow","max-snippet":"max-snippet:-1","max-image-preview":"max-image-preview:large","max-video-preview":"max-video-preview:-1"},"canonical":"https:\/\/wp2.nige.de\/wordpress\/sample-page\/sprachen\/spanisch-2\/","og_locale":"de_DE","og_type":"article","og_title":"Spanisch - NIGE","og_description":"Spanisch Fachkollegium Herr Ulrich Apke (Fachkonferenzleiter) Herr Nick Berghem Frau Astrid Canterino Frau Tanja Harms Herr Radij Mun Frau Antje Peters Frau Claudia Weissig Lehrwerke \u00dcbersicht der Lehrwerke (PDF) Unterrichtsinhalte F\u00fcr die Schuljahrg\u00e4nge 6 bis 10 gilt seit 01. August 2024 das neue Kerncurriculum Spanisch f\u00fcr&#46;&#46;&#46;","og_url":"https:\/\/wp2.nige.de\/wordpress\/sample-page\/sprachen\/spanisch-2\/","og_site_name":"NIGE","article_publisher":"https:\/\/www.facebook.com\/NIGEsens\/","article_modified_time":"2026-04-14T17:34:44+00:00","og_image":[{"url":"http:\/\/wp2.nige.de\/wordpress\/wp-content\/uploads\/2018\/11\/spain-379535_960_720-e1543389972546.jpg","type":"","width":"","height":""}],"twitter_card":"summary_large_image","twitter_misc":{"Gesch\u00e4tzte Lesezeit":"3\u00a0Minuten"},"schema":{"@context":"https:\/\/schema.org","@graph":[{"@type":"WebPage","@id":"https:\/\/wp2.nige.de\/wordpress\/sample-page\/sprachen\/spanisch-2\/","url":"https:\/\/wp2.nige.de\/wordpress\/sample-page\/sprachen\/spanisch-2\/","name":"Spanisch - NIGE","isPartOf":{"@id":"https:\/\/wp2.nige.de\/wordpress\/#website"},"primaryImageOfPage":{"@id":"https:\/\/wp2.nige.de\/wordpress\/sample-page\/sprachen\/spanisch-2\/#primaryimage"},"image":{"@id":"https:\/\/wp2.nige.de\/wordpress\/sample-page\/sprachen\/spanisch-2\/#primaryimage"},"thumbnailUrl":"http:\/\/wp2.nige.de\/wordpress\/wp-content\/uploads\/2018\/11\/spain-379535_960_720-e1543389972546.jpg","datePublished":"2013-10-09T12:21:22+00:00","dateModified":"2026-04-14T17:34:44+00:00","breadcrumb":{"@id":"https:\/\/wp2.nige.de\/wordpress\/sample-page\/sprachen\/spanisch-2\/#breadcrumb"},"inLanguage":"de","potentialAction":[{"@type":"ReadAction","target":["https:\/\/wp2.nige.de\/wordpress\/sample-page\/sprachen\/spanisch-2\/"]}]},{"@type":"ImageObject","inLanguage":"de","@id":"https:\/\/wp2.nige.de\/wordpress\/sample-page\/sprachen\/spanisch-2\/#primaryimage","url":"https:\/\/wp2.nige.de\/wordpress\/wp-content\/uploads\/2018\/11\/spain-379535_960_720-e1543389972546.jpg","contentUrl":"https:\/\/wp2.nige.de\/wordpress\/wp-content\/uploads\/2018\/11\/spain-379535_960_720-e1543389972546.jpg","width":816,"height":525},{"@type":"BreadcrumbList","@id":"https:\/\/wp2.nige.de\/wordpress\/sample-page\/sprachen\/spanisch-2\/#breadcrumb","itemListElement":[{"@type":"ListItem","position":1,"name":"Startseite","item":"https:\/\/wp2.nige.de\/wordpress\/"},{"@type":"ListItem","position":2,"name":"NIGE","item":"https:\/\/wp2.nige.de\/wordpress\/sample-page\/"},{"@type":"ListItem","position":3,"name":"Sprachen","item":"https:\/\/wp2.nige.de\/wordpress\/sample-page\/sprachen\/"},{"@type":"ListItem","position":4,"name":"Spanisch"}]},{"@type":"WebSite","@id":"https:\/\/wp2.nige.de\/wordpress\/#website","url":"https:\/\/wp2.nige.de\/wordpress\/","name":"Nieders\u00e4chsisches Internatsgymnasium Esens | NIGE","description":"Nieders\u00e4chsisches Internatsgymnasium Esens","publisher":{"@id":"https:\/\/wp2.nige.de\/wordpress\/#organization"},"potentialAction":[{"@type":"SearchAction","target":{"@type":"EntryPoint","urlTemplate":"https:\/\/wp2.nige.de\/wordpress\/?s={search_term_string}"},"query-input":{"@type":"PropertyValueSpecification","valueRequired":true,"valueName":"search_term_string"}}],"inLanguage":"de"},{"@type":"Organization","@id":"https:\/\/wp2.nige.de\/wordpress\/#organization","name":"Nieders\u00e4chsisches Internatsgymnasium Esens","url":"https:\/\/wp2.nige.de\/wordpress\/","logo":{"@type":"ImageObject","inLanguage":"de","@id":"https:\/\/wp2.nige.de\/wordpress\/#\/schema\/logo\/image\/","url":"https:\/\/wp2.nige.de\/wordpress\/wp-content\/uploads\/2018\/08\/logo_nige.jpg","contentUrl":"https:\/\/wp2.nige.de\/wordpress\/wp-content\/uploads\/2018\/08\/logo_nige.jpg","width":1984,"height":1239,"caption":"Nieders\u00e4chsisches Internatsgymnasium Esens"},"image":{"@id":"https:\/\/wp2.nige.de\/wordpress\/#\/schema\/logo\/image\/"},"sameAs":["https:\/\/www.facebook.com\/NIGEsens\/"]}]}},"_links":{"self":[{"href":"https:\/\/wp2.nige.de\/wordpress\/wp-json\/wp\/v2\/pages\/1564","targetHints":{"allow":["GET"]}}],"collection":[{"href":"https:\/\/wp2.nige.de\/wordpress\/wp-json\/wp\/v2\/pages"}],"about":[{"href":"https:\/\/wp2.nige.de\/wordpress\/wp-json\/wp\/v2\/types\/page"}],"author":[{"embeddable":true,"href":"https:\/\/wp2.nige.de\/wordpress\/wp-json\/wp\/v2\/users\/28"}],"replies":[{"embeddable":true,"href":"https:\/\/wp2.nige.de\/wordpress\/wp-json\/wp\/v2\/comments?post=1564"}],"version-history":[{"count":149,"href":"https:\/\/wp2.nige.de\/wordpress\/wp-json\/wp\/v2\/pages\/1564\/revisions"}],"predecessor-version":[{"id":18482,"href":"https:\/\/wp2.nige.de\/wordpress\/wp-json\/wp\/v2\/pages\/1564\/revisions\/18482"}],"up":[{"embeddable":true,"href":"https:\/\/wp2.nige.de\/wordpress\/wp-json\/wp\/v2\/pages\/156"}],"wp:attachment":[{"href":"https:\/\/wp2.nige.de\/wordpress\/wp-json\/wp\/v2\/media?parent=1564"}],"curies":[{"name":"wp","href":"https:\/\/api.w.org\/{rel}","templated":true}]}}