{"id":1561,"date":"2013-10-09T14:20:15","date_gmt":"2013-10-09T12:20:15","guid":{"rendered":"http:\/\/wordpress.nige.de\/wordpress\/?page_id=1561"},"modified":"2025-02-02T19:57:42","modified_gmt":"2025-02-02T18:57:42","slug":"franzoesisch","status":"publish","type":"page","link":"https:\/\/wp2.nige.de\/wordpress\/sample-page\/sprachen\/franzoesisch\/","title":{"rendered":"Franz\u00f6sisch"},"content":{"rendered":"<h4><strong><span style=\"color: #000080;\">Fachkollegium<\/span><\/strong><\/h4>\n<p>Mareike Busch<br \/>\nAstrid Canterino<br \/>\nHelen Cornelius<br \/>\nHannah Geistert<br \/>\nTanja Harms, Fachkonferenzleiterin<br \/>\nHelke Krieger<br \/>\nAntje Peters<\/p>\n<h4><strong><span style=\"color: #000080;\">Kerncurricula<\/span><\/strong><\/h4>\n<p><a href=\"http:\/\/wp2.nige.de\/wordpress\/wp-content\/uploads\/2018\/08\/KC-I.pdf\">Kerncurriculum I (Jahrgang 6 &#8211; 10)<\/a><br \/>\n<a href=\"http:\/\/wp2.nige.de\/wordpress\/wp-content\/uploads\/2018\/08\/KC-II.pdf\">Kerncurriculum II (Gymnasiale Oberstufe)<\/a><\/p>\n<h4><span style=\"color: #333399;\"><strong>Schulcurriculum<\/strong><\/span><\/h4>\n<p><a href=\"http:\/\/wp2.nige.de\/wordpress\/wp-content\/uploads\/2018\/08\/Jahrgang-6-mit-Lehrwerk-D\u00e9couvertes-S\u00e9rie-jaune-Bd-1.pdf\">Jahrgang 6<\/a><br \/>\n<a href=\"http:\/\/wp2.nige.de\/wordpress\/wp-content\/uploads\/2018\/08\/Jahrgang-7-mit-Lehrwerk-D\u00e9couvertes-S\u00e9rie-jaune-Bd-2.pdf\">Jahrgang 7<\/a><br \/>\n<a href=\"http:\/\/wp2.nige.de\/wordpress\/wp-content\/uploads\/2018\/08\/Jahrgang-8-mit-Lehrwerk-D\u00e9couvertes-S\u00e9rie-jaune-Bd-23.pdf\">Jahrgang 8<\/a>&nbsp;<br \/>\n<a href=\"http:\/\/wp2.nige.de\/wordpress\/wp-content\/uploads\/2018\/08\/Jahrgang-9-mit-Lehrwerk-D\u00e9couvertes-S\u00e9rie-jaune-Bd-3.pdf\">Jahrgang 9<\/a>&nbsp;<br \/>\n<a href=\"http:\/\/wp2.nige.de\/wordpress\/wp-content\/uploads\/2018\/08\/Jahrgang10-mit-Lehrwerk-D\u00e9couvertes-S\u00e9rie-jaune-Bd-4.pdf\">Jahrgang 10<\/a>&nbsp;<\/p>\n<h4><span style=\"color: #000080;\"><strong>Abitur<\/strong><\/span><\/h4>\n<p><a href=\"http:\/\/wp2.nige.de\/wordpress\/wp-content\/uploads\/2013\/10\/Abitur-2016.pdf\" rel=\"\">Abitur 2016<\/a><br \/>\n<a href=\"http:\/\/wp2.nige.de\/wordpress\/wp-content\/uploads\/2013\/10\/Abitur-2017.pdf\" rel=\"\">Abitur 2017<\/a><br \/>\n<a href=\"http:\/\/wp2.nige.de\/wordpress\/wp-content\/uploads\/2013\/10\/Abitur-2018.pdf\" rel=\"\">Abitur 2018<\/a><br \/>\n<a href=\"http:\/\/wp2.nige.de\/wordpress\/wp-content\/uploads\/2018\/08\/03FranzoesischHinweise2019.pdf\">Abitur 2019<\/a><br \/>\n<a href=\"http:\/\/wp2.nige.de\/wordpress\/wp-content\/uploads\/2018\/08\/03Franz\u00f6sischHinweise2020.pdf\">Abitur 2020<\/a><br \/>\n<a href=\"http:\/\/wp2.nige.de\/wordpress\/wp-content\/uploads\/2018\/08\/03Franz\u00f6sischHinweise2021.pdf\">Abitur 2021<\/a><br \/>\n<a href=\"https:\/\/wp2.nige.de\/wordpress\/wp-content\/uploads\/2021\/05\/FR_2021Abi_Operatoren.pdf\">Operatoren<\/a><br \/>\n<a href=\"http:\/\/wp2.nige.de\/wordpress\/wp-content\/uploads\/2018\/08\/2017_Erlass_ZA_Bewertung_FS.pdf\">Aufgabenformate und Bewertung<\/a><\/p>\n<div>\n<h4><strong><span style=\"color: #000080;\">Partnerschule in Frankreich<br \/>\n<\/span><\/strong><\/h4>\n<div>\n<p class=\"Textbody\" style=\"margin-bottom: 0cm;\"><span style=\"font-family: 'Arial, sans-serif',sans-serif;\">Lyc\u00e9e Paul Duez, Cambrai<\/span><\/p>\n<\/div>\n<div>&nbsp;<\/div>\n<div>\n<p style=\"text-align: justify;\">Cambrai, eine Stadt mit ca. 32.000 Einwohnern, liegt zwischen der belgischen Hauptstadt Br\u00fcssel und Paris im D\u00e9partement Nord-Pas-de-Calais, eine Region, die sp\u00e4testens seit dem Filmhit \u201eWillkommen bei den Sch&#8217;tis\u201c bekannt und beliebt geworden ist. Lille, die sch\u00f6ne nordfranz\u00f6sische Gro\u00dfstadt mit dem Beinamen \u201eHauptstadt von Flandern\u201c ist ebenfalls nicht weit entfernt.<\/p>\n<p style=\"text-align: justify;\">W\u00e4hrend Cambrai fr\u00fcher ein Zentrum der Textilindustrie war, dominieren heute der Dienstleistungssektor sowie die Landwirtschaft mit ihren vor- und nachgelagerten Bereichen. Hier, in der Stadt des franz\u00f6sischen Luftfahrtpioniers Louis Bl\u00e9riot, haben unsere Sch\u00fclerinnen und Sch\u00fcler die Gelegenheit, das Leben im franz\u00f6sischen Kulturkreis kennen zu lernen und ihre erworbenen Sprachkenntnisse in den Familien ihrer Austauschpartner und -Partnerinnen anzuwenden und neue Freundschaften zu schlie\u00dfen.<\/p>\n<\/div>\n<div>&nbsp;<\/div>\n<table border=\"0\" cellspacing=\"5\" cellpadding=\"0\">\n<tbody>\n<tr>\n<td>\n<div>\n<p>Lyc\u00e9e Paul Duez<\/p>\n<p>1 Bd Paul Bezin<\/p>\n<p>59400 Cambrai, Frankreich<\/p>\n<p>Das Lyc\u00e9e Paul Duez ist Teil eines Schulzentrums mit Coll\u00e8ge (Sekundarstufe I), Oberstufengymnasium und Berufsschule.<\/p>\n<p><a href=\"https:\/\/lgt-paul-duez-cambrai.59.ac-lille.fr\/\">https:\/\/lgt-paul-duez-cambrai.59.ac-lille.fr\/<\/a><\/p>\n<\/div>\n<\/td>\n<\/tr>\n<\/tbody>\n<\/table>\n<div>&nbsp;<\/div>\n<\/div>\n<div>\n<h4><strong><span style=\"color: #000080;\">DELF<\/span><\/strong><\/h4>\n<\/div>\n<div>&nbsp;<\/div>\n<div>\n<div><b>Was ist DELF?<\/b><\/div>\n<div>&nbsp;<\/div>\n<div>DELF scolaire-Zertifikate sind staatliche Sprachdiplome, die vom franz\u00f6sischen Erziehungsministerium vergeben werden. Sie sind standardisiert und werden in der ganzen Welt anerkannt. Je nach Lernstand k\u00f6nnen Zertifikate verschiedener Leistungsniveaus von A1 bis B2 unabh\u00e4ngig voneinander erworben werden.<\/div>\n<div>Die Pr\u00fcfung, die meist im Juni abgenommen wird, testet die vier kommunikativen Kompetenzen: H\u00f6rverstehen, Leseverst\u00e4ndnis, m\u00fcndlicher und schriftlicher Ausdruck.<\/div>\n<div>&nbsp;<\/div>\n<div>&nbsp;<\/div>\n<div><b>Wer kann teilnehmen?<\/b><\/div>\n<div>&nbsp;<\/div>\n<div>Die zweist\u00fcndige AG wendet sich an alle Sch\u00fclerinnen und Sch\u00fcler, die Spa\u00df daran haben, sich auf Franz\u00f6sisch mitzuteilen, die gerne franz\u00f6sisch sprechen, h\u00f6ren, lesen und schreiben und dabei die Verst\u00e4ndigung in grundlegenden Kommunikationssituationen \u00fcben wollen. Eine regelm\u00e4\u00dfige Teilnahme wird erwartet, aber die Schulnote ist nicht wichtig, weil DELF die F\u00e4higkeit sich zu verst\u00e4ndigen in den Vordergrund stellt und Grammatik- und Rechtschreibf\u00e4higkeiten nicht direkt \u00fcberpr\u00fcft werden. Gute Kenntnisse sind aber kein Hindernis J.<\/div>\n<div>Da es sich bei der DELF scolaire &#8211; Pr\u00fcfung um eine au\u00dferschulische Pr\u00fcfung handelt, werden hierf\u00fcr jedem Teilnehmer je nach Niveau Kosten in H\u00f6he von 30 \u20ac bis 75 \u20ac f\u00fcr die Anmeldung entstehen.<\/div>\n<div>Bereits nach anderthalb Jahren Franz\u00f6sischunterricht haben alle Sch\u00fclerinnen und Schuler das Niveau A 1 erreicht. Je nach F\u00e4higkeit und Motivation kann die A 2 \u2013Pr\u00fcfung bereits in der achten Klasse angestrebt werden. Das Niveau B1 kann in der neunten Klasse, B 2 in der Oberstufe erreicht werden. Besonders engagierte Sch\u00fclerinnen und Sch\u00fcler, die eventuell bereits f\u00fcr einige Zeit in Frankreich gelebt haben, k\u00f6nnen auch das Niveau C 1 oder C 2 erreichen und eine erfolgreiche DELF- Pr\u00fcfung ablegen.<\/div>\n<div><b>Welche Vorteile bietet das DELF scolaire?<br \/>\n<\/b><\/div>\n<div>Die Sch\u00fclerinnen und Sch\u00fcler erwerben ein international anerkanntes Zertifikat, das ihnen \u2013 als Erg\u00e4nzung zu den deutschen staatlichen Pr\u00fcfungen \u2013 sehr von Nutzen sein kann. Es hilft in vielen Situationen, in denen Franz\u00f6sischkenntnisse nachzuweisen sind: Studium, Praktikumssuche und Beruf.<\/div>\n<div>Auch au\u00dferhalb Esens und Deutschlands k\u00f6nnen sprachliche Kompetenzen nachgewiesen werden, die klar definiert und weltweit anerkannt sind.<\/div>\n<div>&nbsp;<\/div>\n<div>&nbsp;<\/div>\n<div><strong>On y va \u2013 Auf geht\u2019s!!!!<\/strong><\/div>\n<\/div>\n","protected":false},"excerpt":{"rendered":"<p>Fachkollegium Mareike Busch Astrid Canterino Helen Cornelius Hannah Geistert Tanja Harms, Fachkonferenzleiterin Helke Krieger Antje Peters Kerncurricula Kerncurriculum I (Jahrgang 6 &#8211; 10) Kerncurriculum II (Gymnasiale Oberstufe) Schulcurriculum Jahrgang 6 Jahrgang 7 Jahrgang 8&nbsp; Jahrgang 9&nbsp; Jahrgang 10&nbsp; Abitur Abitur 2016 Abitur 2017 Abitur 2018 Abitur&#46;&#46;&#46;<\/p>\n","protected":false},"author":28,"featured_media":0,"parent":156,"menu_order":0,"comment_status":"open","ping_status":"open","template":"","meta":{"ngg_post_thumbnail":0,"footnotes":""},"class_list":["post-1561","page","type-page","status-publish","hentry"],"yoast_head":"<!-- This site is optimized with the Yoast SEO plugin v27.5 - https:\/\/yoast.com\/product\/yoast-seo-wordpress\/ -->\n<title>Franz\u00f6sisch - NIGE<\/title>\n<meta name=\"robots\" content=\"index, follow, max-snippet:-1, max-image-preview:large, max-video-preview:-1\" \/>\n<link rel=\"canonical\" href=\"https:\/\/wp2.nige.de\/wordpress\/sample-page\/sprachen\/franzoesisch\/\" \/>\n<meta property=\"og:locale\" content=\"de_DE\" \/>\n<meta property=\"og:type\" content=\"article\" \/>\n<meta property=\"og:title\" content=\"Franz\u00f6sisch - NIGE\" \/>\n<meta property=\"og:description\" content=\"Fachkollegium Mareike Busch Astrid Canterino Helen Cornelius Hannah Geistert Tanja Harms, Fachkonferenzleiterin Helke Krieger Antje Peters Kerncurricula Kerncurriculum I (Jahrgang 6 &#8211; 10) Kerncurriculum II (Gymnasiale Oberstufe) Schulcurriculum Jahrgang 6 Jahrgang 7 Jahrgang 8&nbsp; Jahrgang 9&nbsp; Jahrgang 10&nbsp; Abitur Abitur 2016 Abitur 2017 Abitur 2018 Abitur&#046;&#046;&#046;\" \/>\n<meta property=\"og:url\" content=\"https:\/\/wp2.nige.de\/wordpress\/sample-page\/sprachen\/franzoesisch\/\" \/>\n<meta property=\"og:site_name\" content=\"NIGE\" \/>\n<meta property=\"article:publisher\" content=\"https:\/\/www.facebook.com\/NIGEsens\/\" \/>\n<meta property=\"article:modified_time\" content=\"2025-02-02T18:57:42+00:00\" \/>\n<meta name=\"twitter:card\" content=\"summary_large_image\" \/>\n<meta name=\"twitter:label1\" content=\"Gesch\u00e4tzte Lesezeit\" \/>\n\t<meta name=\"twitter:data1\" content=\"3\u00a0Minuten\" \/>\n<script type=\"application\/ld+json\" class=\"yoast-schema-graph\">{\"@context\":\"https:\\\/\\\/schema.org\",\"@graph\":[{\"@type\":\"WebPage\",\"@id\":\"https:\\\/\\\/wp2.nige.de\\\/wordpress\\\/sample-page\\\/sprachen\\\/franzoesisch\\\/\",\"url\":\"https:\\\/\\\/wp2.nige.de\\\/wordpress\\\/sample-page\\\/sprachen\\\/franzoesisch\\\/\",\"name\":\"Franz\u00f6sisch - NIGE\",\"isPartOf\":{\"@id\":\"https:\\\/\\\/wp2.nige.de\\\/wordpress\\\/#website\"},\"datePublished\":\"2013-10-09T12:20:15+00:00\",\"dateModified\":\"2025-02-02T18:57:42+00:00\",\"breadcrumb\":{\"@id\":\"https:\\\/\\\/wp2.nige.de\\\/wordpress\\\/sample-page\\\/sprachen\\\/franzoesisch\\\/#breadcrumb\"},\"inLanguage\":\"de\",\"potentialAction\":[{\"@type\":\"ReadAction\",\"target\":[\"https:\\\/\\\/wp2.nige.de\\\/wordpress\\\/sample-page\\\/sprachen\\\/franzoesisch\\\/\"]}]},{\"@type\":\"BreadcrumbList\",\"@id\":\"https:\\\/\\\/wp2.nige.de\\\/wordpress\\\/sample-page\\\/sprachen\\\/franzoesisch\\\/#breadcrumb\",\"itemListElement\":[{\"@type\":\"ListItem\",\"position\":1,\"name\":\"Startseite\",\"item\":\"https:\\\/\\\/wp2.nige.de\\\/wordpress\\\/\"},{\"@type\":\"ListItem\",\"position\":2,\"name\":\"NIGE\",\"item\":\"https:\\\/\\\/wp2.nige.de\\\/wordpress\\\/sample-page\\\/\"},{\"@type\":\"ListItem\",\"position\":3,\"name\":\"Sprachen\",\"item\":\"https:\\\/\\\/wp2.nige.de\\\/wordpress\\\/sample-page\\\/sprachen\\\/\"},{\"@type\":\"ListItem\",\"position\":4,\"name\":\"Franz\u00f6sisch\"}]},{\"@type\":\"WebSite\",\"@id\":\"https:\\\/\\\/wp2.nige.de\\\/wordpress\\\/#website\",\"url\":\"https:\\\/\\\/wp2.nige.de\\\/wordpress\\\/\",\"name\":\"Nieders\u00e4chsisches Internatsgymnasium Esens | NIGE\",\"description\":\"Nieders\u00e4chsisches Internatsgymnasium Esens\",\"publisher\":{\"@id\":\"https:\\\/\\\/wp2.nige.de\\\/wordpress\\\/#organization\"},\"potentialAction\":[{\"@type\":\"SearchAction\",\"target\":{\"@type\":\"EntryPoint\",\"urlTemplate\":\"https:\\\/\\\/wp2.nige.de\\\/wordpress\\\/?s={search_term_string}\"},\"query-input\":{\"@type\":\"PropertyValueSpecification\",\"valueRequired\":true,\"valueName\":\"search_term_string\"}}],\"inLanguage\":\"de\"},{\"@type\":\"Organization\",\"@id\":\"https:\\\/\\\/wp2.nige.de\\\/wordpress\\\/#organization\",\"name\":\"Nieders\u00e4chsisches Internatsgymnasium Esens\",\"url\":\"https:\\\/\\\/wp2.nige.de\\\/wordpress\\\/\",\"logo\":{\"@type\":\"ImageObject\",\"inLanguage\":\"de\",\"@id\":\"https:\\\/\\\/wp2.nige.de\\\/wordpress\\\/#\\\/schema\\\/logo\\\/image\\\/\",\"url\":\"https:\\\/\\\/wp2.nige.de\\\/wordpress\\\/wp-content\\\/uploads\\\/2018\\\/08\\\/logo_nige.jpg\",\"contentUrl\":\"https:\\\/\\\/wp2.nige.de\\\/wordpress\\\/wp-content\\\/uploads\\\/2018\\\/08\\\/logo_nige.jpg\",\"width\":1984,\"height\":1239,\"caption\":\"Nieders\u00e4chsisches Internatsgymnasium Esens\"},\"image\":{\"@id\":\"https:\\\/\\\/wp2.nige.de\\\/wordpress\\\/#\\\/schema\\\/logo\\\/image\\\/\"},\"sameAs\":[\"https:\\\/\\\/www.facebook.com\\\/NIGEsens\\\/\"]}]}<\/script>\n<!-- \/ Yoast SEO plugin. -->","yoast_head_json":{"title":"Franz\u00f6sisch - NIGE","robots":{"index":"index","follow":"follow","max-snippet":"max-snippet:-1","max-image-preview":"max-image-preview:large","max-video-preview":"max-video-preview:-1"},"canonical":"https:\/\/wp2.nige.de\/wordpress\/sample-page\/sprachen\/franzoesisch\/","og_locale":"de_DE","og_type":"article","og_title":"Franz\u00f6sisch - NIGE","og_description":"Fachkollegium Mareike Busch Astrid Canterino Helen Cornelius Hannah Geistert Tanja Harms, Fachkonferenzleiterin Helke Krieger Antje Peters Kerncurricula Kerncurriculum I (Jahrgang 6 &#8211; 10) Kerncurriculum II (Gymnasiale Oberstufe) Schulcurriculum Jahrgang 6 Jahrgang 7 Jahrgang 8&nbsp; Jahrgang 9&nbsp; Jahrgang 10&nbsp; Abitur Abitur 2016 Abitur 2017 Abitur 2018 Abitur&#46;&#46;&#46;","og_url":"https:\/\/wp2.nige.de\/wordpress\/sample-page\/sprachen\/franzoesisch\/","og_site_name":"NIGE","article_publisher":"https:\/\/www.facebook.com\/NIGEsens\/","article_modified_time":"2025-02-02T18:57:42+00:00","twitter_card":"summary_large_image","twitter_misc":{"Gesch\u00e4tzte Lesezeit":"3\u00a0Minuten"},"schema":{"@context":"https:\/\/schema.org","@graph":[{"@type":"WebPage","@id":"https:\/\/wp2.nige.de\/wordpress\/sample-page\/sprachen\/franzoesisch\/","url":"https:\/\/wp2.nige.de\/wordpress\/sample-page\/sprachen\/franzoesisch\/","name":"Franz\u00f6sisch - NIGE","isPartOf":{"@id":"https:\/\/wp2.nige.de\/wordpress\/#website"},"datePublished":"2013-10-09T12:20:15+00:00","dateModified":"2025-02-02T18:57:42+00:00","breadcrumb":{"@id":"https:\/\/wp2.nige.de\/wordpress\/sample-page\/sprachen\/franzoesisch\/#breadcrumb"},"inLanguage":"de","potentialAction":[{"@type":"ReadAction","target":["https:\/\/wp2.nige.de\/wordpress\/sample-page\/sprachen\/franzoesisch\/"]}]},{"@type":"BreadcrumbList","@id":"https:\/\/wp2.nige.de\/wordpress\/sample-page\/sprachen\/franzoesisch\/#breadcrumb","itemListElement":[{"@type":"ListItem","position":1,"name":"Startseite","item":"https:\/\/wp2.nige.de\/wordpress\/"},{"@type":"ListItem","position":2,"name":"NIGE","item":"https:\/\/wp2.nige.de\/wordpress\/sample-page\/"},{"@type":"ListItem","position":3,"name":"Sprachen","item":"https:\/\/wp2.nige.de\/wordpress\/sample-page\/sprachen\/"},{"@type":"ListItem","position":4,"name":"Franz\u00f6sisch"}]},{"@type":"WebSite","@id":"https:\/\/wp2.nige.de\/wordpress\/#website","url":"https:\/\/wp2.nige.de\/wordpress\/","name":"Nieders\u00e4chsisches Internatsgymnasium Esens | NIGE","description":"Nieders\u00e4chsisches Internatsgymnasium Esens","publisher":{"@id":"https:\/\/wp2.nige.de\/wordpress\/#organization"},"potentialAction":[{"@type":"SearchAction","target":{"@type":"EntryPoint","urlTemplate":"https:\/\/wp2.nige.de\/wordpress\/?s={search_term_string}"},"query-input":{"@type":"PropertyValueSpecification","valueRequired":true,"valueName":"search_term_string"}}],"inLanguage":"de"},{"@type":"Organization","@id":"https:\/\/wp2.nige.de\/wordpress\/#organization","name":"Nieders\u00e4chsisches Internatsgymnasium Esens","url":"https:\/\/wp2.nige.de\/wordpress\/","logo":{"@type":"ImageObject","inLanguage":"de","@id":"https:\/\/wp2.nige.de\/wordpress\/#\/schema\/logo\/image\/","url":"https:\/\/wp2.nige.de\/wordpress\/wp-content\/uploads\/2018\/08\/logo_nige.jpg","contentUrl":"https:\/\/wp2.nige.de\/wordpress\/wp-content\/uploads\/2018\/08\/logo_nige.jpg","width":1984,"height":1239,"caption":"Nieders\u00e4chsisches Internatsgymnasium Esens"},"image":{"@id":"https:\/\/wp2.nige.de\/wordpress\/#\/schema\/logo\/image\/"},"sameAs":["https:\/\/www.facebook.com\/NIGEsens\/"]}]}},"_links":{"self":[{"href":"https:\/\/wp2.nige.de\/wordpress\/wp-json\/wp\/v2\/pages\/1561","targetHints":{"allow":["GET"]}}],"collection":[{"href":"https:\/\/wp2.nige.de\/wordpress\/wp-json\/wp\/v2\/pages"}],"about":[{"href":"https:\/\/wp2.nige.de\/wordpress\/wp-json\/wp\/v2\/types\/page"}],"author":[{"embeddable":true,"href":"https:\/\/wp2.nige.de\/wordpress\/wp-json\/wp\/v2\/users\/28"}],"replies":[{"embeddable":true,"href":"https:\/\/wp2.nige.de\/wordpress\/wp-json\/wp\/v2\/comments?post=1561"}],"version-history":[{"count":52,"href":"https:\/\/wp2.nige.de\/wordpress\/wp-json\/wp\/v2\/pages\/1561\/revisions"}],"predecessor-version":[{"id":16218,"href":"https:\/\/wp2.nige.de\/wordpress\/wp-json\/wp\/v2\/pages\/1561\/revisions\/16218"}],"up":[{"embeddable":true,"href":"https:\/\/wp2.nige.de\/wordpress\/wp-json\/wp\/v2\/pages\/156"}],"wp:attachment":[{"href":"https:\/\/wp2.nige.de\/wordpress\/wp-json\/wp\/v2\/media?parent=1561"}],"curies":[{"name":"wp","href":"https:\/\/api.w.org\/{rel}","templated":true}]}}