{"id":1559,"date":"2013-10-09T14:19:53","date_gmt":"2013-10-09T12:19:53","guid":{"rendered":"http:\/\/wordpress.nige.de\/wordpress\/?page_id=1559"},"modified":"2026-01-20T20:28:01","modified_gmt":"2026-01-20T19:28:01","slug":"englisch","status":"publish","type":"page","link":"https:\/\/wp2.nige.de\/wordpress\/sample-page\/sprachen\/englisch\/","title":{"rendered":"Englisch"},"content":{"rendered":"<p><a href=\"https:\/\/wp2.nige.de\/wordpress\/wp-content\/uploads\/2021\/11\/fs-eng.png\"><img loading=\"lazy\" decoding=\"async\" class=\"aligncenter wp-image-12396\" src=\"https:\/\/wp2.nige.de\/wordpress\/wp-content\/uploads\/2021\/11\/fs-eng.png\" alt=\"\" width=\"573\" height=\"573\" srcset=\"https:\/\/wp2.nige.de\/wordpress\/wp-content\/uploads\/2021\/11\/fs-eng.png 1024w, https:\/\/wp2.nige.de\/wordpress\/wp-content\/uploads\/2021\/11\/fs-eng-300x300.png 300w, https:\/\/wp2.nige.de\/wordpress\/wp-content\/uploads\/2021\/11\/fs-eng-80x80.png 80w, https:\/\/wp2.nige.de\/wordpress\/wp-content\/uploads\/2021\/11\/fs-eng-320x320.png 320w\" sizes=\"auto, (max-width: 573px) 100vw, 573px\" \/><\/a><\/p>\n<h4><span style=\"color: #000080;\"><strong>Fachkollegium<\/strong><\/span><\/h4>\n<p><span style=\"color: #000080;\"><strong>Unterrichtende:<\/strong> <\/span><\/p>\n<p>Frau Barbara Glittenberg (Fachkonferenzleiterin)<br \/>\nFrau Ricarda Grewe<br \/>\nFrau Tanja Harms<br \/>\nHerr Alexander Hesse<br \/>\nFrau Milena Heyen<br \/>\nFrau Nora Junkmann<br \/>\nFrau D\u00f6rte Ke\u00dfler<br \/>\nHerr Sascha Kortekamp<br \/>\nFrau Christina Koltermann<br \/>\nHerr Karsten Litty<br \/>\nFrau Ulrike Lotzmann<br \/>\nHerr Felix Reinecke (Referendar)<br \/>\nFrau Katja Roolfs<br \/>\nFrau Elaine Schneider<br \/>\nFrau Angelika Schwemm<br \/>\nFrau Kathrin Seggermann<br \/>\nHerr Andreas Stekker<br \/>\nHerr Ingo Tusche<br \/>\nFrau Christiane Wiehl<\/p>\n<h2><strong><span style=\"color: #000080;\">Unterrichtsinhalte<\/span><\/strong><\/h2>\n<p>Der Unterricht in den <strong>Schuljahrg\u00e4ngen 5 \u2013 10<\/strong> wird auf Grundlage des <strong>Kerncurriculum Englisch Gymnasium \u2013 Sek I vom 01.08.2015 und dem Kerncurriculum mit pandemiebedingten Hinweisen und Priorisierungen Englisch Gymnasium \u2013 Sek I vom 01.08.2021 <\/strong>erteilt.<\/p>\n<p>Details sind abrufbar unter folgenden Links:<\/p>\n<p><a href=\"https:\/\/www.cuvo.nibis.de\/cuvo.php?p=detail_view&amp;docid=1197&amp;k0_0=Schulbereich&amp;v0_0=Sek%20I&amp;k0_1=Fach&amp;v0_1=Englisch\">https:\/\/www.cuvo.nibis.de\/cuvo.php?p=detail_view&amp;docid=1197&amp;k0_0=Schulbereich&amp;v0_0=Sek%20I&amp;k0_1=Fach&amp;v0_1=Englisch<\/a><\/p>\n<p><a href=\"https:\/\/www.cuvo.nibis.de\/cuvo.php?p=detail_view&amp;docid=1410&amp;k0_0=Schulbereich&amp;v0_0=Sek%20I&amp;k0_1=Fach&amp;v0_1=Englisch\">https:\/\/www.cuvo.nibis.de\/cuvo.php?p=detail_view&amp;docid=1410&amp;k0_0=Schulbereich&amp;v0_0=Sek%20I&amp;k0_1=Fach&amp;v0_1=Englisch<\/a><\/p>\n<p>Grundlage f\u00fcr die Arbeit in der <strong>gymnasialen Oberstufe<\/strong> ist das <strong>Kerncurriculum Englisch Sek. II vom 01.08.2018<\/strong>.<\/p>\n<p>Details sind hier abrufbar:<\/p>\n<p><a href=\"https:\/\/www.cuvo.nibis.de\/cuvo.php?p=detail_view&amp;docid=1132&amp;k0_0=Schulbereich&amp;v0_0=Sek%20II&amp;k0_1=Fach&amp;v0_1=Englisch\">https:\/\/www.cuvo.nibis.de\/cuvo.php?p=detail_view&amp;docid=1132&amp;k0_0=Schulbereich&amp;v0_0=Sek%20II&amp;k0_1=Fach&amp;v0_1=Englisch<\/a><\/p>\n<h4><strong><span style=\"color: #000080;\">Schulcurriculum<\/span><\/strong><\/h4>\n<p>Die curricularen Vorgaben werden in den schuleigenen Arbeitspl\u00e4nen (SAP) unter Ber\u00fccksichtigung des genutzten Lehrwerkes f\u00fcr jeden Jahrgang konkretisiert.<\/p>\n<p><a href=\"https:\/\/wp2.nige.de\/wordpress\/wp-content\/uploads\/2024\/11\/2024-Arbeitsplan-Klasse-5.pdf\">Arbeitsplan &#8211; Klasse 5<\/a> (.pdf)<br \/>\n<a href=\"https:\/\/wp2.nige.de\/wordpress\/wp-content\/uploads\/2024\/11\/2024-Arbeitsplan-Klasse-6.pdf\">Arbeitsplan &#8211; Klasse 6<\/a> (.pdf)<br \/>\n<a href=\"https:\/\/wp2.nige.de\/wordpress\/wp-content\/uploads\/2024\/11\/2024-Arbeitsplan-Klasse-7.pdf\">Arbeitsplan &#8211; Klasse 7<\/a> (.pdf)<br \/>\n<a href=\"https:\/\/wp2.nige.de\/wordpress\/wp-content\/uploads\/2024\/11\/2024-Arbeitsplan-Klasse-8.pdf\">Arbeitsplan &#8211; Klasse 8<\/a> (.pdf)<br \/>\n<a href=\"https:\/\/wp2.nige.de\/wordpress\/wp-content\/uploads\/2024\/11\/2018-Arbeitsplan-Klasse-9.pdf\">Arbeitsplan &#8211; Klasse 9<\/a> (.pdf)<br \/>\n<a href=\"https:\/\/wp2.nige.de\/wordpress\/wp-content\/uploads\/2024\/11\/2021-Arbeitsplan-Klasse-10.pdf\">Arbeitsplan &#8211; Klasse 10<\/a> (.pdf)<br \/>\n<a href=\"https:\/\/wp2.nige.de\/wordpress\/wp-content\/uploads\/2021\/11\/2018-Arbeitsplan-Klasse-11.pdf\">Arbeitsplan &#8211; Klasse 11<\/a> (.pdf)<\/p>\n<h4><strong><span style=\"color: #000080;\">Lehrwerke<\/span><\/strong><\/h4>\n<p>Am NIGE wird in der <strong>Sekundarstufe I<\/strong> und der <strong>Einf\u00fchrungsphase<\/strong> der Oberstufe im Schuljahr 2024 \/ 25 mit folgenden Lehrwerken gearbeitet:<\/p>\n<p>Jahrg\u00e4nge 5 bis 8 &nbsp;&nbsp;&nbsp;&nbsp; Klett Green Line G9 mit dem dazugeh\u00f6rigen <em>workbook<\/em><br \/>\n&nbsp; &nbsp; &nbsp; &nbsp; &nbsp; &nbsp; &nbsp; &nbsp; &nbsp; &nbsp; &nbsp; &nbsp; &nbsp; &nbsp; &nbsp; &nbsp; &nbsp; &nbsp; Das Lehrwerk wird aufsteigend bis zum Jahrgang 10 eingef\u00fchrt.<br \/>\n&nbsp; &nbsp; &nbsp; &nbsp; &nbsp; &nbsp; &nbsp; &nbsp; &nbsp; &nbsp; &nbsp; &nbsp; &nbsp; &nbsp; &nbsp; &nbsp; &nbsp; &nbsp; (Beschluss vom 29.04.2020)<br \/>\nJahrg\u00e4nge 9 bis 10&nbsp;&nbsp;&nbsp;&nbsp; Cornelsen English G \u2013 access<br \/>\nJahrgang 11&nbsp;&nbsp;&nbsp;&nbsp;&nbsp;&nbsp;&nbsp;&nbsp;&nbsp;&nbsp;&nbsp;&nbsp;&nbsp;&nbsp;&nbsp; Klett Transition (Beschluss vom 09.04.2018)<\/p>\n<p>In den Grund- und Schwerpunktkursen der <strong>Sekundarstufe II<\/strong> entscheiden die dort unterrichtenden Lehrkr\u00e4fte individuell und flexibel ob und welches zus\u00e4tzlich zu den Hinweisen zur schriftlichen Abiturpr\u00fcfung verpflichtend vorgegebenen Materialien im jeweiligen Kurs ein Lehrwerk oder Arbeitsheft verwendet werden soll. Die in dem jeweiligen Jahrgang unterrichtenden Lehrkr\u00e4fte einigen sich nach M\u00f6glichkeit auf ein einheitliches Lehrwerk. (Beschluss vom 04.11.2020)<\/p>\n<h4><strong><span style=\"color: #000080;\">Abitur<\/span><\/strong><\/h4>\n<ul>\n<li>Erlass Kombinierte Aufgaben in den modernen Fremdsprachen(Erlass vom 07.05.2018): <a href=\"https:\/\/www.nibis.de\/uploads\/1gohrgs\/za2021\/2018_Erlass_ZA_Bewertung_FS.pdf\">https:\/\/www.nibis.de\/uploads\/1gohrgs\/za2021\/2018_Erlass_ZA_Bewertung_FS.pdf<\/a><\/li>\n<li>Operatoren: <a href=\"https:\/\/www.nibis.de\/uploads\/mk-bolhoefer\/2021\/EN_2021Abi_Operatoren.pdf\">https:\/\/www.nibis.de\/uploads\/mk-bolhoefer\/2021\/EN_2021Abi_Operatoren.pdf<\/a><\/li>\n<li>Hinweise zur schriftlichen Abiturpr\u00fcfung 2025: <a href=\"https:\/\/bildungsportal-niedersachsen.de\/fileadmin\/4_Allgemeinbildung\/Zentrale_Arbeiten\/2025\/02HinweiseEnglisch2025.pdf\">https:\/\/bildungsportal-niedersachsen.de\/fileadmin\/4_Allgemeinbildung\/Zentrale_Arbeiten\/2025\/02HinweiseEnglisch2025.pdf<\/a><\/li>\n<li>Hinweise zur schriftlichen Abiturpr\u00fcfung 2025: <a href=\"https:\/\/bildungsportal-niedersachsen.de\/fileadmin\/4_Allgemeinbildung\/Zentrale_Arbeiten\/2025\/02EnglischHinweise_2025_062023.pdf\">https:\/\/bildungsportal-niedersachsen.de\/fileadmin\/4_Allgemeinbildung\/Zentrale_Arbeiten\/2025\/02EnglischHinweise_2025_062023.pdf<\/a><\/li>\n<li>Hinweise zur schriftlichen Abiturpr\u00fcfung 2026: <a href=\"https:\/\/bildungsportal-niedersachsen.de\/fileadmin\/4_Allgemeinbildung\/Zentrale_Arbeiten\/2026\/02_EnglischHinweise2026.pdf\">https:\/\/bildungsportal-niedersachsen.de\/fileadmin\/4_Allgemeinbildung\/Zentrale_Arbeiten\/2026\/02_EnglischHinweise2026.pdf<\/a><\/li>\n<li>Hinweise zur schriftlichen Abiturpr\u00fcfung 2027: <a href=\"https:\/\/bildungsportal-niedersachsen.de\/fileadmin\/4_Allgemeinbildung\/Zentrale_Arbeiten\/2027\/02_Englisch_Hinweise_2027.pdf\">https:\/\/bildungsportal-niedersachsen.de\/fileadmin\/4_Allgemeinbildung\/Zentrale_Arbeiten\/2027\/02_Englisch_Hinweise_2027.pdf<\/a><\/li>\n<\/ul>\n<h4><strong><span style=\"color: #000080;\">Bewertung<\/span><\/strong><\/h4>\n<p><span style=\"color: #000080;\"><strong>Sekundarstufe I<\/strong><\/span><\/p>\n<p>In den Klassenarbeiten der Sek I werden die Kompetenzen <em>listening<\/em> (H\u00f6r- \/ H\u00f6r-Sehverstehen), <em>reading <\/em>(Leseverstehen), <em>writing<\/em> (Schreiben) und <em>mediation <\/em>(Sprachmittlung) \u00fcberpr\u00fcft.<\/p>\n<p>Die Kompetenz <em>speaking<\/em> (Sprechen) wird in den Jahrg\u00e4ngen 6, 8 und 10 anstelle einer Klassenarbeit in einer sogenannten Sprechpr\u00fcfung \u00fcberpr\u00fcft.<\/p>\n<p>Die <strong>Gesamtnote<\/strong> setzt sich aus <strong>ca. 40% schriftlicher Leistung und ca. 60% m\u00fcndlicher Leistung<\/strong> zusammen.<\/p>\n<p>Zu den m\u00fcndlichen Leistungen z\u00e4hlen:<\/p>\n<ul>\n<li>Beitr\u00e4ge zum Unterrichtsgespr\u00e4ch<\/li>\n<li>\u00dcberpr\u00fcfungen<\/li>\n<li>szenische Darstellungen<\/li>\n<li>Pr\u00e4sentationen<\/li>\n<li>Vokabeltests \/ Unterrichtsdokumentationen<\/li>\n<li>Ergebnisse von Partner- und Gruppenarbeiten<\/li>\n<\/ul>\n<p><span style=\"color: #000080;\"><strong>Sekundarstufe II<\/strong><\/span><\/p>\n<p>In den Klausuren der Sek II werden die Kompetenzen <em>listening<\/em> (H\u00f6r- \/ H\u00f6r-Sehverstehen), <em>reading <\/em>(Leseverstehen), <em>writing<\/em> (Schreiben) und <em>mediation <\/em>(Sprachmittlung) \u00fcberpr\u00fcft.<\/p>\n<p>Die <strong>Gesamtnote<\/strong> setzt sich bei <strong>einer Klausur im Semester<\/strong> aus <strong>ca. 40% schriftlicher Leistung und ca. 60% m\u00fcndlicher Leistung<\/strong> zusammen. Bei einem Semester mit <strong>zwei Klausuren<\/strong> betr\u00e4gt die Gewichtung <strong>50% schriftliche Leistung und 50% m\u00fcndliche Leistung<\/strong>.<\/p>\n<p>Zu den m\u00fcndlichen Leistungen z\u00e4hlen:<\/p>\n<ul>\n<li>Teilnahme am Unterrichtsgespr\u00e4ch<\/li>\n<li>Informationen sichten, gliedern und bewerten (z. B. Internetrecherche)<\/li>\n<li>Ergebnisse von Partner- und Gruppenarbeiten<\/li>\n<li>Unterrichtsdokumentation<\/li>\n<li>Pr\u00e4sentationen<\/li>\n<li>m\u00fcndliche \u00dcberpr\u00fcfungen \/ kurze schriftliche Lernkontrollen<\/li>\n<li>h\u00e4usliche Vor- und Nachbereitung<\/li>\n<\/ul>\n<h4><strong><span style=\"color: #000080;\">Bilingualer Unterricht<\/span><\/strong><\/h4>\n<p>Ab Klasse 8 bis zur Klasse 10 k\u00f6nnen Sch\u00fclerinnen und Sch\u00fcler, die Freude an der englischen Sprache und gute Leistungen im Fach Englisch aufweisen, am Geschichtsunterricht in englischer Sprache teilnehmen.<\/p>\n<h4><strong><span style=\"color: #000080;\">Theaterauff\u00fchrungen in englischer Sprache<\/span><\/strong><\/h4>\n<p>Einmal im Schuljahr wird eine englischsprachige Theatergruppe eingeladen. Der Besuch der Auff\u00fchrung ist im Rahmen des Unterrichts f\u00fcr alle Sch\u00fclerinnen und Sch\u00fcler verpflichtend. Dar\u00fcber hinaus k\u00f6nnen einzelne Klassen und Kurse Theatervorstellungen in englischer Sprache in der Region besuchen.<\/p>\n<p><strong>&nbsp;<\/strong><strong><span style=\"color: #000080;\">Wettbewerbe<\/span><\/strong><\/p>\n<p>Klassen 5 \u2013 9:&nbsp;&nbsp;&nbsp;&nbsp;&nbsp;&nbsp;&nbsp;&nbsp;&nbsp;&nbsp;&nbsp;&nbsp; The Big Challenge (kostenpflichtig)<br \/>\n&nbsp;&nbsp;&nbsp;&nbsp;&nbsp;&nbsp;&nbsp;&nbsp;&nbsp;&nbsp;&nbsp;&nbsp;&nbsp;&nbsp;&nbsp;&nbsp;&nbsp;&nbsp;&nbsp;&nbsp;&nbsp;&nbsp;&nbsp;&nbsp;&nbsp;&nbsp;&nbsp;&nbsp;&nbsp;&nbsp;&nbsp;&nbsp;&nbsp;&nbsp; <a href=\"https:\/\/www.thebigchallenge.com\/de\/\">https:\/\/www.thebigchallenge.com\/de\/<\/a><br \/>\nKlassen 5 \u2013 13:&nbsp;&nbsp;&nbsp;&nbsp;&nbsp;&nbsp;&nbsp;&nbsp;&nbsp;&nbsp; <strong>Bundeswettbewerb Fremdsprachen<\/strong>: als Team (Klassen 6 \u2013 10), Solo<br \/>\n(Klassen 8 \u2013 10) oder Solo Plus (Klassen 10 \u2013 13).<br \/>\n&nbsp;&nbsp;&nbsp;&nbsp;&nbsp;&nbsp;&nbsp;&nbsp;&nbsp;&nbsp;&nbsp;&nbsp;&nbsp;&nbsp;&nbsp;&nbsp;&nbsp;&nbsp;&nbsp;&nbsp;&nbsp;&nbsp;&nbsp;&nbsp;&nbsp;&nbsp;&nbsp;&nbsp;&nbsp;&nbsp;&nbsp;&nbsp;&nbsp; <a href=\"https:\/\/www.bundeswettbewerb-fremdsprachen.de\/\">https:\/\/www.bundeswettbewerb-fremdsprachen.de\/<\/a><\/p>\n<p>Sprecht f\u00fcr weitere Informationen und Unterst\u00fctzung mit eurer Englischlehrerin oder eurem Englischlehrer!<\/p>\n<h4><strong><span style=\"color: #000080;\">Fahrten, Austauschprogramme, Projekte<\/span><\/strong><\/h4>\n<p>Projektarbeit und Kommunikation im Rahmen von ERASMUS \u2013 Projekten<\/p>\n<div id=\"gtx-trans\" style=\"position: absolute; left: -24px; top: 703.25px;\">\n<div class=\"gtx-trans-icon\">&nbsp;<\/div>\n<\/div>\n","protected":false},"excerpt":{"rendered":"<p>Fachkollegium Unterrichtende: Frau Barbara Glittenberg (Fachkonferenzleiterin) Frau Ricarda Grewe Frau Tanja Harms Herr Alexander Hesse Frau Milena Heyen Frau Nora Junkmann Frau D\u00f6rte Ke\u00dfler Herr Sascha Kortekamp Frau Christina Koltermann Herr Karsten Litty Frau Ulrike Lotzmann Herr Felix Reinecke (Referendar) Frau Katja Roolfs Frau Elaine Schneider&#46;&#46;&#46;<\/p>\n","protected":false},"author":28,"featured_media":0,"parent":156,"menu_order":0,"comment_status":"open","ping_status":"open","template":"","meta":{"ngg_post_thumbnail":0,"footnotes":""},"class_list":["post-1559","page","type-page","status-publish","hentry"],"yoast_head":"<!-- This site is optimized with the Yoast SEO plugin v27.5 - https:\/\/yoast.com\/product\/yoast-seo-wordpress\/ -->\n<title>Englisch - NIGE<\/title>\n<meta name=\"robots\" content=\"index, follow, max-snippet:-1, max-image-preview:large, max-video-preview:-1\" \/>\n<link rel=\"canonical\" href=\"https:\/\/wp2.nige.de\/wordpress\/sample-page\/sprachen\/englisch\/\" \/>\n<meta property=\"og:locale\" content=\"de_DE\" \/>\n<meta property=\"og:type\" content=\"article\" \/>\n<meta property=\"og:title\" content=\"Englisch - NIGE\" \/>\n<meta property=\"og:description\" content=\"Fachkollegium Unterrichtende: Frau Barbara Glittenberg (Fachkonferenzleiterin) Frau Ricarda Grewe Frau Tanja Harms Herr Alexander Hesse Frau Milena Heyen Frau Nora Junkmann Frau D\u00f6rte Ke\u00dfler Herr Sascha Kortekamp Frau Christina Koltermann Herr Karsten Litty Frau Ulrike Lotzmann Herr Felix Reinecke (Referendar) Frau Katja Roolfs Frau Elaine Schneider&#046;&#046;&#046;\" \/>\n<meta property=\"og:url\" content=\"https:\/\/wp2.nige.de\/wordpress\/sample-page\/sprachen\/englisch\/\" \/>\n<meta property=\"og:site_name\" content=\"NIGE\" \/>\n<meta property=\"article:publisher\" content=\"https:\/\/www.facebook.com\/NIGEsens\/\" \/>\n<meta property=\"article:modified_time\" content=\"2026-01-20T19:28:01+00:00\" \/>\n<meta property=\"og:image\" content=\"https:\/\/wp2.nige.de\/wordpress\/wp-content\/uploads\/2021\/11\/fs-eng.png\" \/>\n\t<meta property=\"og:image:width\" content=\"1024\" \/>\n\t<meta property=\"og:image:height\" content=\"1024\" \/>\n\t<meta property=\"og:image:type\" content=\"image\/png\" \/>\n<meta name=\"twitter:card\" content=\"summary_large_image\" \/>\n<meta name=\"twitter:label1\" content=\"Gesch\u00e4tzte Lesezeit\" \/>\n\t<meta name=\"twitter:data1\" content=\"4\u00a0Minuten\" \/>\n<script type=\"application\/ld+json\" class=\"yoast-schema-graph\">{\"@context\":\"https:\\\/\\\/schema.org\",\"@graph\":[{\"@type\":\"WebPage\",\"@id\":\"https:\\\/\\\/wp2.nige.de\\\/wordpress\\\/sample-page\\\/sprachen\\\/englisch\\\/\",\"url\":\"https:\\\/\\\/wp2.nige.de\\\/wordpress\\\/sample-page\\\/sprachen\\\/englisch\\\/\",\"name\":\"Englisch - NIGE\",\"isPartOf\":{\"@id\":\"https:\\\/\\\/wp2.nige.de\\\/wordpress\\\/#website\"},\"primaryImageOfPage\":{\"@id\":\"https:\\\/\\\/wp2.nige.de\\\/wordpress\\\/sample-page\\\/sprachen\\\/englisch\\\/#primaryimage\"},\"image\":{\"@id\":\"https:\\\/\\\/wp2.nige.de\\\/wordpress\\\/sample-page\\\/sprachen\\\/englisch\\\/#primaryimage\"},\"thumbnailUrl\":\"https:\\\/\\\/wp2.nige.de\\\/wordpress\\\/wp-content\\\/uploads\\\/2021\\\/11\\\/fs-eng.png\",\"datePublished\":\"2013-10-09T12:19:53+00:00\",\"dateModified\":\"2026-01-20T19:28:01+00:00\",\"breadcrumb\":{\"@id\":\"https:\\\/\\\/wp2.nige.de\\\/wordpress\\\/sample-page\\\/sprachen\\\/englisch\\\/#breadcrumb\"},\"inLanguage\":\"de\",\"potentialAction\":[{\"@type\":\"ReadAction\",\"target\":[\"https:\\\/\\\/wp2.nige.de\\\/wordpress\\\/sample-page\\\/sprachen\\\/englisch\\\/\"]}]},{\"@type\":\"ImageObject\",\"inLanguage\":\"de\",\"@id\":\"https:\\\/\\\/wp2.nige.de\\\/wordpress\\\/sample-page\\\/sprachen\\\/englisch\\\/#primaryimage\",\"url\":\"https:\\\/\\\/wp2.nige.de\\\/wordpress\\\/wp-content\\\/uploads\\\/2021\\\/11\\\/fs-eng.png\",\"contentUrl\":\"https:\\\/\\\/wp2.nige.de\\\/wordpress\\\/wp-content\\\/uploads\\\/2021\\\/11\\\/fs-eng.png\",\"width\":1024,\"height\":1024},{\"@type\":\"BreadcrumbList\",\"@id\":\"https:\\\/\\\/wp2.nige.de\\\/wordpress\\\/sample-page\\\/sprachen\\\/englisch\\\/#breadcrumb\",\"itemListElement\":[{\"@type\":\"ListItem\",\"position\":1,\"name\":\"Startseite\",\"item\":\"https:\\\/\\\/wp2.nige.de\\\/wordpress\\\/\"},{\"@type\":\"ListItem\",\"position\":2,\"name\":\"NIGE\",\"item\":\"https:\\\/\\\/wp2.nige.de\\\/wordpress\\\/sample-page\\\/\"},{\"@type\":\"ListItem\",\"position\":3,\"name\":\"Sprachen\",\"item\":\"https:\\\/\\\/wp2.nige.de\\\/wordpress\\\/sample-page\\\/sprachen\\\/\"},{\"@type\":\"ListItem\",\"position\":4,\"name\":\"Englisch\"}]},{\"@type\":\"WebSite\",\"@id\":\"https:\\\/\\\/wp2.nige.de\\\/wordpress\\\/#website\",\"url\":\"https:\\\/\\\/wp2.nige.de\\\/wordpress\\\/\",\"name\":\"Nieders\u00e4chsisches Internatsgymnasium Esens | NIGE\",\"description\":\"Nieders\u00e4chsisches Internatsgymnasium Esens\",\"publisher\":{\"@id\":\"https:\\\/\\\/wp2.nige.de\\\/wordpress\\\/#organization\"},\"potentialAction\":[{\"@type\":\"SearchAction\",\"target\":{\"@type\":\"EntryPoint\",\"urlTemplate\":\"https:\\\/\\\/wp2.nige.de\\\/wordpress\\\/?s={search_term_string}\"},\"query-input\":{\"@type\":\"PropertyValueSpecification\",\"valueRequired\":true,\"valueName\":\"search_term_string\"}}],\"inLanguage\":\"de\"},{\"@type\":\"Organization\",\"@id\":\"https:\\\/\\\/wp2.nige.de\\\/wordpress\\\/#organization\",\"name\":\"Nieders\u00e4chsisches Internatsgymnasium Esens\",\"url\":\"https:\\\/\\\/wp2.nige.de\\\/wordpress\\\/\",\"logo\":{\"@type\":\"ImageObject\",\"inLanguage\":\"de\",\"@id\":\"https:\\\/\\\/wp2.nige.de\\\/wordpress\\\/#\\\/schema\\\/logo\\\/image\\\/\",\"url\":\"https:\\\/\\\/wp2.nige.de\\\/wordpress\\\/wp-content\\\/uploads\\\/2018\\\/08\\\/logo_nige.jpg\",\"contentUrl\":\"https:\\\/\\\/wp2.nige.de\\\/wordpress\\\/wp-content\\\/uploads\\\/2018\\\/08\\\/logo_nige.jpg\",\"width\":1984,\"height\":1239,\"caption\":\"Nieders\u00e4chsisches Internatsgymnasium Esens\"},\"image\":{\"@id\":\"https:\\\/\\\/wp2.nige.de\\\/wordpress\\\/#\\\/schema\\\/logo\\\/image\\\/\"},\"sameAs\":[\"https:\\\/\\\/www.facebook.com\\\/NIGEsens\\\/\"]}]}<\/script>\n<!-- \/ Yoast SEO plugin. -->","yoast_head_json":{"title":"Englisch - NIGE","robots":{"index":"index","follow":"follow","max-snippet":"max-snippet:-1","max-image-preview":"max-image-preview:large","max-video-preview":"max-video-preview:-1"},"canonical":"https:\/\/wp2.nige.de\/wordpress\/sample-page\/sprachen\/englisch\/","og_locale":"de_DE","og_type":"article","og_title":"Englisch - NIGE","og_description":"Fachkollegium Unterrichtende: Frau Barbara Glittenberg (Fachkonferenzleiterin) Frau Ricarda Grewe Frau Tanja Harms Herr Alexander Hesse Frau Milena Heyen Frau Nora Junkmann Frau D\u00f6rte Ke\u00dfler Herr Sascha Kortekamp Frau Christina Koltermann Herr Karsten Litty Frau Ulrike Lotzmann Herr Felix Reinecke (Referendar) Frau Katja Roolfs Frau Elaine Schneider&#46;&#46;&#46;","og_url":"https:\/\/wp2.nige.de\/wordpress\/sample-page\/sprachen\/englisch\/","og_site_name":"NIGE","article_publisher":"https:\/\/www.facebook.com\/NIGEsens\/","article_modified_time":"2026-01-20T19:28:01+00:00","og_image":[{"width":1024,"height":1024,"url":"https:\/\/wp2.nige.de\/wordpress\/wp-content\/uploads\/2021\/11\/fs-eng.png","type":"image\/png"}],"twitter_card":"summary_large_image","twitter_misc":{"Gesch\u00e4tzte Lesezeit":"4\u00a0Minuten"},"schema":{"@context":"https:\/\/schema.org","@graph":[{"@type":"WebPage","@id":"https:\/\/wp2.nige.de\/wordpress\/sample-page\/sprachen\/englisch\/","url":"https:\/\/wp2.nige.de\/wordpress\/sample-page\/sprachen\/englisch\/","name":"Englisch - NIGE","isPartOf":{"@id":"https:\/\/wp2.nige.de\/wordpress\/#website"},"primaryImageOfPage":{"@id":"https:\/\/wp2.nige.de\/wordpress\/sample-page\/sprachen\/englisch\/#primaryimage"},"image":{"@id":"https:\/\/wp2.nige.de\/wordpress\/sample-page\/sprachen\/englisch\/#primaryimage"},"thumbnailUrl":"https:\/\/wp2.nige.de\/wordpress\/wp-content\/uploads\/2021\/11\/fs-eng.png","datePublished":"2013-10-09T12:19:53+00:00","dateModified":"2026-01-20T19:28:01+00:00","breadcrumb":{"@id":"https:\/\/wp2.nige.de\/wordpress\/sample-page\/sprachen\/englisch\/#breadcrumb"},"inLanguage":"de","potentialAction":[{"@type":"ReadAction","target":["https:\/\/wp2.nige.de\/wordpress\/sample-page\/sprachen\/englisch\/"]}]},{"@type":"ImageObject","inLanguage":"de","@id":"https:\/\/wp2.nige.de\/wordpress\/sample-page\/sprachen\/englisch\/#primaryimage","url":"https:\/\/wp2.nige.de\/wordpress\/wp-content\/uploads\/2021\/11\/fs-eng.png","contentUrl":"https:\/\/wp2.nige.de\/wordpress\/wp-content\/uploads\/2021\/11\/fs-eng.png","width":1024,"height":1024},{"@type":"BreadcrumbList","@id":"https:\/\/wp2.nige.de\/wordpress\/sample-page\/sprachen\/englisch\/#breadcrumb","itemListElement":[{"@type":"ListItem","position":1,"name":"Startseite","item":"https:\/\/wp2.nige.de\/wordpress\/"},{"@type":"ListItem","position":2,"name":"NIGE","item":"https:\/\/wp2.nige.de\/wordpress\/sample-page\/"},{"@type":"ListItem","position":3,"name":"Sprachen","item":"https:\/\/wp2.nige.de\/wordpress\/sample-page\/sprachen\/"},{"@type":"ListItem","position":4,"name":"Englisch"}]},{"@type":"WebSite","@id":"https:\/\/wp2.nige.de\/wordpress\/#website","url":"https:\/\/wp2.nige.de\/wordpress\/","name":"Nieders\u00e4chsisches Internatsgymnasium Esens | NIGE","description":"Nieders\u00e4chsisches Internatsgymnasium Esens","publisher":{"@id":"https:\/\/wp2.nige.de\/wordpress\/#organization"},"potentialAction":[{"@type":"SearchAction","target":{"@type":"EntryPoint","urlTemplate":"https:\/\/wp2.nige.de\/wordpress\/?s={search_term_string}"},"query-input":{"@type":"PropertyValueSpecification","valueRequired":true,"valueName":"search_term_string"}}],"inLanguage":"de"},{"@type":"Organization","@id":"https:\/\/wp2.nige.de\/wordpress\/#organization","name":"Nieders\u00e4chsisches Internatsgymnasium Esens","url":"https:\/\/wp2.nige.de\/wordpress\/","logo":{"@type":"ImageObject","inLanguage":"de","@id":"https:\/\/wp2.nige.de\/wordpress\/#\/schema\/logo\/image\/","url":"https:\/\/wp2.nige.de\/wordpress\/wp-content\/uploads\/2018\/08\/logo_nige.jpg","contentUrl":"https:\/\/wp2.nige.de\/wordpress\/wp-content\/uploads\/2018\/08\/logo_nige.jpg","width":1984,"height":1239,"caption":"Nieders\u00e4chsisches Internatsgymnasium Esens"},"image":{"@id":"https:\/\/wp2.nige.de\/wordpress\/#\/schema\/logo\/image\/"},"sameAs":["https:\/\/www.facebook.com\/NIGEsens\/"]}]}},"_links":{"self":[{"href":"https:\/\/wp2.nige.de\/wordpress\/wp-json\/wp\/v2\/pages\/1559","targetHints":{"allow":["GET"]}}],"collection":[{"href":"https:\/\/wp2.nige.de\/wordpress\/wp-json\/wp\/v2\/pages"}],"about":[{"href":"https:\/\/wp2.nige.de\/wordpress\/wp-json\/wp\/v2\/types\/page"}],"author":[{"embeddable":true,"href":"https:\/\/wp2.nige.de\/wordpress\/wp-json\/wp\/v2\/users\/28"}],"replies":[{"embeddable":true,"href":"https:\/\/wp2.nige.de\/wordpress\/wp-json\/wp\/v2\/comments?post=1559"}],"version-history":[{"count":54,"href":"https:\/\/wp2.nige.de\/wordpress\/wp-json\/wp\/v2\/pages\/1559\/revisions"}],"predecessor-version":[{"id":18055,"href":"https:\/\/wp2.nige.de\/wordpress\/wp-json\/wp\/v2\/pages\/1559\/revisions\/18055"}],"up":[{"embeddable":true,"href":"https:\/\/wp2.nige.de\/wordpress\/wp-json\/wp\/v2\/pages\/156"}],"wp:attachment":[{"href":"https:\/\/wp2.nige.de\/wordpress\/wp-json\/wp\/v2\/media?parent=1559"}],"curies":[{"name":"wp","href":"https:\/\/api.w.org\/{rel}","templated":true}]}}