{"id":15333,"date":"2024-06-10T08:24:45","date_gmt":"2024-06-10T06:24:45","guid":{"rendered":"https:\/\/wp2.nige.de\/wordpress\/?page_id=15333"},"modified":"2025-09-09T10:34:03","modified_gmt":"2025-09-09T08:34:03","slug":"erasmus-schuljahr-2024-2025","status":"publish","type":"page","link":"https:\/\/wp2.nige.de\/wordpress\/erasmus-schuljahr-2024-2025\/","title":{"rendered":"Erasmus Schuljahr 2024-2025"},"content":{"rendered":"<div><strong>Gruppenmobilit\u00e4t von Sch\u00fclerinnen und Sch\u00fclern<\/strong><\/div>\n<p><a href=\"https:\/\/wp2.nige.de\/wordpress\/bilaterales-projekttreffen-in-spanien-torre-pacheco\/\">Bilaterales Projekttreffen in Spanien, Torre &#8211; Pacheco (16. &#8211; 22. November 2024)<\/a><br \/>\n<a href=\"https:\/\/wp2.nige.de\/wordpress\/bilaterales-projekttreffen-in-frankreich-cambrai-2\/\">Bilaterales Projekttreffen in Frankreich, Cambrai (27. November. &#8211; 03. Dezember .2024)<\/a><br \/>\n<a href=\"https:\/\/wp2.nige.de\/wordpress\/bilaterales-projekttreffen-in-spanien-plasencia\/\">Bilaterales Projekttreffen in Spanien, Plasencia (06. &#8211; 13. Februar 2025)<\/a><br \/>\n<a href=\"https:\/\/wp2.nige.de\/wordpress\/multilaterales-projektreffen-in-italien-piacenza\/\">Multilaterales Projektreffen in Italien, Piacenza (08. &#8211; 15. Februar 2025)<\/a><br \/>\n<a href=\"https:\/\/wp2.nige.de\/wordpress\/multilaterales-projektreffen-in-ungarn-debrecen\/\">Multilaterales Projektreffen in Ungarn, Debrecen (10. &#8211; 17. Mai 2025)<\/a><\/p>\n<p><strong>Individuelle Mobilit\u00e4t von Sch\u00fclerinnen und Sch\u00fclern<\/strong><\/p>\n<div>\n<p><a href=\"https:\/\/wp2.nige.de\/wordpress\/zwei-wochen-in-italien\/\">Individuelle Mobilit\u00e4t von Sch\u00fclerinnen und Sch\u00fclern in Italien<\/a><\/p>\n<\/div>\n<div><strong>L\u00e4nder\u00fcbergreifendes Projekttreffen der Koordinatorinnen und Koordinatoren<\/strong><\/div>\n<p><a href=\"https:\/\/wp2.nige.de\/wordpress\/es-geht-schon-wieder-los\/\">Vorbereitungstreffen in Debrecen<\/a><\/p>\n<p><strong>Kurse und Schulungen<\/strong><\/p>\n<p><a href=\"https:\/\/wp2.nige.de\/wordpress\/erasmus-fortbildung-in-portugal-lissabon\/\">Erasmus+ Fortbildung in Portugal, Lissabon (05. &#8211; 10. Mai 2025)<\/a><br \/>\n<a href=\"https:\/\/wp2.nige.de\/wordpress\/fortbildung-im-rahmen-vom-erasmus-programm\/\">Erasmus+ Fortbildung in Kroatien, Dubrovnik (23. &#8211; 29. M\u00e4rz 2025)<\/a><br \/>\n<a href=\"https:\/\/wp2.nige.de\/wordpress\/erasmus-bericht-zur-fortbildung-in-rom\/\">Erasmus Fortbildung in Italien, Rom (06. Juli &#8211; 13. Juli 2025)<\/a><\/p>\n<p>&nbsp;<\/p>\n<p>&nbsp;<\/p>\n","protected":false},"excerpt":{"rendered":"<p>Gruppenmobilit\u00e4t von Sch\u00fclerinnen und Sch\u00fclern Bilaterales Projekttreffen in Spanien, Torre &#8211; Pacheco (16. &#8211; 22. November 2024) Bilaterales Projekttreffen in Frankreich, Cambrai (27. November. &#8211; 03. Dezember .2024) Bilaterales Projekttreffen in Spanien, Plasencia (06. &#8211; 13. Februar 2025) Multilaterales Projektreffen in Italien, Piacenza (08. &#8211; 15.&#46;&#46;&#46;<\/p>\n","protected":false},"author":28,"featured_media":0,"parent":0,"menu_order":0,"comment_status":"closed","ping_status":"closed","template":"","meta":{"ngg_post_thumbnail":0,"footnotes":""},"class_list":["post-15333","page","type-page","status-publish","hentry"],"yoast_head":"<!-- This site is optimized with the Yoast SEO plugin v27.5 - https:\/\/yoast.com\/product\/yoast-seo-wordpress\/ -->\n<title>Erasmus Schuljahr 2024-2025 - NIGE<\/title>\n<meta name=\"robots\" content=\"index, follow, max-snippet:-1, max-image-preview:large, max-video-preview:-1\" \/>\n<link rel=\"canonical\" href=\"https:\/\/wp2.nige.de\/wordpress\/erasmus-schuljahr-2024-2025\/\" \/>\n<meta property=\"og:locale\" content=\"de_DE\" \/>\n<meta property=\"og:type\" content=\"article\" \/>\n<meta property=\"og:title\" content=\"Erasmus Schuljahr 2024-2025 - NIGE\" \/>\n<meta property=\"og:description\" content=\"Gruppenmobilit\u00e4t von Sch\u00fclerinnen und Sch\u00fclern Bilaterales Projekttreffen in Spanien, Torre &#8211; Pacheco (16. &#8211; 22. November 2024) Bilaterales Projekttreffen in Frankreich, Cambrai (27. November. &#8211; 03. Dezember .2024) Bilaterales Projekttreffen in Spanien, Plasencia (06. &#8211; 13. Februar 2025) Multilaterales Projektreffen in Italien, Piacenza (08. &#8211; 15.&#046;&#046;&#046;\" \/>\n<meta property=\"og:url\" content=\"https:\/\/wp2.nige.de\/wordpress\/erasmus-schuljahr-2024-2025\/\" \/>\n<meta property=\"og:site_name\" content=\"NIGE\" \/>\n<meta property=\"article:publisher\" content=\"https:\/\/www.facebook.com\/NIGEsens\/\" \/>\n<meta property=\"article:modified_time\" content=\"2025-09-09T08:34:03+00:00\" \/>\n<meta name=\"twitter:card\" content=\"summary_large_image\" \/>\n<meta name=\"twitter:label1\" content=\"Gesch\u00e4tzte Lesezeit\" \/>\n\t<meta name=\"twitter:data1\" content=\"1\u00a0Minute\" \/>\n<script type=\"application\/ld+json\" class=\"yoast-schema-graph\">{\"@context\":\"https:\\\/\\\/schema.org\",\"@graph\":[{\"@type\":\"WebPage\",\"@id\":\"https:\\\/\\\/wp2.nige.de\\\/wordpress\\\/erasmus-schuljahr-2024-2025\\\/\",\"url\":\"https:\\\/\\\/wp2.nige.de\\\/wordpress\\\/erasmus-schuljahr-2024-2025\\\/\",\"name\":\"Erasmus Schuljahr 2024-2025 - NIGE\",\"isPartOf\":{\"@id\":\"https:\\\/\\\/wp2.nige.de\\\/wordpress\\\/#website\"},\"datePublished\":\"2024-06-10T06:24:45+00:00\",\"dateModified\":\"2025-09-09T08:34:03+00:00\",\"breadcrumb\":{\"@id\":\"https:\\\/\\\/wp2.nige.de\\\/wordpress\\\/erasmus-schuljahr-2024-2025\\\/#breadcrumb\"},\"inLanguage\":\"de\",\"potentialAction\":[{\"@type\":\"ReadAction\",\"target\":[\"https:\\\/\\\/wp2.nige.de\\\/wordpress\\\/erasmus-schuljahr-2024-2025\\\/\"]}]},{\"@type\":\"BreadcrumbList\",\"@id\":\"https:\\\/\\\/wp2.nige.de\\\/wordpress\\\/erasmus-schuljahr-2024-2025\\\/#breadcrumb\",\"itemListElement\":[{\"@type\":\"ListItem\",\"position\":1,\"name\":\"Startseite\",\"item\":\"https:\\\/\\\/wp2.nige.de\\\/wordpress\\\/\"},{\"@type\":\"ListItem\",\"position\":2,\"name\":\"Erasmus Schuljahr 2024-2025\"}]},{\"@type\":\"WebSite\",\"@id\":\"https:\\\/\\\/wp2.nige.de\\\/wordpress\\\/#website\",\"url\":\"https:\\\/\\\/wp2.nige.de\\\/wordpress\\\/\",\"name\":\"Nieders\u00e4chsisches Internatsgymnasium Esens | NIGE\",\"description\":\"Nieders\u00e4chsisches Internatsgymnasium Esens\",\"publisher\":{\"@id\":\"https:\\\/\\\/wp2.nige.de\\\/wordpress\\\/#organization\"},\"potentialAction\":[{\"@type\":\"SearchAction\",\"target\":{\"@type\":\"EntryPoint\",\"urlTemplate\":\"https:\\\/\\\/wp2.nige.de\\\/wordpress\\\/?s={search_term_string}\"},\"query-input\":{\"@type\":\"PropertyValueSpecification\",\"valueRequired\":true,\"valueName\":\"search_term_string\"}}],\"inLanguage\":\"de\"},{\"@type\":\"Organization\",\"@id\":\"https:\\\/\\\/wp2.nige.de\\\/wordpress\\\/#organization\",\"name\":\"Nieders\u00e4chsisches Internatsgymnasium Esens\",\"url\":\"https:\\\/\\\/wp2.nige.de\\\/wordpress\\\/\",\"logo\":{\"@type\":\"ImageObject\",\"inLanguage\":\"de\",\"@id\":\"https:\\\/\\\/wp2.nige.de\\\/wordpress\\\/#\\\/schema\\\/logo\\\/image\\\/\",\"url\":\"https:\\\/\\\/wp2.nige.de\\\/wordpress\\\/wp-content\\\/uploads\\\/2018\\\/08\\\/logo_nige.jpg\",\"contentUrl\":\"https:\\\/\\\/wp2.nige.de\\\/wordpress\\\/wp-content\\\/uploads\\\/2018\\\/08\\\/logo_nige.jpg\",\"width\":1984,\"height\":1239,\"caption\":\"Nieders\u00e4chsisches Internatsgymnasium Esens\"},\"image\":{\"@id\":\"https:\\\/\\\/wp2.nige.de\\\/wordpress\\\/#\\\/schema\\\/logo\\\/image\\\/\"},\"sameAs\":[\"https:\\\/\\\/www.facebook.com\\\/NIGEsens\\\/\"]}]}<\/script>\n<!-- \/ Yoast SEO plugin. -->","yoast_head_json":{"title":"Erasmus Schuljahr 2024-2025 - NIGE","robots":{"index":"index","follow":"follow","max-snippet":"max-snippet:-1","max-image-preview":"max-image-preview:large","max-video-preview":"max-video-preview:-1"},"canonical":"https:\/\/wp2.nige.de\/wordpress\/erasmus-schuljahr-2024-2025\/","og_locale":"de_DE","og_type":"article","og_title":"Erasmus Schuljahr 2024-2025 - NIGE","og_description":"Gruppenmobilit\u00e4t von Sch\u00fclerinnen und Sch\u00fclern Bilaterales Projekttreffen in Spanien, Torre &#8211; Pacheco (16. &#8211; 22. November 2024) Bilaterales Projekttreffen in Frankreich, Cambrai (27. November. &#8211; 03. Dezember .2024) Bilaterales Projekttreffen in Spanien, Plasencia (06. &#8211; 13. Februar 2025) Multilaterales Projektreffen in Italien, Piacenza (08. &#8211; 15.&#46;&#46;&#46;","og_url":"https:\/\/wp2.nige.de\/wordpress\/erasmus-schuljahr-2024-2025\/","og_site_name":"NIGE","article_publisher":"https:\/\/www.facebook.com\/NIGEsens\/","article_modified_time":"2025-09-09T08:34:03+00:00","twitter_card":"summary_large_image","twitter_misc":{"Gesch\u00e4tzte Lesezeit":"1\u00a0Minute"},"schema":{"@context":"https:\/\/schema.org","@graph":[{"@type":"WebPage","@id":"https:\/\/wp2.nige.de\/wordpress\/erasmus-schuljahr-2024-2025\/","url":"https:\/\/wp2.nige.de\/wordpress\/erasmus-schuljahr-2024-2025\/","name":"Erasmus Schuljahr 2024-2025 - NIGE","isPartOf":{"@id":"https:\/\/wp2.nige.de\/wordpress\/#website"},"datePublished":"2024-06-10T06:24:45+00:00","dateModified":"2025-09-09T08:34:03+00:00","breadcrumb":{"@id":"https:\/\/wp2.nige.de\/wordpress\/erasmus-schuljahr-2024-2025\/#breadcrumb"},"inLanguage":"de","potentialAction":[{"@type":"ReadAction","target":["https:\/\/wp2.nige.de\/wordpress\/erasmus-schuljahr-2024-2025\/"]}]},{"@type":"BreadcrumbList","@id":"https:\/\/wp2.nige.de\/wordpress\/erasmus-schuljahr-2024-2025\/#breadcrumb","itemListElement":[{"@type":"ListItem","position":1,"name":"Startseite","item":"https:\/\/wp2.nige.de\/wordpress\/"},{"@type":"ListItem","position":2,"name":"Erasmus Schuljahr 2024-2025"}]},{"@type":"WebSite","@id":"https:\/\/wp2.nige.de\/wordpress\/#website","url":"https:\/\/wp2.nige.de\/wordpress\/","name":"Nieders\u00e4chsisches Internatsgymnasium Esens | NIGE","description":"Nieders\u00e4chsisches Internatsgymnasium Esens","publisher":{"@id":"https:\/\/wp2.nige.de\/wordpress\/#organization"},"potentialAction":[{"@type":"SearchAction","target":{"@type":"EntryPoint","urlTemplate":"https:\/\/wp2.nige.de\/wordpress\/?s={search_term_string}"},"query-input":{"@type":"PropertyValueSpecification","valueRequired":true,"valueName":"search_term_string"}}],"inLanguage":"de"},{"@type":"Organization","@id":"https:\/\/wp2.nige.de\/wordpress\/#organization","name":"Nieders\u00e4chsisches Internatsgymnasium Esens","url":"https:\/\/wp2.nige.de\/wordpress\/","logo":{"@type":"ImageObject","inLanguage":"de","@id":"https:\/\/wp2.nige.de\/wordpress\/#\/schema\/logo\/image\/","url":"https:\/\/wp2.nige.de\/wordpress\/wp-content\/uploads\/2018\/08\/logo_nige.jpg","contentUrl":"https:\/\/wp2.nige.de\/wordpress\/wp-content\/uploads\/2018\/08\/logo_nige.jpg","width":1984,"height":1239,"caption":"Nieders\u00e4chsisches Internatsgymnasium Esens"},"image":{"@id":"https:\/\/wp2.nige.de\/wordpress\/#\/schema\/logo\/image\/"},"sameAs":["https:\/\/www.facebook.com\/NIGEsens\/"]}]}},"_links":{"self":[{"href":"https:\/\/wp2.nige.de\/wordpress\/wp-json\/wp\/v2\/pages\/15333","targetHints":{"allow":["GET"]}}],"collection":[{"href":"https:\/\/wp2.nige.de\/wordpress\/wp-json\/wp\/v2\/pages"}],"about":[{"href":"https:\/\/wp2.nige.de\/wordpress\/wp-json\/wp\/v2\/types\/page"}],"author":[{"embeddable":true,"href":"https:\/\/wp2.nige.de\/wordpress\/wp-json\/wp\/v2\/users\/28"}],"replies":[{"embeddable":true,"href":"https:\/\/wp2.nige.de\/wordpress\/wp-json\/wp\/v2\/comments?post=15333"}],"version-history":[{"count":28,"href":"https:\/\/wp2.nige.de\/wordpress\/wp-json\/wp\/v2\/pages\/15333\/revisions"}],"predecessor-version":[{"id":17330,"href":"https:\/\/wp2.nige.de\/wordpress\/wp-json\/wp\/v2\/pages\/15333\/revisions\/17330"}],"wp:attachment":[{"href":"https:\/\/wp2.nige.de\/wordpress\/wp-json\/wp\/v2\/media?parent=15333"}],"curies":[{"name":"wp","href":"https:\/\/api.w.org\/{rel}","templated":true}]}}