{"id":15091,"date":"2024-03-04T06:39:51","date_gmt":"2024-03-04T05:39:51","guid":{"rendered":"https:\/\/wp2.nige.de\/wordpress\/?page_id=15091"},"modified":"2024-03-04T07:26:12","modified_gmt":"2024-03-04T06:26:12","slug":"berufs-studienberatung","status":"publish","type":"page","link":"https:\/\/wp2.nige.de\/wordpress\/berufs-studienberatung\/","title":{"rendered":"Berufs- &#038; Studienberatung"},"content":{"rendered":"<p style=\"text-align: justify;\">Das NiGE arbeitet bei der Berufsorientierung mit der <strong>Agentur f\u00fcr Arbeit <\/strong>zusammen. Der f\u00fcr unsere Schule zust\u00e4ndigen Berufsberater, Herr Boer, bietet w\u00e4hrend der Schulzeit regelm\u00e4\u00dfig&nbsp;<strong>jeden Donnerstag<\/strong>&nbsp;Beratungsgespr\u00e4che <u>im NiGE<\/u> an.<\/p>\n<p style=\"text-align: justify;\">Die Anmeldung f\u00fcr die Berufsberatung erfolgt ganz einfach \u00fcber IServ:&nbsp;&nbsp;<a href=\"mailto:berufsberatung@nige.de\">[eMail]<\/a><\/p>\n<p style=\"text-align: justify;\">In den Ferien k\u00f6nnen unsere Sch\u00fcler*innen auch \u00fcber IServ oder \u00fcber das Service-Center der Agentur f\u00fcr Arbeit Beratungsgespr\u00e4che mit Herrn Boer vereinbaren. Diese finden dann telefonisch, in der Jugendberufsagentur Wittmund oder an einem Standort der Agentur f\u00fcr Arbeit statt.<\/p>\n<table>\n<tbody>\n<tr>\n<td><a href=\"https:\/\/wp2.nige.de\/wordpress\/wp-content\/uploads\/2024\/03\/boer.png\"><img loading=\"lazy\" decoding=\"async\" class=\"aligncenter size-full wp-image-15092\" src=\"https:\/\/wp2.nige.de\/wordpress\/wp-content\/uploads\/2024\/03\/boer.png\" alt=\"\" width=\"281\" height=\"281\" srcset=\"https:\/\/wp2.nige.de\/wordpress\/wp-content\/uploads\/2024\/03\/boer.png 281w, https:\/\/wp2.nige.de\/wordpress\/wp-content\/uploads\/2024\/03\/boer-80x80.png 80w\" sizes=\"auto, (max-width: 281px) 100vw, 281px\" \/><\/a><\/td>\n<td><strong>BERUFS- und STUDIENBERATER<\/strong><br \/>\n<a href=\"mailto:michael.boer@arbeitsagentur.de\">[eMail]<\/a>&nbsp;\u2013 Michael&nbsp;<strong>Boer<\/strong><\/p>\n<p>0800\/4 5555 00 (kostenfrei) Service-Center der&nbsp;<strong>Agentur f\u00fcr Arbeit<\/strong><\/td>\n<\/tr>\n<\/tbody>\n<\/table>\n<p style=\"text-align: justify;\">WEITERF\u00dcHRENDE LINKS<\/p>\n<ul style=\"text-align: justify;\">\n<li><a href=\"https:\/\/www.arbeitsagentur.de\/bildung\/welche-ausbildung-welches-studium-passt\">[Web]<\/a>&nbsp;\u2013&nbsp;<strong>Check U<\/strong>&nbsp;\u2013 In diesem Test bekommst du raus, was du kannst und wof\u00fcr du dich interessierst. So wei\u00dft du genau, wo du stehst und welche beruflichen M\u00f6glichkeiten zu dir passen. Die Ergebnisse kannst du zusammen mit deinem Berufsberater auswerten und besprechen.<\/li>\n<li><a href=\"https:\/\/berufenet.arbeitsagentur.de\/berufenet\/faces\/index?path=null\">[Web]<\/a>&nbsp;\u2013&nbsp;<strong>BerufeNet<\/strong>&nbsp;\u2013 Alle Berufe mit einer ausf\u00fchrlichen Beschreibung sowie Fotos und Videos zu den Berufen<\/li>\n<li><a href=\"http:\/\/www.studienwahl.de\/de\/chnews.htm\">[Web]<\/a>&nbsp;\u2013&nbsp;<strong>Studienwahl.de<\/strong>&nbsp;\u2013 Der offizielle Studienf\u00fchrer f\u00fcr Deutschland<\/li>\n<li><a href=\"http:\/\/www.planet-beruf.de\/schuelerinnen\/\">[Web]<\/a>&nbsp;\u2013&nbsp;<strong>Planet Beruf<\/strong>&nbsp;\u2013 (vor allem f\u00fcr Sch\u00fcler*innen und Eltern in der Sek I) Informationen rund um Berufswahl, Bewerbung und Ausbildung<\/li>\n<\/ul>\n<ul style=\"text-align: justify;\">\n<li>[<a href=\"https:\/\/www.jba-wittmund.de\/\">Web<\/a>] \u2013 <strong>Jugendberufsagentur Wittmund<\/strong> \u2013 Hier findest du Ansprechpartner f\u00fcr alle Lebenslagen, Sorgen und N\u00f6te. Berufsberater*innen, Ansprechpartner*innen U25 des Jobcenters und Mitarbeiter*innen der Jugendberufshilfe PACE des Jugendamtes des Landkreises Wittmund.<\/li>\n<\/ul>\n<ul>\n<li style=\"text-align: justify;\"><a href=\"https:\/\/www.yumpu.com\/de\/embed\/view\/jBXRvydHqICQJAt7\">[Web]<\/a>&nbsp;\u2013&nbsp;<strong>GYMME MORE Ostfriesland \u2013 Magazin f\u00fcr die Zukunft ostfriesischer Abiturienten und Abiturientinnen<\/strong><\/li>\n<\/ul>\n","protected":false},"excerpt":{"rendered":"<p>Das NiGE arbeitet bei der Berufsorientierung mit der Agentur f\u00fcr Arbeit zusammen. Der f\u00fcr unsere Schule zust\u00e4ndigen Berufsberater, Herr Boer, bietet w\u00e4hrend der Schulzeit regelm\u00e4\u00dfig&nbsp;jeden Donnerstag&nbsp;Beratungsgespr\u00e4che im NiGE an. Die Anmeldung f\u00fcr die Berufsberatung erfolgt ganz einfach \u00fcber IServ:&nbsp;&nbsp;[eMail] In den Ferien k\u00f6nnen unsere Sch\u00fcler*innen auch&#46;&#46;&#46;<\/p>\n","protected":false},"author":28,"featured_media":0,"parent":0,"menu_order":0,"comment_status":"closed","ping_status":"closed","template":"","meta":{"ngg_post_thumbnail":0,"footnotes":""},"class_list":["post-15091","page","type-page","status-publish","hentry"],"yoast_head":"<!-- This site is optimized with the Yoast SEO plugin v27.5 - https:\/\/yoast.com\/product\/yoast-seo-wordpress\/ -->\n<title>Berufs- &amp; Studienberatung - NIGE<\/title>\n<meta name=\"robots\" content=\"index, follow, max-snippet:-1, max-image-preview:large, max-video-preview:-1\" \/>\n<link rel=\"canonical\" href=\"https:\/\/wp2.nige.de\/wordpress\/berufs-studienberatung\/\" \/>\n<meta property=\"og:locale\" content=\"de_DE\" \/>\n<meta property=\"og:type\" content=\"article\" \/>\n<meta property=\"og:title\" content=\"Berufs- &amp; Studienberatung - NIGE\" \/>\n<meta property=\"og:description\" content=\"Das NiGE arbeitet bei der Berufsorientierung mit der Agentur f\u00fcr Arbeit zusammen. Der f\u00fcr unsere Schule zust\u00e4ndigen Berufsberater, Herr Boer, bietet w\u00e4hrend der Schulzeit regelm\u00e4\u00dfig&nbsp;jeden Donnerstag&nbsp;Beratungsgespr\u00e4che im NiGE an. Die Anmeldung f\u00fcr die Berufsberatung erfolgt ganz einfach \u00fcber IServ:&nbsp;&nbsp;[eMail] In den Ferien k\u00f6nnen unsere Sch\u00fcler*innen auch&#046;&#046;&#046;\" \/>\n<meta property=\"og:url\" content=\"https:\/\/wp2.nige.de\/wordpress\/berufs-studienberatung\/\" \/>\n<meta property=\"og:site_name\" content=\"NIGE\" \/>\n<meta property=\"article:publisher\" content=\"https:\/\/www.facebook.com\/NIGEsens\/\" \/>\n<meta property=\"article:modified_time\" content=\"2024-03-04T06:26:12+00:00\" \/>\n<meta property=\"og:image\" content=\"https:\/\/wp2.nige.de\/wordpress\/wp-content\/uploads\/2024\/03\/boer.png\" \/>\n<meta name=\"twitter:card\" content=\"summary_large_image\" \/>\n<meta name=\"twitter:label1\" content=\"Gesch\u00e4tzte Lesezeit\" \/>\n\t<meta name=\"twitter:data1\" content=\"2\u00a0Minuten\" \/>\n<script type=\"application\/ld+json\" class=\"yoast-schema-graph\">{\"@context\":\"https:\\\/\\\/schema.org\",\"@graph\":[{\"@type\":\"WebPage\",\"@id\":\"https:\\\/\\\/wp2.nige.de\\\/wordpress\\\/berufs-studienberatung\\\/\",\"url\":\"https:\\\/\\\/wp2.nige.de\\\/wordpress\\\/berufs-studienberatung\\\/\",\"name\":\"Berufs- & Studienberatung - NIGE\",\"isPartOf\":{\"@id\":\"https:\\\/\\\/wp2.nige.de\\\/wordpress\\\/#website\"},\"primaryImageOfPage\":{\"@id\":\"https:\\\/\\\/wp2.nige.de\\\/wordpress\\\/berufs-studienberatung\\\/#primaryimage\"},\"image\":{\"@id\":\"https:\\\/\\\/wp2.nige.de\\\/wordpress\\\/berufs-studienberatung\\\/#primaryimage\"},\"thumbnailUrl\":\"https:\\\/\\\/wp2.nige.de\\\/wordpress\\\/wp-content\\\/uploads\\\/2024\\\/03\\\/boer.png\",\"datePublished\":\"2024-03-04T05:39:51+00:00\",\"dateModified\":\"2024-03-04T06:26:12+00:00\",\"breadcrumb\":{\"@id\":\"https:\\\/\\\/wp2.nige.de\\\/wordpress\\\/berufs-studienberatung\\\/#breadcrumb\"},\"inLanguage\":\"de\",\"potentialAction\":[{\"@type\":\"ReadAction\",\"target\":[\"https:\\\/\\\/wp2.nige.de\\\/wordpress\\\/berufs-studienberatung\\\/\"]}]},{\"@type\":\"ImageObject\",\"inLanguage\":\"de\",\"@id\":\"https:\\\/\\\/wp2.nige.de\\\/wordpress\\\/berufs-studienberatung\\\/#primaryimage\",\"url\":\"https:\\\/\\\/wp2.nige.de\\\/wordpress\\\/wp-content\\\/uploads\\\/2024\\\/03\\\/boer.png\",\"contentUrl\":\"https:\\\/\\\/wp2.nige.de\\\/wordpress\\\/wp-content\\\/uploads\\\/2024\\\/03\\\/boer.png\"},{\"@type\":\"BreadcrumbList\",\"@id\":\"https:\\\/\\\/wp2.nige.de\\\/wordpress\\\/berufs-studienberatung\\\/#breadcrumb\",\"itemListElement\":[{\"@type\":\"ListItem\",\"position\":1,\"name\":\"Startseite\",\"item\":\"https:\\\/\\\/wp2.nige.de\\\/wordpress\\\/\"},{\"@type\":\"ListItem\",\"position\":2,\"name\":\"Berufs- &#038; Studienberatung\"}]},{\"@type\":\"WebSite\",\"@id\":\"https:\\\/\\\/wp2.nige.de\\\/wordpress\\\/#website\",\"url\":\"https:\\\/\\\/wp2.nige.de\\\/wordpress\\\/\",\"name\":\"Nieders\u00e4chsisches Internatsgymnasium Esens | NIGE\",\"description\":\"Nieders\u00e4chsisches Internatsgymnasium Esens\",\"publisher\":{\"@id\":\"https:\\\/\\\/wp2.nige.de\\\/wordpress\\\/#organization\"},\"potentialAction\":[{\"@type\":\"SearchAction\",\"target\":{\"@type\":\"EntryPoint\",\"urlTemplate\":\"https:\\\/\\\/wp2.nige.de\\\/wordpress\\\/?s={search_term_string}\"},\"query-input\":{\"@type\":\"PropertyValueSpecification\",\"valueRequired\":true,\"valueName\":\"search_term_string\"}}],\"inLanguage\":\"de\"},{\"@type\":\"Organization\",\"@id\":\"https:\\\/\\\/wp2.nige.de\\\/wordpress\\\/#organization\",\"name\":\"Nieders\u00e4chsisches Internatsgymnasium Esens\",\"url\":\"https:\\\/\\\/wp2.nige.de\\\/wordpress\\\/\",\"logo\":{\"@type\":\"ImageObject\",\"inLanguage\":\"de\",\"@id\":\"https:\\\/\\\/wp2.nige.de\\\/wordpress\\\/#\\\/schema\\\/logo\\\/image\\\/\",\"url\":\"https:\\\/\\\/wp2.nige.de\\\/wordpress\\\/wp-content\\\/uploads\\\/2018\\\/08\\\/logo_nige.jpg\",\"contentUrl\":\"https:\\\/\\\/wp2.nige.de\\\/wordpress\\\/wp-content\\\/uploads\\\/2018\\\/08\\\/logo_nige.jpg\",\"width\":1984,\"height\":1239,\"caption\":\"Nieders\u00e4chsisches Internatsgymnasium Esens\"},\"image\":{\"@id\":\"https:\\\/\\\/wp2.nige.de\\\/wordpress\\\/#\\\/schema\\\/logo\\\/image\\\/\"},\"sameAs\":[\"https:\\\/\\\/www.facebook.com\\\/NIGEsens\\\/\"]}]}<\/script>\n<!-- \/ Yoast SEO plugin. -->","yoast_head_json":{"title":"Berufs- & Studienberatung - NIGE","robots":{"index":"index","follow":"follow","max-snippet":"max-snippet:-1","max-image-preview":"max-image-preview:large","max-video-preview":"max-video-preview:-1"},"canonical":"https:\/\/wp2.nige.de\/wordpress\/berufs-studienberatung\/","og_locale":"de_DE","og_type":"article","og_title":"Berufs- & Studienberatung - NIGE","og_description":"Das NiGE arbeitet bei der Berufsorientierung mit der Agentur f\u00fcr Arbeit zusammen. Der f\u00fcr unsere Schule zust\u00e4ndigen Berufsberater, Herr Boer, bietet w\u00e4hrend der Schulzeit regelm\u00e4\u00dfig&nbsp;jeden Donnerstag&nbsp;Beratungsgespr\u00e4che im NiGE an. Die Anmeldung f\u00fcr die Berufsberatung erfolgt ganz einfach \u00fcber IServ:&nbsp;&nbsp;[eMail] In den Ferien k\u00f6nnen unsere Sch\u00fcler*innen auch&#46;&#46;&#46;","og_url":"https:\/\/wp2.nige.de\/wordpress\/berufs-studienberatung\/","og_site_name":"NIGE","article_publisher":"https:\/\/www.facebook.com\/NIGEsens\/","article_modified_time":"2024-03-04T06:26:12+00:00","og_image":[{"url":"https:\/\/wp2.nige.de\/wordpress\/wp-content\/uploads\/2024\/03\/boer.png","type":"","width":"","height":""}],"twitter_card":"summary_large_image","twitter_misc":{"Gesch\u00e4tzte Lesezeit":"2\u00a0Minuten"},"schema":{"@context":"https:\/\/schema.org","@graph":[{"@type":"WebPage","@id":"https:\/\/wp2.nige.de\/wordpress\/berufs-studienberatung\/","url":"https:\/\/wp2.nige.de\/wordpress\/berufs-studienberatung\/","name":"Berufs- & Studienberatung - NIGE","isPartOf":{"@id":"https:\/\/wp2.nige.de\/wordpress\/#website"},"primaryImageOfPage":{"@id":"https:\/\/wp2.nige.de\/wordpress\/berufs-studienberatung\/#primaryimage"},"image":{"@id":"https:\/\/wp2.nige.de\/wordpress\/berufs-studienberatung\/#primaryimage"},"thumbnailUrl":"https:\/\/wp2.nige.de\/wordpress\/wp-content\/uploads\/2024\/03\/boer.png","datePublished":"2024-03-04T05:39:51+00:00","dateModified":"2024-03-04T06:26:12+00:00","breadcrumb":{"@id":"https:\/\/wp2.nige.de\/wordpress\/berufs-studienberatung\/#breadcrumb"},"inLanguage":"de","potentialAction":[{"@type":"ReadAction","target":["https:\/\/wp2.nige.de\/wordpress\/berufs-studienberatung\/"]}]},{"@type":"ImageObject","inLanguage":"de","@id":"https:\/\/wp2.nige.de\/wordpress\/berufs-studienberatung\/#primaryimage","url":"https:\/\/wp2.nige.de\/wordpress\/wp-content\/uploads\/2024\/03\/boer.png","contentUrl":"https:\/\/wp2.nige.de\/wordpress\/wp-content\/uploads\/2024\/03\/boer.png"},{"@type":"BreadcrumbList","@id":"https:\/\/wp2.nige.de\/wordpress\/berufs-studienberatung\/#breadcrumb","itemListElement":[{"@type":"ListItem","position":1,"name":"Startseite","item":"https:\/\/wp2.nige.de\/wordpress\/"},{"@type":"ListItem","position":2,"name":"Berufs- &#038; Studienberatung"}]},{"@type":"WebSite","@id":"https:\/\/wp2.nige.de\/wordpress\/#website","url":"https:\/\/wp2.nige.de\/wordpress\/","name":"Nieders\u00e4chsisches Internatsgymnasium Esens | NIGE","description":"Nieders\u00e4chsisches Internatsgymnasium Esens","publisher":{"@id":"https:\/\/wp2.nige.de\/wordpress\/#organization"},"potentialAction":[{"@type":"SearchAction","target":{"@type":"EntryPoint","urlTemplate":"https:\/\/wp2.nige.de\/wordpress\/?s={search_term_string}"},"query-input":{"@type":"PropertyValueSpecification","valueRequired":true,"valueName":"search_term_string"}}],"inLanguage":"de"},{"@type":"Organization","@id":"https:\/\/wp2.nige.de\/wordpress\/#organization","name":"Nieders\u00e4chsisches Internatsgymnasium Esens","url":"https:\/\/wp2.nige.de\/wordpress\/","logo":{"@type":"ImageObject","inLanguage":"de","@id":"https:\/\/wp2.nige.de\/wordpress\/#\/schema\/logo\/image\/","url":"https:\/\/wp2.nige.de\/wordpress\/wp-content\/uploads\/2018\/08\/logo_nige.jpg","contentUrl":"https:\/\/wp2.nige.de\/wordpress\/wp-content\/uploads\/2018\/08\/logo_nige.jpg","width":1984,"height":1239,"caption":"Nieders\u00e4chsisches Internatsgymnasium Esens"},"image":{"@id":"https:\/\/wp2.nige.de\/wordpress\/#\/schema\/logo\/image\/"},"sameAs":["https:\/\/www.facebook.com\/NIGEsens\/"]}]}},"_links":{"self":[{"href":"https:\/\/wp2.nige.de\/wordpress\/wp-json\/wp\/v2\/pages\/15091","targetHints":{"allow":["GET"]}}],"collection":[{"href":"https:\/\/wp2.nige.de\/wordpress\/wp-json\/wp\/v2\/pages"}],"about":[{"href":"https:\/\/wp2.nige.de\/wordpress\/wp-json\/wp\/v2\/types\/page"}],"author":[{"embeddable":true,"href":"https:\/\/wp2.nige.de\/wordpress\/wp-json\/wp\/v2\/users\/28"}],"replies":[{"embeddable":true,"href":"https:\/\/wp2.nige.de\/wordpress\/wp-json\/wp\/v2\/comments?post=15091"}],"version-history":[{"count":4,"href":"https:\/\/wp2.nige.de\/wordpress\/wp-json\/wp\/v2\/pages\/15091\/revisions"}],"predecessor-version":[{"id":15101,"href":"https:\/\/wp2.nige.de\/wordpress\/wp-json\/wp\/v2\/pages\/15091\/revisions\/15101"}],"wp:attachment":[{"href":"https:\/\/wp2.nige.de\/wordpress\/wp-json\/wp\/v2\/media?parent=15091"}],"curies":[{"name":"wp","href":"https:\/\/api.w.org\/{rel}","templated":true}]}}