{"id":1459,"date":"2013-10-08T18:20:54","date_gmt":"2013-10-08T16:20:54","guid":{"rendered":"http:\/\/wordpress.nige.de\/wordpress\/?page_id=1459"},"modified":"2026-03-09T11:10:19","modified_gmt":"2026-03-09T10:10:19","slug":"erdkunde-2","status":"publish","type":"page","link":"https:\/\/wp2.nige.de\/wordpress\/sample-page\/gesellschaftswissenschaften\/erdkunde-2\/","title":{"rendered":"Erdkunde"},"content":{"rendered":"<p>\u0084<\/p>\n<blockquote><p>Der spezielle Beitrag des Faches Erdkunde zur Welterschlie\u00dfung liegt in der Auseinandersetzung mit den Wechselbeziehungen zwischen Natur und Gesellschaft in R\u00e4umen verschiedener Art und Gr\u00f6\u00dfe. Damit ist es zum einen das Schulfach, das sich zentral mit der Kategorie Raum besch\u00e4ftigt, zum anderen verbindet es natur- und gesellschaftswissenschaftliches Wissen und ist somit Br\u00fcckenfach zwischen diesen Wissenschafts- und Bildungsbereichen.<br \/>\nLeitziele des Erdkundeunterrichts sind demnach die Einsicht in die Zusammenh\u00e4nge zwischen nat\u00fcrlichen Gegebenheiten und gesellschaftlichen Aktivit\u00e4ten in verschiedenen R\u00e4umen der Erde und eine darauf aufbauende raumbezogene Handlungskompetenz.<br \/>\nDiesen Zielen folgend erhalten die Sch\u00fclerinnen und Sch\u00fcler im Erdkundeunterricht die M\u00f6glichkeit, Wechselwirkungen zwischen Natur und Gesellschaft (Wirtschaft, Politik, Soziales) an ausgew\u00e4hlten Raumbeispielen zu erkennen, die daraus resultierenden Strukturen, Prozesse und Probleme zu verstehen und Probleml\u00f6sungen anzudenken.\u0093<\/p><\/blockquote>\n<address><em><strong>(Deutsche Gesellschaft f\u00fcr Geographie (Hrsg.), Bildungsstandards im Fach Erdkunde f\u00fcr den Mittleren Schulabschluss, 2007)<\/strong><\/em><\/address>\n<p>Geographische Bildung ist ein wesentlicher Teil von Allgemeinbildung und liefert Grundlagen f\u00fcr weiteres Lernen in zahlreichen Berufsfeldern. Als Integrationsfach leistet Erdkunde wichtige Beitr\u00e4ge zu f\u00e4cher\u00fcbergreifenden und f\u00e4cherverbindenden Lernzielen. Dieser Stellenwert des Faches spiegelt sich nur bedingt in der Stundentafel wider.<\/p>\n<h4><span style=\"color: #000080;\"><b>Leistungsbewertung<\/b><\/span><\/h4>\n<p>In den Jahrg\u00e4ngen <b>5 bis 9 <\/b>wird pro Halbjahr eine einst\u00fcndige Klassenarbeit geschrieben, die mit 1\/3 in die Gesamtnote eingeht.<\/p>\n<p>Im Jahrgang <b>10 <\/b>wird pro Halbjahr eine zweist\u00fcndige Arbeit geschrieben mit 40% an der Gesamtnote. In der <b>Kursstufe <\/b>werden 3 Klausuren im Schuljahr geschrieben. Die Dauer ist abh\u00e4ngig von der Niveaustufe und betr\u00e4gt 2 bis 6 Unterrichtsstunden. Bei zwei Klausuren im Semester gehen schriftliche und m\u00fcndliche Leistungen zu gleichen Teilen in die Kursnote ein, bei einer Klausur \u00fcberwiegt das M\u00fcndliche mit 60%<\/p>\n<h4 style=\"text-align: left;\" align=\"center\"><span style=\"color: #000080;\"><b>Kompetenzbereiche<br \/>\n<\/b><\/span><\/h4>\n<table border=\"1\" width=\"600\" cellpadding=\"0\">\n<tbody>\n<tr>\n<td style=\"text-align: center;\"><b>Kompetenzbereiche<\/b><\/td>\n<td style=\"text-align: center;\"><b>Zentrale Kompetenzen<\/b><\/td>\n<\/tr>\n<tr>\n<td>Fachwissen<\/td>\n<td>F\u00e4higkeit, R\u00e4ume auf den verschiedenen Ma\u00dfstabsebenen als natur-und humangeographische Systeme zu erfassen und die Wechselbeziehungen zwischen Mensch und Umwelt analysieren zu k\u00f6nnen.<\/td>\n<\/tr>\n<tr>\n<td>R\u00e4umliche Orientierung<\/td>\n<td>F\u00e4higkeit, sich in R\u00e4umen orientieren zu k\u00f6nnen (topographisches Orientierungswissen. Kartenkompetenz. Orientierung in Realr\u00e4umen und die Reflexion von Raumwahrnehmungen).<\/td>\n<\/tr>\n<tr>\n<td>Erkenntnisgewinnung\/<br \/>\nMethoden<\/td>\n<td>F\u00e4higkeit, geographisch\/geowissenschaftlich relevante Informationen im Realraum sowie aus Medien gewinnen und auswerten sowie Schritte zur Erkenntnisgewinnung in der Geographie beschreiben zu k\u00f6nnen<\/td>\n<\/tr>\n<tr>\n<td>Kommunikation<\/td>\n<td>F\u00e4higkeit, geographische Sachverhalte zu verstehen, zu versprachlichen und pr\u00e4sentieren zu k\u00f6nnen sowie sich im Gespr\u00e4ch mit anderen dar\u00fcber sachgerecht austauschen zu k\u00f6nnen.<\/td>\n<\/tr>\n<tr>\n<td>Beurteilung\/<br \/>\nBewertung<\/td>\n<td>F\u00e4higkeit, raumbezogene Sachverhalte und Probleme, Informationen in Medien und geographische Erkenntnisse kriterienorientiert sowie vor dem Hintergrund bestehender Werte in Ans\u00e4tzen beurteilen zu k\u00f6nnen.<\/td>\n<\/tr>\n<tr>\n<td>Handlung<\/td>\n<td>F\u00e4higkeit und Bereitschaft, auf verschiedenen Handlungsfeldern natur- und sozialraumgerecht handeln zu k\u00f6nnen.<\/td>\n<\/tr>\n<\/tbody>\n<\/table>\n<h4><span style=\"color: #000080;\"><strong>Fachkollegium<\/strong><\/span><\/h4>\n<p><a href=\"https:\/\/wp2.nige.de\/wordpress\/wp-content\/uploads\/2024\/04\/EK-Fachkonferenz-2023.jpg\"><img loading=\"lazy\" decoding=\"async\" class=\"alignleft wp-image-15216 size-medium\" src=\"https:\/\/wp2.nige.de\/wordpress\/wp-content\/uploads\/2024\/04\/EK-Fachkonferenz-2023-248x300.jpg\" alt=\"\" width=\"248\" height=\"300\" srcset=\"https:\/\/wp2.nige.de\/wordpress\/wp-content\/uploads\/2024\/04\/EK-Fachkonferenz-2023-248x300.jpg 248w, https:\/\/wp2.nige.de\/wordpress\/wp-content\/uploads\/2024\/04\/EK-Fachkonferenz-2023-848x1024.jpg 848w, https:\/\/wp2.nige.de\/wordpress\/wp-content\/uploads\/2024\/04\/EK-Fachkonferenz-2023-1271x1536.jpg 1271w, https:\/\/wp2.nige.de\/wordpress\/wp-content\/uploads\/2024\/04\/EK-Fachkonferenz-2023.jpg 1695w\" sizes=\"auto, (max-width: 248px) 100vw, 248px\" \/><\/a><\/p>\n<p>Ole Deuter<br \/>\nNeels Determann (Fachkonferenzleiter)<br \/>\nAlexander Hesse<br \/>\nMilena Heyen<br \/>\nBoris K\u00f6nig<br \/>\nSascha Kortekamp<br \/>\nAnja M\u00fchlenbrock<br \/>\nHiske Post<br \/>\nMatthias Wild<\/p>\n<p>&nbsp;<\/p>\n<h4>&nbsp;<\/h4>\n<h4>&nbsp;<\/h4>\n<h4><strong><span style=\"color: #000080;\">Schulcurricula<\/span><\/strong><\/h4>\n<p><a href=\"https:\/\/wp2.nige.de\/wordpress\/wp-content\/uploads\/2024\/04\/Schulcurriculum-5-6-Stand-2023.pdf\">Curriculum Kl 5 und 6<\/a> (PDF)<br \/>\n<a href=\"https:\/\/wp2.nige.de\/wordpress\/wp-content\/uploads\/2024\/04\/Schulcurriculum-7-8-Stand-2023.pdf\">Curriculum Kl. 7 und 8<\/a> (.PDF)<br \/>\n<a href=\"https:\/\/wp2.nige.de\/wordpress\/wp-content\/uploads\/2024\/04\/Schulcurriculum-9-10-Stand-2023.pdf\">Curriculum Klasse 9 und 10<\/a>&nbsp;(.PDF)<br \/>\n<a href=\"https:\/\/wp2.nige.de\/wordpress\/wp-content\/uploads\/2024\/04\/Schulcurriculum-Einfuehrungsphase-11.-Jahrgang.pdf\">Curriculum Einf\u00fchrungsphase 11. Jahrgang<\/a>&nbsp;(.PDF)<\/p>\n<p>Raummodule<\/p>\n<p>In der Qualifikationsphase sind in jedem Durchgang andere Raummodule zu unterrichten, wobei das Thema in 12.1 immer &#8222;Deutschland in Europa&#8220; ist. Die Fachmodule und der Kompetenzkanon werden individuell angepasst. Eine \u00dcbersicht \u00fcber die m\u00f6glichen Raummodule finden Sie hier:<\/p>\n<p><a href=\"https:\/\/wp2.nige.de\/wordpress\/wp-content\/uploads\/2024\/04\/Raummodule-Q-Phase-Niedersachsen.pdf\">Raummodule Q-Phase Nds.<\/a> (.PDF)<\/p>\n<p>Quelle: Kerncurriculum f\u00fcr die gymnasiale Oberstufe. Erdkunde. Niedersachsen, Nieders\u00e4chsisches Kultusministerium, 2017<br \/>\n<a class=\"moz-txt-link-freetext\" href=\"https:\/\/cuvo.nibis.de\/index.php?p=download&amp;upload=124\">https:\/\/cuvo.nibis.de\/index.php?p=download&amp;upload=124<\/a> <a class=\"moz-txt-link-rfc2396E\" href=\"https:\/\/cuvo.nibis.de\/index.php?p=download&amp;upload=124\">&lt;https:\/\/cuvo.nibis.de\/index.php?p=download&amp;upload=124&gt;<\/a><\/p>\n","protected":false},"excerpt":{"rendered":"<p>\u0084 Der spezielle Beitrag des Faches Erdkunde zur Welterschlie\u00dfung liegt in der Auseinandersetzung mit den Wechselbeziehungen zwischen Natur und Gesellschaft in R\u00e4umen verschiedener Art und Gr\u00f6\u00dfe. Damit ist es zum einen das Schulfach, das sich zentral mit der Kategorie Raum besch\u00e4ftigt, zum anderen verbindet es natur-&#46;&#46;&#46;<\/p>\n","protected":false},"author":28,"featured_media":0,"parent":158,"menu_order":0,"comment_status":"open","ping_status":"open","template":"","meta":{"ngg_post_thumbnail":0,"footnotes":""},"class_list":["post-1459","page","type-page","status-publish","hentry"],"yoast_head":"<!-- This site is optimized with the Yoast SEO plugin v27.5 - https:\/\/yoast.com\/product\/yoast-seo-wordpress\/ -->\n<title>Erdkunde - NIGE<\/title>\n<meta name=\"robots\" content=\"index, follow, max-snippet:-1, max-image-preview:large, max-video-preview:-1\" \/>\n<link rel=\"canonical\" href=\"https:\/\/wp2.nige.de\/wordpress\/sample-page\/gesellschaftswissenschaften\/erdkunde-2\/\" \/>\n<meta property=\"og:locale\" content=\"de_DE\" \/>\n<meta property=\"og:type\" content=\"article\" \/>\n<meta property=\"og:title\" content=\"Erdkunde - NIGE\" \/>\n<meta property=\"og:description\" content=\"\u0084 Der spezielle Beitrag des Faches Erdkunde zur Welterschlie\u00dfung liegt in der Auseinandersetzung mit den Wechselbeziehungen zwischen Natur und Gesellschaft in R\u00e4umen verschiedener Art und Gr\u00f6\u00dfe. Damit ist es zum einen das Schulfach, das sich zentral mit der Kategorie Raum besch\u00e4ftigt, zum anderen verbindet es natur-&#046;&#046;&#046;\" \/>\n<meta property=\"og:url\" content=\"https:\/\/wp2.nige.de\/wordpress\/sample-page\/gesellschaftswissenschaften\/erdkunde-2\/\" \/>\n<meta property=\"og:site_name\" content=\"NIGE\" \/>\n<meta property=\"article:publisher\" content=\"https:\/\/www.facebook.com\/NIGEsens\/\" \/>\n<meta property=\"article:modified_time\" content=\"2026-03-09T10:10:19+00:00\" \/>\n<meta property=\"og:image\" content=\"https:\/\/wp2.nige.de\/wordpress\/wp-content\/uploads\/2024\/04\/EK-Fachkonferenz-2023.jpg\" \/>\n\t<meta property=\"og:image:width\" content=\"1695\" \/>\n\t<meta property=\"og:image:height\" content=\"2048\" \/>\n\t<meta property=\"og:image:type\" content=\"image\/jpeg\" \/>\n<meta name=\"twitter:card\" content=\"summary_large_image\" \/>\n<meta name=\"twitter:label1\" content=\"Gesch\u00e4tzte Lesezeit\" \/>\n\t<meta name=\"twitter:data1\" content=\"3\u00a0Minuten\" \/>\n<script type=\"application\/ld+json\" class=\"yoast-schema-graph\">{\"@context\":\"https:\\\/\\\/schema.org\",\"@graph\":[{\"@type\":\"WebPage\",\"@id\":\"https:\\\/\\\/wp2.nige.de\\\/wordpress\\\/sample-page\\\/gesellschaftswissenschaften\\\/erdkunde-2\\\/\",\"url\":\"https:\\\/\\\/wp2.nige.de\\\/wordpress\\\/sample-page\\\/gesellschaftswissenschaften\\\/erdkunde-2\\\/\",\"name\":\"Erdkunde - NIGE\",\"isPartOf\":{\"@id\":\"https:\\\/\\\/wp2.nige.de\\\/wordpress\\\/#website\"},\"primaryImageOfPage\":{\"@id\":\"https:\\\/\\\/wp2.nige.de\\\/wordpress\\\/sample-page\\\/gesellschaftswissenschaften\\\/erdkunde-2\\\/#primaryimage\"},\"image\":{\"@id\":\"https:\\\/\\\/wp2.nige.de\\\/wordpress\\\/sample-page\\\/gesellschaftswissenschaften\\\/erdkunde-2\\\/#primaryimage\"},\"thumbnailUrl\":\"https:\\\/\\\/wp2.nige.de\\\/wordpress\\\/wp-content\\\/uploads\\\/2024\\\/04\\\/EK-Fachkonferenz-2023-248x300.jpg\",\"datePublished\":\"2013-10-08T16:20:54+00:00\",\"dateModified\":\"2026-03-09T10:10:19+00:00\",\"breadcrumb\":{\"@id\":\"https:\\\/\\\/wp2.nige.de\\\/wordpress\\\/sample-page\\\/gesellschaftswissenschaften\\\/erdkunde-2\\\/#breadcrumb\"},\"inLanguage\":\"de\",\"potentialAction\":[{\"@type\":\"ReadAction\",\"target\":[\"https:\\\/\\\/wp2.nige.de\\\/wordpress\\\/sample-page\\\/gesellschaftswissenschaften\\\/erdkunde-2\\\/\"]}]},{\"@type\":\"ImageObject\",\"inLanguage\":\"de\",\"@id\":\"https:\\\/\\\/wp2.nige.de\\\/wordpress\\\/sample-page\\\/gesellschaftswissenschaften\\\/erdkunde-2\\\/#primaryimage\",\"url\":\"https:\\\/\\\/wp2.nige.de\\\/wordpress\\\/wp-content\\\/uploads\\\/2024\\\/04\\\/EK-Fachkonferenz-2023.jpg\",\"contentUrl\":\"https:\\\/\\\/wp2.nige.de\\\/wordpress\\\/wp-content\\\/uploads\\\/2024\\\/04\\\/EK-Fachkonferenz-2023.jpg\",\"width\":1695,\"height\":2048},{\"@type\":\"BreadcrumbList\",\"@id\":\"https:\\\/\\\/wp2.nige.de\\\/wordpress\\\/sample-page\\\/gesellschaftswissenschaften\\\/erdkunde-2\\\/#breadcrumb\",\"itemListElement\":[{\"@type\":\"ListItem\",\"position\":1,\"name\":\"Startseite\",\"item\":\"https:\\\/\\\/wp2.nige.de\\\/wordpress\\\/\"},{\"@type\":\"ListItem\",\"position\":2,\"name\":\"NIGE\",\"item\":\"https:\\\/\\\/wp2.nige.de\\\/wordpress\\\/sample-page\\\/\"},{\"@type\":\"ListItem\",\"position\":3,\"name\":\"Sozialwissenschaften\",\"item\":\"https:\\\/\\\/wp2.nige.de\\\/wordpress\\\/sample-page\\\/gesellschaftswissenschaften\\\/\"},{\"@type\":\"ListItem\",\"position\":4,\"name\":\"Erdkunde\"}]},{\"@type\":\"WebSite\",\"@id\":\"https:\\\/\\\/wp2.nige.de\\\/wordpress\\\/#website\",\"url\":\"https:\\\/\\\/wp2.nige.de\\\/wordpress\\\/\",\"name\":\"Nieders\u00e4chsisches Internatsgymnasium Esens | NIGE\",\"description\":\"Nieders\u00e4chsisches Internatsgymnasium Esens\",\"publisher\":{\"@id\":\"https:\\\/\\\/wp2.nige.de\\\/wordpress\\\/#organization\"},\"potentialAction\":[{\"@type\":\"SearchAction\",\"target\":{\"@type\":\"EntryPoint\",\"urlTemplate\":\"https:\\\/\\\/wp2.nige.de\\\/wordpress\\\/?s={search_term_string}\"},\"query-input\":{\"@type\":\"PropertyValueSpecification\",\"valueRequired\":true,\"valueName\":\"search_term_string\"}}],\"inLanguage\":\"de\"},{\"@type\":\"Organization\",\"@id\":\"https:\\\/\\\/wp2.nige.de\\\/wordpress\\\/#organization\",\"name\":\"Nieders\u00e4chsisches Internatsgymnasium Esens\",\"url\":\"https:\\\/\\\/wp2.nige.de\\\/wordpress\\\/\",\"logo\":{\"@type\":\"ImageObject\",\"inLanguage\":\"de\",\"@id\":\"https:\\\/\\\/wp2.nige.de\\\/wordpress\\\/#\\\/schema\\\/logo\\\/image\\\/\",\"url\":\"https:\\\/\\\/wp2.nige.de\\\/wordpress\\\/wp-content\\\/uploads\\\/2018\\\/08\\\/logo_nige.jpg\",\"contentUrl\":\"https:\\\/\\\/wp2.nige.de\\\/wordpress\\\/wp-content\\\/uploads\\\/2018\\\/08\\\/logo_nige.jpg\",\"width\":1984,\"height\":1239,\"caption\":\"Nieders\u00e4chsisches Internatsgymnasium Esens\"},\"image\":{\"@id\":\"https:\\\/\\\/wp2.nige.de\\\/wordpress\\\/#\\\/schema\\\/logo\\\/image\\\/\"},\"sameAs\":[\"https:\\\/\\\/www.facebook.com\\\/NIGEsens\\\/\"]}]}<\/script>\n<!-- \/ Yoast SEO plugin. -->","yoast_head_json":{"title":"Erdkunde - NIGE","robots":{"index":"index","follow":"follow","max-snippet":"max-snippet:-1","max-image-preview":"max-image-preview:large","max-video-preview":"max-video-preview:-1"},"canonical":"https:\/\/wp2.nige.de\/wordpress\/sample-page\/gesellschaftswissenschaften\/erdkunde-2\/","og_locale":"de_DE","og_type":"article","og_title":"Erdkunde - NIGE","og_description":"\u0084 Der spezielle Beitrag des Faches Erdkunde zur Welterschlie\u00dfung liegt in der Auseinandersetzung mit den Wechselbeziehungen zwischen Natur und Gesellschaft in R\u00e4umen verschiedener Art und Gr\u00f6\u00dfe. Damit ist es zum einen das Schulfach, das sich zentral mit der Kategorie Raum besch\u00e4ftigt, zum anderen verbindet es natur-&#46;&#46;&#46;","og_url":"https:\/\/wp2.nige.de\/wordpress\/sample-page\/gesellschaftswissenschaften\/erdkunde-2\/","og_site_name":"NIGE","article_publisher":"https:\/\/www.facebook.com\/NIGEsens\/","article_modified_time":"2026-03-09T10:10:19+00:00","og_image":[{"width":1695,"height":2048,"url":"https:\/\/wp2.nige.de\/wordpress\/wp-content\/uploads\/2024\/04\/EK-Fachkonferenz-2023.jpg","type":"image\/jpeg"}],"twitter_card":"summary_large_image","twitter_misc":{"Gesch\u00e4tzte Lesezeit":"3\u00a0Minuten"},"schema":{"@context":"https:\/\/schema.org","@graph":[{"@type":"WebPage","@id":"https:\/\/wp2.nige.de\/wordpress\/sample-page\/gesellschaftswissenschaften\/erdkunde-2\/","url":"https:\/\/wp2.nige.de\/wordpress\/sample-page\/gesellschaftswissenschaften\/erdkunde-2\/","name":"Erdkunde - NIGE","isPartOf":{"@id":"https:\/\/wp2.nige.de\/wordpress\/#website"},"primaryImageOfPage":{"@id":"https:\/\/wp2.nige.de\/wordpress\/sample-page\/gesellschaftswissenschaften\/erdkunde-2\/#primaryimage"},"image":{"@id":"https:\/\/wp2.nige.de\/wordpress\/sample-page\/gesellschaftswissenschaften\/erdkunde-2\/#primaryimage"},"thumbnailUrl":"https:\/\/wp2.nige.de\/wordpress\/wp-content\/uploads\/2024\/04\/EK-Fachkonferenz-2023-248x300.jpg","datePublished":"2013-10-08T16:20:54+00:00","dateModified":"2026-03-09T10:10:19+00:00","breadcrumb":{"@id":"https:\/\/wp2.nige.de\/wordpress\/sample-page\/gesellschaftswissenschaften\/erdkunde-2\/#breadcrumb"},"inLanguage":"de","potentialAction":[{"@type":"ReadAction","target":["https:\/\/wp2.nige.de\/wordpress\/sample-page\/gesellschaftswissenschaften\/erdkunde-2\/"]}]},{"@type":"ImageObject","inLanguage":"de","@id":"https:\/\/wp2.nige.de\/wordpress\/sample-page\/gesellschaftswissenschaften\/erdkunde-2\/#primaryimage","url":"https:\/\/wp2.nige.de\/wordpress\/wp-content\/uploads\/2024\/04\/EK-Fachkonferenz-2023.jpg","contentUrl":"https:\/\/wp2.nige.de\/wordpress\/wp-content\/uploads\/2024\/04\/EK-Fachkonferenz-2023.jpg","width":1695,"height":2048},{"@type":"BreadcrumbList","@id":"https:\/\/wp2.nige.de\/wordpress\/sample-page\/gesellschaftswissenschaften\/erdkunde-2\/#breadcrumb","itemListElement":[{"@type":"ListItem","position":1,"name":"Startseite","item":"https:\/\/wp2.nige.de\/wordpress\/"},{"@type":"ListItem","position":2,"name":"NIGE","item":"https:\/\/wp2.nige.de\/wordpress\/sample-page\/"},{"@type":"ListItem","position":3,"name":"Sozialwissenschaften","item":"https:\/\/wp2.nige.de\/wordpress\/sample-page\/gesellschaftswissenschaften\/"},{"@type":"ListItem","position":4,"name":"Erdkunde"}]},{"@type":"WebSite","@id":"https:\/\/wp2.nige.de\/wordpress\/#website","url":"https:\/\/wp2.nige.de\/wordpress\/","name":"Nieders\u00e4chsisches Internatsgymnasium Esens | NIGE","description":"Nieders\u00e4chsisches Internatsgymnasium Esens","publisher":{"@id":"https:\/\/wp2.nige.de\/wordpress\/#organization"},"potentialAction":[{"@type":"SearchAction","target":{"@type":"EntryPoint","urlTemplate":"https:\/\/wp2.nige.de\/wordpress\/?s={search_term_string}"},"query-input":{"@type":"PropertyValueSpecification","valueRequired":true,"valueName":"search_term_string"}}],"inLanguage":"de"},{"@type":"Organization","@id":"https:\/\/wp2.nige.de\/wordpress\/#organization","name":"Nieders\u00e4chsisches Internatsgymnasium Esens","url":"https:\/\/wp2.nige.de\/wordpress\/","logo":{"@type":"ImageObject","inLanguage":"de","@id":"https:\/\/wp2.nige.de\/wordpress\/#\/schema\/logo\/image\/","url":"https:\/\/wp2.nige.de\/wordpress\/wp-content\/uploads\/2018\/08\/logo_nige.jpg","contentUrl":"https:\/\/wp2.nige.de\/wordpress\/wp-content\/uploads\/2018\/08\/logo_nige.jpg","width":1984,"height":1239,"caption":"Nieders\u00e4chsisches Internatsgymnasium Esens"},"image":{"@id":"https:\/\/wp2.nige.de\/wordpress\/#\/schema\/logo\/image\/"},"sameAs":["https:\/\/www.facebook.com\/NIGEsens\/"]}]}},"_links":{"self":[{"href":"https:\/\/wp2.nige.de\/wordpress\/wp-json\/wp\/v2\/pages\/1459","targetHints":{"allow":["GET"]}}],"collection":[{"href":"https:\/\/wp2.nige.de\/wordpress\/wp-json\/wp\/v2\/pages"}],"about":[{"href":"https:\/\/wp2.nige.de\/wordpress\/wp-json\/wp\/v2\/types\/page"}],"author":[{"embeddable":true,"href":"https:\/\/wp2.nige.de\/wordpress\/wp-json\/wp\/v2\/users\/28"}],"replies":[{"embeddable":true,"href":"https:\/\/wp2.nige.de\/wordpress\/wp-json\/wp\/v2\/comments?post=1459"}],"version-history":[{"count":58,"href":"https:\/\/wp2.nige.de\/wordpress\/wp-json\/wp\/v2\/pages\/1459\/revisions"}],"predecessor-version":[{"id":18304,"href":"https:\/\/wp2.nige.de\/wordpress\/wp-json\/wp\/v2\/pages\/1459\/revisions\/18304"}],"up":[{"embeddable":true,"href":"https:\/\/wp2.nige.de\/wordpress\/wp-json\/wp\/v2\/pages\/158"}],"wp:attachment":[{"href":"https:\/\/wp2.nige.de\/wordpress\/wp-json\/wp\/v2\/media?parent=1459"}],"curies":[{"name":"wp","href":"https:\/\/api.w.org\/{rel}","templated":true}]}}