{"id":1432,"date":"2013-10-08T17:43:48","date_gmt":"2013-10-08T15:43:48","guid":{"rendered":"http:\/\/wordpress.nige.de\/wordpress\/?page_id=1432"},"modified":"2021-02-02T19:43:03","modified_gmt":"2021-02-02T18:43:03","slug":"geschichte-bilingual","status":"publish","type":"page","link":"https:\/\/wp2.nige.de\/wordpress\/sample-page\/gesellschaftswissenschaften\/geschichte-bilingual\/","title":{"rendered":"Geschichte (bilingual)"},"content":{"rendered":"<p>&nbsp;<\/p>\n<p>&nbsp;<\/p>\n<blockquote><p>Nostalgia is like a grammar lesson; you find the present tense, but the past perfect.<\/p><\/blockquote>\n<address><strong>&#8211; Owens Lee Pomeroy<\/strong><\/address>\n<blockquote><p>Men is trapped in history and history is trapped in men.<\/p><\/blockquote>\n<p><strong>&#8211; James Baldwin<\/strong><\/p>\n<p>Bilingualer Unterricht bzw. \u201efremdsprachlich erteilter Sachfachunterricht\u201c wird seit einigen Jahren am Nieders\u00e4chsischen Internatsgymnasium ab Klasse 7 unterrichtet.<\/p>\n<p>Der Grund f\u00fcr diese Ma\u00dfnahme ist, dass mit dem bilingualen Angebot der europ\u00e4ische Gedanke an unserer Schule gef\u00f6rdert werden soll&nbsp;und der Tatsache Rechnung getragen wird, dass Fremdsprachenkompetenz sich immer mehr zu einer sogenannten Schl\u00fcsselqualifikation entwickelt. Insbesondere das Englische gewinnt in unseren Lebens- und Arbeitsverh\u00e4ltnissen stetig an Bedeutung<\/p>\n<p>Ziel des bilingualen Unterrichts ist auch eine \u00fcber das bisherige Ma\u00df hinausgehende, sichere Beherrschung der englischen Sprache durch die teilnehmenden Sch\u00fcler. Dadurch kann beispielsweise ein Studium bzw. eine Berufsausbildung im In-und Ausland erleichtert werden. Die Teilnahme am bilingualen Unterricht wird auf dem Zeugnis bescheinigt.<\/p>\n<h4><strong><span style=\"color: #000080;\">Die Organisation des Unterrichts<\/span><\/strong><b><\/b><\/h4>\n<p>Die Sch\u00fcler werden fast ausschlie\u00dflich mit englischsprachigen Quellen und Darstellungstexten zur Geschichte arbeiten. Dabei wird sichergestellt, dass die in Niedersachsen g\u00fcltigen Vorgaben f\u00fcr das Fach Geschichte (Kerncurricula) abgedeckt werden.<\/p>\n<p>Es gibt am NIGE keine sogenannten bilingualen Klassen. Die Sch\u00fclerinnen und Sch\u00fcler erhalten aus allen 7. Klassen die M\u00f6glichkeit am bilingualen statt am deutschsprachigen Geschichtsunterricht teilzunehmen und werden in einer Lerngruppe unterrichtet. Ein Wechsel vom bilingualen zum deutschsprachigen Geschichtsunterricht und umgekehrt ist nur zum Schuljahresende oder Schulhalbjahresende m\u00f6glich und muss in schriftlicher Form von den Eltern beantragt werden. Die Entscheidung f\u00fcr die Teilnahme am bilingualen Unterricht kann unabh\u00e4ngig von der Wahl der zweiten Fremdsprache getroffen werden. In der Regel wird&nbsp;in den Klassen 6 am Ende des Schuljahres eine sogenannte \u201eSchnupperstunde\u201c angeboten, um den Sch\u00fclerinnen und Sch\u00fclern einen Einblick in den bilingualen Unterricht zu geben.<\/p>\n<h4><span style=\"color: #000080;\"><strong>Wie werden Sch\u00fclerleistungen bewertet?<\/strong><\/span><\/h4>\n<p>Bei der Bewertung der Leistung im englischsprachig erteilten Geschichtsunterricht werden fachbezogene Kenntnisse und F\u00e4higkeiten, nicht die Englischkenntnis beurteilt. Klassenarbeiten werden auch nur sprachlich korrigiert und haben kaum Einfluss auf die Note.<\/p>\n<h4><span style=\"color: #000080;\">&nbsp;<b>Anforderungen f\u00fcr eine Teilnahme am bilingualen Unterricht<\/b><\/span><\/h4>\n<p>F\u00fcr eine erfolgreiche Teilnahme m\u00fcssen gute bis sehr gute&nbsp;Vorkenntnisse aus dem Englischunterricht der Klassen 5 und 6 vorhanden sein. Dar\u00fcber hinaus muss die Bereitschaft vorhanden sein, h\u00f6heren Anforderungen zu gen\u00fcgen und eine gewisse Mehrbelastung in Kauf zu nehmen, z. B. Vokabeln und Fachbegriffe zu lernen. Deshalb kann der bilinguale Unterricht auch nicht als eine Art F\u00f6rderunterricht genutzt werden, um eventuelle Defizite im regul\u00e4ren Englischunterricht auszugleichen. Die Sch\u00fcler sollten Freude an der Besch\u00e4ftigung mit historischen Sachverhalten und an der Arbeit mit entsprechenden Texten haben.<\/p>\n<address>Ansprechpartner bilingualer Geschichtsunterricht: Andreas Stekker<\/address>\n","protected":false},"excerpt":{"rendered":"<p>&nbsp; &nbsp; Nostalgia is like a grammar lesson; you find the present tense, but the past perfect. &#8211; Owens Lee Pomeroy Men is trapped in history and history is trapped in men. &#8211; James Baldwin Bilingualer Unterricht bzw. \u201efremdsprachlich erteilter Sachfachunterricht\u201c wird seit einigen Jahren am&#46;&#46;&#46;<\/p>\n","protected":false},"author":28,"featured_media":0,"parent":158,"menu_order":0,"comment_status":"open","ping_status":"open","template":"","meta":{"ngg_post_thumbnail":0,"footnotes":""},"class_list":["post-1432","page","type-page","status-publish","hentry"],"yoast_head":"<!-- This site is optimized with the Yoast SEO plugin v27.5 - https:\/\/yoast.com\/product\/yoast-seo-wordpress\/ -->\n<title>Geschichte (bilingual) - NIGE<\/title>\n<meta name=\"robots\" content=\"index, follow, max-snippet:-1, max-image-preview:large, max-video-preview:-1\" \/>\n<link rel=\"canonical\" href=\"https:\/\/wp2.nige.de\/wordpress\/sample-page\/gesellschaftswissenschaften\/geschichte-bilingual\/\" \/>\n<meta property=\"og:locale\" content=\"de_DE\" \/>\n<meta property=\"og:type\" content=\"article\" \/>\n<meta property=\"og:title\" content=\"Geschichte (bilingual) - NIGE\" \/>\n<meta property=\"og:description\" content=\"&nbsp; &nbsp; Nostalgia is like a grammar lesson; you find the present tense, but the past perfect. &#8211; Owens Lee Pomeroy Men is trapped in history and history is trapped in men. &#8211; James Baldwin Bilingualer Unterricht bzw. \u201efremdsprachlich erteilter Sachfachunterricht\u201c wird seit einigen Jahren am&#046;&#046;&#046;\" \/>\n<meta property=\"og:url\" content=\"https:\/\/wp2.nige.de\/wordpress\/sample-page\/gesellschaftswissenschaften\/geschichte-bilingual\/\" \/>\n<meta property=\"og:site_name\" content=\"NIGE\" \/>\n<meta property=\"article:publisher\" content=\"https:\/\/www.facebook.com\/NIGEsens\/\" \/>\n<meta property=\"article:modified_time\" content=\"2021-02-02T18:43:03+00:00\" \/>\n<meta name=\"twitter:card\" content=\"summary_large_image\" \/>\n<meta name=\"twitter:label1\" content=\"Gesch\u00e4tzte Lesezeit\" \/>\n\t<meta name=\"twitter:data1\" content=\"2\u00a0Minuten\" \/>\n<script type=\"application\/ld+json\" class=\"yoast-schema-graph\">{\"@context\":\"https:\\\/\\\/schema.org\",\"@graph\":[{\"@type\":\"WebPage\",\"@id\":\"https:\\\/\\\/wp2.nige.de\\\/wordpress\\\/sample-page\\\/gesellschaftswissenschaften\\\/geschichte-bilingual\\\/\",\"url\":\"https:\\\/\\\/wp2.nige.de\\\/wordpress\\\/sample-page\\\/gesellschaftswissenschaften\\\/geschichte-bilingual\\\/\",\"name\":\"Geschichte (bilingual) - NIGE\",\"isPartOf\":{\"@id\":\"https:\\\/\\\/wp2.nige.de\\\/wordpress\\\/#website\"},\"datePublished\":\"2013-10-08T15:43:48+00:00\",\"dateModified\":\"2021-02-02T18:43:03+00:00\",\"breadcrumb\":{\"@id\":\"https:\\\/\\\/wp2.nige.de\\\/wordpress\\\/sample-page\\\/gesellschaftswissenschaften\\\/geschichte-bilingual\\\/#breadcrumb\"},\"inLanguage\":\"de\",\"potentialAction\":[{\"@type\":\"ReadAction\",\"target\":[\"https:\\\/\\\/wp2.nige.de\\\/wordpress\\\/sample-page\\\/gesellschaftswissenschaften\\\/geschichte-bilingual\\\/\"]}]},{\"@type\":\"BreadcrumbList\",\"@id\":\"https:\\\/\\\/wp2.nige.de\\\/wordpress\\\/sample-page\\\/gesellschaftswissenschaften\\\/geschichte-bilingual\\\/#breadcrumb\",\"itemListElement\":[{\"@type\":\"ListItem\",\"position\":1,\"name\":\"Startseite\",\"item\":\"https:\\\/\\\/wp2.nige.de\\\/wordpress\\\/\"},{\"@type\":\"ListItem\",\"position\":2,\"name\":\"NIGE\",\"item\":\"https:\\\/\\\/wp2.nige.de\\\/wordpress\\\/sample-page\\\/\"},{\"@type\":\"ListItem\",\"position\":3,\"name\":\"Sozialwissenschaften\",\"item\":\"https:\\\/\\\/wp2.nige.de\\\/wordpress\\\/sample-page\\\/gesellschaftswissenschaften\\\/\"},{\"@type\":\"ListItem\",\"position\":4,\"name\":\"Geschichte (bilingual)\"}]},{\"@type\":\"WebSite\",\"@id\":\"https:\\\/\\\/wp2.nige.de\\\/wordpress\\\/#website\",\"url\":\"https:\\\/\\\/wp2.nige.de\\\/wordpress\\\/\",\"name\":\"Nieders\u00e4chsisches Internatsgymnasium Esens | NIGE\",\"description\":\"Nieders\u00e4chsisches Internatsgymnasium Esens\",\"publisher\":{\"@id\":\"https:\\\/\\\/wp2.nige.de\\\/wordpress\\\/#organization\"},\"potentialAction\":[{\"@type\":\"SearchAction\",\"target\":{\"@type\":\"EntryPoint\",\"urlTemplate\":\"https:\\\/\\\/wp2.nige.de\\\/wordpress\\\/?s={search_term_string}\"},\"query-input\":{\"@type\":\"PropertyValueSpecification\",\"valueRequired\":true,\"valueName\":\"search_term_string\"}}],\"inLanguage\":\"de\"},{\"@type\":\"Organization\",\"@id\":\"https:\\\/\\\/wp2.nige.de\\\/wordpress\\\/#organization\",\"name\":\"Nieders\u00e4chsisches Internatsgymnasium Esens\",\"url\":\"https:\\\/\\\/wp2.nige.de\\\/wordpress\\\/\",\"logo\":{\"@type\":\"ImageObject\",\"inLanguage\":\"de\",\"@id\":\"https:\\\/\\\/wp2.nige.de\\\/wordpress\\\/#\\\/schema\\\/logo\\\/image\\\/\",\"url\":\"https:\\\/\\\/wp2.nige.de\\\/wordpress\\\/wp-content\\\/uploads\\\/2018\\\/08\\\/logo_nige.jpg\",\"contentUrl\":\"https:\\\/\\\/wp2.nige.de\\\/wordpress\\\/wp-content\\\/uploads\\\/2018\\\/08\\\/logo_nige.jpg\",\"width\":1984,\"height\":1239,\"caption\":\"Nieders\u00e4chsisches Internatsgymnasium Esens\"},\"image\":{\"@id\":\"https:\\\/\\\/wp2.nige.de\\\/wordpress\\\/#\\\/schema\\\/logo\\\/image\\\/\"},\"sameAs\":[\"https:\\\/\\\/www.facebook.com\\\/NIGEsens\\\/\"]}]}<\/script>\n<!-- \/ Yoast SEO plugin. -->","yoast_head_json":{"title":"Geschichte (bilingual) - NIGE","robots":{"index":"index","follow":"follow","max-snippet":"max-snippet:-1","max-image-preview":"max-image-preview:large","max-video-preview":"max-video-preview:-1"},"canonical":"https:\/\/wp2.nige.de\/wordpress\/sample-page\/gesellschaftswissenschaften\/geschichte-bilingual\/","og_locale":"de_DE","og_type":"article","og_title":"Geschichte (bilingual) - NIGE","og_description":"&nbsp; &nbsp; Nostalgia is like a grammar lesson; you find the present tense, but the past perfect. &#8211; Owens Lee Pomeroy Men is trapped in history and history is trapped in men. &#8211; James Baldwin Bilingualer Unterricht bzw. \u201efremdsprachlich erteilter Sachfachunterricht\u201c wird seit einigen Jahren am&#46;&#46;&#46;","og_url":"https:\/\/wp2.nige.de\/wordpress\/sample-page\/gesellschaftswissenschaften\/geschichte-bilingual\/","og_site_name":"NIGE","article_publisher":"https:\/\/www.facebook.com\/NIGEsens\/","article_modified_time":"2021-02-02T18:43:03+00:00","twitter_card":"summary_large_image","twitter_misc":{"Gesch\u00e4tzte Lesezeit":"2\u00a0Minuten"},"schema":{"@context":"https:\/\/schema.org","@graph":[{"@type":"WebPage","@id":"https:\/\/wp2.nige.de\/wordpress\/sample-page\/gesellschaftswissenschaften\/geschichte-bilingual\/","url":"https:\/\/wp2.nige.de\/wordpress\/sample-page\/gesellschaftswissenschaften\/geschichte-bilingual\/","name":"Geschichte (bilingual) - NIGE","isPartOf":{"@id":"https:\/\/wp2.nige.de\/wordpress\/#website"},"datePublished":"2013-10-08T15:43:48+00:00","dateModified":"2021-02-02T18:43:03+00:00","breadcrumb":{"@id":"https:\/\/wp2.nige.de\/wordpress\/sample-page\/gesellschaftswissenschaften\/geschichte-bilingual\/#breadcrumb"},"inLanguage":"de","potentialAction":[{"@type":"ReadAction","target":["https:\/\/wp2.nige.de\/wordpress\/sample-page\/gesellschaftswissenschaften\/geschichte-bilingual\/"]}]},{"@type":"BreadcrumbList","@id":"https:\/\/wp2.nige.de\/wordpress\/sample-page\/gesellschaftswissenschaften\/geschichte-bilingual\/#breadcrumb","itemListElement":[{"@type":"ListItem","position":1,"name":"Startseite","item":"https:\/\/wp2.nige.de\/wordpress\/"},{"@type":"ListItem","position":2,"name":"NIGE","item":"https:\/\/wp2.nige.de\/wordpress\/sample-page\/"},{"@type":"ListItem","position":3,"name":"Sozialwissenschaften","item":"https:\/\/wp2.nige.de\/wordpress\/sample-page\/gesellschaftswissenschaften\/"},{"@type":"ListItem","position":4,"name":"Geschichte (bilingual)"}]},{"@type":"WebSite","@id":"https:\/\/wp2.nige.de\/wordpress\/#website","url":"https:\/\/wp2.nige.de\/wordpress\/","name":"Nieders\u00e4chsisches Internatsgymnasium Esens | NIGE","description":"Nieders\u00e4chsisches Internatsgymnasium Esens","publisher":{"@id":"https:\/\/wp2.nige.de\/wordpress\/#organization"},"potentialAction":[{"@type":"SearchAction","target":{"@type":"EntryPoint","urlTemplate":"https:\/\/wp2.nige.de\/wordpress\/?s={search_term_string}"},"query-input":{"@type":"PropertyValueSpecification","valueRequired":true,"valueName":"search_term_string"}}],"inLanguage":"de"},{"@type":"Organization","@id":"https:\/\/wp2.nige.de\/wordpress\/#organization","name":"Nieders\u00e4chsisches Internatsgymnasium Esens","url":"https:\/\/wp2.nige.de\/wordpress\/","logo":{"@type":"ImageObject","inLanguage":"de","@id":"https:\/\/wp2.nige.de\/wordpress\/#\/schema\/logo\/image\/","url":"https:\/\/wp2.nige.de\/wordpress\/wp-content\/uploads\/2018\/08\/logo_nige.jpg","contentUrl":"https:\/\/wp2.nige.de\/wordpress\/wp-content\/uploads\/2018\/08\/logo_nige.jpg","width":1984,"height":1239,"caption":"Nieders\u00e4chsisches Internatsgymnasium Esens"},"image":{"@id":"https:\/\/wp2.nige.de\/wordpress\/#\/schema\/logo\/image\/"},"sameAs":["https:\/\/www.facebook.com\/NIGEsens\/"]}]}},"_links":{"self":[{"href":"https:\/\/wp2.nige.de\/wordpress\/wp-json\/wp\/v2\/pages\/1432","targetHints":{"allow":["GET"]}}],"collection":[{"href":"https:\/\/wp2.nige.de\/wordpress\/wp-json\/wp\/v2\/pages"}],"about":[{"href":"https:\/\/wp2.nige.de\/wordpress\/wp-json\/wp\/v2\/types\/page"}],"author":[{"embeddable":true,"href":"https:\/\/wp2.nige.de\/wordpress\/wp-json\/wp\/v2\/users\/28"}],"replies":[{"embeddable":true,"href":"https:\/\/wp2.nige.de\/wordpress\/wp-json\/wp\/v2\/comments?post=1432"}],"version-history":[{"count":19,"href":"https:\/\/wp2.nige.de\/wordpress\/wp-json\/wp\/v2\/pages\/1432\/revisions"}],"predecessor-version":[{"id":11760,"href":"https:\/\/wp2.nige.de\/wordpress\/wp-json\/wp\/v2\/pages\/1432\/revisions\/11760"}],"up":[{"embeddable":true,"href":"https:\/\/wp2.nige.de\/wordpress\/wp-json\/wp\/v2\/pages\/158"}],"wp:attachment":[{"href":"https:\/\/wp2.nige.de\/wordpress\/wp-json\/wp\/v2\/media?parent=1432"}],"curies":[{"name":"wp","href":"https:\/\/api.w.org\/{rel}","templated":true}]}}