{"id":14055,"date":"2023-04-12T08:45:48","date_gmt":"2023-04-12T06:45:48","guid":{"rendered":"https:\/\/wp2.nige.de\/wordpress\/?page_id=14055"},"modified":"2024-09-17T13:33:30","modified_gmt":"2024-09-17T11:33:30","slug":"erasmus-schuljahr-2023-2024","status":"publish","type":"page","link":"https:\/\/wp2.nige.de\/wordpress\/erasmus-schuljahr-2023-2024\/","title":{"rendered":"Erasmus+: Schuljahr 2023 &#8211; 2024"},"content":{"rendered":"<div><strong>Gruppenmobilit\u00e4t von Sch\u00fclerinnen und Sch\u00fclern<\/strong><\/div>\n<p><a href=\"https:\/\/wp2.nige.de\/wordpress\/multilaterales-projettreffen-in-italien-piacenza-oktober-2023\/\">Multilaterales Projettreffen in Italien, Piacenza (04. &#8211; 11. Oktober 2023)<\/a><br \/>\n<a href=\"https:\/\/wp2.nige.de\/wordpress\/bilaterales-projekttreffen-in-frankreich-cambrai\/\">Bilaterales Projekttreffen in Frankreich, Cambrai (21. &#8211; 28. November 2023)<\/a><br \/>\n<a href=\"https:\/\/wp2.nige.de\/wordpress\/multilaterales-projettreffen-in-frankreich-nimes\/\">Multilaterales Projettreffen in Frankreich, Nimes (28. Februar &#8211; 06. M\u00e4rz 2024)<\/a><\/p>\n<div><strong>Gruppenmobilit\u00e4t<\/strong><\/div>\n<div>&nbsp;<\/div>\n<div><a href=\"https:\/\/wp2.nige.de\/wordpress\/erasmus-projekt-2022-2024-abschlussfahrt-nach-bruessel\/\">Erasmus-Projekt 2022-2024 \u2013 Abschlussfahrt nach Br\u00fcssel (07. &#8211; 09. Juni 2024)<\/a><\/div>\n<div>&nbsp;<\/div>\n<div><strong>L\u00e4nder\u00fcbergreifendes Projekttreffen der KoordinatorenInnen<\/strong><\/div>\n<p><a href=\"https:\/\/wp2.nige.de\/wordpress\/vorbereitungstreffen-in-spanien-torre-pacheco\/\">Vorbereitungstreffen in Spanien, Torre Pacheco (21. &#8211; 25. April 2024)<\/a><\/p>\n<p><strong>Kurse und Schulungen<\/strong><\/p>\n<p><a href=\"https:\/\/wp2.nige.de\/wordpress\/erasmus-fortbildung-in-assen\/\">Erasmus+ Fortbildung in Assen (25. -.31. August 2024)<\/a><br \/>\n<a href=\"https:\/\/wp2.nige.de\/wordpress\/erasmus-fortbildung-in-palermo-neue-impulse-fuer-leadership-und-teamarbeit\/\">Erasmus+ Fortbildung in Palermo (25. -.31. August 2024)<\/a><\/p>\n<p><strong>Job Shadowing<\/strong><\/p>\n<p><a href=\"https:\/\/wp2.nige.de\/wordpress\/mit-erasmus-nach-groenland\/\">GUX Nuuk, Gr\u00f6nland (19. &#8211; 29. Mai 2024)<\/a><\/p>\n","protected":false},"excerpt":{"rendered":"<p>Gruppenmobilit\u00e4t von Sch\u00fclerinnen und Sch\u00fclern Multilaterales Projettreffen in Italien, Piacenza (04. &#8211; 11. Oktober 2023) Bilaterales Projekttreffen in Frankreich, Cambrai (21. &#8211; 28. November 2023) Multilaterales Projettreffen in Frankreich, Nimes (28. Februar &#8211; 06. M\u00e4rz 2024) Gruppenmobilit\u00e4t &nbsp; Erasmus-Projekt 2022-2024 \u2013 Abschlussfahrt nach Br\u00fcssel (07. &#8211;&#46;&#46;&#46;<\/p>\n","protected":false},"author":28,"featured_media":0,"parent":0,"menu_order":0,"comment_status":"closed","ping_status":"closed","template":"","meta":{"ngg_post_thumbnail":0,"footnotes":""},"class_list":["post-14055","page","type-page","status-publish","hentry"],"yoast_head":"<!-- This site is optimized with the Yoast SEO plugin v27.5 - https:\/\/yoast.com\/product\/yoast-seo-wordpress\/ -->\n<title>Erasmus+: Schuljahr 2023 - 2024 - NIGE<\/title>\n<meta name=\"robots\" content=\"index, follow, max-snippet:-1, max-image-preview:large, max-video-preview:-1\" \/>\n<link rel=\"canonical\" href=\"https:\/\/wp2.nige.de\/wordpress\/erasmus-schuljahr-2023-2024\/\" \/>\n<meta property=\"og:locale\" content=\"de_DE\" \/>\n<meta property=\"og:type\" content=\"article\" \/>\n<meta property=\"og:title\" content=\"Erasmus+: Schuljahr 2023 - 2024 - NIGE\" \/>\n<meta property=\"og:description\" content=\"Gruppenmobilit\u00e4t von Sch\u00fclerinnen und Sch\u00fclern Multilaterales Projettreffen in Italien, Piacenza (04. &#8211; 11. Oktober 2023) Bilaterales Projekttreffen in Frankreich, Cambrai (21. &#8211; 28. November 2023) Multilaterales Projettreffen in Frankreich, Nimes (28. Februar &#8211; 06. M\u00e4rz 2024) Gruppenmobilit\u00e4t &nbsp; Erasmus-Projekt 2022-2024 \u2013 Abschlussfahrt nach Br\u00fcssel (07. &#8211;&#046;&#046;&#046;\" \/>\n<meta property=\"og:url\" content=\"https:\/\/wp2.nige.de\/wordpress\/erasmus-schuljahr-2023-2024\/\" \/>\n<meta property=\"og:site_name\" content=\"NIGE\" \/>\n<meta property=\"article:publisher\" content=\"https:\/\/www.facebook.com\/NIGEsens\/\" \/>\n<meta property=\"article:modified_time\" content=\"2024-09-17T11:33:30+00:00\" \/>\n<meta name=\"twitter:card\" content=\"summary_large_image\" \/>\n<meta name=\"twitter:label1\" content=\"Gesch\u00e4tzte Lesezeit\" \/>\n\t<meta name=\"twitter:data1\" content=\"1\u00a0Minute\" \/>\n<script type=\"application\/ld+json\" class=\"yoast-schema-graph\">{\"@context\":\"https:\\\/\\\/schema.org\",\"@graph\":[{\"@type\":\"WebPage\",\"@id\":\"https:\\\/\\\/wp2.nige.de\\\/wordpress\\\/erasmus-schuljahr-2023-2024\\\/\",\"url\":\"https:\\\/\\\/wp2.nige.de\\\/wordpress\\\/erasmus-schuljahr-2023-2024\\\/\",\"name\":\"Erasmus+: Schuljahr 2023 - 2024 - NIGE\",\"isPartOf\":{\"@id\":\"https:\\\/\\\/wp2.nige.de\\\/wordpress\\\/#website\"},\"datePublished\":\"2023-04-12T06:45:48+00:00\",\"dateModified\":\"2024-09-17T11:33:30+00:00\",\"breadcrumb\":{\"@id\":\"https:\\\/\\\/wp2.nige.de\\\/wordpress\\\/erasmus-schuljahr-2023-2024\\\/#breadcrumb\"},\"inLanguage\":\"de\",\"potentialAction\":[{\"@type\":\"ReadAction\",\"target\":[\"https:\\\/\\\/wp2.nige.de\\\/wordpress\\\/erasmus-schuljahr-2023-2024\\\/\"]}]},{\"@type\":\"BreadcrumbList\",\"@id\":\"https:\\\/\\\/wp2.nige.de\\\/wordpress\\\/erasmus-schuljahr-2023-2024\\\/#breadcrumb\",\"itemListElement\":[{\"@type\":\"ListItem\",\"position\":1,\"name\":\"Startseite\",\"item\":\"https:\\\/\\\/wp2.nige.de\\\/wordpress\\\/\"},{\"@type\":\"ListItem\",\"position\":2,\"name\":\"Erasmus+: Schuljahr 2023 &#8211; 2024\"}]},{\"@type\":\"WebSite\",\"@id\":\"https:\\\/\\\/wp2.nige.de\\\/wordpress\\\/#website\",\"url\":\"https:\\\/\\\/wp2.nige.de\\\/wordpress\\\/\",\"name\":\"Nieders\u00e4chsisches Internatsgymnasium Esens | NIGE\",\"description\":\"Nieders\u00e4chsisches Internatsgymnasium Esens\",\"publisher\":{\"@id\":\"https:\\\/\\\/wp2.nige.de\\\/wordpress\\\/#organization\"},\"potentialAction\":[{\"@type\":\"SearchAction\",\"target\":{\"@type\":\"EntryPoint\",\"urlTemplate\":\"https:\\\/\\\/wp2.nige.de\\\/wordpress\\\/?s={search_term_string}\"},\"query-input\":{\"@type\":\"PropertyValueSpecification\",\"valueRequired\":true,\"valueName\":\"search_term_string\"}}],\"inLanguage\":\"de\"},{\"@type\":\"Organization\",\"@id\":\"https:\\\/\\\/wp2.nige.de\\\/wordpress\\\/#organization\",\"name\":\"Nieders\u00e4chsisches Internatsgymnasium Esens\",\"url\":\"https:\\\/\\\/wp2.nige.de\\\/wordpress\\\/\",\"logo\":{\"@type\":\"ImageObject\",\"inLanguage\":\"de\",\"@id\":\"https:\\\/\\\/wp2.nige.de\\\/wordpress\\\/#\\\/schema\\\/logo\\\/image\\\/\",\"url\":\"https:\\\/\\\/wp2.nige.de\\\/wordpress\\\/wp-content\\\/uploads\\\/2018\\\/08\\\/logo_nige.jpg\",\"contentUrl\":\"https:\\\/\\\/wp2.nige.de\\\/wordpress\\\/wp-content\\\/uploads\\\/2018\\\/08\\\/logo_nige.jpg\",\"width\":1984,\"height\":1239,\"caption\":\"Nieders\u00e4chsisches Internatsgymnasium Esens\"},\"image\":{\"@id\":\"https:\\\/\\\/wp2.nige.de\\\/wordpress\\\/#\\\/schema\\\/logo\\\/image\\\/\"},\"sameAs\":[\"https:\\\/\\\/www.facebook.com\\\/NIGEsens\\\/\"]}]}<\/script>\n<!-- \/ Yoast SEO plugin. -->","yoast_head_json":{"title":"Erasmus+: Schuljahr 2023 - 2024 - NIGE","robots":{"index":"index","follow":"follow","max-snippet":"max-snippet:-1","max-image-preview":"max-image-preview:large","max-video-preview":"max-video-preview:-1"},"canonical":"https:\/\/wp2.nige.de\/wordpress\/erasmus-schuljahr-2023-2024\/","og_locale":"de_DE","og_type":"article","og_title":"Erasmus+: Schuljahr 2023 - 2024 - NIGE","og_description":"Gruppenmobilit\u00e4t von Sch\u00fclerinnen und Sch\u00fclern Multilaterales Projettreffen in Italien, Piacenza (04. &#8211; 11. Oktober 2023) Bilaterales Projekttreffen in Frankreich, Cambrai (21. &#8211; 28. November 2023) Multilaterales Projettreffen in Frankreich, Nimes (28. Februar &#8211; 06. M\u00e4rz 2024) Gruppenmobilit\u00e4t &nbsp; Erasmus-Projekt 2022-2024 \u2013 Abschlussfahrt nach Br\u00fcssel (07. &#8211;&#46;&#46;&#46;","og_url":"https:\/\/wp2.nige.de\/wordpress\/erasmus-schuljahr-2023-2024\/","og_site_name":"NIGE","article_publisher":"https:\/\/www.facebook.com\/NIGEsens\/","article_modified_time":"2024-09-17T11:33:30+00:00","twitter_card":"summary_large_image","twitter_misc":{"Gesch\u00e4tzte Lesezeit":"1\u00a0Minute"},"schema":{"@context":"https:\/\/schema.org","@graph":[{"@type":"WebPage","@id":"https:\/\/wp2.nige.de\/wordpress\/erasmus-schuljahr-2023-2024\/","url":"https:\/\/wp2.nige.de\/wordpress\/erasmus-schuljahr-2023-2024\/","name":"Erasmus+: Schuljahr 2023 - 2024 - NIGE","isPartOf":{"@id":"https:\/\/wp2.nige.de\/wordpress\/#website"},"datePublished":"2023-04-12T06:45:48+00:00","dateModified":"2024-09-17T11:33:30+00:00","breadcrumb":{"@id":"https:\/\/wp2.nige.de\/wordpress\/erasmus-schuljahr-2023-2024\/#breadcrumb"},"inLanguage":"de","potentialAction":[{"@type":"ReadAction","target":["https:\/\/wp2.nige.de\/wordpress\/erasmus-schuljahr-2023-2024\/"]}]},{"@type":"BreadcrumbList","@id":"https:\/\/wp2.nige.de\/wordpress\/erasmus-schuljahr-2023-2024\/#breadcrumb","itemListElement":[{"@type":"ListItem","position":1,"name":"Startseite","item":"https:\/\/wp2.nige.de\/wordpress\/"},{"@type":"ListItem","position":2,"name":"Erasmus+: Schuljahr 2023 &#8211; 2024"}]},{"@type":"WebSite","@id":"https:\/\/wp2.nige.de\/wordpress\/#website","url":"https:\/\/wp2.nige.de\/wordpress\/","name":"Nieders\u00e4chsisches Internatsgymnasium Esens | NIGE","description":"Nieders\u00e4chsisches Internatsgymnasium Esens","publisher":{"@id":"https:\/\/wp2.nige.de\/wordpress\/#organization"},"potentialAction":[{"@type":"SearchAction","target":{"@type":"EntryPoint","urlTemplate":"https:\/\/wp2.nige.de\/wordpress\/?s={search_term_string}"},"query-input":{"@type":"PropertyValueSpecification","valueRequired":true,"valueName":"search_term_string"}}],"inLanguage":"de"},{"@type":"Organization","@id":"https:\/\/wp2.nige.de\/wordpress\/#organization","name":"Nieders\u00e4chsisches Internatsgymnasium Esens","url":"https:\/\/wp2.nige.de\/wordpress\/","logo":{"@type":"ImageObject","inLanguage":"de","@id":"https:\/\/wp2.nige.de\/wordpress\/#\/schema\/logo\/image\/","url":"https:\/\/wp2.nige.de\/wordpress\/wp-content\/uploads\/2018\/08\/logo_nige.jpg","contentUrl":"https:\/\/wp2.nige.de\/wordpress\/wp-content\/uploads\/2018\/08\/logo_nige.jpg","width":1984,"height":1239,"caption":"Nieders\u00e4chsisches Internatsgymnasium Esens"},"image":{"@id":"https:\/\/wp2.nige.de\/wordpress\/#\/schema\/logo\/image\/"},"sameAs":["https:\/\/www.facebook.com\/NIGEsens\/"]}]}},"_links":{"self":[{"href":"https:\/\/wp2.nige.de\/wordpress\/wp-json\/wp\/v2\/pages\/14055","targetHints":{"allow":["GET"]}}],"collection":[{"href":"https:\/\/wp2.nige.de\/wordpress\/wp-json\/wp\/v2\/pages"}],"about":[{"href":"https:\/\/wp2.nige.de\/wordpress\/wp-json\/wp\/v2\/types\/page"}],"author":[{"embeddable":true,"href":"https:\/\/wp2.nige.de\/wordpress\/wp-json\/wp\/v2\/users\/28"}],"replies":[{"embeddable":true,"href":"https:\/\/wp2.nige.de\/wordpress\/wp-json\/wp\/v2\/comments?post=14055"}],"version-history":[{"count":19,"href":"https:\/\/wp2.nige.de\/wordpress\/wp-json\/wp\/v2\/pages\/14055\/revisions"}],"predecessor-version":[{"id":15807,"href":"https:\/\/wp2.nige.de\/wordpress\/wp-json\/wp\/v2\/pages\/14055\/revisions\/15807"}],"wp:attachment":[{"href":"https:\/\/wp2.nige.de\/wordpress\/wp-json\/wp\/v2\/media?parent=14055"}],"curies":[{"name":"wp","href":"https:\/\/api.w.org\/{rel}","templated":true}]}}