{"id":1398,"date":"2013-10-08T16:44:41","date_gmt":"2013-10-08T14:44:41","guid":{"rendered":"http:\/\/wordpress.nige.de\/wordpress\/?page_id=1398"},"modified":"2024-06-21T08:29:02","modified_gmt":"2024-06-21T06:29:02","slug":"geschichte","status":"publish","type":"page","link":"https:\/\/wp2.nige.de\/wordpress\/sample-page\/gesellschaftswissenschaften\/geschichte\/","title":{"rendered":"Geschichte"},"content":{"rendered":"<blockquote><p>Geschichte kennt kein letztes Wort.<\/p><\/blockquote>\n<address><strong>&#8211; Willi Brandt<\/strong><\/address>\n<address>&nbsp;<\/address>\n<address>\n<h4><strong><span style=\"color: #000080;\"><b>Fachkollegium<\/b><\/span><\/strong><\/h4>\n<p>Frau Daria Althoff<br \/>\nHerr Ulrich Apke<br \/>\nFrau Elise Bessert<br \/>\nFrau Nasim Bikker<br \/>\nHerr Michael Dorfm\u00fcller<br \/>\nHerr Martin Ebert (Fachkonferenzleiter)<br \/>\nHerr Stefan G\u00fcnther<br \/>\nHerr J\u00fcrgen H\u00f6lscher<br \/>\nFrau Kerstin Knost<br \/>\nHerr Philipp Kolbe<br \/>\nFrau Helke Krieger<br \/>\nHerr Wilfried Schnabel<br \/>\nFrau Angelika Schwemm<br \/>\nHerr Andreas Stekker<br \/>\nHerr Thilo Thedinga<br \/>\nFrau Kati Tonn<\/p>\n<\/address>\n<h4><span style=\"color: #993300;\"><b><span style=\"color: #000080;\">Stellenwert&nbsp;des Faches Geschichte im Schulsystem<\/span> <\/b><\/span><\/h4>\n<table border=\"1\" cellspacing=\"0\" cellpadding=\"0\">\n<tbody>\n<tr>\n<td valign=\"top\" width=\"203\">Klassenstufe<\/td>\n<td valign=\"top\" width=\"203\">Wochenstunden<\/td>\n<\/tr>\n<tr>\n<td valign=\"top\" width=\"203\">Klasse 5<\/td>\n<td valign=\"top\" width=\"203\">2<\/td>\n<\/tr>\n<tr>\n<td valign=\"top\" width=\"203\">Klasse 6<\/td>\n<td valign=\"top\" width=\"203\">2<\/td>\n<\/tr>\n<tr>\n<td valign=\"top\" width=\"203\">Klasse 7<\/td>\n<td valign=\"top\" width=\"203\">1<\/td>\n<\/tr>\n<tr>\n<td valign=\"top\" width=\"203\">Klasse 8<\/td>\n<td valign=\"top\" width=\"203\">1<\/td>\n<\/tr>\n<tr>\n<td valign=\"top\" width=\"203\">Klasse 9<\/td>\n<td valign=\"top\" width=\"203\">1<\/td>\n<\/tr>\n<tr>\n<td valign=\"top\" width=\"203\">Klasse 10<\/td>\n<td valign=\"top\" width=\"203\">2<\/td>\n<\/tr>\n<tr>\n<td valign=\"top\" width=\"203\">Einf\u00fchrungsphase (Jahrgang 11)<\/td>\n<td valign=\"top\" width=\"203\">2<\/td>\n<\/tr>\n<tr>\n<td valign=\"top\" width=\"203\">Qualifikationsphase&nbsp;<\/td>\n<td valign=\"top\" width=\"203\">Schwerpunktkurs 5&nbsp; &nbsp;Grundkurs 3&nbsp;<\/td>\n<\/tr>\n<\/tbody>\n<\/table>\n<h4><span style=\"color: #000080;\"><b>Qualifikationsphase<\/b><\/span><\/h4>\n<p>Das Fach Geschichte steht an der Spitze des gesellschaftlichen Profils (E1), kann aber auch als E3 Fach in anderen Profilen sowie als P4 bzw. P5 Fach gew\u00e4hlt werden. Wer das gesellschaftliche Profil w\u00e4hlt, muss 2 Semester lang eine zus\u00e4tzliche Naturwissenschaft oder Fremdsprache (je 4 Stunden ) belegen. Auf jeden Fall muss Geschichte zumindest als Auflagenfach (g2) zweist\u00fcndig f\u00fcr zwei Semester belegt werden.<\/p>\n<h4><a title=\"Geschichte (bilingual)\" href=\"http:\/\/wp2.nige.de\/wordpress\/?page_id=1432\"><strong><span style=\"color: #000080;\">Bilingualer Unterricht<\/span><\/strong><\/a><\/h4>\n<p>Bilingualer Unterricht bzw. \u201efremdsprachlich erteilter Sachfachunterricht\u201c wird seit einigen Jahren am Nieders\u00e4chsischen Internatsgymnasium ab Klasse 8 unterrichtet. Mehr dazu <a title=\"Geschichte (bilingual)\" href=\"http:\/\/wp2.nige.de\/wordpress\/?page_id=1432\">hier<\/a>.<\/p>\n<p><strong><span style=\"color: #000080;\">Konferenzvertreter Eltern:&nbsp;<\/span><\/strong><\/p>\n<p>Frau Claassen, Herr Foken, Frau Harlfinger<\/p>\n<p><strong><span style=\"color: #000080;\">Konferenzvertreter Sch\u00fcler:&nbsp;<\/span><\/strong><\/p>\n<p>Louis-Levin Feix, Lilly Osterloh.<\/p>\n<h4><strong><span style=\"color: #000080;\">Unterrichtsinhalte<\/span><\/strong><\/h4>\n<div>F\u00fcr die Schuljahrg\u00e4nge 5 bis 9 gilt seit August 2015 das neue Kerncurriculum Geschichte f\u00fcr das Gymnasium Details sind abzurufen unter <a href=\"http:\/\/db2.nibis.de\/1db\/cuvo\/datei\/ge_gym_si_kc_druck.pdf\">www.nibis.ni.schule.de<\/a><\/div>\n<div>&nbsp;<\/div>\n<div><a href=\"http:\/\/wp2.nige.de\/wordpress\/?attachment_id=10543\">Fach Curriculum f\u00fcr den Jahrgang 5<\/a> (PDF)<\/div>\n<div><a href=\"http:\/\/wp2.nige.de\/wordpress\/?attachment_id=10544\">Fach Curriculum f\u00fcr den Jahrgang 6<\/a> (PDF)<\/div>\n<div><a href=\"http:\/\/wp2.nige.de\/wordpress\/wp-content\/uploads\/2019\/09\/Jahrgangsplan-Geschichte-7.pdf\">Fach Curriculum f\u00fcr den Jahrgang 7<\/a> (PDF)<\/div>\n<div><a href=\"http:\/\/wp2.nige.de\/wordpress\/wp-content\/uploads\/2019\/09\/Jahrgangsplan-Geschichte-8.pdf\">Fach Curriculum f\u00fcr den Jahrgang 8<\/a> (PDF)<\/div>\n<div><a href=\"http:\/\/wp2.nige.de\/wordpress\/wp-content\/uploads\/2019\/09\/Jahrgangsplan-Geschichte-9.pdf\">Fach Curriculum f\u00fcr den Jahrgang 9<\/a> (PDF)<\/div>\n<div><a href=\"http:\/\/wp2.nige.de\/wordpress\/wp-content\/uploads\/2019\/09\/Jahrgangsplan-Geschichte-10.pdf\">Fach Curriculum f\u00fcr den Jahrgang 10<\/a> (PDF)<\/div>\n<div><a href=\"http:\/\/wp2.nige.de\/wordpress\/wp-content\/uploads\/2019\/09\/Jahrgangsplan-Geschichte-11.pdf\">Fach Curriculum f\u00fcr den Jahrgang 11<\/a> (PDF)<\/div>\n<div>&nbsp;<\/div>\n<div>F\u00fcr den diesj\u00e4hrigen Schuljahrgang 10 gilt letztmalig das seit August 2008 herausgegebene Kerncurriculum Geschichte f\u00fcr das Gymnasium Schuljahrg\u00e4nge 5 bis 10, das unter folgendem Link abzurufen ist:&nbsp;<a href=\"http:\/\/db2.nibis.de\/1db\/cuvo\/datei\/kc_gym_gesch_08_nib.pdf\">http:\/\/db2.nibis.de\/1db\/cuvo\/datei\/kc_gym_gesch_08_nib.pdf<\/a>.<\/div>\n<div>&nbsp;<\/div>\n<h4><strong><span style=\"color: #000080;\">Thematische Schwerpunkte f\u00fcr das Zentralabitur<\/span><\/strong><\/h4>\n<div><a href=\"http:\/\/wp2.nige.de\/wordpress\/?attachment_id=10550\">F\u00fcr das Zentralabitur 2020<\/a> (PDF)<\/div>\n<div><a href=\"http:\/\/wp2.nige.de\/wordpress\/wp-content\/uploads\/2019\/09\/10GeschichteHinweise2021.pdf\">F\u00fcr das Zentralabitur 2021<\/a> (PDF)<\/div>\n<div><a href=\"http:\/\/wp2.nige.de\/wordpress\/wp-content\/uploads\/2019\/09\/10GeschichteHinweise2022.pdf\">F\u00fcr das Zentralabitur 2022<\/a> (PDF)<\/div>\n<h4><strong><span style=\"color: #000080;\">Leistungsbewertung<\/span><\/strong><\/h4>\n<p><a href=\"http:\/\/wp2.nige.de\/wordpress\/wp-content\/uploads\/2019\/08\/Bewertungstransparenz-Geschichte.pdf\">Bewertungstransparenz<\/a> (PDF)<\/p>\n<p><span style=\"color: #000080;\"><strong>&nbsp;<\/strong><\/span><span style=\"color: #000080;\"><b>&nbsp;Exkursionen und Fahrten<\/b><\/span><\/p>\n<div style=\"text-align: justify;\">Bei den Studienfahrten im Jahrgang 12 wird stets Wert darauf gelegt, ein historisches Fahrtenziel anzubieten. So wurden in&nbsp;den Jahren 2001 und 2002 Griechenland (Korinth) (\u201edie Wiege der Demokratie\u201c),&nbsp;2004 Malta (verschiedene historische Kulturen formen die Geschichte einer Insel) und 2009 Kreta (die \u00e4lteste Kultur Europas)&nbsp;angeboten.<\/div>\n<div style=\"text-align: justify;\">F\u00fcr die 7. Klassen kann der Wandertag f\u00fcr das Varus-Schlacht Museum in Kalkriese in Zusammenarbeit mit der Fachgruppe Latein genutzt werden. In Planung sind z.Z. Exkursionen zur Gedenkst\u00e4tte Bergen-Belsen (Jahrgang 9) und Klasse 8 ins Industriemuseum Nordwolle in Delmenhorst. Das Fach Geschichte beteiligt sich regelm\u00e4\u00dfig mit Lerngruppen der Sekundarstufe 1 an der Gestaltung des Gedenktages zum Bombenabwurf auf Esens am 27. September 1943.<\/div>\n","protected":false},"excerpt":{"rendered":"<p>Geschichte kennt kein letztes Wort. &#8211; Willi Brandt &nbsp; Fachkollegium Frau Daria Althoff Herr Ulrich Apke Frau Elise Bessert Frau Nasim Bikker Herr Michael Dorfm\u00fcller Herr Martin Ebert (Fachkonferenzleiter) Herr Stefan G\u00fcnther Herr J\u00fcrgen H\u00f6lscher Frau Kerstin Knost Herr Philipp Kolbe Frau Helke Krieger Herr Wilfried&#46;&#46;&#46;<\/p>\n","protected":false},"author":28,"featured_media":0,"parent":158,"menu_order":0,"comment_status":"open","ping_status":"open","template":"","meta":{"ngg_post_thumbnail":0,"footnotes":""},"class_list":["post-1398","page","type-page","status-publish","hentry"],"yoast_head":"<!-- This site is optimized with the Yoast SEO plugin v27.5 - https:\/\/yoast.com\/product\/yoast-seo-wordpress\/ -->\n<title>Geschichte - NIGE<\/title>\n<meta name=\"robots\" content=\"index, follow, max-snippet:-1, max-image-preview:large, max-video-preview:-1\" \/>\n<link rel=\"canonical\" href=\"https:\/\/wp2.nige.de\/wordpress\/sample-page\/gesellschaftswissenschaften\/geschichte\/\" \/>\n<meta property=\"og:locale\" content=\"de_DE\" \/>\n<meta property=\"og:type\" content=\"article\" \/>\n<meta property=\"og:title\" content=\"Geschichte - NIGE\" \/>\n<meta property=\"og:description\" content=\"Geschichte kennt kein letztes Wort. &#8211; Willi Brandt &nbsp; Fachkollegium Frau Daria Althoff Herr Ulrich Apke Frau Elise Bessert Frau Nasim Bikker Herr Michael Dorfm\u00fcller Herr Martin Ebert (Fachkonferenzleiter) Herr Stefan G\u00fcnther Herr J\u00fcrgen H\u00f6lscher Frau Kerstin Knost Herr Philipp Kolbe Frau Helke Krieger Herr Wilfried&#046;&#046;&#046;\" \/>\n<meta property=\"og:url\" content=\"https:\/\/wp2.nige.de\/wordpress\/sample-page\/gesellschaftswissenschaften\/geschichte\/\" \/>\n<meta property=\"og:site_name\" content=\"NIGE\" \/>\n<meta property=\"article:publisher\" content=\"https:\/\/www.facebook.com\/NIGEsens\/\" \/>\n<meta property=\"article:modified_time\" content=\"2024-06-21T06:29:02+00:00\" \/>\n<meta name=\"twitter:card\" content=\"summary_large_image\" \/>\n<meta name=\"twitter:label1\" content=\"Gesch\u00e4tzte Lesezeit\" \/>\n\t<meta name=\"twitter:data1\" content=\"3\u00a0Minuten\" \/>\n<script type=\"application\/ld+json\" class=\"yoast-schema-graph\">{\"@context\":\"https:\\\/\\\/schema.org\",\"@graph\":[{\"@type\":\"WebPage\",\"@id\":\"https:\\\/\\\/wp2.nige.de\\\/wordpress\\\/sample-page\\\/gesellschaftswissenschaften\\\/geschichte\\\/\",\"url\":\"https:\\\/\\\/wp2.nige.de\\\/wordpress\\\/sample-page\\\/gesellschaftswissenschaften\\\/geschichte\\\/\",\"name\":\"Geschichte - NIGE\",\"isPartOf\":{\"@id\":\"https:\\\/\\\/wp2.nige.de\\\/wordpress\\\/#website\"},\"datePublished\":\"2013-10-08T14:44:41+00:00\",\"dateModified\":\"2024-06-21T06:29:02+00:00\",\"breadcrumb\":{\"@id\":\"https:\\\/\\\/wp2.nige.de\\\/wordpress\\\/sample-page\\\/gesellschaftswissenschaften\\\/geschichte\\\/#breadcrumb\"},\"inLanguage\":\"de\",\"potentialAction\":[{\"@type\":\"ReadAction\",\"target\":[\"https:\\\/\\\/wp2.nige.de\\\/wordpress\\\/sample-page\\\/gesellschaftswissenschaften\\\/geschichte\\\/\"]}]},{\"@type\":\"BreadcrumbList\",\"@id\":\"https:\\\/\\\/wp2.nige.de\\\/wordpress\\\/sample-page\\\/gesellschaftswissenschaften\\\/geschichte\\\/#breadcrumb\",\"itemListElement\":[{\"@type\":\"ListItem\",\"position\":1,\"name\":\"Startseite\",\"item\":\"https:\\\/\\\/wp2.nige.de\\\/wordpress\\\/\"},{\"@type\":\"ListItem\",\"position\":2,\"name\":\"NIGE\",\"item\":\"https:\\\/\\\/wp2.nige.de\\\/wordpress\\\/sample-page\\\/\"},{\"@type\":\"ListItem\",\"position\":3,\"name\":\"Sozialwissenschaften\",\"item\":\"https:\\\/\\\/wp2.nige.de\\\/wordpress\\\/sample-page\\\/gesellschaftswissenschaften\\\/\"},{\"@type\":\"ListItem\",\"position\":4,\"name\":\"Geschichte\"}]},{\"@type\":\"WebSite\",\"@id\":\"https:\\\/\\\/wp2.nige.de\\\/wordpress\\\/#website\",\"url\":\"https:\\\/\\\/wp2.nige.de\\\/wordpress\\\/\",\"name\":\"Nieders\u00e4chsisches Internatsgymnasium Esens | NIGE\",\"description\":\"Nieders\u00e4chsisches Internatsgymnasium Esens\",\"publisher\":{\"@id\":\"https:\\\/\\\/wp2.nige.de\\\/wordpress\\\/#organization\"},\"potentialAction\":[{\"@type\":\"SearchAction\",\"target\":{\"@type\":\"EntryPoint\",\"urlTemplate\":\"https:\\\/\\\/wp2.nige.de\\\/wordpress\\\/?s={search_term_string}\"},\"query-input\":{\"@type\":\"PropertyValueSpecification\",\"valueRequired\":true,\"valueName\":\"search_term_string\"}}],\"inLanguage\":\"de\"},{\"@type\":\"Organization\",\"@id\":\"https:\\\/\\\/wp2.nige.de\\\/wordpress\\\/#organization\",\"name\":\"Nieders\u00e4chsisches Internatsgymnasium Esens\",\"url\":\"https:\\\/\\\/wp2.nige.de\\\/wordpress\\\/\",\"logo\":{\"@type\":\"ImageObject\",\"inLanguage\":\"de\",\"@id\":\"https:\\\/\\\/wp2.nige.de\\\/wordpress\\\/#\\\/schema\\\/logo\\\/image\\\/\",\"url\":\"https:\\\/\\\/wp2.nige.de\\\/wordpress\\\/wp-content\\\/uploads\\\/2018\\\/08\\\/logo_nige.jpg\",\"contentUrl\":\"https:\\\/\\\/wp2.nige.de\\\/wordpress\\\/wp-content\\\/uploads\\\/2018\\\/08\\\/logo_nige.jpg\",\"width\":1984,\"height\":1239,\"caption\":\"Nieders\u00e4chsisches Internatsgymnasium Esens\"},\"image\":{\"@id\":\"https:\\\/\\\/wp2.nige.de\\\/wordpress\\\/#\\\/schema\\\/logo\\\/image\\\/\"},\"sameAs\":[\"https:\\\/\\\/www.facebook.com\\\/NIGEsens\\\/\"]}]}<\/script>\n<!-- \/ Yoast SEO plugin. -->","yoast_head_json":{"title":"Geschichte - NIGE","robots":{"index":"index","follow":"follow","max-snippet":"max-snippet:-1","max-image-preview":"max-image-preview:large","max-video-preview":"max-video-preview:-1"},"canonical":"https:\/\/wp2.nige.de\/wordpress\/sample-page\/gesellschaftswissenschaften\/geschichte\/","og_locale":"de_DE","og_type":"article","og_title":"Geschichte - NIGE","og_description":"Geschichte kennt kein letztes Wort. &#8211; Willi Brandt &nbsp; Fachkollegium Frau Daria Althoff Herr Ulrich Apke Frau Elise Bessert Frau Nasim Bikker Herr Michael Dorfm\u00fcller Herr Martin Ebert (Fachkonferenzleiter) Herr Stefan G\u00fcnther Herr J\u00fcrgen H\u00f6lscher Frau Kerstin Knost Herr Philipp Kolbe Frau Helke Krieger Herr Wilfried&#46;&#46;&#46;","og_url":"https:\/\/wp2.nige.de\/wordpress\/sample-page\/gesellschaftswissenschaften\/geschichte\/","og_site_name":"NIGE","article_publisher":"https:\/\/www.facebook.com\/NIGEsens\/","article_modified_time":"2024-06-21T06:29:02+00:00","twitter_card":"summary_large_image","twitter_misc":{"Gesch\u00e4tzte Lesezeit":"3\u00a0Minuten"},"schema":{"@context":"https:\/\/schema.org","@graph":[{"@type":"WebPage","@id":"https:\/\/wp2.nige.de\/wordpress\/sample-page\/gesellschaftswissenschaften\/geschichte\/","url":"https:\/\/wp2.nige.de\/wordpress\/sample-page\/gesellschaftswissenschaften\/geschichte\/","name":"Geschichte - NIGE","isPartOf":{"@id":"https:\/\/wp2.nige.de\/wordpress\/#website"},"datePublished":"2013-10-08T14:44:41+00:00","dateModified":"2024-06-21T06:29:02+00:00","breadcrumb":{"@id":"https:\/\/wp2.nige.de\/wordpress\/sample-page\/gesellschaftswissenschaften\/geschichte\/#breadcrumb"},"inLanguage":"de","potentialAction":[{"@type":"ReadAction","target":["https:\/\/wp2.nige.de\/wordpress\/sample-page\/gesellschaftswissenschaften\/geschichte\/"]}]},{"@type":"BreadcrumbList","@id":"https:\/\/wp2.nige.de\/wordpress\/sample-page\/gesellschaftswissenschaften\/geschichte\/#breadcrumb","itemListElement":[{"@type":"ListItem","position":1,"name":"Startseite","item":"https:\/\/wp2.nige.de\/wordpress\/"},{"@type":"ListItem","position":2,"name":"NIGE","item":"https:\/\/wp2.nige.de\/wordpress\/sample-page\/"},{"@type":"ListItem","position":3,"name":"Sozialwissenschaften","item":"https:\/\/wp2.nige.de\/wordpress\/sample-page\/gesellschaftswissenschaften\/"},{"@type":"ListItem","position":4,"name":"Geschichte"}]},{"@type":"WebSite","@id":"https:\/\/wp2.nige.de\/wordpress\/#website","url":"https:\/\/wp2.nige.de\/wordpress\/","name":"Nieders\u00e4chsisches Internatsgymnasium Esens | NIGE","description":"Nieders\u00e4chsisches Internatsgymnasium Esens","publisher":{"@id":"https:\/\/wp2.nige.de\/wordpress\/#organization"},"potentialAction":[{"@type":"SearchAction","target":{"@type":"EntryPoint","urlTemplate":"https:\/\/wp2.nige.de\/wordpress\/?s={search_term_string}"},"query-input":{"@type":"PropertyValueSpecification","valueRequired":true,"valueName":"search_term_string"}}],"inLanguage":"de"},{"@type":"Organization","@id":"https:\/\/wp2.nige.de\/wordpress\/#organization","name":"Nieders\u00e4chsisches Internatsgymnasium Esens","url":"https:\/\/wp2.nige.de\/wordpress\/","logo":{"@type":"ImageObject","inLanguage":"de","@id":"https:\/\/wp2.nige.de\/wordpress\/#\/schema\/logo\/image\/","url":"https:\/\/wp2.nige.de\/wordpress\/wp-content\/uploads\/2018\/08\/logo_nige.jpg","contentUrl":"https:\/\/wp2.nige.de\/wordpress\/wp-content\/uploads\/2018\/08\/logo_nige.jpg","width":1984,"height":1239,"caption":"Nieders\u00e4chsisches Internatsgymnasium Esens"},"image":{"@id":"https:\/\/wp2.nige.de\/wordpress\/#\/schema\/logo\/image\/"},"sameAs":["https:\/\/www.facebook.com\/NIGEsens\/"]}]}},"_links":{"self":[{"href":"https:\/\/wp2.nige.de\/wordpress\/wp-json\/wp\/v2\/pages\/1398","targetHints":{"allow":["GET"]}}],"collection":[{"href":"https:\/\/wp2.nige.de\/wordpress\/wp-json\/wp\/v2\/pages"}],"about":[{"href":"https:\/\/wp2.nige.de\/wordpress\/wp-json\/wp\/v2\/types\/page"}],"author":[{"embeddable":true,"href":"https:\/\/wp2.nige.de\/wordpress\/wp-json\/wp\/v2\/users\/28"}],"replies":[{"embeddable":true,"href":"https:\/\/wp2.nige.de\/wordpress\/wp-json\/wp\/v2\/comments?post=1398"}],"version-history":[{"count":67,"href":"https:\/\/wp2.nige.de\/wordpress\/wp-json\/wp\/v2\/pages\/1398\/revisions"}],"predecessor-version":[{"id":15651,"href":"https:\/\/wp2.nige.de\/wordpress\/wp-json\/wp\/v2\/pages\/1398\/revisions\/15651"}],"up":[{"embeddable":true,"href":"https:\/\/wp2.nige.de\/wordpress\/wp-json\/wp\/v2\/pages\/158"}],"wp:attachment":[{"href":"https:\/\/wp2.nige.de\/wordpress\/wp-json\/wp\/v2\/media?parent=1398"}],"curies":[{"name":"wp","href":"https:\/\/api.w.org\/{rel}","templated":true}]}}