{"id":13148,"date":"2022-07-05T14:53:51","date_gmt":"2022-07-05T12:53:51","guid":{"rendered":"https:\/\/wp2.nige.de\/wordpress\/?page_id=13148"},"modified":"2024-08-05T11:38:45","modified_gmt":"2024-08-05T09:38:45","slug":"beitraege-des-schreibwettbewerbs","status":"publish","type":"page","link":"https:\/\/wp2.nige.de\/wordpress\/sample-page\/sprachen\/deutsch-2\/beitraege-des-schreibwettbewerbs\/","title":{"rendered":"Beitr\u00e4ge des Schreibwettbewerbs"},"content":{"rendered":"<h2 style=\"text-align: center;\"><strong>Gewinnerbeitr\u00e4ge 2023\/2024<\/strong><\/h2>\n<p><a href=\"https:\/\/wp2.nige.de\/wordpress\/wp-content\/uploads\/2024\/08\/Gewinner-Jg.-56-Henry-Miller-5a.pdf\">Gewinner Jg. 5 &amp; 6 Henry Miller, 5a<\/a>&nbsp;(.pdf)<\/p>\n<p><a href=\"https:\/\/wp2.nige.de\/wordpress\/wp-content\/uploads\/2024\/08\/Gewinnerin-Jg.-78-Pauline-Melles-8-FLS3.pdf\">Gewinnerin Jg. 7 &amp; 8 Pauline Melles, 8FLS3<\/a>&nbsp;(.pdf)<\/p>\n<p><a href=\"https:\/\/wp2.nige.de\/wordpress\/wp-content\/uploads\/2024\/08\/Gewinnerin-Jg.-910-Lea-Klattenberg10b.pdf\">Gewinnerin Jg. 9 &amp; 10 Lea Klattenberg, 10b<\/a>&nbsp; (.pdf)<\/p>\n<p><a href=\"https:\/\/wp2.nige.de\/wordpress\/wp-content\/uploads\/2024\/08\/Gewinnerin-Oberstufe-Leoni-Voss-11e.pdf\">Gewinnerin Oberstufe Leonie Voss, 11e<\/a> (.pdf)<\/p>\n<h2>&nbsp;<\/h2>\n<h2 style=\"text-align: center;\"><strong>Gewinnerbeitr\u00e4ge 2022\/2023<\/strong><\/h2>\n<p><a href=\"https:\/\/wp2.nige.de\/wordpress\/wp-content\/uploads\/2023\/05\/Gewinner-Jg-56-Finn-Grhlich-6c.pdf\">Gewinner Jg. 5 &amp; 6 Finn Gr\u00f6hlich, 6c<\/a> (.pdf)<\/p>\n<p><a href=\"https:\/\/wp2.nige.de\/wordpress\/wp-content\/uploads\/2023\/05\/Gewinner-Jg-78-Jannika-Solty-8S2.pdf\">Gewinnerin Jg. 7 &amp; 8 Jannika Solty, 8S2<\/a> (.pdf)<\/p>\n<p><a href=\"https:\/\/wp2.nige.de\/wordpress\/wp-content\/uploads\/2023\/05\/Gewinner-Jg-910-Emma-Berreth-9b.pdf\">Gewinnerin Jg. 7 &amp; 8 Emma Berreth, 9b<\/a>&nbsp; (.pdf)<\/p>\n<p><a href=\"https:\/\/wp2.nige.de\/wordpress\/wp-content\/uploads\/2023\/05\/Gewinner-Oberstufe-Dinah-Ehnts-12.pdf\">Gewinnerin Oberstufe Dinah Ehnts, 12<\/a> (.pdf)<\/p>\n<h2>&nbsp;<\/h2>\n<h2 style=\"text-align: center;\"><strong>Gewinnerbeitr\u00e4ge 2021\/2022<\/strong><\/h2>\n<p><a href=\"https:\/\/wp2.nige.de\/wordpress\/wp-content\/uploads\/2022\/07\/Anni-Busse-6d-Gewinnerin-Jg.56.pdf\">Gewinnerin Jg. 5 &amp; 6 Anni Busse, 6d<\/a> (.pdf)<\/p>\n<p><a href=\"https:\/\/wp2.nige.de\/wordpress\/wp-content\/uploads\/2022\/07\/Emma-Berreth-8S1-Gewinnnerin-Jg.-78.pdf\">Gewinnerin Jg. 7 &amp; 8 Emma Berreth 8S1<\/a> (.pdf)<\/p>\n<p><a href=\"https:\/\/wp2.nige.de\/wordpress\/wp-content\/uploads\/2022\/07\/Lea-Klattenberg-Gewinnerin-Jg.-78.pdf\">Gewinnerin Jg. 7 &amp; 8 Lea Klattenberg 8S1<\/a>&nbsp; (.pdf)<\/p>\n<p><a href=\"https:\/\/wp2.nige.de\/wordpress\/wp-content\/uploads\/2022\/07\/Ana-Dezic-11a-Gewinnerin-Oberstufe.pdf\">Gewinnerin Oberstufe Ana Dezic 11a<\/a> (.pdf)<\/p>\n<p>Die hier aufgelisteten Beitr\u00e4ge d\u00fcrfen ausschlie\u00dflich zur eigenen Nutzung und nicht zur Weiterverbreitung genutzt werden.<\/p>\n","protected":false},"excerpt":{"rendered":"<p>Gewinnerbeitr\u00e4ge 2023\/2024 Gewinner Jg. 5 &amp; 6 Henry Miller, 5a&nbsp;(.pdf) Gewinnerin Jg. 7 &amp; 8 Pauline Melles, 8FLS3&nbsp;(.pdf) Gewinnerin Jg. 9 &amp; 10 Lea Klattenberg, 10b&nbsp; (.pdf) Gewinnerin Oberstufe Leonie Voss, 11e (.pdf) &nbsp; Gewinnerbeitr\u00e4ge 2022\/2023 Gewinner Jg. 5 &amp; 6 Finn Gr\u00f6hlich, 6c (.pdf) Gewinnerin&#46;&#46;&#46;<\/p>\n","protected":false},"author":28,"featured_media":0,"parent":1556,"menu_order":0,"comment_status":"closed","ping_status":"closed","template":"","meta":{"ngg_post_thumbnail":0,"footnotes":""},"class_list":["post-13148","page","type-page","status-publish","hentry"],"yoast_head":"<!-- This site is optimized with the Yoast SEO plugin v27.5 - https:\/\/yoast.com\/product\/yoast-seo-wordpress\/ -->\n<title>Beitr\u00e4ge des Schreibwettbewerbs - NIGE<\/title>\n<meta name=\"robots\" content=\"index, follow, max-snippet:-1, max-image-preview:large, max-video-preview:-1\" \/>\n<link rel=\"canonical\" href=\"https:\/\/wp2.nige.de\/wordpress\/sample-page\/sprachen\/deutsch-2\/beitraege-des-schreibwettbewerbs\/\" \/>\n<meta property=\"og:locale\" content=\"de_DE\" \/>\n<meta property=\"og:type\" content=\"article\" \/>\n<meta property=\"og:title\" content=\"Beitr\u00e4ge des Schreibwettbewerbs - NIGE\" \/>\n<meta property=\"og:description\" content=\"Gewinnerbeitr\u00e4ge 2023\/2024 Gewinner Jg. 5 &amp; 6 Henry Miller, 5a&nbsp;(.pdf) Gewinnerin Jg. 7 &amp; 8 Pauline Melles, 8FLS3&nbsp;(.pdf) Gewinnerin Jg. 9 &amp; 10 Lea Klattenberg, 10b&nbsp; (.pdf) Gewinnerin Oberstufe Leonie Voss, 11e (.pdf) &nbsp; Gewinnerbeitr\u00e4ge 2022\/2023 Gewinner Jg. 5 &amp; 6 Finn Gr\u00f6hlich, 6c (.pdf) Gewinnerin&#046;&#046;&#046;\" \/>\n<meta property=\"og:url\" content=\"https:\/\/wp2.nige.de\/wordpress\/sample-page\/sprachen\/deutsch-2\/beitraege-des-schreibwettbewerbs\/\" \/>\n<meta property=\"og:site_name\" content=\"NIGE\" \/>\n<meta property=\"article:publisher\" content=\"https:\/\/www.facebook.com\/NIGEsens\/\" \/>\n<meta property=\"article:modified_time\" content=\"2024-08-05T09:38:45+00:00\" \/>\n<meta name=\"twitter:card\" content=\"summary_large_image\" \/>\n<meta name=\"twitter:label1\" content=\"Gesch\u00e4tzte Lesezeit\" \/>\n\t<meta name=\"twitter:data1\" content=\"1\u00a0Minute\" \/>\n<script type=\"application\/ld+json\" class=\"yoast-schema-graph\">{\"@context\":\"https:\\\/\\\/schema.org\",\"@graph\":[{\"@type\":\"WebPage\",\"@id\":\"https:\\\/\\\/wp2.nige.de\\\/wordpress\\\/sample-page\\\/sprachen\\\/deutsch-2\\\/beitraege-des-schreibwettbewerbs\\\/\",\"url\":\"https:\\\/\\\/wp2.nige.de\\\/wordpress\\\/sample-page\\\/sprachen\\\/deutsch-2\\\/beitraege-des-schreibwettbewerbs\\\/\",\"name\":\"Beitr\u00e4ge des Schreibwettbewerbs - NIGE\",\"isPartOf\":{\"@id\":\"https:\\\/\\\/wp2.nige.de\\\/wordpress\\\/#website\"},\"datePublished\":\"2022-07-05T12:53:51+00:00\",\"dateModified\":\"2024-08-05T09:38:45+00:00\",\"breadcrumb\":{\"@id\":\"https:\\\/\\\/wp2.nige.de\\\/wordpress\\\/sample-page\\\/sprachen\\\/deutsch-2\\\/beitraege-des-schreibwettbewerbs\\\/#breadcrumb\"},\"inLanguage\":\"de\",\"potentialAction\":[{\"@type\":\"ReadAction\",\"target\":[\"https:\\\/\\\/wp2.nige.de\\\/wordpress\\\/sample-page\\\/sprachen\\\/deutsch-2\\\/beitraege-des-schreibwettbewerbs\\\/\"]}]},{\"@type\":\"BreadcrumbList\",\"@id\":\"https:\\\/\\\/wp2.nige.de\\\/wordpress\\\/sample-page\\\/sprachen\\\/deutsch-2\\\/beitraege-des-schreibwettbewerbs\\\/#breadcrumb\",\"itemListElement\":[{\"@type\":\"ListItem\",\"position\":1,\"name\":\"Startseite\",\"item\":\"https:\\\/\\\/wp2.nige.de\\\/wordpress\\\/\"},{\"@type\":\"ListItem\",\"position\":2,\"name\":\"NIGE\",\"item\":\"https:\\\/\\\/wp2.nige.de\\\/wordpress\\\/sample-page\\\/\"},{\"@type\":\"ListItem\",\"position\":3,\"name\":\"Sprachen\",\"item\":\"https:\\\/\\\/wp2.nige.de\\\/wordpress\\\/sample-page\\\/sprachen\\\/\"},{\"@type\":\"ListItem\",\"position\":4,\"name\":\"Deutsch\",\"item\":\"https:\\\/\\\/wp2.nige.de\\\/wordpress\\\/sample-page\\\/sprachen\\\/deutsch-2\\\/\"},{\"@type\":\"ListItem\",\"position\":5,\"name\":\"Beitr\u00e4ge des Schreibwettbewerbs\"}]},{\"@type\":\"WebSite\",\"@id\":\"https:\\\/\\\/wp2.nige.de\\\/wordpress\\\/#website\",\"url\":\"https:\\\/\\\/wp2.nige.de\\\/wordpress\\\/\",\"name\":\"Nieders\u00e4chsisches Internatsgymnasium Esens | NIGE\",\"description\":\"Nieders\u00e4chsisches Internatsgymnasium Esens\",\"publisher\":{\"@id\":\"https:\\\/\\\/wp2.nige.de\\\/wordpress\\\/#organization\"},\"potentialAction\":[{\"@type\":\"SearchAction\",\"target\":{\"@type\":\"EntryPoint\",\"urlTemplate\":\"https:\\\/\\\/wp2.nige.de\\\/wordpress\\\/?s={search_term_string}\"},\"query-input\":{\"@type\":\"PropertyValueSpecification\",\"valueRequired\":true,\"valueName\":\"search_term_string\"}}],\"inLanguage\":\"de\"},{\"@type\":\"Organization\",\"@id\":\"https:\\\/\\\/wp2.nige.de\\\/wordpress\\\/#organization\",\"name\":\"Nieders\u00e4chsisches Internatsgymnasium Esens\",\"url\":\"https:\\\/\\\/wp2.nige.de\\\/wordpress\\\/\",\"logo\":{\"@type\":\"ImageObject\",\"inLanguage\":\"de\",\"@id\":\"https:\\\/\\\/wp2.nige.de\\\/wordpress\\\/#\\\/schema\\\/logo\\\/image\\\/\",\"url\":\"https:\\\/\\\/wp2.nige.de\\\/wordpress\\\/wp-content\\\/uploads\\\/2018\\\/08\\\/logo_nige.jpg\",\"contentUrl\":\"https:\\\/\\\/wp2.nige.de\\\/wordpress\\\/wp-content\\\/uploads\\\/2018\\\/08\\\/logo_nige.jpg\",\"width\":1984,\"height\":1239,\"caption\":\"Nieders\u00e4chsisches Internatsgymnasium Esens\"},\"image\":{\"@id\":\"https:\\\/\\\/wp2.nige.de\\\/wordpress\\\/#\\\/schema\\\/logo\\\/image\\\/\"},\"sameAs\":[\"https:\\\/\\\/www.facebook.com\\\/NIGEsens\\\/\"]}]}<\/script>\n<!-- \/ Yoast SEO plugin. -->","yoast_head_json":{"title":"Beitr\u00e4ge des Schreibwettbewerbs - NIGE","robots":{"index":"index","follow":"follow","max-snippet":"max-snippet:-1","max-image-preview":"max-image-preview:large","max-video-preview":"max-video-preview:-1"},"canonical":"https:\/\/wp2.nige.de\/wordpress\/sample-page\/sprachen\/deutsch-2\/beitraege-des-schreibwettbewerbs\/","og_locale":"de_DE","og_type":"article","og_title":"Beitr\u00e4ge des Schreibwettbewerbs - NIGE","og_description":"Gewinnerbeitr\u00e4ge 2023\/2024 Gewinner Jg. 5 &amp; 6 Henry Miller, 5a&nbsp;(.pdf) Gewinnerin Jg. 7 &amp; 8 Pauline Melles, 8FLS3&nbsp;(.pdf) Gewinnerin Jg. 9 &amp; 10 Lea Klattenberg, 10b&nbsp; (.pdf) Gewinnerin Oberstufe Leonie Voss, 11e (.pdf) &nbsp; Gewinnerbeitr\u00e4ge 2022\/2023 Gewinner Jg. 5 &amp; 6 Finn Gr\u00f6hlich, 6c (.pdf) Gewinnerin&#46;&#46;&#46;","og_url":"https:\/\/wp2.nige.de\/wordpress\/sample-page\/sprachen\/deutsch-2\/beitraege-des-schreibwettbewerbs\/","og_site_name":"NIGE","article_publisher":"https:\/\/www.facebook.com\/NIGEsens\/","article_modified_time":"2024-08-05T09:38:45+00:00","twitter_card":"summary_large_image","twitter_misc":{"Gesch\u00e4tzte Lesezeit":"1\u00a0Minute"},"schema":{"@context":"https:\/\/schema.org","@graph":[{"@type":"WebPage","@id":"https:\/\/wp2.nige.de\/wordpress\/sample-page\/sprachen\/deutsch-2\/beitraege-des-schreibwettbewerbs\/","url":"https:\/\/wp2.nige.de\/wordpress\/sample-page\/sprachen\/deutsch-2\/beitraege-des-schreibwettbewerbs\/","name":"Beitr\u00e4ge des Schreibwettbewerbs - NIGE","isPartOf":{"@id":"https:\/\/wp2.nige.de\/wordpress\/#website"},"datePublished":"2022-07-05T12:53:51+00:00","dateModified":"2024-08-05T09:38:45+00:00","breadcrumb":{"@id":"https:\/\/wp2.nige.de\/wordpress\/sample-page\/sprachen\/deutsch-2\/beitraege-des-schreibwettbewerbs\/#breadcrumb"},"inLanguage":"de","potentialAction":[{"@type":"ReadAction","target":["https:\/\/wp2.nige.de\/wordpress\/sample-page\/sprachen\/deutsch-2\/beitraege-des-schreibwettbewerbs\/"]}]},{"@type":"BreadcrumbList","@id":"https:\/\/wp2.nige.de\/wordpress\/sample-page\/sprachen\/deutsch-2\/beitraege-des-schreibwettbewerbs\/#breadcrumb","itemListElement":[{"@type":"ListItem","position":1,"name":"Startseite","item":"https:\/\/wp2.nige.de\/wordpress\/"},{"@type":"ListItem","position":2,"name":"NIGE","item":"https:\/\/wp2.nige.de\/wordpress\/sample-page\/"},{"@type":"ListItem","position":3,"name":"Sprachen","item":"https:\/\/wp2.nige.de\/wordpress\/sample-page\/sprachen\/"},{"@type":"ListItem","position":4,"name":"Deutsch","item":"https:\/\/wp2.nige.de\/wordpress\/sample-page\/sprachen\/deutsch-2\/"},{"@type":"ListItem","position":5,"name":"Beitr\u00e4ge des Schreibwettbewerbs"}]},{"@type":"WebSite","@id":"https:\/\/wp2.nige.de\/wordpress\/#website","url":"https:\/\/wp2.nige.de\/wordpress\/","name":"Nieders\u00e4chsisches Internatsgymnasium Esens | NIGE","description":"Nieders\u00e4chsisches Internatsgymnasium Esens","publisher":{"@id":"https:\/\/wp2.nige.de\/wordpress\/#organization"},"potentialAction":[{"@type":"SearchAction","target":{"@type":"EntryPoint","urlTemplate":"https:\/\/wp2.nige.de\/wordpress\/?s={search_term_string}"},"query-input":{"@type":"PropertyValueSpecification","valueRequired":true,"valueName":"search_term_string"}}],"inLanguage":"de"},{"@type":"Organization","@id":"https:\/\/wp2.nige.de\/wordpress\/#organization","name":"Nieders\u00e4chsisches Internatsgymnasium Esens","url":"https:\/\/wp2.nige.de\/wordpress\/","logo":{"@type":"ImageObject","inLanguage":"de","@id":"https:\/\/wp2.nige.de\/wordpress\/#\/schema\/logo\/image\/","url":"https:\/\/wp2.nige.de\/wordpress\/wp-content\/uploads\/2018\/08\/logo_nige.jpg","contentUrl":"https:\/\/wp2.nige.de\/wordpress\/wp-content\/uploads\/2018\/08\/logo_nige.jpg","width":1984,"height":1239,"caption":"Nieders\u00e4chsisches Internatsgymnasium Esens"},"image":{"@id":"https:\/\/wp2.nige.de\/wordpress\/#\/schema\/logo\/image\/"},"sameAs":["https:\/\/www.facebook.com\/NIGEsens\/"]}]}},"_links":{"self":[{"href":"https:\/\/wp2.nige.de\/wordpress\/wp-json\/wp\/v2\/pages\/13148","targetHints":{"allow":["GET"]}}],"collection":[{"href":"https:\/\/wp2.nige.de\/wordpress\/wp-json\/wp\/v2\/pages"}],"about":[{"href":"https:\/\/wp2.nige.de\/wordpress\/wp-json\/wp\/v2\/types\/page"}],"author":[{"embeddable":true,"href":"https:\/\/wp2.nige.de\/wordpress\/wp-json\/wp\/v2\/users\/28"}],"replies":[{"embeddable":true,"href":"https:\/\/wp2.nige.de\/wordpress\/wp-json\/wp\/v2\/comments?post=13148"}],"version-history":[{"count":5,"href":"https:\/\/wp2.nige.de\/wordpress\/wp-json\/wp\/v2\/pages\/13148\/revisions"}],"predecessor-version":[{"id":15698,"href":"https:\/\/wp2.nige.de\/wordpress\/wp-json\/wp\/v2\/pages\/13148\/revisions\/15698"}],"up":[{"embeddable":true,"href":"https:\/\/wp2.nige.de\/wordpress\/wp-json\/wp\/v2\/pages\/1556"}],"wp:attachment":[{"href":"https:\/\/wp2.nige.de\/wordpress\/wp-json\/wp\/v2\/media?parent=13148"}],"curies":[{"name":"wp","href":"https:\/\/api.w.org\/{rel}","templated":true}]}}