{"id":12651,"date":"2022-02-27T13:08:57","date_gmt":"2022-02-27T12:08:57","guid":{"rendered":"https:\/\/wp2.nige.de\/wordpress\/?page_id=12651"},"modified":"2022-03-08T10:50:58","modified_gmt":"2022-03-08T09:50:58","slug":"arbeiten-am-nige","status":"publish","type":"page","link":"https:\/\/wp2.nige.de\/wordpress\/arbeiten-am-nige\/","title":{"rendered":"Arbeiten am NIGE"},"content":{"rendered":"<h2 style=\"text-align: center;\"><strong>Lehrkr\u00e4fte und Referendare gesucht!<\/strong><\/h2>\n<p><a href=\"https:\/\/wp2.nige.de\/wordpress\/brief-fuer-die-eltern-und-erziehungsberechtigten\/logo-nige-blau-stempel-2\/\" rel=\"attachment wp-att-11277\"><img loading=\"lazy\" decoding=\"async\" class=\" wp-image-11277 aligncenter\" src=\"https:\/\/wp2.nige.de\/wordpress\/wp-content\/uploads\/2020\/04\/Logo-NIGE-blau-Stempel-1024x1016.jpg\" alt=\"\" width=\"367\" height=\"364\"><\/a><\/p>\n<p style=\"text-align: justify;\"><strong>Sie m\u00f6chten an einem ganz besonderen, au\u00dfergew\u00f6hnlichen Gymnasium unterrichten?<\/strong><\/p>\n<p style=\"text-align: justify;\"><strong>Sie suchen eine Schule, an der flache Hierarchien, offene T\u00fcren und ein eng zusammenarbeitendes Kollegium selbstverst\u00e4ndlich sind?<\/strong><\/p>\n<p style=\"text-align: justify;\"><b>Sie haben neue Ideen und Projekte und wollen an einer hervorragend ausgestatteten Schule arbeiten, die technisch auf dem aktuellsten Stand ist?<\/b><\/p>\n<p style=\"text-align: justify;\"><strong>Sie suchen eine Schule, die eng mit ihrer Umgebung und Umwelt verkn\u00fcpft ist in einer maritimen Region, die hohe Lebensqualit\u00e4t, N\u00e4he zu den Ostfriesischen Inseln und Erholung bietet?<\/strong><\/p>\n<p style=\"text-align: justify;\"><strong>Dann ist das Nieders\u00e4chsische Internatsgymnasium Esens genau die richtige Schule f\u00fcr Sie!<\/strong><\/p>\n<p style=\"text-align: justify;\">Das NIGE sucht immer wieder Verst\u00e4rkung f\u00fcr sein junges Kollegium. Wir legen Wert auf Zusammenarbeit und Teamf\u00e4higkeit und suchen Lehrkr\u00e4fte, die mit Leidenschaft und Begeisterung ihre F\u00e4cher und Sch\u00fcler unterrichten.<\/p>\n<p style=\"text-align: justify;\">Unsere Schule und unser Internat bieten einen Arbeitsplatz mit Wohlf\u00fchlgarantie. Wir sind keine herk\u00f6mmliche Schulanstalt, sondern eine gro\u00dfe Gemeinschaft und bieten sogar 100 Sch\u00fclerinnen und Sch\u00fclern der Ostfriesischen Inseln ein Zuhause in unserem Internat.<\/p>\n<p style=\"text-align: justify;\">Informieren Sie sich auf unserer Homepage \u00fcber die zahlreichen M\u00f6glichkeiten, die Ihnen und den Sch\u00fclern am NIGE geboten werden und nehmen Sie Kontakt mit der Schulleitung auf.<\/p>\n<h2 style=\"text-align: center;\"><strong>Referendariat<\/strong><\/h2>\n<p style=\"text-align: justify;\">Liebe angehenden Referendarinnen und Referendare,<\/p>\n<p style=\"text-align: justify;\">Das NIGE empf\u00e4ngt Sie mit offenen Armen. An unserer Schule hat die Ausbildung von jungen Lehrerinnen und Lehrern eine lange Tradition. Mit unserer Erfahrung, guten Organisation, der eingespielten Abl\u00e4ufe und der hohen Bereitschaft der Schulleitung und des gesamten Kollegiums, Sie zu unterst\u00fctzen, sind wir in der Lage, Ihren Bed\u00fcrfnissen gerecht zu werden.<\/p>\n<p style=\"text-align: justify;\">Wir arbeiten derzeit mit den Studienseminar Wilhelmshaven zusammen und haben selbst eine Fachleiterin und einen Fachberater (Ausbilderin am Studienseminar, an der Landesschulbeh\u00f6rde) bei uns an der Schule und sind damit stets aus erster Hand \u00fcber die neuesten Entwicklungen informiert.<\/p>\n<p style=\"text-align: justify;\">Insgesamt sind bis zu 12 Referendarinnen und Referendare der unterschiedlichen Ausbildungsjahrg\u00e4nge gleichzeitig bei uns im Haus, was Ihnen die M\u00f6glichkeit bietet, sich stets untereinander auszutauschen und von den Erfahrungen der anderen zu profitieren. Unsere gemeinsamen Aktionen und Veranstaltungen im Kollegium sorgen daf\u00fcr, dass Sie von Anfang an integriert sind. So finden Sie auch schnell jemanden, mit dem Sie besonders gut und gerne zusammenarbeiten m\u00f6chte. Dadurch haben wir \u2013 in Ihrem Sinne \u2013 die M\u00f6glichkeit, die betreuenden Mentorinnen und Mentoren nicht schon im Vorfeld zuweisen zu m\u00fcssen, sondern Sie suchen sich ganz nach Ihrer jeweiligen Situation und Ihren Bed\u00fcrfnissen einen Mentor oder Mentorin.<\/p>\n<p style=\"text-align: justify;\">Nicht wenige Referendarinnen und Referendare m\u00f6chten (und k\u00f6nnen) auch nach ihrer Ausbildung bei uns bleiben.<\/p>\n<p style=\"text-align: justify;\">Sollten Sie Fragen haben oder Hilfe ben\u00f6tigen, setzen Sie sich mit uns in Verbindung!<\/p>\n<p style=\"text-align: justify;\">Wir freuen uns auf Sie!<\/p>\n<p style=\"text-align: justify;\">&nbsp;<\/p>\n","protected":false},"excerpt":{"rendered":"<p>Lehrkr\u00e4fte und Referendare gesucht! Sie m\u00f6chten an einem ganz besonderen, au\u00dfergew\u00f6hnlichen Gymnasium unterrichten? Sie suchen eine Schule, an der flache Hierarchien, offene T\u00fcren und ein eng zusammenarbeitendes Kollegium selbstverst\u00e4ndlich sind? Sie haben neue Ideen und Projekte und wollen an einer hervorragend ausgestatteten Schule arbeiten, die technisch&#46;&#46;&#46;<\/p>\n","protected":false},"author":28,"featured_media":0,"parent":0,"menu_order":0,"comment_status":"closed","ping_status":"closed","template":"","meta":{"ngg_post_thumbnail":0,"footnotes":""},"class_list":["post-12651","page","type-page","status-publish","hentry"],"yoast_head":"<!-- This site is optimized with the Yoast SEO plugin v27.5 - https:\/\/yoast.com\/product\/yoast-seo-wordpress\/ -->\n<title>Arbeiten am NIGE - NIGE<\/title>\n<meta name=\"robots\" content=\"index, follow, max-snippet:-1, max-image-preview:large, max-video-preview:-1\" \/>\n<link rel=\"canonical\" href=\"https:\/\/wp2.nige.de\/wordpress\/arbeiten-am-nige\/\" \/>\n<meta property=\"og:locale\" content=\"de_DE\" \/>\n<meta property=\"og:type\" content=\"article\" \/>\n<meta property=\"og:title\" content=\"Arbeiten am NIGE - NIGE\" \/>\n<meta property=\"og:description\" content=\"Lehrkr\u00e4fte und Referendare gesucht! Sie m\u00f6chten an einem ganz besonderen, au\u00dfergew\u00f6hnlichen Gymnasium unterrichten? Sie suchen eine Schule, an der flache Hierarchien, offene T\u00fcren und ein eng zusammenarbeitendes Kollegium selbstverst\u00e4ndlich sind? Sie haben neue Ideen und Projekte und wollen an einer hervorragend ausgestatteten Schule arbeiten, die technisch&#046;&#046;&#046;\" \/>\n<meta property=\"og:url\" content=\"https:\/\/wp2.nige.de\/wordpress\/arbeiten-am-nige\/\" \/>\n<meta property=\"og:site_name\" content=\"NIGE\" \/>\n<meta property=\"article:publisher\" content=\"https:\/\/www.facebook.com\/NIGEsens\/\" \/>\n<meta property=\"article:modified_time\" content=\"2022-03-08T09:50:58+00:00\" \/>\n<meta property=\"og:image\" content=\"https:\/\/wp2.nige.de\/wordpress\/wp-content\/uploads\/2020\/04\/Logo-NIGE-blau-Stempel-1024x1016.jpg\" \/>\n<meta name=\"twitter:card\" content=\"summary_large_image\" \/>\n<meta name=\"twitter:label1\" content=\"Gesch\u00e4tzte Lesezeit\" \/>\n\t<meta name=\"twitter:data1\" content=\"3\u00a0Minuten\" \/>\n<script type=\"application\/ld+json\" class=\"yoast-schema-graph\">{\"@context\":\"https:\\\/\\\/schema.org\",\"@graph\":[{\"@type\":\"WebPage\",\"@id\":\"https:\\\/\\\/wp2.nige.de\\\/wordpress\\\/arbeiten-am-nige\\\/\",\"url\":\"https:\\\/\\\/wp2.nige.de\\\/wordpress\\\/arbeiten-am-nige\\\/\",\"name\":\"Arbeiten am NIGE - NIGE\",\"isPartOf\":{\"@id\":\"https:\\\/\\\/wp2.nige.de\\\/wordpress\\\/#website\"},\"primaryImageOfPage\":{\"@id\":\"https:\\\/\\\/wp2.nige.de\\\/wordpress\\\/arbeiten-am-nige\\\/#primaryimage\"},\"image\":{\"@id\":\"https:\\\/\\\/wp2.nige.de\\\/wordpress\\\/arbeiten-am-nige\\\/#primaryimage\"},\"thumbnailUrl\":\"https:\\\/\\\/wp2.nige.de\\\/wordpress\\\/wp-content\\\/uploads\\\/2020\\\/04\\\/Logo-NIGE-blau-Stempel-1024x1016.jpg\",\"datePublished\":\"2022-02-27T12:08:57+00:00\",\"dateModified\":\"2022-03-08T09:50:58+00:00\",\"breadcrumb\":{\"@id\":\"https:\\\/\\\/wp2.nige.de\\\/wordpress\\\/arbeiten-am-nige\\\/#breadcrumb\"},\"inLanguage\":\"de\",\"potentialAction\":[{\"@type\":\"ReadAction\",\"target\":[\"https:\\\/\\\/wp2.nige.de\\\/wordpress\\\/arbeiten-am-nige\\\/\"]}]},{\"@type\":\"ImageObject\",\"inLanguage\":\"de\",\"@id\":\"https:\\\/\\\/wp2.nige.de\\\/wordpress\\\/arbeiten-am-nige\\\/#primaryimage\",\"url\":\"https:\\\/\\\/wp2.nige.de\\\/wordpress\\\/wp-content\\\/uploads\\\/2020\\\/04\\\/Logo-NIGE-blau-Stempel-1024x1016.jpg\",\"contentUrl\":\"https:\\\/\\\/wp2.nige.de\\\/wordpress\\\/wp-content\\\/uploads\\\/2020\\\/04\\\/Logo-NIGE-blau-Stempel-1024x1016.jpg\"},{\"@type\":\"BreadcrumbList\",\"@id\":\"https:\\\/\\\/wp2.nige.de\\\/wordpress\\\/arbeiten-am-nige\\\/#breadcrumb\",\"itemListElement\":[{\"@type\":\"ListItem\",\"position\":1,\"name\":\"Startseite\",\"item\":\"https:\\\/\\\/wp2.nige.de\\\/wordpress\\\/\"},{\"@type\":\"ListItem\",\"position\":2,\"name\":\"Arbeiten am NIGE\"}]},{\"@type\":\"WebSite\",\"@id\":\"https:\\\/\\\/wp2.nige.de\\\/wordpress\\\/#website\",\"url\":\"https:\\\/\\\/wp2.nige.de\\\/wordpress\\\/\",\"name\":\"Nieders\u00e4chsisches Internatsgymnasium Esens | NIGE\",\"description\":\"Nieders\u00e4chsisches Internatsgymnasium Esens\",\"publisher\":{\"@id\":\"https:\\\/\\\/wp2.nige.de\\\/wordpress\\\/#organization\"},\"potentialAction\":[{\"@type\":\"SearchAction\",\"target\":{\"@type\":\"EntryPoint\",\"urlTemplate\":\"https:\\\/\\\/wp2.nige.de\\\/wordpress\\\/?s={search_term_string}\"},\"query-input\":{\"@type\":\"PropertyValueSpecification\",\"valueRequired\":true,\"valueName\":\"search_term_string\"}}],\"inLanguage\":\"de\"},{\"@type\":\"Organization\",\"@id\":\"https:\\\/\\\/wp2.nige.de\\\/wordpress\\\/#organization\",\"name\":\"Nieders\u00e4chsisches Internatsgymnasium Esens\",\"url\":\"https:\\\/\\\/wp2.nige.de\\\/wordpress\\\/\",\"logo\":{\"@type\":\"ImageObject\",\"inLanguage\":\"de\",\"@id\":\"https:\\\/\\\/wp2.nige.de\\\/wordpress\\\/#\\\/schema\\\/logo\\\/image\\\/\",\"url\":\"https:\\\/\\\/wp2.nige.de\\\/wordpress\\\/wp-content\\\/uploads\\\/2018\\\/08\\\/logo_nige.jpg\",\"contentUrl\":\"https:\\\/\\\/wp2.nige.de\\\/wordpress\\\/wp-content\\\/uploads\\\/2018\\\/08\\\/logo_nige.jpg\",\"width\":1984,\"height\":1239,\"caption\":\"Nieders\u00e4chsisches Internatsgymnasium Esens\"},\"image\":{\"@id\":\"https:\\\/\\\/wp2.nige.de\\\/wordpress\\\/#\\\/schema\\\/logo\\\/image\\\/\"},\"sameAs\":[\"https:\\\/\\\/www.facebook.com\\\/NIGEsens\\\/\"]}]}<\/script>\n<!-- \/ Yoast SEO plugin. -->","yoast_head_json":{"title":"Arbeiten am NIGE - NIGE","robots":{"index":"index","follow":"follow","max-snippet":"max-snippet:-1","max-image-preview":"max-image-preview:large","max-video-preview":"max-video-preview:-1"},"canonical":"https:\/\/wp2.nige.de\/wordpress\/arbeiten-am-nige\/","og_locale":"de_DE","og_type":"article","og_title":"Arbeiten am NIGE - NIGE","og_description":"Lehrkr\u00e4fte und Referendare gesucht! Sie m\u00f6chten an einem ganz besonderen, au\u00dfergew\u00f6hnlichen Gymnasium unterrichten? Sie suchen eine Schule, an der flache Hierarchien, offene T\u00fcren und ein eng zusammenarbeitendes Kollegium selbstverst\u00e4ndlich sind? Sie haben neue Ideen und Projekte und wollen an einer hervorragend ausgestatteten Schule arbeiten, die technisch&#46;&#46;&#46;","og_url":"https:\/\/wp2.nige.de\/wordpress\/arbeiten-am-nige\/","og_site_name":"NIGE","article_publisher":"https:\/\/www.facebook.com\/NIGEsens\/","article_modified_time":"2022-03-08T09:50:58+00:00","og_image":[{"url":"https:\/\/wp2.nige.de\/wordpress\/wp-content\/uploads\/2020\/04\/Logo-NIGE-blau-Stempel-1024x1016.jpg","type":"","width":"","height":""}],"twitter_card":"summary_large_image","twitter_misc":{"Gesch\u00e4tzte Lesezeit":"3\u00a0Minuten"},"schema":{"@context":"https:\/\/schema.org","@graph":[{"@type":"WebPage","@id":"https:\/\/wp2.nige.de\/wordpress\/arbeiten-am-nige\/","url":"https:\/\/wp2.nige.de\/wordpress\/arbeiten-am-nige\/","name":"Arbeiten am NIGE - NIGE","isPartOf":{"@id":"https:\/\/wp2.nige.de\/wordpress\/#website"},"primaryImageOfPage":{"@id":"https:\/\/wp2.nige.de\/wordpress\/arbeiten-am-nige\/#primaryimage"},"image":{"@id":"https:\/\/wp2.nige.de\/wordpress\/arbeiten-am-nige\/#primaryimage"},"thumbnailUrl":"https:\/\/wp2.nige.de\/wordpress\/wp-content\/uploads\/2020\/04\/Logo-NIGE-blau-Stempel-1024x1016.jpg","datePublished":"2022-02-27T12:08:57+00:00","dateModified":"2022-03-08T09:50:58+00:00","breadcrumb":{"@id":"https:\/\/wp2.nige.de\/wordpress\/arbeiten-am-nige\/#breadcrumb"},"inLanguage":"de","potentialAction":[{"@type":"ReadAction","target":["https:\/\/wp2.nige.de\/wordpress\/arbeiten-am-nige\/"]}]},{"@type":"ImageObject","inLanguage":"de","@id":"https:\/\/wp2.nige.de\/wordpress\/arbeiten-am-nige\/#primaryimage","url":"https:\/\/wp2.nige.de\/wordpress\/wp-content\/uploads\/2020\/04\/Logo-NIGE-blau-Stempel-1024x1016.jpg","contentUrl":"https:\/\/wp2.nige.de\/wordpress\/wp-content\/uploads\/2020\/04\/Logo-NIGE-blau-Stempel-1024x1016.jpg"},{"@type":"BreadcrumbList","@id":"https:\/\/wp2.nige.de\/wordpress\/arbeiten-am-nige\/#breadcrumb","itemListElement":[{"@type":"ListItem","position":1,"name":"Startseite","item":"https:\/\/wp2.nige.de\/wordpress\/"},{"@type":"ListItem","position":2,"name":"Arbeiten am NIGE"}]},{"@type":"WebSite","@id":"https:\/\/wp2.nige.de\/wordpress\/#website","url":"https:\/\/wp2.nige.de\/wordpress\/","name":"Nieders\u00e4chsisches Internatsgymnasium Esens | NIGE","description":"Nieders\u00e4chsisches Internatsgymnasium Esens","publisher":{"@id":"https:\/\/wp2.nige.de\/wordpress\/#organization"},"potentialAction":[{"@type":"SearchAction","target":{"@type":"EntryPoint","urlTemplate":"https:\/\/wp2.nige.de\/wordpress\/?s={search_term_string}"},"query-input":{"@type":"PropertyValueSpecification","valueRequired":true,"valueName":"search_term_string"}}],"inLanguage":"de"},{"@type":"Organization","@id":"https:\/\/wp2.nige.de\/wordpress\/#organization","name":"Nieders\u00e4chsisches Internatsgymnasium Esens","url":"https:\/\/wp2.nige.de\/wordpress\/","logo":{"@type":"ImageObject","inLanguage":"de","@id":"https:\/\/wp2.nige.de\/wordpress\/#\/schema\/logo\/image\/","url":"https:\/\/wp2.nige.de\/wordpress\/wp-content\/uploads\/2018\/08\/logo_nige.jpg","contentUrl":"https:\/\/wp2.nige.de\/wordpress\/wp-content\/uploads\/2018\/08\/logo_nige.jpg","width":1984,"height":1239,"caption":"Nieders\u00e4chsisches Internatsgymnasium Esens"},"image":{"@id":"https:\/\/wp2.nige.de\/wordpress\/#\/schema\/logo\/image\/"},"sameAs":["https:\/\/www.facebook.com\/NIGEsens\/"]}]}},"_links":{"self":[{"href":"https:\/\/wp2.nige.de\/wordpress\/wp-json\/wp\/v2\/pages\/12651","targetHints":{"allow":["GET"]}}],"collection":[{"href":"https:\/\/wp2.nige.de\/wordpress\/wp-json\/wp\/v2\/pages"}],"about":[{"href":"https:\/\/wp2.nige.de\/wordpress\/wp-json\/wp\/v2\/types\/page"}],"author":[{"embeddable":true,"href":"https:\/\/wp2.nige.de\/wordpress\/wp-json\/wp\/v2\/users\/28"}],"replies":[{"embeddable":true,"href":"https:\/\/wp2.nige.de\/wordpress\/wp-json\/wp\/v2\/comments?post=12651"}],"version-history":[{"count":1,"href":"https:\/\/wp2.nige.de\/wordpress\/wp-json\/wp\/v2\/pages\/12651\/revisions"}],"predecessor-version":[{"id":12652,"href":"https:\/\/wp2.nige.de\/wordpress\/wp-json\/wp\/v2\/pages\/12651\/revisions\/12652"}],"wp:attachment":[{"href":"https:\/\/wp2.nige.de\/wordpress\/wp-json\/wp\/v2\/media?parent=12651"}],"curies":[{"name":"wp","href":"https:\/\/api.w.org\/{rel}","templated":true}]}}