{"id":12503,"date":"2021-12-21T20:48:11","date_gmt":"2021-12-21T19:48:11","guid":{"rendered":"https:\/\/wp2.nige.de\/wordpress\/?page_id=12503"},"modified":"2021-12-21T20:48:20","modified_gmt":"2021-12-21T19:48:20","slug":"laenderuebergreifendes-projekttreffen-der-koordinatoreninnen","status":"publish","type":"page","link":"https:\/\/wp2.nige.de\/wordpress\/erasmus-2021-2027\/laenderuebergreifendes-projekttreffen-der-koordinatoreninnen\/","title":{"rendered":"L\u00e4nder\u00fcbergreifendes Projekttreffen der KoordinatorenInnen"},"content":{"rendered":"<p style=\"text-align: justify;\">Vom 13. bis zum 17. Dezember 2021 sollte urspr\u00fcnglich das Vorbereitungstreffen in Piacenza \/ Italien stattfinden, an dem Frau Tonn und Herr Apke vom Nieders\u00e4chsischen Internatsgymnasium teilnehmen sollten. Auf diesem Treffen sollten die bilateralen Erasmus + Projekttreffen in Deutschland und Italien f\u00fcr das Jahr 2022 vorbereitet werden. Seit vielen Jahren erm\u00f6glicht das Erasmus+ Programm, das von der Europ\u00e4ischen Union finanziell unterst\u00fctzt und gef\u00f6rdert wird, jungen Menschen ins Ausland zu gehen, zu lernen, zu studieren und sich weiterzubilden. Aufgrund der aktuellen Corona Situation wurden allerdings s\u00e4mtliche Mobilit\u00e4ten im Rahmen des Programms Erasmus+ kurzfristig von der nieders\u00e4chsischen Landesschulbeh\u00f6rde untersagt. Um die konzeptionelle Entwicklung des Projektes voranzutreiben, f\u00fchrten die an dem Projekt beteiligten italienischen und deutschen Kollegen deshalb am 16. Dezember eine mehrst\u00fcndige Videokonferenz durch, in der neben organisatorischen Fragen, wie die zeitliche Festlegung der bilateralen Treffen im Jahr 2022, auch inhaltliche Details besprochen wurden. In \u00dcbereinstimmung mit den von der EU festgelegten Qualit\u00e4tsstandards wurde beschlossen, den Schwerpunkt auf das Thema \u201eNachhaltigkeitkeit\u201c zu legen, welches f\u00fcr die Regionen der am Projekt beteiligten Schulen von gro\u00dfer Bedeutung ist. \u00dcber die auf der Videokonferenz festgelegten inhaltlichen Schwerpunkte, die auf weiteren Videokonferenzen Anfang Januar 2022 noch umfassender pr\u00e4zisiert werden sollen, werden die am Projekt beteiligten Sch\u00fclerInnen im Laufe des Januars 2022 informiert, damit sie anschlie\u00dfend in internationalen Teams virtuell im Twinspace die bilateralen Projekttreffen vorbereiten k\u00f6nnen. Alle am Projekt beteiligten KollegenInnen hoffen, dass das Projekt in den kommenden Monaten erfolgreich durchgef\u00fchrt werden kann.<\/p>\n<p style=\"text-align: justify;\">&nbsp;<\/p>\n<p style=\"text-align: justify;\">&nbsp;<\/p>\n","protected":false},"excerpt":{"rendered":"<p>Vom 13. bis zum 17. Dezember 2021 sollte urspr\u00fcnglich das Vorbereitungstreffen in Piacenza \/ Italien stattfinden, an dem Frau Tonn und Herr Apke vom Nieders\u00e4chsischen Internatsgymnasium teilnehmen sollten. Auf diesem Treffen sollten die bilateralen Erasmus + Projekttreffen in Deutschland und Italien f\u00fcr das Jahr 2022 vorbereitet&#46;&#46;&#46;<\/p>\n","protected":false},"author":28,"featured_media":0,"parent":12155,"menu_order":0,"comment_status":"closed","ping_status":"closed","template":"","meta":{"ngg_post_thumbnail":0,"footnotes":""},"class_list":["post-12503","page","type-page","status-publish","hentry"],"yoast_head":"<!-- This site is optimized with the Yoast SEO plugin v27.5 - https:\/\/yoast.com\/product\/yoast-seo-wordpress\/ -->\n<title>L\u00e4nder\u00fcbergreifendes Projekttreffen der KoordinatorenInnen - NIGE<\/title>\n<meta name=\"robots\" content=\"index, follow, max-snippet:-1, max-image-preview:large, max-video-preview:-1\" \/>\n<link rel=\"canonical\" href=\"https:\/\/wp2.nige.de\/wordpress\/erasmus-2021-2027\/laenderuebergreifendes-projekttreffen-der-koordinatoreninnen\/\" \/>\n<meta property=\"og:locale\" content=\"de_DE\" \/>\n<meta property=\"og:type\" content=\"article\" \/>\n<meta property=\"og:title\" content=\"L\u00e4nder\u00fcbergreifendes Projekttreffen der KoordinatorenInnen - NIGE\" \/>\n<meta property=\"og:description\" content=\"Vom 13. bis zum 17. Dezember 2021 sollte urspr\u00fcnglich das Vorbereitungstreffen in Piacenza \/ Italien stattfinden, an dem Frau Tonn und Herr Apke vom Nieders\u00e4chsischen Internatsgymnasium teilnehmen sollten. Auf diesem Treffen sollten die bilateralen Erasmus + Projekttreffen in Deutschland und Italien f\u00fcr das Jahr 2022 vorbereitet&#046;&#046;&#046;\" \/>\n<meta property=\"og:url\" content=\"https:\/\/wp2.nige.de\/wordpress\/erasmus-2021-2027\/laenderuebergreifendes-projekttreffen-der-koordinatoreninnen\/\" \/>\n<meta property=\"og:site_name\" content=\"NIGE\" \/>\n<meta property=\"article:publisher\" content=\"https:\/\/www.facebook.com\/NIGEsens\/\" \/>\n<meta property=\"article:modified_time\" content=\"2021-12-21T19:48:20+00:00\" \/>\n<meta name=\"twitter:card\" content=\"summary_large_image\" \/>\n<meta name=\"twitter:label1\" content=\"Gesch\u00e4tzte Lesezeit\" \/>\n\t<meta name=\"twitter:data1\" content=\"1\u00a0Minute\" \/>\n<script type=\"application\/ld+json\" class=\"yoast-schema-graph\">{\"@context\":\"https:\\\/\\\/schema.org\",\"@graph\":[{\"@type\":\"WebPage\",\"@id\":\"https:\\\/\\\/wp2.nige.de\\\/wordpress\\\/erasmus-2021-2027\\\/laenderuebergreifendes-projekttreffen-der-koordinatoreninnen\\\/\",\"url\":\"https:\\\/\\\/wp2.nige.de\\\/wordpress\\\/erasmus-2021-2027\\\/laenderuebergreifendes-projekttreffen-der-koordinatoreninnen\\\/\",\"name\":\"L\u00e4nder\u00fcbergreifendes Projekttreffen der KoordinatorenInnen - NIGE\",\"isPartOf\":{\"@id\":\"https:\\\/\\\/wp2.nige.de\\\/wordpress\\\/#website\"},\"datePublished\":\"2021-12-21T19:48:11+00:00\",\"dateModified\":\"2021-12-21T19:48:20+00:00\",\"breadcrumb\":{\"@id\":\"https:\\\/\\\/wp2.nige.de\\\/wordpress\\\/erasmus-2021-2027\\\/laenderuebergreifendes-projekttreffen-der-koordinatoreninnen\\\/#breadcrumb\"},\"inLanguage\":\"de\",\"potentialAction\":[{\"@type\":\"ReadAction\",\"target\":[\"https:\\\/\\\/wp2.nige.de\\\/wordpress\\\/erasmus-2021-2027\\\/laenderuebergreifendes-projekttreffen-der-koordinatoreninnen\\\/\"]}]},{\"@type\":\"BreadcrumbList\",\"@id\":\"https:\\\/\\\/wp2.nige.de\\\/wordpress\\\/erasmus-2021-2027\\\/laenderuebergreifendes-projekttreffen-der-koordinatoreninnen\\\/#breadcrumb\",\"itemListElement\":[{\"@type\":\"ListItem\",\"position\":1,\"name\":\"Startseite\",\"item\":\"https:\\\/\\\/wp2.nige.de\\\/wordpress\\\/\"},{\"@type\":\"ListItem\",\"position\":2,\"name\":\"Erasmus 2021 &#8211; 2027\",\"item\":\"https:\\\/\\\/wp2.nige.de\\\/wordpress\\\/erasmus-2021-2027\\\/\"},{\"@type\":\"ListItem\",\"position\":3,\"name\":\"L\u00e4nder\u00fcbergreifendes Projekttreffen der KoordinatorenInnen\"}]},{\"@type\":\"WebSite\",\"@id\":\"https:\\\/\\\/wp2.nige.de\\\/wordpress\\\/#website\",\"url\":\"https:\\\/\\\/wp2.nige.de\\\/wordpress\\\/\",\"name\":\"Nieders\u00e4chsisches Internatsgymnasium Esens | NIGE\",\"description\":\"Nieders\u00e4chsisches Internatsgymnasium Esens\",\"publisher\":{\"@id\":\"https:\\\/\\\/wp2.nige.de\\\/wordpress\\\/#organization\"},\"potentialAction\":[{\"@type\":\"SearchAction\",\"target\":{\"@type\":\"EntryPoint\",\"urlTemplate\":\"https:\\\/\\\/wp2.nige.de\\\/wordpress\\\/?s={search_term_string}\"},\"query-input\":{\"@type\":\"PropertyValueSpecification\",\"valueRequired\":true,\"valueName\":\"search_term_string\"}}],\"inLanguage\":\"de\"},{\"@type\":\"Organization\",\"@id\":\"https:\\\/\\\/wp2.nige.de\\\/wordpress\\\/#organization\",\"name\":\"Nieders\u00e4chsisches Internatsgymnasium Esens\",\"url\":\"https:\\\/\\\/wp2.nige.de\\\/wordpress\\\/\",\"logo\":{\"@type\":\"ImageObject\",\"inLanguage\":\"de\",\"@id\":\"https:\\\/\\\/wp2.nige.de\\\/wordpress\\\/#\\\/schema\\\/logo\\\/image\\\/\",\"url\":\"https:\\\/\\\/wp2.nige.de\\\/wordpress\\\/wp-content\\\/uploads\\\/2018\\\/08\\\/logo_nige.jpg\",\"contentUrl\":\"https:\\\/\\\/wp2.nige.de\\\/wordpress\\\/wp-content\\\/uploads\\\/2018\\\/08\\\/logo_nige.jpg\",\"width\":1984,\"height\":1239,\"caption\":\"Nieders\u00e4chsisches Internatsgymnasium Esens\"},\"image\":{\"@id\":\"https:\\\/\\\/wp2.nige.de\\\/wordpress\\\/#\\\/schema\\\/logo\\\/image\\\/\"},\"sameAs\":[\"https:\\\/\\\/www.facebook.com\\\/NIGEsens\\\/\"]}]}<\/script>\n<!-- \/ Yoast SEO plugin. -->","yoast_head_json":{"title":"L\u00e4nder\u00fcbergreifendes Projekttreffen der KoordinatorenInnen - NIGE","robots":{"index":"index","follow":"follow","max-snippet":"max-snippet:-1","max-image-preview":"max-image-preview:large","max-video-preview":"max-video-preview:-1"},"canonical":"https:\/\/wp2.nige.de\/wordpress\/erasmus-2021-2027\/laenderuebergreifendes-projekttreffen-der-koordinatoreninnen\/","og_locale":"de_DE","og_type":"article","og_title":"L\u00e4nder\u00fcbergreifendes Projekttreffen der KoordinatorenInnen - NIGE","og_description":"Vom 13. bis zum 17. Dezember 2021 sollte urspr\u00fcnglich das Vorbereitungstreffen in Piacenza \/ Italien stattfinden, an dem Frau Tonn und Herr Apke vom Nieders\u00e4chsischen Internatsgymnasium teilnehmen sollten. Auf diesem Treffen sollten die bilateralen Erasmus + Projekttreffen in Deutschland und Italien f\u00fcr das Jahr 2022 vorbereitet&#46;&#46;&#46;","og_url":"https:\/\/wp2.nige.de\/wordpress\/erasmus-2021-2027\/laenderuebergreifendes-projekttreffen-der-koordinatoreninnen\/","og_site_name":"NIGE","article_publisher":"https:\/\/www.facebook.com\/NIGEsens\/","article_modified_time":"2021-12-21T19:48:20+00:00","twitter_card":"summary_large_image","twitter_misc":{"Gesch\u00e4tzte Lesezeit":"1\u00a0Minute"},"schema":{"@context":"https:\/\/schema.org","@graph":[{"@type":"WebPage","@id":"https:\/\/wp2.nige.de\/wordpress\/erasmus-2021-2027\/laenderuebergreifendes-projekttreffen-der-koordinatoreninnen\/","url":"https:\/\/wp2.nige.de\/wordpress\/erasmus-2021-2027\/laenderuebergreifendes-projekttreffen-der-koordinatoreninnen\/","name":"L\u00e4nder\u00fcbergreifendes Projekttreffen der KoordinatorenInnen - NIGE","isPartOf":{"@id":"https:\/\/wp2.nige.de\/wordpress\/#website"},"datePublished":"2021-12-21T19:48:11+00:00","dateModified":"2021-12-21T19:48:20+00:00","breadcrumb":{"@id":"https:\/\/wp2.nige.de\/wordpress\/erasmus-2021-2027\/laenderuebergreifendes-projekttreffen-der-koordinatoreninnen\/#breadcrumb"},"inLanguage":"de","potentialAction":[{"@type":"ReadAction","target":["https:\/\/wp2.nige.de\/wordpress\/erasmus-2021-2027\/laenderuebergreifendes-projekttreffen-der-koordinatoreninnen\/"]}]},{"@type":"BreadcrumbList","@id":"https:\/\/wp2.nige.de\/wordpress\/erasmus-2021-2027\/laenderuebergreifendes-projekttreffen-der-koordinatoreninnen\/#breadcrumb","itemListElement":[{"@type":"ListItem","position":1,"name":"Startseite","item":"https:\/\/wp2.nige.de\/wordpress\/"},{"@type":"ListItem","position":2,"name":"Erasmus 2021 &#8211; 2027","item":"https:\/\/wp2.nige.de\/wordpress\/erasmus-2021-2027\/"},{"@type":"ListItem","position":3,"name":"L\u00e4nder\u00fcbergreifendes Projekttreffen der KoordinatorenInnen"}]},{"@type":"WebSite","@id":"https:\/\/wp2.nige.de\/wordpress\/#website","url":"https:\/\/wp2.nige.de\/wordpress\/","name":"Nieders\u00e4chsisches Internatsgymnasium Esens | NIGE","description":"Nieders\u00e4chsisches Internatsgymnasium Esens","publisher":{"@id":"https:\/\/wp2.nige.de\/wordpress\/#organization"},"potentialAction":[{"@type":"SearchAction","target":{"@type":"EntryPoint","urlTemplate":"https:\/\/wp2.nige.de\/wordpress\/?s={search_term_string}"},"query-input":{"@type":"PropertyValueSpecification","valueRequired":true,"valueName":"search_term_string"}}],"inLanguage":"de"},{"@type":"Organization","@id":"https:\/\/wp2.nige.de\/wordpress\/#organization","name":"Nieders\u00e4chsisches Internatsgymnasium Esens","url":"https:\/\/wp2.nige.de\/wordpress\/","logo":{"@type":"ImageObject","inLanguage":"de","@id":"https:\/\/wp2.nige.de\/wordpress\/#\/schema\/logo\/image\/","url":"https:\/\/wp2.nige.de\/wordpress\/wp-content\/uploads\/2018\/08\/logo_nige.jpg","contentUrl":"https:\/\/wp2.nige.de\/wordpress\/wp-content\/uploads\/2018\/08\/logo_nige.jpg","width":1984,"height":1239,"caption":"Nieders\u00e4chsisches Internatsgymnasium Esens"},"image":{"@id":"https:\/\/wp2.nige.de\/wordpress\/#\/schema\/logo\/image\/"},"sameAs":["https:\/\/www.facebook.com\/NIGEsens\/"]}]}},"_links":{"self":[{"href":"https:\/\/wp2.nige.de\/wordpress\/wp-json\/wp\/v2\/pages\/12503","targetHints":{"allow":["GET"]}}],"collection":[{"href":"https:\/\/wp2.nige.de\/wordpress\/wp-json\/wp\/v2\/pages"}],"about":[{"href":"https:\/\/wp2.nige.de\/wordpress\/wp-json\/wp\/v2\/types\/page"}],"author":[{"embeddable":true,"href":"https:\/\/wp2.nige.de\/wordpress\/wp-json\/wp\/v2\/users\/28"}],"replies":[{"embeddable":true,"href":"https:\/\/wp2.nige.de\/wordpress\/wp-json\/wp\/v2\/comments?post=12503"}],"version-history":[{"count":1,"href":"https:\/\/wp2.nige.de\/wordpress\/wp-json\/wp\/v2\/pages\/12503\/revisions"}],"predecessor-version":[{"id":12504,"href":"https:\/\/wp2.nige.de\/wordpress\/wp-json\/wp\/v2\/pages\/12503\/revisions\/12504"}],"up":[{"embeddable":true,"href":"https:\/\/wp2.nige.de\/wordpress\/wp-json\/wp\/v2\/pages\/12155"}],"wp:attachment":[{"href":"https:\/\/wp2.nige.de\/wordpress\/wp-json\/wp\/v2\/media?parent=12503"}],"curies":[{"name":"wp","href":"https:\/\/api.w.org\/{rel}","templated":true}]}}