{"id":12155,"date":"2021-07-14T13:57:27","date_gmt":"2021-07-14T11:57:27","guid":{"rendered":"https:\/\/wp2.nige.de\/wordpress\/?page_id=12155"},"modified":"2025-11-21T10:21:23","modified_gmt":"2025-11-21T09:21:23","slug":"erasmus-2021-2027","status":"publish","type":"page","link":"https:\/\/wp2.nige.de\/wordpress\/erasmus-2021-2027\/","title":{"rendered":"Erasmus 2021 &#8211; 2027"},"content":{"rendered":"<h2 style=\"text-align: center;\"><span style=\"font-size: 30pt; color: #0000ff;\">Erasmus+ (2021 &#8211; 2027)<\/span><\/h2>\n<p><a href=\"https:\/\/wp2.nige.de\/wordpress\/wp-content\/uploads\/2021\/07\/F661089D-B71D-4586-A7AF-2F49FFE9E550-scaled.jpeg\"><img loading=\"lazy\" decoding=\"async\" class=\"wp-image-12157 size-large\" src=\"https:\/\/wp2.nige.de\/wordpress\/wp-content\/uploads\/2021\/07\/F661089D-B71D-4586-A7AF-2F49FFE9E550-1024x768.jpeg\" alt=\"\" width=\"1024\" height=\"768\" srcset=\"https:\/\/wp2.nige.de\/wordpress\/wp-content\/uploads\/2021\/07\/F661089D-B71D-4586-A7AF-2F49FFE9E550-1024x768.jpeg 1024w, https:\/\/wp2.nige.de\/wordpress\/wp-content\/uploads\/2021\/07\/F661089D-B71D-4586-A7AF-2F49FFE9E550-300x225.jpeg 300w, https:\/\/wp2.nige.de\/wordpress\/wp-content\/uploads\/2021\/07\/F661089D-B71D-4586-A7AF-2F49FFE9E550-1536x1152.jpeg 1536w, https:\/\/wp2.nige.de\/wordpress\/wp-content\/uploads\/2021\/07\/F661089D-B71D-4586-A7AF-2F49FFE9E550-2048x1536.jpeg 2048w\" sizes=\"auto, (max-width: 1024px) 100vw, 1024px\" \/><\/a><\/p>\n<p><strong>Erfolgreiche Erasmus \u2013 Akkreditierung des NIGE<\/strong><\/p>\n<p style=\"text-align: justify;\"><a href=\"https:\/\/wp2.nige.de\/wordpress\/wp-content\/uploads\/2021\/10\/DE_V_Kofinanziert_von_der_Europaeischen_Union_Web_blau.jpg\"><img loading=\"lazy\" decoding=\"async\" class=\"wp-image-12320 alignleft\" src=\"https:\/\/wp2.nige.de\/wordpress\/wp-content\/uploads\/2021\/10\/DE_V_Kofinanziert_von_der_Europaeischen_Union_Web_blau.jpg\" alt=\"\" width=\"340\" height=\"344\" srcset=\"https:\/\/wp2.nige.de\/wordpress\/wp-content\/uploads\/2021\/10\/DE_V_Kofinanziert_von_der_Europaeischen_Union_Web_blau.jpg 910w, https:\/\/wp2.nige.de\/wordpress\/wp-content\/uploads\/2021\/10\/DE_V_Kofinanziert_von_der_Europaeischen_Union_Web_blau-296x300.jpg 296w, https:\/\/wp2.nige.de\/wordpress\/wp-content\/uploads\/2021\/10\/DE_V_Kofinanziert_von_der_Europaeischen_Union_Web_blau-80x80.jpg 80w\" sizes=\"auto, (max-width: 340px) 100vw, 340px\" \/><\/a>Seit vielen Jahren erm\u00f6glicht das Erasmus + Programm, welches von der Europ\u00e4ischen Union finanziell unterst\u00fctzt und gef\u00f6rdert wird, Europ\u00e4erinnen und Europ\u00e4ern ins Ausland zu gehen, zu lernen, zu studieren und sich weiterzubilden. An dem alten Programm, das Ende 2020 ausgelaufen ist, hat das NIGE bereits mehrfach in den vergangenen Jahren teilgenommen und wurde daf\u00fcr unter anderem auch mit dem Erasmus \u2013 Qualit\u00e4tssiegel im Jahr 2019 ausgezeichnet. Diese erfolgreiche Arbeit kann das NIGE nun im Rahmen des neuen EU &#8211; Programms: \u201eErasmus+ (2021 \u2013 2027)\u201c fortsetzen. Neu an diesem Programm ist die Einf\u00fchrung einer Akkreditierung im Schulbereich. Diese Akkreditierung ist eine Art Eintrittskarte in das Programm f\u00fcr die gesamte siebenj\u00e4hrige Laufzeit. Im Mittelpunkt der Akkreditierung steht der Erasmus \u2013 Plan, in dem das NIGE seine langfristigen Entwicklungsziele unter Ber\u00fccksichtigung der grundlegenden Erasmus \u2013Qualit\u00e4tsstandards (dazu geh\u00f6ren zum Beispiel die folgenden Grunds\u00e4tze: Inklusion und Vielfalt, \u00f6kologische Nachhaltigkeit und Verantwortung, digitale Bildung, aktive Beteiligung am Netzwerk der Erasmus &#8211; Einrichtungen) klar definieren und pr\u00e4zise erl\u00e4utern musste. Die Ausarbeitung dieser auf mehrere Jahre angestrebten Ziele erforderte eine intensive inhaltliche Auseinandersetzung verschiedener schulischer Gremien (Schulleitung, Steuergruppe, Kollegium, Erasmus \u2013 Team). Nach der erfolgreichen Akkreditierung kann das NIGE nun in einem vereinfachten Verfahren jedes Jahr F\u00f6rdermittel f\u00fcr eine Vielzahl an Aktivit\u00e4ten in Europa beantragen, die der Realisierung der vorab formulierten Ziele dienen. Dazu z\u00e4hlen nicht nur kurze internationale Sch\u00fclerbegegnungen, so wie es das bis zum Jahr 2020 g\u00fcltige Programm schwerpunktm\u00e4\u00dfig vorsah, sondern auch individuelle Sch\u00fcleraustausche von bis 365 Tagen. Aber nicht nur Sch\u00fclerInnen, sondern auch Lehrkr\u00e4fte und p\u00e4dagogisches Personal profitieren umfassender von den neuen F\u00f6rderm\u00f6glichkeiten. So k\u00f6nnen zuk\u00fcnftig zum Beispiel Lehrkr\u00e4fte des NIGE an anderen europ\u00e4ischen Schulen hospitieren, dort bis zu einem Jahr unterrichten oder an einer internationalen Fortbildung in Europa teilnehmen. Das Programm erm\u00f6glicht es dar\u00fcber hinaus, Experten aus einem Mitgliedsland der EU f\u00fcr Fortbildungen oder Schulungen an das NIGE einzuladen oder auch Sch\u00fclernInnen Berufspraktika im Ausland zu erm\u00f6glichen. Das neue Erasmus \u2013 Programm ist somit viel flexibler als das Vorg\u00e4ngerprogramm und r\u00e4umt den Schulen erheblich mehr M\u00f6glichkeiten ein, um langfristig die angestrebten perspektivischen Ziele erreichen zu k\u00f6nnen. Das Erasmus Team des NIGE (Hannah Geistert, Kati Tonn, Andreas Stekker, Ulrich Apke, Nora Junkmann) hofft so, weiterhin einen wichtigen Beitrag zur Herausbildung des europ\u00e4ischen Gedankens leisten zu k\u00f6nnen.<\/p>\n<h2 style=\"text-align: center;\"><a href=\"https:\/\/wp2.nige.de\/wordpress\/erasmus-schuljahr-2021-2022\/\"><strong>Erasmus+: Schuljahr 2021 &#8211; 2022<\/strong><\/a><\/h2>\n<h2 style=\"text-align: center;\"><a href=\"https:\/\/wp2.nige.de\/wordpress\/erasmus-schuljahr-2022-2023\/\"><strong>Erasmus+: Schuljahr 2022 &#8211; 2023<\/strong><\/a><\/h2>\n<h2 style=\"text-align: center;\"><strong><a href=\"https:\/\/wp2.nige.de\/wordpress\/erasmus-schuljahr-2023-2024\/\">Erasmus+: Schuljahr 2023 &#8211; 2024<\/a><\/strong><\/h2>\n<h2 style=\"text-align: center;\"><strong><a href=\"https:\/\/wp2.nige.de\/wordpress\/erasmus-schuljahr-2024-2025\/\">Erasmus+: Schuljahr 2024 &#8211; 2025<\/a><\/strong><\/h2>\n<h2 style=\"text-align: center;\"><a href=\"https:\/\/wp2.nige.de\/wordpress\/erasmus-schuljahr-2025-2026\/\"><strong>Erasmus+: Schuljahr 2025 &#8211; 2026<\/strong><\/a><\/h2>\n<p style=\"text-align: center;\"><strong>\u00a0 \u00a0 \u00a0 \u00a0 \u00a0 \u00a0 \u00a0 \u00a0 \u00a0 \u00a0 \u00a0 \u00a0 \u00a0 \u00a0 \u00a0 \u00a0 \u00a0 \u00a0 \u00a0<\/strong><\/p>\n<p><a href=\"https:\/\/wp2.nige.de\/wordpress\/wp-content\/uploads\/2023\/06\/Erasmus_with_baseline-left_pos_RGB_EN.png\"><img loading=\"lazy\" decoding=\"async\" class=\"aligncenter wp-image-14235 size-large\" src=\"https:\/\/wp2.nige.de\/wordpress\/wp-content\/uploads\/2023\/06\/Erasmus_with_baseline-left_pos_RGB_EN-1024x351.png\" alt=\"\" width=\"1024\" height=\"351\" srcset=\"https:\/\/wp2.nige.de\/wordpress\/wp-content\/uploads\/2023\/06\/Erasmus_with_baseline-left_pos_RGB_EN-1024x351.png 1024w, https:\/\/wp2.nige.de\/wordpress\/wp-content\/uploads\/2023\/06\/Erasmus_with_baseline-left_pos_RGB_EN-300x103.png 300w, https:\/\/wp2.nige.de\/wordpress\/wp-content\/uploads\/2023\/06\/Erasmus_with_baseline-left_pos_RGB_EN-1536x526.png 1536w, https:\/\/wp2.nige.de\/wordpress\/wp-content\/uploads\/2023\/06\/Erasmus_with_baseline-left_pos_RGB_EN-2048x702.png 2048w\" sizes=\"auto, (max-width: 1024px) 100vw, 1024px\" \/><\/a><\/p>\n<p style=\"text-align: center;\"><em><span style=\"font-size: 10pt;\">Von der Europ\u00e4ischen Union finanziert. Die ge\u00e4u\u00dferten Ansichten und Meinungen entsprechen jedoch ausschlie\u00dflich denen des Autors bzw. der Autoren und spiegeln nicht zwingend die der Europ\u00e4ischen Union oder der Europ\u00e4ischen Exekutivagentur f\u00fcr Bildung und Kultur (EACEA) wider. Weder die Europ\u00e4ische Union noch die EACEA k\u00f6nnen daf\u00fcr verantwortlich gemacht werden.<\/span><\/em><\/p>\n<p>&nbsp;<\/p>\n","protected":false},"excerpt":{"rendered":"<p>Erasmus+ (2021 &#8211; 2027) Erfolgreiche Erasmus \u2013 Akkreditierung des NIGE Seit vielen Jahren erm\u00f6glicht das Erasmus + Programm, welches von der Europ\u00e4ischen Union finanziell unterst\u00fctzt und gef\u00f6rdert wird, Europ\u00e4erinnen und Europ\u00e4ern ins Ausland zu gehen, zu lernen, zu studieren und sich weiterzubilden. An dem alten Programm,&#46;&#46;&#46;<\/p>\n","protected":false},"author":28,"featured_media":0,"parent":0,"menu_order":0,"comment_status":"closed","ping_status":"closed","template":"","meta":{"ngg_post_thumbnail":0,"footnotes":""},"class_list":["post-12155","page","type-page","status-publish","hentry"],"yoast_head":"<!-- This site is optimized with the Yoast SEO plugin v27.5 - https:\/\/yoast.com\/product\/yoast-seo-wordpress\/ -->\n<title>Erasmus 2021 - 2027 - NIGE<\/title>\n<meta name=\"robots\" content=\"index, follow, max-snippet:-1, max-image-preview:large, max-video-preview:-1\" \/>\n<link rel=\"canonical\" href=\"https:\/\/wp2.nige.de\/wordpress\/erasmus-2021-2027\/\" \/>\n<meta property=\"og:locale\" content=\"de_DE\" \/>\n<meta property=\"og:type\" content=\"article\" \/>\n<meta property=\"og:title\" content=\"Erasmus 2021 - 2027 - NIGE\" \/>\n<meta property=\"og:description\" content=\"Erasmus+ (2021 &#8211; 2027) Erfolgreiche Erasmus \u2013 Akkreditierung des NIGE Seit vielen Jahren erm\u00f6glicht das Erasmus + Programm, welches von der Europ\u00e4ischen Union finanziell unterst\u00fctzt und gef\u00f6rdert wird, Europ\u00e4erinnen und Europ\u00e4ern ins Ausland zu gehen, zu lernen, zu studieren und sich weiterzubilden. An dem alten Programm,&#046;&#046;&#046;\" \/>\n<meta property=\"og:url\" content=\"https:\/\/wp2.nige.de\/wordpress\/erasmus-2021-2027\/\" \/>\n<meta property=\"og:site_name\" content=\"NIGE\" \/>\n<meta property=\"article:publisher\" content=\"https:\/\/www.facebook.com\/NIGEsens\/\" \/>\n<meta property=\"article:modified_time\" content=\"2025-11-21T09:21:23+00:00\" \/>\n<meta property=\"og:image\" content=\"https:\/\/wp2.nige.de\/wordpress\/wp-content\/uploads\/2021\/07\/F661089D-B71D-4586-A7AF-2F49FFE9E550-scaled.jpeg\" \/>\n\t<meta property=\"og:image:width\" content=\"2560\" \/>\n\t<meta property=\"og:image:height\" content=\"1920\" \/>\n\t<meta property=\"og:image:type\" content=\"image\/jpeg\" \/>\n<meta name=\"twitter:card\" content=\"summary_large_image\" \/>\n<meta name=\"twitter:label1\" content=\"Gesch\u00e4tzte Lesezeit\" \/>\n\t<meta name=\"twitter:data1\" content=\"4\u00a0Minuten\" \/>\n<script type=\"application\/ld+json\" class=\"yoast-schema-graph\">{\"@context\":\"https:\\\/\\\/schema.org\",\"@graph\":[{\"@type\":\"WebPage\",\"@id\":\"https:\\\/\\\/wp2.nige.de\\\/wordpress\\\/erasmus-2021-2027\\\/\",\"url\":\"https:\\\/\\\/wp2.nige.de\\\/wordpress\\\/erasmus-2021-2027\\\/\",\"name\":\"Erasmus 2021 - 2027 - NIGE\",\"isPartOf\":{\"@id\":\"https:\\\/\\\/wp2.nige.de\\\/wordpress\\\/#website\"},\"primaryImageOfPage\":{\"@id\":\"https:\\\/\\\/wp2.nige.de\\\/wordpress\\\/erasmus-2021-2027\\\/#primaryimage\"},\"image\":{\"@id\":\"https:\\\/\\\/wp2.nige.de\\\/wordpress\\\/erasmus-2021-2027\\\/#primaryimage\"},\"thumbnailUrl\":\"https:\\\/\\\/wp2.nige.de\\\/wordpress\\\/wp-content\\\/uploads\\\/2021\\\/07\\\/F661089D-B71D-4586-A7AF-2F49FFE9E550-1024x768.jpeg\",\"datePublished\":\"2021-07-14T11:57:27+00:00\",\"dateModified\":\"2025-11-21T09:21:23+00:00\",\"breadcrumb\":{\"@id\":\"https:\\\/\\\/wp2.nige.de\\\/wordpress\\\/erasmus-2021-2027\\\/#breadcrumb\"},\"inLanguage\":\"de\",\"potentialAction\":[{\"@type\":\"ReadAction\",\"target\":[\"https:\\\/\\\/wp2.nige.de\\\/wordpress\\\/erasmus-2021-2027\\\/\"]}]},{\"@type\":\"ImageObject\",\"inLanguage\":\"de\",\"@id\":\"https:\\\/\\\/wp2.nige.de\\\/wordpress\\\/erasmus-2021-2027\\\/#primaryimage\",\"url\":\"https:\\\/\\\/wp2.nige.de\\\/wordpress\\\/wp-content\\\/uploads\\\/2021\\\/07\\\/F661089D-B71D-4586-A7AF-2F49FFE9E550-scaled.jpeg\",\"contentUrl\":\"https:\\\/\\\/wp2.nige.de\\\/wordpress\\\/wp-content\\\/uploads\\\/2021\\\/07\\\/F661089D-B71D-4586-A7AF-2F49FFE9E550-scaled.jpeg\",\"width\":2560,\"height\":1920},{\"@type\":\"BreadcrumbList\",\"@id\":\"https:\\\/\\\/wp2.nige.de\\\/wordpress\\\/erasmus-2021-2027\\\/#breadcrumb\",\"itemListElement\":[{\"@type\":\"ListItem\",\"position\":1,\"name\":\"Startseite\",\"item\":\"https:\\\/\\\/wp2.nige.de\\\/wordpress\\\/\"},{\"@type\":\"ListItem\",\"position\":2,\"name\":\"Erasmus 2021 &#8211; 2027\"}]},{\"@type\":\"WebSite\",\"@id\":\"https:\\\/\\\/wp2.nige.de\\\/wordpress\\\/#website\",\"url\":\"https:\\\/\\\/wp2.nige.de\\\/wordpress\\\/\",\"name\":\"Nieders\u00e4chsisches Internatsgymnasium Esens | NIGE\",\"description\":\"Nieders\u00e4chsisches Internatsgymnasium Esens\",\"publisher\":{\"@id\":\"https:\\\/\\\/wp2.nige.de\\\/wordpress\\\/#organization\"},\"potentialAction\":[{\"@type\":\"SearchAction\",\"target\":{\"@type\":\"EntryPoint\",\"urlTemplate\":\"https:\\\/\\\/wp2.nige.de\\\/wordpress\\\/?s={search_term_string}\"},\"query-input\":{\"@type\":\"PropertyValueSpecification\",\"valueRequired\":true,\"valueName\":\"search_term_string\"}}],\"inLanguage\":\"de\"},{\"@type\":\"Organization\",\"@id\":\"https:\\\/\\\/wp2.nige.de\\\/wordpress\\\/#organization\",\"name\":\"Nieders\u00e4chsisches Internatsgymnasium Esens\",\"url\":\"https:\\\/\\\/wp2.nige.de\\\/wordpress\\\/\",\"logo\":{\"@type\":\"ImageObject\",\"inLanguage\":\"de\",\"@id\":\"https:\\\/\\\/wp2.nige.de\\\/wordpress\\\/#\\\/schema\\\/logo\\\/image\\\/\",\"url\":\"https:\\\/\\\/wp2.nige.de\\\/wordpress\\\/wp-content\\\/uploads\\\/2018\\\/08\\\/logo_nige.jpg\",\"contentUrl\":\"https:\\\/\\\/wp2.nige.de\\\/wordpress\\\/wp-content\\\/uploads\\\/2018\\\/08\\\/logo_nige.jpg\",\"width\":1984,\"height\":1239,\"caption\":\"Nieders\u00e4chsisches Internatsgymnasium Esens\"},\"image\":{\"@id\":\"https:\\\/\\\/wp2.nige.de\\\/wordpress\\\/#\\\/schema\\\/logo\\\/image\\\/\"},\"sameAs\":[\"https:\\\/\\\/www.facebook.com\\\/NIGEsens\\\/\"]}]}<\/script>\n<!-- \/ Yoast SEO plugin. -->","yoast_head_json":{"title":"Erasmus 2021 - 2027 - NIGE","robots":{"index":"index","follow":"follow","max-snippet":"max-snippet:-1","max-image-preview":"max-image-preview:large","max-video-preview":"max-video-preview:-1"},"canonical":"https:\/\/wp2.nige.de\/wordpress\/erasmus-2021-2027\/","og_locale":"de_DE","og_type":"article","og_title":"Erasmus 2021 - 2027 - NIGE","og_description":"Erasmus+ (2021 &#8211; 2027) Erfolgreiche Erasmus \u2013 Akkreditierung des NIGE Seit vielen Jahren erm\u00f6glicht das Erasmus + Programm, welches von der Europ\u00e4ischen Union finanziell unterst\u00fctzt und gef\u00f6rdert wird, Europ\u00e4erinnen und Europ\u00e4ern ins Ausland zu gehen, zu lernen, zu studieren und sich weiterzubilden. An dem alten Programm,&#46;&#46;&#46;","og_url":"https:\/\/wp2.nige.de\/wordpress\/erasmus-2021-2027\/","og_site_name":"NIGE","article_publisher":"https:\/\/www.facebook.com\/NIGEsens\/","article_modified_time":"2025-11-21T09:21:23+00:00","og_image":[{"width":2560,"height":1920,"url":"https:\/\/wp2.nige.de\/wordpress\/wp-content\/uploads\/2021\/07\/F661089D-B71D-4586-A7AF-2F49FFE9E550-scaled.jpeg","type":"image\/jpeg"}],"twitter_card":"summary_large_image","twitter_misc":{"Gesch\u00e4tzte Lesezeit":"4\u00a0Minuten"},"schema":{"@context":"https:\/\/schema.org","@graph":[{"@type":"WebPage","@id":"https:\/\/wp2.nige.de\/wordpress\/erasmus-2021-2027\/","url":"https:\/\/wp2.nige.de\/wordpress\/erasmus-2021-2027\/","name":"Erasmus 2021 - 2027 - NIGE","isPartOf":{"@id":"https:\/\/wp2.nige.de\/wordpress\/#website"},"primaryImageOfPage":{"@id":"https:\/\/wp2.nige.de\/wordpress\/erasmus-2021-2027\/#primaryimage"},"image":{"@id":"https:\/\/wp2.nige.de\/wordpress\/erasmus-2021-2027\/#primaryimage"},"thumbnailUrl":"https:\/\/wp2.nige.de\/wordpress\/wp-content\/uploads\/2021\/07\/F661089D-B71D-4586-A7AF-2F49FFE9E550-1024x768.jpeg","datePublished":"2021-07-14T11:57:27+00:00","dateModified":"2025-11-21T09:21:23+00:00","breadcrumb":{"@id":"https:\/\/wp2.nige.de\/wordpress\/erasmus-2021-2027\/#breadcrumb"},"inLanguage":"de","potentialAction":[{"@type":"ReadAction","target":["https:\/\/wp2.nige.de\/wordpress\/erasmus-2021-2027\/"]}]},{"@type":"ImageObject","inLanguage":"de","@id":"https:\/\/wp2.nige.de\/wordpress\/erasmus-2021-2027\/#primaryimage","url":"https:\/\/wp2.nige.de\/wordpress\/wp-content\/uploads\/2021\/07\/F661089D-B71D-4586-A7AF-2F49FFE9E550-scaled.jpeg","contentUrl":"https:\/\/wp2.nige.de\/wordpress\/wp-content\/uploads\/2021\/07\/F661089D-B71D-4586-A7AF-2F49FFE9E550-scaled.jpeg","width":2560,"height":1920},{"@type":"BreadcrumbList","@id":"https:\/\/wp2.nige.de\/wordpress\/erasmus-2021-2027\/#breadcrumb","itemListElement":[{"@type":"ListItem","position":1,"name":"Startseite","item":"https:\/\/wp2.nige.de\/wordpress\/"},{"@type":"ListItem","position":2,"name":"Erasmus 2021 &#8211; 2027"}]},{"@type":"WebSite","@id":"https:\/\/wp2.nige.de\/wordpress\/#website","url":"https:\/\/wp2.nige.de\/wordpress\/","name":"Nieders\u00e4chsisches Internatsgymnasium Esens | NIGE","description":"Nieders\u00e4chsisches Internatsgymnasium Esens","publisher":{"@id":"https:\/\/wp2.nige.de\/wordpress\/#organization"},"potentialAction":[{"@type":"SearchAction","target":{"@type":"EntryPoint","urlTemplate":"https:\/\/wp2.nige.de\/wordpress\/?s={search_term_string}"},"query-input":{"@type":"PropertyValueSpecification","valueRequired":true,"valueName":"search_term_string"}}],"inLanguage":"de"},{"@type":"Organization","@id":"https:\/\/wp2.nige.de\/wordpress\/#organization","name":"Nieders\u00e4chsisches Internatsgymnasium Esens","url":"https:\/\/wp2.nige.de\/wordpress\/","logo":{"@type":"ImageObject","inLanguage":"de","@id":"https:\/\/wp2.nige.de\/wordpress\/#\/schema\/logo\/image\/","url":"https:\/\/wp2.nige.de\/wordpress\/wp-content\/uploads\/2018\/08\/logo_nige.jpg","contentUrl":"https:\/\/wp2.nige.de\/wordpress\/wp-content\/uploads\/2018\/08\/logo_nige.jpg","width":1984,"height":1239,"caption":"Nieders\u00e4chsisches Internatsgymnasium Esens"},"image":{"@id":"https:\/\/wp2.nige.de\/wordpress\/#\/schema\/logo\/image\/"},"sameAs":["https:\/\/www.facebook.com\/NIGEsens\/"]}]}},"_links":{"self":[{"href":"https:\/\/wp2.nige.de\/wordpress\/wp-json\/wp\/v2\/pages\/12155","targetHints":{"allow":["GET"]}}],"collection":[{"href":"https:\/\/wp2.nige.de\/wordpress\/wp-json\/wp\/v2\/pages"}],"about":[{"href":"https:\/\/wp2.nige.de\/wordpress\/wp-json\/wp\/v2\/types\/page"}],"author":[{"embeddable":true,"href":"https:\/\/wp2.nige.de\/wordpress\/wp-json\/wp\/v2\/users\/28"}],"replies":[{"embeddable":true,"href":"https:\/\/wp2.nige.de\/wordpress\/wp-json\/wp\/v2\/comments?post=12155"}],"version-history":[{"count":22,"href":"https:\/\/wp2.nige.de\/wordpress\/wp-json\/wp\/v2\/pages\/12155\/revisions"}],"predecessor-version":[{"id":17560,"href":"https:\/\/wp2.nige.de\/wordpress\/wp-json\/wp\/v2\/pages\/12155\/revisions\/17560"}],"wp:attachment":[{"href":"https:\/\/wp2.nige.de\/wordpress\/wp-json\/wp\/v2\/media?parent=12155"}],"curies":[{"name":"wp","href":"https:\/\/api.w.org\/{rel}","templated":true}]}}