{"id":121,"date":"2013-07-04T09:56:56","date_gmt":"2013-07-04T09:56:56","guid":{"rendered":"http:\/\/10.40.11.10\/wordpress\/?page_id=121"},"modified":"2022-09-08T07:04:02","modified_gmt":"2022-09-08T05:04:02","slug":"jahrbuch","status":"publish","type":"page","link":"https:\/\/wp2.nige.de\/wordpress\/sample-page\/jahrbuch\/","title":{"rendered":"Jahrbuch"},"content":{"rendered":"<p><img loading=\"lazy\" decoding=\"async\" class=\"wp-image-11606 alignleft\" src=\"https:\/\/wp2.nige.de\/wordpress\/wp-content\/uploads\/2022\/09\/Titel.jpg\" alt=\"\" width=\"246\" height=\"328\"><\/p>\n<p>&nbsp;<\/p>\n<p>&nbsp;<\/p>\n<p>&nbsp;<\/p>\n<p>&nbsp;<\/p>\n<p>Das Jahrbuch 2021\/2022 ist im Sekretariat erh\u00e4ltlich.&nbsp;<\/p>\n<p>&nbsp;<\/p>\n<p>&nbsp;<\/p>\n<p>&nbsp;<\/p>\n<p><img loading=\"lazy\" decoding=\"async\" class=\"wp-image-11606 alignleft\" src=\"http:\/\/wp2.nige.de\/wordpress\/wp-content\/uploads\/2020\/10\/DruckVorderseite-JB-1.jpg\" alt=\"\" width=\"246\" height=\"328\" srcset=\"https:\/\/wp2.nige.de\/wordpress\/wp-content\/uploads\/2020\/10\/DruckVorderseite-JB-1.jpg 720w, https:\/\/wp2.nige.de\/wordpress\/wp-content\/uploads\/2020\/10\/DruckVorderseite-JB-1-225x300.jpg 225w\" sizes=\"auto, (max-width: 246px) 100vw, 246px\" \/><\/p>\n<p>&nbsp;<\/p>\n<p>&nbsp;<\/p>\n<p>&nbsp;<\/p>\n<p>&nbsp;<\/p>\n<p>Das Jahrbuch 2019\/2020 ist im Sekretariat erh\u00e4ltlich.&nbsp;<\/p>\n<p>&nbsp;<\/p>\n<p>&nbsp;<\/p>\n<p>&nbsp;<\/p>\n<p>&nbsp;<\/p>\n<p><a href=\"https:\/\/wp2.nige.de\/wordpress\/sample-page\/jahrbuch\/1-1\/\" rel=\"attachment wp-att-10669\"><img loading=\"lazy\" decoding=\"async\" class=\"wp-image-10669 alignleft\" src=\"http:\/\/wp2.nige.de\/wordpress\/wp-content\/uploads\/2019\/10\/1-1-724x1024.jpg\" alt=\"\" width=\"228\" height=\"406\"><\/a><\/p>\n<p>&nbsp;<\/p>\n<p>&nbsp;<\/p>\n<p>&nbsp;<\/p>\n<p>&nbsp;<\/p>\n<p>Das Jahrbuch 2018 \/ 2019 ist f\u00fcr 7 Euro in unseren Sekretariaten erh\u00e4ltlich.<\/p>\n<p>&nbsp;<\/p>\n<p>&nbsp;<\/p>\n<p>&nbsp;<\/p>\n<p>&nbsp;<\/p>\n<p><a href=\"http:\/\/wp2.nige.de\/wordpress\/wp-content\/uploads\/2013\/07\/Jahrbuch_11.jpg\"><img loading=\"lazy\" decoding=\"async\" class=\"size-thumbnail wp-image-816 \" src=\"http:\/\/wp2.nige.de\/wordpress\/wp-content\/uploads\/2013\/07\/Jahrbuch_11-150x150.jpg\" alt=\"Jahrbuch_11\" width=\"150\" height=\"150\"><\/a><\/p>\n<p>Zum Vergr\u00f6\u00dfern anklicken<\/p>\n<p>Gegr\u00fcndet von Herrn Kracke, weitergef\u00fchrt von Frau Bessert und von Frau Dr. Rinne veranschaulicht diese allj\u00e4hrlich erscheinende Chronik in Berichten, Bildern, Grafiken, Erz\u00e4hlungen und Reden das Alltagsleben unserer Schule. Gerade den Abiturienten, denen das Jahrbuch zusammen mit ihrem Reifezeugnis \u00fcberreicht wird, bedeutet es sehr viel, eine bleibende Erinnerung an ihre Schulzeit, ihre Lehrer, ihre Kommilitonen und nicht zuletzt an gemeinsame Aktionen mitzunehmen.<\/p>\n<p>&nbsp;<br \/>\n&nbsp;<br \/>\n&nbsp;<br \/>\n<img loading=\"lazy\" decoding=\"async\" class=\"wp-image-5470 alignleft\" src=\"http:\/\/wp2.nige.de\/wordpress\/wp-content\/uploads\/2019\/01\/jahrbuch.jpg\" alt=\"Jahrbuch \" width=\"152\" height=\"217\"><\/p>\n<p style=\"text-align: left;\">&nbsp;<\/p>\n<p>Das Jahrbuch 2017 \/ 2018 ist f\u00fcr<strong> 5 Euro<\/strong> in unseren Sekretariaten erh\u00e4ltlich.<br \/>\n&nbsp;<br \/>\n&nbsp;<\/p>\n<p>&nbsp;<\/p>\n<p>&nbsp;<\/p>\n<p><img loading=\"lazy\" decoding=\"async\" class=\"wp-image-5470 alignleft\" src=\"http:\/\/wp2.nige.de\/wordpress\/wp-content\/uploads\/2016\/04\/Festschrift-50-211x300.jpg\" alt=\"Festschrift 50\" width=\"152\" height=\"217\" srcset=\"https:\/\/wp2.nige.de\/wordpress\/wp-content\/uploads\/2016\/04\/Festschrift-50-211x300.jpg 211w, https:\/\/wp2.nige.de\/wordpress\/wp-content\/uploads\/2016\/04\/Festschrift-50.jpg 433w\" sizes=\"auto, (max-width: 152px) 100vw, 152px\" \/><\/p>\n<p>&nbsp;<\/p>\n<p>&nbsp;<\/p>\n<p style=\"text-align: left;\">Im<strong> Jubil\u00e4umsjahr 2016<\/strong> wurde statt Jahrbuch eine Festschrift erstellt.<\/p>\n<p>Die Festschrift ist f\u00fcr<strong> 7 Euro<\/strong> in unseren Sekretariaten sowie in den Esenser Buchhandlungen erh\u00e4ltlich.<\/p>\n<p>&nbsp;<\/p>\n<p>&nbsp;<\/p>\n<p>&nbsp;<\/p>\n<p style=\"text-align: center;\">&nbsp;<\/p>\n<hr>\n<p style=\"text-align: center;\">Wenn Sie selbst einen Beitrag liefern wollen oder ein Exemplar w\u00fcnschen schreiben sie uns!<\/p>\n<p style=\"text-align: center;\"><span style=\"font-size: 16pt;\"><strong><em><u>Das Jahrbuch 2018\/19 kann f\u00fcr 7 Euro \u00fcber die Sekretariate bestellt werden.<\/u><\/em><\/strong><\/span><\/p>\n<p style=\"text-align: center;\">Wir freuen uns, von Ihnen zu h\u00f6ren.<\/p>\n","protected":false},"excerpt":{"rendered":"<p>&nbsp; &nbsp; &nbsp; &nbsp; Das Jahrbuch 2021\/2022 ist im Sekretariat erh\u00e4ltlich.&nbsp; &nbsp; &nbsp; &nbsp; &nbsp; &nbsp; &nbsp; &nbsp; Das Jahrbuch 2019\/2020 ist im Sekretariat erh\u00e4ltlich.&nbsp; &nbsp; &nbsp; &nbsp; &nbsp; &nbsp; &nbsp; &nbsp; &nbsp; Das Jahrbuch 2018 \/ 2019 ist f\u00fcr 7 Euro in unseren Sekretariaten erh\u00e4ltlich.&#46;&#46;&#46;<\/p>\n","protected":false},"author":28,"featured_media":0,"parent":2,"menu_order":9,"comment_status":"open","ping_status":"open","template":"","meta":{"ngg_post_thumbnail":0,"footnotes":""},"class_list":["post-121","page","type-page","status-publish","hentry"],"yoast_head":"<!-- This site is optimized with the Yoast SEO plugin v27.5 - https:\/\/yoast.com\/product\/yoast-seo-wordpress\/ -->\n<title>Jahrbuch - NIGE<\/title>\n<meta name=\"robots\" content=\"index, follow, max-snippet:-1, max-image-preview:large, max-video-preview:-1\" \/>\n<link rel=\"canonical\" href=\"https:\/\/wp2.nige.de\/wordpress\/sample-page\/jahrbuch\/\" \/>\n<meta property=\"og:locale\" content=\"de_DE\" \/>\n<meta property=\"og:type\" content=\"article\" \/>\n<meta property=\"og:title\" content=\"Jahrbuch - NIGE\" \/>\n<meta property=\"og:description\" content=\"&nbsp; &nbsp; &nbsp; &nbsp; Das Jahrbuch 2021\/2022 ist im Sekretariat erh\u00e4ltlich.&nbsp; &nbsp; &nbsp; &nbsp; &nbsp; &nbsp; &nbsp; &nbsp; Das Jahrbuch 2019\/2020 ist im Sekretariat erh\u00e4ltlich.&nbsp; &nbsp; &nbsp; &nbsp; &nbsp; &nbsp; &nbsp; &nbsp; &nbsp; Das Jahrbuch 2018 \/ 2019 ist f\u00fcr 7 Euro in unseren Sekretariaten erh\u00e4ltlich.&#046;&#046;&#046;\" \/>\n<meta property=\"og:url\" content=\"https:\/\/wp2.nige.de\/wordpress\/sample-page\/jahrbuch\/\" \/>\n<meta property=\"og:site_name\" content=\"NIGE\" \/>\n<meta property=\"article:publisher\" content=\"https:\/\/www.facebook.com\/NIGEsens\/\" \/>\n<meta property=\"article:modified_time\" content=\"2022-09-08T05:04:02+00:00\" \/>\n<meta property=\"og:image\" content=\"https:\/\/wp2.nige.de\/wordpress\/wp-content\/uploads\/2022\/09\/Titel.jpg\" \/>\n<meta name=\"twitter:card\" content=\"summary_large_image\" \/>\n<meta name=\"twitter:label1\" content=\"Gesch\u00e4tzte Lesezeit\" \/>\n\t<meta name=\"twitter:data1\" content=\"3\u00a0Minuten\" \/>\n<script type=\"application\/ld+json\" class=\"yoast-schema-graph\">{\"@context\":\"https:\\\/\\\/schema.org\",\"@graph\":[{\"@type\":\"WebPage\",\"@id\":\"https:\\\/\\\/wp2.nige.de\\\/wordpress\\\/sample-page\\\/jahrbuch\\\/\",\"url\":\"https:\\\/\\\/wp2.nige.de\\\/wordpress\\\/sample-page\\\/jahrbuch\\\/\",\"name\":\"Jahrbuch - NIGE\",\"isPartOf\":{\"@id\":\"https:\\\/\\\/wp2.nige.de\\\/wordpress\\\/#website\"},\"primaryImageOfPage\":{\"@id\":\"https:\\\/\\\/wp2.nige.de\\\/wordpress\\\/sample-page\\\/jahrbuch\\\/#primaryimage\"},\"image\":{\"@id\":\"https:\\\/\\\/wp2.nige.de\\\/wordpress\\\/sample-page\\\/jahrbuch\\\/#primaryimage\"},\"thumbnailUrl\":\"https:\\\/\\\/wp2.nige.de\\\/wordpress\\\/wp-content\\\/uploads\\\/2022\\\/09\\\/Titel.jpg\",\"datePublished\":\"2013-07-04T09:56:56+00:00\",\"dateModified\":\"2022-09-08T05:04:02+00:00\",\"breadcrumb\":{\"@id\":\"https:\\\/\\\/wp2.nige.de\\\/wordpress\\\/sample-page\\\/jahrbuch\\\/#breadcrumb\"},\"inLanguage\":\"de\",\"potentialAction\":[{\"@type\":\"ReadAction\",\"target\":[\"https:\\\/\\\/wp2.nige.de\\\/wordpress\\\/sample-page\\\/jahrbuch\\\/\"]}]},{\"@type\":\"ImageObject\",\"inLanguage\":\"de\",\"@id\":\"https:\\\/\\\/wp2.nige.de\\\/wordpress\\\/sample-page\\\/jahrbuch\\\/#primaryimage\",\"url\":\"https:\\\/\\\/wp2.nige.de\\\/wordpress\\\/wp-content\\\/uploads\\\/2022\\\/09\\\/Titel.jpg\",\"contentUrl\":\"https:\\\/\\\/wp2.nige.de\\\/wordpress\\\/wp-content\\\/uploads\\\/2022\\\/09\\\/Titel.jpg\",\"width\":720,\"height\":960},{\"@type\":\"BreadcrumbList\",\"@id\":\"https:\\\/\\\/wp2.nige.de\\\/wordpress\\\/sample-page\\\/jahrbuch\\\/#breadcrumb\",\"itemListElement\":[{\"@type\":\"ListItem\",\"position\":1,\"name\":\"Startseite\",\"item\":\"https:\\\/\\\/wp2.nige.de\\\/wordpress\\\/\"},{\"@type\":\"ListItem\",\"position\":2,\"name\":\"NIGE\",\"item\":\"https:\\\/\\\/wp2.nige.de\\\/wordpress\\\/sample-page\\\/\"},{\"@type\":\"ListItem\",\"position\":3,\"name\":\"Jahrbuch\"}]},{\"@type\":\"WebSite\",\"@id\":\"https:\\\/\\\/wp2.nige.de\\\/wordpress\\\/#website\",\"url\":\"https:\\\/\\\/wp2.nige.de\\\/wordpress\\\/\",\"name\":\"Nieders\u00e4chsisches Internatsgymnasium Esens | NIGE\",\"description\":\"Nieders\u00e4chsisches Internatsgymnasium Esens\",\"publisher\":{\"@id\":\"https:\\\/\\\/wp2.nige.de\\\/wordpress\\\/#organization\"},\"potentialAction\":[{\"@type\":\"SearchAction\",\"target\":{\"@type\":\"EntryPoint\",\"urlTemplate\":\"https:\\\/\\\/wp2.nige.de\\\/wordpress\\\/?s={search_term_string}\"},\"query-input\":{\"@type\":\"PropertyValueSpecification\",\"valueRequired\":true,\"valueName\":\"search_term_string\"}}],\"inLanguage\":\"de\"},{\"@type\":\"Organization\",\"@id\":\"https:\\\/\\\/wp2.nige.de\\\/wordpress\\\/#organization\",\"name\":\"Nieders\u00e4chsisches Internatsgymnasium Esens\",\"url\":\"https:\\\/\\\/wp2.nige.de\\\/wordpress\\\/\",\"logo\":{\"@type\":\"ImageObject\",\"inLanguage\":\"de\",\"@id\":\"https:\\\/\\\/wp2.nige.de\\\/wordpress\\\/#\\\/schema\\\/logo\\\/image\\\/\",\"url\":\"https:\\\/\\\/wp2.nige.de\\\/wordpress\\\/wp-content\\\/uploads\\\/2018\\\/08\\\/logo_nige.jpg\",\"contentUrl\":\"https:\\\/\\\/wp2.nige.de\\\/wordpress\\\/wp-content\\\/uploads\\\/2018\\\/08\\\/logo_nige.jpg\",\"width\":1984,\"height\":1239,\"caption\":\"Nieders\u00e4chsisches Internatsgymnasium Esens\"},\"image\":{\"@id\":\"https:\\\/\\\/wp2.nige.de\\\/wordpress\\\/#\\\/schema\\\/logo\\\/image\\\/\"},\"sameAs\":[\"https:\\\/\\\/www.facebook.com\\\/NIGEsens\\\/\"]}]}<\/script>\n<!-- \/ Yoast SEO plugin. -->","yoast_head_json":{"title":"Jahrbuch - NIGE","robots":{"index":"index","follow":"follow","max-snippet":"max-snippet:-1","max-image-preview":"max-image-preview:large","max-video-preview":"max-video-preview:-1"},"canonical":"https:\/\/wp2.nige.de\/wordpress\/sample-page\/jahrbuch\/","og_locale":"de_DE","og_type":"article","og_title":"Jahrbuch - NIGE","og_description":"&nbsp; &nbsp; &nbsp; &nbsp; Das Jahrbuch 2021\/2022 ist im Sekretariat erh\u00e4ltlich.&nbsp; &nbsp; &nbsp; &nbsp; &nbsp; &nbsp; &nbsp; &nbsp; Das Jahrbuch 2019\/2020 ist im Sekretariat erh\u00e4ltlich.&nbsp; &nbsp; &nbsp; &nbsp; &nbsp; &nbsp; &nbsp; &nbsp; &nbsp; Das Jahrbuch 2018 \/ 2019 ist f\u00fcr 7 Euro in unseren Sekretariaten erh\u00e4ltlich.&#46;&#46;&#46;","og_url":"https:\/\/wp2.nige.de\/wordpress\/sample-page\/jahrbuch\/","og_site_name":"NIGE","article_publisher":"https:\/\/www.facebook.com\/NIGEsens\/","article_modified_time":"2022-09-08T05:04:02+00:00","og_image":[{"url":"https:\/\/wp2.nige.de\/wordpress\/wp-content\/uploads\/2022\/09\/Titel.jpg","type":"","width":"","height":""}],"twitter_card":"summary_large_image","twitter_misc":{"Gesch\u00e4tzte Lesezeit":"3\u00a0Minuten"},"schema":{"@context":"https:\/\/schema.org","@graph":[{"@type":"WebPage","@id":"https:\/\/wp2.nige.de\/wordpress\/sample-page\/jahrbuch\/","url":"https:\/\/wp2.nige.de\/wordpress\/sample-page\/jahrbuch\/","name":"Jahrbuch - NIGE","isPartOf":{"@id":"https:\/\/wp2.nige.de\/wordpress\/#website"},"primaryImageOfPage":{"@id":"https:\/\/wp2.nige.de\/wordpress\/sample-page\/jahrbuch\/#primaryimage"},"image":{"@id":"https:\/\/wp2.nige.de\/wordpress\/sample-page\/jahrbuch\/#primaryimage"},"thumbnailUrl":"https:\/\/wp2.nige.de\/wordpress\/wp-content\/uploads\/2022\/09\/Titel.jpg","datePublished":"2013-07-04T09:56:56+00:00","dateModified":"2022-09-08T05:04:02+00:00","breadcrumb":{"@id":"https:\/\/wp2.nige.de\/wordpress\/sample-page\/jahrbuch\/#breadcrumb"},"inLanguage":"de","potentialAction":[{"@type":"ReadAction","target":["https:\/\/wp2.nige.de\/wordpress\/sample-page\/jahrbuch\/"]}]},{"@type":"ImageObject","inLanguage":"de","@id":"https:\/\/wp2.nige.de\/wordpress\/sample-page\/jahrbuch\/#primaryimage","url":"https:\/\/wp2.nige.de\/wordpress\/wp-content\/uploads\/2022\/09\/Titel.jpg","contentUrl":"https:\/\/wp2.nige.de\/wordpress\/wp-content\/uploads\/2022\/09\/Titel.jpg","width":720,"height":960},{"@type":"BreadcrumbList","@id":"https:\/\/wp2.nige.de\/wordpress\/sample-page\/jahrbuch\/#breadcrumb","itemListElement":[{"@type":"ListItem","position":1,"name":"Startseite","item":"https:\/\/wp2.nige.de\/wordpress\/"},{"@type":"ListItem","position":2,"name":"NIGE","item":"https:\/\/wp2.nige.de\/wordpress\/sample-page\/"},{"@type":"ListItem","position":3,"name":"Jahrbuch"}]},{"@type":"WebSite","@id":"https:\/\/wp2.nige.de\/wordpress\/#website","url":"https:\/\/wp2.nige.de\/wordpress\/","name":"Nieders\u00e4chsisches Internatsgymnasium Esens | NIGE","description":"Nieders\u00e4chsisches Internatsgymnasium Esens","publisher":{"@id":"https:\/\/wp2.nige.de\/wordpress\/#organization"},"potentialAction":[{"@type":"SearchAction","target":{"@type":"EntryPoint","urlTemplate":"https:\/\/wp2.nige.de\/wordpress\/?s={search_term_string}"},"query-input":{"@type":"PropertyValueSpecification","valueRequired":true,"valueName":"search_term_string"}}],"inLanguage":"de"},{"@type":"Organization","@id":"https:\/\/wp2.nige.de\/wordpress\/#organization","name":"Nieders\u00e4chsisches Internatsgymnasium Esens","url":"https:\/\/wp2.nige.de\/wordpress\/","logo":{"@type":"ImageObject","inLanguage":"de","@id":"https:\/\/wp2.nige.de\/wordpress\/#\/schema\/logo\/image\/","url":"https:\/\/wp2.nige.de\/wordpress\/wp-content\/uploads\/2018\/08\/logo_nige.jpg","contentUrl":"https:\/\/wp2.nige.de\/wordpress\/wp-content\/uploads\/2018\/08\/logo_nige.jpg","width":1984,"height":1239,"caption":"Nieders\u00e4chsisches Internatsgymnasium Esens"},"image":{"@id":"https:\/\/wp2.nige.de\/wordpress\/#\/schema\/logo\/image\/"},"sameAs":["https:\/\/www.facebook.com\/NIGEsens\/"]}]}},"_links":{"self":[{"href":"https:\/\/wp2.nige.de\/wordpress\/wp-json\/wp\/v2\/pages\/121","targetHints":{"allow":["GET"]}}],"collection":[{"href":"https:\/\/wp2.nige.de\/wordpress\/wp-json\/wp\/v2\/pages"}],"about":[{"href":"https:\/\/wp2.nige.de\/wordpress\/wp-json\/wp\/v2\/types\/page"}],"author":[{"embeddable":true,"href":"https:\/\/wp2.nige.de\/wordpress\/wp-json\/wp\/v2\/users\/28"}],"replies":[{"embeddable":true,"href":"https:\/\/wp2.nige.de\/wordpress\/wp-json\/wp\/v2\/comments?post=121"}],"version-history":[{"count":33,"href":"https:\/\/wp2.nige.de\/wordpress\/wp-json\/wp\/v2\/pages\/121\/revisions"}],"predecessor-version":[{"id":13386,"href":"https:\/\/wp2.nige.de\/wordpress\/wp-json\/wp\/v2\/pages\/121\/revisions\/13386"}],"up":[{"embeddable":true,"href":"https:\/\/wp2.nige.de\/wordpress\/wp-json\/wp\/v2\/pages\/2"}],"wp:attachment":[{"href":"https:\/\/wp2.nige.de\/wordpress\/wp-json\/wp\/v2\/media?parent=121"}],"curies":[{"name":"wp","href":"https:\/\/api.w.org\/{rel}","templated":true}]}}