{"id":118,"date":"2013-07-04T09:56:39","date_gmt":"2013-07-04T09:56:39","guid":{"rendered":"http:\/\/10.40.11.10\/wordpress\/?page_id=118"},"modified":"2013-07-24T00:06:07","modified_gmt":"2013-07-23T22:06:07","slug":"sdln","status":"publish","type":"page","link":"https:\/\/wp2.nige.de\/wordpress\/sample-page\/sdln\/","title":{"rendered":"SDLN &#8211; School of Distance Learning Niedersachsen"},"content":{"rendered":"<div class=\"video-container\"><iframe loading=\"lazy\" title=\"Videogest\u00fctzter Unterricht an Inselschulen\" width=\"500\" height=\"281\" src=\"https:\/\/www.youtube.com\/embed\/Qkr11RowufI?feature=oembed&#038;wmode=opaque\" frameborder=\"0\" allow=\"accelerometer; autoplay; clipboard-write; encrypted-media; gyroscope; picture-in-picture; web-share\" referrerpolicy=\"strict-origin-when-cross-origin\" allowfullscreen><\/iframe><\/div>\n<p>Am 22. November 2012 er\u00f6ffnete der Nieders\u00e4chsische Kultusminister Herr Dr. Althusmann in Esens diese virtuelle Schule Niedersachsens. Dieses bundesweit einmalige Projekt bietet die M\u00f6glichkeit, Unterricht mit einem Video\u00adkonferenz\u00adsystem dezentral stattfinden zu lassen.<\/p>\n<p>Die langj\u00e4hrige, erfolgreiche Kooperation zwischen den nieders\u00e4chsischen Inseln und dem Internatsgymnasium in Esens wird sich durch diese zus\u00e4tzliche Kommunikationsm\u00f6glichkeit verbessern. F\u00fcr die Inselschulen wird auch au\u00dfer\u00adhalb des Unterrichts die M\u00f6glichkeit geschaffen, Fachkonferenzen, Sitzungen und Besprechungen untereinander und mit dem Gymnasium auf dem Festland ohne aufw\u00e4ndige Reiset\u00e4tigkeit durchzuf\u00fchren.<\/p>\n<p>Presseinformationen \u00fcber das Projekt erhalten Sie bei dem Verein <a href=\"http:\/\/n21.de\/\" target=\"_blank\">n-21<\/a> und beim <a href=\"http:\/\/www.mk.niedersachsen.de\/portal\/live.php?navigation_id=24725&amp;article_id=6400&amp;_psmand=8\" target=\"_blank\">Nieders\u00e4chsischen Kultusministerium<\/a>. Weiterf\u00fchrende Informationen \u00fcber dieses Projekt lassen sich bei den beteiligten <a href=\"http:\/\/sdln.de\/schulen.html\">Partnerschulen<\/a> und <a href=\"http:\/\/sdln.de\/partner.html\">Projekt\u00adpartnern<\/a> in Erfahrung bringen.<\/p>\n<p style=\"text-align: right;\"><em>Mehr zum Projekt auf <span style=\"color: #ff0000;\"><a href=\"http:\/\/sdln.de\/\"><span style=\"color: #ff0000;\">www.sdln.de<\/span><\/a><\/span><\/em><\/p>\n<p>&nbsp;<\/p>\n","protected":false},"excerpt":{"rendered":"<p>Am 22. November 2012 er\u00f6ffnete der Nieders\u00e4chsische Kultusminister Herr Dr. Althusmann in Esens diese virtuelle Schule Niedersachsens. Dieses bundesweit einmalige Projekt bietet die M\u00f6glichkeit, Unterricht mit einem Video\u00adkonferenz\u00adsystem dezentral stattfinden zu lassen. Die langj\u00e4hrige, erfolgreiche Kooperation zwischen den nieders\u00e4chsischen Inseln und dem Internatsgymnasium in Esens wird&#46;&#46;&#46;<\/p>\n","protected":false},"author":28,"featured_media":0,"parent":2,"menu_order":8,"comment_status":"open","ping_status":"open","template":"page-template-bookmarks.php","meta":{"ngg_post_thumbnail":0,"footnotes":""},"class_list":["post-118","page","type-page","status-publish","hentry"],"yoast_head":"<!-- This site is optimized with the Yoast SEO plugin v27.5 - https:\/\/yoast.com\/product\/yoast-seo-wordpress\/ -->\n<title>SDLN - School of Distance Learning Niedersachsen - NIGE<\/title>\n<meta name=\"robots\" content=\"index, follow, max-snippet:-1, max-image-preview:large, max-video-preview:-1\" \/>\n<link rel=\"canonical\" href=\"https:\/\/wp2.nige.de\/wordpress\/sample-page\/sdln\/\" \/>\n<meta property=\"og:locale\" content=\"de_DE\" \/>\n<meta property=\"og:type\" content=\"article\" \/>\n<meta property=\"og:title\" content=\"SDLN - School of Distance Learning Niedersachsen - NIGE\" \/>\n<meta property=\"og:description\" content=\"Am 22. November 2012 er\u00f6ffnete der Nieders\u00e4chsische Kultusminister Herr Dr. Althusmann in Esens diese virtuelle Schule Niedersachsens. Dieses bundesweit einmalige Projekt bietet die M\u00f6glichkeit, Unterricht mit einem Video\u00adkonferenz\u00adsystem dezentral stattfinden zu lassen. Die langj\u00e4hrige, erfolgreiche Kooperation zwischen den nieders\u00e4chsischen Inseln und dem Internatsgymnasium in Esens wird&#046;&#046;&#046;\" \/>\n<meta property=\"og:url\" content=\"https:\/\/wp2.nige.de\/wordpress\/sample-page\/sdln\/\" \/>\n<meta property=\"og:site_name\" content=\"NIGE\" \/>\n<meta property=\"article:publisher\" content=\"https:\/\/www.facebook.com\/NIGEsens\/\" \/>\n<meta property=\"article:modified_time\" content=\"2013-07-23T22:06:07+00:00\" \/>\n<meta name=\"twitter:card\" content=\"summary_large_image\" \/>\n<meta name=\"twitter:label1\" content=\"Gesch\u00e4tzte Lesezeit\" \/>\n\t<meta name=\"twitter:data1\" content=\"1\u00a0Minute\" \/>\n<script type=\"application\/ld+json\" class=\"yoast-schema-graph\">{\"@context\":\"https:\\\/\\\/schema.org\",\"@graph\":[{\"@type\":\"WebPage\",\"@id\":\"https:\\\/\\\/wp2.nige.de\\\/wordpress\\\/sample-page\\\/sdln\\\/\",\"url\":\"https:\\\/\\\/wp2.nige.de\\\/wordpress\\\/sample-page\\\/sdln\\\/\",\"name\":\"SDLN - School of Distance Learning Niedersachsen - NIGE\",\"isPartOf\":{\"@id\":\"https:\\\/\\\/wp2.nige.de\\\/wordpress\\\/#website\"},\"datePublished\":\"2013-07-04T09:56:39+00:00\",\"dateModified\":\"2013-07-23T22:06:07+00:00\",\"breadcrumb\":{\"@id\":\"https:\\\/\\\/wp2.nige.de\\\/wordpress\\\/sample-page\\\/sdln\\\/#breadcrumb\"},\"inLanguage\":\"de\",\"potentialAction\":[{\"@type\":\"ReadAction\",\"target\":[\"https:\\\/\\\/wp2.nige.de\\\/wordpress\\\/sample-page\\\/sdln\\\/\"]}]},{\"@type\":\"BreadcrumbList\",\"@id\":\"https:\\\/\\\/wp2.nige.de\\\/wordpress\\\/sample-page\\\/sdln\\\/#breadcrumb\",\"itemListElement\":[{\"@type\":\"ListItem\",\"position\":1,\"name\":\"Startseite\",\"item\":\"https:\\\/\\\/wp2.nige.de\\\/wordpress\\\/\"},{\"@type\":\"ListItem\",\"position\":2,\"name\":\"NIGE\",\"item\":\"https:\\\/\\\/wp2.nige.de\\\/wordpress\\\/sample-page\\\/\"},{\"@type\":\"ListItem\",\"position\":3,\"name\":\"SDLN &#8211; School of Distance Learning Niedersachsen\"}]},{\"@type\":\"WebSite\",\"@id\":\"https:\\\/\\\/wp2.nige.de\\\/wordpress\\\/#website\",\"url\":\"https:\\\/\\\/wp2.nige.de\\\/wordpress\\\/\",\"name\":\"Nieders\u00e4chsisches Internatsgymnasium Esens | NIGE\",\"description\":\"Nieders\u00e4chsisches Internatsgymnasium Esens\",\"publisher\":{\"@id\":\"https:\\\/\\\/wp2.nige.de\\\/wordpress\\\/#organization\"},\"potentialAction\":[{\"@type\":\"SearchAction\",\"target\":{\"@type\":\"EntryPoint\",\"urlTemplate\":\"https:\\\/\\\/wp2.nige.de\\\/wordpress\\\/?s={search_term_string}\"},\"query-input\":{\"@type\":\"PropertyValueSpecification\",\"valueRequired\":true,\"valueName\":\"search_term_string\"}}],\"inLanguage\":\"de\"},{\"@type\":\"Organization\",\"@id\":\"https:\\\/\\\/wp2.nige.de\\\/wordpress\\\/#organization\",\"name\":\"Nieders\u00e4chsisches Internatsgymnasium Esens\",\"url\":\"https:\\\/\\\/wp2.nige.de\\\/wordpress\\\/\",\"logo\":{\"@type\":\"ImageObject\",\"inLanguage\":\"de\",\"@id\":\"https:\\\/\\\/wp2.nige.de\\\/wordpress\\\/#\\\/schema\\\/logo\\\/image\\\/\",\"url\":\"https:\\\/\\\/wp2.nige.de\\\/wordpress\\\/wp-content\\\/uploads\\\/2018\\\/08\\\/logo_nige.jpg\",\"contentUrl\":\"https:\\\/\\\/wp2.nige.de\\\/wordpress\\\/wp-content\\\/uploads\\\/2018\\\/08\\\/logo_nige.jpg\",\"width\":1984,\"height\":1239,\"caption\":\"Nieders\u00e4chsisches Internatsgymnasium Esens\"},\"image\":{\"@id\":\"https:\\\/\\\/wp2.nige.de\\\/wordpress\\\/#\\\/schema\\\/logo\\\/image\\\/\"},\"sameAs\":[\"https:\\\/\\\/www.facebook.com\\\/NIGEsens\\\/\"]}]}<\/script>\n<!-- \/ Yoast SEO plugin. -->","yoast_head_json":{"title":"SDLN - School of Distance Learning Niedersachsen - NIGE","robots":{"index":"index","follow":"follow","max-snippet":"max-snippet:-1","max-image-preview":"max-image-preview:large","max-video-preview":"max-video-preview:-1"},"canonical":"https:\/\/wp2.nige.de\/wordpress\/sample-page\/sdln\/","og_locale":"de_DE","og_type":"article","og_title":"SDLN - School of Distance Learning Niedersachsen - NIGE","og_description":"Am 22. November 2012 er\u00f6ffnete der Nieders\u00e4chsische Kultusminister Herr Dr. Althusmann in Esens diese virtuelle Schule Niedersachsens. Dieses bundesweit einmalige Projekt bietet die M\u00f6glichkeit, Unterricht mit einem Video\u00adkonferenz\u00adsystem dezentral stattfinden zu lassen. Die langj\u00e4hrige, erfolgreiche Kooperation zwischen den nieders\u00e4chsischen Inseln und dem Internatsgymnasium in Esens wird&#46;&#46;&#46;","og_url":"https:\/\/wp2.nige.de\/wordpress\/sample-page\/sdln\/","og_site_name":"NIGE","article_publisher":"https:\/\/www.facebook.com\/NIGEsens\/","article_modified_time":"2013-07-23T22:06:07+00:00","twitter_card":"summary_large_image","twitter_misc":{"Gesch\u00e4tzte Lesezeit":"1\u00a0Minute"},"schema":{"@context":"https:\/\/schema.org","@graph":[{"@type":"WebPage","@id":"https:\/\/wp2.nige.de\/wordpress\/sample-page\/sdln\/","url":"https:\/\/wp2.nige.de\/wordpress\/sample-page\/sdln\/","name":"SDLN - School of Distance Learning Niedersachsen - NIGE","isPartOf":{"@id":"https:\/\/wp2.nige.de\/wordpress\/#website"},"datePublished":"2013-07-04T09:56:39+00:00","dateModified":"2013-07-23T22:06:07+00:00","breadcrumb":{"@id":"https:\/\/wp2.nige.de\/wordpress\/sample-page\/sdln\/#breadcrumb"},"inLanguage":"de","potentialAction":[{"@type":"ReadAction","target":["https:\/\/wp2.nige.de\/wordpress\/sample-page\/sdln\/"]}]},{"@type":"BreadcrumbList","@id":"https:\/\/wp2.nige.de\/wordpress\/sample-page\/sdln\/#breadcrumb","itemListElement":[{"@type":"ListItem","position":1,"name":"Startseite","item":"https:\/\/wp2.nige.de\/wordpress\/"},{"@type":"ListItem","position":2,"name":"NIGE","item":"https:\/\/wp2.nige.de\/wordpress\/sample-page\/"},{"@type":"ListItem","position":3,"name":"SDLN &#8211; School of Distance Learning Niedersachsen"}]},{"@type":"WebSite","@id":"https:\/\/wp2.nige.de\/wordpress\/#website","url":"https:\/\/wp2.nige.de\/wordpress\/","name":"Nieders\u00e4chsisches Internatsgymnasium Esens | NIGE","description":"Nieders\u00e4chsisches Internatsgymnasium Esens","publisher":{"@id":"https:\/\/wp2.nige.de\/wordpress\/#organization"},"potentialAction":[{"@type":"SearchAction","target":{"@type":"EntryPoint","urlTemplate":"https:\/\/wp2.nige.de\/wordpress\/?s={search_term_string}"},"query-input":{"@type":"PropertyValueSpecification","valueRequired":true,"valueName":"search_term_string"}}],"inLanguage":"de"},{"@type":"Organization","@id":"https:\/\/wp2.nige.de\/wordpress\/#organization","name":"Nieders\u00e4chsisches Internatsgymnasium Esens","url":"https:\/\/wp2.nige.de\/wordpress\/","logo":{"@type":"ImageObject","inLanguage":"de","@id":"https:\/\/wp2.nige.de\/wordpress\/#\/schema\/logo\/image\/","url":"https:\/\/wp2.nige.de\/wordpress\/wp-content\/uploads\/2018\/08\/logo_nige.jpg","contentUrl":"https:\/\/wp2.nige.de\/wordpress\/wp-content\/uploads\/2018\/08\/logo_nige.jpg","width":1984,"height":1239,"caption":"Nieders\u00e4chsisches Internatsgymnasium Esens"},"image":{"@id":"https:\/\/wp2.nige.de\/wordpress\/#\/schema\/logo\/image\/"},"sameAs":["https:\/\/www.facebook.com\/NIGEsens\/"]}]}},"_links":{"self":[{"href":"https:\/\/wp2.nige.de\/wordpress\/wp-json\/wp\/v2\/pages\/118","targetHints":{"allow":["GET"]}}],"collection":[{"href":"https:\/\/wp2.nige.de\/wordpress\/wp-json\/wp\/v2\/pages"}],"about":[{"href":"https:\/\/wp2.nige.de\/wordpress\/wp-json\/wp\/v2\/types\/page"}],"author":[{"embeddable":true,"href":"https:\/\/wp2.nige.de\/wordpress\/wp-json\/wp\/v2\/users\/28"}],"replies":[{"embeddable":true,"href":"https:\/\/wp2.nige.de\/wordpress\/wp-json\/wp\/v2\/comments?post=118"}],"version-history":[{"count":11,"href":"https:\/\/wp2.nige.de\/wordpress\/wp-json\/wp\/v2\/pages\/118\/revisions"}],"predecessor-version":[{"id":2382,"href":"https:\/\/wp2.nige.de\/wordpress\/wp-json\/wp\/v2\/pages\/118\/revisions\/2382"}],"up":[{"embeddable":true,"href":"https:\/\/wp2.nige.de\/wordpress\/wp-json\/wp\/v2\/pages\/2"}],"wp:attachment":[{"href":"https:\/\/wp2.nige.de\/wordpress\/wp-json\/wp\/v2\/media?parent=118"}],"curies":[{"name":"wp","href":"https:\/\/api.w.org\/{rel}","templated":true}]}}