{"id":11542,"date":"2020-08-24T14:29:17","date_gmt":"2020-08-24T12:29:17","guid":{"rendered":"http:\/\/wp2.nige.de\/wordpress\/?page_id=11542"},"modified":"2022-05-03T13:10:44","modified_gmt":"2022-05-03T11:10:44","slug":"buecherliste","status":"publish","type":"page","link":"https:\/\/wp2.nige.de\/wordpress\/buecherliste\/","title":{"rendered":"B\u00fccherliste"},"content":{"rendered":"<p style=\"text-align: justify;\"><strong>Leihbedingungen f\u00fcr die entgeltliche Ausleihe von Lernmitteln<\/strong><\/p>\n<p style=\"text-align: justify;\">Die Anmeldung muss fristgerecht \u00fcber IServ \u2192 Schulb\u00fccher verbindlich erfolgt sein, sonst kann keine Teilnahme an der entgeltlichen Ausleihe erfolgen und die Lernmittel m\u00fcssen selbst beschafft werden.<\/p>\n<p style=\"text-align: justify;\">Die Unterlagen f\u00fcr evtl. gestellte Erm\u00e4\u00dfigungs- oder Befreiungsantr\u00e4ge m\u00fcssen rechtzeitig im Sekretariat eingegangen sein, sonst ist der volle Betrag zu entrichten.<\/p>\n<p style=\"text-align: justify;\">Die Leihgeb\u00fchr muss bis zum genannten Zahlungstermin auf dem Konto der Schulbuchausleihe eingegangen sein. Die Kontoverbindung und der Verwendungszweck wird bei der Anmeldung per Mail zugestellt.<\/p>\n<p style=\"text-align: justify;\"><strong>Bei nicht fristgerechtem Eingang ist keine Teilnahme m\u00f6glich. Der versp\u00e4tete Zahlungseingang wird erstattet und die Lernmittel m\u00fcssen selbst beschafft werden.<\/strong><\/p>\n<p style=\"text-align: justify;\">Nach Erhalt der Lernmittel sind diese auf Vorscha\u0308den zu \u00fcberpr\u00fcfen. Falls Vorscha\u0308den festgestellt werden, m\u00fcssen diese unverz\u00fcglich, sp\u00e4testens bis 14 Tagen nach Erhalt bei der B\u00fccherausleihe mitgeteilt werden, damit sie getauscht werden k\u00f6nnen.<\/p>\n<p style=\"text-align: justify;\">Die Teilnehmer verpflichten sich, die ausgeliehenen B\u00fccher sorgf\u00e4ltigzu behandeln, sonst kann es bei der R\u00fcckgabe zu Ersatzanspr\u00fcchen kommen.<\/p>\n<p style=\"text-align: justify;\">Bei Vertauschen der B\u00fccher haftet jeder Entleiher f\u00fcr das urspr\u00fcnglich durch ihn ausgeliehene Buch.<br \/>\nBei Nichtabgabe, Verlust oder Besch\u00e4digung entliehener B\u00fccher, verpflichten sich die Teilnehmer, den Zeitwert zu ersetzen. Geschieht dies nicht, behalten wir uns vor, den Teilnehmer vom Ausleihverfahren der kommenden Jahre auszuschlie\u00dfen.<\/p>\n<p style=\"text-align: justify;\">Die <strong>Ausleihgeb\u00fchr gilt f\u00fcr jeweils f\u00fcr ein Jahr.<\/strong> Bei Zweijahresb\u00e4nden muss im Folgejahr ebenfalls ausgeliehen werden oder die B\u00fccher sind am Schuljahresende wieder zur\u00fcckzugeben. Bei Nichtzahlung und Nichtr\u00fcckgabe kommt es zu einem Ersatzanspruch f\u00fcr alle B\u00fccher.<\/p>\n<h2 style=\"text-align: center;\"><a href=\"https:\/\/wp2.nige.de\/wordpress\/buecherlisten-buchausleihe\/\"><strong>Hier finden Sie die aktuellen Buchlisten<\/strong><\/a><\/h2>\n","protected":false},"excerpt":{"rendered":"<p>Leihbedingungen f\u00fcr die entgeltliche Ausleihe von Lernmitteln Die Anmeldung muss fristgerecht \u00fcber IServ \u2192 Schulb\u00fccher verbindlich erfolgt sein, sonst kann keine Teilnahme an der entgeltlichen Ausleihe erfolgen und die Lernmittel m\u00fcssen selbst beschafft werden. Die Unterlagen f\u00fcr evtl. gestellte Erm\u00e4\u00dfigungs- oder Befreiungsantr\u00e4ge m\u00fcssen rechtzeitig im Sekretariat&#46;&#46;&#46;<\/p>\n","protected":false},"author":28,"featured_media":0,"parent":0,"menu_order":0,"comment_status":"closed","ping_status":"closed","template":"","meta":{"ngg_post_thumbnail":0,"footnotes":""},"class_list":["post-11542","page","type-page","status-publish","hentry"],"yoast_head":"<!-- This site is optimized with the Yoast SEO plugin v27.5 - https:\/\/yoast.com\/product\/yoast-seo-wordpress\/ -->\n<title>B\u00fccherliste - NIGE<\/title>\n<meta name=\"robots\" content=\"index, follow, max-snippet:-1, max-image-preview:large, max-video-preview:-1\" \/>\n<link rel=\"canonical\" href=\"https:\/\/wp2.nige.de\/wordpress\/buecherliste\/\" \/>\n<meta property=\"og:locale\" content=\"de_DE\" \/>\n<meta property=\"og:type\" content=\"article\" \/>\n<meta property=\"og:title\" content=\"B\u00fccherliste - NIGE\" \/>\n<meta property=\"og:description\" content=\"Leihbedingungen f\u00fcr die entgeltliche Ausleihe von Lernmitteln Die Anmeldung muss fristgerecht \u00fcber IServ \u2192 Schulb\u00fccher verbindlich erfolgt sein, sonst kann keine Teilnahme an der entgeltlichen Ausleihe erfolgen und die Lernmittel m\u00fcssen selbst beschafft werden. Die Unterlagen f\u00fcr evtl. gestellte Erm\u00e4\u00dfigungs- oder Befreiungsantr\u00e4ge m\u00fcssen rechtzeitig im Sekretariat&#046;&#046;&#046;\" \/>\n<meta property=\"og:url\" content=\"https:\/\/wp2.nige.de\/wordpress\/buecherliste\/\" \/>\n<meta property=\"og:site_name\" content=\"NIGE\" \/>\n<meta property=\"article:publisher\" content=\"https:\/\/www.facebook.com\/NIGEsens\/\" \/>\n<meta property=\"article:modified_time\" content=\"2022-05-03T11:10:44+00:00\" \/>\n<meta name=\"twitter:card\" content=\"summary_large_image\" \/>\n<meta name=\"twitter:label1\" content=\"Gesch\u00e4tzte Lesezeit\" \/>\n\t<meta name=\"twitter:data1\" content=\"2\u00a0Minuten\" \/>\n<script type=\"application\/ld+json\" class=\"yoast-schema-graph\">{\"@context\":\"https:\\\/\\\/schema.org\",\"@graph\":[{\"@type\":\"WebPage\",\"@id\":\"https:\\\/\\\/wp2.nige.de\\\/wordpress\\\/buecherliste\\\/\",\"url\":\"https:\\\/\\\/wp2.nige.de\\\/wordpress\\\/buecherliste\\\/\",\"name\":\"B\u00fccherliste - NIGE\",\"isPartOf\":{\"@id\":\"https:\\\/\\\/wp2.nige.de\\\/wordpress\\\/#website\"},\"datePublished\":\"2020-08-24T12:29:17+00:00\",\"dateModified\":\"2022-05-03T11:10:44+00:00\",\"breadcrumb\":{\"@id\":\"https:\\\/\\\/wp2.nige.de\\\/wordpress\\\/buecherliste\\\/#breadcrumb\"},\"inLanguage\":\"de\",\"potentialAction\":[{\"@type\":\"ReadAction\",\"target\":[\"https:\\\/\\\/wp2.nige.de\\\/wordpress\\\/buecherliste\\\/\"]}]},{\"@type\":\"BreadcrumbList\",\"@id\":\"https:\\\/\\\/wp2.nige.de\\\/wordpress\\\/buecherliste\\\/#breadcrumb\",\"itemListElement\":[{\"@type\":\"ListItem\",\"position\":1,\"name\":\"Startseite\",\"item\":\"https:\\\/\\\/wp2.nige.de\\\/wordpress\\\/\"},{\"@type\":\"ListItem\",\"position\":2,\"name\":\"B\u00fccherliste\"}]},{\"@type\":\"WebSite\",\"@id\":\"https:\\\/\\\/wp2.nige.de\\\/wordpress\\\/#website\",\"url\":\"https:\\\/\\\/wp2.nige.de\\\/wordpress\\\/\",\"name\":\"Nieders\u00e4chsisches Internatsgymnasium Esens | NIGE\",\"description\":\"Nieders\u00e4chsisches Internatsgymnasium Esens\",\"publisher\":{\"@id\":\"https:\\\/\\\/wp2.nige.de\\\/wordpress\\\/#organization\"},\"potentialAction\":[{\"@type\":\"SearchAction\",\"target\":{\"@type\":\"EntryPoint\",\"urlTemplate\":\"https:\\\/\\\/wp2.nige.de\\\/wordpress\\\/?s={search_term_string}\"},\"query-input\":{\"@type\":\"PropertyValueSpecification\",\"valueRequired\":true,\"valueName\":\"search_term_string\"}}],\"inLanguage\":\"de\"},{\"@type\":\"Organization\",\"@id\":\"https:\\\/\\\/wp2.nige.de\\\/wordpress\\\/#organization\",\"name\":\"Nieders\u00e4chsisches Internatsgymnasium Esens\",\"url\":\"https:\\\/\\\/wp2.nige.de\\\/wordpress\\\/\",\"logo\":{\"@type\":\"ImageObject\",\"inLanguage\":\"de\",\"@id\":\"https:\\\/\\\/wp2.nige.de\\\/wordpress\\\/#\\\/schema\\\/logo\\\/image\\\/\",\"url\":\"https:\\\/\\\/wp2.nige.de\\\/wordpress\\\/wp-content\\\/uploads\\\/2018\\\/08\\\/logo_nige.jpg\",\"contentUrl\":\"https:\\\/\\\/wp2.nige.de\\\/wordpress\\\/wp-content\\\/uploads\\\/2018\\\/08\\\/logo_nige.jpg\",\"width\":1984,\"height\":1239,\"caption\":\"Nieders\u00e4chsisches Internatsgymnasium Esens\"},\"image\":{\"@id\":\"https:\\\/\\\/wp2.nige.de\\\/wordpress\\\/#\\\/schema\\\/logo\\\/image\\\/\"},\"sameAs\":[\"https:\\\/\\\/www.facebook.com\\\/NIGEsens\\\/\"]}]}<\/script>\n<!-- \/ Yoast SEO plugin. -->","yoast_head_json":{"title":"B\u00fccherliste - NIGE","robots":{"index":"index","follow":"follow","max-snippet":"max-snippet:-1","max-image-preview":"max-image-preview:large","max-video-preview":"max-video-preview:-1"},"canonical":"https:\/\/wp2.nige.de\/wordpress\/buecherliste\/","og_locale":"de_DE","og_type":"article","og_title":"B\u00fccherliste - NIGE","og_description":"Leihbedingungen f\u00fcr die entgeltliche Ausleihe von Lernmitteln Die Anmeldung muss fristgerecht \u00fcber IServ \u2192 Schulb\u00fccher verbindlich erfolgt sein, sonst kann keine Teilnahme an der entgeltlichen Ausleihe erfolgen und die Lernmittel m\u00fcssen selbst beschafft werden. Die Unterlagen f\u00fcr evtl. gestellte Erm\u00e4\u00dfigungs- oder Befreiungsantr\u00e4ge m\u00fcssen rechtzeitig im Sekretariat&#46;&#46;&#46;","og_url":"https:\/\/wp2.nige.de\/wordpress\/buecherliste\/","og_site_name":"NIGE","article_publisher":"https:\/\/www.facebook.com\/NIGEsens\/","article_modified_time":"2022-05-03T11:10:44+00:00","twitter_card":"summary_large_image","twitter_misc":{"Gesch\u00e4tzte Lesezeit":"2\u00a0Minuten"},"schema":{"@context":"https:\/\/schema.org","@graph":[{"@type":"WebPage","@id":"https:\/\/wp2.nige.de\/wordpress\/buecherliste\/","url":"https:\/\/wp2.nige.de\/wordpress\/buecherliste\/","name":"B\u00fccherliste - NIGE","isPartOf":{"@id":"https:\/\/wp2.nige.de\/wordpress\/#website"},"datePublished":"2020-08-24T12:29:17+00:00","dateModified":"2022-05-03T11:10:44+00:00","breadcrumb":{"@id":"https:\/\/wp2.nige.de\/wordpress\/buecherliste\/#breadcrumb"},"inLanguage":"de","potentialAction":[{"@type":"ReadAction","target":["https:\/\/wp2.nige.de\/wordpress\/buecherliste\/"]}]},{"@type":"BreadcrumbList","@id":"https:\/\/wp2.nige.de\/wordpress\/buecherliste\/#breadcrumb","itemListElement":[{"@type":"ListItem","position":1,"name":"Startseite","item":"https:\/\/wp2.nige.de\/wordpress\/"},{"@type":"ListItem","position":2,"name":"B\u00fccherliste"}]},{"@type":"WebSite","@id":"https:\/\/wp2.nige.de\/wordpress\/#website","url":"https:\/\/wp2.nige.de\/wordpress\/","name":"Nieders\u00e4chsisches Internatsgymnasium Esens | NIGE","description":"Nieders\u00e4chsisches Internatsgymnasium Esens","publisher":{"@id":"https:\/\/wp2.nige.de\/wordpress\/#organization"},"potentialAction":[{"@type":"SearchAction","target":{"@type":"EntryPoint","urlTemplate":"https:\/\/wp2.nige.de\/wordpress\/?s={search_term_string}"},"query-input":{"@type":"PropertyValueSpecification","valueRequired":true,"valueName":"search_term_string"}}],"inLanguage":"de"},{"@type":"Organization","@id":"https:\/\/wp2.nige.de\/wordpress\/#organization","name":"Nieders\u00e4chsisches Internatsgymnasium Esens","url":"https:\/\/wp2.nige.de\/wordpress\/","logo":{"@type":"ImageObject","inLanguage":"de","@id":"https:\/\/wp2.nige.de\/wordpress\/#\/schema\/logo\/image\/","url":"https:\/\/wp2.nige.de\/wordpress\/wp-content\/uploads\/2018\/08\/logo_nige.jpg","contentUrl":"https:\/\/wp2.nige.de\/wordpress\/wp-content\/uploads\/2018\/08\/logo_nige.jpg","width":1984,"height":1239,"caption":"Nieders\u00e4chsisches Internatsgymnasium Esens"},"image":{"@id":"https:\/\/wp2.nige.de\/wordpress\/#\/schema\/logo\/image\/"},"sameAs":["https:\/\/www.facebook.com\/NIGEsens\/"]}]}},"_links":{"self":[{"href":"https:\/\/wp2.nige.de\/wordpress\/wp-json\/wp\/v2\/pages\/11542","targetHints":{"allow":["GET"]}}],"collection":[{"href":"https:\/\/wp2.nige.de\/wordpress\/wp-json\/wp\/v2\/pages"}],"about":[{"href":"https:\/\/wp2.nige.de\/wordpress\/wp-json\/wp\/v2\/types\/page"}],"author":[{"embeddable":true,"href":"https:\/\/wp2.nige.de\/wordpress\/wp-json\/wp\/v2\/users\/28"}],"replies":[{"embeddable":true,"href":"https:\/\/wp2.nige.de\/wordpress\/wp-json\/wp\/v2\/comments?post=11542"}],"version-history":[{"count":3,"href":"https:\/\/wp2.nige.de\/wordpress\/wp-json\/wp\/v2\/pages\/11542\/revisions"}],"predecessor-version":[{"id":12874,"href":"https:\/\/wp2.nige.de\/wordpress\/wp-json\/wp\/v2\/pages\/11542\/revisions\/12874"}],"wp:attachment":[{"href":"https:\/\/wp2.nige.de\/wordpress\/wp-json\/wp\/v2\/media?parent=11542"}],"curies":[{"name":"wp","href":"https:\/\/api.w.org\/{rel}","templated":true}]}}