{"id":11227,"date":"2020-04-15T12:40:35","date_gmt":"2020-04-15T10:40:35","guid":{"rendered":"http:\/\/wp2.nige.de\/wordpress\/?page_id=11227"},"modified":"2026-04-29T21:02:40","modified_gmt":"2026-04-29T19:02:40","slug":"anmeldung-jg-5","status":"publish","type":"page","link":"https:\/\/wp2.nige.de\/wordpress\/anmeldung-jg-5\/","title":{"rendered":"Anmeldung Jg 5"},"content":{"rendered":"<div style=\"padding: 8px; text-align: right; margin: 0;\">\n<p style=\"text-align: left;\"><strong>Zuk\u00fcnftiger Jahrgang 5 im Schuljahr 2026\/2027<\/strong><\/p>\n<p style=\"text-align: left;\">Liebe Eltern und Erziehungsberechtigte, liebe zuk\u00fcnftige F\u00fcnftkl\u00e4ssler,<\/p>\n<p style=\"text-align: left;\">wir m\u00f6chten Sie und euch auf folgende Termine hinweisen:<\/p>\n<p style=\"text-align: left;\"><strong>Am Freitag, den 06. Februar 2026 um 16:00<\/strong> <strong>Uhr<\/strong> findet in der Aula des NIGE ein Informationsabend <strong>zum Thema<\/strong> \u201e<strong>Schullaufbahn am NIGE<\/strong>\u201c statt. Die Veranstaltung richtet sich an die Erziehungsberechtigten der Sch\u00fclerinnen und Sch\u00fcler des 3. und 4. Jahrgangs. W\u00e4hrend dieser Veranstaltung stellen wir Ihnen unsere Schule vor und informieren Sie \u00fcber die Besonderheiten der Schulform des Gymnasiums. Bereits vor dieser Veranstaltung bieten wir <strong>ab 15:00 Uhr<\/strong> <strong>zus\u00e4tzlich F\u00fchrungen<\/strong> <strong>durch unser Schulgeb\u00e4ude<\/strong> an. Wir freuen uns auf Ihre Teilnahme.<\/p>\n<p style=\"text-align: left;\">Nach den Osterferien, in der Zeit vom <strong>13.04 bis zum 17.04.2026,<\/strong> laden wir die Sch\u00fclerinnen und Sch\u00fcler des 4. Jahrgangs, die sich voraussichtlich am NIGE anmelden werden, zu <strong>einem<\/strong> <strong>Schnuppertag<\/strong> ein. Die Anmeldung und weitere Informationen erfolgen aus organisatorischen Gr\u00fcnden \u00fcber die Grundschulen.<\/p>\n<p style=\"text-align: left;\">Der <strong>erste Schultag<\/strong> f\u00fcr die zuk\u00fcnftigen 5. Klassen (Einschulung des f\u00fcnften Jahrgangs) ist am <strong>Freitag, den 14. August 2026<\/strong>.<\/p>\n<p style=\"text-align: left;\">Die <u>Anmeldung<\/u> Ihres Sohnes\/Ihrer Tochter ist an den folgenden Terminen m\u00f6glich:<\/p>\n<p style=\"text-align: left;\">Montag&nbsp;&nbsp;&nbsp;&nbsp;&nbsp;&nbsp;&nbsp;&nbsp;&nbsp;&nbsp; 04.05.2026&nbsp;&nbsp;&nbsp;&nbsp;&nbsp;&nbsp;&nbsp;&nbsp;&nbsp;&nbsp;&nbsp;&nbsp;&nbsp;&nbsp;&nbsp;&nbsp; von&nbsp;&nbsp; 8:30 \u2013 16:00 Uhr<\/p>\n<p style=\"text-align: left;\">Dienstag&nbsp;&nbsp;&nbsp;&nbsp;&nbsp;&nbsp;&nbsp;&nbsp; 05.05.2026&nbsp;&nbsp;&nbsp;&nbsp;&nbsp;&nbsp;&nbsp;&nbsp;&nbsp;&nbsp;&nbsp;&nbsp;&nbsp;&nbsp;&nbsp;&nbsp; von&nbsp;&nbsp; 8:30 \u2013 16:00 Uhr<\/p>\n<p style=\"text-align: left;\">Mittwoch&nbsp;&nbsp;&nbsp;&nbsp;&nbsp;&nbsp;&nbsp; 06.05.2026&nbsp;&nbsp;&nbsp;&nbsp;&nbsp;&nbsp;&nbsp;&nbsp;&nbsp;&nbsp;&nbsp;&nbsp;&nbsp;&nbsp;&nbsp;&nbsp; von&nbsp;&nbsp; 8:30 \u2013 16:00 Uhr<\/p>\n<p style=\"text-align: left;\">Donnerstag&nbsp;&nbsp;&nbsp;&nbsp; 07.05.2026&nbsp;&nbsp;&nbsp;&nbsp;&nbsp;&nbsp;&nbsp;&nbsp;&nbsp;&nbsp;&nbsp;&nbsp;&nbsp;&nbsp;&nbsp;von&nbsp;&nbsp; 8:30 \u2013 16:00 Uhr<\/p>\n<p style=\"text-align: left;\">Freitag &nbsp;&nbsp;&nbsp;&nbsp;&nbsp;&nbsp;&nbsp;&nbsp;&nbsp;&nbsp;&nbsp; 08.05.2026&nbsp;&nbsp;&nbsp;&nbsp;&nbsp;&nbsp;&nbsp;&nbsp;&nbsp;&nbsp;&nbsp;&nbsp;&nbsp;&nbsp; &nbsp;&nbsp;von&nbsp;&nbsp; 8:30 \u2013 13:00 Uhr<\/p>\n<p style=\"text-align: left;\"><strong>Zus\u00e4tzlich k\u00f6nnen die Anmeldungen auch jederzeit postalisch oder digital (bitte an:&nbsp;<\/strong><a href=\"mailto:poststelle@nige.de\"><strong>poststelle@nige.de<\/strong><\/a><strong>) erfolgen. <\/strong><\/p>\n<p style=\"text-align: left;\">Anmeldeunterlagen finden Sie bei uns im Sekretariat oder unten anliegend.<\/p>\n<\/div>\n<p style=\"text-align: justify;\"><strong>F\u00fcr die Anmeldung sind <u>Kopien der folgenden Unterlagen<\/u> mitzubringen<\/strong>:<\/p>\n<ul style=\"text-align: justify;\">\n<li>Kopie der Zeugnisse der Klassen 3: 1 und 2. Halbjahr sowie der Klasse 4: 1. Halbjahr,<\/li>\n<li>Kopie der Geburtsurkunde<\/li>\n<li>ein Passbild<\/li>\n<li>Impfnachweis zweifache Masernimpfung<\/li>\n<\/ul>\n<p style=\"text-align: justify;\">A) Anmeldeunterlagen (bitte herunterladen, ausf\u00fcllen und der Schule per Post\/Mail zukommen lassen)<\/p>\n<ol style=\"text-align: justify;\">\n<li><a href=\"https:\/\/wp2.nige.de\/wordpress\/wp-content\/uploads\/2024\/04\/Anmelde-u.-Personalbogen2024.pdf\">Anmelde- und Personalbogen<\/a> (PDF)<\/li>\n<li><a href=\"http:\/\/wp2.nige.de\/wordpress\/wp-content\/uploads\/2020\/04\/Einwilligungserkla\u0308rung-Vero\u0308ffentlichung-von-Fotos.pdf\">Einwilligungsbogen f\u00fcr die Ver\u00f6ffentlichung von Fotos im Intranet und Homepage<\/a> (PDF)<\/li>\n<li><a href=\"https:\/\/wp2.nige.de\/wordpress\/wp-content\/uploads\/2021\/02\/IServAnmeldung2019-A\u0308nderungsvorschlag.pdf\">I-Serv Anmeldung<\/a> (PDF)<\/li>\n<li><a href=\"https:\/\/wp2.nige.de\/wordpress\/wp-content\/uploads\/2024\/09\/Elterninformation_Sportunterricht_am_NIGE_2024.pdf\">Abfrage und Informationen zum Schwimmunterricht<\/a> (PDF)<\/li>\n<li><a href=\"http:\/\/wp2.nige.de\/wordpress\/wp-content\/uploads\/2020\/04\/W\u00fcnsche-Klassenzusammenstellung.pdf\">W\u00fcnsche Klassenzusammenstellung<\/a> (PDF)<\/li>\n<li><a href=\"https:\/\/wp2.nige.de\/wordpress\/wp-content\/uploads\/2021\/02\/Erkla\u0308rung-zur-Sorgeberechtigung.pdf\">Erkl\u00e4rung zur Sorgeberechtigung<\/a> (PDF)<\/li>\n<li><a href=\"https:\/\/wp2.nige.de\/wordpress\/wp-content\/uploads\/2022\/02\/Waffenerlass-2022.pdf\">Waffenerlass<\/a> (PDF)<\/li>\n<li><a href=\"https:\/\/wp2.nige.de\/wordpress\/wp-content\/uploads\/2026\/02\/Zeckenblatt.pdf\">Hinweisblatt Zecken<\/a> (PDF)<\/li>\n<\/ol>\n<p style=\"text-align: justify;\">B) Wichtige Informationen (zur Kenntnisnahme und zum Ausdruck f\u00fcr die pers. Unterlagen)<\/p>\n<ol style=\"text-align: justify;\">\n<li style=\"text-align: justify;\"><a href=\"https:\/\/wp2.nige.de\/wordpress\/wp-content\/uploads\/2025\/08\/2025-Schulordnung-.pdf\">Schulordnung<\/a><\/li>\n<li><a href=\"https:\/\/wp2.nige.de\/wordpress\/wp-content\/uploads\/2025\/01\/IServBenutzerordnung2022.pdf\">iServ Benutzerordnung<\/a>&nbsp;<\/li>\n<li><a href=\"https:\/\/wp2.nige.de\/wordpress\/wp-content\/uploads\/2025\/02\/Info_Tabletkonzept-Juni-2023-1-Kopie.pdf\">Tabletkonzept<\/a><\/li>\n<li><a href=\"https:\/\/wp2.nige.de\/wordpress\/wp-content\/uploads\/2026\/04\/Materialuebersicht-Klasse-5_vollfarbig.pdf\">Materialliste<\/a><\/li>\n<li><a href=\"https:\/\/wp2.nige.de\/wordpress\/buecherlisten-buchausleihe\/\">Buchliste<\/a><\/li>\n<li><a href=\"https:\/\/wp2.nige.de\/wordpress\/wp-content\/uploads\/2026\/04\/Jg.-5-Anleitung-Ausleihe-2026-2027.pdf\">Anleitung zur Buchausleihe<\/a><\/li>\n<li><a href=\"https:\/\/wp2.nige.de\/wordpress\/wp-content\/uploads\/2026\/04\/Jg.-5-Servicepauschale-2026-2027.pdf\">Informationen zur Servicepauschale<\/a><\/li>\n<li style=\"text-align: justify;\"><a href=\"https:\/\/wp2.nige.de\/wordpress\/wp-content\/uploads\/2022\/03\/InfektionsschutzText-2022.pdf\">Belehrung Infektionskrankheiten<\/a> (PDF)<\/li>\n<li style=\"text-align: justify;\"><a href=\"http:\/\/wp2.nige.de\/wordpress\/wp-content\/uploads\/2020\/04\/Infektionskrankheiten\u00dcbersicht.pdf\">\u00dcbersicht: Infektionskrankheiten<\/a> (PDF)<\/li>\n<li>Info zum musikpraktischen Unterricht (MPU)<\/li>\n<li style=\"text-align: justify;\"><a href=\"http:\/\/wp2.nige.de\/wordpress\/wp-content\/uploads\/2020\/04\/F\u00f6rdervereinFlyer.pdf\">F\u00f6rderverein-Info<\/a> (PDF)<\/li>\n<li style=\"text-align: justify;\"><a href=\"http:\/\/wp2.nige.de\/wordpress\/wp-content\/uploads\/2020\/04\/Informationspflichten-schuelerdaten-NIGE-Art-13-Einlegeblatt.pdf\">Auskunft nach Artikel 13 DSGVO<\/a> (PDF)<\/li>\n<\/ol>\n<p style=\"text-align: justify;\">Hier geht es zu unserer Map f\u00fcr die neuen 5er:<\/p>\n<div id=\"attachment_16052\" style=\"width: 1101px\" class=\"wp-caption alignnone\"><a href=\"https:\/\/nds.edumaps.de\/46166\/102491\/cx9a50bio6\/cuckx14k1q\"><img loading=\"lazy\" decoding=\"async\" aria-describedby=\"caption-attachment-16052\" class=\"wp-image-16052 size-full\" src=\"https:\/\/wp2.nige.de\/wordpress\/wp-content\/uploads\/2024\/11\/Bildschirmfoto-2024-11-25-um-11.56.16.png\" alt=\"Hier geht es zu unserer Map f\u00fcr die neuen 5er\" width=\"1091\" height=\"830\" srcset=\"https:\/\/wp2.nige.de\/wordpress\/wp-content\/uploads\/2024\/11\/Bildschirmfoto-2024-11-25-um-11.56.16.png 1091w, https:\/\/wp2.nige.de\/wordpress\/wp-content\/uploads\/2024\/11\/Bildschirmfoto-2024-11-25-um-11.56.16-300x228.png 300w, https:\/\/wp2.nige.de\/wordpress\/wp-content\/uploads\/2024\/11\/Bildschirmfoto-2024-11-25-um-11.56.16-1024x779.png 1024w\" sizes=\"auto, (max-width: 1091px) 100vw, 1091px\" \/><\/a><p id=\"caption-attachment-16052\" class=\"wp-caption-text\">Hier geht es zu unserer Map f\u00fcr die neuen 5er<\/p><\/div>\n","protected":false},"excerpt":{"rendered":"<p>Zuk\u00fcnftiger Jahrgang 5 im Schuljahr 2026\/2027 Liebe Eltern und Erziehungsberechtigte, liebe zuk\u00fcnftige F\u00fcnftkl\u00e4ssler, wir m\u00f6chten Sie und euch auf folgende Termine hinweisen: Am Freitag, den 06. Februar 2026 um 16:00 Uhr findet in der Aula des NIGE ein Informationsabend zum Thema \u201eSchullaufbahn am NIGE\u201c statt. Die&#46;&#46;&#46;<\/p>\n","protected":false},"author":28,"featured_media":0,"parent":0,"menu_order":0,"comment_status":"closed","ping_status":"closed","template":"","meta":{"ngg_post_thumbnail":0,"footnotes":""},"class_list":["post-11227","page","type-page","status-publish","hentry"],"yoast_head":"<!-- This site is optimized with the Yoast SEO plugin v27.5 - https:\/\/yoast.com\/product\/yoast-seo-wordpress\/ -->\n<title>Anmeldung Jg 5 - NIGE<\/title>\n<meta name=\"robots\" content=\"index, follow, max-snippet:-1, max-image-preview:large, max-video-preview:-1\" \/>\n<link rel=\"canonical\" href=\"https:\/\/wp2.nige.de\/wordpress\/anmeldung-jg-5\/\" \/>\n<meta property=\"og:locale\" content=\"de_DE\" \/>\n<meta property=\"og:type\" content=\"article\" \/>\n<meta property=\"og:title\" content=\"Anmeldung Jg 5 - NIGE\" \/>\n<meta property=\"og:description\" content=\"Zuk\u00fcnftiger Jahrgang 5 im Schuljahr 2026\/2027 Liebe Eltern und Erziehungsberechtigte, liebe zuk\u00fcnftige F\u00fcnftkl\u00e4ssler, wir m\u00f6chten Sie und euch auf folgende Termine hinweisen: Am Freitag, den 06. Februar 2026 um 16:00 Uhr findet in der Aula des NIGE ein Informationsabend zum Thema \u201eSchullaufbahn am NIGE\u201c statt. Die&#046;&#046;&#046;\" \/>\n<meta property=\"og:url\" content=\"https:\/\/wp2.nige.de\/wordpress\/anmeldung-jg-5\/\" \/>\n<meta property=\"og:site_name\" content=\"NIGE\" \/>\n<meta property=\"article:publisher\" content=\"https:\/\/www.facebook.com\/NIGEsens\/\" \/>\n<meta property=\"article:modified_time\" content=\"2026-04-29T19:02:40+00:00\" \/>\n<meta property=\"og:image\" content=\"https:\/\/wp2.nige.de\/wordpress\/wp-content\/uploads\/2024\/11\/Bildschirmfoto-2024-11-25-um-11.56.16.png\" \/>\n\t<meta property=\"og:image:width\" content=\"1091\" \/>\n\t<meta property=\"og:image:height\" content=\"830\" \/>\n\t<meta property=\"og:image:type\" content=\"image\/png\" \/>\n<meta name=\"twitter:card\" content=\"summary_large_image\" \/>\n<meta name=\"twitter:label1\" content=\"Gesch\u00e4tzte Lesezeit\" \/>\n\t<meta name=\"twitter:data1\" content=\"3\u00a0Minuten\" \/>\n<script type=\"application\/ld+json\" class=\"yoast-schema-graph\">{\"@context\":\"https:\\\/\\\/schema.org\",\"@graph\":[{\"@type\":\"WebPage\",\"@id\":\"https:\\\/\\\/wp2.nige.de\\\/wordpress\\\/anmeldung-jg-5\\\/\",\"url\":\"https:\\\/\\\/wp2.nige.de\\\/wordpress\\\/anmeldung-jg-5\\\/\",\"name\":\"Anmeldung Jg 5 - NIGE\",\"isPartOf\":{\"@id\":\"https:\\\/\\\/wp2.nige.de\\\/wordpress\\\/#website\"},\"primaryImageOfPage\":{\"@id\":\"https:\\\/\\\/wp2.nige.de\\\/wordpress\\\/anmeldung-jg-5\\\/#primaryimage\"},\"image\":{\"@id\":\"https:\\\/\\\/wp2.nige.de\\\/wordpress\\\/anmeldung-jg-5\\\/#primaryimage\"},\"thumbnailUrl\":\"https:\\\/\\\/wp2.nige.de\\\/wordpress\\\/wp-content\\\/uploads\\\/2024\\\/11\\\/Bildschirmfoto-2024-11-25-um-11.56.16.png\",\"datePublished\":\"2020-04-15T10:40:35+00:00\",\"dateModified\":\"2026-04-29T19:02:40+00:00\",\"breadcrumb\":{\"@id\":\"https:\\\/\\\/wp2.nige.de\\\/wordpress\\\/anmeldung-jg-5\\\/#breadcrumb\"},\"inLanguage\":\"de\",\"potentialAction\":[{\"@type\":\"ReadAction\",\"target\":[\"https:\\\/\\\/wp2.nige.de\\\/wordpress\\\/anmeldung-jg-5\\\/\"]}]},{\"@type\":\"ImageObject\",\"inLanguage\":\"de\",\"@id\":\"https:\\\/\\\/wp2.nige.de\\\/wordpress\\\/anmeldung-jg-5\\\/#primaryimage\",\"url\":\"https:\\\/\\\/wp2.nige.de\\\/wordpress\\\/wp-content\\\/uploads\\\/2024\\\/11\\\/Bildschirmfoto-2024-11-25-um-11.56.16.png\",\"contentUrl\":\"https:\\\/\\\/wp2.nige.de\\\/wordpress\\\/wp-content\\\/uploads\\\/2024\\\/11\\\/Bildschirmfoto-2024-11-25-um-11.56.16.png\",\"width\":1091,\"height\":830},{\"@type\":\"BreadcrumbList\",\"@id\":\"https:\\\/\\\/wp2.nige.de\\\/wordpress\\\/anmeldung-jg-5\\\/#breadcrumb\",\"itemListElement\":[{\"@type\":\"ListItem\",\"position\":1,\"name\":\"Startseite\",\"item\":\"https:\\\/\\\/wp2.nige.de\\\/wordpress\\\/\"},{\"@type\":\"ListItem\",\"position\":2,\"name\":\"Anmeldung Jg 5\"}]},{\"@type\":\"WebSite\",\"@id\":\"https:\\\/\\\/wp2.nige.de\\\/wordpress\\\/#website\",\"url\":\"https:\\\/\\\/wp2.nige.de\\\/wordpress\\\/\",\"name\":\"Nieders\u00e4chsisches Internatsgymnasium Esens | NIGE\",\"description\":\"Nieders\u00e4chsisches Internatsgymnasium Esens\",\"publisher\":{\"@id\":\"https:\\\/\\\/wp2.nige.de\\\/wordpress\\\/#organization\"},\"potentialAction\":[{\"@type\":\"SearchAction\",\"target\":{\"@type\":\"EntryPoint\",\"urlTemplate\":\"https:\\\/\\\/wp2.nige.de\\\/wordpress\\\/?s={search_term_string}\"},\"query-input\":{\"@type\":\"PropertyValueSpecification\",\"valueRequired\":true,\"valueName\":\"search_term_string\"}}],\"inLanguage\":\"de\"},{\"@type\":\"Organization\",\"@id\":\"https:\\\/\\\/wp2.nige.de\\\/wordpress\\\/#organization\",\"name\":\"Nieders\u00e4chsisches Internatsgymnasium Esens\",\"url\":\"https:\\\/\\\/wp2.nige.de\\\/wordpress\\\/\",\"logo\":{\"@type\":\"ImageObject\",\"inLanguage\":\"de\",\"@id\":\"https:\\\/\\\/wp2.nige.de\\\/wordpress\\\/#\\\/schema\\\/logo\\\/image\\\/\",\"url\":\"https:\\\/\\\/wp2.nige.de\\\/wordpress\\\/wp-content\\\/uploads\\\/2018\\\/08\\\/logo_nige.jpg\",\"contentUrl\":\"https:\\\/\\\/wp2.nige.de\\\/wordpress\\\/wp-content\\\/uploads\\\/2018\\\/08\\\/logo_nige.jpg\",\"width\":1984,\"height\":1239,\"caption\":\"Nieders\u00e4chsisches Internatsgymnasium Esens\"},\"image\":{\"@id\":\"https:\\\/\\\/wp2.nige.de\\\/wordpress\\\/#\\\/schema\\\/logo\\\/image\\\/\"},\"sameAs\":[\"https:\\\/\\\/www.facebook.com\\\/NIGEsens\\\/\"]}]}<\/script>\n<!-- \/ Yoast SEO plugin. -->","yoast_head_json":{"title":"Anmeldung Jg 5 - NIGE","robots":{"index":"index","follow":"follow","max-snippet":"max-snippet:-1","max-image-preview":"max-image-preview:large","max-video-preview":"max-video-preview:-1"},"canonical":"https:\/\/wp2.nige.de\/wordpress\/anmeldung-jg-5\/","og_locale":"de_DE","og_type":"article","og_title":"Anmeldung Jg 5 - NIGE","og_description":"Zuk\u00fcnftiger Jahrgang 5 im Schuljahr 2026\/2027 Liebe Eltern und Erziehungsberechtigte, liebe zuk\u00fcnftige F\u00fcnftkl\u00e4ssler, wir m\u00f6chten Sie und euch auf folgende Termine hinweisen: Am Freitag, den 06. Februar 2026 um 16:00 Uhr findet in der Aula des NIGE ein Informationsabend zum Thema \u201eSchullaufbahn am NIGE\u201c statt. Die&#46;&#46;&#46;","og_url":"https:\/\/wp2.nige.de\/wordpress\/anmeldung-jg-5\/","og_site_name":"NIGE","article_publisher":"https:\/\/www.facebook.com\/NIGEsens\/","article_modified_time":"2026-04-29T19:02:40+00:00","og_image":[{"width":1091,"height":830,"url":"https:\/\/wp2.nige.de\/wordpress\/wp-content\/uploads\/2024\/11\/Bildschirmfoto-2024-11-25-um-11.56.16.png","type":"image\/png"}],"twitter_card":"summary_large_image","twitter_misc":{"Gesch\u00e4tzte Lesezeit":"3\u00a0Minuten"},"schema":{"@context":"https:\/\/schema.org","@graph":[{"@type":"WebPage","@id":"https:\/\/wp2.nige.de\/wordpress\/anmeldung-jg-5\/","url":"https:\/\/wp2.nige.de\/wordpress\/anmeldung-jg-5\/","name":"Anmeldung Jg 5 - NIGE","isPartOf":{"@id":"https:\/\/wp2.nige.de\/wordpress\/#website"},"primaryImageOfPage":{"@id":"https:\/\/wp2.nige.de\/wordpress\/anmeldung-jg-5\/#primaryimage"},"image":{"@id":"https:\/\/wp2.nige.de\/wordpress\/anmeldung-jg-5\/#primaryimage"},"thumbnailUrl":"https:\/\/wp2.nige.de\/wordpress\/wp-content\/uploads\/2024\/11\/Bildschirmfoto-2024-11-25-um-11.56.16.png","datePublished":"2020-04-15T10:40:35+00:00","dateModified":"2026-04-29T19:02:40+00:00","breadcrumb":{"@id":"https:\/\/wp2.nige.de\/wordpress\/anmeldung-jg-5\/#breadcrumb"},"inLanguage":"de","potentialAction":[{"@type":"ReadAction","target":["https:\/\/wp2.nige.de\/wordpress\/anmeldung-jg-5\/"]}]},{"@type":"ImageObject","inLanguage":"de","@id":"https:\/\/wp2.nige.de\/wordpress\/anmeldung-jg-5\/#primaryimage","url":"https:\/\/wp2.nige.de\/wordpress\/wp-content\/uploads\/2024\/11\/Bildschirmfoto-2024-11-25-um-11.56.16.png","contentUrl":"https:\/\/wp2.nige.de\/wordpress\/wp-content\/uploads\/2024\/11\/Bildschirmfoto-2024-11-25-um-11.56.16.png","width":1091,"height":830},{"@type":"BreadcrumbList","@id":"https:\/\/wp2.nige.de\/wordpress\/anmeldung-jg-5\/#breadcrumb","itemListElement":[{"@type":"ListItem","position":1,"name":"Startseite","item":"https:\/\/wp2.nige.de\/wordpress\/"},{"@type":"ListItem","position":2,"name":"Anmeldung Jg 5"}]},{"@type":"WebSite","@id":"https:\/\/wp2.nige.de\/wordpress\/#website","url":"https:\/\/wp2.nige.de\/wordpress\/","name":"Nieders\u00e4chsisches Internatsgymnasium Esens | NIGE","description":"Nieders\u00e4chsisches Internatsgymnasium Esens","publisher":{"@id":"https:\/\/wp2.nige.de\/wordpress\/#organization"},"potentialAction":[{"@type":"SearchAction","target":{"@type":"EntryPoint","urlTemplate":"https:\/\/wp2.nige.de\/wordpress\/?s={search_term_string}"},"query-input":{"@type":"PropertyValueSpecification","valueRequired":true,"valueName":"search_term_string"}}],"inLanguage":"de"},{"@type":"Organization","@id":"https:\/\/wp2.nige.de\/wordpress\/#organization","name":"Nieders\u00e4chsisches Internatsgymnasium Esens","url":"https:\/\/wp2.nige.de\/wordpress\/","logo":{"@type":"ImageObject","inLanguage":"de","@id":"https:\/\/wp2.nige.de\/wordpress\/#\/schema\/logo\/image\/","url":"https:\/\/wp2.nige.de\/wordpress\/wp-content\/uploads\/2018\/08\/logo_nige.jpg","contentUrl":"https:\/\/wp2.nige.de\/wordpress\/wp-content\/uploads\/2018\/08\/logo_nige.jpg","width":1984,"height":1239,"caption":"Nieders\u00e4chsisches Internatsgymnasium Esens"},"image":{"@id":"https:\/\/wp2.nige.de\/wordpress\/#\/schema\/logo\/image\/"},"sameAs":["https:\/\/www.facebook.com\/NIGEsens\/"]}]}},"_links":{"self":[{"href":"https:\/\/wp2.nige.de\/wordpress\/wp-json\/wp\/v2\/pages\/11227","targetHints":{"allow":["GET"]}}],"collection":[{"href":"https:\/\/wp2.nige.de\/wordpress\/wp-json\/wp\/v2\/pages"}],"about":[{"href":"https:\/\/wp2.nige.de\/wordpress\/wp-json\/wp\/v2\/types\/page"}],"author":[{"embeddable":true,"href":"https:\/\/wp2.nige.de\/wordpress\/wp-json\/wp\/v2\/users\/28"}],"replies":[{"embeddable":true,"href":"https:\/\/wp2.nige.de\/wordpress\/wp-json\/wp\/v2\/comments?post=11227"}],"version-history":[{"count":78,"href":"https:\/\/wp2.nige.de\/wordpress\/wp-json\/wp\/v2\/pages\/11227\/revisions"}],"predecessor-version":[{"id":18510,"href":"https:\/\/wp2.nige.de\/wordpress\/wp-json\/wp\/v2\/pages\/11227\/revisions\/18510"}],"wp:attachment":[{"href":"https:\/\/wp2.nige.de\/wordpress\/wp-json\/wp\/v2\/media?parent=11227"}],"curies":[{"name":"wp","href":"https:\/\/api.w.org\/{rel}","templated":true}]}}