{"id":11,"date":"2013-07-04T08:00:35","date_gmt":"2013-07-04T08:00:35","guid":{"rendered":"http:\/\/wordpress.nige.de\/wordpress\/?page_id=11"},"modified":"2023-12-17T20:56:21","modified_gmt":"2023-12-17T19:56:21","slug":"schulleben","status":"publish","type":"page","link":"https:\/\/wp2.nige.de\/wordpress\/sample-page\/schulleben\/","title":{"rendered":"Schulleben"},"content":{"rendered":"<p>&nbsp;<\/p>\n<p><a href=\"http:\/\/wp2.nige.de\/wordpress\/wp-content\/uploads\/2013\/07\/eingang.jpg\"><img loading=\"lazy\" decoding=\"async\" class=\"size-large wp-image-381 aligncenter\" src=\"http:\/\/wp2.nige.de\/wordpress\/wp-content\/uploads\/2013\/07\/eingang-1024x506.jpg\" alt=\"Eingang des Nige\" width=\"1024\" height=\"506\" srcset=\"https:\/\/wp2.nige.de\/wordpress\/wp-content\/uploads\/2013\/07\/eingang-1024x506.jpg 1024w, https:\/\/wp2.nige.de\/wordpress\/wp-content\/uploads\/2013\/07\/eingang-300x148.jpg 300w\" sizes=\"auto, (max-width: 1024px) 100vw, 1024px\" \/><\/a><\/p>\n<p>Das <b>Nieders\u00e4chsische Internatsgymnasium Esens<\/b> ist ein voll ausgebautes Gymnasium mit z. Zt. 900 Sch\u00fclerinnen und Sch\u00fclern . Es umfa\u00dft die Jahrg\u00e4nge 5 bis 12. Es f\u00fchrt als einziges unter den Nieders\u00e4chsischen Internatsgymnasien von der 6. Klasse an neben Franz\u00f6sisch auch Latein und Spanisch als zweite Fremdsprache.<\/p>\n<p>Das <b>Schulgel\u00e4nde<\/b> liegt am Rande der Stadt Esens (Ostfriesland) unweit der Nordsee in einem Wald und ist 9,5 ha gro\u00df. Neben Schulgeb\u00e4uden befinden sich dort die Sch\u00fclerinternate sowie das Wirtschaftsgeb\u00e4ude mit K\u00fcche. Die Unterbringung erfolgt in Ein- bis Zweibettzimmern, z.T. allergikergerecht. Zwei Schulgel\u00e4nde, umfangreiche schuleigene Sportanlagen einschlie\u00dflich Schwimmhalle und 2 Sport- und Spielhallen machen eine besondere F\u00f6rderung m\u00f6glich (DFB-St\u00fctzpunkt und Kooperation mit SV Werder Bremen).<\/p>\n<p>Das <b>Kollegium<\/b> umfa\u00dft z.Zt. 79 Lehrerinnen und Lehrer, im nichtlehrenden Bereich sind es&nbsp; knapp 30 Mitarbeiter.Eine Kooperation mit dem Studienseminar Wilhelmshaven zeichnet die Schule aus. Das NIGE bietet seit 2004 auch den Ganztagsschulbereich erfolgreich an. Schulleiterin ist StD\u00b4 Anja Renken-Abken.&nbsp; N\u00e4here Informationen fordern Sie bitte unter <a href=\"mailto:poststelle@nige.niedersachsen.de\">Informationsmaterial<\/a> an.<\/p>\n<div>Die durch die Schulstrukturreform stark ansteigende Zahl der Sch\u00fclerinnen und Sch\u00fcler machte es n\u00f6tig, einen zweiten Schulkomplex einzurichten, was durch den Erwerb der ehemaligen Hauptschule durch das Land Niedersachsen m\u00f6glich wurde. Nach einer umfassender Renovierung ist&nbsp; das <strong>Sekundarstufen I- Geb\u00e4ude <\/strong>entstanden, das alle notwendigen Einrichtungen einer voll funktionierenden Schule enth\u00e4lt, dabei aber dem Leben im Hauptgeb\u00e4ude verbunden bleibt, da beide Komplexe eine Entfernung von&nbsp;nur etwa 600 Meter trennt.<\/div>\n<div>&nbsp;<\/div>\n<div><strong>Im Hauptgeb\u00e4ude<\/strong> sind die Klassen 5,6 und 10 sowie die Qualifikationsstufe und im&nbsp; Sek I-Geb\u00e4ude&nbsp; die Jahrg\u00e4nge 7,8 und 9 untergebracht . Den Sch\u00fclerinnen und Sch\u00fclern stehen neben den individuell gestalteten&nbsp; Klassenr\u00e4umen moderne Fachr\u00e4ume f\u00fcr die Naturwissenschaften mit den dazugeh\u00f6rigen Nebenr\u00e4umen, Kunstr\u00e4ume, Musikr\u00e4ume und ein Informatikraum zur Verf\u00fcgung. Beide Geb\u00e4ude bieten eine Aula , die nicht nur f\u00fcr Konferenzen und Klausuren dienen , sondern dem&nbsp; Schulleben Platz bieten f\u00fcr Theaterauff\u00fchrungen, Musikveranstaltungen, Musicals und auch den &#8222;Abischerz&#8220;.Reicht der Platz nicht , wird das Atrium mit Palmengarten ge\u00f6ffnet . Sollte&nbsp; eine gr\u00f6\u00dfere Feier einmal drau\u00dfen stattfinden, bietet sich das Amphitheater an. W\u00e4hrend sich im Sek. I Geb\u00e4ude eine kleine eigenst\u00e4ndige Bibliothek befindet , bietet das Hauptgeb\u00e4ude eine den neuesten Anspr\u00fcchen ausgestattete Mediathek, fast alle Unterrichtsr\u00e4ume sind mit Aktivboards&nbsp; ausgestattet.Neben 3 Computerr\u00e4umen stehen mobile Laptopwagen zur Verf\u00fcgung. Die gesamte Schule ist mit WLAN ausgestattet, so dass mit den Aktivboards und Laptops das&nbsp; Internet genutzt werden kann. Jede\/r Sch\u00fclerIn , LehrerIn und auf Wunsch auch Eltern haben einenZugang zum Intranet&nbsp; Iserv, mit dem eine ultimative Kommunikation und mediale Vernetzung m\u00f6glich ist , so k\u00f6nnen hierdurch verschiedene Drucker zentral angesteuert werden.<\/div>\n<div>&nbsp;<\/div>\n<div>Frau Greif und ihre Kollegin bieten in beiden Geb\u00e4uden in den gro\u00dfz\u00fcgig und modern angelegten Cafeterien \u00fcber gesunde Kleinigkeiten, belegte Br\u00f6tchen, Baguettes und an einigen Tagen mit Nachmittagsunterricht auch kleine Gerichte an.<\/div>\n<div>Herr Janssen, Herr Carstens und Herr Anders k\u00fcmmern sich als&nbsp; Hausmeister&nbsp; um alle Belange der Technik und den Allgemeinzustand der Anlagen.<\/div>\n<div>In Verwaltungsangelegenheiten stehen in zwei Sekretariaten Frau Bruns und Frau Tjards zur Verf\u00fcgung.<\/div>\n<div>&nbsp;<\/div>\n","protected":false},"excerpt":{"rendered":"<p>&nbsp; Das Nieders\u00e4chsische Internatsgymnasium Esens ist ein voll ausgebautes Gymnasium mit z. Zt. 900 Sch\u00fclerinnen und Sch\u00fclern . Es umfa\u00dft die Jahrg\u00e4nge 5 bis 12. Es f\u00fchrt als einziges unter den Nieders\u00e4chsischen Internatsgymnasien von der 6. Klasse an neben Franz\u00f6sisch auch Latein und Spanisch als zweite&#46;&#46;&#46;<\/p>\n","protected":false},"author":28,"featured_media":0,"parent":2,"menu_order":1,"comment_status":"open","ping_status":"open","template":"","meta":{"ngg_post_thumbnail":0,"footnotes":""},"class_list":["post-11","page","type-page","status-publish","hentry"],"yoast_head":"<!-- This site is optimized with the Yoast SEO plugin v27.5 - https:\/\/yoast.com\/product\/yoast-seo-wordpress\/ -->\n<title>Schulleben - NIGE<\/title>\n<meta name=\"robots\" content=\"index, follow, max-snippet:-1, max-image-preview:large, max-video-preview:-1\" \/>\n<link rel=\"canonical\" href=\"https:\/\/wp2.nige.de\/wordpress\/sample-page\/schulleben\/\" \/>\n<meta property=\"og:locale\" content=\"de_DE\" \/>\n<meta property=\"og:type\" content=\"article\" \/>\n<meta property=\"og:title\" content=\"Schulleben - NIGE\" \/>\n<meta property=\"og:description\" content=\"&nbsp; Das Nieders\u00e4chsische Internatsgymnasium Esens ist ein voll ausgebautes Gymnasium mit z. Zt. 900 Sch\u00fclerinnen und Sch\u00fclern . Es umfa\u00dft die Jahrg\u00e4nge 5 bis 12. Es f\u00fchrt als einziges unter den Nieders\u00e4chsischen Internatsgymnasien von der 6. Klasse an neben Franz\u00f6sisch auch Latein und Spanisch als zweite&#046;&#046;&#046;\" \/>\n<meta property=\"og:url\" content=\"https:\/\/wp2.nige.de\/wordpress\/sample-page\/schulleben\/\" \/>\n<meta property=\"og:site_name\" content=\"NIGE\" \/>\n<meta property=\"article:publisher\" content=\"https:\/\/www.facebook.com\/NIGEsens\/\" \/>\n<meta property=\"article:modified_time\" content=\"2023-12-17T19:56:21+00:00\" \/>\n<meta property=\"og:image\" content=\"http:\/\/wp2.nige.de\/wordpress\/wp-content\/uploads\/2013\/07\/eingang-1024x506.jpg\" \/>\n<meta name=\"twitter:card\" content=\"summary_large_image\" \/>\n<meta name=\"twitter:label1\" content=\"Gesch\u00e4tzte Lesezeit\" \/>\n\t<meta name=\"twitter:data1\" content=\"3\u00a0Minuten\" \/>\n<script type=\"application\/ld+json\" class=\"yoast-schema-graph\">{\"@context\":\"https:\\\/\\\/schema.org\",\"@graph\":[{\"@type\":\"WebPage\",\"@id\":\"https:\\\/\\\/wp2.nige.de\\\/wordpress\\\/sample-page\\\/schulleben\\\/\",\"url\":\"https:\\\/\\\/wp2.nige.de\\\/wordpress\\\/sample-page\\\/schulleben\\\/\",\"name\":\"Schulleben - NIGE\",\"isPartOf\":{\"@id\":\"https:\\\/\\\/wp2.nige.de\\\/wordpress\\\/#website\"},\"primaryImageOfPage\":{\"@id\":\"https:\\\/\\\/wp2.nige.de\\\/wordpress\\\/sample-page\\\/schulleben\\\/#primaryimage\"},\"image\":{\"@id\":\"https:\\\/\\\/wp2.nige.de\\\/wordpress\\\/sample-page\\\/schulleben\\\/#primaryimage\"},\"thumbnailUrl\":\"http:\\\/\\\/wp2.nige.de\\\/wordpress\\\/wp-content\\\/uploads\\\/2013\\\/07\\\/eingang-1024x506.jpg\",\"datePublished\":\"2013-07-04T08:00:35+00:00\",\"dateModified\":\"2023-12-17T19:56:21+00:00\",\"breadcrumb\":{\"@id\":\"https:\\\/\\\/wp2.nige.de\\\/wordpress\\\/sample-page\\\/schulleben\\\/#breadcrumb\"},\"inLanguage\":\"de\",\"potentialAction\":[{\"@type\":\"ReadAction\",\"target\":[\"https:\\\/\\\/wp2.nige.de\\\/wordpress\\\/sample-page\\\/schulleben\\\/\"]}]},{\"@type\":\"ImageObject\",\"inLanguage\":\"de\",\"@id\":\"https:\\\/\\\/wp2.nige.de\\\/wordpress\\\/sample-page\\\/schulleben\\\/#primaryimage\",\"url\":\"https:\\\/\\\/wp2.nige.de\\\/wordpress\\\/wp-content\\\/uploads\\\/2013\\\/07\\\/eingang.jpg\",\"contentUrl\":\"https:\\\/\\\/wp2.nige.de\\\/wordpress\\\/wp-content\\\/uploads\\\/2013\\\/07\\\/eingang.jpg\",\"width\":2427,\"height\":1200},{\"@type\":\"BreadcrumbList\",\"@id\":\"https:\\\/\\\/wp2.nige.de\\\/wordpress\\\/sample-page\\\/schulleben\\\/#breadcrumb\",\"itemListElement\":[{\"@type\":\"ListItem\",\"position\":1,\"name\":\"Startseite\",\"item\":\"https:\\\/\\\/wp2.nige.de\\\/wordpress\\\/\"},{\"@type\":\"ListItem\",\"position\":2,\"name\":\"NIGE\",\"item\":\"https:\\\/\\\/wp2.nige.de\\\/wordpress\\\/sample-page\\\/\"},{\"@type\":\"ListItem\",\"position\":3,\"name\":\"Schulleben\"}]},{\"@type\":\"WebSite\",\"@id\":\"https:\\\/\\\/wp2.nige.de\\\/wordpress\\\/#website\",\"url\":\"https:\\\/\\\/wp2.nige.de\\\/wordpress\\\/\",\"name\":\"Nieders\u00e4chsisches Internatsgymnasium Esens | NIGE\",\"description\":\"Nieders\u00e4chsisches Internatsgymnasium Esens\",\"publisher\":{\"@id\":\"https:\\\/\\\/wp2.nige.de\\\/wordpress\\\/#organization\"},\"potentialAction\":[{\"@type\":\"SearchAction\",\"target\":{\"@type\":\"EntryPoint\",\"urlTemplate\":\"https:\\\/\\\/wp2.nige.de\\\/wordpress\\\/?s={search_term_string}\"},\"query-input\":{\"@type\":\"PropertyValueSpecification\",\"valueRequired\":true,\"valueName\":\"search_term_string\"}}],\"inLanguage\":\"de\"},{\"@type\":\"Organization\",\"@id\":\"https:\\\/\\\/wp2.nige.de\\\/wordpress\\\/#organization\",\"name\":\"Nieders\u00e4chsisches Internatsgymnasium Esens\",\"url\":\"https:\\\/\\\/wp2.nige.de\\\/wordpress\\\/\",\"logo\":{\"@type\":\"ImageObject\",\"inLanguage\":\"de\",\"@id\":\"https:\\\/\\\/wp2.nige.de\\\/wordpress\\\/#\\\/schema\\\/logo\\\/image\\\/\",\"url\":\"https:\\\/\\\/wp2.nige.de\\\/wordpress\\\/wp-content\\\/uploads\\\/2018\\\/08\\\/logo_nige.jpg\",\"contentUrl\":\"https:\\\/\\\/wp2.nige.de\\\/wordpress\\\/wp-content\\\/uploads\\\/2018\\\/08\\\/logo_nige.jpg\",\"width\":1984,\"height\":1239,\"caption\":\"Nieders\u00e4chsisches Internatsgymnasium Esens\"},\"image\":{\"@id\":\"https:\\\/\\\/wp2.nige.de\\\/wordpress\\\/#\\\/schema\\\/logo\\\/image\\\/\"},\"sameAs\":[\"https:\\\/\\\/www.facebook.com\\\/NIGEsens\\\/\"]}]}<\/script>\n<!-- \/ Yoast SEO plugin. -->","yoast_head_json":{"title":"Schulleben - NIGE","robots":{"index":"index","follow":"follow","max-snippet":"max-snippet:-1","max-image-preview":"max-image-preview:large","max-video-preview":"max-video-preview:-1"},"canonical":"https:\/\/wp2.nige.de\/wordpress\/sample-page\/schulleben\/","og_locale":"de_DE","og_type":"article","og_title":"Schulleben - NIGE","og_description":"&nbsp; Das Nieders\u00e4chsische Internatsgymnasium Esens ist ein voll ausgebautes Gymnasium mit z. Zt. 900 Sch\u00fclerinnen und Sch\u00fclern . Es umfa\u00dft die Jahrg\u00e4nge 5 bis 12. Es f\u00fchrt als einziges unter den Nieders\u00e4chsischen Internatsgymnasien von der 6. Klasse an neben Franz\u00f6sisch auch Latein und Spanisch als zweite&#46;&#46;&#46;","og_url":"https:\/\/wp2.nige.de\/wordpress\/sample-page\/schulleben\/","og_site_name":"NIGE","article_publisher":"https:\/\/www.facebook.com\/NIGEsens\/","article_modified_time":"2023-12-17T19:56:21+00:00","og_image":[{"url":"http:\/\/wp2.nige.de\/wordpress\/wp-content\/uploads\/2013\/07\/eingang-1024x506.jpg","type":"","width":"","height":""}],"twitter_card":"summary_large_image","twitter_misc":{"Gesch\u00e4tzte Lesezeit":"3\u00a0Minuten"},"schema":{"@context":"https:\/\/schema.org","@graph":[{"@type":"WebPage","@id":"https:\/\/wp2.nige.de\/wordpress\/sample-page\/schulleben\/","url":"https:\/\/wp2.nige.de\/wordpress\/sample-page\/schulleben\/","name":"Schulleben - NIGE","isPartOf":{"@id":"https:\/\/wp2.nige.de\/wordpress\/#website"},"primaryImageOfPage":{"@id":"https:\/\/wp2.nige.de\/wordpress\/sample-page\/schulleben\/#primaryimage"},"image":{"@id":"https:\/\/wp2.nige.de\/wordpress\/sample-page\/schulleben\/#primaryimage"},"thumbnailUrl":"http:\/\/wp2.nige.de\/wordpress\/wp-content\/uploads\/2013\/07\/eingang-1024x506.jpg","datePublished":"2013-07-04T08:00:35+00:00","dateModified":"2023-12-17T19:56:21+00:00","breadcrumb":{"@id":"https:\/\/wp2.nige.de\/wordpress\/sample-page\/schulleben\/#breadcrumb"},"inLanguage":"de","potentialAction":[{"@type":"ReadAction","target":["https:\/\/wp2.nige.de\/wordpress\/sample-page\/schulleben\/"]}]},{"@type":"ImageObject","inLanguage":"de","@id":"https:\/\/wp2.nige.de\/wordpress\/sample-page\/schulleben\/#primaryimage","url":"https:\/\/wp2.nige.de\/wordpress\/wp-content\/uploads\/2013\/07\/eingang.jpg","contentUrl":"https:\/\/wp2.nige.de\/wordpress\/wp-content\/uploads\/2013\/07\/eingang.jpg","width":2427,"height":1200},{"@type":"BreadcrumbList","@id":"https:\/\/wp2.nige.de\/wordpress\/sample-page\/schulleben\/#breadcrumb","itemListElement":[{"@type":"ListItem","position":1,"name":"Startseite","item":"https:\/\/wp2.nige.de\/wordpress\/"},{"@type":"ListItem","position":2,"name":"NIGE","item":"https:\/\/wp2.nige.de\/wordpress\/sample-page\/"},{"@type":"ListItem","position":3,"name":"Schulleben"}]},{"@type":"WebSite","@id":"https:\/\/wp2.nige.de\/wordpress\/#website","url":"https:\/\/wp2.nige.de\/wordpress\/","name":"Nieders\u00e4chsisches Internatsgymnasium Esens | NIGE","description":"Nieders\u00e4chsisches Internatsgymnasium Esens","publisher":{"@id":"https:\/\/wp2.nige.de\/wordpress\/#organization"},"potentialAction":[{"@type":"SearchAction","target":{"@type":"EntryPoint","urlTemplate":"https:\/\/wp2.nige.de\/wordpress\/?s={search_term_string}"},"query-input":{"@type":"PropertyValueSpecification","valueRequired":true,"valueName":"search_term_string"}}],"inLanguage":"de"},{"@type":"Organization","@id":"https:\/\/wp2.nige.de\/wordpress\/#organization","name":"Nieders\u00e4chsisches Internatsgymnasium Esens","url":"https:\/\/wp2.nige.de\/wordpress\/","logo":{"@type":"ImageObject","inLanguage":"de","@id":"https:\/\/wp2.nige.de\/wordpress\/#\/schema\/logo\/image\/","url":"https:\/\/wp2.nige.de\/wordpress\/wp-content\/uploads\/2018\/08\/logo_nige.jpg","contentUrl":"https:\/\/wp2.nige.de\/wordpress\/wp-content\/uploads\/2018\/08\/logo_nige.jpg","width":1984,"height":1239,"caption":"Nieders\u00e4chsisches Internatsgymnasium Esens"},"image":{"@id":"https:\/\/wp2.nige.de\/wordpress\/#\/schema\/logo\/image\/"},"sameAs":["https:\/\/www.facebook.com\/NIGEsens\/"]}]}},"_links":{"self":[{"href":"https:\/\/wp2.nige.de\/wordpress\/wp-json\/wp\/v2\/pages\/11","targetHints":{"allow":["GET"]}}],"collection":[{"href":"https:\/\/wp2.nige.de\/wordpress\/wp-json\/wp\/v2\/pages"}],"about":[{"href":"https:\/\/wp2.nige.de\/wordpress\/wp-json\/wp\/v2\/types\/page"}],"author":[{"embeddable":true,"href":"https:\/\/wp2.nige.de\/wordpress\/wp-json\/wp\/v2\/users\/28"}],"replies":[{"embeddable":true,"href":"https:\/\/wp2.nige.de\/wordpress\/wp-json\/wp\/v2\/comments?post=11"}],"version-history":[{"count":15,"href":"https:\/\/wp2.nige.de\/wordpress\/wp-json\/wp\/v2\/pages\/11\/revisions"}],"predecessor-version":[{"id":14832,"href":"https:\/\/wp2.nige.de\/wordpress\/wp-json\/wp\/v2\/pages\/11\/revisions\/14832"}],"up":[{"embeddable":true,"href":"https:\/\/wp2.nige.de\/wordpress\/wp-json\/wp\/v2\/pages\/2"}],"wp:attachment":[{"href":"https:\/\/wp2.nige.de\/wordpress\/wp-json\/wp\/v2\/media?parent=11"}],"curies":[{"name":"wp","href":"https:\/\/api.w.org\/{rel}","templated":true}]}}