{"id":107,"date":"2013-07-04T09:55:33","date_gmt":"2013-07-04T09:55:33","guid":{"rendered":"http:\/\/10.40.11.10\/wordpress\/?page_id=107"},"modified":"2018-09-03T07:56:00","modified_gmt":"2018-09-03T05:56:00","slug":"partnerschulen","status":"publish","type":"page","link":"https:\/\/wp2.nige.de\/wordpress\/sample-page\/partnerschulen\/","title":{"rendered":"Partnerschulen"},"content":{"rendered":"<table border=\"1\" cellspacing=\"0\" cellpadding=\"0\">\n<tbody>\n<tr>\n<td valign=\"top\" width=\"94\"><a href=\"http:\/\/wp2.nige.de\/wordpress\/wp-content\/uploads\/2013\/07\/nl.png\"><img loading=\"lazy\" decoding=\"async\" class=\"wp-image-1094 alignnone\" src=\"http:\/\/wp2.nige.de\/wordpress\/wp-content\/uploads\/2013\/07\/nl-150x150.png\" alt=\"nl\" width=\"100\" height=\"100\" srcset=\"https:\/\/wp2.nige.de\/wordpress\/wp-content\/uploads\/2013\/07\/nl-150x150.png 150w, https:\/\/wp2.nige.de\/wordpress\/wp-content\/uploads\/2013\/07\/nl.png 256w\" sizes=\"auto, (max-width: 100px) 100vw, 100px\" \/><\/a><\/td>\n<td valign=\"top\" width=\"507\"><a href=\"http:\/\/www.vestdijk.nl\/\">RSG Simon Vestdijk&#8220;<\/a><br \/>\nKoningin-Juliana-Straat 3<br \/>\n8860 AB Harlingen<\/td>\n<\/tr>\n<tr>\n<td valign=\"top\" width=\"94\"><a href=\"http:\/\/wp2.nige.de\/wordpress\/wp-content\/uploads\/2013\/07\/us.png\"><img loading=\"lazy\" decoding=\"async\" class=\"alignleft wp-image-1096\" src=\"http:\/\/wp2.nige.de\/wordpress\/wp-content\/uploads\/2013\/07\/us-150x150.png\" alt=\"us\" width=\"100\" height=\"100\" srcset=\"https:\/\/wp2.nige.de\/wordpress\/wp-content\/uploads\/2013\/07\/us-150x150.png 150w, https:\/\/wp2.nige.de\/wordpress\/wp-content\/uploads\/2013\/07\/us.png 256w\" sizes=\"auto, (max-width: 100px) 100vw, 100px\" \/><\/a><\/td>\n<td valign=\"top\" width=\"507\"><a href=\"http:\/\/www.forsyth.k12.ga.us\/sfhs\/site\/default.asp\">South Forsyth High School&#8220;<\/a><br \/>\n585 Peachtree Parkway<br \/>\nCumming, GA 30041<\/td>\n<\/tr>\n<tr>\n<td valign=\"top\" width=\"94\"><a href=\"http:\/\/wp2.nige.de\/wordpress\/wp-content\/uploads\/2013\/07\/pl.png\"><img loading=\"lazy\" decoding=\"async\" class=\"alignleft wp-image-1095\" src=\"http:\/\/wp2.nige.de\/wordpress\/wp-content\/uploads\/2013\/07\/pl-150x150.png\" alt=\"pl\" width=\"100\" height=\"100\" srcset=\"https:\/\/wp2.nige.de\/wordpress\/wp-content\/uploads\/2013\/07\/pl-150x150.png 150w, https:\/\/wp2.nige.de\/wordpress\/wp-content\/uploads\/2013\/07\/pl.png 256w\" sizes=\"auto, (max-width: 100px) 100vw, 100px\" \/><\/a><\/td>\n<td valign=\"top\" width=\"507\"><a href=\"http:\/\/7liceum.zgora.pl\/\">VII Liceum Og\u00f3lnokszta\u0142c\u0105ce<\/a><br \/>\nim. Jaros\u0142awa D\u0105browskiego<br \/>\nul. Wyspia\u0144skiego 21<br \/>\n65-036 Zielona G\u00f3ra<\/td>\n<\/tr>\n<tr>\n<td valign=\"top\" width=\"94\"><a href=\"http:\/\/wp2.nige.de\/wordpress\/wp-content\/uploads\/2013\/07\/ch.png\"><img loading=\"lazy\" decoding=\"async\" class=\"alignleft wp-image-1092\" src=\"http:\/\/wp2.nige.de\/wordpress\/wp-content\/uploads\/2013\/07\/ch-150x150.png\" alt=\"ch\" width=\"100\" height=\"100\" srcset=\"https:\/\/wp2.nige.de\/wordpress\/wp-content\/uploads\/2013\/07\/ch-150x150.png 150w, https:\/\/wp2.nige.de\/wordpress\/wp-content\/uploads\/2013\/07\/ch.png 256w\" sizes=\"auto, (max-width: 100px) 100vw, 100px\" \/><\/a><\/td>\n<td valign=\"top\" width=\"507\"><a href=\"http:\/\/icp.ge.ch\/co\/plonecoudriers\">Coll\u00e8ge des Coudriers<\/a><br \/>\nAvenue de Joli-Mont 15<br \/>\n1209 Gen\u00e8ve &#8211; Suisse<\/td>\n<\/tr>\n<\/tbody>\n<\/table>\n","protected":false},"excerpt":{"rendered":"<p>RSG Simon Vestdijk&#8220; Koningin-Juliana-Straat 3 8860 AB Harlingen South Forsyth High School&#8220; 585 Peachtree Parkway Cumming, GA 30041 VII Liceum Og\u00f3lnokszta\u0142c\u0105ce im. Jaros\u0142awa D\u0105browskiego ul. Wyspia\u0144skiego 21 65-036 Zielona G\u00f3ra Coll\u00e8ge des Coudriers Avenue de Joli-Mont 15 1209 Gen\u00e8ve &#8211; Suisse<\/p>\n","protected":false},"author":28,"featured_media":0,"parent":2,"menu_order":2,"comment_status":"open","ping_status":"open","template":"page-template-bookmarks.php","meta":{"ngg_post_thumbnail":0,"footnotes":""},"class_list":["post-107","page","type-page","status-publish","hentry"],"yoast_head":"<!-- This site is optimized with the Yoast SEO plugin v27.5 - https:\/\/yoast.com\/product\/yoast-seo-wordpress\/ -->\n<title>Partnerschulen - NIGE<\/title>\n<meta name=\"robots\" content=\"index, follow, max-snippet:-1, max-image-preview:large, max-video-preview:-1\" \/>\n<link rel=\"canonical\" href=\"https:\/\/wp2.nige.de\/wordpress\/sample-page\/partnerschulen\/\" \/>\n<meta property=\"og:locale\" content=\"de_DE\" \/>\n<meta property=\"og:type\" content=\"article\" \/>\n<meta property=\"og:title\" content=\"Partnerschulen - NIGE\" \/>\n<meta property=\"og:description\" content=\"RSG Simon Vestdijk&#8220; Koningin-Juliana-Straat 3 8860 AB Harlingen South Forsyth High School&#8220; 585 Peachtree Parkway Cumming, GA 30041 VII Liceum Og\u00f3lnokszta\u0142c\u0105ce im. Jaros\u0142awa D\u0105browskiego ul. Wyspia\u0144skiego 21 65-036 Zielona G\u00f3ra Coll\u00e8ge des Coudriers Avenue de Joli-Mont 15 1209 Gen\u00e8ve &#8211; Suisse\" \/>\n<meta property=\"og:url\" content=\"https:\/\/wp2.nige.de\/wordpress\/sample-page\/partnerschulen\/\" \/>\n<meta property=\"og:site_name\" content=\"NIGE\" \/>\n<meta property=\"article:publisher\" content=\"https:\/\/www.facebook.com\/NIGEsens\/\" \/>\n<meta property=\"article:modified_time\" content=\"2018-09-03T05:56:00+00:00\" \/>\n<meta property=\"og:image\" content=\"http:\/\/wp2.nige.de\/wordpress\/wp-content\/uploads\/2013\/07\/nl-150x150.png\" \/>\n<meta name=\"twitter:card\" content=\"summary_large_image\" \/>\n<script type=\"application\/ld+json\" class=\"yoast-schema-graph\">{\"@context\":\"https:\\\/\\\/schema.org\",\"@graph\":[{\"@type\":\"WebPage\",\"@id\":\"https:\\\/\\\/wp2.nige.de\\\/wordpress\\\/sample-page\\\/partnerschulen\\\/\",\"url\":\"https:\\\/\\\/wp2.nige.de\\\/wordpress\\\/sample-page\\\/partnerschulen\\\/\",\"name\":\"Partnerschulen - NIGE\",\"isPartOf\":{\"@id\":\"https:\\\/\\\/wp2.nige.de\\\/wordpress\\\/#website\"},\"primaryImageOfPage\":{\"@id\":\"https:\\\/\\\/wp2.nige.de\\\/wordpress\\\/sample-page\\\/partnerschulen\\\/#primaryimage\"},\"image\":{\"@id\":\"https:\\\/\\\/wp2.nige.de\\\/wordpress\\\/sample-page\\\/partnerschulen\\\/#primaryimage\"},\"thumbnailUrl\":\"http:\\\/\\\/wp2.nige.de\\\/wordpress\\\/wp-content\\\/uploads\\\/2013\\\/07\\\/nl-150x150.png\",\"datePublished\":\"2013-07-04T09:55:33+00:00\",\"dateModified\":\"2018-09-03T05:56:00+00:00\",\"breadcrumb\":{\"@id\":\"https:\\\/\\\/wp2.nige.de\\\/wordpress\\\/sample-page\\\/partnerschulen\\\/#breadcrumb\"},\"inLanguage\":\"de\",\"potentialAction\":[{\"@type\":\"ReadAction\",\"target\":[\"https:\\\/\\\/wp2.nige.de\\\/wordpress\\\/sample-page\\\/partnerschulen\\\/\"]}]},{\"@type\":\"ImageObject\",\"inLanguage\":\"de\",\"@id\":\"https:\\\/\\\/wp2.nige.de\\\/wordpress\\\/sample-page\\\/partnerschulen\\\/#primaryimage\",\"url\":\"http:\\\/\\\/wp2.nige.de\\\/wordpress\\\/wp-content\\\/uploads\\\/2013\\\/07\\\/nl-150x150.png\",\"contentUrl\":\"http:\\\/\\\/wp2.nige.de\\\/wordpress\\\/wp-content\\\/uploads\\\/2013\\\/07\\\/nl-150x150.png\"},{\"@type\":\"BreadcrumbList\",\"@id\":\"https:\\\/\\\/wp2.nige.de\\\/wordpress\\\/sample-page\\\/partnerschulen\\\/#breadcrumb\",\"itemListElement\":[{\"@type\":\"ListItem\",\"position\":1,\"name\":\"Startseite\",\"item\":\"https:\\\/\\\/wp2.nige.de\\\/wordpress\\\/\"},{\"@type\":\"ListItem\",\"position\":2,\"name\":\"NIGE\",\"item\":\"https:\\\/\\\/wp2.nige.de\\\/wordpress\\\/sample-page\\\/\"},{\"@type\":\"ListItem\",\"position\":3,\"name\":\"Partnerschulen\"}]},{\"@type\":\"WebSite\",\"@id\":\"https:\\\/\\\/wp2.nige.de\\\/wordpress\\\/#website\",\"url\":\"https:\\\/\\\/wp2.nige.de\\\/wordpress\\\/\",\"name\":\"Nieders\u00e4chsisches Internatsgymnasium Esens | NIGE\",\"description\":\"Nieders\u00e4chsisches Internatsgymnasium Esens\",\"publisher\":{\"@id\":\"https:\\\/\\\/wp2.nige.de\\\/wordpress\\\/#organization\"},\"potentialAction\":[{\"@type\":\"SearchAction\",\"target\":{\"@type\":\"EntryPoint\",\"urlTemplate\":\"https:\\\/\\\/wp2.nige.de\\\/wordpress\\\/?s={search_term_string}\"},\"query-input\":{\"@type\":\"PropertyValueSpecification\",\"valueRequired\":true,\"valueName\":\"search_term_string\"}}],\"inLanguage\":\"de\"},{\"@type\":\"Organization\",\"@id\":\"https:\\\/\\\/wp2.nige.de\\\/wordpress\\\/#organization\",\"name\":\"Nieders\u00e4chsisches Internatsgymnasium Esens\",\"url\":\"https:\\\/\\\/wp2.nige.de\\\/wordpress\\\/\",\"logo\":{\"@type\":\"ImageObject\",\"inLanguage\":\"de\",\"@id\":\"https:\\\/\\\/wp2.nige.de\\\/wordpress\\\/#\\\/schema\\\/logo\\\/image\\\/\",\"url\":\"https:\\\/\\\/wp2.nige.de\\\/wordpress\\\/wp-content\\\/uploads\\\/2018\\\/08\\\/logo_nige.jpg\",\"contentUrl\":\"https:\\\/\\\/wp2.nige.de\\\/wordpress\\\/wp-content\\\/uploads\\\/2018\\\/08\\\/logo_nige.jpg\",\"width\":1984,\"height\":1239,\"caption\":\"Nieders\u00e4chsisches Internatsgymnasium Esens\"},\"image\":{\"@id\":\"https:\\\/\\\/wp2.nige.de\\\/wordpress\\\/#\\\/schema\\\/logo\\\/image\\\/\"},\"sameAs\":[\"https:\\\/\\\/www.facebook.com\\\/NIGEsens\\\/\"]}]}<\/script>\n<!-- \/ Yoast SEO plugin. -->","yoast_head_json":{"title":"Partnerschulen - NIGE","robots":{"index":"index","follow":"follow","max-snippet":"max-snippet:-1","max-image-preview":"max-image-preview:large","max-video-preview":"max-video-preview:-1"},"canonical":"https:\/\/wp2.nige.de\/wordpress\/sample-page\/partnerschulen\/","og_locale":"de_DE","og_type":"article","og_title":"Partnerschulen - NIGE","og_description":"RSG Simon Vestdijk&#8220; Koningin-Juliana-Straat 3 8860 AB Harlingen South Forsyth High School&#8220; 585 Peachtree Parkway Cumming, GA 30041 VII Liceum Og\u00f3lnokszta\u0142c\u0105ce im. Jaros\u0142awa D\u0105browskiego ul. Wyspia\u0144skiego 21 65-036 Zielona G\u00f3ra Coll\u00e8ge des Coudriers Avenue de Joli-Mont 15 1209 Gen\u00e8ve &#8211; Suisse","og_url":"https:\/\/wp2.nige.de\/wordpress\/sample-page\/partnerschulen\/","og_site_name":"NIGE","article_publisher":"https:\/\/www.facebook.com\/NIGEsens\/","article_modified_time":"2018-09-03T05:56:00+00:00","og_image":[{"url":"http:\/\/wp2.nige.de\/wordpress\/wp-content\/uploads\/2013\/07\/nl-150x150.png","type":"","width":"","height":""}],"twitter_card":"summary_large_image","schema":{"@context":"https:\/\/schema.org","@graph":[{"@type":"WebPage","@id":"https:\/\/wp2.nige.de\/wordpress\/sample-page\/partnerschulen\/","url":"https:\/\/wp2.nige.de\/wordpress\/sample-page\/partnerschulen\/","name":"Partnerschulen - NIGE","isPartOf":{"@id":"https:\/\/wp2.nige.de\/wordpress\/#website"},"primaryImageOfPage":{"@id":"https:\/\/wp2.nige.de\/wordpress\/sample-page\/partnerschulen\/#primaryimage"},"image":{"@id":"https:\/\/wp2.nige.de\/wordpress\/sample-page\/partnerschulen\/#primaryimage"},"thumbnailUrl":"http:\/\/wp2.nige.de\/wordpress\/wp-content\/uploads\/2013\/07\/nl-150x150.png","datePublished":"2013-07-04T09:55:33+00:00","dateModified":"2018-09-03T05:56:00+00:00","breadcrumb":{"@id":"https:\/\/wp2.nige.de\/wordpress\/sample-page\/partnerschulen\/#breadcrumb"},"inLanguage":"de","potentialAction":[{"@type":"ReadAction","target":["https:\/\/wp2.nige.de\/wordpress\/sample-page\/partnerschulen\/"]}]},{"@type":"ImageObject","inLanguage":"de","@id":"https:\/\/wp2.nige.de\/wordpress\/sample-page\/partnerschulen\/#primaryimage","url":"http:\/\/wp2.nige.de\/wordpress\/wp-content\/uploads\/2013\/07\/nl-150x150.png","contentUrl":"http:\/\/wp2.nige.de\/wordpress\/wp-content\/uploads\/2013\/07\/nl-150x150.png"},{"@type":"BreadcrumbList","@id":"https:\/\/wp2.nige.de\/wordpress\/sample-page\/partnerschulen\/#breadcrumb","itemListElement":[{"@type":"ListItem","position":1,"name":"Startseite","item":"https:\/\/wp2.nige.de\/wordpress\/"},{"@type":"ListItem","position":2,"name":"NIGE","item":"https:\/\/wp2.nige.de\/wordpress\/sample-page\/"},{"@type":"ListItem","position":3,"name":"Partnerschulen"}]},{"@type":"WebSite","@id":"https:\/\/wp2.nige.de\/wordpress\/#website","url":"https:\/\/wp2.nige.de\/wordpress\/","name":"Nieders\u00e4chsisches Internatsgymnasium Esens | NIGE","description":"Nieders\u00e4chsisches Internatsgymnasium Esens","publisher":{"@id":"https:\/\/wp2.nige.de\/wordpress\/#organization"},"potentialAction":[{"@type":"SearchAction","target":{"@type":"EntryPoint","urlTemplate":"https:\/\/wp2.nige.de\/wordpress\/?s={search_term_string}"},"query-input":{"@type":"PropertyValueSpecification","valueRequired":true,"valueName":"search_term_string"}}],"inLanguage":"de"},{"@type":"Organization","@id":"https:\/\/wp2.nige.de\/wordpress\/#organization","name":"Nieders\u00e4chsisches Internatsgymnasium Esens","url":"https:\/\/wp2.nige.de\/wordpress\/","logo":{"@type":"ImageObject","inLanguage":"de","@id":"https:\/\/wp2.nige.de\/wordpress\/#\/schema\/logo\/image\/","url":"https:\/\/wp2.nige.de\/wordpress\/wp-content\/uploads\/2018\/08\/logo_nige.jpg","contentUrl":"https:\/\/wp2.nige.de\/wordpress\/wp-content\/uploads\/2018\/08\/logo_nige.jpg","width":1984,"height":1239,"caption":"Nieders\u00e4chsisches Internatsgymnasium Esens"},"image":{"@id":"https:\/\/wp2.nige.de\/wordpress\/#\/schema\/logo\/image\/"},"sameAs":["https:\/\/www.facebook.com\/NIGEsens\/"]}]}},"_links":{"self":[{"href":"https:\/\/wp2.nige.de\/wordpress\/wp-json\/wp\/v2\/pages\/107","targetHints":{"allow":["GET"]}}],"collection":[{"href":"https:\/\/wp2.nige.de\/wordpress\/wp-json\/wp\/v2\/pages"}],"about":[{"href":"https:\/\/wp2.nige.de\/wordpress\/wp-json\/wp\/v2\/types\/page"}],"author":[{"embeddable":true,"href":"https:\/\/wp2.nige.de\/wordpress\/wp-json\/wp\/v2\/users\/28"}],"replies":[{"embeddable":true,"href":"https:\/\/wp2.nige.de\/wordpress\/wp-json\/wp\/v2\/comments?post=107"}],"version-history":[{"count":13,"href":"https:\/\/wp2.nige.de\/wordpress\/wp-json\/wp\/v2\/pages\/107\/revisions"}],"predecessor-version":[{"id":8525,"href":"https:\/\/wp2.nige.de\/wordpress\/wp-json\/wp\/v2\/pages\/107\/revisions\/8525"}],"up":[{"embeddable":true,"href":"https:\/\/wp2.nige.de\/wordpress\/wp-json\/wp\/v2\/pages\/2"}],"wp:attachment":[{"href":"https:\/\/wp2.nige.de\/wordpress\/wp-json\/wp\/v2\/media?parent=107"}],"curies":[{"name":"wp","href":"https:\/\/api.w.org\/{rel}","templated":true}]}}