{"id":105,"date":"2013-07-04T09:54:49","date_gmt":"2013-07-04T09:54:49","guid":{"rendered":"http:\/\/10.40.11.10\/wordpress\/?page_id=105"},"modified":"2016-08-02T22:38:18","modified_gmt":"2016-08-02T20:38:18","slug":"comenius","status":"publish","type":"page","link":"https:\/\/wp2.nige.de\/wordpress\/sample-page\/comenius\/","title":{"rendered":"Comenius"},"content":{"rendered":"<p><a href=\"http:\/\/wp2.nige.de\/wordpress\/wp-content\/uploads\/2013\/07\/Comenius11.jpg\">\u00a0 <img loading=\"lazy\" decoding=\"async\" class=\"alignleft size-medium wp-image-980\" src=\"http:\/\/wp2.nige.de\/wordpress\/wp-content\/uploads\/2013\/07\/Comenius11-300x246.jpg\" alt=\"Comenius11\" width=\"300\" height=\"246\" srcset=\"https:\/\/wp2.nige.de\/wordpress\/wp-content\/uploads\/2013\/07\/Comenius11-300x246.jpg 300w, https:\/\/wp2.nige.de\/wordpress\/wp-content\/uploads\/2013\/07\/Comenius11.jpg 504w\" sizes=\"auto, (max-width: 300px) 100vw, 300px\" \/><\/a> Vom 07. bis 11. November 2011 trafen sich am NIGE Vertreter einer franz\u00f6sischen, einer polnischen und einer t\u00fcrkischen Schule mit hiesigen Kollegen zur Planung und Vorbereitung einer multilateralen Schulpartnerschaft im Rahmen des Comenius-Projekts. Dar\u00fcber hinaus werden eine spanische und eine italienische Schule in das Projekt involviert sein. Dieses wird sich \u00fcber einen Zeitraum von zwei Jahren erstrecken und im Sommer 2012 starten.<\/p>\n<p>Mittelpunkt des Projektes soll die regionale Identit\u00e4t und ihre Bedeutung in einem zusammenwachsenden Europa stehen. Dabei werden unter anderem die Aspekte Sport, Musik und Kulinarisches in den Blick genommen. Hierzu wird am NIGE eine Arbeitsgemeinschaft eingerichtet, die die Themen erarbeitet und sich dar\u00fcber mit den anderen Partnerschulen per E-Mail, Videokonferenz, Facebook usw. austauscht. Als H\u00f6hepunkte der gemeinsamen Arbeit sind Treffen aller Partnerschulen in den beteiligten L\u00e4ndern geplant, bei denen die Ergebnisse pr\u00e4sentiert und zusammengef\u00fcgt werden.<\/p>\n<div id=\"attachment_1002\" style=\"width: 160px\" class=\"wp-caption alignleft\"><a href=\"http:\/\/wp2.nige.de\/wordpress\/?p=1014\"><img decoding=\"async\" aria-describedby=\"caption-attachment-1002\" class=\" wp-image-1002 \" src=\"http:\/\/wp2.nige.de\/wordpress\/wp-content\/uploads\/2013\/08\/Co_Gruppe_Aula_3121-150x150.jpg\" alt=\"Co_Gruppe_Aula_312\" width=\"150\" height=\"150-\" \/><\/a><p id=\"caption-attachment-1002\" class=\"wp-caption-text\">Erstes Treffen in Deutschland<\/p><\/div>\n<div id=\"attachment_1003\" style=\"width: 160px\" class=\"wp-caption alignleft\"><a href=\"http:\/\/wp2.nige.de\/wordpress\/?p=1017\"><img loading=\"lazy\" decoding=\"async\" aria-describedby=\"caption-attachment-1003\" class=\"size-thumbnail wp-image-1003 \" src=\"http:\/\/wp2.nige.de\/wordpress\/wp-content\/uploads\/2013\/07\/Comenius_Italien_1-150x150.jpg\" alt=\"Comenius_Italien_1\" width=\"150\" height=\"150\" \/><\/a><p id=\"caption-attachment-1003\" class=\"wp-caption-text\">Zweites Treffen in Italien<\/p><\/div>\n<div id=\"attachment_1004\" style=\"width: 160px\" class=\"wp-caption alignleft\"><a href=\"http:\/\/wp2.nige.de\/wordpress\/?p=1019\"><img loading=\"lazy\" decoding=\"async\" aria-describedby=\"caption-attachment-1004\" class=\"size-thumbnail wp-image-1004 \" src=\"http:\/\/wp2.nige.de\/wordpress\/wp-content\/uploads\/2013\/07\/turkei-150x150.jpg\" alt=\"turkei\" width=\"150\" height=\"150\" \/><\/a><p id=\"caption-attachment-1004\" class=\"wp-caption-text\">Drittes Treffen in der T\u00fcrkei<\/p><\/div>\n<div style=\"text-align: left;\"><\/div>\n<div style=\"text-align: left;\"><\/div>\n<div style=\"text-align: left;\"><\/div>\n<div style=\"text-align: left;\"><\/div>\n<div style=\"text-align: left;\"><\/div>\n<div style=\"text-align: left;\"><\/div>\n<div style=\"text-align: left;\"><\/div>\n<div style=\"text-align: left;\"><\/div>\n<div style=\"text-align: left;\"><\/div>\n<div style=\"text-align: left;\"><\/div>\n<div style=\"text-align: left;\"><\/div>\n<div style=\"text-align: left;\"><\/div>\n<div style=\"text-align: left;\"><\/div>\n<div style=\"text-align: left;\"><\/div>\n<div style=\"text-align: left;\"><\/div>\n<div style=\"text-align: left;\"><\/div>\n<div style=\"text-align: left;\"><\/div>\n<div style=\"text-align: left;\"><\/div>\n<div style=\"text-align: left;\"><\/div>\n<div style=\"text-align: left;\"><\/div>\n<div style=\"text-align: left;\">\n<div id=\"attachment_2740\" style=\"width: 160px\" class=\"wp-caption alignleft\"><a href=\"http:\/\/wp2.nige.de\/wordpress\/?p=2739\"><img loading=\"lazy\" decoding=\"async\" aria-describedby=\"caption-attachment-2740\" class=\"wp-image-2740 size-thumbnail\" src=\"http:\/\/wp2.nige.de\/wordpress\/wp-content\/uploads\/2014\/01\/Comenius_Metz_113-150x150.jpg\" alt=\"Comenius_Metz_113\" width=\"150\" height=\"150\" \/><\/a><p id=\"caption-attachment-2740\" class=\"wp-caption-text\">4.Treffen in Frankreich<\/p><\/div>\n<\/div>\n<div style=\"text-align: left;\"><\/div>\n<div style=\"text-align: left;\"><\/div>\n<div style=\"text-align: left;\"><\/div>\n<div style=\"text-align: left;\"><\/div>\n<div style=\"text-align: left;\"><\/div>\n<div style=\"text-align: left;\"><\/div>\n<div style=\"text-align: left;\"><\/div>\n<div style=\"text-align: left;\">\n<div id=\"attachment_3524\" style=\"width: 160px\" class=\"wp-caption alignleft\"><a title=\"Spanien\" href=\"http:\/\/wp2.nige.de\/wordpress\/?p=3523\"><img loading=\"lazy\" decoding=\"async\" aria-describedby=\"caption-attachment-3524\" class=\"wp-image-3524 size-thumbnail\" src=\"http:\/\/wp2.nige.de\/wordpress\/wp-content\/uploads\/2014\/04\/spanien-114-150x150.jpg\" alt=\"spanien 114\" width=\"150\" height=\"150\" \/><\/a><p id=\"caption-attachment-3524\" class=\"wp-caption-text\">5. Treffen in Spanien<\/p><\/div>\n<\/div>\n<div style=\"text-align: left;\"><\/div>\n<div style=\"text-align: left;\"><\/div>\n<div style=\"text-align: left;\"><\/div>\n<div style=\"text-align: left;\"><\/div>\n<div style=\"text-align: left;\"><\/div>\n<div style=\"text-align: left;\"><\/div>\n<div style=\"text-align: left;\"><\/div>\n<div style=\"text-align: left;\"><\/div>\n<div style=\"text-align: left;\">\n<div id=\"attachment_3668\" style=\"width: 160px\" class=\"wp-caption alignleft\"><a title=\"Polen\" href=\"http:\/\/wp2.nige.de\/wordpress\/?p=3665\"><img loading=\"lazy\" decoding=\"async\" aria-describedby=\"caption-attachment-3668\" class=\"wp-image-3668 size-thumbnail\" src=\"http:\/\/wp2.nige.de\/wordpress\/wp-content\/uploads\/2014\/06\/Polen-214-150x150.jpg\" alt=\"Polen 214\" width=\"150\" height=\"150\" \/><\/a><p id=\"caption-attachment-3668\" class=\"wp-caption-text\">6. Treffen in Polen<\/p><\/div>\n<\/div>\n<div style=\"text-align: left;\"><\/div>\n<div style=\"text-align: left;\"><\/div>\n<div style=\"text-align: left;\"><\/div>\n<div style=\"text-align: left;\"><\/div>\n<div style=\"text-align: left;\"><\/div>\n<div style=\"text-align: left;\"><\/div>\n<div style=\"text-align: left;\"><\/div>\n<div style=\"text-align: left;\"><\/div>\n<div style=\"text-align: left;\"><\/div>\n<div style=\"text-align: left;\"><\/div>\n<div style=\"text-align: left;\"><\/div>\n<div style=\"text-align: left;\"><\/div>\n<div style=\"text-align: left;\"><\/div>\n<div style=\"text-align: left;\"><\/div>\n<div style=\"text-align: left;\"><\/div>\n<div style=\"text-align: left;\"><\/div>\n<div style=\"text-align: left;\"><\/div>\n<div style=\"text-align: left;\"><\/div>\n<div style=\"text-align: left;\"><b><span style=\"text-decoration: underline;\">Projektbeschreibung<\/span><\/b><\/div>\n<div style=\"text-align: left;\"><\/div>\n<div>\n<div id=\"attachment_981\" style=\"width: 216px\" class=\"wp-caption alignleft\"><a href=\"http:\/\/comenius6nations.com\/\"><img loading=\"lazy\" decoding=\"async\" aria-describedby=\"caption-attachment-981\" class=\"size-medium wp-image-981 \" src=\"http:\/\/wp2.nige.de\/wordpress\/wp-content\/uploads\/2013\/07\/comeniuslogo2-300x181.jpg\" alt=\"Bitte klicken Sie zur offiziellen Comenius-Homepage\" width=\"206\" height=\"124\" srcset=\"https:\/\/wp2.nige.de\/wordpress\/wp-content\/uploads\/2013\/07\/comeniuslogo2-300x181.jpg 300w, https:\/\/wp2.nige.de\/wordpress\/wp-content\/uploads\/2013\/07\/comeniuslogo2.jpg 502w\" sizes=\"auto, (max-width: 206px) 100vw, 206px\" \/><\/a><p id=\"caption-attachment-981\" class=\"wp-caption-text\">Bitte klicken Sie zur offiziellen Comenius-Homepage<\/p><\/div>\n<p style=\"text-align: left;\">Unter dem Titel \u201eRegionale Identit\u00e4t im Spannungsfeld der Europ\u00e4isierung\u201c sollen die Projektteilnehmer ein st\u00e4rkeres Bewusstsein \u00fcber die eigene regionale Identit\u00e4t auspr\u00e4gen und gleichzeitig im Austausch mit ihren europ\u00e4ischen Nachbarn einen Einblick in Kultur und Mentalit\u00e4t anderer L\u00e4nder erhalten. Dazu werden die Teilnehmer in Expertengruppen zu bestimmten Aspekten, die dem Thema \u201eRegionale Identit\u00e4t\u201c zugeordnet sind, Projekte durchf\u00fchren, ihre Ergebnisse auf einer gemeinsamen Homepage sowie in Form einer multimedialen Pr\u00e4sentation sammeln und der \u00d6ffentlichkeit vorstellen. In der gemeinsamen Auseinandersetzung mit lokalen Br\u00e4uchen, beim gemeinsamen\u00a0 Aus\u00fcben regionaltypischer Sportarten, beim gemeinsamen Kochen regionaler Spezialit\u00e4ten und anderen Aktivit\u00e4ten werden die Jugendlichen das eigene kulturelle Bewusstsein sch\u00e4rfen, Fremdheit erfahren, akzeptieren und im Fremden Gemeinsamkeiten \ufb01nden. Neugier und Toleranz gegen\u00fcber dem Fremden unter gleichzeitiger Bewahrung der eigenen Identit\u00e4t sind dabei zentrale \u00fcbergeordnete Ziele des Projekts.<\/p>\n<p><span style=\"text-decoration: underline;\"><strong>Ziele und Strategie des Projekts<\/strong><\/span><\/p>\n<p>Das kulturelle Gesamtverst\u00e4ndnis Europas soll unter dem Motto \u201eEigenes bewahren, Fremdes annehmen\u201c gef\u00f6rdert werden, um die vor allem \u00f6konomische Pr\u00e4gung Europas zu durchbrechen und Alternativen aufzuzeigen. Die Jugendlichen erkennen Aspekte der eigenen Identit\u00e4t (in den Bereichen Sport, K\u00fcche, Musik, Legenden, \u00d6kologie\/\u00d6konomie) bei den anderen Projektpartnern wider. In der Zusammenarbeit, die als Endprodukt eine gemeinsame Internetseite vorsieht, erweitern die Sch\u00fcler ihre F\u00e4higkeiten im Umgang mit neuen Medien, dem Internet, insbesondere mit Web-2.0-Anwendungen, der Aufbau der kommunikativen Kompetenz geh\u00f6rt ebenso zu den Zielen wie die Methoden- und Medienkompetenz. Zudem erweitern die Sch\u00fcler neben ihren Fremdsprachenkenntnissen ihre sozialen Kompetenzen in der Zusammenarbeit mit anderen jungen Menschen und entwickeln Strategien zur Materialbeschaffung (Recherche), Pr\u00e4sentation und Re\ufb02exion ihrer Ergebnisse, F\u00e4higkeiten, die den vielf\u00e4ltigen Anforderungen des Berufslebens gerecht werden. In den Schulen werden dazu zun\u00e4chst Arbeitsgruppen gebildet (im Rahmen von Arbeitsgemeinschaften oder besonderen Europaklassen). Die Arbeitsgruppen bilden dann Expertengruppen, die den einzelnen Themenaspekten zugeordnet werden. Die Expertengruppen aus den einzelnen L\u00e4ndern kommen zusammen, um zu einem Einzelaspekt zu arbeiten und einen Beitrag f\u00fcr den Internetauftritt und ggf. eine DVD zu erstellen. Die Kommunikation aller Projektteilnehmer soll dabei kontinuierlich fortlaufen. Daraufhin soll zun\u00e4chst ein Austausch in der regionalen Arbeitsgruppe \u00fcber die Ergebnisse der Treffen statt\ufb01nden, um die gesammelten Erfahrungen zu re\ufb02ektieren. Ferner wird via Internet oder per Post eine internationale Zusammenf\u00fchrung der Ergebnisse erfolgen, um letzte Fragen zur Gestaltung des Internetauftritts zu kl\u00e4ren. Der fertige Internetauftritt sowie die darin enthaltenen Medien werden der breiten Schul\u00f6ffentlichkeit auf Schulfesten, zum Tag der offenen T\u00fcr, in den Ver\u00f6ffentlichungen der Schulen sowie in den lokalen Medien vorgestellt werden. Auf diese Weise wird sichergestellt, dass die Projektidee nicht nur auf die Teilnehmer beschr\u00e4nkt bleibt, sondern auch dem lokalen Umfeld neue Impulse gibt. Abschlie\u00dfend werden via Internet und per Post die Projektarbeit, die Ergebnisse sowie die Reaktionen darauf re\ufb02ektiert.<\/p>\n<p><b><i>Weitere Informationen zu dem Comenius Projekt findet ihr im Hauptgeb\u00e4ude in dem Schaukasten neben dem Raum A11 und im Nebengeb\u00e4ude auf der Stellwand in der Aula. Ihr k\u00f6nnt euch auch jederzeit an Herrn Apke, Herrn Ebert, Frau Geistert und Herrn Thedinga wenden.<\/i><\/b><\/p>\n<p>Dieses Projekt wurde mit Unterst\u00fctzung\u00a0 der Europ\u00e4ischen Kommission finanziert. Die Verantwortung f\u00fcr den Inhalt dieser Ver\u00f6ffentlichung tr\u00e4gt allein der Verfasser; die Kommission haftet nicht f\u00fcr die weitere Verwendung der darin enthaltenen Angaben.<\/p>\n<\/div>\n","protected":false},"excerpt":{"rendered":"<p>\u00a0 Vom 07. bis 11. November 2011 trafen sich am NIGE Vertreter einer franz\u00f6sischen, einer polnischen und einer t\u00fcrkischen Schule mit hiesigen Kollegen zur Planung und Vorbereitung einer multilateralen Schulpartnerschaft im Rahmen des Comenius-Projekts. Dar\u00fcber hinaus werden eine spanische und eine italienische Schule in das Projekt&#46;&#46;&#46;<\/p>\n","protected":false},"author":28,"featured_media":0,"parent":2,"menu_order":1,"comment_status":"open","ping_status":"open","template":"page-template-fullwidth.php","meta":{"ngg_post_thumbnail":0,"footnotes":""},"class_list":["post-105","page","type-page","status-publish","hentry"],"yoast_head":"<!-- This site is optimized with the Yoast SEO plugin v27.5 - https:\/\/yoast.com\/product\/yoast-seo-wordpress\/ -->\n<title>Comenius - NIGE<\/title>\n<meta name=\"robots\" content=\"index, follow, max-snippet:-1, max-image-preview:large, max-video-preview:-1\" \/>\n<link rel=\"canonical\" href=\"https:\/\/wp2.nige.de\/wordpress\/sample-page\/comenius\/\" \/>\n<meta property=\"og:locale\" content=\"de_DE\" \/>\n<meta property=\"og:type\" content=\"article\" \/>\n<meta property=\"og:title\" content=\"Comenius - NIGE\" \/>\n<meta property=\"og:description\" content=\"\u00a0 Vom 07. bis 11. November 2011 trafen sich am NIGE Vertreter einer franz\u00f6sischen, einer polnischen und einer t\u00fcrkischen Schule mit hiesigen Kollegen zur Planung und Vorbereitung einer multilateralen Schulpartnerschaft im Rahmen des Comenius-Projekts. Dar\u00fcber hinaus werden eine spanische und eine italienische Schule in das Projekt&#046;&#046;&#046;\" \/>\n<meta property=\"og:url\" content=\"https:\/\/wp2.nige.de\/wordpress\/sample-page\/comenius\/\" \/>\n<meta property=\"og:site_name\" content=\"NIGE\" \/>\n<meta property=\"article:publisher\" content=\"https:\/\/www.facebook.com\/NIGEsens\/\" \/>\n<meta property=\"article:modified_time\" content=\"2016-08-02T20:38:18+00:00\" \/>\n<meta property=\"og:image\" content=\"http:\/\/wp2.nige.de\/wordpress\/wp-content\/uploads\/2013\/07\/Comenius11-300x246.jpg\" \/>\n<meta name=\"twitter:card\" content=\"summary_large_image\" \/>\n<meta name=\"twitter:label1\" content=\"Gesch\u00e4tzte Lesezeit\" \/>\n\t<meta name=\"twitter:data1\" content=\"4\u00a0Minuten\" \/>\n<script type=\"application\/ld+json\" class=\"yoast-schema-graph\">{\"@context\":\"https:\\\/\\\/schema.org\",\"@graph\":[{\"@type\":\"WebPage\",\"@id\":\"https:\\\/\\\/wp2.nige.de\\\/wordpress\\\/sample-page\\\/comenius\\\/\",\"url\":\"https:\\\/\\\/wp2.nige.de\\\/wordpress\\\/sample-page\\\/comenius\\\/\",\"name\":\"Comenius - NIGE\",\"isPartOf\":{\"@id\":\"https:\\\/\\\/wp2.nige.de\\\/wordpress\\\/#website\"},\"primaryImageOfPage\":{\"@id\":\"https:\\\/\\\/wp2.nige.de\\\/wordpress\\\/sample-page\\\/comenius\\\/#primaryimage\"},\"image\":{\"@id\":\"https:\\\/\\\/wp2.nige.de\\\/wordpress\\\/sample-page\\\/comenius\\\/#primaryimage\"},\"thumbnailUrl\":\"http:\\\/\\\/wp2.nige.de\\\/wordpress\\\/wp-content\\\/uploads\\\/2013\\\/07\\\/Comenius11-300x246.jpg\",\"datePublished\":\"2013-07-04T09:54:49+00:00\",\"dateModified\":\"2016-08-02T20:38:18+00:00\",\"breadcrumb\":{\"@id\":\"https:\\\/\\\/wp2.nige.de\\\/wordpress\\\/sample-page\\\/comenius\\\/#breadcrumb\"},\"inLanguage\":\"de\",\"potentialAction\":[{\"@type\":\"ReadAction\",\"target\":[\"https:\\\/\\\/wp2.nige.de\\\/wordpress\\\/sample-page\\\/comenius\\\/\"]}]},{\"@type\":\"ImageObject\",\"inLanguage\":\"de\",\"@id\":\"https:\\\/\\\/wp2.nige.de\\\/wordpress\\\/sample-page\\\/comenius\\\/#primaryimage\",\"url\":\"https:\\\/\\\/wp2.nige.de\\\/wordpress\\\/wp-content\\\/uploads\\\/2013\\\/07\\\/Comenius11.jpg\",\"contentUrl\":\"https:\\\/\\\/wp2.nige.de\\\/wordpress\\\/wp-content\\\/uploads\\\/2013\\\/07\\\/Comenius11.jpg\",\"width\":504,\"height\":414},{\"@type\":\"BreadcrumbList\",\"@id\":\"https:\\\/\\\/wp2.nige.de\\\/wordpress\\\/sample-page\\\/comenius\\\/#breadcrumb\",\"itemListElement\":[{\"@type\":\"ListItem\",\"position\":1,\"name\":\"Startseite\",\"item\":\"https:\\\/\\\/wp2.nige.de\\\/wordpress\\\/\"},{\"@type\":\"ListItem\",\"position\":2,\"name\":\"NIGE\",\"item\":\"https:\\\/\\\/wp2.nige.de\\\/wordpress\\\/sample-page\\\/\"},{\"@type\":\"ListItem\",\"position\":3,\"name\":\"Comenius\"}]},{\"@type\":\"WebSite\",\"@id\":\"https:\\\/\\\/wp2.nige.de\\\/wordpress\\\/#website\",\"url\":\"https:\\\/\\\/wp2.nige.de\\\/wordpress\\\/\",\"name\":\"Nieders\u00e4chsisches Internatsgymnasium Esens | NIGE\",\"description\":\"Nieders\u00e4chsisches Internatsgymnasium Esens\",\"publisher\":{\"@id\":\"https:\\\/\\\/wp2.nige.de\\\/wordpress\\\/#organization\"},\"potentialAction\":[{\"@type\":\"SearchAction\",\"target\":{\"@type\":\"EntryPoint\",\"urlTemplate\":\"https:\\\/\\\/wp2.nige.de\\\/wordpress\\\/?s={search_term_string}\"},\"query-input\":{\"@type\":\"PropertyValueSpecification\",\"valueRequired\":true,\"valueName\":\"search_term_string\"}}],\"inLanguage\":\"de\"},{\"@type\":\"Organization\",\"@id\":\"https:\\\/\\\/wp2.nige.de\\\/wordpress\\\/#organization\",\"name\":\"Nieders\u00e4chsisches Internatsgymnasium Esens\",\"url\":\"https:\\\/\\\/wp2.nige.de\\\/wordpress\\\/\",\"logo\":{\"@type\":\"ImageObject\",\"inLanguage\":\"de\",\"@id\":\"https:\\\/\\\/wp2.nige.de\\\/wordpress\\\/#\\\/schema\\\/logo\\\/image\\\/\",\"url\":\"https:\\\/\\\/wp2.nige.de\\\/wordpress\\\/wp-content\\\/uploads\\\/2018\\\/08\\\/logo_nige.jpg\",\"contentUrl\":\"https:\\\/\\\/wp2.nige.de\\\/wordpress\\\/wp-content\\\/uploads\\\/2018\\\/08\\\/logo_nige.jpg\",\"width\":1984,\"height\":1239,\"caption\":\"Nieders\u00e4chsisches Internatsgymnasium Esens\"},\"image\":{\"@id\":\"https:\\\/\\\/wp2.nige.de\\\/wordpress\\\/#\\\/schema\\\/logo\\\/image\\\/\"},\"sameAs\":[\"https:\\\/\\\/www.facebook.com\\\/NIGEsens\\\/\"]}]}<\/script>\n<!-- \/ Yoast SEO plugin. -->","yoast_head_json":{"title":"Comenius - NIGE","robots":{"index":"index","follow":"follow","max-snippet":"max-snippet:-1","max-image-preview":"max-image-preview:large","max-video-preview":"max-video-preview:-1"},"canonical":"https:\/\/wp2.nige.de\/wordpress\/sample-page\/comenius\/","og_locale":"de_DE","og_type":"article","og_title":"Comenius - NIGE","og_description":"\u00a0 Vom 07. bis 11. November 2011 trafen sich am NIGE Vertreter einer franz\u00f6sischen, einer polnischen und einer t\u00fcrkischen Schule mit hiesigen Kollegen zur Planung und Vorbereitung einer multilateralen Schulpartnerschaft im Rahmen des Comenius-Projekts. Dar\u00fcber hinaus werden eine spanische und eine italienische Schule in das Projekt&#46;&#46;&#46;","og_url":"https:\/\/wp2.nige.de\/wordpress\/sample-page\/comenius\/","og_site_name":"NIGE","article_publisher":"https:\/\/www.facebook.com\/NIGEsens\/","article_modified_time":"2016-08-02T20:38:18+00:00","og_image":[{"url":"http:\/\/wp2.nige.de\/wordpress\/wp-content\/uploads\/2013\/07\/Comenius11-300x246.jpg","type":"","width":"","height":""}],"twitter_card":"summary_large_image","twitter_misc":{"Gesch\u00e4tzte Lesezeit":"4\u00a0Minuten"},"schema":{"@context":"https:\/\/schema.org","@graph":[{"@type":"WebPage","@id":"https:\/\/wp2.nige.de\/wordpress\/sample-page\/comenius\/","url":"https:\/\/wp2.nige.de\/wordpress\/sample-page\/comenius\/","name":"Comenius - NIGE","isPartOf":{"@id":"https:\/\/wp2.nige.de\/wordpress\/#website"},"primaryImageOfPage":{"@id":"https:\/\/wp2.nige.de\/wordpress\/sample-page\/comenius\/#primaryimage"},"image":{"@id":"https:\/\/wp2.nige.de\/wordpress\/sample-page\/comenius\/#primaryimage"},"thumbnailUrl":"http:\/\/wp2.nige.de\/wordpress\/wp-content\/uploads\/2013\/07\/Comenius11-300x246.jpg","datePublished":"2013-07-04T09:54:49+00:00","dateModified":"2016-08-02T20:38:18+00:00","breadcrumb":{"@id":"https:\/\/wp2.nige.de\/wordpress\/sample-page\/comenius\/#breadcrumb"},"inLanguage":"de","potentialAction":[{"@type":"ReadAction","target":["https:\/\/wp2.nige.de\/wordpress\/sample-page\/comenius\/"]}]},{"@type":"ImageObject","inLanguage":"de","@id":"https:\/\/wp2.nige.de\/wordpress\/sample-page\/comenius\/#primaryimage","url":"https:\/\/wp2.nige.de\/wordpress\/wp-content\/uploads\/2013\/07\/Comenius11.jpg","contentUrl":"https:\/\/wp2.nige.de\/wordpress\/wp-content\/uploads\/2013\/07\/Comenius11.jpg","width":504,"height":414},{"@type":"BreadcrumbList","@id":"https:\/\/wp2.nige.de\/wordpress\/sample-page\/comenius\/#breadcrumb","itemListElement":[{"@type":"ListItem","position":1,"name":"Startseite","item":"https:\/\/wp2.nige.de\/wordpress\/"},{"@type":"ListItem","position":2,"name":"NIGE","item":"https:\/\/wp2.nige.de\/wordpress\/sample-page\/"},{"@type":"ListItem","position":3,"name":"Comenius"}]},{"@type":"WebSite","@id":"https:\/\/wp2.nige.de\/wordpress\/#website","url":"https:\/\/wp2.nige.de\/wordpress\/","name":"Nieders\u00e4chsisches Internatsgymnasium Esens | NIGE","description":"Nieders\u00e4chsisches Internatsgymnasium Esens","publisher":{"@id":"https:\/\/wp2.nige.de\/wordpress\/#organization"},"potentialAction":[{"@type":"SearchAction","target":{"@type":"EntryPoint","urlTemplate":"https:\/\/wp2.nige.de\/wordpress\/?s={search_term_string}"},"query-input":{"@type":"PropertyValueSpecification","valueRequired":true,"valueName":"search_term_string"}}],"inLanguage":"de"},{"@type":"Organization","@id":"https:\/\/wp2.nige.de\/wordpress\/#organization","name":"Nieders\u00e4chsisches Internatsgymnasium Esens","url":"https:\/\/wp2.nige.de\/wordpress\/","logo":{"@type":"ImageObject","inLanguage":"de","@id":"https:\/\/wp2.nige.de\/wordpress\/#\/schema\/logo\/image\/","url":"https:\/\/wp2.nige.de\/wordpress\/wp-content\/uploads\/2018\/08\/logo_nige.jpg","contentUrl":"https:\/\/wp2.nige.de\/wordpress\/wp-content\/uploads\/2018\/08\/logo_nige.jpg","width":1984,"height":1239,"caption":"Nieders\u00e4chsisches Internatsgymnasium Esens"},"image":{"@id":"https:\/\/wp2.nige.de\/wordpress\/#\/schema\/logo\/image\/"},"sameAs":["https:\/\/www.facebook.com\/NIGEsens\/"]}]}},"_links":{"self":[{"href":"https:\/\/wp2.nige.de\/wordpress\/wp-json\/wp\/v2\/pages\/105","targetHints":{"allow":["GET"]}}],"collection":[{"href":"https:\/\/wp2.nige.de\/wordpress\/wp-json\/wp\/v2\/pages"}],"about":[{"href":"https:\/\/wp2.nige.de\/wordpress\/wp-json\/wp\/v2\/types\/page"}],"author":[{"embeddable":true,"href":"https:\/\/wp2.nige.de\/wordpress\/wp-json\/wp\/v2\/users\/28"}],"replies":[{"embeddable":true,"href":"https:\/\/wp2.nige.de\/wordpress\/wp-json\/wp\/v2\/comments?post=105"}],"version-history":[{"count":41,"href":"https:\/\/wp2.nige.de\/wordpress\/wp-json\/wp\/v2\/pages\/105\/revisions"}],"predecessor-version":[{"id":6082,"href":"https:\/\/wp2.nige.de\/wordpress\/wp-json\/wp\/v2\/pages\/105\/revisions\/6082"}],"up":[{"embeddable":true,"href":"https:\/\/wp2.nige.de\/wordpress\/wp-json\/wp\/v2\/pages\/2"}],"wp:attachment":[{"href":"https:\/\/wp2.nige.de\/wordpress\/wp-json\/wp\/v2\/media?parent=105"}],"curies":[{"name":"wp","href":"https:\/\/api.w.org\/{rel}","templated":true}]}}