{"id":10486,"date":"2019-09-04T13:03:20","date_gmt":"2019-09-04T11:03:20","guid":{"rendered":"http:\/\/wp2.nige.de\/wordpress\/?page_id=10486"},"modified":"2026-04-02T07:48:52","modified_gmt":"2026-04-02T05:48:52","slug":"latein","status":"publish","type":"page","link":"https:\/\/wp2.nige.de\/wordpress\/sample-page\/sprachen\/latein\/","title":{"rendered":"Latein"},"content":{"rendered":"<div>\n<blockquote><p><strong>Soll man diese Sprache, die heute keiner mehr spricht, \u00fcberhaupt noch lernen? \u2013<\/strong><\/p>\n<p><strong>Aber ja!<\/strong><\/p><\/blockquote>\n<\/div>\n<p><span style=\"color: #000080;\"><strong>Gute Gr\u00fcnde f\u00fcr das Erlernen von Latein<\/strong><\/span><\/p>\n<p>Wenn ihr euch mit Latein besch\u00e4ftigt, k\u00f6nnt ihr herausfinden, auf welchen Gebieten unserer Kultur und unseres Lebens schon in der Antike die Fundamente gelegt worden sind. Dabei f\u00fchrt euch die Entdeckungsreise \u00fcber die Antike hinaus bis zum Mittelalter und in die Neuzeit, also bis in jene Epochen, in denen Latein noch die Sprache der Wissenschaft, der Kirche und der internationalen Verst\u00e4ndigung gewesen ist.<\/p>\n<p><strong>Latein ist die Grundsprache Europas!\u00a0<\/strong>In unserem Sprachgebrauch finden sich deswegen zahlreiche W\u00f6rter lateinischen Ursprungs. Durch das Erlernen von Latein ergibt sich ein sprachlicher und ein formaler Nutzen (Berufsleben). Zudem wird die Pers\u00f6nlichkeitsbildung durch Latein unterst\u00fctzt. <a href=\"http:\/\/wp2.nige.de\/wordpress\/?page_id=2208\">mehr&#8230;<\/a><\/p>\n<p><strong>Video: <a href=\"https:\/\/youtu.be\/S9rFS2VBhNM\" target=\"_blank\" rel=\"noopener\">&#8222;Reden wir \u00fcber Latein &#8230;&#8220;<\/a><\/strong>\u00a0 (Weiterleitung auf YouTube)<\/p>\n<p><iframe loading=\"lazy\" title=\"YouTube video player\" src=\"https:\/\/www.youtube.com\/embed\/pksawP1GNWo?si=w3qPedwoIdKriHCW\" width=\"560\" height=\"315\" frameborder=\"0\" allowfullscreen=\"allowfullscreen\"><\/iframe><\/p>\n<hr \/>\n<p><span style=\"color: #000080;\"><strong>Lebendiger Lateinunterricht<\/strong><\/span><\/p>\n<ul>\n<li><a href=\"https:\/\/wp2.nige.de\/wordpress\/ein-vesper-latinus-am-28-11-2025-maximum-gaudium\/\"><strong>Latinus Vesper:<\/strong> Lateinischer Abend<\/a> (Jg. 7\u20139)<\/li>\n<li><a href=\"http:\/\/wp2.nige.de\/wordpress\/?page_id=12056\"><strong>Arch\u00e4ologen<\/strong> zu Gast am NIGE<\/a><\/li>\n<li><a href=\"http:\/\/wp2.nige.de\/wordpress\/?page_id=12216\"><strong>Sch\u00fclerpr\u00e4sentationen<\/strong> und Projektberichte<\/a><\/li>\n<\/ul>\n<p><span style=\"color: #000080;\"><strong>Studien- und Lateinfahrten<\/strong><\/span><\/p>\n<ul>\n<li><a href=\"https:\/\/wp2.nige.de\/wordpress\/wenn-bei-capri-die-rote-sonne-im-meer-versinkt-studienfahrt-nach-sorrent-2024\/\">Studienfahrt <strong>Sorrent<\/strong><\/a> (2024) (Jg. 13)<\/li>\n<li><a href=\"http:\/\/wp2.nige.de\/wordpress\/studienfahrt-nach-rom-23\">Studienfahrt <strong>Rom<\/strong><\/a> (2023) (Jg. 13)<\/li>\n<li><a href=\"http:\/\/wp2.nige.de\/wordpress\/?page_id=2226\">Weitere<strong> Studienfahrten<\/strong><\/a> (Jg. 12)<\/li>\n<li><a href=\"https:\/\/wp2.nige.de\/wordpress\/lateinfahrt-2026\/\">Lateinfahrt nach <strong>Trier<\/strong><\/a> (2026) (Jg. 8 u. 9)<\/li>\n<li><a href=\"https:\/\/wp2.nige.de\/wordpress\/zwischen-lava-latein-und-legenden-mit-vr-mitten-in-pompeji\/\">Besuch der virtuellen <strong>Pompeji-Ausstellung<\/strong> in Oberhausen<\/a> (2025)<\/li>\n<li><a href=\"https:\/\/wp2.nige.de\/wordpress\/besuch-des-museums-kalkriese\/\">Besuch des R\u00f6mer-Museums <strong>Kalkriese<\/strong><\/a> (2025) (Jg. 6 u. 7)<\/li>\n<li>Ein Tag im <a href=\"https:\/\/wp2.nige.de\/wordpress\/ein-heisser-tag-voller-entdeckungen\/\">Arch\u00e4ologischen Park und Museum in <strong>Xanten<\/strong><\/a> (2023) (Jg. 7 u. 8)<\/li>\n<\/ul>\n<p><span style=\"color: #000080;\"><strong>Rund ums Latinum<\/strong><\/span><\/p>\n<p>Am NIGE wird Latein als <strong>zweite Fremdsprache<\/strong> mit Beginn in der 6. Klasse (4-std.) und \u2013 bei gen\u00fcgend Interessenten \u2013 als <strong>dritte Fremdsprache<\/strong> mit Beginn in der 11.\u00a0 Klasse angeboten. <a title=\"Latinum\" href=\"http:\/\/wp2.nige.de\/wordpress\/?page_id=2193\">mehr&#8230;<\/a><\/p>\n<hr \/>\n<p><span style=\"color: #000080;\"><strong>Lerntipps<\/strong><\/span><\/p>\n<ul>\n<li><a href=\"http:\/\/wp2.nige.de\/wordpress\/wp-content\/uploads\/2017\/08\/Lerntipps-Latein-8-2017-1.pdf\">f\u00fcr Sch\u00fclerInnen<\/a><\/li>\n<li><a href=\"http:\/\/wp2.nige.de\/wordpress\/wp-content\/uploads\/2013\/10\/Lerntipps_Latein_fuer_Eltern.pdf\">f\u00fcr Eltern<\/a><\/li>\n<\/ul>\n<p><span style=\"color: #000080;\"><strong> Lehrmittel\/Lernmittel<\/strong><\/span><\/p>\n<ul>\n<li>Die aktuellen Lehrwerke f\u00fcr das Fach Latein k\u00f6nnen den allgemeinen <a href=\"http:\/\/wp2.nige.de\/wordpress\/?page_id=11999\">Schulbuchlisten<\/a>\u00a0f\u00fcr die Jahrg\u00e4nge 5 bis 11\u00a0entnommen werden.<\/li>\n<\/ul>\n<p><span style=\"color: #000080;\"><strong>Bewertung im Lateinunterricht<\/strong><\/span><\/p>\n<ul>\n<li><a href=\"http:\/\/wp2.nige.de\/wordpress\/wp-content\/uploads\/2015\/10\/latein-bewertungstransparenz.pdf\">Detaillierte Ausf\u00fchrungen zur Bewertung im Fach Latein<\/a><\/li>\n<li><a href=\"http:\/\/wp2.nige.de\/wordpress\/wp-content\/uploads\/2020\/08\/Bewertung-Vokabeltests.pdf\">Bewertungsschl\u00fcssel f\u00fcr Vokabeltests<\/a><\/li>\n<\/ul>\n<p><span style=\"color: #000080;\"><strong>Curricula<\/strong><\/span><\/p>\n<ul>\n<li><a href=\"https:\/\/wp2.nige.de\/wordpress\/wp-content\/uploads\/2025\/02\/Schulinterne-Arbeitsplaene-Jg6-11___2025-02-10.pdf\">Schulinterne Arbeitspl\u00e4ne Latein f\u00fcr die Jahrg\u00e4nge 6\u201311<\/a> (Stand: 02.2025)<\/li>\n<li><a href=\"http:\/\/wp2.nige.de\/wordpress\/wp-content\/uploads\/2021\/01\/kc-latein-sekII-2018.pdf\">Kerncurriculum Latein f\u00fcr die gymnasiale Oberstufe<\/a> (Stand: 2018)<\/li>\n<\/ul>\n<p><span style=\"color: #000080;\"><strong>Abiturthemen \/ Operatorenliste \/ Stilmittel<\/strong><\/span><\/p>\n<ul>\n<li><a href=\"https:\/\/wp2.nige.de\/wordpress\/wp-content\/uploads\/2024\/08\/Uebersicht-Leitthemen-Abitur-2025-2027.pdf\">\u00dcbersicht \u00fcber die Abiturthemen in den Schuljahren 2025\/26 &#8211; 2026\/27<\/a><\/li>\n<li><a href=\"http:\/\/wp2.nige.de\/wordpress\/wp-content\/uploads\/2021\/08\/Latein-Operatoren.pdf\">G\u00fcltige Operatoren im Fach Latein einschl. Erl\u00e4uterungen<\/a><\/li>\n<li><a href=\"http:\/\/wp2.nige.de\/wordpress\/wp-content\/uploads\/2021\/08\/Latein-Stilmittel.pdf\">Liste h\u00e4ufig vorkommender Stilmittel<\/a><\/li>\n<\/ul>\n<hr \/>\n<p><span style=\"color: #000080;\"><strong>Fachkollegium<\/strong><\/span><\/p>\n<p>Frau Elise Bessert (OStR&#8216;): La \/ Ge<br \/>\nFrau Nasim Bikker (StR&#8216;): La \/ Ge (Fachkonferenzleiterin)<br \/>\nHerr Michael Dorfm\u00fcller (StD): La \/ Ge<br \/>\nHerr Martin Ebert (OStR): La \/ Ge<br \/>\nHerr Radij Mun (StR): La \/ Sn<br \/>\nFrau Christine Wollmann (STR&#8216;): La \/ Sp<\/p>\n","protected":false},"excerpt":{"rendered":"<p>Soll man diese Sprache, die heute keiner mehr spricht, \u00fcberhaupt noch lernen? \u2013 Aber ja! Gute Gr\u00fcnde f\u00fcr das Erlernen von Latein Wenn ihr euch mit Latein besch\u00e4ftigt, k\u00f6nnt ihr herausfinden, auf welchen Gebieten unserer Kultur und unseres Lebens schon in der Antike die Fundamente gelegt&#46;&#46;&#46;<\/p>\n","protected":false},"author":11,"featured_media":0,"parent":156,"menu_order":0,"comment_status":"closed","ping_status":"closed","template":"","meta":{"ngg_post_thumbnail":0,"footnotes":""},"class_list":["post-10486","page","type-page","status-publish","hentry"],"yoast_head":"<!-- This site is optimized with the Yoast SEO plugin v27.5 - https:\/\/yoast.com\/product\/yoast-seo-wordpress\/ -->\n<title>Latein - NIGE<\/title>\n<meta name=\"robots\" content=\"index, follow, max-snippet:-1, max-image-preview:large, max-video-preview:-1\" \/>\n<link rel=\"canonical\" href=\"https:\/\/wp2.nige.de\/wordpress\/sample-page\/sprachen\/latein\/\" \/>\n<meta property=\"og:locale\" content=\"de_DE\" \/>\n<meta property=\"og:type\" content=\"article\" \/>\n<meta property=\"og:title\" content=\"Latein - NIGE\" \/>\n<meta property=\"og:description\" content=\"Soll man diese Sprache, die heute keiner mehr spricht, \u00fcberhaupt noch lernen? \u2013 Aber ja! Gute Gr\u00fcnde f\u00fcr das Erlernen von Latein Wenn ihr euch mit Latein besch\u00e4ftigt, k\u00f6nnt ihr herausfinden, auf welchen Gebieten unserer Kultur und unseres Lebens schon in der Antike die Fundamente gelegt&#046;&#046;&#046;\" \/>\n<meta property=\"og:url\" content=\"https:\/\/wp2.nige.de\/wordpress\/sample-page\/sprachen\/latein\/\" \/>\n<meta property=\"og:site_name\" content=\"NIGE\" \/>\n<meta property=\"article:publisher\" content=\"https:\/\/www.facebook.com\/NIGEsens\/\" \/>\n<meta property=\"article:modified_time\" content=\"2026-04-02T05:48:52+00:00\" \/>\n<meta name=\"twitter:card\" content=\"summary_large_image\" \/>\n<meta name=\"twitter:label1\" content=\"Gesch\u00e4tzte Lesezeit\" \/>\n\t<meta name=\"twitter:data1\" content=\"2\u00a0Minuten\" \/>\n<script type=\"application\/ld+json\" class=\"yoast-schema-graph\">{\"@context\":\"https:\\\/\\\/schema.org\",\"@graph\":[{\"@type\":\"WebPage\",\"@id\":\"https:\\\/\\\/wp2.nige.de\\\/wordpress\\\/sample-page\\\/sprachen\\\/latein\\\/\",\"url\":\"https:\\\/\\\/wp2.nige.de\\\/wordpress\\\/sample-page\\\/sprachen\\\/latein\\\/\",\"name\":\"Latein - NIGE\",\"isPartOf\":{\"@id\":\"https:\\\/\\\/wp2.nige.de\\\/wordpress\\\/#website\"},\"datePublished\":\"2019-09-04T11:03:20+00:00\",\"dateModified\":\"2026-04-02T05:48:52+00:00\",\"breadcrumb\":{\"@id\":\"https:\\\/\\\/wp2.nige.de\\\/wordpress\\\/sample-page\\\/sprachen\\\/latein\\\/#breadcrumb\"},\"inLanguage\":\"de\",\"potentialAction\":[{\"@type\":\"ReadAction\",\"target\":[\"https:\\\/\\\/wp2.nige.de\\\/wordpress\\\/sample-page\\\/sprachen\\\/latein\\\/\"]}]},{\"@type\":\"BreadcrumbList\",\"@id\":\"https:\\\/\\\/wp2.nige.de\\\/wordpress\\\/sample-page\\\/sprachen\\\/latein\\\/#breadcrumb\",\"itemListElement\":[{\"@type\":\"ListItem\",\"position\":1,\"name\":\"Startseite\",\"item\":\"https:\\\/\\\/wp2.nige.de\\\/wordpress\\\/\"},{\"@type\":\"ListItem\",\"position\":2,\"name\":\"NIGE\",\"item\":\"https:\\\/\\\/wp2.nige.de\\\/wordpress\\\/sample-page\\\/\"},{\"@type\":\"ListItem\",\"position\":3,\"name\":\"Sprachen\",\"item\":\"https:\\\/\\\/wp2.nige.de\\\/wordpress\\\/sample-page\\\/sprachen\\\/\"},{\"@type\":\"ListItem\",\"position\":4,\"name\":\"Latein\"}]},{\"@type\":\"WebSite\",\"@id\":\"https:\\\/\\\/wp2.nige.de\\\/wordpress\\\/#website\",\"url\":\"https:\\\/\\\/wp2.nige.de\\\/wordpress\\\/\",\"name\":\"Nieders\u00e4chsisches Internatsgymnasium Esens | NIGE\",\"description\":\"Nieders\u00e4chsisches Internatsgymnasium Esens\",\"publisher\":{\"@id\":\"https:\\\/\\\/wp2.nige.de\\\/wordpress\\\/#organization\"},\"potentialAction\":[{\"@type\":\"SearchAction\",\"target\":{\"@type\":\"EntryPoint\",\"urlTemplate\":\"https:\\\/\\\/wp2.nige.de\\\/wordpress\\\/?s={search_term_string}\"},\"query-input\":{\"@type\":\"PropertyValueSpecification\",\"valueRequired\":true,\"valueName\":\"search_term_string\"}}],\"inLanguage\":\"de\"},{\"@type\":\"Organization\",\"@id\":\"https:\\\/\\\/wp2.nige.de\\\/wordpress\\\/#organization\",\"name\":\"Nieders\u00e4chsisches Internatsgymnasium Esens\",\"url\":\"https:\\\/\\\/wp2.nige.de\\\/wordpress\\\/\",\"logo\":{\"@type\":\"ImageObject\",\"inLanguage\":\"de\",\"@id\":\"https:\\\/\\\/wp2.nige.de\\\/wordpress\\\/#\\\/schema\\\/logo\\\/image\\\/\",\"url\":\"https:\\\/\\\/wp2.nige.de\\\/wordpress\\\/wp-content\\\/uploads\\\/2018\\\/08\\\/logo_nige.jpg\",\"contentUrl\":\"https:\\\/\\\/wp2.nige.de\\\/wordpress\\\/wp-content\\\/uploads\\\/2018\\\/08\\\/logo_nige.jpg\",\"width\":1984,\"height\":1239,\"caption\":\"Nieders\u00e4chsisches Internatsgymnasium Esens\"},\"image\":{\"@id\":\"https:\\\/\\\/wp2.nige.de\\\/wordpress\\\/#\\\/schema\\\/logo\\\/image\\\/\"},\"sameAs\":[\"https:\\\/\\\/www.facebook.com\\\/NIGEsens\\\/\"]}]}<\/script>\n<!-- \/ Yoast SEO plugin. -->","yoast_head_json":{"title":"Latein - NIGE","robots":{"index":"index","follow":"follow","max-snippet":"max-snippet:-1","max-image-preview":"max-image-preview:large","max-video-preview":"max-video-preview:-1"},"canonical":"https:\/\/wp2.nige.de\/wordpress\/sample-page\/sprachen\/latein\/","og_locale":"de_DE","og_type":"article","og_title":"Latein - NIGE","og_description":"Soll man diese Sprache, die heute keiner mehr spricht, \u00fcberhaupt noch lernen? \u2013 Aber ja! Gute Gr\u00fcnde f\u00fcr das Erlernen von Latein Wenn ihr euch mit Latein besch\u00e4ftigt, k\u00f6nnt ihr herausfinden, auf welchen Gebieten unserer Kultur und unseres Lebens schon in der Antike die Fundamente gelegt&#46;&#46;&#46;","og_url":"https:\/\/wp2.nige.de\/wordpress\/sample-page\/sprachen\/latein\/","og_site_name":"NIGE","article_publisher":"https:\/\/www.facebook.com\/NIGEsens\/","article_modified_time":"2026-04-02T05:48:52+00:00","twitter_card":"summary_large_image","twitter_misc":{"Gesch\u00e4tzte Lesezeit":"2\u00a0Minuten"},"schema":{"@context":"https:\/\/schema.org","@graph":[{"@type":"WebPage","@id":"https:\/\/wp2.nige.de\/wordpress\/sample-page\/sprachen\/latein\/","url":"https:\/\/wp2.nige.de\/wordpress\/sample-page\/sprachen\/latein\/","name":"Latein - NIGE","isPartOf":{"@id":"https:\/\/wp2.nige.de\/wordpress\/#website"},"datePublished":"2019-09-04T11:03:20+00:00","dateModified":"2026-04-02T05:48:52+00:00","breadcrumb":{"@id":"https:\/\/wp2.nige.de\/wordpress\/sample-page\/sprachen\/latein\/#breadcrumb"},"inLanguage":"de","potentialAction":[{"@type":"ReadAction","target":["https:\/\/wp2.nige.de\/wordpress\/sample-page\/sprachen\/latein\/"]}]},{"@type":"BreadcrumbList","@id":"https:\/\/wp2.nige.de\/wordpress\/sample-page\/sprachen\/latein\/#breadcrumb","itemListElement":[{"@type":"ListItem","position":1,"name":"Startseite","item":"https:\/\/wp2.nige.de\/wordpress\/"},{"@type":"ListItem","position":2,"name":"NIGE","item":"https:\/\/wp2.nige.de\/wordpress\/sample-page\/"},{"@type":"ListItem","position":3,"name":"Sprachen","item":"https:\/\/wp2.nige.de\/wordpress\/sample-page\/sprachen\/"},{"@type":"ListItem","position":4,"name":"Latein"}]},{"@type":"WebSite","@id":"https:\/\/wp2.nige.de\/wordpress\/#website","url":"https:\/\/wp2.nige.de\/wordpress\/","name":"Nieders\u00e4chsisches Internatsgymnasium Esens | NIGE","description":"Nieders\u00e4chsisches Internatsgymnasium Esens","publisher":{"@id":"https:\/\/wp2.nige.de\/wordpress\/#organization"},"potentialAction":[{"@type":"SearchAction","target":{"@type":"EntryPoint","urlTemplate":"https:\/\/wp2.nige.de\/wordpress\/?s={search_term_string}"},"query-input":{"@type":"PropertyValueSpecification","valueRequired":true,"valueName":"search_term_string"}}],"inLanguage":"de"},{"@type":"Organization","@id":"https:\/\/wp2.nige.de\/wordpress\/#organization","name":"Nieders\u00e4chsisches Internatsgymnasium Esens","url":"https:\/\/wp2.nige.de\/wordpress\/","logo":{"@type":"ImageObject","inLanguage":"de","@id":"https:\/\/wp2.nige.de\/wordpress\/#\/schema\/logo\/image\/","url":"https:\/\/wp2.nige.de\/wordpress\/wp-content\/uploads\/2018\/08\/logo_nige.jpg","contentUrl":"https:\/\/wp2.nige.de\/wordpress\/wp-content\/uploads\/2018\/08\/logo_nige.jpg","width":1984,"height":1239,"caption":"Nieders\u00e4chsisches Internatsgymnasium Esens"},"image":{"@id":"https:\/\/wp2.nige.de\/wordpress\/#\/schema\/logo\/image\/"},"sameAs":["https:\/\/www.facebook.com\/NIGEsens\/"]}]}},"_links":{"self":[{"href":"https:\/\/wp2.nige.de\/wordpress\/wp-json\/wp\/v2\/pages\/10486","targetHints":{"allow":["GET"]}}],"collection":[{"href":"https:\/\/wp2.nige.de\/wordpress\/wp-json\/wp\/v2\/pages"}],"about":[{"href":"https:\/\/wp2.nige.de\/wordpress\/wp-json\/wp\/v2\/types\/page"}],"author":[{"embeddable":true,"href":"https:\/\/wp2.nige.de\/wordpress\/wp-json\/wp\/v2\/users\/11"}],"replies":[{"embeddable":true,"href":"https:\/\/wp2.nige.de\/wordpress\/wp-json\/wp\/v2\/comments?post=10486"}],"version-history":[{"count":88,"href":"https:\/\/wp2.nige.de\/wordpress\/wp-json\/wp\/v2\/pages\/10486\/revisions"}],"predecessor-version":[{"id":18440,"href":"https:\/\/wp2.nige.de\/wordpress\/wp-json\/wp\/v2\/pages\/10486\/revisions\/18440"}],"up":[{"embeddable":true,"href":"https:\/\/wp2.nige.de\/wordpress\/wp-json\/wp\/v2\/pages\/156"}],"wp:attachment":[{"href":"https:\/\/wp2.nige.de\/wordpress\/wp-json\/wp\/v2\/media?parent=10486"}],"curies":[{"name":"wp","href":"https:\/\/api.w.org\/{rel}","templated":true}]}}