{"id":101,"date":"2013-07-04T09:53:53","date_gmt":"2013-07-04T09:53:53","guid":{"rendered":"http:\/\/10.40.11.10\/wordpress\/?page_id=101"},"modified":"2020-03-02T11:57:15","modified_gmt":"2020-03-02T10:57:15","slug":"wettbewerbe","status":"publish","type":"page","link":"https:\/\/wp2.nige.de\/wordpress\/sample-page\/wettbewerbe\/","title":{"rendered":"Wettbewerbe"},"content":{"rendered":"<h4 style=\"text-align: left;\">1. Kategorie: WETTBEWERBE NACH F\u00c4CHERN GEORDNET<\/h4>\n<p><b><span style=\"text-decoration: underline;\">CHEMIE<\/span><\/b><br \/>\n<strong>Wettbewerb Chemie und Schule<\/strong><br \/>\nJahrg\u00e4nge: 5-12<br \/>\n<a href=\"http:\/\/www.vci-nord.de\">www.vci-nord.de<\/a><\/p>\n<p><span style=\"text-decoration: underline;\"><b>MATHE<\/b><\/span><br \/>\n<strong>K\u00e4nguru-Wettbewerb<\/strong><br \/>\nEinzelwettbewerb f\u00fcr alle Jahrg\u00e4nge<br \/>\n<a href=\"https:\/\/www.mathe-kaenguru.de\/\">https:\/\/www.mathe-kaenguru.de\/<\/a><\/p>\n<p><b>Lange Nacht der Mathematik<\/b><br \/>\nTeamwettbewerb f\u00fcr alle Jahrg\u00e4nge<br \/>\n<a href=\"https:\/\/www.mathenacht.de\/\">https:\/\/www.mathenacht.de\/<\/a><\/p>\n<p><strong>Mathe im Advent<\/strong><br \/>\nJahrg\u00e4nge 5-9<br \/>\n<a href=\"https:\/\/www.mathe-im-advent.de\/de\/\">https:\/\/www.mathe-im-advent.de\/de\/<\/a><\/p>\n<h4 style=\"text-align: left;\">2. Kategorie: SPRACHENWETTBEWERBE<\/h4>\n<p><b>Bundeswettbewerb Fremdsprachen <\/b><br \/>\nJahrg\u00e4nge: 5-12<br \/>\n<a href=\"http:\/\/www.bundeswettbewerb-fremdsprachen.de\">www.bundeswettbewerb-fremdsprachen.de<\/a><\/p>\n<h4>3. Kategorie: ALLGEMEINE\/F\u00c4CHER\u00dcBERGREIFENDE WETTBEWERBE<\/h4>\n<p><b>Wettbewerb &#8222;BE SMART &#8211; DON`T START&#8220;<\/b><br \/>\nJahrg\u00e4nge: 5 &#8211; 8<br \/>\n<a href=\"http:\/\/www.besmart.nibis.de\">www.besmart.nibis.de<\/a><\/p>\n<p><b>BundesUmweltWettbewerb&nbsp; &#8211; Vom Wissen zum nachhaltigen Handeln<\/b><br \/>\nAdressaten: 13-21-J\u00e4hrige<br \/>\n<a href=\"http:\/\/www.buw-home.de\">www.buw-home.de<\/a><\/p>\n<p><b>Schulwettbewerb des Bundespr\u00e4sidenten zur Entwicklungspolitik <\/b><br \/>\nJahrg\u00e4nge: 5 &#8211; 12<br \/>\n<a href=\"http:\/\/www.eineweltfueralle.de\">www.eineweltfueralle.de<\/a><\/p>\n<p><b>Generation ABC-2015<\/b><br \/>\nJahrg\u00e4nge: 5-12<br \/>\n<a href=\"http:\/\/www.ichwillgerechtigkeit.de\">www.IchwillGerechtigkeit.de<\/a><\/p>\n<p><b>Sch\u00fclerpreis f\u00fcr ostfriesische Kultur und Geschichte<br \/>\n<\/b>Adressaten: Oberstufensch\u00fclerInnen<br \/>\n<a href=\"http:\/\/www.ostfriesischelandschaft.de\">www.ostfriesischelandschaft.de<\/a><\/p>\n<p><b>&#8222;Wir k\u00f6nnen auch anders!&#8220;<br \/>\nDer Lyrics-Schreibwettbewerb<\/b><br \/>\nJahrg\u00e4nge: 7-9<\/p>\n<p><b>Sch\u00fclerwettbewerb&nbsp; der &#8222;Nationalen Initiative Printmedien&#8220;<\/b><br \/>\nJahrg\u00e4nge: 5-11<br \/>\n<a href=\"http:\/\/www.nationale-initiative-printmedien.de\">www.nationale-initiative-printmedien.de<\/a><\/p>\n<p><b>uniKIK<\/b><br \/>\nClub Apollo 13<br \/>\nNiedersachsenweiter Internet-Sch\u00fclerwettbewerb<br \/>\nJahrg\u00e4nge: 9-12<br \/>\n<a href=\"http:\/\/www.apollo-13.de\">www.apollo-13.de<\/a><\/p>\n<p>&nbsp;<\/p>\n","protected":false},"excerpt":{"rendered":"<p>1. Kategorie: WETTBEWERBE NACH F\u00c4CHERN GEORDNET CHEMIE Wettbewerb Chemie und Schule Jahrg\u00e4nge: 5-12 www.vci-nord.de MATHE K\u00e4nguru-Wettbewerb Einzelwettbewerb f\u00fcr alle Jahrg\u00e4nge https:\/\/www.mathe-kaenguru.de\/ Lange Nacht der Mathematik Teamwettbewerb f\u00fcr alle Jahrg\u00e4nge https:\/\/www.mathenacht.de\/ Mathe im Advent Jahrg\u00e4nge 5-9 https:\/\/www.mathe-im-advent.de\/de\/ 2. Kategorie: SPRACHENWETTBEWERBE Bundeswettbewerb Fremdsprachen Jahrg\u00e4nge: 5-12 www.bundeswettbewerb-fremdsprachen.de 3. Kategorie:&#46;&#46;&#46;<\/p>\n","protected":false},"author":28,"featured_media":0,"parent":2,"menu_order":5,"comment_status":"open","ping_status":"open","template":"","meta":{"ngg_post_thumbnail":0,"footnotes":""},"class_list":["post-101","page","type-page","status-publish","hentry"],"yoast_head":"<!-- This site is optimized with the Yoast SEO plugin v27.5 - https:\/\/yoast.com\/product\/yoast-seo-wordpress\/ -->\n<title>Wettbewerbe - NIGE<\/title>\n<meta name=\"robots\" content=\"index, follow, max-snippet:-1, max-image-preview:large, max-video-preview:-1\" \/>\n<link rel=\"canonical\" href=\"https:\/\/wp2.nige.de\/wordpress\/sample-page\/wettbewerbe\/\" \/>\n<meta property=\"og:locale\" content=\"de_DE\" \/>\n<meta property=\"og:type\" content=\"article\" \/>\n<meta property=\"og:title\" content=\"Wettbewerbe - NIGE\" \/>\n<meta property=\"og:description\" content=\"1. Kategorie: WETTBEWERBE NACH F\u00c4CHERN GEORDNET CHEMIE Wettbewerb Chemie und Schule Jahrg\u00e4nge: 5-12 www.vci-nord.de MATHE K\u00e4nguru-Wettbewerb Einzelwettbewerb f\u00fcr alle Jahrg\u00e4nge https:\/\/www.mathe-kaenguru.de\/ Lange Nacht der Mathematik Teamwettbewerb f\u00fcr alle Jahrg\u00e4nge https:\/\/www.mathenacht.de\/ Mathe im Advent Jahrg\u00e4nge 5-9 https:\/\/www.mathe-im-advent.de\/de\/ 2. Kategorie: SPRACHENWETTBEWERBE Bundeswettbewerb Fremdsprachen Jahrg\u00e4nge: 5-12 www.bundeswettbewerb-fremdsprachen.de 3. Kategorie:&#046;&#046;&#046;\" \/>\n<meta property=\"og:url\" content=\"https:\/\/wp2.nige.de\/wordpress\/sample-page\/wettbewerbe\/\" \/>\n<meta property=\"og:site_name\" content=\"NIGE\" \/>\n<meta property=\"article:publisher\" content=\"https:\/\/www.facebook.com\/NIGEsens\/\" \/>\n<meta property=\"article:modified_time\" content=\"2020-03-02T10:57:15+00:00\" \/>\n<meta name=\"twitter:card\" content=\"summary_large_image\" \/>\n<meta name=\"twitter:label1\" content=\"Gesch\u00e4tzte Lesezeit\" \/>\n\t<meta name=\"twitter:data1\" content=\"1\u00a0Minute\" \/>\n<script type=\"application\/ld+json\" class=\"yoast-schema-graph\">{\"@context\":\"https:\\\/\\\/schema.org\",\"@graph\":[{\"@type\":\"WebPage\",\"@id\":\"https:\\\/\\\/wp2.nige.de\\\/wordpress\\\/sample-page\\\/wettbewerbe\\\/\",\"url\":\"https:\\\/\\\/wp2.nige.de\\\/wordpress\\\/sample-page\\\/wettbewerbe\\\/\",\"name\":\"Wettbewerbe - NIGE\",\"isPartOf\":{\"@id\":\"https:\\\/\\\/wp2.nige.de\\\/wordpress\\\/#website\"},\"datePublished\":\"2013-07-04T09:53:53+00:00\",\"dateModified\":\"2020-03-02T10:57:15+00:00\",\"breadcrumb\":{\"@id\":\"https:\\\/\\\/wp2.nige.de\\\/wordpress\\\/sample-page\\\/wettbewerbe\\\/#breadcrumb\"},\"inLanguage\":\"de\",\"potentialAction\":[{\"@type\":\"ReadAction\",\"target\":[\"https:\\\/\\\/wp2.nige.de\\\/wordpress\\\/sample-page\\\/wettbewerbe\\\/\"]}]},{\"@type\":\"BreadcrumbList\",\"@id\":\"https:\\\/\\\/wp2.nige.de\\\/wordpress\\\/sample-page\\\/wettbewerbe\\\/#breadcrumb\",\"itemListElement\":[{\"@type\":\"ListItem\",\"position\":1,\"name\":\"Startseite\",\"item\":\"https:\\\/\\\/wp2.nige.de\\\/wordpress\\\/\"},{\"@type\":\"ListItem\",\"position\":2,\"name\":\"NIGE\",\"item\":\"https:\\\/\\\/wp2.nige.de\\\/wordpress\\\/sample-page\\\/\"},{\"@type\":\"ListItem\",\"position\":3,\"name\":\"Wettbewerbe\"}]},{\"@type\":\"WebSite\",\"@id\":\"https:\\\/\\\/wp2.nige.de\\\/wordpress\\\/#website\",\"url\":\"https:\\\/\\\/wp2.nige.de\\\/wordpress\\\/\",\"name\":\"Nieders\u00e4chsisches Internatsgymnasium Esens | NIGE\",\"description\":\"Nieders\u00e4chsisches Internatsgymnasium Esens\",\"publisher\":{\"@id\":\"https:\\\/\\\/wp2.nige.de\\\/wordpress\\\/#organization\"},\"potentialAction\":[{\"@type\":\"SearchAction\",\"target\":{\"@type\":\"EntryPoint\",\"urlTemplate\":\"https:\\\/\\\/wp2.nige.de\\\/wordpress\\\/?s={search_term_string}\"},\"query-input\":{\"@type\":\"PropertyValueSpecification\",\"valueRequired\":true,\"valueName\":\"search_term_string\"}}],\"inLanguage\":\"de\"},{\"@type\":\"Organization\",\"@id\":\"https:\\\/\\\/wp2.nige.de\\\/wordpress\\\/#organization\",\"name\":\"Nieders\u00e4chsisches Internatsgymnasium Esens\",\"url\":\"https:\\\/\\\/wp2.nige.de\\\/wordpress\\\/\",\"logo\":{\"@type\":\"ImageObject\",\"inLanguage\":\"de\",\"@id\":\"https:\\\/\\\/wp2.nige.de\\\/wordpress\\\/#\\\/schema\\\/logo\\\/image\\\/\",\"url\":\"https:\\\/\\\/wp2.nige.de\\\/wordpress\\\/wp-content\\\/uploads\\\/2018\\\/08\\\/logo_nige.jpg\",\"contentUrl\":\"https:\\\/\\\/wp2.nige.de\\\/wordpress\\\/wp-content\\\/uploads\\\/2018\\\/08\\\/logo_nige.jpg\",\"width\":1984,\"height\":1239,\"caption\":\"Nieders\u00e4chsisches Internatsgymnasium Esens\"},\"image\":{\"@id\":\"https:\\\/\\\/wp2.nige.de\\\/wordpress\\\/#\\\/schema\\\/logo\\\/image\\\/\"},\"sameAs\":[\"https:\\\/\\\/www.facebook.com\\\/NIGEsens\\\/\"]}]}<\/script>\n<!-- \/ Yoast SEO plugin. -->","yoast_head_json":{"title":"Wettbewerbe - NIGE","robots":{"index":"index","follow":"follow","max-snippet":"max-snippet:-1","max-image-preview":"max-image-preview:large","max-video-preview":"max-video-preview:-1"},"canonical":"https:\/\/wp2.nige.de\/wordpress\/sample-page\/wettbewerbe\/","og_locale":"de_DE","og_type":"article","og_title":"Wettbewerbe - NIGE","og_description":"1. Kategorie: WETTBEWERBE NACH F\u00c4CHERN GEORDNET CHEMIE Wettbewerb Chemie und Schule Jahrg\u00e4nge: 5-12 www.vci-nord.de MATHE K\u00e4nguru-Wettbewerb Einzelwettbewerb f\u00fcr alle Jahrg\u00e4nge https:\/\/www.mathe-kaenguru.de\/ Lange Nacht der Mathematik Teamwettbewerb f\u00fcr alle Jahrg\u00e4nge https:\/\/www.mathenacht.de\/ Mathe im Advent Jahrg\u00e4nge 5-9 https:\/\/www.mathe-im-advent.de\/de\/ 2. Kategorie: SPRACHENWETTBEWERBE Bundeswettbewerb Fremdsprachen Jahrg\u00e4nge: 5-12 www.bundeswettbewerb-fremdsprachen.de 3. Kategorie:&#46;&#46;&#46;","og_url":"https:\/\/wp2.nige.de\/wordpress\/sample-page\/wettbewerbe\/","og_site_name":"NIGE","article_publisher":"https:\/\/www.facebook.com\/NIGEsens\/","article_modified_time":"2020-03-02T10:57:15+00:00","twitter_card":"summary_large_image","twitter_misc":{"Gesch\u00e4tzte Lesezeit":"1\u00a0Minute"},"schema":{"@context":"https:\/\/schema.org","@graph":[{"@type":"WebPage","@id":"https:\/\/wp2.nige.de\/wordpress\/sample-page\/wettbewerbe\/","url":"https:\/\/wp2.nige.de\/wordpress\/sample-page\/wettbewerbe\/","name":"Wettbewerbe - NIGE","isPartOf":{"@id":"https:\/\/wp2.nige.de\/wordpress\/#website"},"datePublished":"2013-07-04T09:53:53+00:00","dateModified":"2020-03-02T10:57:15+00:00","breadcrumb":{"@id":"https:\/\/wp2.nige.de\/wordpress\/sample-page\/wettbewerbe\/#breadcrumb"},"inLanguage":"de","potentialAction":[{"@type":"ReadAction","target":["https:\/\/wp2.nige.de\/wordpress\/sample-page\/wettbewerbe\/"]}]},{"@type":"BreadcrumbList","@id":"https:\/\/wp2.nige.de\/wordpress\/sample-page\/wettbewerbe\/#breadcrumb","itemListElement":[{"@type":"ListItem","position":1,"name":"Startseite","item":"https:\/\/wp2.nige.de\/wordpress\/"},{"@type":"ListItem","position":2,"name":"NIGE","item":"https:\/\/wp2.nige.de\/wordpress\/sample-page\/"},{"@type":"ListItem","position":3,"name":"Wettbewerbe"}]},{"@type":"WebSite","@id":"https:\/\/wp2.nige.de\/wordpress\/#website","url":"https:\/\/wp2.nige.de\/wordpress\/","name":"Nieders\u00e4chsisches Internatsgymnasium Esens | NIGE","description":"Nieders\u00e4chsisches Internatsgymnasium Esens","publisher":{"@id":"https:\/\/wp2.nige.de\/wordpress\/#organization"},"potentialAction":[{"@type":"SearchAction","target":{"@type":"EntryPoint","urlTemplate":"https:\/\/wp2.nige.de\/wordpress\/?s={search_term_string}"},"query-input":{"@type":"PropertyValueSpecification","valueRequired":true,"valueName":"search_term_string"}}],"inLanguage":"de"},{"@type":"Organization","@id":"https:\/\/wp2.nige.de\/wordpress\/#organization","name":"Nieders\u00e4chsisches Internatsgymnasium Esens","url":"https:\/\/wp2.nige.de\/wordpress\/","logo":{"@type":"ImageObject","inLanguage":"de","@id":"https:\/\/wp2.nige.de\/wordpress\/#\/schema\/logo\/image\/","url":"https:\/\/wp2.nige.de\/wordpress\/wp-content\/uploads\/2018\/08\/logo_nige.jpg","contentUrl":"https:\/\/wp2.nige.de\/wordpress\/wp-content\/uploads\/2018\/08\/logo_nige.jpg","width":1984,"height":1239,"caption":"Nieders\u00e4chsisches Internatsgymnasium Esens"},"image":{"@id":"https:\/\/wp2.nige.de\/wordpress\/#\/schema\/logo\/image\/"},"sameAs":["https:\/\/www.facebook.com\/NIGEsens\/"]}]}},"_links":{"self":[{"href":"https:\/\/wp2.nige.de\/wordpress\/wp-json\/wp\/v2\/pages\/101","targetHints":{"allow":["GET"]}}],"collection":[{"href":"https:\/\/wp2.nige.de\/wordpress\/wp-json\/wp\/v2\/pages"}],"about":[{"href":"https:\/\/wp2.nige.de\/wordpress\/wp-json\/wp\/v2\/types\/page"}],"author":[{"embeddable":true,"href":"https:\/\/wp2.nige.de\/wordpress\/wp-json\/wp\/v2\/users\/28"}],"replies":[{"embeddable":true,"href":"https:\/\/wp2.nige.de\/wordpress\/wp-json\/wp\/v2\/comments?post=101"}],"version-history":[{"count":13,"href":"https:\/\/wp2.nige.de\/wordpress\/wp-json\/wp\/v2\/pages\/101\/revisions"}],"predecessor-version":[{"id":11093,"href":"https:\/\/wp2.nige.de\/wordpress\/wp-json\/wp\/v2\/pages\/101\/revisions\/11093"}],"up":[{"embeddable":true,"href":"https:\/\/wp2.nige.de\/wordpress\/wp-json\/wp\/v2\/pages\/2"}],"wp:attachment":[{"href":"https:\/\/wp2.nige.de\/wordpress\/wp-json\/wp\/v2\/media?parent=101"}],"curies":[{"name":"wp","href":"https:\/\/api.w.org\/{rel}","templated":true}]}}